{"id":107946,"date":"2018-02-10T14:55:28","date_gmt":"2018-02-10T13:55:28","guid":{"rendered":"https:\/\/dutchhealthstore.com\/product\/moccasin-flower-lip-shimmer\/"},"modified":"2025-11-22T09:52:55","modified_gmt":"2025-11-22T08:52:55","slug":"moccasin-flower-lip-shimmer","status":"publish","type":"product","link":"https:\/\/dutchhealthstore.com\/de\/product\/moccasin-flower-lip-shimmer\/","title":{"rendered":"Moccasin Flower Shimmer"},"content":{"rendered":"<p><img decoding=\"async\" class=\"size-full wp-image-69549 alignright\" src=\"https:\/\/dutchhealthstore.com\/wp-content\/uploads\/2019\/08\/NEW-Living-Libations-Logo.jpg\" alt=\"NEW - Living Libations - Logo\" width=\"175\" height=\"82\">Bewahren Sie sich die Freude am Sommer mit einer Mischung aus Pflanzen und Mineralien, die das Beste aus dem sonnigen Sommer und dem feurigen Herbst in einem herrlich schillernden Gebr\u00e4u vereinen. Lassen Sie Ihre Lippen unter dem bernsteinfarbenen Bronzeschimmer des Moccasin Flower Lip Shimmer schimmern.<\/p>\n<p>Die Wissenschaft hinter dem Schimmer: Der Moccasin Flower Lip Shimmer ist mehr als nur ein Lippenbalsam und besteht aus kristallisiertem Glimmer, dem nat\u00fcrlichen Edelstein, der das Licht reflektiert. Dieser schimmernde Balsam schmiegt sich an die Haut an und reflektiert das Umgebungslicht rundherum.<\/p>\n<h3>Instruktion<\/h3>\n<p>Tragen Sie ihn auf die Lippen auf, tupfen Sie ihn auf Wangenknochen, Schultern, Augenbrauen und \u00fcberall dort, wo Sie einen sommerlichen Schimmer w\u00fcnschen. Perfekt \u00fcber Lovers Lips und Balms und in Kombination mit unseren anderen Lip Shimmers.<\/p>\n<p><strong>Gr\u00f6\u00dfe: 6 ml<\/strong><\/p>\n<h3 class=\"yikes-custom-woo-tab-title yikes-custom-woo-tab-title-natural-organic-ingredients\">Nat\u00fcrliche\/Organische Inhaltsstoffe<\/h3>\n<p><strong>Jojoba<\/strong> <em>(Simmondsia chinensis)<\/em> &#8211; Jojoba durchtr\u00e4nkt Lippen und Wangen mit allen l\u00f6slichen Formen von N\u00e4hrstoffen und Vitamin E. Dieser nat\u00fcrlich vorkommende Feuchtigkeitsspender harmoniert mit Ihrer Haut, da er dem Talg unserer Haut am n\u00e4chsten kommt.<\/p>\n<p><strong>Bienenwachs<\/strong> <em>(Cera alba)<\/em> &#8211; Bienen schwirren mit einem sch\u00fctzenden, por\u00f6sen Wachs herum, das Feuchtigkeit einschlie\u00dft und Giftstoffe fernh\u00e4lt. Bienenwachs bildet eine glatte, unsichtbare Schicht auf den Lippen und sch\u00fctzt sie vor sch\u00e4dlichen Umwelteinfl\u00fcssen mit N\u00e4hrstoffen.<\/p>\n<p><strong>Sanddorn<\/strong> <em>(Hippophae rhamnoides)<\/em> &#8211; Die Sanddornbeere wirkt verj\u00fcngend, feuchtigkeitsspendend und regenerierend. Es ist einer der begehrtesten Inhaltsstoffe in der nat\u00fcrlichen Hautpflege, da es die Elastizit\u00e4t der Haut erh\u00f6ht und trockene Haut aufpolstert.<\/p>\n<p><strong>Die Zistrose<\/strong> <em>(Cistus landaniferus)<\/em> &#8211; Auffrischung Die Zistrose ist weder ein Stein noch eine Rose, sondern eine mediterrane Wildblume, die Wildrosen \u00e4hnelt. Die Affinit\u00e4t der Zistrose f\u00fcr die Hautpflege wurde schon von den alten \u00c4gyptern erkannt, die sie in Sch\u00f6nheitscremes mischten. Aufgrund seiner tonisierenden und verj\u00fcngenden Wirkung war er ein wichtiger Bestandteil ihrer Salben und Salben f\u00fcr unausgeglichene Haut. Trockene, fahle und m\u00fcde Haut wird die tonisierenden und feuchtigkeitsspendenden Eigenschaften des \u00d6ls zu sch\u00e4tzen wissen.<\/p>\n<p><strong>Ylang<\/strong> <em>(Cananga odorata)<\/em> &#8211; Euphoric Ylang ist eine amour\u00f6se Essenz, deren Name \u00fcbersetzt &#8222;Blume der Blumen&#8220; bedeutet. W\u00e4hrend andere schlafen, verstr\u00f6men diese bezaubernden Bl\u00fcten ihren exotischen Duft in einer tropischen Brise. Das s\u00fc\u00dfe und schw\u00fcle Ylang inspiriert die Sinne, indem es Negativit\u00e4t mit seinen duftenden Bl\u00fctenbl\u00e4ttern der Positivit\u00e4t vertreibt.<\/p>\n<p><strong>Vetiver<\/strong> <em>(Vetiveria zizanioides)<\/em> &#8211; Vivacious Vetiver\u00f6l ist eine erdige, erdende Essenz, die aus tropischem Gras destilliert wird. Beruhigend und feuchtigkeitsspendend f\u00fcr die Haut, verleiht Vetiver der Haut ein pralles, jugendliches Aussehen und bietet ein reiches, wurzeliges Aroma.<\/p>\n<p><strong>Glimmer<\/strong><em> (Phyllosilikat-Mineralien)<\/em> &#8211; Glimmer ist ein nat\u00fcrlich vorkommendes Silikat-Mineral, das unseren funkelnden Libations einen echten Sommerschimmer verleiht! Der Glimmer glitzert und schimmert und reflektiert auf nat\u00fcrliche Weise das Licht auf Ihren strahlenden Lippen. Glimmer wird aus Schichten von zerkleinerten Edelsteinen hergestellt, die reich an schillernden Farben sind. Wie ein durchsichtiger, funkelnder Diamant l\u00e4sst Glimmer jeden Zentimeter Ihrer Haut im Licht schimmern. *Glimmer wird nicht aus lebender Materie gewonnen und ist daher eine anorganische Verbindung, die nicht in den Geltungsbereich der \u00f6kologischen Zertifizierung f\u00e4llt.<\/p>\n<p><strong>Jasmin<\/strong><em> (Jasminum sambac)<\/em> &#8211; Juicy Jasmine wird in Indien aus den duftenden Tiefen der nachtbl\u00fchenden Jasmine Sambac-Bl\u00fcten gewonnen. Im Gegensatz zum Jasmin Grandiflorum, der seine Bl\u00fctenbl\u00e4tter der Morgend\u00e4mmerung \u00f6ffnet, verbindet sich Jasmin Sambac mit dem Geheimnis des Mondes und der Sterne und f\u00e4ngt die duftende Essenz endloser warmer N\u00e4chte ein.<\/p>\n<p><strong>Blutorange<\/strong> <em>(Citrus sinensis)<\/em> &#8211; Das \u00e4therische \u00d6l der Blutorange ist eine reine Wohltat f\u00fcr K\u00f6rper und Geist! Unser Blood Orange Oil wird biologisch geerntet und aus den reifen Fr\u00fcchten der italienischen Citrus sinensis dampfdestilliert. Sonnig und s\u00fc\u00df hebt die Stimmung und den Geist mit einem L\u00e4cheln. Hautpflegeseren mit diesem sonnigen Leckerbissen k\u00f6nnen die wiedergewonnene Festigkeit und Elastizit\u00e4t sp\u00fcren.<\/p>\n<p><img fetchpriority=\"high\" decoding=\"async\" class=\"size-medium wp-image-68103 aligncenter\" src=\"https:\/\/dutchhealthstore.com\/wp-content\/uploads\/2018\/02\/Living-Libations-Organic-Logo-800x89.png\" alt=\"Living Libations - Organic Logo\" width=\"800\" height=\"89\" srcset=\"https:\/\/dutchhealthstore.com\/wp-content\/uploads\/2018\/02\/Living-Libations-Organic-Logo-800x89.png 800w, https:\/\/dutchhealthstore.com\/wp-content\/uploads\/2018\/02\/Living-Libations-Organic-Logo-510x57.png 510w, https:\/\/dutchhealthstore.com\/wp-content\/uploads\/2018\/02\/Living-Libations-Organic-Logo-768x85.png 768w, https:\/\/dutchhealthstore.com\/wp-content\/uploads\/2018\/02\/Living-Libations-Organic-Logo.png 1400w\" sizes=\"(max-width: 800px) 100vw, 800px\" \/><\/p>\n","protected":false},"excerpt":{"rendered":"<p>Wenn die schwindenden Strahlen der Sommersonne dem duftenden Herbst weichen, leuchtet Ihr ewiger Sommer weiter! Mit dem Living Libations <strong>Moccasin Flower Lip Shimmer<\/strong> zaubern Sie einen sonnengek\u00fcssten Schimmer auf Lippen, Wangen und Augenlider und unterstreichen damit die Freude an jeder Jahreszeit. Dieser leuchtende, hauchd\u00fcnne Glanz bringt eine aromatische, bernsteinfarbene Pflanzeninfusion \u00fcberall dorthin, wo man einen Hauch von Sommersonne braucht.<\/p>\n","protected":false},"featured_media":107714,"comment_status":"open","ping_status":"closed","template":"","meta":[],"product_brand":[],"product_cat":[14735,1154,5898,1958,1032,5980,4025,1493,1041,1210,511,6141],"product_tag":[6317,9604,21824,21698],"class_list":{"0":"post-107946","1":"product","2":"type-product","3":"status-publish","4":"has-post-thumbnail","6":"product_cat-hautpflege","7":"product_cat-eyes-de-2","8":"product_cat-eye-lip-care","9":"product_cat-gesicht","10":"product_cat-kategorien","11":"product_cat-lips-de-3","12":"product_cat-lippenpflege","13":"product_cat-living-libations-deutschland","14":"product_cat-make-up-de","15":"product_cat-marken","16":"product_cat-produkte","17":"product_cat-cheeks-de-2","18":"product_tag-glow-de","19":"product_tag-hydrating-de","20":"product_tag-lipgloss-de","21":"product_tag-lippenpflege","22":"pa_brand-livinglibations-de","23":"pa_gtin-7439657379345-de","24":"pa_make-up-productype-eyes-de","25":"pa_make-up-productype-lips-de","26":"pa_make-up-productype-cheeks-de","27":"pa_skincare-type-lips-eye-care-de","29":"first","30":"instock","31":"taxable","32":"shipping-taxable","33":"purchasable","34":"product-type-simple"},"bundled_by":[],"bundle_stock_status":"instock","bundle_stock_quantity":1,"bundle_virtual":false,"bundle_layout":"","bundle_add_to_cart_form_location":"","bundle_editable_in_cart":false,"bundle_sold_individually_context":"","bundle_item_grouping":"","bundle_min_size":"","bundle_max_size":"","bundle_price":[],"bundled_items":[],"bundle_sell_ids":[130151],"atum_controlled":true,"out_stock_date":null,"out_stock_threshold":null,"inheritable":false,"stock_on_hold":0,"sold_today":0,"sales_last_days":0,"out_stock_days":0,"lost_sales":0,"update_date":"2026-04-09T07:29:24","atum_locations":[],"atum_stock_status":"instock","restock_status":false,"low_stock_amount":"","sales_update_date":"2026-04-09T07:29:24","calc_backorders":null,"group_of_quantity":0,"min_quantity":0,"max_quantity":"","exclude_order_quantity_value_rules":"no","exclude_category_quantity_rules":"no","combine_variations":"no","yoast_head":"<!-- This site is optimized with the Yoast SEO Premium plugin v26.5 (Yoast SEO v26.5) - https:\/\/yoast.com\/wordpress\/plugins\/seo\/ -->\n<title>Moccasin Flower Lip Shimmer | Living Libations<\/title>\n<meta name=\"description\" content=\"Dieser leuchtende, hauchd\u00fcnne Glanz bringt eine aromatische, bernsteinfarbene Pflanzeninfusion \u00fcberall dorthin, wo man einen Hauch von Sommersonne braucht.\" \/>\n<meta name=\"robots\" content=\"index, follow, max-snippet:-1, max-image-preview:large, max-video-preview:-1\" \/>\n<link rel=\"canonical\" href=\"https:\/\/dutchhealthstore.com\/de\/product\/moccasin-flower-lip-shimmer\/\" \/>\n<meta property=\"og:locale\" content=\"de_DE\" \/>\n<meta property=\"og:type\" content=\"article\" \/>\n<meta property=\"og:title\" content=\"Moccasin Flower Shimmer - Dutch Health Store\" \/>\n<meta property=\"og:description\" content=\"Dieser leuchtende, hauchd\u00fcnne Glanz bringt eine aromatische, bernsteinfarbene Pflanzeninfusion \u00fcberall dorthin, wo man einen Hauch von Sommersonne braucht.\" \/>\n<meta property=\"og:url\" content=\"https:\/\/dutchhealthstore.com\/de\/product\/moccasin-flower-lip-shimmer\/\" \/>\n<meta property=\"og:site_name\" content=\"Dutch Health Store\" \/>\n<meta property=\"article:publisher\" content=\"https:\/\/www.instagram.com\/dutchhealthstore\/\" \/>\n<meta property=\"article:modified_time\" content=\"2025-11-22T08:52:55+00:00\" \/>\n<meta property=\"og:image\" content=\"https:\/\/dutchhealthstore.com\/wp-content\/uploads\/2018\/02\/Living-Libations-Moccasin-Flower-Shimmer-e1592479605715.jpg\" \/>\n\t<meta property=\"og:image:width\" content=\"500\" \/>\n\t<meta property=\"og:image:height\" content=\"500\" \/>\n\t<meta property=\"og:image:type\" content=\"image\/jpeg\" \/>\n<meta name=\"twitter:card\" content=\"summary_large_image\" \/>\n<meta name=\"twitter:label1\" content=\"Preis\" \/>\n\t<meta name=\"twitter:data1\" content=\"&euro;33,00\" \/>\n\t<meta name=\"twitter:label2\" content=\"Verf\u00fcgbarkeit\" \/>\n\t<meta name=\"twitter:data2\" content=\"Auf Lager\" \/>\n<script type=\"application\/ld+json\" class=\"yoast-schema-graph\">{\"@context\":\"https:\/\/schema.org\",\"@graph\":[{\"@type\":\"WebPage\",\"@id\":\"https:\/\/dutchhealthstore.com\/de\/product\/moccasin-flower-lip-shimmer\/\",\"url\":\"https:\/\/dutchhealthstore.com\/de\/product\/moccasin-flower-lip-shimmer\/\",\"name\":\"Moccasin Flower Lip Shimmer | Living Libations\",\"isPartOf\":{\"@id\":\"https:\/\/dutchhealthstore.com\/de\/#website\"},\"primaryImageOfPage\":{\"@id\":\"https:\/\/dutchhealthstore.com\/de\/product\/moccasin-flower-lip-shimmer\/#primaryimage\"},\"image\":{\"@id\":\"https:\/\/dutchhealthstore.com\/de\/product\/moccasin-flower-lip-shimmer\/#primaryimage\"},\"thumbnailUrl\":\"https:\/\/dutchhealthstore.com\/wp-content\/uploads\/2018\/02\/Living-Libations-Moccasin-Flower-Shimmer-e1592479605715.jpg\",\"datePublished\":\"2018-02-10T13:55:28+00:00\",\"dateModified\":\"2025-11-22T08:52:55+00:00\",\"description\":\"Dieser leuchtende, hauchd\u00fcnne Glanz bringt eine aromatische, bernsteinfarbene Pflanzeninfusion \u00fcberall dorthin, wo man einen Hauch von Sommersonne braucht.\",\"breadcrumb\":{\"@id\":\"https:\/\/dutchhealthstore.com\/de\/product\/moccasin-flower-lip-shimmer\/#breadcrumb\"},\"inLanguage\":\"de\",\"potentialAction\":[{\"@type\":\"ReadAction\",\"target\":[\"https:\/\/dutchhealthstore.com\/de\/product\/moccasin-flower-lip-shimmer\/\"]}]},{\"@type\":\"ImageObject\",\"inLanguage\":\"de\",\"@id\":\"https:\/\/dutchhealthstore.com\/de\/product\/moccasin-flower-lip-shimmer\/#primaryimage\",\"url\":\"https:\/\/dutchhealthstore.com\/wp-content\/uploads\/2018\/02\/Living-Libations-Moccasin-Flower-Shimmer-e1592479605715.jpg\",\"contentUrl\":\"https:\/\/dutchhealthstore.com\/wp-content\/uploads\/2018\/02\/Living-Libations-Moccasin-Flower-Shimmer-e1592479605715.jpg\",\"width\":500,\"height\":500,\"caption\":\"Living Libations - Moccasin Flower Shimmer\"},{\"@type\":\"BreadcrumbList\",\"@id\":\"https:\/\/dutchhealthstore.com\/de\/product\/moccasin-flower-lip-shimmer\/#breadcrumb\",\"itemListElement\":[{\"@type\":\"ListItem\",\"position\":1,\"name\":\"Home\",\"item\":\"https:\/\/dutchhealthstore.com\/de\/\"},{\"@type\":\"ListItem\",\"position\":2,\"name\":\"Shop\",\"item\":\"https:\/\/dutchhealthstore.com\/de\/shop-2\/\"},{\"@type\":\"ListItem\",\"position\":3,\"name\":\"Moccasin Flower Shimmer\"}]},{\"@type\":\"WebSite\",\"@id\":\"https:\/\/dutchhealthstore.com\/de\/#website\",\"url\":\"https:\/\/dutchhealthstore.com\/de\/\",\"name\":\"Dutch Health Store\",\"description\":\"Enhance Your Beauty with Organic &amp; Natural Skincare\",\"publisher\":{\"@id\":\"https:\/\/dutchhealthstore.com\/de\/#organization\"},\"potentialAction\":[{\"@type\":\"SearchAction\",\"target\":{\"@type\":\"EntryPoint\",\"urlTemplate\":\"https:\/\/dutchhealthstore.com\/de\/?s={search_term_string}\"},\"query-input\":{\"@type\":\"PropertyValueSpecification\",\"valueRequired\":true,\"valueName\":\"search_term_string\"}}],\"inLanguage\":\"de\"},{\"@type\":\"Organization\",\"@id\":\"https:\/\/dutchhealthstore.com\/de\/#organization\",\"name\":\"Dutch Health Store\",\"url\":\"https:\/\/dutchhealthstore.com\/de\/\",\"logo\":{\"@type\":\"ImageObject\",\"inLanguage\":\"de\",\"@id\":\"https:\/\/dutchhealthstore.com\/de\/#\/schema\/logo\/image\/\",\"url\":\"https:\/\/dutchhealthstore.com\/wp-content\/uploads\/2020\/08\/logo-dutchhealthstore-jpg-e1599484957574.jpg\",\"contentUrl\":\"https:\/\/dutchhealthstore.com\/wp-content\/uploads\/2020\/08\/logo-dutchhealthstore-jpg-e1599484957574.jpg\",\"width\":400,\"height\":62,\"caption\":\"Dutch Health Store\"},\"image\":{\"@id\":\"https:\/\/dutchhealthstore.com\/de\/#\/schema\/logo\/image\/\"},\"sameAs\":[\"https:\/\/www.instagram.com\/dutchhealthstore\/\",\"https:\/\/www.facebook.com\/dutchhealthstore\"]}]}<\/script>\n<meta property=\"product:brand\" content=\"Living Libations\" \/>\n<meta property=\"product:price:amount\" content=\"33.00\" \/>\n<meta property=\"product:price:currency\" content=\"EUR\" \/>\n<meta property=\"og:availability\" content=\"instock\" \/>\n<meta property=\"product:availability\" content=\"instock\" \/>\n<meta property=\"product:condition\" content=\"new\" \/>\n<!-- \/ Yoast SEO Premium plugin. -->","yoast_head_json":{"title":"Moccasin Flower Lip Shimmer | Living Libations","description":"Dieser leuchtende, hauchd\u00fcnne Glanz bringt eine aromatische, bernsteinfarbene Pflanzeninfusion \u00fcberall dorthin, wo man einen Hauch von Sommersonne braucht.","robots":{"index":"index","follow":"follow","max-snippet":"max-snippet:-1","max-image-preview":"max-image-preview:large","max-video-preview":"max-video-preview:-1"},"canonical":"https:\/\/dutchhealthstore.com\/de\/product\/moccasin-flower-lip-shimmer\/","og_locale":"de_DE","og_type":"article","og_title":"Moccasin Flower Shimmer - Dutch Health Store","og_description":"Dieser leuchtende, hauchd\u00fcnne Glanz bringt eine aromatische, bernsteinfarbene Pflanzeninfusion \u00fcberall dorthin, wo man einen Hauch von Sommersonne braucht.","og_url":"https:\/\/dutchhealthstore.com\/de\/product\/moccasin-flower-lip-shimmer\/","og_site_name":"Dutch Health Store","article_publisher":"https:\/\/www.instagram.com\/dutchhealthstore\/","article_modified_time":"2025-11-22T08:52:55+00:00","og_image":[{"width":500,"height":500,"url":"https:\/\/dutchhealthstore.com\/wp-content\/uploads\/2018\/02\/Living-Libations-Moccasin-Flower-Shimmer-e1592479605715.jpg","type":"image\/jpeg"}],"twitter_card":"summary_large_image","twitter_misc":{"Preis":"&euro;33,00","Verf\u00fcgbarkeit":"Auf Lager"},"schema":{"@context":"https:\/\/schema.org","@graph":[{"@type":"WebPage","@id":"https:\/\/dutchhealthstore.com\/de\/product\/moccasin-flower-lip-shimmer\/","url":"https:\/\/dutchhealthstore.com\/de\/product\/moccasin-flower-lip-shimmer\/","name":"Moccasin Flower Lip Shimmer | Living Libations","isPartOf":{"@id":"https:\/\/dutchhealthstore.com\/de\/#website"},"primaryImageOfPage":{"@id":"https:\/\/dutchhealthstore.com\/de\/product\/moccasin-flower-lip-shimmer\/#primaryimage"},"image":{"@id":"https:\/\/dutchhealthstore.com\/de\/product\/moccasin-flower-lip-shimmer\/#primaryimage"},"thumbnailUrl":"https:\/\/dutchhealthstore.com\/wp-content\/uploads\/2018\/02\/Living-Libations-Moccasin-Flower-Shimmer-e1592479605715.jpg","datePublished":"2018-02-10T13:55:28+00:00","dateModified":"2025-11-22T08:52:55+00:00","description":"Dieser leuchtende, hauchd\u00fcnne Glanz bringt eine aromatische, bernsteinfarbene Pflanzeninfusion \u00fcberall dorthin, wo man einen Hauch von Sommersonne braucht.","breadcrumb":{"@id":"https:\/\/dutchhealthstore.com\/de\/product\/moccasin-flower-lip-shimmer\/#breadcrumb"},"inLanguage":"de","potentialAction":[{"@type":"ReadAction","target":["https:\/\/dutchhealthstore.com\/de\/product\/moccasin-flower-lip-shimmer\/"]}]},{"@type":"ImageObject","inLanguage":"de","@id":"https:\/\/dutchhealthstore.com\/de\/product\/moccasin-flower-lip-shimmer\/#primaryimage","url":"https:\/\/dutchhealthstore.com\/wp-content\/uploads\/2018\/02\/Living-Libations-Moccasin-Flower-Shimmer-e1592479605715.jpg","contentUrl":"https:\/\/dutchhealthstore.com\/wp-content\/uploads\/2018\/02\/Living-Libations-Moccasin-Flower-Shimmer-e1592479605715.jpg","width":500,"height":500,"caption":"Living Libations - Moccasin Flower Shimmer"},{"@type":"BreadcrumbList","@id":"https:\/\/dutchhealthstore.com\/de\/product\/moccasin-flower-lip-shimmer\/#breadcrumb","itemListElement":[{"@type":"ListItem","position":1,"name":"Home","item":"https:\/\/dutchhealthstore.com\/de\/"},{"@type":"ListItem","position":2,"name":"Shop","item":"https:\/\/dutchhealthstore.com\/de\/shop-2\/"},{"@type":"ListItem","position":3,"name":"Moccasin Flower Shimmer"}]},{"@type":"WebSite","@id":"https:\/\/dutchhealthstore.com\/de\/#website","url":"https:\/\/dutchhealthstore.com\/de\/","name":"Dutch Health Store","description":"Enhance Your Beauty with Organic &amp; Natural Skincare","publisher":{"@id":"https:\/\/dutchhealthstore.com\/de\/#organization"},"potentialAction":[{"@type":"SearchAction","target":{"@type":"EntryPoint","urlTemplate":"https:\/\/dutchhealthstore.com\/de\/?s={search_term_string}"},"query-input":{"@type":"PropertyValueSpecification","valueRequired":true,"valueName":"search_term_string"}}],"inLanguage":"de"},{"@type":"Organization","@id":"https:\/\/dutchhealthstore.com\/de\/#organization","name":"Dutch Health Store","url":"https:\/\/dutchhealthstore.com\/de\/","logo":{"@type":"ImageObject","inLanguage":"de","@id":"https:\/\/dutchhealthstore.com\/de\/#\/schema\/logo\/image\/","url":"https:\/\/dutchhealthstore.com\/wp-content\/uploads\/2020\/08\/logo-dutchhealthstore-jpg-e1599484957574.jpg","contentUrl":"https:\/\/dutchhealthstore.com\/wp-content\/uploads\/2020\/08\/logo-dutchhealthstore-jpg-e1599484957574.jpg","width":400,"height":62,"caption":"Dutch Health Store"},"image":{"@id":"https:\/\/dutchhealthstore.com\/de\/#\/schema\/logo\/image\/"},"sameAs":["https:\/\/www.instagram.com\/dutchhealthstore\/","https:\/\/www.facebook.com\/dutchhealthstore"]}]},"product_brand":"Living Libations","product_price_amount":"33.00","product_price_currency":"EUR","og_availability":"instock","product_availability":"instock","product_condition":"new"},"_links":{"self":[{"href":"https:\/\/dutchhealthstore.com\/de\/wp-json\/wp\/v2\/product\/107946","targetHints":{"allow":["GET"]}}],"collection":[{"href":"https:\/\/dutchhealthstore.com\/de\/wp-json\/wp\/v2\/product"}],"about":[{"href":"https:\/\/dutchhealthstore.com\/de\/wp-json\/wp\/v2\/types\/product"}],"replies":[{"embeddable":true,"href":"https:\/\/dutchhealthstore.com\/de\/wp-json\/wp\/v2\/comments?post=107946"}],"wp:featuredmedia":[{"embeddable":true,"href":"https:\/\/dutchhealthstore.com\/de\/wp-json\/wp\/v2\/media\/107714"}],"wp:attachment":[{"href":"https:\/\/dutchhealthstore.com\/de\/wp-json\/wp\/v2\/media?parent=107946"}],"wp:term":[{"taxonomy":"product_brand","embeddable":true,"href":"https:\/\/dutchhealthstore.com\/de\/wp-json\/wp\/v2\/product_brand?post=107946"},{"taxonomy":"product_cat","embeddable":true,"href":"https:\/\/dutchhealthstore.com\/de\/wp-json\/wp\/v2\/product_cat?post=107946"},{"taxonomy":"product_tag","embeddable":true,"href":"https:\/\/dutchhealthstore.com\/de\/wp-json\/wp\/v2\/product_tag?post=107946"}],"curies":[{"name":"wp","href":"https:\/\/api.w.org\/{rel}","templated":true}]}}