{"id":107912,"date":"2018-02-10T13:57:38","date_gmt":"2018-02-10T12:57:38","guid":{"rendered":"https:\/\/dutchhealthstore.com\/product\/mint-condition-lip-fix\/"},"modified":"2025-09-26T13:12:29","modified_gmt":"2025-09-26T11:12:29","slug":"mint-condition-lip-fix","status":"publish","type":"product","link":"https:\/\/dutchhealthstore.com\/de\/product\/mint-condition-lip-fix\/","title":{"rendered":"Mint Condition Lip Fix\u2122"},"content":{"rendered":"<p><b><strong><img decoding=\"async\" class=\"alignright size-full wp-image-37041\" src=\"https:\/\/dutchhealthstore.com\/wp-content\/uploads\/2018\/04\/Living_Libations-1.png\" alt=\"Organic &amp; Natural Beautyproducts - Living Libations\" width=\"175\" height=\"82\">Mint<\/strong><\/b><b><strong>Condition<\/strong><\/b><b><strong>Lip<\/strong><\/b><b><strong>Fix<\/strong><\/b> pflegt Ihre Lippen blitzschnell wieder in einen tadellosen Zustand. Ein botanisches Bouquet aus gesundem Jojoba, \u00fcppigen Essenzen und dem wundersamen Wachs der Bienen h\u00e4lt trockene, rissige Lippen mit diesem Minz-Mantra in Schach.<\/p>\n<h3>Use<\/h3>\n<p>Tragen Sie diesen Balsam auf die Lippen auf, um sie den ganzen Tag \u00fcber ruhig zu halten. Es kann auch als Balsam f\u00fcr die zarte Haut unter den Augen und auf den Wangenknochen verwendet werden. Perfekt unter Shimmer Lover Lips.<\/p>\n<p><strong>Gr\u00f6\u00dfe: 5 ml<\/strong><\/p>\n<h3 class=\"yikes-custom-woo-tab-title yikes-custom-woo-tab-title-natural-organic-ingredients\">Nat\u00fcrliche\/Organische Inhaltsstoffe<\/h3>\n<p><b><strong>Jojoba <\/strong><\/b>(<i><em>Simmondsia chinensis<\/em><\/i>)<b><strong> <\/strong><\/b>&#8211; Das herrliche, goldene Jojoba n\u00e4hrt und pflegt durstige Haut. Jojoba hat die unvergleichliche F\u00e4higkeit, die Haut mit Feuchtigkeit zu versorgen, die \u00d6lproduktion auszugleichen, die Poren gr\u00fcndlich zu reinigen und eine lang anhaltende Pflegewirkung zu erzielen, die die Haut so weich wie perfekte Seide macht. Es ist vollgepackt mit Peptiden und Lipiden und enth\u00e4lt den h\u00f6chsten Gehalt an phenolischen Verbindungen, die in der Natur vorkommen, sowie Vitamine und alle l\u00f6slichen Formen von Vitamin E!<\/p>\n<p><b><strong>Gl\u00fcckliches Bienenwachs <\/strong><\/b>(<i><em>Cera alba<\/em><\/i>) &#8211; Bienenwachs wird f\u00fcr seine F\u00e4higkeit geliebt, das empfindliche Lippengewebe in einer por\u00f6sen Schicht zu sch\u00fctzen, die Feuchtigkeit einschlie\u00dft und Giftstoffe fernh\u00e4lt.<\/p>\n<p><b><strong>Pfefferminz <\/strong><\/b>(<i><em>Mentha peperita<\/em><\/i>) &#8211;<b><strong> <\/strong><\/b>Pfefferminz f\u00fchlt sich gut an wie Eis! Die belebende Pfefferminze verleiht trockenen, rissigen und spr\u00f6den Lippen einen Hauch von minziger Frische und wohltuender K\u00fchle. Unser spritziges Pfefferminz\u00f6l wird aus frischen Bl\u00e4ttern destilliert, und ein Tropfen ist ein saftiger Weckruf f\u00fcr Haut und Seele.<\/p>\n<p><b><strong>Krauseminze <\/strong><\/b>(<i><em>Mentha spicata<\/em><\/i>) &#8211; Die spritzige Krauseminze ist die sanftere, zur\u00fcckhaltendere Cousine der Pfefferminze. Frische, duftende Minze bes\u00e4nftigt die Sinne mit einem Hauch von minziger Pracht! Die alten Griechen benutzten die Minze, um ihr Badewasser zu parf\u00fcmieren, w\u00e4hrend die Menschen im Mittelalter das Kraut verwendeten, um ihren Atem zu erfrischen und die Z\u00e4hne zu reinigen.<\/p>\n<p><b><strong>Blaufl\u00fcgeliger Rainfarn<\/strong><\/b> (<i><em>Tanacetum annum<\/em><\/i>) &#8211; Tansy ist reich an blauem Azulen und Sesquiterpenen, die rissige Lippen beruhigen und k\u00fchlen. Es hat ein k\u00f6stlich s\u00fc\u00dfes, krautiges Aroma und f\u00f6rdert die Entspannung, w\u00e4hrend es trockene, ger\u00f6tete oder der Witterung ausgesetzte Haut beruhigt.<\/p>\n<p><b><strong>Weihrauch <\/strong><\/b>(<i><em>Boswellia carterii<\/em><\/i>) &#8211; Der heilige Weihrauch ist das Pi\u00e8ce de r\u00e9sistance der Hautpflege! Sie mildert R\u00f6tungen, strafft die Lippen und versorgt die Haut mit reichlich Feuchtigkeit. Es eignet sich auch hervorragend, um das Erscheinungsbild von Narben und Altersflecken zu mildern.<\/p>\n<p><b><strong>Grapefruit <\/strong><\/b>(<i><em>Citrus paradisi<\/em><\/i>)<b><strong> <\/strong><\/b>&#8211; Die tonisierende, straffende Grapefruit erfrischt die Haut und die Lippen.<\/p>\n<p><b><strong>S\u00fc\u00dfer Thymian <\/strong><\/b>(<i><em>Thymian vulgaris Linalool<\/em><\/i>)<b><strong>  <\/strong><\/b>&#8211; Thymian Linalool ist ebenso stark wie sanft! Es enth\u00e4lt alle st\u00e4rkenden und tonisierenden Eigenschaften der anderen Thymian\u00f6le, ohne die Poren zu reizen, und reinigt sie. Thymian Linalool ist ein gesch\u00e4tzter Inhaltsstoff in unseren sanften Hautpflegeseren.<\/p>\n<p><b><strong>Kardamom <\/strong><\/b>(<i><em>Elettaria cardamomum<\/em><\/i>)<b><strong>  <\/strong><\/b>&#8211; Charismatischer Kardamom erfrischt den Atem und strafft die Haut.<\/p>\n<p><img fetchpriority=\"high\" decoding=\"async\" class=\"aligncenter size-full wp-image-31577\" src=\"https:\/\/dutchhealthstore.com\/wp-content\/uploads\/2018\/03\/organic_big.png\" alt=\"Organic and Natural - Living Libations\" width=\"623\" height=\"103\" srcset=\"https:\/\/dutchhealthstore.com\/wp-content\/uploads\/2018\/03\/organic_big.png 623w, https:\/\/dutchhealthstore.com\/wp-content\/uploads\/2018\/03\/organic_big-510x84.png 510w, https:\/\/dutchhealthstore.com\/wp-content\/uploads\/2018\/03\/organic_big-600x99.png 600w, https:\/\/dutchhealthstore.com\/wp-content\/uploads\/2018\/03\/organic_big-350x58.png 350w\" sizes=\"(max-width: 623px) 100vw, 623px\" \/><\/p>\n","protected":false},"excerpt":{"rendered":"<p>Brauchen Ihre rissigen Lippen eine k\u00fchle, schnelle L\u00f6sung?<br \/>\nLiving Libations <strong>Mint<\/strong><strong> Condition <\/strong><strong>Lip<\/strong><strong> Fix<\/strong> bringt k\u00fchle, prickelnde Sch\u00f6nheit auf Ihre Lippen.<\/p>\n","protected":false},"featured_media":50846,"comment_status":"open","ping_status":"closed","template":"","meta":[],"product_brand":[],"product_cat":[14735,5898,1958,1032,5980,4025,5901,1493,1041,1210,511],"product_tag":[9604,21698,21699,9717],"class_list":{"0":"post-107912","1":"product","2":"type-product","3":"status-publish","4":"has-post-thumbnail","6":"product_cat-hautpflege","7":"product_cat-eye-lip-care","8":"product_cat-gesicht","9":"product_cat-kategorien","10":"product_cat-lips-de-3","11":"product_cat-lippenpflege","12":"product_cat-lip-care-de-3","13":"product_cat-living-libations-deutschland","14":"product_cat-make-up-de","15":"product_cat-marken","16":"product_cat-produkte","17":"product_tag-hydrating-de","18":"product_tag-lippenpflege","19":"product_tag-lippenpflegebalsam","20":"product_tag-soothing-de","21":"pa_brand-livinglibations-de","22":"pa_make-up-productype-lips-de","23":"pa_size-5-ml-de","24":"pa_skincare-type-lips-eye-care-de","26":"first","27":"instock","28":"taxable","29":"shipping-taxable","30":"purchasable","31":"product-type-simple"},"bundled_by":[],"bundle_stock_status":"instock","bundle_stock_quantity":9,"bundle_virtual":false,"bundle_layout":"","bundle_add_to_cart_form_location":"","bundle_editable_in_cart":false,"bundle_sold_individually_context":"","bundle_item_grouping":"","bundle_min_size":"","bundle_max_size":"","bundle_price":[],"bundled_items":[],"bundle_sell_ids":[108298],"atum_controlled":true,"out_stock_date":null,"out_stock_threshold":null,"inheritable":false,"stock_on_hold":9,"sold_today":1,"sales_last_days":1,"out_stock_days":0,"lost_sales":0,"update_date":"2026-04-06T14:47:25","atum_locations":[],"atum_stock_status":"instock","restock_status":false,"low_stock_amount":0,"sales_update_date":"2026-04-06T14:47:25","calc_backorders":null,"group_of_quantity":0,"min_quantity":0,"max_quantity":"","exclude_order_quantity_value_rules":"no","exclude_category_quantity_rules":"no","combine_variations":"no","yoast_head":"<!-- This site is optimized with the Yoast SEO Premium plugin v26.5 (Yoast SEO v26.5) - https:\/\/yoast.com\/wordpress\/plugins\/seo\/ -->\n<title>Mint Condition Lip Fix\u2122 | Living Libations<\/title>\n<meta name=\"description\" content=\"Brauchen Ihre rissigen Lippen eine schnelle L\u00f6sung? Mint Condition Lip Fix bringt k\u00fchle, prickelnde Sch\u00f6nheit auf Ihre Lippen.\" \/>\n<meta name=\"robots\" content=\"index, follow, max-snippet:-1, max-image-preview:large, max-video-preview:-1\" \/>\n<link rel=\"canonical\" href=\"https:\/\/dutchhealthstore.com\/de\/product\/mint-condition-lip-fix\/\" \/>\n<meta property=\"og:locale\" content=\"de_DE\" \/>\n<meta property=\"og:type\" content=\"article\" \/>\n<meta property=\"og:title\" content=\"Mint Condition Lip Fix\u2122 - Dutch Health Store\" \/>\n<meta property=\"og:description\" content=\"Brauchen Ihre rissigen Lippen eine schnelle L\u00f6sung? Mint Condition Lip Fix bringt k\u00fchle, prickelnde Sch\u00f6nheit auf Ihre Lippen.\" \/>\n<meta property=\"og:url\" content=\"https:\/\/dutchhealthstore.com\/de\/product\/mint-condition-lip-fix\/\" \/>\n<meta property=\"og:site_name\" content=\"Dutch Health Store\" \/>\n<meta property=\"article:publisher\" content=\"https:\/\/www.instagram.com\/dutchhealthstore\/\" \/>\n<meta property=\"article:modified_time\" content=\"2025-09-26T11:12:29+00:00\" \/>\n<meta property=\"og:image\" content=\"https:\/\/dutchhealthstore.com\/wp-content\/uploads\/2018\/02\/Living-Libations-Mint-Condition-Lip-Fix.jpeg\" \/>\n\t<meta property=\"og:image:width\" content=\"555\" \/>\n\t<meta property=\"og:image:height\" content=\"554\" \/>\n\t<meta property=\"og:image:type\" content=\"image\/jpeg\" \/>\n<meta name=\"twitter:card\" content=\"summary_large_image\" \/>\n<meta name=\"twitter:label1\" content=\"Preis\" \/>\n\t<meta name=\"twitter:data1\" content=\"&euro;16,00\" \/>\n\t<meta name=\"twitter:label2\" content=\"Verf\u00fcgbarkeit\" \/>\n\t<meta name=\"twitter:data2\" content=\"Auf Lager\" \/>\n<script type=\"application\/ld+json\" class=\"yoast-schema-graph\">{\"@context\":\"https:\/\/schema.org\",\"@graph\":[{\"@type\":\"WebPage\",\"@id\":\"https:\/\/dutchhealthstore.com\/de\/product\/mint-condition-lip-fix\/\",\"url\":\"https:\/\/dutchhealthstore.com\/de\/product\/mint-condition-lip-fix\/\",\"name\":\"Mint Condition Lip Fix\u2122 | Living Libations\",\"isPartOf\":{\"@id\":\"https:\/\/dutchhealthstore.com\/de\/#website\"},\"primaryImageOfPage\":{\"@id\":\"https:\/\/dutchhealthstore.com\/de\/product\/mint-condition-lip-fix\/#primaryimage\"},\"image\":{\"@id\":\"https:\/\/dutchhealthstore.com\/de\/product\/mint-condition-lip-fix\/#primaryimage\"},\"thumbnailUrl\":\"https:\/\/dutchhealthstore.com\/wp-content\/uploads\/2018\/02\/Living-Libations-Mint-Condition-Lip-Fix.jpeg\",\"datePublished\":\"2018-02-10T12:57:38+00:00\",\"dateModified\":\"2025-09-26T11:12:29+00:00\",\"description\":\"Brauchen Ihre rissigen Lippen eine schnelle L\u00f6sung? Mint Condition Lip Fix bringt k\u00fchle, prickelnde Sch\u00f6nheit auf Ihre Lippen.\",\"breadcrumb\":{\"@id\":\"https:\/\/dutchhealthstore.com\/de\/product\/mint-condition-lip-fix\/#breadcrumb\"},\"inLanguage\":\"de\",\"potentialAction\":[{\"@type\":\"ReadAction\",\"target\":[\"https:\/\/dutchhealthstore.com\/de\/product\/mint-condition-lip-fix\/\"]}]},{\"@type\":\"ImageObject\",\"inLanguage\":\"de\",\"@id\":\"https:\/\/dutchhealthstore.com\/de\/product\/mint-condition-lip-fix\/#primaryimage\",\"url\":\"https:\/\/dutchhealthstore.com\/wp-content\/uploads\/2018\/02\/Living-Libations-Mint-Condition-Lip-Fix.jpeg\",\"contentUrl\":\"https:\/\/dutchhealthstore.com\/wp-content\/uploads\/2018\/02\/Living-Libations-Mint-Condition-Lip-Fix.jpeg\",\"width\":555,\"height\":554,\"caption\":\"Mint Condition Lip Fix\u2122\"},{\"@type\":\"BreadcrumbList\",\"@id\":\"https:\/\/dutchhealthstore.com\/de\/product\/mint-condition-lip-fix\/#breadcrumb\",\"itemListElement\":[{\"@type\":\"ListItem\",\"position\":1,\"name\":\"Home\",\"item\":\"https:\/\/dutchhealthstore.com\/de\/\"},{\"@type\":\"ListItem\",\"position\":2,\"name\":\"Shop\",\"item\":\"https:\/\/dutchhealthstore.com\/de\/shop-2\/\"},{\"@type\":\"ListItem\",\"position\":3,\"name\":\"Mint Condition Lip Fix\u2122\"}]},{\"@type\":\"WebSite\",\"@id\":\"https:\/\/dutchhealthstore.com\/de\/#website\",\"url\":\"https:\/\/dutchhealthstore.com\/de\/\",\"name\":\"Dutch Health Store\",\"description\":\"Enhance Your Beauty with Organic &amp; Natural Skincare\",\"publisher\":{\"@id\":\"https:\/\/dutchhealthstore.com\/de\/#organization\"},\"potentialAction\":[{\"@type\":\"SearchAction\",\"target\":{\"@type\":\"EntryPoint\",\"urlTemplate\":\"https:\/\/dutchhealthstore.com\/de\/?s={search_term_string}\"},\"query-input\":{\"@type\":\"PropertyValueSpecification\",\"valueRequired\":true,\"valueName\":\"search_term_string\"}}],\"inLanguage\":\"de\"},{\"@type\":\"Organization\",\"@id\":\"https:\/\/dutchhealthstore.com\/de\/#organization\",\"name\":\"Dutch Health Store\",\"url\":\"https:\/\/dutchhealthstore.com\/de\/\",\"logo\":{\"@type\":\"ImageObject\",\"inLanguage\":\"de\",\"@id\":\"https:\/\/dutchhealthstore.com\/de\/#\/schema\/logo\/image\/\",\"url\":\"https:\/\/dutchhealthstore.com\/wp-content\/uploads\/2020\/08\/logo-dutchhealthstore-jpg-e1599484957574.jpg\",\"contentUrl\":\"https:\/\/dutchhealthstore.com\/wp-content\/uploads\/2020\/08\/logo-dutchhealthstore-jpg-e1599484957574.jpg\",\"width\":400,\"height\":62,\"caption\":\"Dutch Health Store\"},\"image\":{\"@id\":\"https:\/\/dutchhealthstore.com\/de\/#\/schema\/logo\/image\/\"},\"sameAs\":[\"https:\/\/www.instagram.com\/dutchhealthstore\/\",\"https:\/\/www.facebook.com\/dutchhealthstore\"]}]}<\/script>\n<meta property=\"product:brand\" content=\"Living Libations\" \/>\n<meta property=\"product:price:amount\" content=\"16.00\" \/>\n<meta property=\"product:price:currency\" content=\"EUR\" \/>\n<meta property=\"og:availability\" content=\"instock\" \/>\n<meta property=\"product:availability\" content=\"instock\" \/>\n<meta property=\"product:condition\" content=\"new\" \/>\n<!-- \/ Yoast SEO Premium plugin. -->","yoast_head_json":{"title":"Mint Condition Lip Fix\u2122 | Living Libations","description":"Brauchen Ihre rissigen Lippen eine schnelle L\u00f6sung? Mint Condition Lip Fix bringt k\u00fchle, prickelnde Sch\u00f6nheit auf Ihre Lippen.","robots":{"index":"index","follow":"follow","max-snippet":"max-snippet:-1","max-image-preview":"max-image-preview:large","max-video-preview":"max-video-preview:-1"},"canonical":"https:\/\/dutchhealthstore.com\/de\/product\/mint-condition-lip-fix\/","og_locale":"de_DE","og_type":"article","og_title":"Mint Condition Lip Fix\u2122 - Dutch Health Store","og_description":"Brauchen Ihre rissigen Lippen eine schnelle L\u00f6sung? Mint Condition Lip Fix bringt k\u00fchle, prickelnde Sch\u00f6nheit auf Ihre Lippen.","og_url":"https:\/\/dutchhealthstore.com\/de\/product\/mint-condition-lip-fix\/","og_site_name":"Dutch Health Store","article_publisher":"https:\/\/www.instagram.com\/dutchhealthstore\/","article_modified_time":"2025-09-26T11:12:29+00:00","og_image":[{"width":555,"height":554,"url":"https:\/\/dutchhealthstore.com\/wp-content\/uploads\/2018\/02\/Living-Libations-Mint-Condition-Lip-Fix.jpeg","type":"image\/jpeg"}],"twitter_card":"summary_large_image","twitter_misc":{"Preis":"&euro;16,00","Verf\u00fcgbarkeit":"Auf Lager"},"schema":{"@context":"https:\/\/schema.org","@graph":[{"@type":"WebPage","@id":"https:\/\/dutchhealthstore.com\/de\/product\/mint-condition-lip-fix\/","url":"https:\/\/dutchhealthstore.com\/de\/product\/mint-condition-lip-fix\/","name":"Mint Condition Lip Fix\u2122 | Living Libations","isPartOf":{"@id":"https:\/\/dutchhealthstore.com\/de\/#website"},"primaryImageOfPage":{"@id":"https:\/\/dutchhealthstore.com\/de\/product\/mint-condition-lip-fix\/#primaryimage"},"image":{"@id":"https:\/\/dutchhealthstore.com\/de\/product\/mint-condition-lip-fix\/#primaryimage"},"thumbnailUrl":"https:\/\/dutchhealthstore.com\/wp-content\/uploads\/2018\/02\/Living-Libations-Mint-Condition-Lip-Fix.jpeg","datePublished":"2018-02-10T12:57:38+00:00","dateModified":"2025-09-26T11:12:29+00:00","description":"Brauchen Ihre rissigen Lippen eine schnelle L\u00f6sung? Mint Condition Lip Fix bringt k\u00fchle, prickelnde Sch\u00f6nheit auf Ihre Lippen.","breadcrumb":{"@id":"https:\/\/dutchhealthstore.com\/de\/product\/mint-condition-lip-fix\/#breadcrumb"},"inLanguage":"de","potentialAction":[{"@type":"ReadAction","target":["https:\/\/dutchhealthstore.com\/de\/product\/mint-condition-lip-fix\/"]}]},{"@type":"ImageObject","inLanguage":"de","@id":"https:\/\/dutchhealthstore.com\/de\/product\/mint-condition-lip-fix\/#primaryimage","url":"https:\/\/dutchhealthstore.com\/wp-content\/uploads\/2018\/02\/Living-Libations-Mint-Condition-Lip-Fix.jpeg","contentUrl":"https:\/\/dutchhealthstore.com\/wp-content\/uploads\/2018\/02\/Living-Libations-Mint-Condition-Lip-Fix.jpeg","width":555,"height":554,"caption":"Mint Condition Lip Fix\u2122"},{"@type":"BreadcrumbList","@id":"https:\/\/dutchhealthstore.com\/de\/product\/mint-condition-lip-fix\/#breadcrumb","itemListElement":[{"@type":"ListItem","position":1,"name":"Home","item":"https:\/\/dutchhealthstore.com\/de\/"},{"@type":"ListItem","position":2,"name":"Shop","item":"https:\/\/dutchhealthstore.com\/de\/shop-2\/"},{"@type":"ListItem","position":3,"name":"Mint Condition Lip Fix\u2122"}]},{"@type":"WebSite","@id":"https:\/\/dutchhealthstore.com\/de\/#website","url":"https:\/\/dutchhealthstore.com\/de\/","name":"Dutch Health Store","description":"Enhance Your Beauty with Organic &amp; Natural Skincare","publisher":{"@id":"https:\/\/dutchhealthstore.com\/de\/#organization"},"potentialAction":[{"@type":"SearchAction","target":{"@type":"EntryPoint","urlTemplate":"https:\/\/dutchhealthstore.com\/de\/?s={search_term_string}"},"query-input":{"@type":"PropertyValueSpecification","valueRequired":true,"valueName":"search_term_string"}}],"inLanguage":"de"},{"@type":"Organization","@id":"https:\/\/dutchhealthstore.com\/de\/#organization","name":"Dutch Health Store","url":"https:\/\/dutchhealthstore.com\/de\/","logo":{"@type":"ImageObject","inLanguage":"de","@id":"https:\/\/dutchhealthstore.com\/de\/#\/schema\/logo\/image\/","url":"https:\/\/dutchhealthstore.com\/wp-content\/uploads\/2020\/08\/logo-dutchhealthstore-jpg-e1599484957574.jpg","contentUrl":"https:\/\/dutchhealthstore.com\/wp-content\/uploads\/2020\/08\/logo-dutchhealthstore-jpg-e1599484957574.jpg","width":400,"height":62,"caption":"Dutch Health Store"},"image":{"@id":"https:\/\/dutchhealthstore.com\/de\/#\/schema\/logo\/image\/"},"sameAs":["https:\/\/www.instagram.com\/dutchhealthstore\/","https:\/\/www.facebook.com\/dutchhealthstore"]}]},"product_brand":"Living Libations","product_price_amount":"16.00","product_price_currency":"EUR","og_availability":"instock","product_availability":"instock","product_condition":"new"},"_links":{"self":[{"href":"https:\/\/dutchhealthstore.com\/de\/wp-json\/wp\/v2\/product\/107912","targetHints":{"allow":["GET"]}}],"collection":[{"href":"https:\/\/dutchhealthstore.com\/de\/wp-json\/wp\/v2\/product"}],"about":[{"href":"https:\/\/dutchhealthstore.com\/de\/wp-json\/wp\/v2\/types\/product"}],"replies":[{"embeddable":true,"href":"https:\/\/dutchhealthstore.com\/de\/wp-json\/wp\/v2\/comments?post=107912"}],"wp:featuredmedia":[{"embeddable":true,"href":"https:\/\/dutchhealthstore.com\/de\/wp-json\/wp\/v2\/media\/50846"}],"wp:attachment":[{"href":"https:\/\/dutchhealthstore.com\/de\/wp-json\/wp\/v2\/media?parent=107912"}],"wp:term":[{"taxonomy":"product_brand","embeddable":true,"href":"https:\/\/dutchhealthstore.com\/de\/wp-json\/wp\/v2\/product_brand?post=107912"},{"taxonomy":"product_cat","embeddable":true,"href":"https:\/\/dutchhealthstore.com\/de\/wp-json\/wp\/v2\/product_cat?post=107912"},{"taxonomy":"product_tag","embeddable":true,"href":"https:\/\/dutchhealthstore.com\/de\/wp-json\/wp\/v2\/product_tag?post=107912"}],"curies":[{"name":"wp","href":"https:\/\/api.w.org\/{rel}","templated":true}]}}