{"id":107865,"date":"2018-02-10T07:21:56","date_gmt":"2018-02-10T07:21:56","guid":{"rendered":"https:\/\/dutchhealthstore.com\/product\/green-papaya-lime-aha-mask\/"},"modified":"2026-04-24T15:04:43","modified_gmt":"2026-04-24T13:04:43","slug":"green-papaya-lime-aha-mask","status":"publish","type":"product","link":"https:\/\/dutchhealthstore.com\/de\/product\/green-papaya-lime-aha-mask\/","title":{"rendered":"Green Papaya + Lime Mask"},"content":{"rendered":"<p><img decoding=\"async\" class=\"size-full wp-image-69549 alignright\" src=\"https:\/\/dutchhealthstore.com\/wp-content\/uploads\/2019\/08\/NEW-Living-Libations-Logo.jpg\" alt=\"NEW - Living Libations - Logo\" width=\"175\" height=\"82\">Aloe Vera-Gel und Golden Jojoba sorgen f\u00fcr wunderbare Feuchtigkeit, Elastizit\u00e4t und Geschmeidigkeit. Anregende Enzyme aus Zitronen und Limetten, gemischt mit Rohzucker, gr\u00fcnen Papaya- und Ananasenzymen, kl\u00e4ren die Poren und verbessern die allgemeine Textur und Geschmeidigkeit der Haut. Rosenwasser, Beinwell und Schachtelhalm st\u00e4rken die Haut und erneuern ihre Spannkraft.<\/p>\n<p>Die Green Papaya + Lime Mask bereitet Sie auf die Welt vor, indem sie die Maske entfernt und eine strahlende, geschmeidige Haut zum Vorschein bringt.<\/p>\n<h3>Instruktion<\/h3>\n<p>Auf die frisch gereinigte Haut auftragen und sanft einmassieren. 15 bis 30 Minuten einwirken lassen und dann absp\u00fclen, bis das Wasser glatt l\u00e4uft. Kann auch \u00fcber Nacht angelassen werden. F\u00fcr zus\u00e4tzliche Feuchtigkeit nach der Maske tragen Sie ein Best Skin Ever oder eines unserer Hautserums auf. Nicht auf die Augenpartie auftragen. Warnung vor Sonnenbrand: Tragen Sie die Maske nicht auf und setzen Sie sich nicht in die Sonne, da die Inhaltsstoffe photosensibilisierend wirken k\u00f6nnen.<\/p>\n<p><strong>Gr\u00f6\u00dfe: 30 ml<\/strong><\/p>\n<h3 class=\"yikes-custom-woo-tab-title yikes-custom-woo-tab-title-natural-organic-ingredients\">Nat\u00fcrliche\/Organische Inhaltsstoffe<\/h3>\n<p><strong>Jojoba<\/strong> <em>(Simmondsia chinensis)<\/em> &#8211; Das herrliche, goldene Jojoba n\u00e4hrt und pflegt durstige Haut. Jojoba hat die unvergleichliche F\u00e4higkeit, die Haut mit Feuchtigkeit zu versorgen, die \u00d6lproduktion auszugleichen, die Poren gr\u00fcndlich zu reinigen und eine lang anhaltende Pflegewirkung zu erzielen, die die Haut so weich wie perfekte Seide macht. Es ist vollgepackt mit Peptiden und Lipiden und enth\u00e4lt den h\u00f6chsten Gehalt an phenolischen Verbindungen, die in der Natur vorkommen, sowie Vitamine und alle l\u00f6slichen Formen von Vitamin E.<\/p>\n<p><strong>Aloe Vera <\/strong><em>(Aloe barbadensis)<\/em> &#8211; Aloe ist ein botanisches Juwel aus der W\u00fcste, das leicht in das Haar und die Haut einzieht. Das schleimige Gel, das aus den Bl\u00e4ttern austritt, ist ein hervorragender Feuchtigkeitsspender.<\/p>\n<p><strong>Rosenwasser-Hydrosol<\/strong> <em>(Rosa damascene)<\/em> &#8211; Rosenwasser ist die w\u00e4ssrige L\u00f6sung aus der Destillation des \u00e4therischen \u00d6ls der Rose otto und spendet empfindlicher und trockener Haut reichlich Feuchtigkeit. Empfindliche oder leicht reizbare Haut freut sich \u00fcber die st\u00e4rkende Pflege des Rosenwassers. Die hydrophilen Eigenschaften der wasserl\u00f6slichen \u00e4therischen \u00d6le im Rosenwasser helfen, durstige Haut zu beruhigen, den Feuchtigkeitsgehalt zu erh\u00f6hen und das allgemeine Erscheinungsbild und den Hautton zu verbessern.<\/p>\n<p><strong>Orangenwachs<\/strong> <em>(Citrus aurantium dulcis)<\/em> &#8211; Das aus der sch\u00fctzenden Schale der Frucht gewonnene Orangenwachs enth\u00e4lt stabilisierende Phytosterine, die die Festigkeit und Spannkraft der Haut verbessern. Orangenwachs ist auch ein wunderbarer Feuchtigkeitsspender.<\/p>\n<p><strong>Schachtelhalm <\/strong><em>(Equisetum arvense)<\/em> &#8211; Der Schachtelhalm ist reich an st\u00e4rkender Kiesels\u00e4ure und st\u00e4rkt die Widerstandsf\u00e4higkeit der Haut.<\/p>\n<p><strong>Beinwellwurzel<\/strong> <em>(Comfrey symphytim)<\/em> &#8211; Beinwell n\u00e4hrt und belebt die Haut. Es verbessert das Erscheinungsbild von Narben und Flecken.<\/p>\n<p><strong>Rotklee<\/strong> <em>(Trifolium pretense) &#8211; <\/em>Revitalisierender Rotklee ist reich an Vitaminen, Isoflavonen und Mineralien, die ein Verb\u00fcndeter f\u00fcr die Haut sind.<\/p>\n<p><strong>Zitronenschale<\/strong> <em>(Citrus limon)<\/em> &#8211; Die in Zitronen enthaltenen Enzyme verbessern das Erscheinungsbild der Hautstruktur, bek\u00e4mpfen die \u00dcberproduktion von \u00d6l, peelen und entfernen abgestorbene Hautzellen und beruhigen die Haut.<\/p>\n<p><strong>Lime Peel <\/strong><em>(Citrus aurantifolia)<\/em> &#8211; Die Alphahydroxys\u00e4uren der Limette verbessern das Hautbild, indem sie die Poren kl\u00e4ren und das Auftreten feiner Linien mildern.<\/p>\n<p><strong>Rohes Zuckerrohr<\/strong> <em>(Saccharum officinarum)<\/em> &#8211; Dieses nat\u00fcrliche Peeling enth\u00e4lt einen hohen Anteil an Glykols\u00e4ure, einer Alpha-Hydroxys\u00e4ure. Zuckerrohr gleicht die \u00d6lproduktion aus und verringert die Porengr\u00f6\u00dfe.<\/p>\n<p><strong>Papaya<\/strong> <em>(Carica papaya)<\/em> &#8211; Papayas sind reich an Enzymen, die eine strahlende Haut unterst\u00fctzen. Peptin erh\u00f6ht die Ausstrahlung der Haut und verbessert ihre Struktur, w\u00e4hrend Papain den Hautton ausgleicht.<\/p>\n<p><strong>Ananas-Enzyme<\/strong> <em>(Ananas sativus) &#8211; <\/em>Ananas-Enzyme l\u00f6sen die Haut sanft ab und bringen die wahre Leuchtkraft Ihres Teints zum Vorschein.<\/p>\n<p><strong>Lavendel<\/strong> <em>(Lavandula angustifolia)<\/em> &#8211; Der liebliche Lavendel ist ein sanftes und doch kraftvolles Hauttonikum, das erholsam und beruhigend ist. Es lindert R\u00f6tungen und k\u00fchlt Hitze. Lavendel kann verwendet werden, um das Erscheinungsbild von Narben zu verbessern, den Hautton auszugleichen, zu Akne neigende Haut zu reinigen und den Talgspiegel der Haut auszugleichen.<\/p>\n<p><strong>Zitrone<\/strong> <em>(Citrus limon) &#8211; <\/em>Die lebendige Zitrone kl\u00e4rt, belebt und reinigt die Haut von Kopf bis Fu\u00df. Es eignet sich hervorragend f\u00fcr Reinigungsmittel gegen Akne und Unebenheiten. Zitrone strafft, festigt und verleiht der Haut jugendliche Energie und Spannkraft.<\/p>\n<p><strong>Limette <\/strong><em>(Citrus aurantifolia)<\/em> &#8211; Der frische, zitrusartige Duft der Limette unterst\u00fctzt eine glatte, gereinigte Haut. Es befreit die Poren von Schmutz und Fett und stellt den Glanz der Haut wieder her.<\/p>\n<p><strong>Rohes Zuckerrohr<\/strong> <em>(Saccharum officinarum)<\/em> &#8211; Dieses nat\u00fcrliche Peeling enth\u00e4lt einen hohen Anteil an Glykols\u00e4ure, einer Alpha-Hydroxys\u00e4ure. Zuckerrohr gleicht die \u00d6lproduktion aus und verringert die Porengr\u00f6\u00dfe.<\/p>\n<p><img fetchpriority=\"high\" decoding=\"async\" class=\"aligncenter wp-image-11209 size-full\" src=\"https:\/\/dutchhealthstore.com\/wp-content\/uploads\/2015\/12\/organic-1.jpg\" alt=\"organic\" width=\"608\" height=\"85\"><\/p>\n","protected":false},"excerpt":{"rendered":"<p>Die <strong>Living Libations Green Papaya + Lime Mask<\/strong> strafft und peelt die Haut sanft, w\u00e4hrend sie Feuchtigkeit spendet und die Elastizit\u00e4t erh\u00f6ht.<br \/>\nDiese Maske enth\u00e4lt Enzyme aus Fr\u00fcchten und rohem Rohrzucker als geschmeidige Peelings.<br \/>\nWenn Ihr Gesicht, Ihr Hals oder Ihr Dekollet\u00e9 von einem enzymatischen Peeling, einer Straffung und einer Feuchtigkeitszufuhr profitieren k\u00f6nnte, erf\u00fcllt unsere sorgf\u00e4ltig hergestellte Maske diese Aufgabe.<\/p>\n","protected":false},"featured_media":107866,"comment_status":"open","ping_status":"closed","template":"","meta":[],"product_brand":[],"product_cat":[1227,5633,5669,5678,1958,14735,1032,1493,1210,5679,5637,5638,1119,5635,4029,5636,5632,5101,511,5631,5634],"product_tag":[9629,21361,4659,9780],"class_list":{"0":"post-107865","1":"product","2":"type-product","3":"status-publish","4":"has-post-thumbnail","6":"product_cat-sensitive-skin-redness-de","7":"product_cat-sensitive-skin-redness-de-2","8":"product_cat-oily-skin-clogged-pores-de","9":"product_cat-oily-skin-clogged-pores-de-2","10":"product_cat-gesicht","11":"product_cat-hautpflege","12":"product_cat-kategorien","13":"product_cat-living-libations-deutschland","14":"product_cat-marken","15":"product_cat-masks-scrubs-exfoliators-de-2","16":"product_cat-masks-scrubs-exfoliators-de","17":"product_cat-masks-scrubs-exfoliators-de-4","18":"product_cat-masks-scrubs-exfoliators-de-5","19":"product_cat-masks-scrubs-exfoliators-de-6","20":"product_cat-masken","21":"product_cat-normal-or-combination-skin-de-2","22":"product_cat-normal-or-combination-skin-de","23":"product_cat-by-skin-type-de-4","24":"product_cat-produkte","25":"product_cat-dry-mature-ageing-skin-de","26":"product_cat-dry-mature-ageing-skin-de-2","27":"product_tag-exfoliator-de","28":"product_tag-face-care-de","29":"product_tag-mask-de","30":"product_tag-revitalizing-de","31":"pa_bestsellers-goed-de","32":"pa_brand-livinglibations-de","33":"pa_gtin-7439657379352-de","34":"pa_size-30-ml-de","35":"pa_skincare-type-masks-scrubs-exfoliators-de","36":"pa_skintype-normal-combination-skin-de","37":"pa_skintype-oily-skin-de","38":"pa_skintype-sensitive-skin-redness-de","39":"pa_skintype-dry-mature-ageing-skin-de","41":"first","42":"instock","43":"taxable","44":"shipping-taxable","45":"purchasable","46":"product-type-simple"},"bundled_by":[],"bundle_stock_status":"instock","bundle_stock_quantity":1,"bundle_virtual":false,"bundle_layout":"","bundle_add_to_cart_form_location":"","bundle_editable_in_cart":false,"bundle_sold_individually_context":"","bundle_item_grouping":"","bundle_min_size":"","bundle_max_size":"","bundle_price":[],"bundled_items":[],"bundle_sell_ids":[129708],"atum_controlled":true,"out_stock_date":null,"out_stock_threshold":null,"inheritable":false,"stock_on_hold":0,"sold_today":0,"sales_last_days":0,"out_stock_days":7,"lost_sales":0,"update_date":"2026-04-24T13:04:47","atum_locations":[],"atum_stock_status":"instock","restock_status":false,"low_stock_amount":"","sales_update_date":"2026-04-24T13:04:23","calc_backorders":null,"group_of_quantity":0,"min_quantity":0,"max_quantity":"","exclude_order_quantity_value_rules":"no","exclude_category_quantity_rules":"no","combine_variations":"no","yoast_head":"<!-- This site is optimized with the Yoast SEO Premium plugin v26.5 (Yoast SEO v26.5) - https:\/\/yoast.com\/wordpress\/plugins\/seo\/ -->\n<title>Green Papaya + Lime Mask - Living Libations<\/title>\n<meta name=\"description\" content=\"Die Living Libations Green Papaya + Lime Mask strafft und peelt die Haut sanft, w\u00e4hrend sie Feuchtigkeit spendet und die Elastizit\u00e4t erh\u00f6ht.\" \/>\n<meta name=\"robots\" content=\"index, follow, max-snippet:-1, max-image-preview:large, max-video-preview:-1\" \/>\n<link rel=\"canonical\" href=\"https:\/\/dutchhealthstore.com\/de\/product\/green-papaya-lime-aha-mask\/\" \/>\n<meta property=\"og:locale\" content=\"de_DE\" \/>\n<meta property=\"og:type\" content=\"article\" \/>\n<meta property=\"og:title\" content=\"Green Papaya + Lime Mask - Dutch Health Store\" \/>\n<meta property=\"og:description\" content=\"Die Living Libations Green Papaya + Lime Mask strafft und peelt die Haut sanft, w\u00e4hrend sie Feuchtigkeit spendet und die Elastizit\u00e4t erh\u00f6ht.\" \/>\n<meta property=\"og:url\" content=\"https:\/\/dutchhealthstore.com\/de\/product\/green-papaya-lime-aha-mask\/\" \/>\n<meta property=\"og:site_name\" content=\"Dutch Health Store\" \/>\n<meta property=\"article:publisher\" content=\"https:\/\/www.instagram.com\/dutchhealthstore\/\" \/>\n<meta property=\"article:modified_time\" content=\"2026-04-24T13:04:43+00:00\" \/>\n<meta property=\"og:image\" content=\"https:\/\/dutchhealthstore.com\/wp-content\/uploads\/2018\/02\/Green-Papaya-Lime-Mask-Living-Libations.jpg\" \/>\n\t<meta property=\"og:image:width\" content=\"510\" \/>\n\t<meta property=\"og:image:height\" content=\"600\" \/>\n\t<meta property=\"og:image:type\" content=\"image\/jpeg\" \/>\n<meta name=\"twitter:card\" content=\"summary_large_image\" \/>\n<meta name=\"twitter:label1\" content=\"Preis\" \/>\n\t<meta name=\"twitter:data1\" content=\"&euro;63,00\" \/>\n\t<meta name=\"twitter:label2\" content=\"Verf\u00fcgbarkeit\" \/>\n\t<meta name=\"twitter:data2\" content=\"Auf Lager\" \/>\n<script type=\"application\/ld+json\" class=\"yoast-schema-graph\">{\"@context\":\"https:\/\/schema.org\",\"@graph\":[{\"@type\":\"WebPage\",\"@id\":\"https:\/\/dutchhealthstore.com\/de\/product\/green-papaya-lime-aha-mask\/\",\"url\":\"https:\/\/dutchhealthstore.com\/de\/product\/green-papaya-lime-aha-mask\/\",\"name\":\"Green Papaya + Lime Mask - Living Libations\",\"isPartOf\":{\"@id\":\"https:\/\/dutchhealthstore.com\/de\/#website\"},\"primaryImageOfPage\":{\"@id\":\"https:\/\/dutchhealthstore.com\/de\/product\/green-papaya-lime-aha-mask\/#primaryimage\"},\"image\":{\"@id\":\"https:\/\/dutchhealthstore.com\/de\/product\/green-papaya-lime-aha-mask\/#primaryimage\"},\"thumbnailUrl\":\"https:\/\/dutchhealthstore.com\/wp-content\/uploads\/2018\/02\/Green-Papaya-Lime-Mask-Living-Libations.jpg\",\"datePublished\":\"2018-02-10T07:21:56+00:00\",\"dateModified\":\"2026-04-24T13:04:43+00:00\",\"description\":\"Die Living Libations Green Papaya + Lime Mask strafft und peelt die Haut sanft, w\u00e4hrend sie Feuchtigkeit spendet und die Elastizit\u00e4t erh\u00f6ht.\",\"breadcrumb\":{\"@id\":\"https:\/\/dutchhealthstore.com\/de\/product\/green-papaya-lime-aha-mask\/#breadcrumb\"},\"inLanguage\":\"de\",\"potentialAction\":[{\"@type\":\"ReadAction\",\"target\":[\"https:\/\/dutchhealthstore.com\/de\/product\/green-papaya-lime-aha-mask\/\"]}]},{\"@type\":\"ImageObject\",\"inLanguage\":\"de\",\"@id\":\"https:\/\/dutchhealthstore.com\/de\/product\/green-papaya-lime-aha-mask\/#primaryimage\",\"url\":\"https:\/\/dutchhealthstore.com\/wp-content\/uploads\/2018\/02\/Green-Papaya-Lime-Mask-Living-Libations.jpg\",\"contentUrl\":\"https:\/\/dutchhealthstore.com\/wp-content\/uploads\/2018\/02\/Green-Papaya-Lime-Mask-Living-Libations.jpg\",\"width\":510,\"height\":600},{\"@type\":\"BreadcrumbList\",\"@id\":\"https:\/\/dutchhealthstore.com\/de\/product\/green-papaya-lime-aha-mask\/#breadcrumb\",\"itemListElement\":[{\"@type\":\"ListItem\",\"position\":1,\"name\":\"Home\",\"item\":\"https:\/\/dutchhealthstore.com\/de\/\"},{\"@type\":\"ListItem\",\"position\":2,\"name\":\"Shop\",\"item\":\"https:\/\/dutchhealthstore.com\/de\/shop-2\/\"},{\"@type\":\"ListItem\",\"position\":3,\"name\":\"Green Papaya + Lime Mask\"}]},{\"@type\":\"WebSite\",\"@id\":\"https:\/\/dutchhealthstore.com\/de\/#website\",\"url\":\"https:\/\/dutchhealthstore.com\/de\/\",\"name\":\"Dutch Health Store\",\"description\":\"Enhance Your Beauty with Organic &amp; Natural Skincare\",\"publisher\":{\"@id\":\"https:\/\/dutchhealthstore.com\/de\/#organization\"},\"potentialAction\":[{\"@type\":\"SearchAction\",\"target\":{\"@type\":\"EntryPoint\",\"urlTemplate\":\"https:\/\/dutchhealthstore.com\/de\/?s={search_term_string}\"},\"query-input\":{\"@type\":\"PropertyValueSpecification\",\"valueRequired\":true,\"valueName\":\"search_term_string\"}}],\"inLanguage\":\"de\"},{\"@type\":\"Organization\",\"@id\":\"https:\/\/dutchhealthstore.com\/de\/#organization\",\"name\":\"Dutch Health Store\",\"url\":\"https:\/\/dutchhealthstore.com\/de\/\",\"logo\":{\"@type\":\"ImageObject\",\"inLanguage\":\"de\",\"@id\":\"https:\/\/dutchhealthstore.com\/de\/#\/schema\/logo\/image\/\",\"url\":\"https:\/\/dutchhealthstore.com\/wp-content\/uploads\/2020\/08\/logo-dutchhealthstore-jpg-e1599484957574.jpg\",\"contentUrl\":\"https:\/\/dutchhealthstore.com\/wp-content\/uploads\/2020\/08\/logo-dutchhealthstore-jpg-e1599484957574.jpg\",\"width\":400,\"height\":62,\"caption\":\"Dutch Health Store\"},\"image\":{\"@id\":\"https:\/\/dutchhealthstore.com\/de\/#\/schema\/logo\/image\/\"},\"sameAs\":[\"https:\/\/www.instagram.com\/dutchhealthstore\/\",\"https:\/\/www.facebook.com\/dutchhealthstore\"]}]}<\/script>\n<meta property=\"product:brand\" content=\"Living Libations\" \/>\n<meta property=\"product:price:amount\" content=\"63.00\" \/>\n<meta property=\"product:price:currency\" content=\"EUR\" \/>\n<meta property=\"og:availability\" content=\"instock\" \/>\n<meta property=\"product:availability\" content=\"instock\" \/>\n<meta property=\"product:condition\" content=\"new\" \/>\n<!-- \/ Yoast SEO Premium plugin. -->","yoast_head_json":{"title":"Green Papaya + Lime Mask - Living Libations","description":"Die Living Libations Green Papaya + Lime Mask strafft und peelt die Haut sanft, w\u00e4hrend sie Feuchtigkeit spendet und die Elastizit\u00e4t erh\u00f6ht.","robots":{"index":"index","follow":"follow","max-snippet":"max-snippet:-1","max-image-preview":"max-image-preview:large","max-video-preview":"max-video-preview:-1"},"canonical":"https:\/\/dutchhealthstore.com\/de\/product\/green-papaya-lime-aha-mask\/","og_locale":"de_DE","og_type":"article","og_title":"Green Papaya + Lime Mask - Dutch Health Store","og_description":"Die Living Libations Green Papaya + Lime Mask strafft und peelt die Haut sanft, w\u00e4hrend sie Feuchtigkeit spendet und die Elastizit\u00e4t erh\u00f6ht.","og_url":"https:\/\/dutchhealthstore.com\/de\/product\/green-papaya-lime-aha-mask\/","og_site_name":"Dutch Health Store","article_publisher":"https:\/\/www.instagram.com\/dutchhealthstore\/","article_modified_time":"2026-04-24T13:04:43+00:00","og_image":[{"width":510,"height":600,"url":"https:\/\/dutchhealthstore.com\/wp-content\/uploads\/2018\/02\/Green-Papaya-Lime-Mask-Living-Libations.jpg","type":"image\/jpeg"}],"twitter_card":"summary_large_image","twitter_misc":{"Preis":"&euro;63,00","Verf\u00fcgbarkeit":"Auf Lager"},"schema":{"@context":"https:\/\/schema.org","@graph":[{"@type":"WebPage","@id":"https:\/\/dutchhealthstore.com\/de\/product\/green-papaya-lime-aha-mask\/","url":"https:\/\/dutchhealthstore.com\/de\/product\/green-papaya-lime-aha-mask\/","name":"Green Papaya + Lime Mask - Living Libations","isPartOf":{"@id":"https:\/\/dutchhealthstore.com\/de\/#website"},"primaryImageOfPage":{"@id":"https:\/\/dutchhealthstore.com\/de\/product\/green-papaya-lime-aha-mask\/#primaryimage"},"image":{"@id":"https:\/\/dutchhealthstore.com\/de\/product\/green-papaya-lime-aha-mask\/#primaryimage"},"thumbnailUrl":"https:\/\/dutchhealthstore.com\/wp-content\/uploads\/2018\/02\/Green-Papaya-Lime-Mask-Living-Libations.jpg","datePublished":"2018-02-10T07:21:56+00:00","dateModified":"2026-04-24T13:04:43+00:00","description":"Die Living Libations Green Papaya + Lime Mask strafft und peelt die Haut sanft, w\u00e4hrend sie Feuchtigkeit spendet und die Elastizit\u00e4t erh\u00f6ht.","breadcrumb":{"@id":"https:\/\/dutchhealthstore.com\/de\/product\/green-papaya-lime-aha-mask\/#breadcrumb"},"inLanguage":"de","potentialAction":[{"@type":"ReadAction","target":["https:\/\/dutchhealthstore.com\/de\/product\/green-papaya-lime-aha-mask\/"]}]},{"@type":"ImageObject","inLanguage":"de","@id":"https:\/\/dutchhealthstore.com\/de\/product\/green-papaya-lime-aha-mask\/#primaryimage","url":"https:\/\/dutchhealthstore.com\/wp-content\/uploads\/2018\/02\/Green-Papaya-Lime-Mask-Living-Libations.jpg","contentUrl":"https:\/\/dutchhealthstore.com\/wp-content\/uploads\/2018\/02\/Green-Papaya-Lime-Mask-Living-Libations.jpg","width":510,"height":600},{"@type":"BreadcrumbList","@id":"https:\/\/dutchhealthstore.com\/de\/product\/green-papaya-lime-aha-mask\/#breadcrumb","itemListElement":[{"@type":"ListItem","position":1,"name":"Home","item":"https:\/\/dutchhealthstore.com\/de\/"},{"@type":"ListItem","position":2,"name":"Shop","item":"https:\/\/dutchhealthstore.com\/de\/shop-2\/"},{"@type":"ListItem","position":3,"name":"Green Papaya + Lime Mask"}]},{"@type":"WebSite","@id":"https:\/\/dutchhealthstore.com\/de\/#website","url":"https:\/\/dutchhealthstore.com\/de\/","name":"Dutch Health Store","description":"Enhance Your Beauty with Organic &amp; Natural Skincare","publisher":{"@id":"https:\/\/dutchhealthstore.com\/de\/#organization"},"potentialAction":[{"@type":"SearchAction","target":{"@type":"EntryPoint","urlTemplate":"https:\/\/dutchhealthstore.com\/de\/?s={search_term_string}"},"query-input":{"@type":"PropertyValueSpecification","valueRequired":true,"valueName":"search_term_string"}}],"inLanguage":"de"},{"@type":"Organization","@id":"https:\/\/dutchhealthstore.com\/de\/#organization","name":"Dutch Health Store","url":"https:\/\/dutchhealthstore.com\/de\/","logo":{"@type":"ImageObject","inLanguage":"de","@id":"https:\/\/dutchhealthstore.com\/de\/#\/schema\/logo\/image\/","url":"https:\/\/dutchhealthstore.com\/wp-content\/uploads\/2020\/08\/logo-dutchhealthstore-jpg-e1599484957574.jpg","contentUrl":"https:\/\/dutchhealthstore.com\/wp-content\/uploads\/2020\/08\/logo-dutchhealthstore-jpg-e1599484957574.jpg","width":400,"height":62,"caption":"Dutch Health Store"},"image":{"@id":"https:\/\/dutchhealthstore.com\/de\/#\/schema\/logo\/image\/"},"sameAs":["https:\/\/www.instagram.com\/dutchhealthstore\/","https:\/\/www.facebook.com\/dutchhealthstore"]}]},"product_brand":"Living Libations","product_price_amount":"63.00","product_price_currency":"EUR","og_availability":"instock","product_availability":"instock","product_condition":"new"},"_links":{"self":[{"href":"https:\/\/dutchhealthstore.com\/de\/wp-json\/wp\/v2\/product\/107865","targetHints":{"allow":["GET"]}}],"collection":[{"href":"https:\/\/dutchhealthstore.com\/de\/wp-json\/wp\/v2\/product"}],"about":[{"href":"https:\/\/dutchhealthstore.com\/de\/wp-json\/wp\/v2\/types\/product"}],"replies":[{"embeddable":true,"href":"https:\/\/dutchhealthstore.com\/de\/wp-json\/wp\/v2\/comments?post=107865"}],"wp:featuredmedia":[{"embeddable":true,"href":"https:\/\/dutchhealthstore.com\/de\/wp-json\/wp\/v2\/media\/107866"}],"wp:attachment":[{"href":"https:\/\/dutchhealthstore.com\/de\/wp-json\/wp\/v2\/media?parent=107865"}],"wp:term":[{"taxonomy":"product_brand","embeddable":true,"href":"https:\/\/dutchhealthstore.com\/de\/wp-json\/wp\/v2\/product_brand?post=107865"},{"taxonomy":"product_cat","embeddable":true,"href":"https:\/\/dutchhealthstore.com\/de\/wp-json\/wp\/v2\/product_cat?post=107865"},{"taxonomy":"product_tag","embeddable":true,"href":"https:\/\/dutchhealthstore.com\/de\/wp-json\/wp\/v2\/product_tag?post=107865"}],"curies":[{"name":"wp","href":"https:\/\/api.w.org\/{rel}","templated":true}]}}