{"id":107755,"date":"2019-05-26T12:04:28","date_gmt":"2019-05-26T12:04:28","guid":{"rendered":"https:\/\/dutchhealthstore.com\/product\/goodnight-oil\/"},"modified":"2026-03-24T14:38:10","modified_gmt":"2026-03-24T13:38:10","slug":"goodnight-oil","status":"publish","type":"product","link":"https:\/\/dutchhealthstore.com\/de\/product\/goodnight-oil\/","title":{"rendered":"Goodnight Oil"},"content":{"rendered":"<p><img decoding=\"async\" class=\"alignright size-full wp-image-37041\" src=\"https:\/\/dutchhealthstore.com\/wp-content\/uploads\/2018\/04\/Living_Libations-1.png\" alt=\"Organic &amp; Natural Beautyproducts - Living Libations\" width=\"175\" height=\"82\">Goodnight Oil ist eine fabelhafte Rezeptur mit gesundem Jojoba, das n\u00e4hrt, r\u00fcckfettendem Kaktusfeigen\u00f6l f\u00fcr tiefe Hydratation, Rizinus\u00f6l zur Kl\u00e4rung, Weihrauch zur St\u00e4rkung und Myrrhe mit ihrem regenerierenden Harz zur Befeuchtung. Unser vielseitiges Goodnight Oil entfernt Augen-Make-up und st\u00e4rkt gleichzeitig Haut, Wimpern und Augenbrauen. Schlie\u00dflich soll ein guter Make-up-Entferner die Wimpern und die Haut im Schlaf pflegen und versch\u00f6nern!<\/p>\n<h3>Instruktion<\/h3>\n<p>Augen-Make-up-Entferner. Nur ein oder zwei Tropfen <strong>Good<\/strong><strong>night <\/strong><strong>Oil<\/strong> auf einem feuchten Bio-Baumwolltupfer entfernen jeden Make-up-Fleck, reinigen jede Pore porentief und lassen Wimpern und Augenbrauen \u00fcppig erstrahlen. Ein Tropfen kann auch zur St\u00e4rkung der Haut, der Wimpern und der Augenbrauen \u00fcber Nacht verwendet werden, wenn man kein Make-up tr\u00e4gt oder entfernen muss.<\/p>\n<p><strong>Gr\u00f6\u00dfe: 15 ml<\/strong><\/p>\n<h3 class=\"yikes-custom-woo-tab-title yikes-custom-woo-tab-title-natural-organic-ingredients\">Nat\u00fcrliche\/Organische Inhaltsstoffe<\/h3>\n<p><strong>Jojoba<\/strong> <em>(Simmondsia chinensis)<\/em> &#8211; Das pr\u00e4chtige, goldene Jojoba n\u00e4hrt und pflegt durstige Haut. Jojoba hat die unvergleichliche F\u00e4higkeit, die Haut mit Feuchtigkeit zu versorgen, die \u00d6lproduktion auszugleichen, die Poren gr\u00fcndlich zu reinigen und eine lang anhaltende Pflegewirkung zu erzielen, die die Haut so weich wie perfekte Seide macht. Es ist vollgepackt mit Peptiden, Lipiden und enth\u00e4lt den h\u00f6chsten Gehalt an phenolischen Verbindungen, die in der Natur vorkommen, sowie Antioxidantien und alle l\u00f6slichen Formen von Vitamin E.<\/p>\n<p><strong>Feigenkaktus<\/strong> <em>(Opuntia Ficus indica)<\/em> &#8211; Der Feigenkaktus ist ein begehrtes Tr\u00e4ger\u00f6l, das tief in der hei\u00dfen W\u00fcste beheimatet ist und auch als Feigenkern\u00f6l bekannt ist. Es wird seit Jahrhunderten von den W\u00fcstenv\u00f6lkern verwendet, um ausgetrocknete Haut zu beruhigen, die durch die rauen W\u00fcstenwinde und die unbarmherzige Sonne gesch\u00e4digt wurde. Kaktusfeige ist n\u00e4hrend, feuchtigkeitsspendend und st\u00e4rkend.<\/p>\n<p><strong>Rizinus\u00f6l<\/strong> <em>(Ricinus communis)<\/em> &#8211; Kl\u00e4rendes Rizinus\u00f6l h\u00e4lt Wimpern und Augenbrauen sauber und gesund. Es wird auch h\u00e4ufig verwendet, um Falten, feine Linien und trockene Haut zu lindern.<\/p>\n<p><strong>Weihrauch<\/strong> <em>(Boswellia carterii)<\/em> &#8211; Weihrauch ist das Pi\u00e8ce de r\u00e9sistance der Hautpflege! Sie mildert R\u00f6tungen, strafft die Haut, mindert Melasmen und versorgt die Haut mit reichlich Feuchtigkeit. Es eignet sich auch hervorragend, um das Erscheinungsbild von Narben und Altersflecken zu mildern.<\/p>\n<p><strong>Myrrhe<\/strong> <em>(Commiphora myrrha)<\/em> &#8211; Die pr\u00e4chtige Myrrhe-Essenz enth\u00e4lt dasselbe jenseitige Aroma und dieselben wohltuenden Eigenschaften, die sie bei so vielen alten Zivilisationen so beliebt machten. Die alten \u00c4gypter verwendeten Myrrhe \u00f6l zur Einbalsamierung und als Sch\u00f6nheitssalbe, Entgiftungsmittel und wohlriechendes Parf\u00fcm. In biblischen Zeiten galt er als heilig. Sie salbten die Alt\u00e4re mit diesem starken Saft als Inbegriff der Reinheit. Myrrhe wird seit mehr als 3800 Jahren als kraftvolle Pflanze zur Wiederherstellung der Hautpflege verwendet. Mit ihrem hohen Gehalt an beruhigenden Sesquiterpenen ist die Myrrhe ein optimales \u00d6l, um Narben, Flecken, Melasma und rote, trockene, fahle und unebene Haut zu reduzieren. Dieses opulente Oleoresin ist wundersch\u00f6n in Sonnenb\u00e4dern und herrlich f\u00fcr strahlende Haut.<\/p>\n<p><img fetchpriority=\"high\" decoding=\"async\" class=\"aligncenter size-full wp-image-31577\" src=\"https:\/\/dutchhealthstore.com\/wp-content\/uploads\/2018\/03\/organic_big.png\" alt=\"Organic and Natural - Living Libations\" width=\"623\" height=\"103\" srcset=\"https:\/\/dutchhealthstore.com\/wp-content\/uploads\/2018\/03\/organic_big.png 623w, https:\/\/dutchhealthstore.com\/wp-content\/uploads\/2018\/03\/organic_big-510x84.png 510w, https:\/\/dutchhealthstore.com\/wp-content\/uploads\/2018\/03\/organic_big-600x99.png 600w, https:\/\/dutchhealthstore.com\/wp-content\/uploads\/2018\/03\/organic_big-350x58.png 350w\" sizes=\"(max-width: 623px) 100vw, 623px\" \/><\/p>\n","protected":false},"excerpt":{"rendered":"<p>Entfernen, wiederherstellen und Make-up die T\u00fcr weisen!<br \/>\n<strong>Good<\/strong><strong>night <\/strong><strong>Oil<\/strong> bietet die reinigenden Eigenschaften eines Make-up-Entferners mit den feuchtigkeitsspendenden Eigenschaften einer reichhaltigen, \u00fcppigen Nachtpflege f\u00fcr Haut und Wimpern. Reinigen Sie Ihr Gesicht mit Anmut und erzielen Sie eine gr\u00fcndliche Reinigung ohne Make-up, ohne scharfe Alkohole oder Tenside.<\/p>\n","protected":false},"featured_media":59135,"comment_status":"open","ping_status":"closed","template":"","meta":[],"product_brand":[],"product_cat":[14735,5898,5929,1958,1032,1493,1041,6321,1210,511,1959,4983],"product_tag":[21529,21535,4213,21778],"class_list":{"0":"post-107755","1":"product","2":"type-product","3":"status-publish","4":"has-post-thumbnail","6":"product_cat-hautpflege","7":"product_cat-eye-lip-care","8":"product_cat-eye-care-de-3","9":"product_cat-gesicht","10":"product_cat-kategorien","11":"product_cat-living-libations-deutschland","12":"product_cat-make-up-de","13":"product_cat-make-up-remover-de","14":"product_cat-marken","15":"product_cat-produkte","16":"product_cat-cleansers-de-10","17":"product_cat-cleansers-de-de-3","18":"product_tag-entspannend","19":"product_tag-geist","20":"product_tag-oil-de","21":"product_tag-schlaf","22":"pa_brand-livinglibations-de","23":"pa_make-up-productype-eyes-de","24":"pa_make-up-productype-lips-de","25":"pa_make-up-productype-cheeks-de","26":"pa_size-15-ml-de-2","27":"pa_skincare-type-cleansers-de","28":"pa_skincare-type-lips-eye-care-de","30":"first","31":"instock","32":"taxable","33":"shipping-taxable","34":"purchasable","35":"product-type-simple"},"bundled_by":[],"bundle_stock_status":"instock","bundle_stock_quantity":3,"bundle_virtual":false,"bundle_layout":"","bundle_add_to_cart_form_location":"","bundle_editable_in_cart":false,"bundle_sold_individually_context":"","bundle_item_grouping":"","bundle_min_size":"","bundle_max_size":"","bundle_price":[],"bundled_items":[],"bundle_sell_ids":[107698],"atum_controlled":true,"out_stock_date":null,"out_stock_threshold":null,"inheritable":false,"stock_on_hold":0,"sold_today":0,"sales_last_days":0,"out_stock_days":0,"lost_sales":0,"update_date":"2026-04-12T00:03:03","atum_locations":[],"atum_stock_status":"instock","restock_status":false,"low_stock_amount":0,"sales_update_date":"2026-04-12T00:03:03","calc_backorders":null,"group_of_quantity":0,"min_quantity":0,"max_quantity":"","exclude_order_quantity_value_rules":"no","exclude_category_quantity_rules":"no","combine_variations":"no","yoast_head":"<!-- This site is optimized with the Yoast SEO Premium plugin v26.5 (Yoast SEO v26.5) - https:\/\/yoast.com\/wordpress\/plugins\/seo\/ -->\n<title>Goodnight Oil | Living Libations<\/title>\n<meta name=\"description\" content=\"Goodnight Oil bietet die reinigenden Eigenschaften eines Make-up-Entferners mit den feuchtigkeitsspendenden Eigenschaften einer reichhaltigen, \u00fcppigen Nachtpflege f\u00fcr Haut und Wimpern.\" \/>\n<meta name=\"robots\" content=\"index, follow, max-snippet:-1, max-image-preview:large, max-video-preview:-1\" \/>\n<link rel=\"canonical\" href=\"https:\/\/dutchhealthstore.com\/de\/product\/goodnight-oil\/\" \/>\n<meta property=\"og:locale\" content=\"de_DE\" \/>\n<meta property=\"og:type\" content=\"article\" \/>\n<meta property=\"og:title\" content=\"Goodnight Oil - Dutch Health Store\" \/>\n<meta property=\"og:description\" content=\"Goodnight Oil bietet die reinigenden Eigenschaften eines Make-up-Entferners mit den feuchtigkeitsspendenden Eigenschaften einer reichhaltigen, \u00fcppigen Nachtpflege f\u00fcr Haut und Wimpern.\" \/>\n<meta property=\"og:url\" content=\"https:\/\/dutchhealthstore.com\/de\/product\/goodnight-oil\/\" \/>\n<meta property=\"og:site_name\" content=\"Dutch Health Store\" \/>\n<meta property=\"article:publisher\" content=\"https:\/\/www.instagram.com\/dutchhealthstore\/\" \/>\n<meta property=\"article:modified_time\" content=\"2026-03-24T13:38:10+00:00\" \/>\n<meta property=\"og:image\" content=\"https:\/\/dutchhealthstore.com\/wp-content\/uploads\/2019\/05\/Goodnight-Oil-Living-Libations.jpg\" \/>\n\t<meta property=\"og:image:width\" content=\"1200\" \/>\n\t<meta property=\"og:image:height\" content=\"1200\" \/>\n\t<meta property=\"og:image:type\" content=\"image\/jpeg\" \/>\n<meta name=\"twitter:card\" content=\"summary_large_image\" \/>\n<meta name=\"twitter:label1\" content=\"Preis\" \/>\n\t<meta name=\"twitter:data1\" content=\"&euro;29,00\" \/>\n\t<meta name=\"twitter:label2\" content=\"Verf\u00fcgbarkeit\" \/>\n\t<meta name=\"twitter:data2\" content=\"Auf Lager\" \/>\n<script type=\"application\/ld+json\" class=\"yoast-schema-graph\">{\"@context\":\"https:\/\/schema.org\",\"@graph\":[{\"@type\":\"WebPage\",\"@id\":\"https:\/\/dutchhealthstore.com\/de\/product\/goodnight-oil\/\",\"url\":\"https:\/\/dutchhealthstore.com\/de\/product\/goodnight-oil\/\",\"name\":\"Goodnight Oil | Living Libations\",\"isPartOf\":{\"@id\":\"https:\/\/dutchhealthstore.com\/de\/#website\"},\"primaryImageOfPage\":{\"@id\":\"https:\/\/dutchhealthstore.com\/de\/product\/goodnight-oil\/#primaryimage\"},\"image\":{\"@id\":\"https:\/\/dutchhealthstore.com\/de\/product\/goodnight-oil\/#primaryimage\"},\"thumbnailUrl\":\"https:\/\/dutchhealthstore.com\/wp-content\/uploads\/2019\/05\/Goodnight-Oil-Living-Libations.jpg\",\"datePublished\":\"2019-05-26T12:04:28+00:00\",\"dateModified\":\"2026-03-24T13:38:10+00:00\",\"description\":\"Goodnight Oil bietet die reinigenden Eigenschaften eines Make-up-Entferners mit den feuchtigkeitsspendenden Eigenschaften einer reichhaltigen, \u00fcppigen Nachtpflege f\u00fcr Haut und Wimpern.\",\"breadcrumb\":{\"@id\":\"https:\/\/dutchhealthstore.com\/de\/product\/goodnight-oil\/#breadcrumb\"},\"inLanguage\":\"de\",\"potentialAction\":[{\"@type\":\"ReadAction\",\"target\":[\"https:\/\/dutchhealthstore.com\/de\/product\/goodnight-oil\/\"]}]},{\"@type\":\"ImageObject\",\"inLanguage\":\"de\",\"@id\":\"https:\/\/dutchhealthstore.com\/de\/product\/goodnight-oil\/#primaryimage\",\"url\":\"https:\/\/dutchhealthstore.com\/wp-content\/uploads\/2019\/05\/Goodnight-Oil-Living-Libations.jpg\",\"contentUrl\":\"https:\/\/dutchhealthstore.com\/wp-content\/uploads\/2019\/05\/Goodnight-Oil-Living-Libations.jpg\",\"width\":1200,\"height\":1200},{\"@type\":\"BreadcrumbList\",\"@id\":\"https:\/\/dutchhealthstore.com\/de\/product\/goodnight-oil\/#breadcrumb\",\"itemListElement\":[{\"@type\":\"ListItem\",\"position\":1,\"name\":\"Home\",\"item\":\"https:\/\/dutchhealthstore.com\/de\/\"},{\"@type\":\"ListItem\",\"position\":2,\"name\":\"Shop\",\"item\":\"https:\/\/dutchhealthstore.com\/de\/shop-2\/\"},{\"@type\":\"ListItem\",\"position\":3,\"name\":\"Goodnight Oil\"}]},{\"@type\":\"WebSite\",\"@id\":\"https:\/\/dutchhealthstore.com\/de\/#website\",\"url\":\"https:\/\/dutchhealthstore.com\/de\/\",\"name\":\"Dutch Health Store\",\"description\":\"Enhance Your Beauty with Organic &amp; Natural Skincare\",\"publisher\":{\"@id\":\"https:\/\/dutchhealthstore.com\/de\/#organization\"},\"potentialAction\":[{\"@type\":\"SearchAction\",\"target\":{\"@type\":\"EntryPoint\",\"urlTemplate\":\"https:\/\/dutchhealthstore.com\/de\/?s={search_term_string}\"},\"query-input\":{\"@type\":\"PropertyValueSpecification\",\"valueRequired\":true,\"valueName\":\"search_term_string\"}}],\"inLanguage\":\"de\"},{\"@type\":\"Organization\",\"@id\":\"https:\/\/dutchhealthstore.com\/de\/#organization\",\"name\":\"Dutch Health Store\",\"url\":\"https:\/\/dutchhealthstore.com\/de\/\",\"logo\":{\"@type\":\"ImageObject\",\"inLanguage\":\"de\",\"@id\":\"https:\/\/dutchhealthstore.com\/de\/#\/schema\/logo\/image\/\",\"url\":\"https:\/\/dutchhealthstore.com\/wp-content\/uploads\/2020\/08\/logo-dutchhealthstore-jpg-e1599484957574.jpg\",\"contentUrl\":\"https:\/\/dutchhealthstore.com\/wp-content\/uploads\/2020\/08\/logo-dutchhealthstore-jpg-e1599484957574.jpg\",\"width\":400,\"height\":62,\"caption\":\"Dutch Health Store\"},\"image\":{\"@id\":\"https:\/\/dutchhealthstore.com\/de\/#\/schema\/logo\/image\/\"},\"sameAs\":[\"https:\/\/www.instagram.com\/dutchhealthstore\/\",\"https:\/\/www.facebook.com\/dutchhealthstore\"]}]}<\/script>\n<meta property=\"product:brand\" content=\"Living Libations\" \/>\n<meta property=\"product:price:amount\" content=\"29.00\" \/>\n<meta property=\"product:price:currency\" content=\"EUR\" \/>\n<meta property=\"og:availability\" content=\"instock\" \/>\n<meta property=\"product:availability\" content=\"instock\" \/>\n<meta property=\"product:condition\" content=\"new\" \/>\n<!-- \/ Yoast SEO Premium plugin. -->","yoast_head_json":{"title":"Goodnight Oil | Living Libations","description":"Goodnight Oil bietet die reinigenden Eigenschaften eines Make-up-Entferners mit den feuchtigkeitsspendenden Eigenschaften einer reichhaltigen, \u00fcppigen Nachtpflege f\u00fcr Haut und Wimpern.","robots":{"index":"index","follow":"follow","max-snippet":"max-snippet:-1","max-image-preview":"max-image-preview:large","max-video-preview":"max-video-preview:-1"},"canonical":"https:\/\/dutchhealthstore.com\/de\/product\/goodnight-oil\/","og_locale":"de_DE","og_type":"article","og_title":"Goodnight Oil - Dutch Health Store","og_description":"Goodnight Oil bietet die reinigenden Eigenschaften eines Make-up-Entferners mit den feuchtigkeitsspendenden Eigenschaften einer reichhaltigen, \u00fcppigen Nachtpflege f\u00fcr Haut und Wimpern.","og_url":"https:\/\/dutchhealthstore.com\/de\/product\/goodnight-oil\/","og_site_name":"Dutch Health Store","article_publisher":"https:\/\/www.instagram.com\/dutchhealthstore\/","article_modified_time":"2026-03-24T13:38:10+00:00","og_image":[{"width":1200,"height":1200,"url":"https:\/\/dutchhealthstore.com\/wp-content\/uploads\/2019\/05\/Goodnight-Oil-Living-Libations.jpg","type":"image\/jpeg"}],"twitter_card":"summary_large_image","twitter_misc":{"Preis":"&euro;29,00","Verf\u00fcgbarkeit":"Auf Lager"},"schema":{"@context":"https:\/\/schema.org","@graph":[{"@type":"WebPage","@id":"https:\/\/dutchhealthstore.com\/de\/product\/goodnight-oil\/","url":"https:\/\/dutchhealthstore.com\/de\/product\/goodnight-oil\/","name":"Goodnight Oil | Living Libations","isPartOf":{"@id":"https:\/\/dutchhealthstore.com\/de\/#website"},"primaryImageOfPage":{"@id":"https:\/\/dutchhealthstore.com\/de\/product\/goodnight-oil\/#primaryimage"},"image":{"@id":"https:\/\/dutchhealthstore.com\/de\/product\/goodnight-oil\/#primaryimage"},"thumbnailUrl":"https:\/\/dutchhealthstore.com\/wp-content\/uploads\/2019\/05\/Goodnight-Oil-Living-Libations.jpg","datePublished":"2019-05-26T12:04:28+00:00","dateModified":"2026-03-24T13:38:10+00:00","description":"Goodnight Oil bietet die reinigenden Eigenschaften eines Make-up-Entferners mit den feuchtigkeitsspendenden Eigenschaften einer reichhaltigen, \u00fcppigen Nachtpflege f\u00fcr Haut und Wimpern.","breadcrumb":{"@id":"https:\/\/dutchhealthstore.com\/de\/product\/goodnight-oil\/#breadcrumb"},"inLanguage":"de","potentialAction":[{"@type":"ReadAction","target":["https:\/\/dutchhealthstore.com\/de\/product\/goodnight-oil\/"]}]},{"@type":"ImageObject","inLanguage":"de","@id":"https:\/\/dutchhealthstore.com\/de\/product\/goodnight-oil\/#primaryimage","url":"https:\/\/dutchhealthstore.com\/wp-content\/uploads\/2019\/05\/Goodnight-Oil-Living-Libations.jpg","contentUrl":"https:\/\/dutchhealthstore.com\/wp-content\/uploads\/2019\/05\/Goodnight-Oil-Living-Libations.jpg","width":1200,"height":1200},{"@type":"BreadcrumbList","@id":"https:\/\/dutchhealthstore.com\/de\/product\/goodnight-oil\/#breadcrumb","itemListElement":[{"@type":"ListItem","position":1,"name":"Home","item":"https:\/\/dutchhealthstore.com\/de\/"},{"@type":"ListItem","position":2,"name":"Shop","item":"https:\/\/dutchhealthstore.com\/de\/shop-2\/"},{"@type":"ListItem","position":3,"name":"Goodnight Oil"}]},{"@type":"WebSite","@id":"https:\/\/dutchhealthstore.com\/de\/#website","url":"https:\/\/dutchhealthstore.com\/de\/","name":"Dutch Health Store","description":"Enhance Your Beauty with Organic &amp; Natural Skincare","publisher":{"@id":"https:\/\/dutchhealthstore.com\/de\/#organization"},"potentialAction":[{"@type":"SearchAction","target":{"@type":"EntryPoint","urlTemplate":"https:\/\/dutchhealthstore.com\/de\/?s={search_term_string}"},"query-input":{"@type":"PropertyValueSpecification","valueRequired":true,"valueName":"search_term_string"}}],"inLanguage":"de"},{"@type":"Organization","@id":"https:\/\/dutchhealthstore.com\/de\/#organization","name":"Dutch Health Store","url":"https:\/\/dutchhealthstore.com\/de\/","logo":{"@type":"ImageObject","inLanguage":"de","@id":"https:\/\/dutchhealthstore.com\/de\/#\/schema\/logo\/image\/","url":"https:\/\/dutchhealthstore.com\/wp-content\/uploads\/2020\/08\/logo-dutchhealthstore-jpg-e1599484957574.jpg","contentUrl":"https:\/\/dutchhealthstore.com\/wp-content\/uploads\/2020\/08\/logo-dutchhealthstore-jpg-e1599484957574.jpg","width":400,"height":62,"caption":"Dutch Health Store"},"image":{"@id":"https:\/\/dutchhealthstore.com\/de\/#\/schema\/logo\/image\/"},"sameAs":["https:\/\/www.instagram.com\/dutchhealthstore\/","https:\/\/www.facebook.com\/dutchhealthstore"]}]},"product_brand":"Living Libations","product_price_amount":"29.00","product_price_currency":"EUR","og_availability":"instock","product_availability":"instock","product_condition":"new"},"_links":{"self":[{"href":"https:\/\/dutchhealthstore.com\/de\/wp-json\/wp\/v2\/product\/107755","targetHints":{"allow":["GET"]}}],"collection":[{"href":"https:\/\/dutchhealthstore.com\/de\/wp-json\/wp\/v2\/product"}],"about":[{"href":"https:\/\/dutchhealthstore.com\/de\/wp-json\/wp\/v2\/types\/product"}],"replies":[{"embeddable":true,"href":"https:\/\/dutchhealthstore.com\/de\/wp-json\/wp\/v2\/comments?post=107755"}],"wp:featuredmedia":[{"embeddable":true,"href":"https:\/\/dutchhealthstore.com\/de\/wp-json\/wp\/v2\/media\/59135"}],"wp:attachment":[{"href":"https:\/\/dutchhealthstore.com\/de\/wp-json\/wp\/v2\/media?parent=107755"}],"wp:term":[{"taxonomy":"product_brand","embeddable":true,"href":"https:\/\/dutchhealthstore.com\/de\/wp-json\/wp\/v2\/product_brand?post=107755"},{"taxonomy":"product_cat","embeddable":true,"href":"https:\/\/dutchhealthstore.com\/de\/wp-json\/wp\/v2\/product_cat?post=107755"},{"taxonomy":"product_tag","embeddable":true,"href":"https:\/\/dutchhealthstore.com\/de\/wp-json\/wp\/v2\/product_tag?post=107755"}],"curies":[{"name":"wp","href":"https:\/\/api.w.org\/{rel}","templated":true}]}}