{"id":107733,"date":"2018-02-10T19:26:49","date_gmt":"2018-02-10T19:26:49","guid":{"rendered":"https:\/\/dutchhealthstore.com\/product\/rose-glow-complexion-mist\/"},"modified":"2026-01-20T14:08:07","modified_gmt":"2026-01-20T13:08:07","slug":"rose-glow-complexion-mist","status":"publish","type":"product","link":"https:\/\/dutchhealthstore.com\/de\/product\/rose-glow-complexion-mist\/","title":{"rendered":"Rose Glow Complexion Mist"},"content":{"rendered":"<p><img decoding=\"async\" class=\"size-full wp-image-37041 alignright\" src=\"https:\/\/dutchhealthstore.com\/wp-content\/uploads\/2018\/04\/Living_Libations-1.png\" alt=\"Organic &amp; Natural Beautyproducts - Living Libations\" width=\"175\" height=\"82\">Living Libations Rose Glow Complexion Mist bereitet die Poren darauf vor, die Feuchtigkeit aufzunehmen, die sie so sehr lieben.<br \/>\nDas Hydrosol aus Hunderten von widerstandsf\u00e4higen Rosenbl\u00e4ttern tanzt in einem Quellbrunnen, der Haut und Geist erweckt und erneuert.<br \/>\nRose Glow Complexion Mist ist eine g\u00f6ttliche Dekadenz, um trockene Haut zu durchfeuchten und unebene Hautstrukturen zu gl\u00e4tten.<\/p>\n<h3>Instruktion<\/h3>\n<p>Nachdem Sie Ihr Gesicht mit einem Best Skin Ever gewaschen haben, spr\u00fchen Sie Rose Glow Complexion Mist sanft auf Ihr Gesicht. Anschlie\u00dfend die Anmut von Rose Glow Cr\u00e8me, Royal Rose oder Rose Glow Serums verwenden. K\u00f6stliches Aftershave oder als sanfter Make-up-Entferner.<\/p>\n<h3 class=\"yikes-custom-woo-tab-title yikes-custom-woo-tab-title-natural-organic-ingredients\">Nat\u00fcrliche\/Organische Inhaltsstoffe<\/h3>\n<p><strong>Rosenhydrosol <\/strong><em>(Rosa damascena) &#8211; <\/em>Das elastische Hydrosol bereitet die Poren auf die Feuchtigkeitszufuhr vor, die sie so sehr lieben. Rosenhydrosol, auch Rosenwasser genannt, wird aus der ersten Runde der dampfdestillierten Rosenbl\u00fctenbl\u00e4tter von Rosa damascena bei der Herstellung von \u00e4therischem Rosen\u00f6l gewonnen. Das beste Rosenhydrolat stammt aus der Prim\u00e4rdestillation und wird niemals mit zus\u00e4tzlichem Wasser oder Alkohol versetzt. W\u00e4hrend der Destillation tanzen die Rosenbl\u00fcten in einer Font\u00e4ne aus Tau, und die mikrol\u00f6slichen Bestandteile des \u00e4therischen \u00d6ls verleihen dem Hydrolat die Erinnerung an Rosen und setzen wohltuende wasserl\u00f6sliche Inhaltsstoffe frei, die die Haut auf wunderbare Weise pflegen. Rosenhydrolat ist ein mildes Gesichtswasser und wirkt als feuchtigkeitsspendendes Mittel, das die Stimmung hebt und die durstige Haut beruhigt. Ein einziger Spr\u00fchsto\u00df erf\u00fcllt Ihre Haut mit der tiefen Sch\u00f6nheit dieses besonderen Wassers, das schon seit Jahrtausenden gesch\u00e4tzt wird.<\/p>\n<p><strong>Rose Otto <\/strong><em>(Rosa damascena) &#8211; <\/em>Rose Otto wirkt beruhigend auf das Herz und gl\u00e4ttend auf Falten. Es ist ein wichtiger Verb\u00fcndeter bei der Hautverj\u00fcngung, der das Gleichgewicht und die Heilung bei allen Hautzust\u00e4nden f\u00f6rdert. Rose Otto ist ein k\u00f6stlicher blumiger Duft, der den Geist harmonisiert. Rose Otto, die heilkr\u00e4ftigste Rose, wird f\u00fcr Heilzwecke, zur Hautpflege und zum Verzehr verwendet. Es ist eine elegante und wertvolle Essenz. Man braucht sechzig Rosen, um einen Tropfen \u00e4therisches Rosen\u00f6l herzustellen! Rosen-Otto ist von klarer, gelber Farbe und kann sich bei k\u00e4lteren Temperaturen verfestigen, was auf den Gehalt an Blumenwachsen im \u00d6l zur\u00fcckzuf\u00fchren ist. Als einer der medizinisch am meisten gesch\u00e4tzten Extrakte verleiht Rose Otto der Haut Spannkraft und Elastizit\u00e4t. Es ist ein Wundermittel, das mit seinen starken antiseptischen Eigenschaften die Heilung des Gewebes beschleunigt. Es ist ein wunderbares allgemeines Tonikum, das alle Hauttypen beruhigt und die Verj\u00fcngung des Bindegewebes f\u00f6rdert.<\/p>\n<p><strong>Immortelle<\/strong><em>(Helichrysum italicum)<\/em> &#8211; Die immerw\u00e4hrende Immortelle ist hervorragend und eignet sich hervorragend f\u00fcr alle Arten der Hautpflege. Dieses duftende, blumige \u00d6l wird auf der Insel Korsika wild geerntet, wo die Blumen unter der Meeresbrise und der Sonne gedeihen. Die Blumen wachsen in einer H\u00f6he von 4.000 Fu\u00df auf den felsigen Klippen der Landschaft. Die Immortelle hilft, das Erscheinungsbild von Narben, Flecken, Melasma, R\u00f6tungen und F\u00e4ltchen zu mildern. Dieses facettenreiche \u00d6l ist auch emotional sehr anregend.<\/p>\n<p><strong>Lavendel <\/strong><em>(<\/em><em>Lavandula angustifolia)<\/em> <strong>&#8211;<\/strong> Langsam Lavendel ist ber\u00fchmt f\u00fcr seine F\u00e4higkeit, K\u00f6rper und Geist zu beruhigen. Dieses sanfte, aber dennoch wirkungsvolle Hauttonikum eignet sich perfekt, um das Erscheinungsbild von Narben, Flecken, Melasma und ungleichm\u00e4\u00dfigem Hautton zu mildern. Lavendel ist ein Wiegenlied f\u00fcr den Geist und die Haut.<\/p>\n<p><strong>Sandelholz<\/strong> <em>(Santalum album) &#8211;<\/em> Unsere ethisch geerntete, himmlisch duftende Sandelholz-Essenz wird aus dem Kernholz des aromatischen Baumes destilliert. Es wird auch h\u00e4ufig verwendet, um hei\u00dfe, ger\u00f6tete und trockene Haut zu beruhigen. Kann als Parf\u00fcm, K\u00f6rper\u00f6l, Haarbehandlung und Akne-Tonikum verwendet werden. Dieses heitere \u00d6l enth\u00e4lt Alpha-Santol und Beta-Santol, was Sandelholz zu einem best\u00e4ndigen Serum macht, das die Haut tonisiert, reguliert und mit Feuchtigkeit versorgt.<\/p>\n<p><strong>Karottensamen<\/strong> <em>(Daucus Carota)<\/em> &#8211; Queen Anne&#8217;s Lace beleuchtet Haut und Gesicht. Es stimuliert die Heilung und wirkt regenerierend auf die Haut und bringt sowohl fettige als auch trockene Haut ins Gleichgewicht. Sein mildes, s\u00fc\u00dfes und holziges Aroma ist inspirierend.<\/p>\n<p><img fetchpriority=\"high\" decoding=\"async\" class=\"size-full wp-image-31577 aligncenter\" src=\"https:\/\/dutchhealthstore.com\/wp-content\/uploads\/2018\/03\/organic_big.png\" alt=\"Organic and Natural - Living Libations\" width=\"623\" height=\"103\" srcset=\"https:\/\/dutchhealthstore.com\/wp-content\/uploads\/2018\/03\/organic_big.png 623w, https:\/\/dutchhealthstore.com\/wp-content\/uploads\/2018\/03\/organic_big-510x84.png 510w, https:\/\/dutchhealthstore.com\/wp-content\/uploads\/2018\/03\/organic_big-600x99.png 600w, https:\/\/dutchhealthstore.com\/wp-content\/uploads\/2018\/03\/organic_big-350x58.png 350w\" sizes=\"(max-width: 623px) 100vw, 623px\" \/><\/p>\n","protected":false},"excerpt":{"rendered":"<p>Living Libations Rose Glow Complexion Mist bereitet die Poren darauf vor, die Feuchtigkeit aufzunehmen, die sie so sehr lieben.<br \/>\nDas Hydrosol aus Hunderten von widerstandsf\u00e4higen Rosenbl\u00e4ttern tanzt in einem Quellbrunnen, der Haut und Geist erweckt und erneuert.<br \/>\nRose Glow Complexion Mist ist eine g\u00f6ttliche Dekadenz, um trockene Haut zu durchfeuchten und unebene Hautstrukturen zu gl\u00e4tten.<\/p>\n","protected":false},"featured_media":257587,"comment_status":"open","ping_status":"closed","template":"","meta":[],"product_brand":[],"product_cat":[14735,1227,1958,1032,1493,1210,5636,5101,511,5671,4663,5667,5668,5634,5063],"product_tag":[6317],"class_list":{"0":"post-107733","1":"product","2":"type-product","3":"status-publish","4":"has-post-thumbnail","6":"product_cat-hautpflege","7":"product_cat-sensitive-skin-redness-de","8":"product_cat-gesicht","9":"product_cat-kategorien","10":"product_cat-living-libations-deutschland","11":"product_cat-marken","12":"product_cat-normal-or-combination-skin-de-2","13":"product_cat-by-skin-type-de-4","14":"product_cat-produkte","15":"product_cat-toners-de-2","16":"product_cat-toners-de-3","17":"product_cat-toners-de-4","18":"product_cat-toners-de-5","19":"product_cat-dry-mature-ageing-skin-de-2","20":"product_cat-dry-mature-ageing-skin-de-6","21":"product_tag-glow-de","22":"pa_bestsellers-goed-de","23":"pa_brand-livinglibations-de","24":"pa_gtin-7439657347320-de","25":"pa_size-25-ml-de","26":"pa_size-30-ml-de","27":"pa_size-50-ml-de","28":"pa_skincare-type-toners-de","29":"pa_skintype-normal-combination-skin-de","30":"pa_skintype-sensitive-skin-redness-de","31":"pa_skintype-dry-mature-ageing-skin-de","33":"first","34":"instock","35":"taxable","36":"shipping-taxable","37":"purchasable","38":"product-type-variable"},"bundled_by":[],"bundle_stock_status":"instock","bundle_stock_quantity":null,"bundle_virtual":false,"bundle_layout":"","bundle_add_to_cart_form_location":"","bundle_editable_in_cart":false,"bundle_sold_individually_context":"","bundle_item_grouping":"","bundle_min_size":"","bundle_max_size":"","bundle_price":[],"bundled_items":[],"bundle_sell_ids":[323520],"atum_controlled":true,"out_stock_date":null,"out_stock_threshold":null,"inheritable":true,"stock_on_hold":2,"sold_today":0,"sales_last_days":0,"out_stock_days":0,"lost_sales":0,"update_date":"2026-04-07T13:52:05","atum_locations":[],"atum_stock_status":"instock","restock_status":false,"low_stock_amount":"","sales_update_date":"2026-04-07T13:52:05","calc_backorders":null,"group_of_quantity":0,"min_quantity":0,"max_quantity":"","exclude_order_quantity_value_rules":"no","exclude_category_quantity_rules":"no","combine_variations":"no","yoast_head":"<!-- This site is optimized with the Yoast SEO Premium plugin v26.5 (Yoast SEO v26.5) - https:\/\/yoast.com\/wordpress\/plugins\/seo\/ -->\n<title>Rose Glow Complexion Mist | Living Libations<\/title>\n<meta name=\"description\" content=\"Rose Glow Complexion Mist ist hervorragend geeignet, um Haut und Geist auf Reisen zu erfrischen.\" \/>\n<meta name=\"robots\" content=\"index, follow, max-snippet:-1, max-image-preview:large, max-video-preview:-1\" \/>\n<link rel=\"canonical\" href=\"https:\/\/dutchhealthstore.com\/de\/product\/rose-glow-complexion-mist\/\" \/>\n<meta property=\"og:locale\" content=\"de_DE\" \/>\n<meta property=\"og:type\" content=\"article\" \/>\n<meta property=\"og:title\" content=\"Rose Glow Complexion Mist - Dutch Health Store\" \/>\n<meta property=\"og:description\" content=\"Rose Glow Complexion Mist ist hervorragend geeignet, um Haut und Geist auf Reisen zu erfrischen.\" \/>\n<meta property=\"og:url\" content=\"https:\/\/dutchhealthstore.com\/de\/product\/rose-glow-complexion-mist\/\" \/>\n<meta property=\"og:site_name\" content=\"Dutch Health Store\" \/>\n<meta property=\"article:publisher\" content=\"https:\/\/www.instagram.com\/dutchhealthstore\/\" \/>\n<meta property=\"article:modified_time\" content=\"2026-01-20T13:08:07+00:00\" \/>\n<meta property=\"og:image\" content=\"https:\/\/dutchhealthstore.com\/wp-content\/uploads\/2018\/02\/LLroseglowcomplexionmist50ml.jpg\" \/>\n\t<meta property=\"og:image:width\" content=\"510\" \/>\n\t<meta property=\"og:image:height\" content=\"510\" \/>\n\t<meta property=\"og:image:type\" content=\"image\/jpeg\" \/>\n<meta name=\"twitter:card\" content=\"summary_large_image\" \/>\n<meta name=\"twitter:label1\" content=\"Verf\u00fcgbarkeit\" \/>\n\t<meta name=\"twitter:data1\" content=\"Auf Lager\" \/>\n<script type=\"application\/ld+json\" class=\"yoast-schema-graph\">{\"@context\":\"https:\/\/schema.org\",\"@graph\":[{\"@type\":\"WebPage\",\"@id\":\"https:\/\/dutchhealthstore.com\/de\/product\/rose-glow-complexion-mist\/\",\"url\":\"https:\/\/dutchhealthstore.com\/de\/product\/rose-glow-complexion-mist\/\",\"name\":\"Rose Glow Complexion Mist | Living Libations\",\"isPartOf\":{\"@id\":\"https:\/\/dutchhealthstore.com\/de\/#website\"},\"primaryImageOfPage\":{\"@id\":\"https:\/\/dutchhealthstore.com\/de\/product\/rose-glow-complexion-mist\/#primaryimage\"},\"image\":{\"@id\":\"https:\/\/dutchhealthstore.com\/de\/product\/rose-glow-complexion-mist\/#primaryimage\"},\"thumbnailUrl\":\"https:\/\/dutchhealthstore.com\/wp-content\/uploads\/2018\/02\/LLroseglowcomplexionmist50ml.jpg\",\"datePublished\":\"2018-02-10T19:26:49+00:00\",\"dateModified\":\"2026-01-20T13:08:07+00:00\",\"description\":\"Rose Glow Complexion Mist ist hervorragend geeignet, um Haut und Geist auf Reisen zu erfrischen.\",\"breadcrumb\":{\"@id\":\"https:\/\/dutchhealthstore.com\/de\/product\/rose-glow-complexion-mist\/#breadcrumb\"},\"inLanguage\":\"de\",\"potentialAction\":[{\"@type\":\"ReadAction\",\"target\":[\"https:\/\/dutchhealthstore.com\/de\/product\/rose-glow-complexion-mist\/\"]}]},{\"@type\":\"ImageObject\",\"inLanguage\":\"de\",\"@id\":\"https:\/\/dutchhealthstore.com\/de\/product\/rose-glow-complexion-mist\/#primaryimage\",\"url\":\"https:\/\/dutchhealthstore.com\/wp-content\/uploads\/2018\/02\/LLroseglowcomplexionmist50ml.jpg\",\"contentUrl\":\"https:\/\/dutchhealthstore.com\/wp-content\/uploads\/2018\/02\/LLroseglowcomplexionmist50ml.jpg\",\"width\":510,\"height\":510,\"caption\":\"LLroseglowcomplexionmist50ml\"},{\"@type\":\"BreadcrumbList\",\"@id\":\"https:\/\/dutchhealthstore.com\/de\/product\/rose-glow-complexion-mist\/#breadcrumb\",\"itemListElement\":[{\"@type\":\"ListItem\",\"position\":1,\"name\":\"Home\",\"item\":\"https:\/\/dutchhealthstore.com\/de\/\"},{\"@type\":\"ListItem\",\"position\":2,\"name\":\"Shop\",\"item\":\"https:\/\/dutchhealthstore.com\/de\/shop-2\/\"},{\"@type\":\"ListItem\",\"position\":3,\"name\":\"Rose Glow Complexion Mist\"}]},{\"@type\":\"WebSite\",\"@id\":\"https:\/\/dutchhealthstore.com\/de\/#website\",\"url\":\"https:\/\/dutchhealthstore.com\/de\/\",\"name\":\"Dutch Health Store\",\"description\":\"Enhance Your Beauty with Organic &amp; Natural Skincare\",\"publisher\":{\"@id\":\"https:\/\/dutchhealthstore.com\/de\/#organization\"},\"potentialAction\":[{\"@type\":\"SearchAction\",\"target\":{\"@type\":\"EntryPoint\",\"urlTemplate\":\"https:\/\/dutchhealthstore.com\/de\/?s={search_term_string}\"},\"query-input\":{\"@type\":\"PropertyValueSpecification\",\"valueRequired\":true,\"valueName\":\"search_term_string\"}}],\"inLanguage\":\"de\"},{\"@type\":\"Organization\",\"@id\":\"https:\/\/dutchhealthstore.com\/de\/#organization\",\"name\":\"Dutch Health Store\",\"url\":\"https:\/\/dutchhealthstore.com\/de\/\",\"logo\":{\"@type\":\"ImageObject\",\"inLanguage\":\"de\",\"@id\":\"https:\/\/dutchhealthstore.com\/de\/#\/schema\/logo\/image\/\",\"url\":\"https:\/\/dutchhealthstore.com\/wp-content\/uploads\/2020\/08\/logo-dutchhealthstore-jpg-e1599484957574.jpg\",\"contentUrl\":\"https:\/\/dutchhealthstore.com\/wp-content\/uploads\/2020\/08\/logo-dutchhealthstore-jpg-e1599484957574.jpg\",\"width\":400,\"height\":62,\"caption\":\"Dutch Health Store\"},\"image\":{\"@id\":\"https:\/\/dutchhealthstore.com\/de\/#\/schema\/logo\/image\/\"},\"sameAs\":[\"https:\/\/www.instagram.com\/dutchhealthstore\/\",\"https:\/\/www.facebook.com\/dutchhealthstore\"]}]}<\/script>\n<meta property=\"product:brand\" content=\"Living Libations\" \/>\n<meta property=\"og:availability\" content=\"instock\" \/>\n<meta property=\"product:availability\" content=\"instock\" \/>\n<meta property=\"product:condition\" content=\"new\" \/>\n<!-- \/ Yoast SEO Premium plugin. -->","yoast_head_json":{"title":"Rose Glow Complexion Mist | Living Libations","description":"Rose Glow Complexion Mist ist hervorragend geeignet, um Haut und Geist auf Reisen zu erfrischen.","robots":{"index":"index","follow":"follow","max-snippet":"max-snippet:-1","max-image-preview":"max-image-preview:large","max-video-preview":"max-video-preview:-1"},"canonical":"https:\/\/dutchhealthstore.com\/de\/product\/rose-glow-complexion-mist\/","og_locale":"de_DE","og_type":"article","og_title":"Rose Glow Complexion Mist - Dutch Health Store","og_description":"Rose Glow Complexion Mist ist hervorragend geeignet, um Haut und Geist auf Reisen zu erfrischen.","og_url":"https:\/\/dutchhealthstore.com\/de\/product\/rose-glow-complexion-mist\/","og_site_name":"Dutch Health Store","article_publisher":"https:\/\/www.instagram.com\/dutchhealthstore\/","article_modified_time":"2026-01-20T13:08:07+00:00","og_image":[{"width":510,"height":510,"url":"https:\/\/dutchhealthstore.com\/wp-content\/uploads\/2018\/02\/LLroseglowcomplexionmist50ml.jpg","type":"image\/jpeg"}],"twitter_card":"summary_large_image","twitter_misc":{"Verf\u00fcgbarkeit":"Auf Lager"},"schema":{"@context":"https:\/\/schema.org","@graph":[{"@type":"WebPage","@id":"https:\/\/dutchhealthstore.com\/de\/product\/rose-glow-complexion-mist\/","url":"https:\/\/dutchhealthstore.com\/de\/product\/rose-glow-complexion-mist\/","name":"Rose Glow Complexion Mist | Living Libations","isPartOf":{"@id":"https:\/\/dutchhealthstore.com\/de\/#website"},"primaryImageOfPage":{"@id":"https:\/\/dutchhealthstore.com\/de\/product\/rose-glow-complexion-mist\/#primaryimage"},"image":{"@id":"https:\/\/dutchhealthstore.com\/de\/product\/rose-glow-complexion-mist\/#primaryimage"},"thumbnailUrl":"https:\/\/dutchhealthstore.com\/wp-content\/uploads\/2018\/02\/LLroseglowcomplexionmist50ml.jpg","datePublished":"2018-02-10T19:26:49+00:00","dateModified":"2026-01-20T13:08:07+00:00","description":"Rose Glow Complexion Mist ist hervorragend geeignet, um Haut und Geist auf Reisen zu erfrischen.","breadcrumb":{"@id":"https:\/\/dutchhealthstore.com\/de\/product\/rose-glow-complexion-mist\/#breadcrumb"},"inLanguage":"de","potentialAction":[{"@type":"ReadAction","target":["https:\/\/dutchhealthstore.com\/de\/product\/rose-glow-complexion-mist\/"]}]},{"@type":"ImageObject","inLanguage":"de","@id":"https:\/\/dutchhealthstore.com\/de\/product\/rose-glow-complexion-mist\/#primaryimage","url":"https:\/\/dutchhealthstore.com\/wp-content\/uploads\/2018\/02\/LLroseglowcomplexionmist50ml.jpg","contentUrl":"https:\/\/dutchhealthstore.com\/wp-content\/uploads\/2018\/02\/LLroseglowcomplexionmist50ml.jpg","width":510,"height":510,"caption":"LLroseglowcomplexionmist50ml"},{"@type":"BreadcrumbList","@id":"https:\/\/dutchhealthstore.com\/de\/product\/rose-glow-complexion-mist\/#breadcrumb","itemListElement":[{"@type":"ListItem","position":1,"name":"Home","item":"https:\/\/dutchhealthstore.com\/de\/"},{"@type":"ListItem","position":2,"name":"Shop","item":"https:\/\/dutchhealthstore.com\/de\/shop-2\/"},{"@type":"ListItem","position":3,"name":"Rose Glow Complexion Mist"}]},{"@type":"WebSite","@id":"https:\/\/dutchhealthstore.com\/de\/#website","url":"https:\/\/dutchhealthstore.com\/de\/","name":"Dutch Health Store","description":"Enhance Your Beauty with Organic &amp; Natural Skincare","publisher":{"@id":"https:\/\/dutchhealthstore.com\/de\/#organization"},"potentialAction":[{"@type":"SearchAction","target":{"@type":"EntryPoint","urlTemplate":"https:\/\/dutchhealthstore.com\/de\/?s={search_term_string}"},"query-input":{"@type":"PropertyValueSpecification","valueRequired":true,"valueName":"search_term_string"}}],"inLanguage":"de"},{"@type":"Organization","@id":"https:\/\/dutchhealthstore.com\/de\/#organization","name":"Dutch Health Store","url":"https:\/\/dutchhealthstore.com\/de\/","logo":{"@type":"ImageObject","inLanguage":"de","@id":"https:\/\/dutchhealthstore.com\/de\/#\/schema\/logo\/image\/","url":"https:\/\/dutchhealthstore.com\/wp-content\/uploads\/2020\/08\/logo-dutchhealthstore-jpg-e1599484957574.jpg","contentUrl":"https:\/\/dutchhealthstore.com\/wp-content\/uploads\/2020\/08\/logo-dutchhealthstore-jpg-e1599484957574.jpg","width":400,"height":62,"caption":"Dutch Health Store"},"image":{"@id":"https:\/\/dutchhealthstore.com\/de\/#\/schema\/logo\/image\/"},"sameAs":["https:\/\/www.instagram.com\/dutchhealthstore\/","https:\/\/www.facebook.com\/dutchhealthstore"]}]},"product_brand":"Living Libations","og_availability":"instock","product_availability":"instock","product_condition":"new"},"_links":{"self":[{"href":"https:\/\/dutchhealthstore.com\/de\/wp-json\/wp\/v2\/product\/107733","targetHints":{"allow":["GET"]}}],"collection":[{"href":"https:\/\/dutchhealthstore.com\/de\/wp-json\/wp\/v2\/product"}],"about":[{"href":"https:\/\/dutchhealthstore.com\/de\/wp-json\/wp\/v2\/types\/product"}],"replies":[{"embeddable":true,"href":"https:\/\/dutchhealthstore.com\/de\/wp-json\/wp\/v2\/comments?post=107733"}],"wp:featuredmedia":[{"embeddable":true,"href":"https:\/\/dutchhealthstore.com\/de\/wp-json\/wp\/v2\/media\/257587"}],"wp:attachment":[{"href":"https:\/\/dutchhealthstore.com\/de\/wp-json\/wp\/v2\/media?parent=107733"}],"wp:term":[{"taxonomy":"product_brand","embeddable":true,"href":"https:\/\/dutchhealthstore.com\/de\/wp-json\/wp\/v2\/product_brand?post=107733"},{"taxonomy":"product_cat","embeddable":true,"href":"https:\/\/dutchhealthstore.com\/de\/wp-json\/wp\/v2\/product_cat?post=107733"},{"taxonomy":"product_tag","embeddable":true,"href":"https:\/\/dutchhealthstore.com\/de\/wp-json\/wp\/v2\/product_tag?post=107733"}],"curies":[{"name":"wp","href":"https:\/\/api.w.org\/{rel}","templated":true}]}}