{"id":107723,"date":"2020-02-17T08:43:24","date_gmt":"2020-02-17T08:43:24","guid":{"rendered":"https:\/\/dutchhealthstore.com\/product\/ginger-exfoliating-scrub\/"},"modified":"2026-02-21T19:36:48","modified_gmt":"2026-02-21T18:36:48","slug":"ginger-exfoliating-scrub","status":"publish","type":"product","link":"https:\/\/dutchhealthstore.com\/de\/product\/ginger-exfoliating-scrub\/","title":{"rendered":"Ginger Exfoliating Scrub"},"content":{"rendered":"<p><img decoding=\"async\" class=\"alignright size-full wp-image-37041\" src=\"https:\/\/dutchhealthstore.com\/wp-content\/uploads\/2018\/04\/Living_Libations-1.png\" alt=\"Organic &amp; Natural Beautyproducts - Living Libations\" width=\"175\" height=\"82\">Unser <strong>Ginger Exfoliating Scrub<\/strong> belebt die Haut von Kopf bis Fu\u00df, macht sie geschmeidig und verleiht ihr einen strahlenden und vitalen Teint!<\/p>\n<p>Dieses Ingwer-Peeling wird Ihre Haut zum Singen bringen, da es sie mit beruhigenden Algen und sehr fein gemahlenem Bimsstein, der in einer cremigen Ingwer-Grapefruit-Lotion gemischt ist, gl\u00e4ttet und strafft.<\/p>\n<p>Angereichert mit der feuchtigkeitsspendenden Kraft der Eibischwurzel und dem vollwertigen Jojoba, ist unser <strong>Ingwer-Peeling<\/strong> mit lebhaften Inhaltsstoffen angereichert, die Ihre Haut wach und fr\u00f6hlich machen.<br \/>\nDiese revitalisierende, perlmuttartige Paste kann auch als sanfter Gesichtsreiniger oder als Peeling f\u00fcr die F\u00fc\u00dfe verwendet werden.<\/p>\n<p><strong>Gr\u00f6\u00dfe: 120 ml<\/strong><\/p>\n<h3>Instruktion<\/h3>\n<p>Obwohl es jederzeit verwendet werden kann, empfehlen wir Ihnen, dieses Peeling morgens zum Aufwachen zu verwenden oder es nach einem langen Tag als Muntermacher zu probieren. Es macht die Haut durch ein sanftes, aber wundersch\u00f6n k\u00f6rniges Peeling weich und hinterl\u00e4sst eine verbesserte Textur und anhaltende Feuchtigkeit. Das Living Libations <strong>Ginger <\/strong><strong>Exfoliating <\/strong><strong>Scrub<\/strong> hinterl\u00e4sst bei jeder Anwendung ein seidenweiches und herrlich glattes Hautgef\u00fchl.<\/p>\n<p>Eine wirksame Zwei-in-Eins-Pflege, die trockene, schuppige Haut beseitigt und die Feuchtigkeit einschlie\u00dft. Mit blo\u00dfen H\u00e4nden oder einem Badehandtuch auf die nasse oder trockene Haut auftragen. Gr\u00fcndlich massieren und dabei besonders auf raue Stellen achten. Sp\u00fclen Sie es ab und machen Sie sich bereit, dass Ihre Haut strahlt! Belebt die Sinne mit w\u00fcrzigem Ingwer und leuchtenden Zitrusfr\u00fcchten. Bei Anwendung im Gesicht mit sanftem Druck auftragen. Anschlie\u00dfend ein Best Skin Ever oder Ihr Lieblings Libations Serum f\u00fcr zus\u00e4tzliche Feuchtigkeit auftragen.<\/p>\n<h3 class=\"yikes-custom-woo-tab-title yikes-custom-woo-tab-title-natural-organic-ingredients\">Nat\u00fcrliche\/Organische Inhaltsstoffe<\/h3>\n<p><strong>Goldenes Jojoba\u00f6l<\/strong><em> (Simmondsia chinensis) &#8211; <\/em>Das herrliche, goldene Jojoba\u00f6l n\u00e4hrt und pflegt durstige Haut. Jojoba hat die unvergleichliche F\u00e4higkeit, die Haut mit Feuchtigkeit zu versorgen, die \u00d6lproduktion auszugleichen, die Poren gr\u00fcndlich zu reinigen und eine lang anhaltende Pflegewirkung zu erzielen, die die Haut so weich wie perfekte Seide macht. Es ist reich an Peptiden und Lipiden und enth\u00e4lt den h\u00f6chsten Gehalt an phenolischen Verbindungen, die in der Natur vorkommen, sowie Antioxidantien und alle l\u00f6slichen Formen von Vitamin E.<\/p>\n<p><strong>Natives Kokosnuss\u00f6l (<\/strong><em>Cocos nucifera) &#8211; <\/em>Unser reines, unverf\u00e4lschtes Natives Kokosnuss\u00f6l versorgt die Haut mit Feuchtigkeit und verleiht ihr Elastizit\u00e4t. Kokosnuss\u00f6l gl\u00e4ttet das Erscheinungsbild feiner Linien und ist ein W\u00e4chter der Feuchtigkeitsbarriere der Haut.<\/p>\n<p><strong>Aloe Vera \u00d6l <\/strong><em>(Aloe barbadensis) &#8211; <\/em>Aloe Vera ist eine magische, sukkulente Pflanze, die in w\u00e4rmeren Klimazonen w\u00e4chst. Sie hat ein kr\u00e4ftiges Blatt, das ein klares, gallertartiges Fruchtfleisch liefert. Dieser Brei ist ein unglaublich beruhigender Balsam f\u00fcr empfindliche Haut. Aloe spendet der Haut ein H\u00f6chstma\u00df an Feuchtigkeit und hat wunderbare Eigenschaften, die in die Haut eindringen und R\u00f6tungen und Schwellungen lindern. Unsere Aloe Vera bietet eine doppelte Dosis feuchtigkeitsspendenden Schutz f\u00fcr die Haut. Als nat\u00fcrlicher Feuchtigkeitsspender zieht es in die Haut ein und schlie\u00dft die Feuchtigkeit ein. Gleichzeitig bildet sie eine perfekt por\u00f6se Schicht auf der Haut, die die Feuchtigkeit im Inneren h\u00e4lt und den Rest drau\u00dfen l\u00e4sst.<\/p>\n<p><strong>Bienenwachs<\/strong> <em>(Cera alba<\/em>) &#8211; Das sch\u00f6ne Bienenwachs ist ein atmungsaktives Wachs, das reich an N\u00e4hrstoffen ist und die Feuchtigkeit einschlie\u00dft.<\/p>\n<p><strong>Blasentang <\/strong><em>(Fucus vesiculosus)<\/em> &#8211; Dieser saftige Seetang ist von Natur aus schleimig und schmiert die Haut. Sehr reich an Vitaminen und Mineralien wie Kalzium, Magnesium, B-Vitamine und Kieselerde.<\/p>\n<p><strong>Bimsstein &#8211; <\/strong> Unser Super-Peeling enth\u00e4lt ultrafein gemahlenen Bimsstein, ein unglaublich por\u00f6ses Vulkangestein, das schon seit Tausenden von Jahren zum Peeling rauer Haut verwendet wird. Der Bimsstein entfernt abgestorbene Haut und Hornhaut und verwandelt die rauesten Stellen in glatte Fl\u00e4chen.<\/p>\n<p><strong>Eibischwurzel <\/strong><em>(Althaea officinalis) &#8211; <\/em>Die klebrigen Inhaltsstoffe dieser Wurzel geben uns einen unerwarteten Weichmacher, der erweichend und ausgleichend ist. Marshmallow wird verwendet, um trockene, raue Haut zu befeuchten, R\u00f6tungen zu reduzieren und \u00fcberm\u00e4\u00dfig trockene oder \u00fcberm\u00e4\u00dfig fettige Haut ins Gleichgewicht zu bringen.<\/p>\n<p><strong>Slippery Elm Oil <\/strong><em>(Ulmus rubra) &#8211;<\/em> Slippery Elm ist eine schleimige Rinde mit schl\u00fcpfrigen, beruhigenden Eigenschaften, die helfen, die Haut weich zu machen. Sie versorgt die Haut mit Feuchtigkeit und mildert Trockenheit und R\u00f6tungen.<\/p>\n<p><strong>Zitronen\u00f6l<\/strong> <em>(Citrus limon)<\/em> &#8211; Die k\u00f6stliche Zitrone kl\u00e4rt, belebt und reinigt die Haut von Kopf bis Fu\u00df. Sie eignet sich hervorragend f\u00fcr Reinigungsmittel, da Zitrone die Haut strafft, festigt und ihr Elastizit\u00e4t verleiht.<\/p>\n<p><strong>Ingwer\u00f6l <\/strong><em>(Zingiber officinale) &#8211;<\/em> Ein Held in unserem Aromatherapie-Arsenal, da es eine krautige Wirkung hat! Es ist warm und spritzig, belebt die Haut und hilft, das Erscheinungsbild von Elastizit\u00e4t und Festigkeit zu verbessern.<\/p>\n<p><strong>Grapefruit\u00f6l <\/strong><em>(Citrus paradisi) &#8211; <\/em>Die tonisierende, straffende Grapefruit erfrischt die Haut und gl\u00e4ttet das Hautbild.<\/p>\n<p><strong>Salbei- und Rosmarin\u00f6l <\/strong><em>(Salvia officinalis + Rosmarinus officinalis) &#8211;<\/em> Diese \u00fcberzeugenden, konzentrierten, superkritischen Verbindungen fangen die volle Symphonie von Salbei und Rosmarin als Extrakt ein, der sich positiv auf Haar und Haut auswirkt und die Frische dieser Sp\u00fclung mit reichhaltigen Antioxidantien unterst\u00fctzt.<\/p>\n<p><img fetchpriority=\"high\" decoding=\"async\" class=\"size-medium wp-image-68103 aligncenter\" src=\"https:\/\/dutchhealthstore.com\/wp-content\/uploads\/2018\/02\/Living-Libations-Organic-Logo-800x89.png\" alt=\"Living Libations - Organic Logo\" width=\"800\" height=\"89\" srcset=\"https:\/\/dutchhealthstore.com\/wp-content\/uploads\/2018\/02\/Living-Libations-Organic-Logo-800x89.png 800w, https:\/\/dutchhealthstore.com\/wp-content\/uploads\/2018\/02\/Living-Libations-Organic-Logo-510x57.png 510w, https:\/\/dutchhealthstore.com\/wp-content\/uploads\/2018\/02\/Living-Libations-Organic-Logo-768x85.png 768w, https:\/\/dutchhealthstore.com\/wp-content\/uploads\/2018\/02\/Living-Libations-Organic-Logo.png 1400w\" sizes=\"(max-width: 800px) 100vw, 800px\" \/><\/p>\n","protected":false},"excerpt":{"rendered":"<p>Unser <strong>Ginger Exfoliating Scrub<\/strong> belebt die Haut von Kopf bis Fu\u00df, macht sie geschmeidig und verleiht ihr einen strahlenden und vitalen Teint!<\/p>\n","protected":false},"featured_media":354823,"comment_status":"open","ping_status":"closed","template":"","meta":[],"product_brand":[],"product_cat":[5669,5678,1958,14735,1032,1110,1502,515,1493,1210,1119,5635,5679,5637,4029,5636,5632,5101,511,1959,3738,5634,5631],"product_tag":[21810,9629,21395,21809,9911],"class_list":{"0":"post-107723","1":"product","2":"type-product","3":"status-publish","4":"has-post-thumbnail","6":"product_cat-oily-skin-clogged-pores-de","7":"product_cat-oily-skin-clogged-pores-de-2","8":"product_cat-gesicht","9":"product_cat-hautpflege","10":"product_cat-kategorien","11":"product_cat-korperpeeling","12":"product_cat-korperpflege-living-libations","13":"product_cat-korperpflege-de","14":"product_cat-living-libations-deutschland","15":"product_cat-marken","16":"product_cat-masks-scrubs-exfoliators-de-5","17":"product_cat-masks-scrubs-exfoliators-de-6","18":"product_cat-masks-scrubs-exfoliators-de-2","19":"product_cat-masks-scrubs-exfoliators-de","20":"product_cat-masken","21":"product_cat-normal-or-combination-skin-de-2","22":"product_cat-normal-or-combination-skin-de","23":"product_cat-by-skin-type-de-4","24":"product_cat-produkte","25":"product_cat-cleansers-de-10","26":"product_cat-scrub","27":"product_cat-dry-mature-ageing-skin-de-2","28":"product_cat-dry-mature-ageing-skin-de","29":"product_tag-erfrischend","30":"product_tag-exfoliator-de","31":"product_tag-korper","32":"product_tag-natural-de","33":"product_tag-scrub-de","34":"pa_brand-livinglibations-de","35":"pa_gtin-7439657333392-de","36":"pa_size-120-ml-de","37":"pa_skincare-type-masks-scrubs-exfoliators-de","38":"pa_skintype-normal-combination-skin-de","39":"pa_skintype-oily-skin-de","40":"pa_skintype-dry-mature-ageing-skin-de","42":"first","43":"instock","44":"taxable","45":"shipping-taxable","46":"purchasable","47":"product-type-simple"},"bundled_by":[],"bundle_stock_status":"instock","bundle_stock_quantity":2,"bundle_virtual":false,"bundle_layout":"","bundle_add_to_cart_form_location":"","bundle_editable_in_cart":false,"bundle_sold_individually_context":"","bundle_item_grouping":"","bundle_min_size":"","bundle_max_size":"","bundle_price":[],"bundled_items":[],"bundle_sell_ids":[129708],"atum_controlled":true,"out_stock_date":null,"out_stock_threshold":null,"inheritable":false,"stock_on_hold":2,"sold_today":0,"sales_last_days":0,"out_stock_days":0,"lost_sales":0,"update_date":"2026-04-14T08:16:43","atum_locations":[],"atum_stock_status":"instock","restock_status":false,"low_stock_amount":"","sales_update_date":"2026-04-14T08:16:43","calc_backorders":null,"group_of_quantity":0,"min_quantity":0,"max_quantity":"","exclude_order_quantity_value_rules":"no","exclude_category_quantity_rules":"no","combine_variations":"no","yoast_head":"<!-- This site is optimized with the Yoast SEO Premium plugin v26.5 (Yoast SEO v26.5) - https:\/\/yoast.com\/wordpress\/plugins\/seo\/ -->\n<title>Ginger Exfoliating Scrub | Living libations<\/title>\n<meta name=\"description\" content=\"Unser Ginger Exfoliating Scrub belebt die Haut von Kopf bis Fu\u00df, macht sie geschmeidig und verleiht ihr einen strahlenden und vitalen Teint!\" \/>\n<meta name=\"robots\" content=\"index, follow, max-snippet:-1, max-image-preview:large, max-video-preview:-1\" \/>\n<link rel=\"canonical\" href=\"https:\/\/dutchhealthstore.com\/de\/product\/ginger-exfoliating-scrub\/\" \/>\n<meta property=\"og:locale\" content=\"de_DE\" \/>\n<meta property=\"og:type\" content=\"article\" \/>\n<meta property=\"og:title\" content=\"Ginger Exfoliating Scrub - Dutch Health Store\" \/>\n<meta property=\"og:description\" content=\"Unser Ginger Exfoliating Scrub belebt die Haut von Kopf bis Fu\u00df, macht sie geschmeidig und verleiht ihr einen strahlenden und vitalen Teint!\" \/>\n<meta property=\"og:url\" content=\"https:\/\/dutchhealthstore.com\/de\/product\/ginger-exfoliating-scrub\/\" \/>\n<meta property=\"og:site_name\" content=\"Dutch Health Store\" \/>\n<meta property=\"article:publisher\" content=\"https:\/\/www.instagram.com\/dutchhealthstore\/\" \/>\n<meta property=\"article:modified_time\" content=\"2026-02-21T18:36:48+00:00\" \/>\n<meta property=\"og:image\" content=\"https:\/\/dutchhealthstore.com\/wp-content\/uploads\/2020\/02\/living-libations-ginger-exf-scrub-120ml.jpg\" \/>\n\t<meta property=\"og:image:width\" content=\"530\" \/>\n\t<meta property=\"og:image:height\" content=\"530\" \/>\n\t<meta property=\"og:image:type\" content=\"image\/jpeg\" \/>\n<meta name=\"twitter:card\" content=\"summary_large_image\" \/>\n<meta name=\"twitter:label1\" content=\"Preis\" \/>\n\t<meta name=\"twitter:data1\" content=\"&euro;45,00\" \/>\n\t<meta name=\"twitter:label2\" content=\"Verf\u00fcgbarkeit\" \/>\n\t<meta name=\"twitter:data2\" content=\"Auf Lager\" \/>\n<script type=\"application\/ld+json\" class=\"yoast-schema-graph\">{\"@context\":\"https:\/\/schema.org\",\"@graph\":[{\"@type\":\"WebPage\",\"@id\":\"https:\/\/dutchhealthstore.com\/de\/product\/ginger-exfoliating-scrub\/\",\"url\":\"https:\/\/dutchhealthstore.com\/de\/product\/ginger-exfoliating-scrub\/\",\"name\":\"Ginger Exfoliating Scrub | Living libations\",\"isPartOf\":{\"@id\":\"https:\/\/dutchhealthstore.com\/de\/#website\"},\"primaryImageOfPage\":{\"@id\":\"https:\/\/dutchhealthstore.com\/de\/product\/ginger-exfoliating-scrub\/#primaryimage\"},\"image\":{\"@id\":\"https:\/\/dutchhealthstore.com\/de\/product\/ginger-exfoliating-scrub\/#primaryimage\"},\"thumbnailUrl\":\"https:\/\/dutchhealthstore.com\/wp-content\/uploads\/2020\/02\/living-libations-ginger-exf-scrub-120ml.jpg\",\"datePublished\":\"2020-02-17T08:43:24+00:00\",\"dateModified\":\"2026-02-21T18:36:48+00:00\",\"description\":\"Unser Ginger Exfoliating Scrub belebt die Haut von Kopf bis Fu\u00df, macht sie geschmeidig und verleiht ihr einen strahlenden und vitalen Teint!\",\"breadcrumb\":{\"@id\":\"https:\/\/dutchhealthstore.com\/de\/product\/ginger-exfoliating-scrub\/#breadcrumb\"},\"inLanguage\":\"de\",\"potentialAction\":[{\"@type\":\"ReadAction\",\"target\":[\"https:\/\/dutchhealthstore.com\/de\/product\/ginger-exfoliating-scrub\/\"]}]},{\"@type\":\"ImageObject\",\"inLanguage\":\"de\",\"@id\":\"https:\/\/dutchhealthstore.com\/de\/product\/ginger-exfoliating-scrub\/#primaryimage\",\"url\":\"https:\/\/dutchhealthstore.com\/wp-content\/uploads\/2020\/02\/living-libations-ginger-exf-scrub-120ml.jpg\",\"contentUrl\":\"https:\/\/dutchhealthstore.com\/wp-content\/uploads\/2020\/02\/living-libations-ginger-exf-scrub-120ml.jpg\",\"width\":530,\"height\":530,\"caption\":\"living-libations-ginger-exf-scrub-120ml\"},{\"@type\":\"BreadcrumbList\",\"@id\":\"https:\/\/dutchhealthstore.com\/de\/product\/ginger-exfoliating-scrub\/#breadcrumb\",\"itemListElement\":[{\"@type\":\"ListItem\",\"position\":1,\"name\":\"Home\",\"item\":\"https:\/\/dutchhealthstore.com\/de\/\"},{\"@type\":\"ListItem\",\"position\":2,\"name\":\"Shop\",\"item\":\"https:\/\/dutchhealthstore.com\/de\/shop-2\/\"},{\"@type\":\"ListItem\",\"position\":3,\"name\":\"Ginger Exfoliating Scrub\"}]},{\"@type\":\"WebSite\",\"@id\":\"https:\/\/dutchhealthstore.com\/de\/#website\",\"url\":\"https:\/\/dutchhealthstore.com\/de\/\",\"name\":\"Dutch Health Store\",\"description\":\"Enhance Your Beauty with Organic &amp; Natural Skincare\",\"publisher\":{\"@id\":\"https:\/\/dutchhealthstore.com\/de\/#organization\"},\"potentialAction\":[{\"@type\":\"SearchAction\",\"target\":{\"@type\":\"EntryPoint\",\"urlTemplate\":\"https:\/\/dutchhealthstore.com\/de\/?s={search_term_string}\"},\"query-input\":{\"@type\":\"PropertyValueSpecification\",\"valueRequired\":true,\"valueName\":\"search_term_string\"}}],\"inLanguage\":\"de\"},{\"@type\":\"Organization\",\"@id\":\"https:\/\/dutchhealthstore.com\/de\/#organization\",\"name\":\"Dutch Health Store\",\"url\":\"https:\/\/dutchhealthstore.com\/de\/\",\"logo\":{\"@type\":\"ImageObject\",\"inLanguage\":\"de\",\"@id\":\"https:\/\/dutchhealthstore.com\/de\/#\/schema\/logo\/image\/\",\"url\":\"https:\/\/dutchhealthstore.com\/wp-content\/uploads\/2020\/08\/logo-dutchhealthstore-jpg-e1599484957574.jpg\",\"contentUrl\":\"https:\/\/dutchhealthstore.com\/wp-content\/uploads\/2020\/08\/logo-dutchhealthstore-jpg-e1599484957574.jpg\",\"width\":400,\"height\":62,\"caption\":\"Dutch Health Store\"},\"image\":{\"@id\":\"https:\/\/dutchhealthstore.com\/de\/#\/schema\/logo\/image\/\"},\"sameAs\":[\"https:\/\/www.instagram.com\/dutchhealthstore\/\",\"https:\/\/www.facebook.com\/dutchhealthstore\"]}]}<\/script>\n<meta property=\"product:brand\" content=\"Living Libations\" \/>\n<meta property=\"product:price:amount\" content=\"45.00\" \/>\n<meta property=\"product:price:currency\" content=\"EUR\" \/>\n<meta property=\"og:availability\" content=\"instock\" \/>\n<meta property=\"product:availability\" content=\"instock\" \/>\n<meta property=\"product:condition\" content=\"new\" \/>\n<!-- \/ Yoast SEO Premium plugin. -->","yoast_head_json":{"title":"Ginger Exfoliating Scrub | Living libations","description":"Unser Ginger Exfoliating Scrub belebt die Haut von Kopf bis Fu\u00df, macht sie geschmeidig und verleiht ihr einen strahlenden und vitalen Teint!","robots":{"index":"index","follow":"follow","max-snippet":"max-snippet:-1","max-image-preview":"max-image-preview:large","max-video-preview":"max-video-preview:-1"},"canonical":"https:\/\/dutchhealthstore.com\/de\/product\/ginger-exfoliating-scrub\/","og_locale":"de_DE","og_type":"article","og_title":"Ginger Exfoliating Scrub - Dutch Health Store","og_description":"Unser Ginger Exfoliating Scrub belebt die Haut von Kopf bis Fu\u00df, macht sie geschmeidig und verleiht ihr einen strahlenden und vitalen Teint!","og_url":"https:\/\/dutchhealthstore.com\/de\/product\/ginger-exfoliating-scrub\/","og_site_name":"Dutch Health Store","article_publisher":"https:\/\/www.instagram.com\/dutchhealthstore\/","article_modified_time":"2026-02-21T18:36:48+00:00","og_image":[{"width":530,"height":530,"url":"https:\/\/dutchhealthstore.com\/wp-content\/uploads\/2020\/02\/living-libations-ginger-exf-scrub-120ml.jpg","type":"image\/jpeg"}],"twitter_card":"summary_large_image","twitter_misc":{"Preis":"&euro;45,00","Verf\u00fcgbarkeit":"Auf Lager"},"schema":{"@context":"https:\/\/schema.org","@graph":[{"@type":"WebPage","@id":"https:\/\/dutchhealthstore.com\/de\/product\/ginger-exfoliating-scrub\/","url":"https:\/\/dutchhealthstore.com\/de\/product\/ginger-exfoliating-scrub\/","name":"Ginger Exfoliating Scrub | Living libations","isPartOf":{"@id":"https:\/\/dutchhealthstore.com\/de\/#website"},"primaryImageOfPage":{"@id":"https:\/\/dutchhealthstore.com\/de\/product\/ginger-exfoliating-scrub\/#primaryimage"},"image":{"@id":"https:\/\/dutchhealthstore.com\/de\/product\/ginger-exfoliating-scrub\/#primaryimage"},"thumbnailUrl":"https:\/\/dutchhealthstore.com\/wp-content\/uploads\/2020\/02\/living-libations-ginger-exf-scrub-120ml.jpg","datePublished":"2020-02-17T08:43:24+00:00","dateModified":"2026-02-21T18:36:48+00:00","description":"Unser Ginger Exfoliating Scrub belebt die Haut von Kopf bis Fu\u00df, macht sie geschmeidig und verleiht ihr einen strahlenden und vitalen Teint!","breadcrumb":{"@id":"https:\/\/dutchhealthstore.com\/de\/product\/ginger-exfoliating-scrub\/#breadcrumb"},"inLanguage":"de","potentialAction":[{"@type":"ReadAction","target":["https:\/\/dutchhealthstore.com\/de\/product\/ginger-exfoliating-scrub\/"]}]},{"@type":"ImageObject","inLanguage":"de","@id":"https:\/\/dutchhealthstore.com\/de\/product\/ginger-exfoliating-scrub\/#primaryimage","url":"https:\/\/dutchhealthstore.com\/wp-content\/uploads\/2020\/02\/living-libations-ginger-exf-scrub-120ml.jpg","contentUrl":"https:\/\/dutchhealthstore.com\/wp-content\/uploads\/2020\/02\/living-libations-ginger-exf-scrub-120ml.jpg","width":530,"height":530,"caption":"living-libations-ginger-exf-scrub-120ml"},{"@type":"BreadcrumbList","@id":"https:\/\/dutchhealthstore.com\/de\/product\/ginger-exfoliating-scrub\/#breadcrumb","itemListElement":[{"@type":"ListItem","position":1,"name":"Home","item":"https:\/\/dutchhealthstore.com\/de\/"},{"@type":"ListItem","position":2,"name":"Shop","item":"https:\/\/dutchhealthstore.com\/de\/shop-2\/"},{"@type":"ListItem","position":3,"name":"Ginger Exfoliating Scrub"}]},{"@type":"WebSite","@id":"https:\/\/dutchhealthstore.com\/de\/#website","url":"https:\/\/dutchhealthstore.com\/de\/","name":"Dutch Health Store","description":"Enhance Your Beauty with Organic &amp; Natural Skincare","publisher":{"@id":"https:\/\/dutchhealthstore.com\/de\/#organization"},"potentialAction":[{"@type":"SearchAction","target":{"@type":"EntryPoint","urlTemplate":"https:\/\/dutchhealthstore.com\/de\/?s={search_term_string}"},"query-input":{"@type":"PropertyValueSpecification","valueRequired":true,"valueName":"search_term_string"}}],"inLanguage":"de"},{"@type":"Organization","@id":"https:\/\/dutchhealthstore.com\/de\/#organization","name":"Dutch Health Store","url":"https:\/\/dutchhealthstore.com\/de\/","logo":{"@type":"ImageObject","inLanguage":"de","@id":"https:\/\/dutchhealthstore.com\/de\/#\/schema\/logo\/image\/","url":"https:\/\/dutchhealthstore.com\/wp-content\/uploads\/2020\/08\/logo-dutchhealthstore-jpg-e1599484957574.jpg","contentUrl":"https:\/\/dutchhealthstore.com\/wp-content\/uploads\/2020\/08\/logo-dutchhealthstore-jpg-e1599484957574.jpg","width":400,"height":62,"caption":"Dutch Health Store"},"image":{"@id":"https:\/\/dutchhealthstore.com\/de\/#\/schema\/logo\/image\/"},"sameAs":["https:\/\/www.instagram.com\/dutchhealthstore\/","https:\/\/www.facebook.com\/dutchhealthstore"]}]},"product_brand":"Living Libations","product_price_amount":"45.00","product_price_currency":"EUR","og_availability":"instock","product_availability":"instock","product_condition":"new"},"_links":{"self":[{"href":"https:\/\/dutchhealthstore.com\/de\/wp-json\/wp\/v2\/product\/107723","targetHints":{"allow":["GET"]}}],"collection":[{"href":"https:\/\/dutchhealthstore.com\/de\/wp-json\/wp\/v2\/product"}],"about":[{"href":"https:\/\/dutchhealthstore.com\/de\/wp-json\/wp\/v2\/types\/product"}],"replies":[{"embeddable":true,"href":"https:\/\/dutchhealthstore.com\/de\/wp-json\/wp\/v2\/comments?post=107723"}],"wp:featuredmedia":[{"embeddable":true,"href":"https:\/\/dutchhealthstore.com\/de\/wp-json\/wp\/v2\/media\/354823"}],"wp:attachment":[{"href":"https:\/\/dutchhealthstore.com\/de\/wp-json\/wp\/v2\/media?parent=107723"}],"wp:term":[{"taxonomy":"product_brand","embeddable":true,"href":"https:\/\/dutchhealthstore.com\/de\/wp-json\/wp\/v2\/product_brand?post=107723"},{"taxonomy":"product_cat","embeddable":true,"href":"https:\/\/dutchhealthstore.com\/de\/wp-json\/wp\/v2\/product_cat?post=107723"},{"taxonomy":"product_tag","embeddable":true,"href":"https:\/\/dutchhealthstore.com\/de\/wp-json\/wp\/v2\/product_tag?post=107723"}],"curies":[{"name":"wp","href":"https:\/\/api.w.org\/{rel}","templated":true}]}}