{"id":107371,"date":"2018-02-10T08:35:40","date_gmt":"2018-02-10T08:35:40","guid":{"rendered":"https:\/\/dutchhealthstore.com\/product\/chocolate-mocha-lover-lips\/"},"modified":"2026-04-21T09:44:51","modified_gmt":"2026-04-21T07:44:51","slug":"chocolate-mocha-lover-lips","status":"publish","type":"product","link":"https:\/\/dutchhealthstore.com\/de\/product\/chocolate-mocha-lover-lips\/","title":{"rendered":"Chocolate Mocha Lover Lips"},"content":{"rendered":"<h3><img decoding=\"async\" class=\"alignright size-full wp-image-37041\" src=\"https:\/\/dutchhealthstore.com\/wp-content\/uploads\/2018\/04\/Living_Libations-1.png\" alt=\"Organic &amp; Natural Beautyproducts - Living Libations\" width=\"175\" height=\"82\">Use<\/h3>\n<p>Auf die Lippen auftragen und sie den ganzen Tag lang k\u00fcssbar halten. Es kann auch als Balsam f\u00fcr die zarte Haut unter den Augen und auf den Wangenknochen verwendet werden. Perfekt auch unter Shimmer Lover Lips.<\/p>\n<p><strong>Gr\u00f6\u00dfe: 5 ml<\/strong><\/p>\n<h3 class=\"yikes-custom-woo-tab-title yikes-custom-woo-tab-title-natural-organic-ingredients\">Nat\u00fcrliche\/Organische Inhaltsstoffe<\/h3>\n<p><strong>Jojoba <\/strong><em>(Simmondsia chinensis<\/em>) &#8211; Das herrliche, goldene Jojoba n\u00e4hrt und pflegt durstige Haut. Jojoba hat die unvergleichliche F\u00e4higkeit, die Haut mit Feuchtigkeit zu versorgen, die \u00d6lproduktion auszugleichen, die Poren gr\u00fcndlich zu reinigen und eine lang anhaltende Pflegewirkung zu erzielen, die die Haut so weich wie perfekte Seide macht. Es ist vollgepackt mit Peptiden und Lipiden und enth\u00e4lt den h\u00f6chsten Gehalt an phenolischen Verbindungen, die in der Natur vorkommen, sowie Vitamine und alle l\u00f6slichen Formen von Vitamin E!<\/p>\n<p><strong>Bienenwachs <\/strong>(<em>Cera alba<\/em>) \u2013 Bienenwachs wird f\u00fcr seine F\u00e4higkeit gesch\u00e4tzt, empfindliches Lippengewebe in einer por\u00f6sen Schicht zu sch\u00fctzen, die Feuchtigkeit einschlie\u00dft und Giftstoffe abh\u00e4lt.<\/p>\n<p><strong>Schokolade<\/strong><em>(Theobroma cacao<\/em><em>)<\/em> &#8211; Schokolade, auch als Speise der G\u00f6tter bekannt, verleiht diesem Lippenbalsam ein himmlisches Aroma und macht die Haut geschmeidig. Kakaobohnen und Butter vereinen sich zu einem cremigen Lippenbalsam, der herrlich auf der Haut gleitet und die Apokalypse trockener Lippen in Schach h\u00e4lt.<\/p>\n<p><strong><span class=\"ll-product-ingredient-first\">Kokosnusscreme <\/span><\/strong><em><span class=\"ll-product-ingredient-first\">(<\/span><span class=\"ll-product-ingredient-second\">Cocos nucifera) \u2014 <\/span><\/em> <span class=\"ll-product-ingredient-second\">K\u00f6stliche, delikate Kokosnusscreme zieht bei nur 75 Grad in die Haut ein, wodurch all ihre wunderbaren N\u00e4hrstoffe vollst\u00e4ndig vom K\u00f6rper aufgenommen werden k\u00f6nnen. Die s\u00fc\u00dfe Kokosnusscreme macht die Haut sch\u00f6n und geschmeidig und l\u00e4dt zu lustvollen Umarmungen ein.<\/span><\/p>\n<p><strong>Vanille <\/strong><em>(Vanilla planifolia<\/em>) &#8211; Veritable Vanille geht \u00fcber das Gew\u00f6hnliche hinaus, indem sie 200 Mal st\u00e4rker destilliert wird als Vanilleextrakt. Diese ber\u00fcchtigte Zutat verleiht eine \u00fcppige S\u00fc\u00dfe und verw\u00f6hnt die Sinne mit verlockenden Honignoten.<\/p>\n<p><strong>Kaffee<\/strong><em>(Coffea arabica) <\/em><em>&#8211; <\/em>Unsere spezielle super-extrahierte Kaffeebohnen-Essenz ist eine konzentrierte Tasse Kaffee ohne Koffein. Die Frucht des Kaffeebaums kann die Stimmung heben, die Aufregung lindern und den Teint gl\u00e4tten.<\/p>\n<p><strong>Zitrone<\/strong> <em>(Citrus limon)<\/em> <em>&#8211;<\/em> Die saftige Zitrone kl\u00e4rt, belebt und reinigt die Haut von Kopf bis Fu\u00df. Es eignet sich hervorragend f\u00fcr Reinigungsmittel gegen Akne und Unebenheiten. Zitrone strafft und festigt die Haut und verleiht ihr Spannkraft.<\/p>\n<p><img fetchpriority=\"high\" decoding=\"async\" class=\"aligncenter size-full wp-image-31577\" src=\"https:\/\/dutchhealthstore.com\/wp-content\/uploads\/2018\/03\/organic_big.png\" alt=\"Organic and Natural - Living Libations\" width=\"623\" height=\"103\" srcset=\"https:\/\/dutchhealthstore.com\/wp-content\/uploads\/2018\/03\/organic_big.png 623w, https:\/\/dutchhealthstore.com\/wp-content\/uploads\/2018\/03\/organic_big-510x84.png 510w, https:\/\/dutchhealthstore.com\/wp-content\/uploads\/2018\/03\/organic_big-600x99.png 600w, https:\/\/dutchhealthstore.com\/wp-content\/uploads\/2018\/03\/organic_big-350x58.png 350w\" sizes=\"(max-width: 623px) 100vw, 623px\" \/><\/p>\n","protected":false},"excerpt":{"rendered":"<p>Die von vielen geliebten <strong>Chocolate <\/strong><strong>Mocha <\/strong><strong>Lover <\/strong><strong>Lips<\/strong> sind ein sinnlicher &#8211; und sinnlicher &#8211; Genuss. Cremige Schokolade mit Kaffee, Zitrone und Vanille und einem Schuss Bienenwachs ergeben einen feuchtigkeitsspendenden Lippenbalsam, der Ihre Lippen und Liebhaber vollends zufrieden stellt. Der Chocolate Mocha Balsam ist geschmeidig, beruhigend und langanhaltend und begleitet Sie den ganzen Tag \u00fcber.<\/p>\n","protected":false},"featured_media":50823,"comment_status":"open","ping_status":"closed","template":"","meta":[],"product_brand":[],"product_cat":[5898,1958,14735,1032,5980,4025,1493,1041,1210,511],"product_tag":[21824,21698,21699,9772],"class_list":{"0":"post-107371","1":"product","2":"type-product","3":"status-publish","4":"has-post-thumbnail","6":"product_cat-eye-lip-care","7":"product_cat-gesicht","8":"product_cat-hautpflege","9":"product_cat-kategorien","10":"product_cat-lips-de-3","11":"product_cat-lippenpflege","12":"product_cat-living-libations-deutschland","13":"product_cat-make-up-de","14":"product_cat-marken","15":"product_cat-produkte","16":"product_tag-lipgloss-de","17":"product_tag-lippenpflege","18":"product_tag-lippenpflegebalsam","19":"product_tag-moisturizer-de","20":"pa_bestsellers-goed-de","21":"pa_brand-livinglibations-de","22":"pa_make-up-productype-lips-de","23":"pa_size-5-ml-de","24":"pa_skincare-type-lips-eye-care-de","26":"first","27":"instock","28":"taxable","29":"shipping-taxable","30":"purchasable","31":"product-type-simple"},"bundled_by":[],"bundle_stock_status":"instock","bundle_stock_quantity":6,"bundle_virtual":false,"bundle_layout":"","bundle_add_to_cart_form_location":"","bundle_editable_in_cart":false,"bundle_sold_individually_context":"","bundle_item_grouping":"","bundle_min_size":"","bundle_max_size":"","bundle_price":[],"bundled_items":[],"bundle_sell_ids":[107359],"atum_controlled":true,"out_stock_date":null,"out_stock_threshold":null,"inheritable":false,"stock_on_hold":2,"sold_today":0,"sales_last_days":2,"out_stock_days":0,"lost_sales":0,"update_date":"2026-05-04T13:00:49","atum_locations":[],"atum_stock_status":"instock","restock_status":false,"low_stock_amount":0,"sales_update_date":"2026-05-04T13:00:49","calc_backorders":null,"group_of_quantity":0,"min_quantity":0,"max_quantity":"","exclude_order_quantity_value_rules":"no","exclude_category_quantity_rules":"no","combine_variations":"no","yoast_head":"<!-- This site is optimized with the Yoast SEO Premium plugin v26.5 (Yoast SEO v26.5) - https:\/\/yoast.com\/wordpress\/plugins\/seo\/ -->\n<title>Chocolate Mocha Lover Lips | Living Libations<\/title>\n<meta name=\"description\" content=\"Die von vielen geliebten Chocolate Mocha Lover Lips sind ein sinnlicher - und sinnlicher - Genuss.\" \/>\n<meta name=\"robots\" content=\"index, follow, max-snippet:-1, max-image-preview:large, max-video-preview:-1\" \/>\n<link rel=\"canonical\" href=\"https:\/\/dutchhealthstore.com\/de\/product\/chocolate-mocha-lover-lips\/\" \/>\n<meta property=\"og:locale\" content=\"de_DE\" \/>\n<meta property=\"og:type\" content=\"article\" \/>\n<meta property=\"og:title\" content=\"Chocolate Mocha Lover Lips - Dutch Health Store\" \/>\n<meta property=\"og:description\" content=\"Die von vielen geliebten Chocolate Mocha Lover Lips sind ein sinnlicher - und sinnlicher - Genuss.\" \/>\n<meta property=\"og:url\" content=\"https:\/\/dutchhealthstore.com\/de\/product\/chocolate-mocha-lover-lips\/\" \/>\n<meta property=\"og:site_name\" content=\"Dutch Health Store\" \/>\n<meta property=\"article:publisher\" content=\"https:\/\/www.instagram.com\/dutchhealthstore\/\" \/>\n<meta property=\"article:modified_time\" content=\"2026-04-21T07:44:51+00:00\" \/>\n<meta property=\"og:image\" content=\"https:\/\/dutchhealthstore.com\/wp-content\/uploads\/2018\/02\/Living-Libations-Chocolate-Mocha-Lover-Lips.jpeg\" \/>\n\t<meta property=\"og:image:width\" content=\"614\" \/>\n\t<meta property=\"og:image:height\" content=\"614\" \/>\n\t<meta property=\"og:image:type\" content=\"image\/jpeg\" \/>\n<meta name=\"twitter:card\" content=\"summary_large_image\" \/>\n<meta name=\"twitter:label1\" content=\"Preis\" \/>\n\t<meta name=\"twitter:data1\" content=\"&euro;15,00\" \/>\n\t<meta name=\"twitter:label2\" content=\"Verf\u00fcgbarkeit\" \/>\n\t<meta name=\"twitter:data2\" content=\"Auf Lager\" \/>\n<script type=\"application\/ld+json\" class=\"yoast-schema-graph\">{\"@context\":\"https:\/\/schema.org\",\"@graph\":[{\"@type\":\"WebPage\",\"@id\":\"https:\/\/dutchhealthstore.com\/de\/product\/chocolate-mocha-lover-lips\/\",\"url\":\"https:\/\/dutchhealthstore.com\/de\/product\/chocolate-mocha-lover-lips\/\",\"name\":\"Chocolate Mocha Lover Lips | Living Libations\",\"isPartOf\":{\"@id\":\"https:\/\/dutchhealthstore.com\/de\/#website\"},\"primaryImageOfPage\":{\"@id\":\"https:\/\/dutchhealthstore.com\/de\/product\/chocolate-mocha-lover-lips\/#primaryimage\"},\"image\":{\"@id\":\"https:\/\/dutchhealthstore.com\/de\/product\/chocolate-mocha-lover-lips\/#primaryimage\"},\"thumbnailUrl\":\"https:\/\/dutchhealthstore.com\/wp-content\/uploads\/2018\/02\/Living-Libations-Chocolate-Mocha-Lover-Lips.jpeg\",\"datePublished\":\"2018-02-10T08:35:40+00:00\",\"dateModified\":\"2026-04-21T07:44:51+00:00\",\"description\":\"Die von vielen geliebten Chocolate Mocha Lover Lips sind ein sinnlicher - und sinnlicher - Genuss.\",\"breadcrumb\":{\"@id\":\"https:\/\/dutchhealthstore.com\/de\/product\/chocolate-mocha-lover-lips\/#breadcrumb\"},\"inLanguage\":\"de\",\"potentialAction\":[{\"@type\":\"ReadAction\",\"target\":[\"https:\/\/dutchhealthstore.com\/de\/product\/chocolate-mocha-lover-lips\/\"]}]},{\"@type\":\"ImageObject\",\"inLanguage\":\"de\",\"@id\":\"https:\/\/dutchhealthstore.com\/de\/product\/chocolate-mocha-lover-lips\/#primaryimage\",\"url\":\"https:\/\/dutchhealthstore.com\/wp-content\/uploads\/2018\/02\/Living-Libations-Chocolate-Mocha-Lover-Lips.jpeg\",\"contentUrl\":\"https:\/\/dutchhealthstore.com\/wp-content\/uploads\/2018\/02\/Living-Libations-Chocolate-Mocha-Lover-Lips.jpeg\",\"width\":614,\"height\":614,\"caption\":\"Living Libations - Chocolate-Mocha Lover Lips\"},{\"@type\":\"BreadcrumbList\",\"@id\":\"https:\/\/dutchhealthstore.com\/de\/product\/chocolate-mocha-lover-lips\/#breadcrumb\",\"itemListElement\":[{\"@type\":\"ListItem\",\"position\":1,\"name\":\"Home\",\"item\":\"https:\/\/dutchhealthstore.com\/de\/\"},{\"@type\":\"ListItem\",\"position\":2,\"name\":\"Shop\",\"item\":\"https:\/\/dutchhealthstore.com\/de\/shop-2\/\"},{\"@type\":\"ListItem\",\"position\":3,\"name\":\"Chocolate Mocha Lover Lips\"}]},{\"@type\":\"WebSite\",\"@id\":\"https:\/\/dutchhealthstore.com\/de\/#website\",\"url\":\"https:\/\/dutchhealthstore.com\/de\/\",\"name\":\"Dutch Health Store\",\"description\":\"Enhance Your Beauty with Organic &amp; Natural Skincare\",\"publisher\":{\"@id\":\"https:\/\/dutchhealthstore.com\/de\/#organization\"},\"potentialAction\":[{\"@type\":\"SearchAction\",\"target\":{\"@type\":\"EntryPoint\",\"urlTemplate\":\"https:\/\/dutchhealthstore.com\/de\/?s={search_term_string}\"},\"query-input\":{\"@type\":\"PropertyValueSpecification\",\"valueRequired\":true,\"valueName\":\"search_term_string\"}}],\"inLanguage\":\"de\"},{\"@type\":\"Organization\",\"@id\":\"https:\/\/dutchhealthstore.com\/de\/#organization\",\"name\":\"Dutch Health Store\",\"url\":\"https:\/\/dutchhealthstore.com\/de\/\",\"logo\":{\"@type\":\"ImageObject\",\"inLanguage\":\"de\",\"@id\":\"https:\/\/dutchhealthstore.com\/de\/#\/schema\/logo\/image\/\",\"url\":\"https:\/\/dutchhealthstore.com\/wp-content\/uploads\/2020\/08\/logo-dutchhealthstore-jpg-e1599484957574.jpg\",\"contentUrl\":\"https:\/\/dutchhealthstore.com\/wp-content\/uploads\/2020\/08\/logo-dutchhealthstore-jpg-e1599484957574.jpg\",\"width\":400,\"height\":62,\"caption\":\"Dutch Health Store\"},\"image\":{\"@id\":\"https:\/\/dutchhealthstore.com\/de\/#\/schema\/logo\/image\/\"},\"sameAs\":[\"https:\/\/www.instagram.com\/dutchhealthstore\/\",\"https:\/\/www.facebook.com\/dutchhealthstore\"]}]}<\/script>\n<meta property=\"product:brand\" content=\"Living Libations\" \/>\n<meta property=\"product:price:amount\" content=\"15.00\" \/>\n<meta property=\"product:price:currency\" content=\"EUR\" \/>\n<meta property=\"og:availability\" content=\"instock\" \/>\n<meta property=\"product:availability\" content=\"instock\" \/>\n<meta property=\"product:condition\" content=\"new\" \/>\n<!-- \/ Yoast SEO Premium plugin. -->","yoast_head_json":{"title":"Chocolate Mocha Lover Lips | Living Libations","description":"Die von vielen geliebten Chocolate Mocha Lover Lips sind ein sinnlicher - und sinnlicher - Genuss.","robots":{"index":"index","follow":"follow","max-snippet":"max-snippet:-1","max-image-preview":"max-image-preview:large","max-video-preview":"max-video-preview:-1"},"canonical":"https:\/\/dutchhealthstore.com\/de\/product\/chocolate-mocha-lover-lips\/","og_locale":"de_DE","og_type":"article","og_title":"Chocolate Mocha Lover Lips - Dutch Health Store","og_description":"Die von vielen geliebten Chocolate Mocha Lover Lips sind ein sinnlicher - und sinnlicher - Genuss.","og_url":"https:\/\/dutchhealthstore.com\/de\/product\/chocolate-mocha-lover-lips\/","og_site_name":"Dutch Health Store","article_publisher":"https:\/\/www.instagram.com\/dutchhealthstore\/","article_modified_time":"2026-04-21T07:44:51+00:00","og_image":[{"width":614,"height":614,"url":"https:\/\/dutchhealthstore.com\/wp-content\/uploads\/2018\/02\/Living-Libations-Chocolate-Mocha-Lover-Lips.jpeg","type":"image\/jpeg"}],"twitter_card":"summary_large_image","twitter_misc":{"Preis":"&euro;15,00","Verf\u00fcgbarkeit":"Auf Lager"},"schema":{"@context":"https:\/\/schema.org","@graph":[{"@type":"WebPage","@id":"https:\/\/dutchhealthstore.com\/de\/product\/chocolate-mocha-lover-lips\/","url":"https:\/\/dutchhealthstore.com\/de\/product\/chocolate-mocha-lover-lips\/","name":"Chocolate Mocha Lover Lips | Living Libations","isPartOf":{"@id":"https:\/\/dutchhealthstore.com\/de\/#website"},"primaryImageOfPage":{"@id":"https:\/\/dutchhealthstore.com\/de\/product\/chocolate-mocha-lover-lips\/#primaryimage"},"image":{"@id":"https:\/\/dutchhealthstore.com\/de\/product\/chocolate-mocha-lover-lips\/#primaryimage"},"thumbnailUrl":"https:\/\/dutchhealthstore.com\/wp-content\/uploads\/2018\/02\/Living-Libations-Chocolate-Mocha-Lover-Lips.jpeg","datePublished":"2018-02-10T08:35:40+00:00","dateModified":"2026-04-21T07:44:51+00:00","description":"Die von vielen geliebten Chocolate Mocha Lover Lips sind ein sinnlicher - und sinnlicher - Genuss.","breadcrumb":{"@id":"https:\/\/dutchhealthstore.com\/de\/product\/chocolate-mocha-lover-lips\/#breadcrumb"},"inLanguage":"de","potentialAction":[{"@type":"ReadAction","target":["https:\/\/dutchhealthstore.com\/de\/product\/chocolate-mocha-lover-lips\/"]}]},{"@type":"ImageObject","inLanguage":"de","@id":"https:\/\/dutchhealthstore.com\/de\/product\/chocolate-mocha-lover-lips\/#primaryimage","url":"https:\/\/dutchhealthstore.com\/wp-content\/uploads\/2018\/02\/Living-Libations-Chocolate-Mocha-Lover-Lips.jpeg","contentUrl":"https:\/\/dutchhealthstore.com\/wp-content\/uploads\/2018\/02\/Living-Libations-Chocolate-Mocha-Lover-Lips.jpeg","width":614,"height":614,"caption":"Living Libations - Chocolate-Mocha Lover Lips"},{"@type":"BreadcrumbList","@id":"https:\/\/dutchhealthstore.com\/de\/product\/chocolate-mocha-lover-lips\/#breadcrumb","itemListElement":[{"@type":"ListItem","position":1,"name":"Home","item":"https:\/\/dutchhealthstore.com\/de\/"},{"@type":"ListItem","position":2,"name":"Shop","item":"https:\/\/dutchhealthstore.com\/de\/shop-2\/"},{"@type":"ListItem","position":3,"name":"Chocolate Mocha Lover Lips"}]},{"@type":"WebSite","@id":"https:\/\/dutchhealthstore.com\/de\/#website","url":"https:\/\/dutchhealthstore.com\/de\/","name":"Dutch Health Store","description":"Enhance Your Beauty with Organic &amp; Natural Skincare","publisher":{"@id":"https:\/\/dutchhealthstore.com\/de\/#organization"},"potentialAction":[{"@type":"SearchAction","target":{"@type":"EntryPoint","urlTemplate":"https:\/\/dutchhealthstore.com\/de\/?s={search_term_string}"},"query-input":{"@type":"PropertyValueSpecification","valueRequired":true,"valueName":"search_term_string"}}],"inLanguage":"de"},{"@type":"Organization","@id":"https:\/\/dutchhealthstore.com\/de\/#organization","name":"Dutch Health Store","url":"https:\/\/dutchhealthstore.com\/de\/","logo":{"@type":"ImageObject","inLanguage":"de","@id":"https:\/\/dutchhealthstore.com\/de\/#\/schema\/logo\/image\/","url":"https:\/\/dutchhealthstore.com\/wp-content\/uploads\/2020\/08\/logo-dutchhealthstore-jpg-e1599484957574.jpg","contentUrl":"https:\/\/dutchhealthstore.com\/wp-content\/uploads\/2020\/08\/logo-dutchhealthstore-jpg-e1599484957574.jpg","width":400,"height":62,"caption":"Dutch Health Store"},"image":{"@id":"https:\/\/dutchhealthstore.com\/de\/#\/schema\/logo\/image\/"},"sameAs":["https:\/\/www.instagram.com\/dutchhealthstore\/","https:\/\/www.facebook.com\/dutchhealthstore"]}]},"product_brand":"Living Libations","product_price_amount":"15.00","product_price_currency":"EUR","og_availability":"instock","product_availability":"instock","product_condition":"new"},"_links":{"self":[{"href":"https:\/\/dutchhealthstore.com\/de\/wp-json\/wp\/v2\/product\/107371","targetHints":{"allow":["GET"]}}],"collection":[{"href":"https:\/\/dutchhealthstore.com\/de\/wp-json\/wp\/v2\/product"}],"about":[{"href":"https:\/\/dutchhealthstore.com\/de\/wp-json\/wp\/v2\/types\/product"}],"replies":[{"embeddable":true,"href":"https:\/\/dutchhealthstore.com\/de\/wp-json\/wp\/v2\/comments?post=107371"}],"wp:featuredmedia":[{"embeddable":true,"href":"https:\/\/dutchhealthstore.com\/de\/wp-json\/wp\/v2\/media\/50823"}],"wp:attachment":[{"href":"https:\/\/dutchhealthstore.com\/de\/wp-json\/wp\/v2\/media?parent=107371"}],"wp:term":[{"taxonomy":"product_brand","embeddable":true,"href":"https:\/\/dutchhealthstore.com\/de\/wp-json\/wp\/v2\/product_brand?post=107371"},{"taxonomy":"product_cat","embeddable":true,"href":"https:\/\/dutchhealthstore.com\/de\/wp-json\/wp\/v2\/product_cat?post=107371"},{"taxonomy":"product_tag","embeddable":true,"href":"https:\/\/dutchhealthstore.com\/de\/wp-json\/wp\/v2\/product_tag?post=107371"}],"curies":[{"name":"wp","href":"https:\/\/api.w.org\/{rel}","templated":true}]}}