{"id":107328,"date":"2020-06-15T12:45:57","date_gmt":"2020-06-15T10:45:57","guid":{"rendered":"https:\/\/dutchhealthstore.com\/product\/bedew-dab\/"},"modified":"2024-05-23T14:53:54","modified_gmt":"2024-05-23T12:53:54","slug":"bedew-dab","status":"publish","type":"product","link":"https:\/\/dutchhealthstore.com\/de\/product\/bedew-dab\/","title":{"rendered":"BeDew Dab"},"content":{"rendered":"<h3><img decoding=\"async\" class=\"size-full wp-image-69549 alignright\" src=\"https:\/\/dutchhealthstore.com\/wp-content\/uploads\/2019\/08\/NEW-Living-Libations-Logo.jpg\" alt=\"NEW - Living Libations - Logo\" width=\"175\" height=\"82\">Instruktion<\/h3>\n<p>Geben Sie einen einzelnen, kr\u00e4ftigen Tropfen direkt auf die betroffene Stelle oder kombinieren Sie BeDew Dab mit Frankincense Best Skin Ever, Open Sky Eye Serum oder reinem Jojoba\u00f6l f\u00fcr eine beruhigende, k\u00fchlende und regenerierende Mischung.<\/p>\n<p><strong>Gr\u00f6\u00dfe: 5 ml und 15 ml<\/strong><\/p>\n<h3 class=\"yikes-custom-woo-tab-title yikes-custom-woo-tab-title-natural-organic-ingredients\">Nat\u00fcrliche\/Organische Inhaltsstoffe<\/h3>\n<p><strong>Weihrauch <\/strong><em>(Boswellia carterii)<\/em> &#8211; Der heilige Weihrauch ist von Natur aus wundersch\u00f6n balsamisch, was ihm die unvergleichliche Kraft verleiht, das Erscheinungsbild von Narben, feinen Linien und Schwellungen zu mildern. Dieses \u00d6l ist ein hervorragendes St\u00e4rkungsmittel, das seit Tausenden von Jahren zur Pflege und Erhaltung der Haut verwendet wird.<\/p>\n<p><strong>Blauer Rainfarn<\/strong> <em>(Tanacetum annuum)<\/em> &#8211; Der sch\u00f6ne blaue Rainfarn ist unglaublich wohltuend und beruhigend f\u00fcr die Haut und den Geist. Der hohe Azulen-Gehalt dieses \u00d6ls f\u00fcgt sich nahtlos in die lange Liste der Inhaltsstoffe dieses Produkts ein, die dieses \u00d6l so einzigartig machen. Blue Tansy hat ein k\u00f6stlich s\u00fc\u00dfes, krautiges Aroma und f\u00f6rdert die Entspannung, w\u00e4hrend es trockene, ger\u00f6tete Haut oder Haut, die Umwelteinfl\u00fcssen ausgesetzt war, beruhigt. Es bringt auch friedliche Gef\u00fchle in Ihre Sch\u00f6nheitsroutine. Der Blaue Rainfarn ist f\u00fcr sein fruchtiges Aroma bekannt.<\/p>\n<p><strong>Sandelholz <\/strong><em>(Santalum album)<\/em> &#8211; Sukkulentes Sandelholz ist das perfekte Gegenmittel f\u00fcr sonnenverw\u00f6hnte, hei\u00dfe und dehydrierte Haut. Es hilft der Haut, mehr Feuchtigkeit zu speichern, reduziert das Erscheinungsbild von Narben und Altersflecken und reinigt die Poren. Sandelholz ist ein uraltes K\u00f6rper- und Gesichts\u00f6l, das als beruhigendes, linderndes Tonikum gesch\u00e4tzt wird. Die nach Honig-Sirup duftende Essenz beruhigt trockene, empfindliche Haut.<\/p>\n<p><strong>Pfefferminze<\/strong> <em>(Mentha piperita)<\/em> &#8211; Die k\u00fchlende Wirkung der Pfefferminze, die mit ihrer minzigen Frische und ihren kraftvollen pflanzlichen Eigenschaften \u00fcberzeugt, ist der Schl\u00fcssel zur Beruhigung. Pfefferminze f\u00fchlt sich k\u00fchlend und angenehm wie Eis an und ist daher eines jener \u00e4therischen \u00d6le, die in jede Reiseapotheke geh\u00f6ren. Die pflanzliche Kraft der Pfefferminze und ihre tonisierenden Eigenschaften beleben fahle Haut und bringen fettige Haut ins Gleichgewicht.<\/p>\n<p><strong>Zypresse <\/strong><em>(Cypress sempervirens)<\/em> &#8211; Das kr\u00e4ftigende Zypressen\u00f6l ist ein beruhigendes und st\u00e4rkendes Tonikum. Zypresse ist hervorragend zur Reinigung der Poren geeignet. Destilliert aus den m\u00e4chtigen Nadeln des majest\u00e4tischen immergr\u00fcnen Baumes, der sich stolz in den Himmel reckt, w\u00e4hrend er \u00fcber die Jahrhunderte seines Bestehens wacht. Diese klare Essenz reinigt die Poren, gleicht \u00fcbersch\u00fcssiges Hautfett aus, hebt die Stimmung und sorgt f\u00fcr eine straffe Haut.<\/p>\n<p><img fetchpriority=\"high\" decoding=\"async\" class=\"size-medium wp-image-68103 aligncenter\" src=\"https:\/\/dutchhealthstore.com\/wp-content\/uploads\/2018\/02\/Living-Libations-Organic-Logo-800x89.png\" alt=\"Living Libations - Organic Logo\" width=\"800\" height=\"89\" srcset=\"https:\/\/dutchhealthstore.com\/wp-content\/uploads\/2018\/02\/Living-Libations-Organic-Logo-800x89.png 800w, https:\/\/dutchhealthstore.com\/wp-content\/uploads\/2018\/02\/Living-Libations-Organic-Logo-510x57.png 510w, https:\/\/dutchhealthstore.com\/wp-content\/uploads\/2018\/02\/Living-Libations-Organic-Logo-768x85.png 768w, https:\/\/dutchhealthstore.com\/wp-content\/uploads\/2018\/02\/Living-Libations-Organic-Logo.png 1400w\" sizes=\"(max-width: 800px) 100vw, 800px\" \/><\/p>\n","protected":false},"excerpt":{"rendered":"<p>Wenn die Welt Sie in Aufruhr versetzt und Ihre Haut zerknittert aussieht, reicht ein Tupfer BeDew aus!<\/p>\n<p><strong>Living Libations BeDew Dab<\/strong> wird mit den k\u00fchlendsten und wohltuendsten \u00d6len aus unserer Kollektion hergestellt. Dieses punktuelle Serum ist unser bevorzugtes Elixier f\u00fcr Haut, die eine k\u00fchlende, blaue Liebkosung braucht. BeDew Dab ist eine erfrischende, beruhigende Antwort, um R\u00f6tungen zu lindern und Schwellungen mit nur einem Tupfer BeDew zu stoppen.<\/p>\n","protected":false},"featured_media":107145,"comment_status":"open","ping_status":"closed","template":"","meta":[],"product_brand":[],"product_cat":[14735,1227,5704,1963,1032,1493,1210,5101,511,4758,5705,5708,5634,5701],"product_tag":[6443,1547],"class_list":{"0":"post-107328","1":"product","2":"type-product","3":"status-publish","4":"has-post-thumbnail","6":"product_cat-hautpflege","7":"product_cat-sensitive-skin-redness-de","8":"product_cat-sensitive-skin-redness-de-4","9":"product_cat-spot-treatments-de","10":"product_cat-kategorien","11":"product_cat-living-libations-deutschland","12":"product_cat-marken","13":"product_cat-by-skin-type-de-4","14":"product_cat-produkte","15":"product_cat-serums-de-2","16":"product_cat-serums-de","17":"product_cat-serums-de-5","18":"product_cat-dry-mature-ageing-skin-de-2","19":"product_cat-dry-mature-ageing-skin-de-5","20":"product_tag-blends-de","21":"product_tag-essential-oil-de","22":"pa_bestsellers-goed-de","23":"pa_brand-livinglibations-de","24":"pa_size-5-ml-de","25":"pa_size-15-ml-de-2","26":"pa_skincare-type-face-oil-and-serums-de","27":"pa_skintype-sensitive-skin-redness-de","28":"pa_skintype-dry-mature-ageing-skin-de","30":"first","31":"instock","32":"taxable","33":"shipping-taxable","34":"purchasable","35":"product-type-variable"},"bundled_by":[],"bundle_stock_status":"instock","bundle_stock_quantity":null,"bundle_virtual":false,"bundle_layout":"","bundle_add_to_cart_form_location":"","bundle_editable_in_cart":false,"bundle_sold_individually_context":"","bundle_item_grouping":"","bundle_min_size":"","bundle_max_size":"","bundle_price":[],"bundled_items":[],"bundle_sell_ids":[230768],"atum_controlled":true,"out_stock_date":null,"out_stock_threshold":null,"inheritable":true,"stock_on_hold":0,"sold_today":0,"sales_last_days":0,"out_stock_days":0,"lost_sales":0,"update_date":"2026-04-10T00:00:41","atum_locations":[],"atum_stock_status":"instock","restock_status":false,"low_stock_amount":"","sales_update_date":"2026-04-10T00:00:41","calc_backorders":null,"group_of_quantity":0,"min_quantity":0,"max_quantity":"","exclude_order_quantity_value_rules":"no","exclude_category_quantity_rules":"no","combine_variations":"no","yoast_head":"<!-- This site is optimized with the Yoast SEO Premium plugin v26.5 (Yoast SEO v26.5) - https:\/\/yoast.com\/wordpress\/plugins\/seo\/ -->\n<title>Bedew Dab | Living Libations<\/title>\n<meta name=\"description\" content=\"Living Libations BeDew Dab wird mit den k\u00fchlendsten und wohltuendsten \u00d6len aus unserer Kollektion hergestellt. Dieses punktuelle Serum ist unser bevorzugtes Elixier f\u00fcr Haut, die eine k\u00fchlende, blaue Liebkosung braucht.\" \/>\n<meta name=\"robots\" content=\"index, follow, max-snippet:-1, max-image-preview:large, max-video-preview:-1\" \/>\n<link rel=\"canonical\" href=\"https:\/\/dutchhealthstore.com\/de\/product\/bedew-dab\/\" \/>\n<meta property=\"og:locale\" content=\"de_DE\" \/>\n<meta property=\"og:type\" content=\"article\" \/>\n<meta property=\"og:title\" content=\"BeDew Dab - Dutch Health Store\" \/>\n<meta property=\"og:description\" content=\"Living Libations BeDew Dab wird mit den k\u00fchlendsten und wohltuendsten \u00d6len aus unserer Kollektion hergestellt. Dieses punktuelle Serum ist unser bevorzugtes Elixier f\u00fcr Haut, die eine k\u00fchlende, blaue Liebkosung braucht.\" \/>\n<meta property=\"og:url\" content=\"https:\/\/dutchhealthstore.com\/de\/product\/bedew-dab\/\" \/>\n<meta property=\"og:site_name\" content=\"Dutch Health Store\" \/>\n<meta property=\"article:publisher\" content=\"https:\/\/www.instagram.com\/dutchhealthstore\/\" \/>\n<meta property=\"article:modified_time\" content=\"2024-05-23T12:53:54+00:00\" \/>\n<meta property=\"og:image\" content=\"https:\/\/dutchhealthstore.com\/wp-content\/uploads\/2020\/06\/living-libations-bedew-dab-1-e1592224962412.jpg\" \/>\n\t<meta property=\"og:image:width\" content=\"500\" \/>\n\t<meta property=\"og:image:height\" content=\"500\" \/>\n\t<meta property=\"og:image:type\" content=\"image\/jpeg\" \/>\n<meta name=\"twitter:card\" content=\"summary_large_image\" \/>\n<meta name=\"twitter:label1\" content=\"Verf\u00fcgbarkeit\" \/>\n\t<meta name=\"twitter:data1\" content=\"Auf Lager\" \/>\n<script type=\"application\/ld+json\" class=\"yoast-schema-graph\">{\"@context\":\"https:\/\/schema.org\",\"@graph\":[{\"@type\":\"WebPage\",\"@id\":\"https:\/\/dutchhealthstore.com\/de\/product\/bedew-dab\/\",\"url\":\"https:\/\/dutchhealthstore.com\/de\/product\/bedew-dab\/\",\"name\":\"Bedew Dab | Living Libations\",\"isPartOf\":{\"@id\":\"https:\/\/dutchhealthstore.com\/de\/#website\"},\"primaryImageOfPage\":{\"@id\":\"https:\/\/dutchhealthstore.com\/de\/product\/bedew-dab\/#primaryimage\"},\"image\":{\"@id\":\"https:\/\/dutchhealthstore.com\/de\/product\/bedew-dab\/#primaryimage\"},\"thumbnailUrl\":\"https:\/\/dutchhealthstore.com\/wp-content\/uploads\/2020\/06\/living-libations-bedew-dab-1-e1592224962412.jpg\",\"datePublished\":\"2020-06-15T10:45:57+00:00\",\"dateModified\":\"2024-05-23T12:53:54+00:00\",\"description\":\"Living Libations BeDew Dab wird mit den k\u00fchlendsten und wohltuendsten \u00d6len aus unserer Kollektion hergestellt. Dieses punktuelle Serum ist unser bevorzugtes Elixier f\u00fcr Haut, die eine k\u00fchlende, blaue Liebkosung braucht.\",\"breadcrumb\":{\"@id\":\"https:\/\/dutchhealthstore.com\/de\/product\/bedew-dab\/#breadcrumb\"},\"inLanguage\":\"de\",\"potentialAction\":[{\"@type\":\"ReadAction\",\"target\":[\"https:\/\/dutchhealthstore.com\/de\/product\/bedew-dab\/\"]}]},{\"@type\":\"ImageObject\",\"inLanguage\":\"de\",\"@id\":\"https:\/\/dutchhealthstore.com\/de\/product\/bedew-dab\/#primaryimage\",\"url\":\"https:\/\/dutchhealthstore.com\/wp-content\/uploads\/2020\/06\/living-libations-bedew-dab-1-e1592224962412.jpg\",\"contentUrl\":\"https:\/\/dutchhealthstore.com\/wp-content\/uploads\/2020\/06\/living-libations-bedew-dab-1-e1592224962412.jpg\",\"width\":500,\"height\":500},{\"@type\":\"BreadcrumbList\",\"@id\":\"https:\/\/dutchhealthstore.com\/de\/product\/bedew-dab\/#breadcrumb\",\"itemListElement\":[{\"@type\":\"ListItem\",\"position\":1,\"name\":\"Home\",\"item\":\"https:\/\/dutchhealthstore.com\/de\/\"},{\"@type\":\"ListItem\",\"position\":2,\"name\":\"Shop\",\"item\":\"https:\/\/dutchhealthstore.com\/de\/shop-2\/\"},{\"@type\":\"ListItem\",\"position\":3,\"name\":\"BeDew Dab\"}]},{\"@type\":\"WebSite\",\"@id\":\"https:\/\/dutchhealthstore.com\/de\/#website\",\"url\":\"https:\/\/dutchhealthstore.com\/de\/\",\"name\":\"Dutch Health Store\",\"description\":\"Enhance Your Beauty with Organic &amp; Natural Skincare\",\"publisher\":{\"@id\":\"https:\/\/dutchhealthstore.com\/de\/#organization\"},\"potentialAction\":[{\"@type\":\"SearchAction\",\"target\":{\"@type\":\"EntryPoint\",\"urlTemplate\":\"https:\/\/dutchhealthstore.com\/de\/?s={search_term_string}\"},\"query-input\":{\"@type\":\"PropertyValueSpecification\",\"valueRequired\":true,\"valueName\":\"search_term_string\"}}],\"inLanguage\":\"de\"},{\"@type\":\"Organization\",\"@id\":\"https:\/\/dutchhealthstore.com\/de\/#organization\",\"name\":\"Dutch Health Store\",\"url\":\"https:\/\/dutchhealthstore.com\/de\/\",\"logo\":{\"@type\":\"ImageObject\",\"inLanguage\":\"de\",\"@id\":\"https:\/\/dutchhealthstore.com\/de\/#\/schema\/logo\/image\/\",\"url\":\"https:\/\/dutchhealthstore.com\/wp-content\/uploads\/2020\/08\/logo-dutchhealthstore-jpg-e1599484957574.jpg\",\"contentUrl\":\"https:\/\/dutchhealthstore.com\/wp-content\/uploads\/2020\/08\/logo-dutchhealthstore-jpg-e1599484957574.jpg\",\"width\":400,\"height\":62,\"caption\":\"Dutch Health Store\"},\"image\":{\"@id\":\"https:\/\/dutchhealthstore.com\/de\/#\/schema\/logo\/image\/\"},\"sameAs\":[\"https:\/\/www.instagram.com\/dutchhealthstore\/\",\"https:\/\/www.facebook.com\/dutchhealthstore\"]}]}<\/script>\n<meta property=\"product:brand\" content=\"Living Libations\" \/>\n<meta property=\"og:availability\" content=\"instock\" \/>\n<meta property=\"product:availability\" content=\"instock\" \/>\n<meta property=\"product:condition\" content=\"new\" \/>\n<!-- \/ Yoast SEO Premium plugin. -->","yoast_head_json":{"title":"Bedew Dab | Living Libations","description":"Living Libations BeDew Dab wird mit den k\u00fchlendsten und wohltuendsten \u00d6len aus unserer Kollektion hergestellt. Dieses punktuelle Serum ist unser bevorzugtes Elixier f\u00fcr Haut, die eine k\u00fchlende, blaue Liebkosung braucht.","robots":{"index":"index","follow":"follow","max-snippet":"max-snippet:-1","max-image-preview":"max-image-preview:large","max-video-preview":"max-video-preview:-1"},"canonical":"https:\/\/dutchhealthstore.com\/de\/product\/bedew-dab\/","og_locale":"de_DE","og_type":"article","og_title":"BeDew Dab - Dutch Health Store","og_description":"Living Libations BeDew Dab wird mit den k\u00fchlendsten und wohltuendsten \u00d6len aus unserer Kollektion hergestellt. Dieses punktuelle Serum ist unser bevorzugtes Elixier f\u00fcr Haut, die eine k\u00fchlende, blaue Liebkosung braucht.","og_url":"https:\/\/dutchhealthstore.com\/de\/product\/bedew-dab\/","og_site_name":"Dutch Health Store","article_publisher":"https:\/\/www.instagram.com\/dutchhealthstore\/","article_modified_time":"2024-05-23T12:53:54+00:00","og_image":[{"width":500,"height":500,"url":"https:\/\/dutchhealthstore.com\/wp-content\/uploads\/2020\/06\/living-libations-bedew-dab-1-e1592224962412.jpg","type":"image\/jpeg"}],"twitter_card":"summary_large_image","twitter_misc":{"Verf\u00fcgbarkeit":"Auf Lager"},"schema":{"@context":"https:\/\/schema.org","@graph":[{"@type":"WebPage","@id":"https:\/\/dutchhealthstore.com\/de\/product\/bedew-dab\/","url":"https:\/\/dutchhealthstore.com\/de\/product\/bedew-dab\/","name":"Bedew Dab | Living Libations","isPartOf":{"@id":"https:\/\/dutchhealthstore.com\/de\/#website"},"primaryImageOfPage":{"@id":"https:\/\/dutchhealthstore.com\/de\/product\/bedew-dab\/#primaryimage"},"image":{"@id":"https:\/\/dutchhealthstore.com\/de\/product\/bedew-dab\/#primaryimage"},"thumbnailUrl":"https:\/\/dutchhealthstore.com\/wp-content\/uploads\/2020\/06\/living-libations-bedew-dab-1-e1592224962412.jpg","datePublished":"2020-06-15T10:45:57+00:00","dateModified":"2024-05-23T12:53:54+00:00","description":"Living Libations BeDew Dab wird mit den k\u00fchlendsten und wohltuendsten \u00d6len aus unserer Kollektion hergestellt. Dieses punktuelle Serum ist unser bevorzugtes Elixier f\u00fcr Haut, die eine k\u00fchlende, blaue Liebkosung braucht.","breadcrumb":{"@id":"https:\/\/dutchhealthstore.com\/de\/product\/bedew-dab\/#breadcrumb"},"inLanguage":"de","potentialAction":[{"@type":"ReadAction","target":["https:\/\/dutchhealthstore.com\/de\/product\/bedew-dab\/"]}]},{"@type":"ImageObject","inLanguage":"de","@id":"https:\/\/dutchhealthstore.com\/de\/product\/bedew-dab\/#primaryimage","url":"https:\/\/dutchhealthstore.com\/wp-content\/uploads\/2020\/06\/living-libations-bedew-dab-1-e1592224962412.jpg","contentUrl":"https:\/\/dutchhealthstore.com\/wp-content\/uploads\/2020\/06\/living-libations-bedew-dab-1-e1592224962412.jpg","width":500,"height":500},{"@type":"BreadcrumbList","@id":"https:\/\/dutchhealthstore.com\/de\/product\/bedew-dab\/#breadcrumb","itemListElement":[{"@type":"ListItem","position":1,"name":"Home","item":"https:\/\/dutchhealthstore.com\/de\/"},{"@type":"ListItem","position":2,"name":"Shop","item":"https:\/\/dutchhealthstore.com\/de\/shop-2\/"},{"@type":"ListItem","position":3,"name":"BeDew Dab"}]},{"@type":"WebSite","@id":"https:\/\/dutchhealthstore.com\/de\/#website","url":"https:\/\/dutchhealthstore.com\/de\/","name":"Dutch Health Store","description":"Enhance Your Beauty with Organic &amp; Natural Skincare","publisher":{"@id":"https:\/\/dutchhealthstore.com\/de\/#organization"},"potentialAction":[{"@type":"SearchAction","target":{"@type":"EntryPoint","urlTemplate":"https:\/\/dutchhealthstore.com\/de\/?s={search_term_string}"},"query-input":{"@type":"PropertyValueSpecification","valueRequired":true,"valueName":"search_term_string"}}],"inLanguage":"de"},{"@type":"Organization","@id":"https:\/\/dutchhealthstore.com\/de\/#organization","name":"Dutch Health Store","url":"https:\/\/dutchhealthstore.com\/de\/","logo":{"@type":"ImageObject","inLanguage":"de","@id":"https:\/\/dutchhealthstore.com\/de\/#\/schema\/logo\/image\/","url":"https:\/\/dutchhealthstore.com\/wp-content\/uploads\/2020\/08\/logo-dutchhealthstore-jpg-e1599484957574.jpg","contentUrl":"https:\/\/dutchhealthstore.com\/wp-content\/uploads\/2020\/08\/logo-dutchhealthstore-jpg-e1599484957574.jpg","width":400,"height":62,"caption":"Dutch Health Store"},"image":{"@id":"https:\/\/dutchhealthstore.com\/de\/#\/schema\/logo\/image\/"},"sameAs":["https:\/\/www.instagram.com\/dutchhealthstore\/","https:\/\/www.facebook.com\/dutchhealthstore"]}]},"product_brand":"Living Libations","og_availability":"instock","product_availability":"instock","product_condition":"new"},"_links":{"self":[{"href":"https:\/\/dutchhealthstore.com\/de\/wp-json\/wp\/v2\/product\/107328","targetHints":{"allow":["GET"]}}],"collection":[{"href":"https:\/\/dutchhealthstore.com\/de\/wp-json\/wp\/v2\/product"}],"about":[{"href":"https:\/\/dutchhealthstore.com\/de\/wp-json\/wp\/v2\/types\/product"}],"replies":[{"embeddable":true,"href":"https:\/\/dutchhealthstore.com\/de\/wp-json\/wp\/v2\/comments?post=107328"}],"wp:featuredmedia":[{"embeddable":true,"href":"https:\/\/dutchhealthstore.com\/de\/wp-json\/wp\/v2\/media\/107145"}],"wp:attachment":[{"href":"https:\/\/dutchhealthstore.com\/de\/wp-json\/wp\/v2\/media?parent=107328"}],"wp:term":[{"taxonomy":"product_brand","embeddable":true,"href":"https:\/\/dutchhealthstore.com\/de\/wp-json\/wp\/v2\/product_brand?post=107328"},{"taxonomy":"product_cat","embeddable":true,"href":"https:\/\/dutchhealthstore.com\/de\/wp-json\/wp\/v2\/product_cat?post=107328"},{"taxonomy":"product_tag","embeddable":true,"href":"https:\/\/dutchhealthstore.com\/de\/wp-json\/wp\/v2\/product_tag?post=107328"}],"curies":[{"name":"wp","href":"https:\/\/api.w.org\/{rel}","templated":true}]}}