{"id":107090,"date":"2018-02-10T19:23:21","date_gmt":"2018-02-10T18:23:21","guid":{"rendered":"https:\/\/dutchhealthstore.com\/product\/dewdab\/"},"modified":"2026-02-19T14:35:31","modified_gmt":"2026-02-19T13:35:31","slug":"dewdab","status":"publish","type":"product","link":"https:\/\/dutchhealthstore.com\/de\/product\/dewdab\/","title":{"rendered":"DewDab"},"content":{"rendered":"<p><img decoding=\"async\" class=\"size-full wp-image-37041 alignright\" src=\"https:\/\/dutchhealthstore.com\/wp-content\/uploads\/2018\/04\/Living_Libations-1.png\" alt=\"Organic &amp; Natural Beautyproducts - Living Libations\" width=\"175\" height=\"82\">F\u00fcr einen gleichm\u00e4\u00dfigen Hautton und einen ebenm\u00e4\u00dfigen Teint ist der DewDab der ideale Tupfer. Es t\u00f6nt die Haut von Problemen, die irgendwie \u00fcber Nacht erscheinen. Tupfen, kleiden und streicheln Sie Ihre Haut nach der Reinigung mit dem Best Skin Ever jeden Morgen und Abend f\u00fcr strahlende Ergebnisse!<\/p>\n<h3>Instruktion<\/h3>\n<p>Kippen Sie einfach die Flasche, um einen Tropfen auf Ihre Fingerspitze zu geben, und tragen Sie ihn direkt auf die Stelle auf. Ein kleiner Tupfer gen\u00fcgt! Direkt, unverd\u00fcnnt oder als sch\u00f6ner Zusatz zu unserem Sandalwood Serum Supreme, Sandalwood Best Skin Ever, Soothsayer Serum, Rose Renewal oder der All Seeing Eye Cr\u00e8me auftragen.<\/p>\n<h3 class=\"yikes-custom-woo-tab-title yikes-custom-woo-tab-title-natural-organic-ingredients\">Nat\u00fcrliche\/Organische Inhaltsstoffe<\/h3>\n<p>\u00c4therisches \u00d6l der <strong>Kap-Kamille<\/strong> <em>(Eriocephalus punctulatus) &#8211; <\/em>Die Kap-Kamille verstr\u00f6mt einen sch\u00f6nen, feinen fruchtig-blumigen Duft, der zu meinen Lieblingsaromen geh\u00f6rt. Die Kapkamille hat einen hohen Gehalt an seltenen, n\u00e4hrenden Ester- und Azulenverbindungen, die ihr einen blauen Farbton verleihen, der alle Arten von Hautungleichgewichten beruhigt. Diese verj\u00fcngende Essenz reguliert den Talg und mildert das Erscheinungsbild von Narben und Flecken.<\/p>\n<p>\u00c4therisches \u00d6l der <strong>Rose Otto<\/strong> <em>(Rosa damascena)<\/em> &#8211; Regal rose otto ist eine dampfdestillierte Divination aus dem Tal der Rosen in Bulgarien und ist seit Jahrhunderten ein fester Bestandteil von Hautpflegepr\u00e4paraten. Dichter, Schriftsteller und Mystiker haben die herzerw\u00e4rmende Wirkung von Rosenotto gepriesen, das das Herz f\u00fcr die Liebe \u00f6ffnet. Abgesehen von seinem engelsgleichen Duft und seinen heilenden Schwingungen ist Rosen-Otto das kostbarste, begehrteste und medizinisch wertvollste \u00d6l aller Rosensorten. Als g\u00f6ttliche Gnade f\u00fcr Sch\u00f6nheit und Gesicht belebt die strahlende Rose mit ihrer eleganten Essenz jeden Faden unseres Wesens. Man braucht sechzig Rosen, um einen Tropfen \u00e4therisches Rosen\u00f6l herzustellen! Das &#8222;otto&#8220; in Rose otto bezieht sich auf das Verfahren der Wasserdampfdestillation. Dies ist die einzige Art von Rosenessenz, die man f\u00fcr die Hautpflege verwenden m\u00f6chte. Die Rose beruhigt das Herz und gl\u00e4ttet die Haut. Sie ist ein wichtiger Verb\u00fcndeter bei der Verj\u00fcngung der Haut und sorgt f\u00fcr Gleichgewicht und Sch\u00f6nheit.<\/p>\n<p>\u00c4therisches <strong>Zypressen\u00f6l<\/strong> <em>(Cypress sempervirens)<\/em> &#8211; Das kr\u00e4ftigende Zypressen\u00f6l ist ein beruhigendes, st\u00e4rkendes Tonikum. Zypresse ist hervorragend f\u00fcr tr\u00e4ge Haut geeignet.<\/p>\n<p>\u00c4therisches <strong>Weihrauch\u00f6l<\/strong> <em>(Boswellia carterii)<\/em> &#8211; Dies ist eine heilige, essenzielle Essenz zur Kultivierung der Ehrfurcht der Haut. Weihrauch ist eine fl\u00fcssige Perle vom Baum des Lebens und wird aus dem harzigen Saft des Baumes destilliert. Dieses feine, duftende \u00d6l, das seit Tausenden von Jahren in spirituellen Zeremonien gesalbt und inhaliert wird, erh\u00f6ht die Widerstandsf\u00e4higkeit der Haut. Weihrauch, der die Weisheit der Jahrhunderte in sich tr\u00e4gt, ist hervorragend geeignet, um Narben zu lindern, Hautunebenheiten zu gl\u00e4tten und das Auftreten von Melasma zu minimieren. Dieses \u00d6l ist ein hervorragendes Tonikum, das seit Jahrtausenden zur St\u00e4rkung der Haut verwendet wird.<\/p>\n<p>\u00c4therisches \u00d6l <strong>der Strohblume<\/strong> <em>(Helichrysum italicum) &#8211; <\/em>Die unverg\u00e4ngliche Strohblume ist einzigartig und eignet sich hervorragend f\u00fcr alle Arten von Hautpflegeprodukten. Dieses duftende, blumige \u00d6l wird auf der Insel Korsika wild geerntet, wo die Blumen unter der Meeresbrise und der Sonne gedeihen. Die Blumen wachsen in einer H\u00f6he von 4.000 Fu\u00df auf den felsigen Klippen der Landschaft. Die Immortelle hilft, das Erscheinungsbild von Narben, Flecken, Melasma, R\u00f6tungen und F\u00e4ltchen zu mildern. Dieses facettenreiche \u00d6l ist auch emotional sehr anregend.<\/p>\n<p>\u00c4therisches <strong>Lavendel\u00f6l<\/strong> <em>(Lavendula angustifolia)<\/em> &#8211; Der sanfte Lavendel ist f\u00fcr seine beruhigende Wirkung auf K\u00f6rper und Geist bekannt. Dieses sanfte, aber dennoch wirkungsvolle Hauttonikum eignet sich perfekt, um das Erscheinungsbild von Narben, Flecken, Melasma und ungleichm\u00e4\u00dfigem Hautton zu mildern. Der liebliche Duft des Lavendels umschmeichelt die Sinne, l\u00e4sst nerv\u00f6se Spannungen abfallen und mildert geistige Unruhe. Lavendel ist ein Wiegenlied f\u00fcr den Geist und die Haut.<\/p>\n<p>&nbsp;<\/p>\n<p><img fetchpriority=\"high\" decoding=\"async\" class=\"aligncenter size-full wp-image-31577\" src=\"https:\/\/dutchhealthstore.com\/wp-content\/uploads\/2018\/03\/organic_big.png\" alt=\"Organic and Natural - Living Libations\" width=\"623\" height=\"103\" srcset=\"https:\/\/dutchhealthstore.com\/wp-content\/uploads\/2018\/03\/organic_big.png 623w, https:\/\/dutchhealthstore.com\/wp-content\/uploads\/2018\/03\/organic_big-510x84.png 510w, https:\/\/dutchhealthstore.com\/wp-content\/uploads\/2018\/03\/organic_big-600x99.png 600w, https:\/\/dutchhealthstore.com\/wp-content\/uploads\/2018\/03\/organic_big-350x58.png 350w\" sizes=\"(max-width: 623px) 100vw, 623px\" \/><\/p>\n","protected":false},"excerpt":{"rendered":"<p>Denn im Tau der kleinen Dinge wird die Haut erfrischt und aufgefrischt. <strong>D<\/strong><strong>e<\/strong><strong>w<\/strong><strong>Dab<\/strong> ist unser beruhigendes Spot-on-Serum, das das Erscheinungsbild von feinen Linien, Narben, Unebenheiten, Couperose und Melasma auf Ihrer Haut mildert. Tupfen Sie es direkt auf die Stellen, die Pflege brauchen, oder mischen Sie es mit dem Best Skin Ever oder Libations Facial Serum.<\/p>\n","protected":false},"featured_media":113122,"comment_status":"open","ping_status":"closed","template":"","meta":[],"product_brand":[],"product_cat":[14735,1962,6737,6749,5703,5669,1963,1032,1493,1210,5101,511,5707,4758,6736],"product_tag":[1547],"class_list":{"0":"post-107090","1":"product","2":"type-product","3":"status-publish","4":"has-post-thumbnail","6":"product_cat-hautpflege","7":"product_cat-elixir-blends","8":"product_cat-essential-oils-de-2","9":"product_cat-essential-oil-blends-de-2","10":"product_cat-oily-skin-clogged-pores-de-6","11":"product_cat-oily-skin-clogged-pores-de","12":"product_cat-spot-treatments-de","13":"product_cat-kategorien","14":"product_cat-living-libations-deutschland","15":"product_cat-marken","16":"product_cat-by-skin-type-de-4","17":"product_cat-produkte","18":"product_cat-serums-de-4","19":"product_cat-serums-de-2","20":"product_cat-wellness-de","21":"product_tag-essential-oil-de","22":"pa_bestsellers-goed-de","23":"pa_bestsellers-uitstekend-de","24":"pa_brand-livinglibations-de","25":"pa_essential-oils-product-type-essential-oil-blends-de","26":"pa_gtin-7439657334313-de","27":"pa_size-5-ml-de","28":"pa_size-15-ml-de-2","29":"pa_size-30-ml-de","30":"pa_skincare-type-face-oil-and-serums-de","31":"pa_skintype-oily-skin-de","33":"first","34":"instock","35":"taxable","36":"shipping-taxable","37":"purchasable","38":"product-type-variable"},"bundled_by":[],"bundle_stock_status":"instock","bundle_stock_quantity":null,"bundle_virtual":false,"bundle_layout":"","bundle_add_to_cart_form_location":"","bundle_editable_in_cart":false,"bundle_sold_individually_context":"","bundle_item_grouping":"","bundle_min_size":"","bundle_max_size":"","bundle_price":[],"bundled_items":[],"bundle_sell_ids":[230771],"atum_controlled":true,"out_stock_date":null,"out_stock_threshold":null,"inheritable":true,"stock_on_hold":0,"sold_today":0,"sales_last_days":0,"out_stock_days":0,"lost_sales":0,"update_date":"2026-04-04T01:46:01","atum_locations":[],"atum_stock_status":"instock","restock_status":false,"low_stock_amount":"","sales_update_date":"2026-04-04T01:46:01","calc_backorders":null,"group_of_quantity":0,"min_quantity":0,"max_quantity":"","exclude_order_quantity_value_rules":"no","exclude_category_quantity_rules":"no","combine_variations":"no","yoast_head":"<!-- This site is optimized with the Yoast SEO Premium plugin v26.5 (Yoast SEO v26.5) - https:\/\/yoast.com\/wordpress\/plugins\/seo\/ -->\n<title>DewDab | Living Libations<\/title>\n<meta name=\"description\" content=\"DewDab ist unser beruhigendes Spot-on-Serum, das entwickelt wurde, um das Erscheinungsbild von feinen Linien, Narben, Unebenheiten, Couperose und Melasma auf Ihrer Haut zu mildern.\" \/>\n<meta name=\"robots\" content=\"index, follow, max-snippet:-1, max-image-preview:large, max-video-preview:-1\" \/>\n<link rel=\"canonical\" href=\"https:\/\/dutchhealthstore.com\/de\/product\/dewdab\/\" \/>\n<meta property=\"og:locale\" content=\"de_DE\" \/>\n<meta property=\"og:type\" content=\"article\" \/>\n<meta property=\"og:title\" content=\"DewDab - Dutch Health Store\" \/>\n<meta property=\"og:description\" content=\"DewDab ist unser beruhigendes Spot-on-Serum, das entwickelt wurde, um das Erscheinungsbild von feinen Linien, Narben, Unebenheiten, Couperose und Melasma auf Ihrer Haut zu mildern.\" \/>\n<meta property=\"og:url\" content=\"https:\/\/dutchhealthstore.com\/de\/product\/dewdab\/\" \/>\n<meta property=\"og:site_name\" content=\"Dutch Health Store\" \/>\n<meta property=\"article:publisher\" content=\"https:\/\/www.instagram.com\/dutchhealthstore\/\" \/>\n<meta property=\"article:modified_time\" content=\"2026-02-19T13:35:31+00:00\" \/>\n<meta property=\"og:image\" content=\"https:\/\/dutchhealthstore.com\/wp-content\/uploads\/2018\/02\/Living-Libations-DewDab-e1594631253131.jpg\" \/>\n\t<meta property=\"og:image:width\" content=\"500\" \/>\n\t<meta property=\"og:image:height\" content=\"500\" \/>\n\t<meta property=\"og:image:type\" content=\"image\/jpeg\" \/>\n<meta name=\"twitter:card\" content=\"summary_large_image\" \/>\n<meta name=\"twitter:label1\" content=\"Verf\u00fcgbarkeit\" \/>\n\t<meta name=\"twitter:data1\" content=\"Auf Lager\" \/>\n<script type=\"application\/ld+json\" class=\"yoast-schema-graph\">{\"@context\":\"https:\/\/schema.org\",\"@graph\":[{\"@type\":\"WebPage\",\"@id\":\"https:\/\/dutchhealthstore.com\/de\/product\/dewdab\/\",\"url\":\"https:\/\/dutchhealthstore.com\/de\/product\/dewdab\/\",\"name\":\"DewDab | Living Libations\",\"isPartOf\":{\"@id\":\"https:\/\/dutchhealthstore.com\/de\/#website\"},\"primaryImageOfPage\":{\"@id\":\"https:\/\/dutchhealthstore.com\/de\/product\/dewdab\/#primaryimage\"},\"image\":{\"@id\":\"https:\/\/dutchhealthstore.com\/de\/product\/dewdab\/#primaryimage\"},\"thumbnailUrl\":\"https:\/\/dutchhealthstore.com\/wp-content\/uploads\/2018\/02\/Living-Libations-DewDab-e1594631253131.jpg\",\"datePublished\":\"2018-02-10T18:23:21+00:00\",\"dateModified\":\"2026-02-19T13:35:31+00:00\",\"description\":\"DewDab ist unser beruhigendes Spot-on-Serum, das entwickelt wurde, um das Erscheinungsbild von feinen Linien, Narben, Unebenheiten, Couperose und Melasma auf Ihrer Haut zu mildern.\",\"breadcrumb\":{\"@id\":\"https:\/\/dutchhealthstore.com\/de\/product\/dewdab\/#breadcrumb\"},\"inLanguage\":\"de\",\"potentialAction\":[{\"@type\":\"ReadAction\",\"target\":[\"https:\/\/dutchhealthstore.com\/de\/product\/dewdab\/\"]}]},{\"@type\":\"ImageObject\",\"inLanguage\":\"de\",\"@id\":\"https:\/\/dutchhealthstore.com\/de\/product\/dewdab\/#primaryimage\",\"url\":\"https:\/\/dutchhealthstore.com\/wp-content\/uploads\/2018\/02\/Living-Libations-DewDab-e1594631253131.jpg\",\"contentUrl\":\"https:\/\/dutchhealthstore.com\/wp-content\/uploads\/2018\/02\/Living-Libations-DewDab-e1594631253131.jpg\",\"width\":500,\"height\":500,\"caption\":\"Living Libations DewDab\"},{\"@type\":\"BreadcrumbList\",\"@id\":\"https:\/\/dutchhealthstore.com\/de\/product\/dewdab\/#breadcrumb\",\"itemListElement\":[{\"@type\":\"ListItem\",\"position\":1,\"name\":\"Home\",\"item\":\"https:\/\/dutchhealthstore.com\/de\/\"},{\"@type\":\"ListItem\",\"position\":2,\"name\":\"Shop\",\"item\":\"https:\/\/dutchhealthstore.com\/de\/shop-2\/\"},{\"@type\":\"ListItem\",\"position\":3,\"name\":\"DewDab\"}]},{\"@type\":\"WebSite\",\"@id\":\"https:\/\/dutchhealthstore.com\/de\/#website\",\"url\":\"https:\/\/dutchhealthstore.com\/de\/\",\"name\":\"Dutch Health Store\",\"description\":\"Enhance Your Beauty with Organic &amp; Natural Skincare\",\"publisher\":{\"@id\":\"https:\/\/dutchhealthstore.com\/de\/#organization\"},\"potentialAction\":[{\"@type\":\"SearchAction\",\"target\":{\"@type\":\"EntryPoint\",\"urlTemplate\":\"https:\/\/dutchhealthstore.com\/de\/?s={search_term_string}\"},\"query-input\":{\"@type\":\"PropertyValueSpecification\",\"valueRequired\":true,\"valueName\":\"search_term_string\"}}],\"inLanguage\":\"de\"},{\"@type\":\"Organization\",\"@id\":\"https:\/\/dutchhealthstore.com\/de\/#organization\",\"name\":\"Dutch Health Store\",\"url\":\"https:\/\/dutchhealthstore.com\/de\/\",\"logo\":{\"@type\":\"ImageObject\",\"inLanguage\":\"de\",\"@id\":\"https:\/\/dutchhealthstore.com\/de\/#\/schema\/logo\/image\/\",\"url\":\"https:\/\/dutchhealthstore.com\/wp-content\/uploads\/2020\/08\/logo-dutchhealthstore-jpg-e1599484957574.jpg\",\"contentUrl\":\"https:\/\/dutchhealthstore.com\/wp-content\/uploads\/2020\/08\/logo-dutchhealthstore-jpg-e1599484957574.jpg\",\"width\":400,\"height\":62,\"caption\":\"Dutch Health Store\"},\"image\":{\"@id\":\"https:\/\/dutchhealthstore.com\/de\/#\/schema\/logo\/image\/\"},\"sameAs\":[\"https:\/\/www.instagram.com\/dutchhealthstore\/\",\"https:\/\/www.facebook.com\/dutchhealthstore\"]}]}<\/script>\n<meta property=\"product:brand\" content=\"Living Libations\" \/>\n<meta property=\"og:availability\" content=\"instock\" \/>\n<meta property=\"product:availability\" content=\"instock\" \/>\n<meta property=\"product:condition\" content=\"new\" \/>\n<!-- \/ Yoast SEO Premium plugin. -->","yoast_head_json":{"title":"DewDab | Living Libations","description":"DewDab ist unser beruhigendes Spot-on-Serum, das entwickelt wurde, um das Erscheinungsbild von feinen Linien, Narben, Unebenheiten, Couperose und Melasma auf Ihrer Haut zu mildern.","robots":{"index":"index","follow":"follow","max-snippet":"max-snippet:-1","max-image-preview":"max-image-preview:large","max-video-preview":"max-video-preview:-1"},"canonical":"https:\/\/dutchhealthstore.com\/de\/product\/dewdab\/","og_locale":"de_DE","og_type":"article","og_title":"DewDab - Dutch Health Store","og_description":"DewDab ist unser beruhigendes Spot-on-Serum, das entwickelt wurde, um das Erscheinungsbild von feinen Linien, Narben, Unebenheiten, Couperose und Melasma auf Ihrer Haut zu mildern.","og_url":"https:\/\/dutchhealthstore.com\/de\/product\/dewdab\/","og_site_name":"Dutch Health Store","article_publisher":"https:\/\/www.instagram.com\/dutchhealthstore\/","article_modified_time":"2026-02-19T13:35:31+00:00","og_image":[{"width":500,"height":500,"url":"https:\/\/dutchhealthstore.com\/wp-content\/uploads\/2018\/02\/Living-Libations-DewDab-e1594631253131.jpg","type":"image\/jpeg"}],"twitter_card":"summary_large_image","twitter_misc":{"Verf\u00fcgbarkeit":"Auf Lager"},"schema":{"@context":"https:\/\/schema.org","@graph":[{"@type":"WebPage","@id":"https:\/\/dutchhealthstore.com\/de\/product\/dewdab\/","url":"https:\/\/dutchhealthstore.com\/de\/product\/dewdab\/","name":"DewDab | Living Libations","isPartOf":{"@id":"https:\/\/dutchhealthstore.com\/de\/#website"},"primaryImageOfPage":{"@id":"https:\/\/dutchhealthstore.com\/de\/product\/dewdab\/#primaryimage"},"image":{"@id":"https:\/\/dutchhealthstore.com\/de\/product\/dewdab\/#primaryimage"},"thumbnailUrl":"https:\/\/dutchhealthstore.com\/wp-content\/uploads\/2018\/02\/Living-Libations-DewDab-e1594631253131.jpg","datePublished":"2018-02-10T18:23:21+00:00","dateModified":"2026-02-19T13:35:31+00:00","description":"DewDab ist unser beruhigendes Spot-on-Serum, das entwickelt wurde, um das Erscheinungsbild von feinen Linien, Narben, Unebenheiten, Couperose und Melasma auf Ihrer Haut zu mildern.","breadcrumb":{"@id":"https:\/\/dutchhealthstore.com\/de\/product\/dewdab\/#breadcrumb"},"inLanguage":"de","potentialAction":[{"@type":"ReadAction","target":["https:\/\/dutchhealthstore.com\/de\/product\/dewdab\/"]}]},{"@type":"ImageObject","inLanguage":"de","@id":"https:\/\/dutchhealthstore.com\/de\/product\/dewdab\/#primaryimage","url":"https:\/\/dutchhealthstore.com\/wp-content\/uploads\/2018\/02\/Living-Libations-DewDab-e1594631253131.jpg","contentUrl":"https:\/\/dutchhealthstore.com\/wp-content\/uploads\/2018\/02\/Living-Libations-DewDab-e1594631253131.jpg","width":500,"height":500,"caption":"Living Libations DewDab"},{"@type":"BreadcrumbList","@id":"https:\/\/dutchhealthstore.com\/de\/product\/dewdab\/#breadcrumb","itemListElement":[{"@type":"ListItem","position":1,"name":"Home","item":"https:\/\/dutchhealthstore.com\/de\/"},{"@type":"ListItem","position":2,"name":"Shop","item":"https:\/\/dutchhealthstore.com\/de\/shop-2\/"},{"@type":"ListItem","position":3,"name":"DewDab"}]},{"@type":"WebSite","@id":"https:\/\/dutchhealthstore.com\/de\/#website","url":"https:\/\/dutchhealthstore.com\/de\/","name":"Dutch Health Store","description":"Enhance Your Beauty with Organic &amp; Natural Skincare","publisher":{"@id":"https:\/\/dutchhealthstore.com\/de\/#organization"},"potentialAction":[{"@type":"SearchAction","target":{"@type":"EntryPoint","urlTemplate":"https:\/\/dutchhealthstore.com\/de\/?s={search_term_string}"},"query-input":{"@type":"PropertyValueSpecification","valueRequired":true,"valueName":"search_term_string"}}],"inLanguage":"de"},{"@type":"Organization","@id":"https:\/\/dutchhealthstore.com\/de\/#organization","name":"Dutch Health Store","url":"https:\/\/dutchhealthstore.com\/de\/","logo":{"@type":"ImageObject","inLanguage":"de","@id":"https:\/\/dutchhealthstore.com\/de\/#\/schema\/logo\/image\/","url":"https:\/\/dutchhealthstore.com\/wp-content\/uploads\/2020\/08\/logo-dutchhealthstore-jpg-e1599484957574.jpg","contentUrl":"https:\/\/dutchhealthstore.com\/wp-content\/uploads\/2020\/08\/logo-dutchhealthstore-jpg-e1599484957574.jpg","width":400,"height":62,"caption":"Dutch Health Store"},"image":{"@id":"https:\/\/dutchhealthstore.com\/de\/#\/schema\/logo\/image\/"},"sameAs":["https:\/\/www.instagram.com\/dutchhealthstore\/","https:\/\/www.facebook.com\/dutchhealthstore"]}]},"product_brand":"Living Libations","og_availability":"instock","product_availability":"instock","product_condition":"new"},"_links":{"self":[{"href":"https:\/\/dutchhealthstore.com\/de\/wp-json\/wp\/v2\/product\/107090","targetHints":{"allow":["GET"]}}],"collection":[{"href":"https:\/\/dutchhealthstore.com\/de\/wp-json\/wp\/v2\/product"}],"about":[{"href":"https:\/\/dutchhealthstore.com\/de\/wp-json\/wp\/v2\/types\/product"}],"replies":[{"embeddable":true,"href":"https:\/\/dutchhealthstore.com\/de\/wp-json\/wp\/v2\/comments?post=107090"}],"wp:featuredmedia":[{"embeddable":true,"href":"https:\/\/dutchhealthstore.com\/de\/wp-json\/wp\/v2\/media\/113122"}],"wp:attachment":[{"href":"https:\/\/dutchhealthstore.com\/de\/wp-json\/wp\/v2\/media?parent=107090"}],"wp:term":[{"taxonomy":"product_brand","embeddable":true,"href":"https:\/\/dutchhealthstore.com\/de\/wp-json\/wp\/v2\/product_brand?post=107090"},{"taxonomy":"product_cat","embeddable":true,"href":"https:\/\/dutchhealthstore.com\/de\/wp-json\/wp\/v2\/product_cat?post=107090"},{"taxonomy":"product_tag","embeddable":true,"href":"https:\/\/dutchhealthstore.com\/de\/wp-json\/wp\/v2\/product_tag?post=107090"}],"curies":[{"name":"wp","href":"https:\/\/api.w.org\/{rel}","templated":true}]}}