{"id":106915,"date":"2020-01-20T11:59:50","date_gmt":"2020-01-20T11:59:50","guid":{"rendered":"https:\/\/dutchhealthstore.com\/product\/zippity-dewdab-ozonated-beauty-balm\/"},"modified":"2026-02-02T13:52:11","modified_gmt":"2026-02-02T12:52:11","slug":"zippity-dewdab-ozonated-beauty-balm","status":"publish","type":"product","link":"https:\/\/dutchhealthstore.com\/de\/product\/zippity-dewdab-ozonated-beauty-balm\/","title":{"rendered":"Zippity DewDab &#8211; Ozonated Beauty Balm"},"content":{"rendered":"<p><b><strong><img decoding=\"async\" class=\"alignright size-full wp-image-69549\" src=\"https:\/\/dutchhealthstore.com\/wp-content\/uploads\/2019\/08\/NEW-Living-Libations-Logo.jpg\" alt=\"NEW - Living Libations - Logo\" width=\"175\" height=\"82\">Z<\/strong><\/b><b><strong>i<\/strong><\/b><b><strong>ppity <\/strong><\/b><b><strong>Dew<\/strong><\/b><b><strong>Dab Ozonated Beauty Balm <\/strong><\/b>ist ein energiegeladener Sch\u00f6nheitsbalsam zur Reinigung bei Akne und zur Beruhigung von ger\u00f6teter, rauer und ungleichm\u00e4\u00dfiger Hautstruktur. Dieser samtige Balsam verwandelt sich bei Raumtemperatur in ein seidig-weiches Gel.<\/p>\n<p>Hautpflegendes Lorbeerwachs und gesundes Jojoba verschmelzen und verschwei\u00dfen die \u00e4therischen \u00d6le von tonisierendem Niaouli, kl\u00e4render Karotte, anregender Strohblume, porenreinigendem Rosmarin, k\u00fchlendem Tansy und talgstabilisierendem Thymian. Ozon bringt die Lebenskraft des Sauerstoffs auf brillante Weise ins Gleichgewicht und sorgt f\u00fcr eine glatte, lebendige Haut.<\/p>\n<p>F\u00fcr die Haut, die ein agiles und effizientes Tonikum ben\u00f6tigt, tupfen Sie morgens und abends einen einzigen gr\u00fcnen Tautropfen auf die betroffene Haut.<\/p>\n<h3 style=\"font-weight: 400;\"><strong>Das Aroma von Ozon verstehen<\/strong><\/h3>\n<p style=\"font-weight: 400;\">Wenn Sie ozonisiertes \u00d6l noch nicht kennen, kann der Geruch \u00fcberraschend sein, denn er erinnert an den Geruch aufgeladener Luft w\u00e4hrend eines Gewitters. Die meisten Menschen lieben das frische, aufgeladene Aroma, w\u00e4hrend andere es beim ersten Schnuppern als stark und ungew\u00f6hnlich empfinden. Diese Leute finden es angenehmer, nachdem sie einige Tage lang Ozon verwendet haben. Jede Rezeptur wird durch den k\u00f6stlichen Tanz der eingearbeiteten aromatischen \u00e4therischen \u00d6le bereichert, um den Geruchssinn und das Hautgef\u00fchl weiter zu aktivieren.<\/p>\n<h3>Instruktion<\/h3>\n<p>Tupfen Sie nach der Reinigung einen kleinen Tautropfen auf die betroffene Haut. Funktioniert gut unter dem Augen-Make-up und auch als Lipgloss!<\/p>\n<p><strong>Gr\u00f6\u00dfe: 6,5 ml<\/strong><\/p>\n<h3 class=\"yikes-custom-woo-tab-title yikes-custom-woo-tab-title-natural-organic-ingredients\">Nat\u00fcrliche\/Organische Inhaltsstoffe<\/h3>\n<p><strong>Ozonisiertes Jojoba<\/strong> <em>(Simmondsia chinensis O3)<\/em> &#8211; Jojoba wird mit opulentem Ozon angereichert, um die Haut zu st\u00e4rken! Wenn Ozon zu gesundem Jojoba hinzugef\u00fcgt wird, entsteht eine ganz neue F\u00fclle. Aktivierter Sauerstoff, Ozon, wird durch Aufladung von reinem Sauerstoff (zwei Sauerstoffatome &#8211; O2) zu reinem Ozon (mit drei Sauerstoffatomen &#8211; O3) hergestellt. Dieser frisch aktivierte Sauerstoff wird dann langsam in Jojoba eingeleitet. Sprudelndes Ozon in Jojoba st\u00e4rkt das \u00d6l zus\u00e4tzlich mit einem Hauch frischer Luft, der die Lebenskraft direkt in die Haut bringt. Jojoba ist die Antwort der W\u00fcste auf Trockenheit. Inmitten von Sandst\u00fcrmen und Kakteen entpuppt sich Jojoba als eine \u00fcberschw\u00e4ngliche, erweichende Oase. Wenn dieser kr\u00e4ftige Strauch unter der W\u00fcstensonne backt, keimen in den Jojobasamen Perlen aus fl\u00fcssigem Gold. Aus diesen Samen wird ein goldenes \u00d6l gewonnen, das durch Kaltpressung extrahiert wird und ein Lipid liefert, das dem nat\u00fcrlichen Talg unserer Haut sehr \u00e4hnlich ist. Sie sinkt m\u00fchelos in die Haut ein und \u00fcbertr\u00e4gt Phyton\u00e4hrstoffe, die die Haut dabei unterst\u00fctzen, Feuchtigkeit zu bewahren und die Elastizit\u00e4t wiederherzustellen. Jojoba, das mit seinem Reichtum an N\u00e4hrstoffen und Vitamin E-Tocopherolen eine hervorragende Wirkung auf die Haut hat, schmiert wie \u00d6l, ist aber eigentlich ein fl\u00fcssiges Pflanzenwachs und eignet sich daher perfekt f\u00fcr fettige Haut, da es den Talg reguliert und die Poren reinigt. Jojoba ist elastisch, reichhaltig und seidig und spendet lang anhaltende Feuchtigkeit.<\/p>\n<p><strong>Niaouli<\/strong><em> (Melaleuca quinquenervia)<\/em> &#8211; Numinoses \u00e4therisches Niaouli-\u00d6l ist der lebhafte, leuchtende Cousin des Teebaums. Wenn Sie Teebaum als etwas scharf empfinden, bietet Ihnen diese belebende Essenz eine zus\u00e4tzliche tonisierende Wirkung, verpackt in einem w\u00e4rmeren, s\u00fc\u00dferen und kampferartigen Duft. Niaouli ist reich an wirksamer pflanzlicher Intelligenz, strafft das Gewebe und ist sehr hilfreich, um das Erscheinungsbild von Hautproblemen zu verringern. So wie Teebaum\u00f6l f\u00fcr die Reinigung von Akne bekannt ist, bietet Niaouli \u00e4hnliche Vorteile f\u00fcr empfindliche Haut.<\/p>\n<p><strong>Karottensamen<\/strong> <em>(Daucus carota)<\/em> &#8211; Wilde Karotte, auch Queen Anne genannt.<\/p>\n<p><strong>Immortelle<\/strong> <em>(Helichrysum italicum)<\/em> &#8211; Die immerw\u00e4hrende Immortelle ist hervorragend und eignet sich hervorragend f\u00fcr alle Arten der Hautpflege. Dieses duftende, blumige \u00d6l wird auf der Insel Korsika wild geerntet, wo die Blumen unter der Meeresbrise und der Sonne gedeihen. Die Blumen wachsen in einer H\u00f6he von 4.000 Fu\u00df auf den felsigen Klippen der Landschaft. Die Immortelle hilft, das Erscheinungsbild von Narben, Flecken, Melasma, R\u00f6tungen und F\u00e4ltchen zu mildern. Dieses facettenreiche \u00d6l ist auch emotional sehr anregend.<\/p>\n<p><strong>Rosmarin<\/strong> <em>(Rosmarinus verbenone)<\/em> &#8211; Das \u00e4therische \u00d6l des Rosmarins ist ein krautiges Belebungs-Tonikum mit einem erfrischenden, durchdringenden Aroma. Stellen Sie sich Rosmarin als den temperamentvollen Freund vor, der die Tr\u00e4gheit aus ihrer Stagnation herausholt und Kopfhaut und Haut zu neuer Frische verhilft.<\/p>\n<p><strong>Blauer Rainfarn<\/strong> <em>(Tanacetum annuum)<\/em> &#8211; Der sch\u00f6ne Blaue Rainfarn ist unglaublich wohltuend und beruhigend f\u00fcr die Haut und den Geist. Der hohe Azulen-Gehalt dieses \u00d6ls erg\u00e4nzt die lange Liste der Inhaltsstoffe dieses Produkts um Antioxidantien, die dieses \u00d6l so einzigartig machen. Blue Tansy hat ein k\u00f6stlich s\u00fc\u00dfes, krautiges Aroma und f\u00f6rdert die Entspannung, w\u00e4hrend es trockene, ger\u00f6tete Haut oder Haut, die Umwelteinfl\u00fcssen ausgesetzt war, beruhigt. Es bringt auch friedliche Gef\u00fchle in Ihre Sch\u00f6nheitsroutine. Der Blaue Rainfarn ist f\u00fcr sein fruchtiges Aroma bekannt.<\/p>\n<p><strong>S\u00fc\u00dfer Thymian<\/strong><em> (Thymian vulgaris Linalool)<\/em> &#8211; Thymian Linalool ist ebenso stark wie sanft! Es enth\u00e4lt alle st\u00e4rkenden und tonisierenden Eigenschaften der anderen Thymian\u00f6le, ohne die Poren zu reizen, und reinigt sie. Es ist daf\u00fcr bekannt, dass es K\u00f6rper und Geist stimuliert und anregt und dabei so mild ist, dass es auch bei kleinen Kindern und \u00e4lteren Menschen angewendet werden kann. Thymian Linalool ist ein gesch\u00e4tzter Inhaltsstoff in unseren sanften Hautpflegeseren. &#8222;In diesem \u00d6l verbindet sich die Milde von Linalool und Linalylacetat mit der st\u00e4rkenden Wirkung von Thymian. Es ist hervorragend f\u00fcr Hautunreinheiten geeignet. Seine Sanftheit hat es \u00fcber Nacht zu einem Klassiker der Aromatherapie gemacht. Es ist ein angenehmes Tonikum&#8230; und in der Hautpflege unersetzlich&#8220; (Schnaubelt, 1999).<\/p>\n<p><strong>Lorbeerwachs<\/strong> <em>(Myrica pubescens)<\/em> &#8211; Das sch\u00f6ne Lorbeerwachs wirkt poetisch auf Ihren Wangen und bildet eine atmungsaktive, liebevolle Schicht auf Ihrer Haut. Dieses feine Fruchtwachs ist ein Segen aus der Beere eines immergr\u00fcnen Strauches, der in den H\u00f6henlagen der Anden w\u00e4chst.<\/p>\n<p><img fetchpriority=\"high\" decoding=\"async\" class=\"size-medium wp-image-68099 aligncenter\" src=\"https:\/\/dutchhealthstore.com\/wp-content\/uploads\/2018\/02\/Logo-Living-Libations-New-2019-800x88.png\" alt=\"Logo Living Libations New 2019\" width=\"800\" height=\"88\" srcset=\"https:\/\/dutchhealthstore.com\/wp-content\/uploads\/2018\/02\/Logo-Living-Libations-New-2019-800x88.png 800w, https:\/\/dutchhealthstore.com\/wp-content\/uploads\/2018\/02\/Logo-Living-Libations-New-2019-510x56.png 510w, https:\/\/dutchhealthstore.com\/wp-content\/uploads\/2018\/02\/Logo-Living-Libations-New-2019-768x85.png 768w, https:\/\/dutchhealthstore.com\/wp-content\/uploads\/2018\/02\/Logo-Living-Libations-New-2019.png 905w\" sizes=\"(max-width: 800px) 100vw, 800px\" \/><\/p>\n","protected":false},"excerpt":{"rendered":"<p>Mit diesem aktivierten, ozonisierten Tau lassen sich Pickel und Hautunreinheiten beseitigen.<\/p>\n<p>Living Libations <b><strong>Z<\/strong><\/b><b><strong>i<\/strong><\/b><b><strong>ppity <\/strong><\/b><b><strong>Dew<\/strong><\/b><b><strong>Dab Ozonated Beauty Balm <\/strong><\/b>ist ein belebender Sch\u00f6nheitsbalsam, der zu Unreinheiten neigende Haut reinigt, die Poren s\u00e4ubert und das Erscheinungsbild von Narben und Flecken kl\u00e4rt, w\u00e4hrend er ihr ein strahlendes Aussehen zur\u00fcckgibt. Es ist mit frischem Ozon angereichert, um die sprudelnde Agilit\u00e4t potenter Essenzen zu verst\u00e4rken, die die Harmonie wiederherstellen und die Haut gl\u00e4tten.<\/p>\n","protected":false},"featured_media":360090,"comment_status":"open","ping_status":"closed","template":"","meta":[],"product_brand":[],"product_cat":[14735,1962,5669,5719,5720,5647,1963,1958,1032,1493,1210,5101,511],"product_tag":[6236,21361,21674,21532,4831],"class_list":{"0":"post-106915","1":"product","2":"type-product","3":"status-publish","4":"has-post-thumbnail","6":"product_cat-hautpflege","7":"product_cat-elixir-blends","8":"product_cat-oily-skin-clogged-pores-de","9":"product_cat-oily-skin-clogged-pores-de-4","10":"product_cat-moisturizers-de-de-3","11":"product_cat-moisturizers-de-de","12":"product_cat-spot-treatments-de","13":"product_cat-gesicht","14":"product_cat-kategorien","15":"product_cat-living-libations-deutschland","16":"product_cat-marken","17":"product_cat-by-skin-type-de-4","18":"product_cat-produkte","19":"product_tag-balm-de","20":"product_tag-face-care-de","21":"product_tag-reinigend","22":"product_tag-reparatur","23":"product_tag-skin-de","24":"pa_bestsellers-goed-de","25":"pa_brand-livinglibations-de","26":"pa_gtin-7439657274206-de-2","27":"pa_size-6-5-ml-de","28":"pa_skincare-type-moisturizers-de","29":"pa_skintype-oily-skin-de","31":"first","32":"instock","33":"taxable","34":"shipping-taxable","35":"purchasable","36":"product-type-simple"},"bundled_by":[],"bundle_stock_status":"instock","bundle_stock_quantity":11,"bundle_virtual":false,"bundle_layout":"","bundle_add_to_cart_form_location":"","bundle_editable_in_cart":false,"bundle_sold_individually_context":"","bundle_item_grouping":"","bundle_min_size":"","bundle_max_size":"","bundle_price":[],"bundled_items":[],"bundle_sell_ids":[107698],"atum_controlled":true,"out_stock_date":null,"out_stock_threshold":null,"inheritable":false,"stock_on_hold":3,"sold_today":2,"sales_last_days":2,"out_stock_days":0,"lost_sales":0,"update_date":"2026-04-11T18:58:11","atum_locations":[],"atum_stock_status":"instock","restock_status":false,"low_stock_amount":"","sales_update_date":"2026-04-11T18:58:11","calc_backorders":null,"group_of_quantity":0,"min_quantity":0,"max_quantity":"","exclude_order_quantity_value_rules":"no","exclude_category_quantity_rules":"no","combine_variations":"no","yoast_head":"<!-- This site is optimized with the Yoast SEO Premium plugin v26.5 (Yoast SEO v26.5) - https:\/\/yoast.com\/wordpress\/plugins\/seo\/ -->\n<title>Zippity DewDab - Ozonated Beauty Balm | Living Libations<\/title>\n<meta name=\"description\" content=\"Zippity DewDab Ozonated Beauty Balm ist ein Sch\u00f6nheitsbalsam, der zu Unreinheiten neigende Haut reinigt, die Poren s\u00e4ubert und das Erscheinungsbild von Narben und Flecken kl\u00e4rt.\" \/>\n<meta name=\"robots\" content=\"index, follow, max-snippet:-1, max-image-preview:large, max-video-preview:-1\" \/>\n<link rel=\"canonical\" href=\"https:\/\/dutchhealthstore.com\/de\/product\/zippity-dewdab-ozonated-beauty-balm\/\" \/>\n<meta property=\"og:locale\" content=\"de_DE\" \/>\n<meta property=\"og:type\" content=\"article\" \/>\n<meta property=\"og:title\" content=\"Zippity DewDab - Ozonated Beauty Balm - Dutch Health Store\" \/>\n<meta property=\"og:description\" content=\"Zippity DewDab Ozonated Beauty Balm ist ein Sch\u00f6nheitsbalsam, der zu Unreinheiten neigende Haut reinigt, die Poren s\u00e4ubert und das Erscheinungsbild von Narben und Flecken kl\u00e4rt.\" \/>\n<meta property=\"og:url\" content=\"https:\/\/dutchhealthstore.com\/de\/product\/zippity-dewdab-ozonated-beauty-balm\/\" \/>\n<meta property=\"og:site_name\" content=\"Dutch Health Store\" \/>\n<meta property=\"article:publisher\" content=\"https:\/\/www.instagram.com\/dutchhealthstore\/\" \/>\n<meta property=\"article:modified_time\" content=\"2026-02-02T12:52:11+00:00\" \/>\n<meta property=\"og:image\" content=\"https:\/\/dutchhealthstore.com\/wp-content\/uploads\/2020\/01\/Untitled-design-84.jpg\" \/>\n\t<meta property=\"og:image:width\" content=\"530\" \/>\n\t<meta property=\"og:image:height\" content=\"530\" \/>\n\t<meta property=\"og:image:type\" content=\"image\/jpeg\" \/>\n<meta name=\"twitter:card\" content=\"summary_large_image\" \/>\n<meta name=\"twitter:label1\" content=\"Preis\" \/>\n\t<meta name=\"twitter:data1\" content=\"&euro;42,00\" \/>\n\t<meta name=\"twitter:label2\" content=\"Verf\u00fcgbarkeit\" \/>\n\t<meta name=\"twitter:data2\" content=\"Auf Lager\" \/>\n<script type=\"application\/ld+json\" class=\"yoast-schema-graph\">{\"@context\":\"https:\/\/schema.org\",\"@graph\":[{\"@type\":\"WebPage\",\"@id\":\"https:\/\/dutchhealthstore.com\/de\/product\/zippity-dewdab-ozonated-beauty-balm\/\",\"url\":\"https:\/\/dutchhealthstore.com\/de\/product\/zippity-dewdab-ozonated-beauty-balm\/\",\"name\":\"Zippity DewDab - Ozonated Beauty Balm | Living Libations\",\"isPartOf\":{\"@id\":\"https:\/\/dutchhealthstore.com\/de\/#website\"},\"primaryImageOfPage\":{\"@id\":\"https:\/\/dutchhealthstore.com\/de\/product\/zippity-dewdab-ozonated-beauty-balm\/#primaryimage\"},\"image\":{\"@id\":\"https:\/\/dutchhealthstore.com\/de\/product\/zippity-dewdab-ozonated-beauty-balm\/#primaryimage\"},\"thumbnailUrl\":\"https:\/\/dutchhealthstore.com\/wp-content\/uploads\/2020\/01\/Untitled-design-84.jpg\",\"datePublished\":\"2020-01-20T11:59:50+00:00\",\"dateModified\":\"2026-02-02T12:52:11+00:00\",\"description\":\"Zippity DewDab Ozonated Beauty Balm ist ein Sch\u00f6nheitsbalsam, der zu Unreinheiten neigende Haut reinigt, die Poren s\u00e4ubert und das Erscheinungsbild von Narben und Flecken kl\u00e4rt.\",\"breadcrumb\":{\"@id\":\"https:\/\/dutchhealthstore.com\/de\/product\/zippity-dewdab-ozonated-beauty-balm\/#breadcrumb\"},\"inLanguage\":\"de\",\"potentialAction\":[{\"@type\":\"ReadAction\",\"target\":[\"https:\/\/dutchhealthstore.com\/de\/product\/zippity-dewdab-ozonated-beauty-balm\/\"]}]},{\"@type\":\"ImageObject\",\"inLanguage\":\"de\",\"@id\":\"https:\/\/dutchhealthstore.com\/de\/product\/zippity-dewdab-ozonated-beauty-balm\/#primaryimage\",\"url\":\"https:\/\/dutchhealthstore.com\/wp-content\/uploads\/2020\/01\/Untitled-design-84.jpg\",\"contentUrl\":\"https:\/\/dutchhealthstore.com\/wp-content\/uploads\/2020\/01\/Untitled-design-84.jpg\",\"width\":530,\"height\":530,\"caption\":\"ll-zippity-dewdab-ozonated-new\"},{\"@type\":\"BreadcrumbList\",\"@id\":\"https:\/\/dutchhealthstore.com\/de\/product\/zippity-dewdab-ozonated-beauty-balm\/#breadcrumb\",\"itemListElement\":[{\"@type\":\"ListItem\",\"position\":1,\"name\":\"Home\",\"item\":\"https:\/\/dutchhealthstore.com\/de\/\"},{\"@type\":\"ListItem\",\"position\":2,\"name\":\"Shop\",\"item\":\"https:\/\/dutchhealthstore.com\/de\/shop-2\/\"},{\"@type\":\"ListItem\",\"position\":3,\"name\":\"Zippity DewDab &#8211; Ozonated Beauty Balm\"}]},{\"@type\":\"WebSite\",\"@id\":\"https:\/\/dutchhealthstore.com\/de\/#website\",\"url\":\"https:\/\/dutchhealthstore.com\/de\/\",\"name\":\"Dutch Health Store\",\"description\":\"Enhance Your Beauty with Organic &amp; Natural Skincare\",\"publisher\":{\"@id\":\"https:\/\/dutchhealthstore.com\/de\/#organization\"},\"potentialAction\":[{\"@type\":\"SearchAction\",\"target\":{\"@type\":\"EntryPoint\",\"urlTemplate\":\"https:\/\/dutchhealthstore.com\/de\/?s={search_term_string}\"},\"query-input\":{\"@type\":\"PropertyValueSpecification\",\"valueRequired\":true,\"valueName\":\"search_term_string\"}}],\"inLanguage\":\"de\"},{\"@type\":\"Organization\",\"@id\":\"https:\/\/dutchhealthstore.com\/de\/#organization\",\"name\":\"Dutch Health Store\",\"url\":\"https:\/\/dutchhealthstore.com\/de\/\",\"logo\":{\"@type\":\"ImageObject\",\"inLanguage\":\"de\",\"@id\":\"https:\/\/dutchhealthstore.com\/de\/#\/schema\/logo\/image\/\",\"url\":\"https:\/\/dutchhealthstore.com\/wp-content\/uploads\/2020\/08\/logo-dutchhealthstore-jpg-e1599484957574.jpg\",\"contentUrl\":\"https:\/\/dutchhealthstore.com\/wp-content\/uploads\/2020\/08\/logo-dutchhealthstore-jpg-e1599484957574.jpg\",\"width\":400,\"height\":62,\"caption\":\"Dutch Health Store\"},\"image\":{\"@id\":\"https:\/\/dutchhealthstore.com\/de\/#\/schema\/logo\/image\/\"},\"sameAs\":[\"https:\/\/www.instagram.com\/dutchhealthstore\/\",\"https:\/\/www.facebook.com\/dutchhealthstore\"]}]}<\/script>\n<meta property=\"product:brand\" content=\"Living Libations\" \/>\n<meta property=\"product:price:amount\" content=\"42.00\" \/>\n<meta property=\"product:price:currency\" content=\"EUR\" \/>\n<meta property=\"og:availability\" content=\"instock\" \/>\n<meta property=\"product:availability\" content=\"instock\" \/>\n<meta property=\"product:condition\" content=\"new\" \/>\n<!-- \/ Yoast SEO Premium plugin. -->","yoast_head_json":{"title":"Zippity DewDab - Ozonated Beauty Balm | Living Libations","description":"Zippity DewDab Ozonated Beauty Balm ist ein Sch\u00f6nheitsbalsam, der zu Unreinheiten neigende Haut reinigt, die Poren s\u00e4ubert und das Erscheinungsbild von Narben und Flecken kl\u00e4rt.","robots":{"index":"index","follow":"follow","max-snippet":"max-snippet:-1","max-image-preview":"max-image-preview:large","max-video-preview":"max-video-preview:-1"},"canonical":"https:\/\/dutchhealthstore.com\/de\/product\/zippity-dewdab-ozonated-beauty-balm\/","og_locale":"de_DE","og_type":"article","og_title":"Zippity DewDab - Ozonated Beauty Balm - Dutch Health Store","og_description":"Zippity DewDab Ozonated Beauty Balm ist ein Sch\u00f6nheitsbalsam, der zu Unreinheiten neigende Haut reinigt, die Poren s\u00e4ubert und das Erscheinungsbild von Narben und Flecken kl\u00e4rt.","og_url":"https:\/\/dutchhealthstore.com\/de\/product\/zippity-dewdab-ozonated-beauty-balm\/","og_site_name":"Dutch Health Store","article_publisher":"https:\/\/www.instagram.com\/dutchhealthstore\/","article_modified_time":"2026-02-02T12:52:11+00:00","og_image":[{"width":530,"height":530,"url":"https:\/\/dutchhealthstore.com\/wp-content\/uploads\/2020\/01\/Untitled-design-84.jpg","type":"image\/jpeg"}],"twitter_card":"summary_large_image","twitter_misc":{"Preis":"&euro;42,00","Verf\u00fcgbarkeit":"Auf Lager"},"schema":{"@context":"https:\/\/schema.org","@graph":[{"@type":"WebPage","@id":"https:\/\/dutchhealthstore.com\/de\/product\/zippity-dewdab-ozonated-beauty-balm\/","url":"https:\/\/dutchhealthstore.com\/de\/product\/zippity-dewdab-ozonated-beauty-balm\/","name":"Zippity DewDab - Ozonated Beauty Balm | Living Libations","isPartOf":{"@id":"https:\/\/dutchhealthstore.com\/de\/#website"},"primaryImageOfPage":{"@id":"https:\/\/dutchhealthstore.com\/de\/product\/zippity-dewdab-ozonated-beauty-balm\/#primaryimage"},"image":{"@id":"https:\/\/dutchhealthstore.com\/de\/product\/zippity-dewdab-ozonated-beauty-balm\/#primaryimage"},"thumbnailUrl":"https:\/\/dutchhealthstore.com\/wp-content\/uploads\/2020\/01\/Untitled-design-84.jpg","datePublished":"2020-01-20T11:59:50+00:00","dateModified":"2026-02-02T12:52:11+00:00","description":"Zippity DewDab Ozonated Beauty Balm ist ein Sch\u00f6nheitsbalsam, der zu Unreinheiten neigende Haut reinigt, die Poren s\u00e4ubert und das Erscheinungsbild von Narben und Flecken kl\u00e4rt.","breadcrumb":{"@id":"https:\/\/dutchhealthstore.com\/de\/product\/zippity-dewdab-ozonated-beauty-balm\/#breadcrumb"},"inLanguage":"de","potentialAction":[{"@type":"ReadAction","target":["https:\/\/dutchhealthstore.com\/de\/product\/zippity-dewdab-ozonated-beauty-balm\/"]}]},{"@type":"ImageObject","inLanguage":"de","@id":"https:\/\/dutchhealthstore.com\/de\/product\/zippity-dewdab-ozonated-beauty-balm\/#primaryimage","url":"https:\/\/dutchhealthstore.com\/wp-content\/uploads\/2020\/01\/Untitled-design-84.jpg","contentUrl":"https:\/\/dutchhealthstore.com\/wp-content\/uploads\/2020\/01\/Untitled-design-84.jpg","width":530,"height":530,"caption":"ll-zippity-dewdab-ozonated-new"},{"@type":"BreadcrumbList","@id":"https:\/\/dutchhealthstore.com\/de\/product\/zippity-dewdab-ozonated-beauty-balm\/#breadcrumb","itemListElement":[{"@type":"ListItem","position":1,"name":"Home","item":"https:\/\/dutchhealthstore.com\/de\/"},{"@type":"ListItem","position":2,"name":"Shop","item":"https:\/\/dutchhealthstore.com\/de\/shop-2\/"},{"@type":"ListItem","position":3,"name":"Zippity DewDab &#8211; Ozonated Beauty Balm"}]},{"@type":"WebSite","@id":"https:\/\/dutchhealthstore.com\/de\/#website","url":"https:\/\/dutchhealthstore.com\/de\/","name":"Dutch Health Store","description":"Enhance Your Beauty with Organic &amp; Natural Skincare","publisher":{"@id":"https:\/\/dutchhealthstore.com\/de\/#organization"},"potentialAction":[{"@type":"SearchAction","target":{"@type":"EntryPoint","urlTemplate":"https:\/\/dutchhealthstore.com\/de\/?s={search_term_string}"},"query-input":{"@type":"PropertyValueSpecification","valueRequired":true,"valueName":"search_term_string"}}],"inLanguage":"de"},{"@type":"Organization","@id":"https:\/\/dutchhealthstore.com\/de\/#organization","name":"Dutch Health Store","url":"https:\/\/dutchhealthstore.com\/de\/","logo":{"@type":"ImageObject","inLanguage":"de","@id":"https:\/\/dutchhealthstore.com\/de\/#\/schema\/logo\/image\/","url":"https:\/\/dutchhealthstore.com\/wp-content\/uploads\/2020\/08\/logo-dutchhealthstore-jpg-e1599484957574.jpg","contentUrl":"https:\/\/dutchhealthstore.com\/wp-content\/uploads\/2020\/08\/logo-dutchhealthstore-jpg-e1599484957574.jpg","width":400,"height":62,"caption":"Dutch Health Store"},"image":{"@id":"https:\/\/dutchhealthstore.com\/de\/#\/schema\/logo\/image\/"},"sameAs":["https:\/\/www.instagram.com\/dutchhealthstore\/","https:\/\/www.facebook.com\/dutchhealthstore"]}]},"product_brand":"Living Libations","product_price_amount":"42.00","product_price_currency":"EUR","og_availability":"instock","product_availability":"instock","product_condition":"new"},"_links":{"self":[{"href":"https:\/\/dutchhealthstore.com\/de\/wp-json\/wp\/v2\/product\/106915","targetHints":{"allow":["GET"]}}],"collection":[{"href":"https:\/\/dutchhealthstore.com\/de\/wp-json\/wp\/v2\/product"}],"about":[{"href":"https:\/\/dutchhealthstore.com\/de\/wp-json\/wp\/v2\/types\/product"}],"replies":[{"embeddable":true,"href":"https:\/\/dutchhealthstore.com\/de\/wp-json\/wp\/v2\/comments?post=106915"}],"wp:featuredmedia":[{"embeddable":true,"href":"https:\/\/dutchhealthstore.com\/de\/wp-json\/wp\/v2\/media\/360090"}],"wp:attachment":[{"href":"https:\/\/dutchhealthstore.com\/de\/wp-json\/wp\/v2\/media?parent=106915"}],"wp:term":[{"taxonomy":"product_brand","embeddable":true,"href":"https:\/\/dutchhealthstore.com\/de\/wp-json\/wp\/v2\/product_brand?post=106915"},{"taxonomy":"product_cat","embeddable":true,"href":"https:\/\/dutchhealthstore.com\/de\/wp-json\/wp\/v2\/product_cat?post=106915"},{"taxonomy":"product_tag","embeddable":true,"href":"https:\/\/dutchhealthstore.com\/de\/wp-json\/wp\/v2\/product_tag?post=106915"}],"curies":[{"name":"wp","href":"https:\/\/api.w.org\/{rel}","templated":true}]}}