{"id":106490,"date":"2020-06-11T08:53:02","date_gmt":"2020-06-11T08:53:02","guid":{"rendered":"https:\/\/dutchhealthstore.com\/product\/soothsayer-serum\/"},"modified":"2025-10-14T15:58:47","modified_gmt":"2025-10-14T13:58:47","slug":"soothsayer-serum","status":"publish","type":"product","link":"https:\/\/dutchhealthstore.com\/de\/product\/soothsayer-serum\/","title":{"rendered":"Soothsayer Serum"},"content":{"rendered":"<p><img decoding=\"async\" class=\"size-full wp-image-69549 alignright\" src=\"https:\/\/dutchhealthstore.com\/wp-content\/uploads\/2019\/08\/NEW-Living-Libations-Logo.jpg\" alt=\"NEW - Living Libations - Logo\" width=\"175\" height=\"82\">Halten wir f\u00fcr einen besonderen Sandelholz-Moment inne: Eine nat\u00fcrliche Verbindung, die in Sandelholz enthalten ist, harmonisiert die Haut mit der Sonne und sch\u00fctzt sie vor umweltbedingten Sch\u00e4den. Aufgrund dieser hautpflegenden Eigenschaften ist Sandelholz ein wahrer botanischer Segen f\u00fcr K\u00f6rper, die lange und ausgiebige Tage in der Sonne verbracht haben. Das Soothsayer Serum ist ein elegantes Elixier zur Verbesserung des Erscheinungsbildes von Narben, Alters- oder Sonnenflecken und vorzeitiger Hautalterung.<\/p>\n<p>Soothsayer spricht die Wahrheit zu Ihrer Haut und sagt ihr eine glatte, strahlende Zukunft voraus!<\/p>\n<h3>Instruktion<\/h3>\n<p>Reinigen Sie Ihr Gesicht mit einem Best Skin Ever (wir empfehlen Sandelholz oder Rose Best Skin Ever) und geben Sie einen Tropfen dieses herrlichen, leichten Serums auf Ihre Handfl\u00e4che. Klopfen Sie das Serum mit den Fingerspitzen sanft in die Hautpartien ein, die zus\u00e4tzliche Unterst\u00fctzung ben\u00f6tigen.<\/p>\n<h3 class=\"yikes-custom-woo-tab-title yikes-custom-woo-tab-title-natural-organic-ingredients\">Nat\u00fcrliche\/Organische Inhaltsstoffe<\/h3>\n<p><strong>Jojoba<\/strong> <em>(simmondsia chinensis)<\/em> &#8211; Das pr\u00e4chtige, goldene Jojoba n\u00e4hrt und pflegt durstige Haut. Jojoba hat die unvergleichliche F\u00e4higkeit, die Haut mit Feuchtigkeit zu versorgen, die \u00d6lproduktion auszugleichen, die Poren gr\u00fcndlich zu reinigen und eine lang anhaltende Pflegewirkung zu erzielen, die die Haut so weich wie perfekte Seide macht. Es ist vollgepackt mit Peptiden und Lipiden und enth\u00e4lt den h\u00f6chsten Gehalt an phenolischen Verbindungen, die in der Natur vorkommen, sowie N\u00e4hrstoffe und alle l\u00f6slichen Formen von Vitamin E<\/p>\n<p><strong>Sandelholz<\/strong> <em>(Santalum album)<\/em> &#8211; Sukkulentes Sandelholz ist das perfekte Gegenmittel f\u00fcr sonnenverw\u00f6hnte, hei\u00dfe und dehydrierte Haut. Es hilft der Haut, mehr Feuchtigkeit zu speichern, reduziert das Erscheinungsbild von Narben und Altersflecken und kl\u00e4rt die Poren. Sandelholz ist ein uraltes K\u00f6rper- und Gesichts\u00f6l, das als beruhigendes, linderndes Tonikum gesch\u00e4tzt wird. Die nach Honig-Sirup duftende Essenz beruhigt trockene, empfindliche Haut.<\/p>\n<p><strong>Weihrauch<\/strong> <em>(Boswellia carterii)<\/em> &#8211; Der heilige Weihrauch ist das Pi\u00e8ce de r\u00e9sistance der Hautpflege! Sie mildert R\u00f6tungen, strafft die Haut, mindert Melasmen und versorgt die Haut mit reichlich Feuchtigkeit. Es eignet sich auch hervorragend, um das Erscheinungsbild von Narben und Altersflecken zu mildern.<\/p>\n<p><strong>Rose Otto<\/strong> <em>(Rosa damascena)<\/em> &#8211; Die reine destillierte Essenz der Rose spendet Feuchtigkeit und verbessert gleichzeitig die Hautstruktur, Narben und das allgemeine Erscheinungsbild. Sie bringt auch \u00fcberm\u00e4\u00dfig fettige oder chronisch trockene Haut ins Gleichgewicht.<\/p>\n<p><strong>Geranie<\/strong> <em>(Pelargonium graveolens)<\/em> &#8211; Die Geranie eignet sich hervorragend, um das Erscheinungsbild von Narben zu reduzieren und die Haut zu straffen. Es regt die Tr\u00e4gheit an, versorgt durstige Haut mit intensiver Feuchtigkeit und bringt fettige Haut ins Gleichgewicht.<\/p>\n<p><strong>Kurkuma<\/strong><em> (Curmula longa)<\/em> &#8211; Die gesch\u00e4tzte Kurkuma ist ein Tonikum von goldener G\u00fcte f\u00fcr die Haut. Durch die superkritische Extraktion werden alle lipophilen (\u00f6lliebenden) Verbindungen der Kurkuma aus den Wurzeln der Pflanze gewonnen. Durch dieses spezielle Extraktionsverfahren wird viel mehr von den aromatischen \u00e4therischen \u00d6len, Lipiden und Pigmenten erfasst als bei einem typischen pulverisierten Kraut.<\/p>\n<p><strong>S\u00fc\u00dfer Thymian<\/strong><em> (Thymus linalool)<\/em> &#8211; S\u00fc\u00dfer Thymian ist ebenso stark wie weich! Es enth\u00e4lt alle st\u00e4rkenden und tonisierenden Eigenschaften der anderen Thymian\u00f6le, ohne die Poren zu reizen, und reinigt sie. Es ist daf\u00fcr bekannt, dass es K\u00f6rper und Geist stimuliert und anregt und dabei so mild ist, dass es auch bei kleinen Kindern und \u00e4lteren Menschen angewendet werden kann. S\u00fc\u00dfer Thymian mit seinem hautfreundlichen Linalool ist ein wertvoller Bestandteil unserer sanften Hautpflegeseren.<\/p>\n<p><strong>Carrot Seed<\/strong> <em>(Daucus carota)<\/em> \u2013 Queen Anne\u2019s lace anoints your face with queenly grace. Karotten\u00f6l stimuliert die \u00d6lproduktion in perfektem Verh\u00e4ltnis, unabh\u00e4ngig vom aktuellen Zustand Ihrer Haut. Fettige, trockene und Mischhaut k\u00f6nnen alle von der anregenden, feuchtigkeitsspendenden Kraft der Karottensamen profitieren.<\/p>\n<p><strong>Sanddorn\u00f6l<\/strong><em> (Hippophae rhamnoides)<\/em> &#8211; Sanddorn schickt seine Lipide tief in die Haut, um Ungleichgewichte von innen heraus abzubauen. Dieser superkritische Extrakt ist reich an Omega-Fetts\u00e4uren 3, 6, 7 und 9, Antioxidantien, Vitaminen, Palmitoleins\u00e4uren, Carotinoiden und Phytosterolen. Ein einziger Tropfen Sanddorn\u00f6l enth\u00e4lt 190 verschiedene bioaktive Verbindungen. Diese leuchtend orangefarbene Essenz wirkt unglaublich regenerierend und kl\u00e4rend auf den Teint &#8211; sie mildert R\u00f6tungen und l\u00e4sst Schwellungen abklingen. Sanddorn ist eine hervorragende Erg\u00e4nzung zu Reinigungsmitteln gegen Akne. Es hilft, die Haut mit der Sonne zu harmonisieren.<\/p>\n<p><strong><span class=\"ll-product-ingredient-first\">Immortelle <\/span>&#8211; <\/strong><em><br \/>\n  <span class=\"ll-product-ingredient-second\">Helichrysum italicum &#8211; <\/span><br \/>\n<\/em> <span class=\"ll-product-ingredient-second\">Die immerw\u00e4hrende Immortelle ist hervorragend und eignet sich hervorragend f\u00fcr alle Arten von Hautpflege. Dieses duftende, blumige \u00d6l wird auf der Insel Korsika wild geerntet, wo die Blumen unter der Meeresbrise und der Sonne gedeihen. Die Blumen wachsen in einer H\u00f6he von 4.000 Fu\u00df auf den felsigen Klippen der Landschaft. Die Immortelle hilft, das Erscheinungsbild von Narben, Flecken, Melasma, R\u00f6tungen und F\u00e4ltchen zu mildern. Dieses facettenreiche \u00d6l ist auch emotional sehr anregend.<\/span><\/p>\n<p><strong><span class=\"ll-product-ingredient-first\">Palmarosa <\/span>&#8211; <\/strong><em><br \/>\n  <span class=\"ll-product-ingredient-second\">Cymbopogon martini &#8211; <\/span><br \/>\n<\/em> <span class=\"ll-product-ingredient-second\">Angenehme Palmarosa wird aus einem tropischen, duftenden Gras destilliert. Das Ergebnis ist ein aromatisches \u00d6l, das wie eine Zitronen-Geranien-Rose duftet und einfach herrlich f\u00fcr die Nase ist! Dieser beeindruckende Hautverj\u00fcnger ist reich an m\u00e4chtigen Monoterpenolen, erweichenden Estern, liebevollem Linalool und gro\u00dfz\u00fcgigen Geraniolen, die die Hautfette ausgleichen und die Poren reinigen.<\/span><\/p>\n<p><iframe title=\"More fun in the sun | Living Libations\" width=\"1020\" height=\"574\" src=\"https:\/\/www.youtube.com\/embed\/U1f2u0JJbKM?feature=oembed\" frameborder=\"0\" allow=\"accelerometer; autoplay; encrypted-media; gyroscope; picture-in-picture\" allowfullscreen><\/iframe><\/p>\n<p><img fetchpriority=\"high\" decoding=\"async\" class=\"size-medium wp-image-68103 aligncenter\" src=\"https:\/\/dutchhealthstore.com\/wp-content\/uploads\/2018\/02\/Living-Libations-Organic-Logo-800x89.png\" alt=\"Living Libations - Organic Logo\" width=\"800\" height=\"89\" srcset=\"https:\/\/dutchhealthstore.com\/wp-content\/uploads\/2018\/02\/Living-Libations-Organic-Logo-800x89.png 800w, https:\/\/dutchhealthstore.com\/wp-content\/uploads\/2018\/02\/Living-Libations-Organic-Logo-510x57.png 510w, https:\/\/dutchhealthstore.com\/wp-content\/uploads\/2018\/02\/Living-Libations-Organic-Logo-768x85.png 768w, https:\/\/dutchhealthstore.com\/wp-content\/uploads\/2018\/02\/Living-Libations-Organic-Logo.png 1400w\" sizes=\"(max-width: 800px) 100vw, 800px\" \/><\/p>\n","protected":false},"excerpt":{"rendered":"<p>Sie und Ihr Gesicht haben gemeinsam alle Wetterlagen \u00fcberstanden. Mit dem Living Libations Soothsayer Serum k\u00f6nnen Sie das Wetter genie\u00dfen und gleichzeitig Ihr Gesicht wahren.<\/p>\n<p>Die Anmut des Soothsayer Serums reduziert die sch\u00e4dlichen Auswirkungen von Umwelteinfl\u00fcssen auf die Haut und verbindet sich mit der Haut, um sie zus\u00e4tzlich zu st\u00e4rken und zu regenerieren. Dieses spezielle Serum ist eine kluge Zusammenstellung botanischer \u00d6le f\u00fcr eine weise Haut. Es mildert das Erscheinungsbild von Narben und Flecken und gl\u00e4ttet die Hauttextur zu einem eleganten Lied.<\/p>\n","protected":false},"featured_media":261420,"comment_status":"open","ping_status":"closed","template":"","meta":[],"product_brand":[],"product_cat":[14735,1227,5704,1958,1032,1493,1210,5636,5702,5101,511,5705,5706,5708,4758,2009,5701,5634],"product_tag":[21362,21361,21532,6037,4831],"class_list":{"0":"post-106490","1":"product","2":"type-product","3":"status-publish","4":"has-post-thumbnail","6":"product_cat-hautpflege","7":"product_cat-sensitive-skin-redness-de","8":"product_cat-sensitive-skin-redness-de-4","9":"product_cat-gesicht","10":"product_cat-kategorien","11":"product_cat-living-libations-deutschland","12":"product_cat-marken","13":"product_cat-normal-or-combination-skin-de-2","14":"product_cat-normal-or-combination-skin-de-5","15":"product_cat-by-skin-type-de-4","16":"product_cat-produkte","17":"product_cat-serums-de","18":"product_cat-serums-de-3","19":"product_cat-serums-de-5","20":"product_cat-serums-de-2","21":"product_cat-serums-moisturizers","22":"product_cat-dry-mature-ageing-skin-de-5","23":"product_cat-dry-mature-ageing-skin-de-2","24":"product_tag-anti-aging-de","25":"product_tag-face-care-de","26":"product_tag-reparatur","27":"product_tag-serum-de","28":"product_tag-skin-de","29":"pa_bestsellers-goed-de","30":"pa_brand-livinglibations-de","31":"pa_gtin-7439657378379-de","32":"pa_size-30-ml-de","33":"pa_size-60-ml-refill-de","34":"pa_size-100-ml-de","35":"pa_skincare-type-face-oil-and-serums-de","36":"pa_skintype-normal-combination-skin-de","37":"pa_skintype-sensitive-skin-redness-de","38":"pa_skintype-dry-mature-ageing-skin-de","40":"first","41":"instock","42":"taxable","43":"shipping-taxable","44":"purchasable","45":"product-type-variable"},"bundled_by":[],"bundle_stock_status":"instock","bundle_stock_quantity":null,"bundle_virtual":false,"bundle_layout":"","bundle_add_to_cart_form_location":"","bundle_editable_in_cart":false,"bundle_sold_individually_context":"","bundle_item_grouping":"","bundle_min_size":"","bundle_max_size":"","bundle_price":[],"bundled_items":[],"bundle_sell_ids":[230771],"atum_controlled":true,"out_stock_date":null,"out_stock_threshold":null,"inheritable":true,"stock_on_hold":1,"sold_today":0,"sales_last_days":2,"out_stock_days":0,"lost_sales":0,"update_date":"2026-04-03T10:15:58","atum_locations":[],"atum_stock_status":"instock","restock_status":false,"low_stock_amount":"","sales_update_date":"2026-04-03T10:15:58","calc_backorders":null,"group_of_quantity":0,"min_quantity":0,"max_quantity":"","exclude_order_quantity_value_rules":"no","exclude_category_quantity_rules":"no","combine_variations":"no","yoast_head":"<!-- This site is optimized with the Yoast SEO Premium plugin v26.5 (Yoast SEO v26.5) - https:\/\/yoast.com\/wordpress\/plugins\/seo\/ -->\n<title>Soothsayer Serum | Living Libations<\/title>\n<meta name=\"description\" content=\"Sie und Ihr Gesicht haben gemeinsam alle Wetterlagen \u00fcberstanden. Mit dem Living Libations Soothsayer Serum k\u00f6nnen Sie das Wetter genie\u00dfen und gleichzeitig Ihr Gesicht wahren.\" \/>\n<meta name=\"robots\" content=\"index, follow, max-snippet:-1, max-image-preview:large, max-video-preview:-1\" \/>\n<link rel=\"canonical\" href=\"https:\/\/dutchhealthstore.com\/de\/product\/soothsayer-serum\/\" \/>\n<meta property=\"og:locale\" content=\"de_DE\" \/>\n<meta property=\"og:type\" content=\"article\" \/>\n<meta property=\"og:title\" content=\"Soothsayer Serum - Dutch Health Store\" \/>\n<meta property=\"og:description\" content=\"Sie und Ihr Gesicht haben gemeinsam alle Wetterlagen \u00fcberstanden. Mit dem Living Libations Soothsayer Serum k\u00f6nnen Sie das Wetter genie\u00dfen und gleichzeitig Ihr Gesicht wahren.\" \/>\n<meta property=\"og:url\" content=\"https:\/\/dutchhealthstore.com\/de\/product\/soothsayer-serum\/\" \/>\n<meta property=\"og:site_name\" content=\"Dutch Health Store\" \/>\n<meta property=\"article:publisher\" content=\"https:\/\/www.instagram.com\/dutchhealthstore\/\" \/>\n<meta property=\"article:modified_time\" content=\"2025-10-14T13:58:47+00:00\" \/>\n<meta property=\"og:image\" content=\"https:\/\/dutchhealthstore.com\/wp-content\/uploads\/2020\/06\/LLsoothsayerserum100ml.jpg\" \/>\n\t<meta property=\"og:image:width\" content=\"510\" \/>\n\t<meta property=\"og:image:height\" content=\"510\" \/>\n\t<meta property=\"og:image:type\" content=\"image\/jpeg\" \/>\n<meta name=\"twitter:card\" content=\"summary_large_image\" \/>\n<meta name=\"twitter:label1\" content=\"Verf\u00fcgbarkeit\" \/>\n\t<meta name=\"twitter:data1\" content=\"Auf Lager\" \/>\n<script type=\"application\/ld+json\" class=\"yoast-schema-graph\">{\"@context\":\"https:\/\/schema.org\",\"@graph\":[{\"@type\":\"WebPage\",\"@id\":\"https:\/\/dutchhealthstore.com\/de\/product\/soothsayer-serum\/\",\"url\":\"https:\/\/dutchhealthstore.com\/de\/product\/soothsayer-serum\/\",\"name\":\"Soothsayer Serum | Living Libations\",\"isPartOf\":{\"@id\":\"https:\/\/dutchhealthstore.com\/de\/#website\"},\"primaryImageOfPage\":{\"@id\":\"https:\/\/dutchhealthstore.com\/de\/product\/soothsayer-serum\/#primaryimage\"},\"image\":{\"@id\":\"https:\/\/dutchhealthstore.com\/de\/product\/soothsayer-serum\/#primaryimage\"},\"thumbnailUrl\":\"https:\/\/dutchhealthstore.com\/wp-content\/uploads\/2020\/06\/LLsoothsayerserum100ml.jpg\",\"datePublished\":\"2020-06-11T08:53:02+00:00\",\"dateModified\":\"2025-10-14T13:58:47+00:00\",\"description\":\"Sie und Ihr Gesicht haben gemeinsam alle Wetterlagen \u00fcberstanden. Mit dem Living Libations Soothsayer Serum k\u00f6nnen Sie das Wetter genie\u00dfen und gleichzeitig Ihr Gesicht wahren.\",\"breadcrumb\":{\"@id\":\"https:\/\/dutchhealthstore.com\/de\/product\/soothsayer-serum\/#breadcrumb\"},\"inLanguage\":\"de\",\"potentialAction\":[{\"@type\":\"ReadAction\",\"target\":[\"https:\/\/dutchhealthstore.com\/de\/product\/soothsayer-serum\/\"]}]},{\"@type\":\"ImageObject\",\"inLanguage\":\"de\",\"@id\":\"https:\/\/dutchhealthstore.com\/de\/product\/soothsayer-serum\/#primaryimage\",\"url\":\"https:\/\/dutchhealthstore.com\/wp-content\/uploads\/2020\/06\/LLsoothsayerserum100ml.jpg\",\"contentUrl\":\"https:\/\/dutchhealthstore.com\/wp-content\/uploads\/2020\/06\/LLsoothsayerserum100ml.jpg\",\"width\":510,\"height\":510,\"caption\":\"LLsoothsayerserum100ml\"},{\"@type\":\"BreadcrumbList\",\"@id\":\"https:\/\/dutchhealthstore.com\/de\/product\/soothsayer-serum\/#breadcrumb\",\"itemListElement\":[{\"@type\":\"ListItem\",\"position\":1,\"name\":\"Home\",\"item\":\"https:\/\/dutchhealthstore.com\/de\/\"},{\"@type\":\"ListItem\",\"position\":2,\"name\":\"Shop\",\"item\":\"https:\/\/dutchhealthstore.com\/de\/shop-2\/\"},{\"@type\":\"ListItem\",\"position\":3,\"name\":\"Soothsayer Serum\"}]},{\"@type\":\"WebSite\",\"@id\":\"https:\/\/dutchhealthstore.com\/de\/#website\",\"url\":\"https:\/\/dutchhealthstore.com\/de\/\",\"name\":\"Dutch Health Store\",\"description\":\"Enhance Your Beauty with Organic &amp; Natural Skincare\",\"publisher\":{\"@id\":\"https:\/\/dutchhealthstore.com\/de\/#organization\"},\"potentialAction\":[{\"@type\":\"SearchAction\",\"target\":{\"@type\":\"EntryPoint\",\"urlTemplate\":\"https:\/\/dutchhealthstore.com\/de\/?s={search_term_string}\"},\"query-input\":{\"@type\":\"PropertyValueSpecification\",\"valueRequired\":true,\"valueName\":\"search_term_string\"}}],\"inLanguage\":\"de\"},{\"@type\":\"Organization\",\"@id\":\"https:\/\/dutchhealthstore.com\/de\/#organization\",\"name\":\"Dutch Health Store\",\"url\":\"https:\/\/dutchhealthstore.com\/de\/\",\"logo\":{\"@type\":\"ImageObject\",\"inLanguage\":\"de\",\"@id\":\"https:\/\/dutchhealthstore.com\/de\/#\/schema\/logo\/image\/\",\"url\":\"https:\/\/dutchhealthstore.com\/wp-content\/uploads\/2020\/08\/logo-dutchhealthstore-jpg-e1599484957574.jpg\",\"contentUrl\":\"https:\/\/dutchhealthstore.com\/wp-content\/uploads\/2020\/08\/logo-dutchhealthstore-jpg-e1599484957574.jpg\",\"width\":400,\"height\":62,\"caption\":\"Dutch Health Store\"},\"image\":{\"@id\":\"https:\/\/dutchhealthstore.com\/de\/#\/schema\/logo\/image\/\"},\"sameAs\":[\"https:\/\/www.instagram.com\/dutchhealthstore\/\",\"https:\/\/www.facebook.com\/dutchhealthstore\"]}]}<\/script>\n<meta property=\"product:brand\" content=\"Living Libations\" \/>\n<meta property=\"og:availability\" content=\"instock\" \/>\n<meta property=\"product:availability\" content=\"instock\" \/>\n<meta property=\"product:condition\" content=\"new\" \/>\n<!-- \/ Yoast SEO Premium plugin. -->","yoast_head_json":{"title":"Soothsayer Serum | Living Libations","description":"Sie und Ihr Gesicht haben gemeinsam alle Wetterlagen \u00fcberstanden. Mit dem Living Libations Soothsayer Serum k\u00f6nnen Sie das Wetter genie\u00dfen und gleichzeitig Ihr Gesicht wahren.","robots":{"index":"index","follow":"follow","max-snippet":"max-snippet:-1","max-image-preview":"max-image-preview:large","max-video-preview":"max-video-preview:-1"},"canonical":"https:\/\/dutchhealthstore.com\/de\/product\/soothsayer-serum\/","og_locale":"de_DE","og_type":"article","og_title":"Soothsayer Serum - Dutch Health Store","og_description":"Sie und Ihr Gesicht haben gemeinsam alle Wetterlagen \u00fcberstanden. Mit dem Living Libations Soothsayer Serum k\u00f6nnen Sie das Wetter genie\u00dfen und gleichzeitig Ihr Gesicht wahren.","og_url":"https:\/\/dutchhealthstore.com\/de\/product\/soothsayer-serum\/","og_site_name":"Dutch Health Store","article_publisher":"https:\/\/www.instagram.com\/dutchhealthstore\/","article_modified_time":"2025-10-14T13:58:47+00:00","og_image":[{"width":510,"height":510,"url":"https:\/\/dutchhealthstore.com\/wp-content\/uploads\/2020\/06\/LLsoothsayerserum100ml.jpg","type":"image\/jpeg"}],"twitter_card":"summary_large_image","twitter_misc":{"Verf\u00fcgbarkeit":"Auf Lager"},"schema":{"@context":"https:\/\/schema.org","@graph":[{"@type":"WebPage","@id":"https:\/\/dutchhealthstore.com\/de\/product\/soothsayer-serum\/","url":"https:\/\/dutchhealthstore.com\/de\/product\/soothsayer-serum\/","name":"Soothsayer Serum | Living Libations","isPartOf":{"@id":"https:\/\/dutchhealthstore.com\/de\/#website"},"primaryImageOfPage":{"@id":"https:\/\/dutchhealthstore.com\/de\/product\/soothsayer-serum\/#primaryimage"},"image":{"@id":"https:\/\/dutchhealthstore.com\/de\/product\/soothsayer-serum\/#primaryimage"},"thumbnailUrl":"https:\/\/dutchhealthstore.com\/wp-content\/uploads\/2020\/06\/LLsoothsayerserum100ml.jpg","datePublished":"2020-06-11T08:53:02+00:00","dateModified":"2025-10-14T13:58:47+00:00","description":"Sie und Ihr Gesicht haben gemeinsam alle Wetterlagen \u00fcberstanden. Mit dem Living Libations Soothsayer Serum k\u00f6nnen Sie das Wetter genie\u00dfen und gleichzeitig Ihr Gesicht wahren.","breadcrumb":{"@id":"https:\/\/dutchhealthstore.com\/de\/product\/soothsayer-serum\/#breadcrumb"},"inLanguage":"de","potentialAction":[{"@type":"ReadAction","target":["https:\/\/dutchhealthstore.com\/de\/product\/soothsayer-serum\/"]}]},{"@type":"ImageObject","inLanguage":"de","@id":"https:\/\/dutchhealthstore.com\/de\/product\/soothsayer-serum\/#primaryimage","url":"https:\/\/dutchhealthstore.com\/wp-content\/uploads\/2020\/06\/LLsoothsayerserum100ml.jpg","contentUrl":"https:\/\/dutchhealthstore.com\/wp-content\/uploads\/2020\/06\/LLsoothsayerserum100ml.jpg","width":510,"height":510,"caption":"LLsoothsayerserum100ml"},{"@type":"BreadcrumbList","@id":"https:\/\/dutchhealthstore.com\/de\/product\/soothsayer-serum\/#breadcrumb","itemListElement":[{"@type":"ListItem","position":1,"name":"Home","item":"https:\/\/dutchhealthstore.com\/de\/"},{"@type":"ListItem","position":2,"name":"Shop","item":"https:\/\/dutchhealthstore.com\/de\/shop-2\/"},{"@type":"ListItem","position":3,"name":"Soothsayer Serum"}]},{"@type":"WebSite","@id":"https:\/\/dutchhealthstore.com\/de\/#website","url":"https:\/\/dutchhealthstore.com\/de\/","name":"Dutch Health Store","description":"Enhance Your Beauty with Organic &amp; Natural Skincare","publisher":{"@id":"https:\/\/dutchhealthstore.com\/de\/#organization"},"potentialAction":[{"@type":"SearchAction","target":{"@type":"EntryPoint","urlTemplate":"https:\/\/dutchhealthstore.com\/de\/?s={search_term_string}"},"query-input":{"@type":"PropertyValueSpecification","valueRequired":true,"valueName":"search_term_string"}}],"inLanguage":"de"},{"@type":"Organization","@id":"https:\/\/dutchhealthstore.com\/de\/#organization","name":"Dutch Health Store","url":"https:\/\/dutchhealthstore.com\/de\/","logo":{"@type":"ImageObject","inLanguage":"de","@id":"https:\/\/dutchhealthstore.com\/de\/#\/schema\/logo\/image\/","url":"https:\/\/dutchhealthstore.com\/wp-content\/uploads\/2020\/08\/logo-dutchhealthstore-jpg-e1599484957574.jpg","contentUrl":"https:\/\/dutchhealthstore.com\/wp-content\/uploads\/2020\/08\/logo-dutchhealthstore-jpg-e1599484957574.jpg","width":400,"height":62,"caption":"Dutch Health Store"},"image":{"@id":"https:\/\/dutchhealthstore.com\/de\/#\/schema\/logo\/image\/"},"sameAs":["https:\/\/www.instagram.com\/dutchhealthstore\/","https:\/\/www.facebook.com\/dutchhealthstore"]}]},"product_brand":"Living Libations","og_availability":"instock","product_availability":"instock","product_condition":"new"},"_links":{"self":[{"href":"https:\/\/dutchhealthstore.com\/de\/wp-json\/wp\/v2\/product\/106490","targetHints":{"allow":["GET"]}}],"collection":[{"href":"https:\/\/dutchhealthstore.com\/de\/wp-json\/wp\/v2\/product"}],"about":[{"href":"https:\/\/dutchhealthstore.com\/de\/wp-json\/wp\/v2\/types\/product"}],"replies":[{"embeddable":true,"href":"https:\/\/dutchhealthstore.com\/de\/wp-json\/wp\/v2\/comments?post=106490"}],"wp:featuredmedia":[{"embeddable":true,"href":"https:\/\/dutchhealthstore.com\/de\/wp-json\/wp\/v2\/media\/261420"}],"wp:attachment":[{"href":"https:\/\/dutchhealthstore.com\/de\/wp-json\/wp\/v2\/media?parent=106490"}],"wp:term":[{"taxonomy":"product_brand","embeddable":true,"href":"https:\/\/dutchhealthstore.com\/de\/wp-json\/wp\/v2\/product_brand?post=106490"},{"taxonomy":"product_cat","embeddable":true,"href":"https:\/\/dutchhealthstore.com\/de\/wp-json\/wp\/v2\/product_cat?post=106490"},{"taxonomy":"product_tag","embeddable":true,"href":"https:\/\/dutchhealthstore.com\/de\/wp-json\/wp\/v2\/product_tag?post=106490"}],"curies":[{"name":"wp","href":"https:\/\/api.w.org\/{rel}","templated":true}]}}