{"id":106356,"date":"2020-06-11T09:20:42","date_gmt":"2020-06-11T07:20:42","guid":{"rendered":"https:\/\/dutchhealthstore.com\/product\/ensorcell-serum\/"},"modified":"2026-01-26T16:04:19","modified_gmt":"2026-01-26T15:04:19","slug":"ensorcell-serum","status":"publish","type":"product","link":"https:\/\/dutchhealthstore.com\/de\/product\/ensorcell-serum\/","title":{"rendered":"Ensorcell Serum"},"content":{"rendered":"<p><strong><img decoding=\"async\" class=\"size-full wp-image-69549 alignright\" src=\"https:\/\/dutchhealthstore.com\/wp-content\/uploads\/2019\/08\/NEW-Living-Libations-Logo.jpg\" alt=\"NEW - Living Libations - Logo\" width=\"175\" height=\"82\">Ensor<\/strong><strong>cell<\/strong><strong> Serum <\/strong>erneuert die Haut, die den Umwelteinfl\u00fcssen zu stark ausgesetzt ist, radikal und macht sie unendlich widerstandsf\u00e4hig. Es ist das beste Elixier, um dem fahlen Teint neues Leben einzuhauchen. Dieses Fest f\u00fcr das Gesicht beginnt mit einem Klecks Kreuzk\u00fcmmel\u00f6l, das Unebenheiten und R\u00f6tungen mildert. Brokkolisamen\u00f6l schlie\u00dft die Feuchtigkeit ein und versorgt die Haut mit beruhigenden Fetts\u00e4uren. Golden Jojoba tr\u00e4nkt und befeuchtet mit allen l\u00f6slichen Formen von Vitamin E.<br \/>\nDie \u00e4therischen \u00d6le von Sanddornbeere, Weihrauch, Zimt, Kamille, Lavendel, Kurkuma und Immortelle sind mit biologisch aktivem organischem Schwefel, auch bekannt als MSM, versetzt. Es ist ein wesentlicher N\u00e4hrstoff f\u00fcr den K\u00f6rper und besonders wichtig f\u00fcr eine strahlende Haut. Es kann das Erscheinungsbild der Hautelastizit\u00e4t und -flexibilit\u00e4t verbessern. Die \u00e4therischen \u00d6le von Kurkuma und Zimt verleihen dem Serum zus\u00e4tzliche Wirksamkeit. Sie sind bekannt f\u00fcr ihre pflanzliche Kraft zur Aktivierung der Haut.<\/p>\n<p>Es ist ein leichtes, fl\u00fcssiges Serum. Sch\u00fctteln Sie die Flasche, um die MSM-Kristalle, die sich manchmal absetzen k\u00f6nnen, zu vereinen, und verwenden Sie den Tropfer, um einen Tropfen auf Ihre Handfl\u00e4che aufzutragen. Massieren Sie das Serum mit den Fingerspitzen auf Gesicht und Hals sowie auf alle Hautpartien, die zus\u00e4tzliche Unterst\u00fctzung ben\u00f6tigen. Der Zimt im <strong>Ensor<\/strong><strong>cell<\/strong><strong> Serum <\/strong>sorgt daf\u00fcr, dass sich diese Libation warm anf\u00fchlt und die Haut f\u00fcr ein paar Minuten rot wird, besonders nach dem Waschen der Haut mit warmem Wasser oder nach einer hei\u00dfen Dusche, wenn die Poren offener sind.<br \/>\nWenn Ihre Haut nach der Anwendung ger\u00f6tet ist oder sich rosa und warm anf\u00fchlt, machen Sie sich keine Sorgen! Das ist gut, normal und richtig. Besonders empfindliche Personen k\u00f6nnen das <strong>Ensor<\/strong><strong>cell<\/strong><strong> Serum <\/strong>vor dem Auftragen mit ein paar Tropfen Jojoba- oder Kokosnuss\u00f6l verd\u00fcnnen. Wenn Sie das <strong>Ensor<\/strong><strong>cell<\/strong><strong> Serum<\/strong> noch nicht kennen, sollten Sie es zum ersten Mal nachts auftragen, um zu sehen, wie Ihre Haut darauf reagiert.<\/p>\n<h3 class=\"yikes-custom-woo-tab-title yikes-custom-woo-tab-title-natural-organic-ingredients\">Nat\u00fcrliche\/Organische Inhaltsstoffe<\/h3>\n<p><strong>Kreuzk\u00fcmmel<\/strong><em> (Suminum cyminum)<\/em> &#8211; Diese herzhafte, superkritische Extraktion von biologischem Kreuzk\u00fcmmel f\u00e4ngt die ganze Sch\u00f6nheit und Komplexit\u00e4t des getrockneten Gew\u00fcrzes ein, das reich an Monoterpenaldehyden, Cuminaldehyden, Cymen, \u00d6l- und Linolfetts\u00e4uren ist, was die h\u00f6chste Reinheit und Wirksamkeit gew\u00e4hrleistet.<\/p>\n<p><b><strong>Brokkoli-Samen\u00f6l <\/strong><\/b>(<i><em>Brassica oleracea<\/em><\/i>) &#8211; Brokkolisamen\u00f6l ist reich an einzigartigen essentiellen Fetts\u00e4uren und pflanzlichen Phyto-N\u00e4hrstoffen. Sie umh\u00fcllt die Haut mit einer leichten, nicht fettenden Schutzschicht, die den Feuchtigkeitsgehalt der Haut erh\u00f6ht und aufrechterh\u00e4lt. Diese unsichtbare Schicht schlie\u00dft die Feuchtigkeit in die Haut ein. Brokkolisamen enthalten einen hohen Anteil an Arachidons\u00e4ure, einer nat\u00fcrlich vorkommenden Fetts\u00e4ure, die auch in der Epidermisschicht der Haut zu finden ist. Brokkolisamen\u00f6l gibt der roten Haut ihre nat\u00fcrliche, ruhige Farbe zur\u00fcck.<\/p>\n<p><b><strong>Jojoba<i><em> <\/em><\/i><\/strong><\/b><i><em>(Simmondsia chinensis)<\/em><\/i> \u2013 Das herrliche, goldene Jojoba n\u00e4hrt und pflegt durstige Haut. Jojoba hat die unvergleichliche F\u00e4higkeit, die Haut mit Feuchtigkeit zu versorgen, die \u00d6lproduktion auszugleichen, die Poren gr\u00fcndlich zu reinigen und eine lang anhaltende Pflegewirkung zu erzielen, die die Haut so weich wie perfekte Seide macht. Es ist reich an Peptiden und Lipiden und enth\u00e4lt den h\u00f6chsten Gehalt an phenolischen Verbindungen, die in der Natur vorkommen, sowie Antioxidantien und alle l\u00f6slichen Formen von Vitamin E!<\/p>\n<p><b><strong>MSM<\/strong><\/b> (<i><em>Methylsulfonylmethan)<\/em><\/i> &#8211; MSM ist eine biologisch aktive organische Verbindung, die eine Quelle f\u00fcr Schwefel ist. Dieser nat\u00fcrlich vorkommende Schwefel ist in der Natur und in allen lebenden Organismen zu finden. Es ist ein wesentlicher N\u00e4hrstoff f\u00fcr den menschlichen K\u00f6rper.<\/p>\n<p><b><strong>Sanddorn <\/strong><\/b><i><em>(<\/em><\/i><i><em>Hippophae rhamnoides <\/em><\/i><i><em>)<\/em><\/i><b><strong> <\/strong><\/b>&#8211; Sanddorn schickt seine Lipide tief in die Haut, um Ungleichgewichte von innen heraus abzubauen. Dieser superkritische Extrakt ist reich an Omega-Fetts\u00e4uren 3, 6, 7 und 9, Antioxidantien, Vitaminen, Palmitoleins\u00e4uren, Carotinoiden und Phytosterolen. Ein einziger Tropfen Sanddorn\u00f6l enth\u00e4lt 190 verschiedene bioaktive Verbindungen. Diese leuchtend orangefarbene Essenz wirkt unglaublich regenerierend und kl\u00e4rend auf den Teint &#8211; sie mildert R\u00f6tungen und l\u00e4sst Schwellungen abklingen. Sanddorn ist eine hervorragende Erg\u00e4nzung zu Reinigungsmitteln gegen Akne. Es hilft, die Haut mit der Sonne zu harmonisieren.<\/p>\n<p><b><strong>Weihrauch <i><em> <\/em><\/i><\/strong><\/b><i><em>(Boswellia carterii)<\/em><\/i><i><em> \u2013 <\/em><\/i>Der heilige Weihrauch ist das Pi\u00e8ce de r\u00e9sistance der Hautpflege! Sie mildert R\u00f6tungen, strafft die Haut, mindert Melasmen und versorgt die Haut mit reichlich Feuchtigkeit. Es eignet sich auch hervorragend, um das Erscheinungsbild von Narben und Altersflecken zu mildern.<\/p>\n<p><b><strong>Strohblume<i><em> <\/em><\/i><\/strong><\/b><i><em>(Helichrysum italicum) \u2013<\/em><\/i><b><strong> <\/strong><\/b>Everlasting Immortelle ist ein \u00e4therisches, exquisites und veredeltes Blumen\u00f6l. Diese bezaubernde Essenz wird in den hochgelegenen Felsklippen der korsischen Landschaft wild geerntet. Es ist zweifelsohne eines der feinsten und reichhaltigsten \u00d6le f\u00fcr die Hautpflege. Der Immortelle wird nachgesagt, dass sie die gesunde Haut regeneriert und auff\u00fcllt, w\u00e4hrend sie die Poren tief reinigt, Narben ausgleicht und das Erscheinungsbild von Altersflecken und Unreinheiten verblassen l\u00e4sst. Dieser Edelstein hat starke regenerierende Eigenschaften, die das Erscheinungsbild von Hautunreinheiten dramatisch verbessern.<\/p>\n<p><b><strong>Kamille <\/strong><\/b>(<i><em>Anthemis nobilis<\/em><\/i> ) <i><em>&#8211;<\/em><\/i> Beruhigendes Kamillen\u00f6l lindert entz\u00fcndete Haut, kl\u00e4rt Dermatitis und beschleunigt die Heilung von Bissen, Kratzern, Furunkeln und Schnittwunden. Es ist regenerierend, tonisierend, antibakteriell und antiseptisch.<\/p>\n<p><b><strong>Lavendel <\/strong><\/b><i><em>(Lavandula angustifolia<\/em><\/i>) <b><strong>&#8211; <\/strong><\/b>Der liebliche Lavendel ist ein sanftes und doch kraftvolles Hauttonikum, das erholsam und beruhigend wirkt. Es lindert R\u00f6tungen und k\u00fchlt Hitze. Lavendel wird verwendet, um das Erscheinungsbild von Narben zu verbessern, den Hautton auszugleichen, Akne zu lindern und den Talgspiegel der Haut auszugleichen<\/p>\n<p><b><strong>Zimt <\/strong><\/b>(<i><em>Cinnamomum zeylanicum<\/em><\/i> ) &#8211; <b><strong> <\/strong><\/b>W\u00fcrziges Zimt\u00f6l spendet der Haut ein warmes Prickeln und bringt Leben in die stumpfe und lustlose Bl\u00e4sse. Es unterst\u00fctzt die hervorragende Funktion der Haut und steigert ihre Vitalit\u00e4t und Energie. Es handelt sich auch um ein botanisches Biotikum.<\/p>\n<p><b><strong>Kurkuma <\/strong><\/b>(<i><em>Kurkuma Longa<\/em><\/i>)<b><strong> &#8211; <\/strong><\/b>Die gesch\u00e4tzte Kurkuma ist ein Tonikum von goldener G\u00fcte f\u00fcr die Haut. Durch die superkritische Extraktion werden alle lipophilen (\u00f6lliebenden) Verbindungen der Kurkuma aus den Wurzeln der Pflanze gewonnen. Durch dieses spezielle Extraktionsverfahren wird viel mehr von den aromatischen \u00e4therischen \u00d6len, Lipiden und Pigmenten erfasst als bei einem typischen pulverisierten Kraut.<\/p>\n<p><img fetchpriority=\"high\" decoding=\"async\" class=\"size-medium wp-image-68103 aligncenter\" src=\"https:\/\/dutchhealthstore.com\/wp-content\/uploads\/2018\/02\/Living-Libations-Organic-Logo-800x89.png\" alt=\"Living Libations - Organic Logo\" width=\"800\" height=\"89\" srcset=\"https:\/\/dutchhealthstore.com\/wp-content\/uploads\/2018\/02\/Living-Libations-Organic-Logo-800x89.png 800w, https:\/\/dutchhealthstore.com\/wp-content\/uploads\/2018\/02\/Living-Libations-Organic-Logo-510x57.png 510w, https:\/\/dutchhealthstore.com\/wp-content\/uploads\/2018\/02\/Living-Libations-Organic-Logo-768x85.png 768w, https:\/\/dutchhealthstore.com\/wp-content\/uploads\/2018\/02\/Living-Libations-Organic-Logo.png 1400w\" sizes=\"(max-width: 800px) 100vw, 800px\" \/><\/p>\n","protected":false},"excerpt":{"rendered":"<p><strong>Hartn\u00e4ckige Hautprobleme, aufgepasst!<br \/>\n<\/strong>Living Libations<strong> Ensor<\/strong><strong>cell<\/strong><strong> Serum <\/strong>ist die perfekte L\u00f6sung f\u00fcr hartn\u00e4ckige Hautprobleme wie schlaffe Haut, Elastizit\u00e4tsverlust, Schwellungen und R\u00f6tungen, Altersflecken und ungleichm\u00e4\u00dfige Hautfarbe.<br \/>\nDieses super-stimulierende Fl\u00fcssigserum erweckt trockene, fahle und lustlose Haut wieder zum Leben. Das <strong>Ensor<\/strong><strong>cell<\/strong><strong> Serum <\/strong>zieht nahtlos in die Haut ein und versorgt sie mit regenerierenden, konzentrierten superkritischen Extrakten, frisch gepressten Lipiden und MSM-haltigen \u00e4therischen \u00d6len.<\/p>\n","protected":false},"featured_media":106357,"comment_status":"open","ping_status":"closed","template":"","meta":[],"product_brand":[],"product_cat":[14735,5669,5703,1958,1032,1493,1210,5636,5702,5101,511,5705,5706,4758,5707,2009,5701,5634],"product_tag":[21657,21361,21532,6037,4831],"class_list":{"0":"post-106356","1":"product","2":"type-product","3":"status-publish","4":"has-post-thumbnail","6":"product_cat-hautpflege","7":"product_cat-oily-skin-clogged-pores-de","8":"product_cat-oily-skin-clogged-pores-de-6","9":"product_cat-gesicht","10":"product_cat-kategorien","11":"product_cat-living-libations-deutschland","12":"product_cat-marken","13":"product_cat-normal-or-combination-skin-de-2","14":"product_cat-normal-or-combination-skin-de-5","15":"product_cat-by-skin-type-de-4","16":"product_cat-produkte","17":"product_cat-serums-de","18":"product_cat-serums-de-3","19":"product_cat-serums-de-2","20":"product_cat-serums-de-4","21":"product_cat-serums-moisturizers","22":"product_cat-dry-mature-ageing-skin-de-5","23":"product_cat-dry-mature-ageing-skin-de-2","24":"product_tag-antioxidants-de","25":"product_tag-face-care-de","26":"product_tag-reparatur","27":"product_tag-serum-de","28":"product_tag-skin-de","29":"pa_brand-livinglibations-de","30":"pa_gtin-7439657378386-de","31":"pa_size-15-ml-de-2","32":"pa_size-30-ml-de","33":"pa_skincare-type-face-oil-and-serums-de","34":"pa_skintype-normal-combination-skin-de","35":"pa_skintype-oily-skin-de","36":"pa_skintype-dry-mature-ageing-skin-de","38":"first","39":"instock","40":"taxable","41":"shipping-taxable","42":"purchasable","43":"product-type-variable"},"bundled_by":[],"bundle_stock_status":"instock","bundle_stock_quantity":null,"bundle_virtual":false,"bundle_layout":"","bundle_add_to_cart_form_location":"","bundle_editable_in_cart":false,"bundle_sold_individually_context":"","bundle_item_grouping":"","bundle_min_size":"","bundle_max_size":"","bundle_price":[],"bundled_items":[],"bundle_sell_ids":[230751],"atum_controlled":true,"out_stock_date":null,"out_stock_threshold":null,"inheritable":true,"stock_on_hold":0,"sold_today":0,"sales_last_days":0,"out_stock_days":0,"lost_sales":0,"update_date":"2026-04-08T01:47:50","atum_locations":[],"atum_stock_status":"instock","restock_status":false,"low_stock_amount":"","sales_update_date":"2026-04-02T09:39:18","calc_backorders":null,"group_of_quantity":0,"min_quantity":0,"max_quantity":"","exclude_order_quantity_value_rules":"no","exclude_category_quantity_rules":"no","combine_variations":"no","yoast_head":"<!-- This site is optimized with the Yoast SEO Premium plugin v26.5 (Yoast SEO v26.5) - https:\/\/yoast.com\/wordpress\/plugins\/seo\/ -->\n<title>Ensorcell Serum | Living Libations<\/title>\n<meta name=\"description\" content=\"Das Ensorcell Serum dringt nahtlos in die Haut ein und versorgt sie mit regenerierenden, konzentrierten superkritischen Extrakten und frisch gepressten Lipiden.\" \/>\n<meta name=\"robots\" content=\"index, follow, max-snippet:-1, max-image-preview:large, max-video-preview:-1\" \/>\n<link rel=\"canonical\" href=\"https:\/\/dutchhealthstore.com\/de\/product\/ensorcell-serum\/\" \/>\n<meta property=\"og:locale\" content=\"de_DE\" \/>\n<meta property=\"og:type\" content=\"article\" \/>\n<meta property=\"og:title\" content=\"Ensorcell Serum - Dutch Health Store\" \/>\n<meta property=\"og:description\" content=\"Das Ensorcell Serum dringt nahtlos in die Haut ein und versorgt sie mit regenerierenden, konzentrierten superkritischen Extrakten und frisch gepressten Lipiden.\" \/>\n<meta property=\"og:url\" content=\"https:\/\/dutchhealthstore.com\/de\/product\/ensorcell-serum\/\" \/>\n<meta property=\"og:site_name\" content=\"Dutch Health Store\" \/>\n<meta property=\"article:publisher\" content=\"https:\/\/www.instagram.com\/dutchhealthstore\/\" \/>\n<meta property=\"article:modified_time\" content=\"2026-01-26T15:04:19+00:00\" \/>\n<meta property=\"og:image\" content=\"https:\/\/dutchhealthstore.com\/wp-content\/uploads\/2018\/02\/Ensorcell-Serum-Living-Libations-001-e1591867073820.jpg\" \/>\n\t<meta property=\"og:image:width\" content=\"500\" \/>\n\t<meta property=\"og:image:height\" content=\"588\" \/>\n\t<meta property=\"og:image:type\" content=\"image\/jpeg\" \/>\n<meta name=\"twitter:card\" content=\"summary_large_image\" \/>\n<meta name=\"twitter:label1\" content=\"Verf\u00fcgbarkeit\" \/>\n\t<meta name=\"twitter:data1\" content=\"Auf Lager\" \/>\n<script type=\"application\/ld+json\" class=\"yoast-schema-graph\">{\"@context\":\"https:\/\/schema.org\",\"@graph\":[{\"@type\":\"WebPage\",\"@id\":\"https:\/\/dutchhealthstore.com\/de\/product\/ensorcell-serum\/\",\"url\":\"https:\/\/dutchhealthstore.com\/de\/product\/ensorcell-serum\/\",\"name\":\"Ensorcell Serum | Living Libations\",\"isPartOf\":{\"@id\":\"https:\/\/dutchhealthstore.com\/de\/#website\"},\"primaryImageOfPage\":{\"@id\":\"https:\/\/dutchhealthstore.com\/de\/product\/ensorcell-serum\/#primaryimage\"},\"image\":{\"@id\":\"https:\/\/dutchhealthstore.com\/de\/product\/ensorcell-serum\/#primaryimage\"},\"thumbnailUrl\":\"https:\/\/dutchhealthstore.com\/wp-content\/uploads\/2018\/02\/Ensorcell-Serum-Living-Libations-001-e1591867073820.jpg\",\"datePublished\":\"2020-06-11T07:20:42+00:00\",\"dateModified\":\"2026-01-26T15:04:19+00:00\",\"description\":\"Das Ensorcell Serum dringt nahtlos in die Haut ein und versorgt sie mit regenerierenden, konzentrierten superkritischen Extrakten und frisch gepressten Lipiden.\",\"breadcrumb\":{\"@id\":\"https:\/\/dutchhealthstore.com\/de\/product\/ensorcell-serum\/#breadcrumb\"},\"inLanguage\":\"de\",\"potentialAction\":[{\"@type\":\"ReadAction\",\"target\":[\"https:\/\/dutchhealthstore.com\/de\/product\/ensorcell-serum\/\"]}]},{\"@type\":\"ImageObject\",\"inLanguage\":\"de\",\"@id\":\"https:\/\/dutchhealthstore.com\/de\/product\/ensorcell-serum\/#primaryimage\",\"url\":\"https:\/\/dutchhealthstore.com\/wp-content\/uploads\/2018\/02\/Ensorcell-Serum-Living-Libations-001-e1591867073820.jpg\",\"contentUrl\":\"https:\/\/dutchhealthstore.com\/wp-content\/uploads\/2018\/02\/Ensorcell-Serum-Living-Libations-001-e1591867073820.jpg\",\"width\":500,\"height\":588,\"caption\":\"Ensorcell Serum - Living Libations\"},{\"@type\":\"BreadcrumbList\",\"@id\":\"https:\/\/dutchhealthstore.com\/de\/product\/ensorcell-serum\/#breadcrumb\",\"itemListElement\":[{\"@type\":\"ListItem\",\"position\":1,\"name\":\"Home\",\"item\":\"https:\/\/dutchhealthstore.com\/de\/\"},{\"@type\":\"ListItem\",\"position\":2,\"name\":\"Shop\",\"item\":\"https:\/\/dutchhealthstore.com\/de\/shop-2\/\"},{\"@type\":\"ListItem\",\"position\":3,\"name\":\"Ensorcell Serum\"}]},{\"@type\":\"WebSite\",\"@id\":\"https:\/\/dutchhealthstore.com\/de\/#website\",\"url\":\"https:\/\/dutchhealthstore.com\/de\/\",\"name\":\"Dutch Health Store\",\"description\":\"Enhance Your Beauty with Organic &amp; Natural Skincare\",\"publisher\":{\"@id\":\"https:\/\/dutchhealthstore.com\/de\/#organization\"},\"potentialAction\":[{\"@type\":\"SearchAction\",\"target\":{\"@type\":\"EntryPoint\",\"urlTemplate\":\"https:\/\/dutchhealthstore.com\/de\/?s={search_term_string}\"},\"query-input\":{\"@type\":\"PropertyValueSpecification\",\"valueRequired\":true,\"valueName\":\"search_term_string\"}}],\"inLanguage\":\"de\"},{\"@type\":\"Organization\",\"@id\":\"https:\/\/dutchhealthstore.com\/de\/#organization\",\"name\":\"Dutch Health Store\",\"url\":\"https:\/\/dutchhealthstore.com\/de\/\",\"logo\":{\"@type\":\"ImageObject\",\"inLanguage\":\"de\",\"@id\":\"https:\/\/dutchhealthstore.com\/de\/#\/schema\/logo\/image\/\",\"url\":\"https:\/\/dutchhealthstore.com\/wp-content\/uploads\/2020\/08\/logo-dutchhealthstore-jpg-e1599484957574.jpg\",\"contentUrl\":\"https:\/\/dutchhealthstore.com\/wp-content\/uploads\/2020\/08\/logo-dutchhealthstore-jpg-e1599484957574.jpg\",\"width\":400,\"height\":62,\"caption\":\"Dutch Health Store\"},\"image\":{\"@id\":\"https:\/\/dutchhealthstore.com\/de\/#\/schema\/logo\/image\/\"},\"sameAs\":[\"https:\/\/www.instagram.com\/dutchhealthstore\/\",\"https:\/\/www.facebook.com\/dutchhealthstore\"]}]}<\/script>\n<meta property=\"product:brand\" content=\"Living Libations\" \/>\n<meta property=\"og:availability\" content=\"instock\" \/>\n<meta property=\"product:availability\" content=\"instock\" \/>\n<meta property=\"product:condition\" content=\"new\" \/>\n<!-- \/ Yoast SEO Premium plugin. -->","yoast_head_json":{"title":"Ensorcell Serum | Living Libations","description":"Das Ensorcell Serum dringt nahtlos in die Haut ein und versorgt sie mit regenerierenden, konzentrierten superkritischen Extrakten und frisch gepressten Lipiden.","robots":{"index":"index","follow":"follow","max-snippet":"max-snippet:-1","max-image-preview":"max-image-preview:large","max-video-preview":"max-video-preview:-1"},"canonical":"https:\/\/dutchhealthstore.com\/de\/product\/ensorcell-serum\/","og_locale":"de_DE","og_type":"article","og_title":"Ensorcell Serum - Dutch Health Store","og_description":"Das Ensorcell Serum dringt nahtlos in die Haut ein und versorgt sie mit regenerierenden, konzentrierten superkritischen Extrakten und frisch gepressten Lipiden.","og_url":"https:\/\/dutchhealthstore.com\/de\/product\/ensorcell-serum\/","og_site_name":"Dutch Health Store","article_publisher":"https:\/\/www.instagram.com\/dutchhealthstore\/","article_modified_time":"2026-01-26T15:04:19+00:00","og_image":[{"width":500,"height":588,"url":"https:\/\/dutchhealthstore.com\/wp-content\/uploads\/2018\/02\/Ensorcell-Serum-Living-Libations-001-e1591867073820.jpg","type":"image\/jpeg"}],"twitter_card":"summary_large_image","twitter_misc":{"Verf\u00fcgbarkeit":"Auf Lager"},"schema":{"@context":"https:\/\/schema.org","@graph":[{"@type":"WebPage","@id":"https:\/\/dutchhealthstore.com\/de\/product\/ensorcell-serum\/","url":"https:\/\/dutchhealthstore.com\/de\/product\/ensorcell-serum\/","name":"Ensorcell Serum | Living Libations","isPartOf":{"@id":"https:\/\/dutchhealthstore.com\/de\/#website"},"primaryImageOfPage":{"@id":"https:\/\/dutchhealthstore.com\/de\/product\/ensorcell-serum\/#primaryimage"},"image":{"@id":"https:\/\/dutchhealthstore.com\/de\/product\/ensorcell-serum\/#primaryimage"},"thumbnailUrl":"https:\/\/dutchhealthstore.com\/wp-content\/uploads\/2018\/02\/Ensorcell-Serum-Living-Libations-001-e1591867073820.jpg","datePublished":"2020-06-11T07:20:42+00:00","dateModified":"2026-01-26T15:04:19+00:00","description":"Das Ensorcell Serum dringt nahtlos in die Haut ein und versorgt sie mit regenerierenden, konzentrierten superkritischen Extrakten und frisch gepressten Lipiden.","breadcrumb":{"@id":"https:\/\/dutchhealthstore.com\/de\/product\/ensorcell-serum\/#breadcrumb"},"inLanguage":"de","potentialAction":[{"@type":"ReadAction","target":["https:\/\/dutchhealthstore.com\/de\/product\/ensorcell-serum\/"]}]},{"@type":"ImageObject","inLanguage":"de","@id":"https:\/\/dutchhealthstore.com\/de\/product\/ensorcell-serum\/#primaryimage","url":"https:\/\/dutchhealthstore.com\/wp-content\/uploads\/2018\/02\/Ensorcell-Serum-Living-Libations-001-e1591867073820.jpg","contentUrl":"https:\/\/dutchhealthstore.com\/wp-content\/uploads\/2018\/02\/Ensorcell-Serum-Living-Libations-001-e1591867073820.jpg","width":500,"height":588,"caption":"Ensorcell Serum - Living Libations"},{"@type":"BreadcrumbList","@id":"https:\/\/dutchhealthstore.com\/de\/product\/ensorcell-serum\/#breadcrumb","itemListElement":[{"@type":"ListItem","position":1,"name":"Home","item":"https:\/\/dutchhealthstore.com\/de\/"},{"@type":"ListItem","position":2,"name":"Shop","item":"https:\/\/dutchhealthstore.com\/de\/shop-2\/"},{"@type":"ListItem","position":3,"name":"Ensorcell Serum"}]},{"@type":"WebSite","@id":"https:\/\/dutchhealthstore.com\/de\/#website","url":"https:\/\/dutchhealthstore.com\/de\/","name":"Dutch Health Store","description":"Enhance Your Beauty with Organic &amp; Natural Skincare","publisher":{"@id":"https:\/\/dutchhealthstore.com\/de\/#organization"},"potentialAction":[{"@type":"SearchAction","target":{"@type":"EntryPoint","urlTemplate":"https:\/\/dutchhealthstore.com\/de\/?s={search_term_string}"},"query-input":{"@type":"PropertyValueSpecification","valueRequired":true,"valueName":"search_term_string"}}],"inLanguage":"de"},{"@type":"Organization","@id":"https:\/\/dutchhealthstore.com\/de\/#organization","name":"Dutch Health Store","url":"https:\/\/dutchhealthstore.com\/de\/","logo":{"@type":"ImageObject","inLanguage":"de","@id":"https:\/\/dutchhealthstore.com\/de\/#\/schema\/logo\/image\/","url":"https:\/\/dutchhealthstore.com\/wp-content\/uploads\/2020\/08\/logo-dutchhealthstore-jpg-e1599484957574.jpg","contentUrl":"https:\/\/dutchhealthstore.com\/wp-content\/uploads\/2020\/08\/logo-dutchhealthstore-jpg-e1599484957574.jpg","width":400,"height":62,"caption":"Dutch Health Store"},"image":{"@id":"https:\/\/dutchhealthstore.com\/de\/#\/schema\/logo\/image\/"},"sameAs":["https:\/\/www.instagram.com\/dutchhealthstore\/","https:\/\/www.facebook.com\/dutchhealthstore"]}]},"product_brand":"Living Libations","og_availability":"instock","product_availability":"instock","product_condition":"new"},"_links":{"self":[{"href":"https:\/\/dutchhealthstore.com\/de\/wp-json\/wp\/v2\/product\/106356","targetHints":{"allow":["GET"]}}],"collection":[{"href":"https:\/\/dutchhealthstore.com\/de\/wp-json\/wp\/v2\/product"}],"about":[{"href":"https:\/\/dutchhealthstore.com\/de\/wp-json\/wp\/v2\/types\/product"}],"replies":[{"embeddable":true,"href":"https:\/\/dutchhealthstore.com\/de\/wp-json\/wp\/v2\/comments?post=106356"}],"wp:featuredmedia":[{"embeddable":true,"href":"https:\/\/dutchhealthstore.com\/de\/wp-json\/wp\/v2\/media\/106357"}],"wp:attachment":[{"href":"https:\/\/dutchhealthstore.com\/de\/wp-json\/wp\/v2\/media?parent=106356"}],"wp:term":[{"taxonomy":"product_brand","embeddable":true,"href":"https:\/\/dutchhealthstore.com\/de\/wp-json\/wp\/v2\/product_brand?post=106356"},{"taxonomy":"product_cat","embeddable":true,"href":"https:\/\/dutchhealthstore.com\/de\/wp-json\/wp\/v2\/product_cat?post=106356"},{"taxonomy":"product_tag","embeddable":true,"href":"https:\/\/dutchhealthstore.com\/de\/wp-json\/wp\/v2\/product_tag?post=106356"}],"curies":[{"name":"wp","href":"https:\/\/api.w.org\/{rel}","templated":true}]}}