{"id":106328,"date":"2020-01-11T07:31:11","date_gmt":"2020-01-11T07:31:11","guid":{"rendered":"https:\/\/dutchhealthstore.com\/product\/rose-renewal-frankincense-firming-fluid\/"},"modified":"2026-03-24T14:17:03","modified_gmt":"2026-03-24T13:17:03","slug":"rose-renewal-frankincense-firming-fluid","status":"publish","type":"product","link":"https:\/\/dutchhealthstore.com\/de\/product\/rose-renewal-frankincense-firming-fluid\/","title":{"rendered":"Rose Renewal + Frankincense Firming Fluid"},"content":{"rendered":"<p><img decoding=\"async\" class=\"alignright wp-image-56014\" src=\"https:\/\/dutchhealthstore.com\/wp-content\/uploads\/2019\/04\/logo.png\" alt=\"Living libations logo\" width=\"200\" height=\"59\">Living Libations Rose Renewal + Frankincense Firming Fluid ist ein perfekter Feuchtigkeitsspender f\u00fcr Sommerhaut, feuchtes Klima und die Haut der Weisheit. Dieses leichte Emollient ist mit zus\u00e4tzlichen Essenzen ausgestattet, die schlaffe Haut straffen und feine Linien und F\u00e4ltchen mildern.<\/p>\n<p>Diese herrlich leuchtende, leichte und sch\u00f6ne Fl\u00fcssigkeit f\u00fcllt den Hautton auf. Es ist ein fabelhaftes St\u00e4rkungsfluid, das Ihre Haut erhaben h\u00e4lt, da es das Gesicht n\u00e4hrt und mit Feuchtigkeit versorgt, w\u00e4hrend es das Erscheinungsbild von Narbengewebe und feinen Linien minimiert und die Haut vor Umwelteinfl\u00fcssen sch\u00fctzt.<\/p>\n<h3>Instruktion<\/h3>\n<p>Geben Sie ein wenig in Ihre Handfl\u00e4che und klopfen Sie es sanft auf die Haut. Es riecht wie ein taufrischer Fr\u00fchlingsmorgen. Eine leichte Feuchtigkeitscreme f\u00fcr Sommer, Feuchtigkeit, fettige Haut oder zu Akne neigende Haut. Tief n\u00e4hrend f\u00fcr sich allein und perfekt kombiniert mit der Anmut von Rose Glow Serum, Royal Rose Serum und\/oder Rose Glow Cream.<br \/>\nMorgens oder abends nach der Gesichtsreinigung mit Rose oder Seabuckthorn Best Skin Ever auftragen.<\/p>\n<h3 class=\"yikes-custom-woo-tab-title yikes-custom-woo-tab-title-natural-organic-ingredients\">Nat\u00fcrliche\/Organische Inhaltsstoffe<\/h3>\n<p><strong>Aloe Vera<\/strong><em> (Aloe barbadensis)<\/em> &#8211; Aloe Vera ist eine beruhigende, sukkulente Pflanze, die in w\u00e4rmeren Klimazonen w\u00e4chst. Sie hat ein kr\u00e4ftiges Blatt, das ein klares, gallertartiges Fruchtfleisch liefert. Dieser Brei ist ein unglaublich beruhigender Balsam f\u00fcr empfindliche Haut. Aloe spendet der Haut ein H\u00f6chstma\u00df an Feuchtigkeit und hat wunderbare Eigenschaften, die in die Haut eindringen und R\u00f6tungen und Schwellungen lindern. Unsere Aloe Vera bietet eine doppelte Dosis feuchtigkeitsspendenden Schutz f\u00fcr die Haut. Als nat\u00fcrlicher Feuchtigkeitsspender zieht es in die Haut ein und schlie\u00dft die Feuchtigkeit ein. Gleichzeitig bildet die Aloe Vera eine atmungsaktive, por\u00f6se Schicht auf der Haut, die die Feuchtigkeit im Inneren h\u00e4lt und den Rest drau\u00dfen l\u00e4sst.<\/p>\n<p><strong>Hagebutten<\/strong><em> (Rosa rubignosa)<\/em> \u2013 Ein jahrhundertealtes Hautheilmittel in ganz S\u00fcdamerika; Hagebutten reichern dieses Serum mit Vitamin A und C an, die besonders vorteilhaft f\u00fcr reife Haut sind. Hagebutten enthalten auch Eisen und Fetts\u00e4uren, die die Festigkeit und Elastizit\u00e4t der Haut erh\u00f6hen.<\/p>\n<p><strong>Jojoba<\/strong> <em>(Simmondsia chinensis)<\/em> &#8211; Das herrliche, goldene Jojoba n\u00e4hrt und pflegt durstige Haut. Jojoba hat die unvergleichliche F\u00e4higkeit, die Haut mit Feuchtigkeit zu versorgen, die \u00d6lproduktion auszugleichen, die Poren gr\u00fcndlich zu reinigen und eine lang anhaltende Pflegewirkung zu erzielen, die die Haut so weich wie perfekte Seide macht. Es ist vollgepackt mit Peptiden und Lipiden und enth\u00e4lt den h\u00f6chsten Gehalt an phenolischen Verbindungen, die in der Natur vorkommen, sowie Vitamine und alle l\u00f6slichen Formen von Vitamin E!<\/p>\n<p><strong>Ringelblumenaufguss<\/strong><em> (Calendula officinalis)<\/em> &#8211; Ringelblumen sind die Superhelden der sonnenverw\u00f6hnten Haut. Dieser k\u00fchne Extrakt nutzt die kraftvollen Anti-Aging-Eigenschaften von Ringelblumenbl\u00fcten, die R\u00f6tungen und Hitze vermindern. Traditionelle Anwendungen zeigen, dass auch Narben und Schwellungen mit Calendula gelindert werden.<\/p>\n<p><strong>Beinwell-Aufguss<\/strong> (Comfrey symphytim) &#8211; Beinwell schirmt ab und gibt der Haut Energie. Es verbessert das Erscheinungsbild von Narben und Flecken.<\/p>\n<p><strong>Rosenbl\u00fctentee<\/strong> (Rosa centifolia) &#8211; Im bulgarischen Tal der Rosen werden herrliche Rosenbl\u00fcten geerntet und mit Jojoba aufgegossen. Dieses fantastisch duftende und adstringierende Pulver verleiht unseren Seren die Kraft von n\u00e4hrenden Vitaminen und reichlich Antioxidantien.<\/p>\n<p><strong>Schachtelhalmaufguss<\/strong> (Equisetum arvense) &#8211; Der Schachtelhalm ist reich an st\u00e4rkender Kiesels\u00e4ure und st\u00e4rkt die Widerstandsf\u00e4higkeit der Haut.<\/p>\n<p><strong>Hagebuttentee<\/strong> (Rosa canina) &#8211; Die Hagebutten der Rose verj\u00fcngen die Haut von Kopf bis Fu\u00df! Hagebutten enthalten einen hohen Gehalt an Lipiden, Vitaminen und essenziellen Fetts\u00e4uren sowie Vitamin C und Lycopin. Dieser Wirkstoff hat eine Affinit\u00e4t zur Haut und unterst\u00fctzt die Elastizit\u00e4t, um das Erscheinungsbild von Narben, Trockenheit und Falten zu verbessern.<\/p>\n<p><strong>Weihrauch<\/strong> (Boswellia carterii) &#8211; Der heilige Weihrauch ist das Pi\u00e8ce de r\u00e9sistance der Hautpflege! Sie mildert R\u00f6tungen, strafft die Haut, mindert Melasmen und versorgt die Haut mit reichlich Feuchtigkeit. Es eignet sich auch hervorragend, um das Erscheinungsbild von Narben und Altersflecken zu mildern.<\/p>\n<p><strong>Immortelle<\/strong> (Helichrysum italicum) &#8211; Die immerw\u00e4hrende Immortelle ist hervorragend und eignet sich hervorragend f\u00fcr alle Arten der Hautpflege. Dieses duftende, blumige \u00d6l wird auf der Insel Korsika wild geerntet, wo die Blumen unter der Meeresbrise und der Sonne gedeihen. Die Blumen wachsen in einer H\u00f6he von 4.000 Fu\u00df auf den felsigen Klippen der Landschaft. Die Immortelle hilft, das Erscheinungsbild von Narben, Flecken, Melasma, R\u00f6tungen und F\u00e4ltchen zu mildern. Dieses facettenreiche \u00d6l ist auch emotional sehr anregend.<\/p>\n<p><strong>Rose Otto<\/strong> (Rosa damascena) &#8211; Rose Otto bietet so viel mehr als nur ein duftendes Aroma. Es ist auch das st\u00e4rkste aller Rosen\u00f6le. Es ist eine unglaublich elegante und wertvolle Essenz. Man braucht sechzig Rosen, um einen einzigen Tropfen des \u00e4therischen \u00d6ls Rose Otto herzustellen! Diese k\u00f6nigliche Pflanze verleiht der Haut Spannkraft, Elastizit\u00e4t und Feuchtigkeit, um die Zeichen der Hautalterung zu minimieren und der Haut einen rosigen Schimmer zu verleihen. Es reduziert das Aussehen von Altersflecken,<\/p>\n<p><strong>Schizandra<\/strong> (Schisandra chinensis) &#8211; Seit \u00fcber 3.000 Jahren als eines der wichtigsten Kr\u00e4uter in der chinesischen Medizin verwendet, verlangsamt die Schizandra-Beere die Zeichen der Hautalterung. In der Traditionellen Chinesischen Medizin werden diese roten Beeren seit Jahrtausenden verwendet, um das Chi des K\u00f6rpers zu st\u00e4rken. Diese wunderbare Beere inspiriert zu Positivit\u00e4t und regt den Geist an.<\/p>\n<p><strong>Geranie<\/strong> (Pelargonium graveolens) &#8211; Dieser sanfte Gigant der Hautpflege strafft schlaffe Haut, reduziert das Erscheinungsbild von Narben und Dehnungsstreifen und ist ein ausgezeichnetes Gesichtswasser f\u00fcr zu Akne neigende Haut.<\/p>\n<p><strong>Neroli<\/strong> \u2013 Citrus aurantium<br \/>\nNeroli ist bekannt daf\u00fcr, Narben, Flecken und Dehnungsstreifen zu gl\u00e4tten und zu verbessern. Dieses stimulierende, reinigende \u00d6l vergr\u00f6\u00dfert sanft das Peeling und verj\u00fcngt die Haut, damit sie glatt und frisch wird. Es wird h\u00e4ufig verwendet, um Falten zu verblassen, das Aussehen von Melasma-Flecken und Pockennarben von Akne zu reduzieren.<\/p>\n<p><strong>Carrot Seed<\/strong> (Daucus carota) \u2013 Queen Anne\u2019s lace anoints your face with queenly grace. Karotten\u00f6l stimuliert die \u00d6lproduktion in perfektem Verh\u00e4ltnis, unabh\u00e4ngig vom aktuellen Zustand Ihrer Haut. Fettige, trockene und Mischhaut k\u00f6nnen alle von der stimulierenden, feuchtigkeitsspendenden Kraft der Karottensamen profitieren.<\/p>\n<p><strong>Salbei- und Rosmarinextrakte<\/strong> (Salvia officinalis und Rosmarinus officinalis) &#8211; Dieses nat\u00fcrliche Konservierungsmittel verl\u00e4ngert die Haltbarkeit des Serums, indem es den Oxidationsprozess verlangsamt. Sie ist reich an n\u00fctzlichen Antioxidantien, die die Haut wiederbeleben.<\/p>\n<p><strong><span class=\"ll-product-ingredient-first\">Steinwurzel <\/span>&#8211; <\/strong><em><br \/>\n  <span class=\"ll-product-ingredient-second\">collinsonia canadensis l.- <\/span><br \/>\n<\/em> <span class=\"ll-product-ingredient-second\">Dieses Kraut nutzt die m\u00e4chtigen Kr\u00e4fte saftiger roter Wurzeln, die unter den Blumen der Erde wachsen. Die Steinwurzel beruhigt und kl\u00e4rt das Hautbild durch ihre tonisierende Wirkung.<\/span><\/p>\n<p><img fetchpriority=\"high\" decoding=\"async\" class=\"aligncenter wp-image-68106\" src=\"https:\/\/dutchhealthstore.com\/wp-content\/uploads\/2018\/02\/Living-Libations-Organic-Logo.png\" alt=\"Living Libations - Organic Logo\" width=\"800\" height=\"89\" srcset=\"https:\/\/dutchhealthstore.com\/wp-content\/uploads\/2018\/02\/Living-Libations-Organic-Logo.png 1400w, https:\/\/dutchhealthstore.com\/wp-content\/uploads\/2018\/02\/Living-Libations-Organic-Logo-510x57.png 510w, https:\/\/dutchhealthstore.com\/wp-content\/uploads\/2018\/02\/Living-Libations-Organic-Logo-800x89.png 800w, https:\/\/dutchhealthstore.com\/wp-content\/uploads\/2018\/02\/Living-Libations-Organic-Logo-768x85.png 768w\" sizes=\"(max-width: 800px) 100vw, 800px\" \/><\/p>\n","protected":false},"excerpt":{"rendered":"<p><strong>Living Libations Rose Renewal + Frankincense Firming Fluid<\/strong> ist ein perfekter Feuchtigkeitsspender f\u00fcr Sommerhaut, feuchtes Klima und die Haut der Weisheit. Dieses leichte Emollient ist mit zus\u00e4tzlichen Essenzen ausgestattet, die schlaffe Haut straffen und feine Linien und F\u00e4ltchen mildern.<\/p>\n<p>Diese herrlich leuchtende, leichte und sch\u00f6ne Fl\u00fcssigkeit f\u00fcllt den Hautton auf. Es ist ein fabelhaftes St\u00e4rkungsfluid, das Ihre Haut erhaben h\u00e4lt, da es das Gesicht n\u00e4hrt und mit Feuchtigkeit versorgt, w\u00e4hrend es das Erscheinungsbild von Narbengewebe und feinen Linien minimiert und die Haut vor Umwelteinfl\u00fcssen sch\u00fctzt.<\/p>\n","protected":false},"featured_media":89158,"comment_status":"open","ping_status":"closed","template":"","meta":[],"product_brand":[],"product_cat":[14735,1227,5650,5669,5719,5652,5653,5651,5720,5647,1958,1032,1493,1210,5649,5636,5101,511,2009,5648,5634],"product_tag":[21361,9604,6037,4831],"class_list":{"0":"post-106328","1":"product","2":"type-product","3":"status-publish","4":"has-post-thumbnail","6":"product_cat-hautpflege","7":"product_cat-sensitive-skin-redness-de","8":"product_cat-sensitive-skin-redness-de-3","9":"product_cat-oily-skin-clogged-pores-de","10":"product_cat-oily-skin-clogged-pores-de-4","11":"product_cat-moisturizers-dde","12":"product_cat-moisturizers-de-de-4","13":"product_cat-moisturizers-de-de-2","14":"product_cat-moisturizers-de-de-3","15":"product_cat-moisturizers-de-de","16":"product_cat-gesicht","17":"product_cat-kategorien","18":"product_cat-living-libations-deutschland","19":"product_cat-marken","20":"product_cat-normal-or-combination-skin-de-3","21":"product_cat-normal-or-combination-skin-de-2","22":"product_cat-by-skin-type-de-4","23":"product_cat-produkte","24":"product_cat-serums-moisturizers","25":"product_cat-dry-mature-ageing-skin-de-3","26":"product_cat-dry-mature-ageing-skin-de-2","27":"product_tag-face-care-de","28":"product_tag-hydrating-de","29":"product_tag-serum-de","30":"product_tag-skin-de","31":"pa_brand-livinglibations-de","32":"pa_gtin-7439657335303-de","33":"pa_size-30-ml-de","34":"pa_size-50-ml-de","35":"pa_size-100-ml-de","36":"pa_skincare-type-moisturizers-de","37":"pa_skintype-normal-combination-skin-de","38":"pa_skintype-oily-skin-de","39":"pa_skintype-sensitive-skin-redness-de","40":"pa_skintype-dry-mature-ageing-skin-de","42":"first","43":"instock","44":"taxable","45":"shipping-taxable","46":"purchasable","47":"product-type-variable"},"bundled_by":[],"bundle_stock_status":"instock","bundle_stock_quantity":null,"bundle_virtual":false,"bundle_layout":"","bundle_add_to_cart_form_location":"","bundle_editable_in_cart":false,"bundle_sold_individually_context":"","bundle_item_grouping":"","bundle_min_size":"","bundle_max_size":"","bundle_price":[],"bundled_items":[],"bundle_sell_ids":[241211],"atum_controlled":true,"out_stock_date":null,"out_stock_threshold":null,"inheritable":true,"stock_on_hold":1,"sold_today":1,"sales_last_days":1,"out_stock_days":0,"lost_sales":0,"update_date":"2026-04-11T11:01:46","atum_locations":[],"atum_stock_status":"instock","restock_status":false,"low_stock_amount":"","sales_update_date":"2026-04-08T01:47:48","calc_backorders":null,"group_of_quantity":0,"min_quantity":0,"max_quantity":"","exclude_order_quantity_value_rules":"no","exclude_category_quantity_rules":"no","combine_variations":"no","yoast_head":"<!-- This site is optimized with the Yoast SEO Premium plugin v26.5 (Yoast SEO v26.5) - https:\/\/yoast.com\/wordpress\/plugins\/seo\/ -->\n<title>Rose Renewal + Frankincense Firming Fluid | Living Libations<\/title>\n<meta name=\"description\" content=\"Living Libations Rose Renewal + Frankincense Firming Fluid ist ein perfekter Feuchtigkeitsspender f\u00fcr Sommerhaut, feuchtes Klima und die Haut der Weisheit.\" \/>\n<meta name=\"robots\" content=\"index, follow, max-snippet:-1, max-image-preview:large, max-video-preview:-1\" \/>\n<link rel=\"canonical\" href=\"https:\/\/dutchhealthstore.com\/de\/product\/rose-renewal-frankincense-firming-fluid\/\" \/>\n<meta property=\"og:locale\" content=\"de_DE\" \/>\n<meta property=\"og:type\" content=\"article\" \/>\n<meta property=\"og:title\" content=\"Rose Renewal + Frankincense Firming Fluid - Dutch Health Store\" \/>\n<meta property=\"og:description\" content=\"Living Libations Rose Renewal + Frankincense Firming Fluid ist ein perfekter Feuchtigkeitsspender f\u00fcr Sommerhaut, feuchtes Klima und die Haut der Weisheit.\" \/>\n<meta property=\"og:url\" content=\"https:\/\/dutchhealthstore.com\/de\/product\/rose-renewal-frankincense-firming-fluid\/\" \/>\n<meta property=\"og:site_name\" content=\"Dutch Health Store\" \/>\n<meta property=\"article:publisher\" content=\"https:\/\/www.instagram.com\/dutchhealthstore\/\" \/>\n<meta property=\"article:modified_time\" content=\"2026-03-24T13:17:03+00:00\" \/>\n<meta property=\"og:image\" content=\"https:\/\/dutchhealthstore.com\/wp-content\/uploads\/2020\/01\/Rose-Renewal-and-Frankincense-Firming-Fluid-Living-Libations.jpg\" \/>\n\t<meta property=\"og:image:width\" content=\"1200\" \/>\n\t<meta property=\"og:image:height\" content=\"1200\" \/>\n\t<meta property=\"og:image:type\" content=\"image\/jpeg\" \/>\n<meta name=\"twitter:card\" content=\"summary_large_image\" \/>\n<meta name=\"twitter:label1\" content=\"Verf\u00fcgbarkeit\" \/>\n\t<meta name=\"twitter:data1\" content=\"Auf Lager\" \/>\n<script type=\"application\/ld+json\" class=\"yoast-schema-graph\">{\"@context\":\"https:\/\/schema.org\",\"@graph\":[{\"@type\":\"WebPage\",\"@id\":\"https:\/\/dutchhealthstore.com\/de\/product\/rose-renewal-frankincense-firming-fluid\/\",\"url\":\"https:\/\/dutchhealthstore.com\/de\/product\/rose-renewal-frankincense-firming-fluid\/\",\"name\":\"Rose Renewal + Frankincense Firming Fluid | Living Libations\",\"isPartOf\":{\"@id\":\"https:\/\/dutchhealthstore.com\/de\/#website\"},\"primaryImageOfPage\":{\"@id\":\"https:\/\/dutchhealthstore.com\/de\/product\/rose-renewal-frankincense-firming-fluid\/#primaryimage\"},\"image\":{\"@id\":\"https:\/\/dutchhealthstore.com\/de\/product\/rose-renewal-frankincense-firming-fluid\/#primaryimage\"},\"thumbnailUrl\":\"https:\/\/dutchhealthstore.com\/wp-content\/uploads\/2020\/01\/Rose-Renewal-and-Frankincense-Firming-Fluid-Living-Libations.jpg\",\"datePublished\":\"2020-01-11T07:31:11+00:00\",\"dateModified\":\"2026-03-24T13:17:03+00:00\",\"description\":\"Living Libations Rose Renewal + Frankincense Firming Fluid ist ein perfekter Feuchtigkeitsspender f\u00fcr Sommerhaut, feuchtes Klima und die Haut der Weisheit.\",\"breadcrumb\":{\"@id\":\"https:\/\/dutchhealthstore.com\/de\/product\/rose-renewal-frankincense-firming-fluid\/#breadcrumb\"},\"inLanguage\":\"de\",\"potentialAction\":[{\"@type\":\"ReadAction\",\"target\":[\"https:\/\/dutchhealthstore.com\/de\/product\/rose-renewal-frankincense-firming-fluid\/\"]}]},{\"@type\":\"ImageObject\",\"inLanguage\":\"de\",\"@id\":\"https:\/\/dutchhealthstore.com\/de\/product\/rose-renewal-frankincense-firming-fluid\/#primaryimage\",\"url\":\"https:\/\/dutchhealthstore.com\/wp-content\/uploads\/2020\/01\/Rose-Renewal-and-Frankincense-Firming-Fluid-Living-Libations.jpg\",\"contentUrl\":\"https:\/\/dutchhealthstore.com\/wp-content\/uploads\/2020\/01\/Rose-Renewal-and-Frankincense-Firming-Fluid-Living-Libations.jpg\",\"width\":1200,\"height\":1200,\"caption\":\"Rose Renewal + Frankincense Firming Fluid - Living Libations\"},{\"@type\":\"BreadcrumbList\",\"@id\":\"https:\/\/dutchhealthstore.com\/de\/product\/rose-renewal-frankincense-firming-fluid\/#breadcrumb\",\"itemListElement\":[{\"@type\":\"ListItem\",\"position\":1,\"name\":\"Home\",\"item\":\"https:\/\/dutchhealthstore.com\/de\/\"},{\"@type\":\"ListItem\",\"position\":2,\"name\":\"Shop\",\"item\":\"https:\/\/dutchhealthstore.com\/de\/shop-2\/\"},{\"@type\":\"ListItem\",\"position\":3,\"name\":\"Rose Renewal + Frankincense Firming Fluid\"}]},{\"@type\":\"WebSite\",\"@id\":\"https:\/\/dutchhealthstore.com\/de\/#website\",\"url\":\"https:\/\/dutchhealthstore.com\/de\/\",\"name\":\"Dutch Health Store\",\"description\":\"Enhance Your Beauty with Organic &amp; Natural Skincare\",\"publisher\":{\"@id\":\"https:\/\/dutchhealthstore.com\/de\/#organization\"},\"potentialAction\":[{\"@type\":\"SearchAction\",\"target\":{\"@type\":\"EntryPoint\",\"urlTemplate\":\"https:\/\/dutchhealthstore.com\/de\/?s={search_term_string}\"},\"query-input\":{\"@type\":\"PropertyValueSpecification\",\"valueRequired\":true,\"valueName\":\"search_term_string\"}}],\"inLanguage\":\"de\"},{\"@type\":\"Organization\",\"@id\":\"https:\/\/dutchhealthstore.com\/de\/#organization\",\"name\":\"Dutch Health Store\",\"url\":\"https:\/\/dutchhealthstore.com\/de\/\",\"logo\":{\"@type\":\"ImageObject\",\"inLanguage\":\"de\",\"@id\":\"https:\/\/dutchhealthstore.com\/de\/#\/schema\/logo\/image\/\",\"url\":\"https:\/\/dutchhealthstore.com\/wp-content\/uploads\/2020\/08\/logo-dutchhealthstore-jpg-e1599484957574.jpg\",\"contentUrl\":\"https:\/\/dutchhealthstore.com\/wp-content\/uploads\/2020\/08\/logo-dutchhealthstore-jpg-e1599484957574.jpg\",\"width\":400,\"height\":62,\"caption\":\"Dutch Health Store\"},\"image\":{\"@id\":\"https:\/\/dutchhealthstore.com\/de\/#\/schema\/logo\/image\/\"},\"sameAs\":[\"https:\/\/www.instagram.com\/dutchhealthstore\/\",\"https:\/\/www.facebook.com\/dutchhealthstore\"]}]}<\/script>\n<meta property=\"product:brand\" content=\"Living Libations\" \/>\n<meta property=\"og:availability\" content=\"instock\" \/>\n<meta property=\"product:availability\" content=\"instock\" \/>\n<meta property=\"product:condition\" content=\"new\" \/>\n<!-- \/ Yoast SEO Premium plugin. -->","yoast_head_json":{"title":"Rose Renewal + Frankincense Firming Fluid | Living Libations","description":"Living Libations Rose Renewal + Frankincense Firming Fluid ist ein perfekter Feuchtigkeitsspender f\u00fcr Sommerhaut, feuchtes Klima und die Haut der Weisheit.","robots":{"index":"index","follow":"follow","max-snippet":"max-snippet:-1","max-image-preview":"max-image-preview:large","max-video-preview":"max-video-preview:-1"},"canonical":"https:\/\/dutchhealthstore.com\/de\/product\/rose-renewal-frankincense-firming-fluid\/","og_locale":"de_DE","og_type":"article","og_title":"Rose Renewal + Frankincense Firming Fluid - Dutch Health Store","og_description":"Living Libations Rose Renewal + Frankincense Firming Fluid ist ein perfekter Feuchtigkeitsspender f\u00fcr Sommerhaut, feuchtes Klima und die Haut der Weisheit.","og_url":"https:\/\/dutchhealthstore.com\/de\/product\/rose-renewal-frankincense-firming-fluid\/","og_site_name":"Dutch Health Store","article_publisher":"https:\/\/www.instagram.com\/dutchhealthstore\/","article_modified_time":"2026-03-24T13:17:03+00:00","og_image":[{"width":1200,"height":1200,"url":"https:\/\/dutchhealthstore.com\/wp-content\/uploads\/2020\/01\/Rose-Renewal-and-Frankincense-Firming-Fluid-Living-Libations.jpg","type":"image\/jpeg"}],"twitter_card":"summary_large_image","twitter_misc":{"Verf\u00fcgbarkeit":"Auf Lager"},"schema":{"@context":"https:\/\/schema.org","@graph":[{"@type":"WebPage","@id":"https:\/\/dutchhealthstore.com\/de\/product\/rose-renewal-frankincense-firming-fluid\/","url":"https:\/\/dutchhealthstore.com\/de\/product\/rose-renewal-frankincense-firming-fluid\/","name":"Rose Renewal + Frankincense Firming Fluid | Living Libations","isPartOf":{"@id":"https:\/\/dutchhealthstore.com\/de\/#website"},"primaryImageOfPage":{"@id":"https:\/\/dutchhealthstore.com\/de\/product\/rose-renewal-frankincense-firming-fluid\/#primaryimage"},"image":{"@id":"https:\/\/dutchhealthstore.com\/de\/product\/rose-renewal-frankincense-firming-fluid\/#primaryimage"},"thumbnailUrl":"https:\/\/dutchhealthstore.com\/wp-content\/uploads\/2020\/01\/Rose-Renewal-and-Frankincense-Firming-Fluid-Living-Libations.jpg","datePublished":"2020-01-11T07:31:11+00:00","dateModified":"2026-03-24T13:17:03+00:00","description":"Living Libations Rose Renewal + Frankincense Firming Fluid ist ein perfekter Feuchtigkeitsspender f\u00fcr Sommerhaut, feuchtes Klima und die Haut der Weisheit.","breadcrumb":{"@id":"https:\/\/dutchhealthstore.com\/de\/product\/rose-renewal-frankincense-firming-fluid\/#breadcrumb"},"inLanguage":"de","potentialAction":[{"@type":"ReadAction","target":["https:\/\/dutchhealthstore.com\/de\/product\/rose-renewal-frankincense-firming-fluid\/"]}]},{"@type":"ImageObject","inLanguage":"de","@id":"https:\/\/dutchhealthstore.com\/de\/product\/rose-renewal-frankincense-firming-fluid\/#primaryimage","url":"https:\/\/dutchhealthstore.com\/wp-content\/uploads\/2020\/01\/Rose-Renewal-and-Frankincense-Firming-Fluid-Living-Libations.jpg","contentUrl":"https:\/\/dutchhealthstore.com\/wp-content\/uploads\/2020\/01\/Rose-Renewal-and-Frankincense-Firming-Fluid-Living-Libations.jpg","width":1200,"height":1200,"caption":"Rose Renewal + Frankincense Firming Fluid - Living Libations"},{"@type":"BreadcrumbList","@id":"https:\/\/dutchhealthstore.com\/de\/product\/rose-renewal-frankincense-firming-fluid\/#breadcrumb","itemListElement":[{"@type":"ListItem","position":1,"name":"Home","item":"https:\/\/dutchhealthstore.com\/de\/"},{"@type":"ListItem","position":2,"name":"Shop","item":"https:\/\/dutchhealthstore.com\/de\/shop-2\/"},{"@type":"ListItem","position":3,"name":"Rose Renewal + Frankincense Firming Fluid"}]},{"@type":"WebSite","@id":"https:\/\/dutchhealthstore.com\/de\/#website","url":"https:\/\/dutchhealthstore.com\/de\/","name":"Dutch Health Store","description":"Enhance Your Beauty with Organic &amp; Natural Skincare","publisher":{"@id":"https:\/\/dutchhealthstore.com\/de\/#organization"},"potentialAction":[{"@type":"SearchAction","target":{"@type":"EntryPoint","urlTemplate":"https:\/\/dutchhealthstore.com\/de\/?s={search_term_string}"},"query-input":{"@type":"PropertyValueSpecification","valueRequired":true,"valueName":"search_term_string"}}],"inLanguage":"de"},{"@type":"Organization","@id":"https:\/\/dutchhealthstore.com\/de\/#organization","name":"Dutch Health Store","url":"https:\/\/dutchhealthstore.com\/de\/","logo":{"@type":"ImageObject","inLanguage":"de","@id":"https:\/\/dutchhealthstore.com\/de\/#\/schema\/logo\/image\/","url":"https:\/\/dutchhealthstore.com\/wp-content\/uploads\/2020\/08\/logo-dutchhealthstore-jpg-e1599484957574.jpg","contentUrl":"https:\/\/dutchhealthstore.com\/wp-content\/uploads\/2020\/08\/logo-dutchhealthstore-jpg-e1599484957574.jpg","width":400,"height":62,"caption":"Dutch Health Store"},"image":{"@id":"https:\/\/dutchhealthstore.com\/de\/#\/schema\/logo\/image\/"},"sameAs":["https:\/\/www.instagram.com\/dutchhealthstore\/","https:\/\/www.facebook.com\/dutchhealthstore"]}]},"product_brand":"Living Libations","og_availability":"instock","product_availability":"instock","product_condition":"new"},"_links":{"self":[{"href":"https:\/\/dutchhealthstore.com\/de\/wp-json\/wp\/v2\/product\/106328","targetHints":{"allow":["GET"]}}],"collection":[{"href":"https:\/\/dutchhealthstore.com\/de\/wp-json\/wp\/v2\/product"}],"about":[{"href":"https:\/\/dutchhealthstore.com\/de\/wp-json\/wp\/v2\/types\/product"}],"replies":[{"embeddable":true,"href":"https:\/\/dutchhealthstore.com\/de\/wp-json\/wp\/v2\/comments?post=106328"}],"wp:featuredmedia":[{"embeddable":true,"href":"https:\/\/dutchhealthstore.com\/de\/wp-json\/wp\/v2\/media\/89158"}],"wp:attachment":[{"href":"https:\/\/dutchhealthstore.com\/de\/wp-json\/wp\/v2\/media?parent=106328"}],"wp:term":[{"taxonomy":"product_brand","embeddable":true,"href":"https:\/\/dutchhealthstore.com\/de\/wp-json\/wp\/v2\/product_brand?post=106328"},{"taxonomy":"product_cat","embeddable":true,"href":"https:\/\/dutchhealthstore.com\/de\/wp-json\/wp\/v2\/product_cat?post=106328"},{"taxonomy":"product_tag","embeddable":true,"href":"https:\/\/dutchhealthstore.com\/de\/wp-json\/wp\/v2\/product_tag?post=106328"}],"curies":[{"name":"wp","href":"https:\/\/api.w.org\/{rel}","templated":true}]}}