{"id":105994,"date":"2020-02-10T10:51:21","date_gmt":"2020-02-10T10:51:21","guid":{"rendered":"https:\/\/dutchhealthstore.com\/product\/seabuckthorn-all-over-lotion\/"},"modified":"2025-04-18T16:08:01","modified_gmt":"2025-04-18T14:08:01","slug":"seabuckthorn-all-over-lotion","status":"publish","type":"product","link":"https:\/\/dutchhealthstore.com\/de\/product\/seabuckthorn-all-over-lotion\/","title":{"rendered":"Seabuckthorn All Over Lotion"},"content":{"rendered":"<p><img decoding=\"async\" class=\"alignright size-full wp-image-37041\" src=\"https:\/\/dutchhealthstore.com\/wp-content\/uploads\/2018\/04\/Living_Libations-1.png\" alt=\"Organic &amp; Natural Beautyproducts - Living Libations\" width=\"175\" height=\"82\">Eine Anwendung der Living Libations Seabuckthorn All Over Lotion gibt Ihnen das Gef\u00fchl, in eine beruhigte und gegl\u00e4ttete Haut einzutauchen. Diese r\u00fcckfettende Lotion ist feuchtigkeitsspendend genug f\u00fcr den K\u00f6rper und ausgleichend genug f\u00fcr die empfindliche Gesichtshaut. Jeder opulente Inhaltsstoff wird aufgrund seiner starken Hautaffinit\u00e4t ausgew\u00e4hlt und kombiniert die wirksamsten Elemente der Botanik. Zusammen mit den Omega-Fetts\u00e4uren und Hunderten von bioaktiven Stoffen haben Sie ein feuchtigkeitsspendendes Wunderwerk in der Hand.<\/p>\n<p>Diese wunderbare Lotion beginnt mit kristallklarem Quellwasser, dem wir gesundes Jojoba als Feuchtigkeitsspender, zeitlosen Tamanu als Lipidlieferant, s\u00e4ttigenden Sanddorn, Meeresalgen zur F\u00f6rderung der Elastizit\u00e4t, feuchtigkeitsspendende Aloe Vera und uralte Akazie zur Beruhigung und Verschmelzung hinzuf\u00fcgen. Dann laden wir f\u00fcnf Kr\u00e4utertees ein, deren Geschichten noch nicht erz\u00e4hlt wurden. Eibischwurzel befeuchtet, Ulme macht die Haut geschmeidig und Kamille beruhigt und gleicht aus. Der heitere Vogelmiere-Aufguss beruhigt die Haut, die trockener ist als die W\u00fcste, w\u00e4hrend die Hagebutte Feuchtigkeit spendet, harmonisiert und noch viel mehr. Die \u00e4therischen Essenzen von Lavendel, Vetiver, Grapefruit und Palmarosa f\u00f6rdern die Elastizit\u00e4t, um das Erscheinungsbild einer glatten, hydratisierten Haut zu verbessern, w\u00e4hrend superkritische Extrakte aus Rosmarin und Salbei die Stabilit\u00e4t und die bioaktiven Verbindungen erh\u00f6hen.<\/p>\n<p><strong>Gr\u00f6\u00dfe:<\/strong> 200 ml &#8211; 500 ml &#8211; 1000 ml.<\/p>\n<h3>Instruktion<\/h3>\n<p>Als Weichmacher auftragen, um trockener Haut von Kopf bis Fu\u00df Feuchtigkeit zu spenden. Wann immer Ihre Haut Durst versp\u00fcrt, massieren Sie diese Lotion in alle Bereiche ein, die S\u00e4ttigung brauchen &#8211; Ellbogen, Knie, H\u00e4nde, F\u00fc\u00dfe, was immer Sie wollen! Erg\u00e4nzen Sie auch Ihre Gesichtspflege f\u00fcr ein strahlendes und geschmeidiges Gesicht. F\u00fcr trockene Gebiete in der W\u00fcste oder wenn die Trockenheit des Winters Ihnen zu schaffen macht, kombinieren Sie sie mit einem Spritzer unserer Seabuckthorn Best Skin Ever oder Hooray Hand Cr\u00e8me, um Fersen, Ellbogen und ausgetrocknete Stellen zus\u00e4tzlich zu befeuchten.<\/p>\n<h3 class=\"yikes-custom-woo-tab-title yikes-custom-woo-tab-title-natural-organic-ingredients\">Nat\u00fcrliche\/Organische Inhaltsstoffe<\/h3>\n<p><strong>Jojoba<\/strong><em>(Simmondsia chinensis) &#8211; <\/em>Das pr\u00e4chtige, goldene Jojoba n\u00e4hrt und pflegt durstige Haut. Jojoba hat die unvergleichliche F\u00e4higkeit, die Haut mit Feuchtigkeit zu versorgen, die \u00d6lproduktion auszugleichen, die Poren gr\u00fcndlich zu reinigen und eine lang anhaltende Pflegewirkung zu erzielen, die die Haut so weich wie perfekte Seide macht. Es ist reich an Peptiden und Lipiden und enth\u00e4lt den h\u00f6chsten Gehalt an phenolischen Verbindungen, die in der Natur vorkommen, sowie Antioxidantien und alle l\u00f6slichen Formen von Vitamin E.<\/p>\n<p><strong>Tamanu <\/strong><em>(Calophyllum inophyllum) &#8211;<\/em> Das bezaubernde Tamanu-\u00d6l ist ein regenerierendes Beeren\u00f6l, das leicht in die Haut einzieht, um die Feuchtigkeit in der Haut zu halten und die Haut vor Trockenheit zu sch\u00fctzen. Tamanu wird nachgesagt, dass es den Hautton ausgleicht und das Erscheinungsbild von Narben mindert. Selbst f\u00fcr ein fettes \u00d6l hat es einen hohen Lipidgehalt (92%!). Es ist auch ein wunderbarer Inhaltsstoff in Feuchtigkeitscremes f\u00fcr zu Akne neigende Haut.<\/p>\n<p><strong>Sanddorn <\/strong><em>(Hippophae rhamnoides) &#8211; <\/em>Sanddorn schickt seine Lipide tief in die Haut, um Ungleichgewichte von innen heraus abzubauen. Dieser superkritische Extrakt ist reich an Omega-Fetts\u00e4uren 3, 6, 7 und 9, Antioxidantien, Vitaminen, Palmitoleins\u00e4uren, Carotinoiden und Phytosterolen. Ein einziger Tropfen Sanddorn\u00f6l enth\u00e4lt 190 verschiedene bioaktive Verbindungen. Diese leuchtend orangefarbene Essenz ist ein hinrei\u00dfender Regenerator und kl\u00e4rt den Teint.<\/p>\n<p><strong>Aloe Vera<\/strong><em> (Aloe barbadensis) &#8211; <\/em>Aloe Vera ist eine magische, sukkulente Pflanze, die in w\u00e4rmeren Klimazonen w\u00e4chst. Sie hat ein kr\u00e4ftiges Blatt, das ein klares, gallertartiges Fruchtfleisch liefert. Dieser Brei ist ein unglaublich beruhigender Balsam f\u00fcr empfindliche Haut. Aloe spendet perfekt Feuchtigkeit und hat wunderbare Eigenschaften, die in die Haut eindringen, um R\u00f6tungen und Schwellungen zu lindern. Unsere Aloe Vera bietet eine doppelte Dosis an feuchtigkeitsspendender Feuchtigkeit f\u00fcr die Haut. Als nat\u00fcrlicher Feuchtigkeitsspender zieht es in die Haut ein und schlie\u00dft die Feuchtigkeit ein. Gleichzeitig bildet die Aloe Vera eine perfekte, por\u00f6se Schicht auf der Haut, die die Feuchtigkeit im Inneren h\u00e4lt und den Rest drau\u00dfen l\u00e4sst.<\/p>\n<p><strong>Akazie<\/strong><em> (Acacia senegal) &#8211; <\/em>Der heilige Saft des Akazienbaums wird seit Tausenden von Jahren in ganz Afrika und im Nahen Osten f\u00fcr Zubereitungen verwendet. Heute erlebt diese harzige Substanz dank ihrer effektiven Affinit\u00e4t zur Haut eine Renaissance. Diese wohltuende und uralte Zutat tr\u00e4gt auch dazu bei, das Quellwasser mit den Lipiden in dieser sch\u00f6nen Lotion zu verbinden.<\/p>\n<p><strong>Blasentang <\/strong><em>(Fucus vesiculosus) &#8211;<\/em> Seetang ist reich an essenziellen Mineralien, Phyton\u00e4hrstoffen, Vitaminen, Aminos\u00e4uren und Omega-3-Fetts\u00e4uren. Dieser numinose Nektar macht Seetang zu einem beliebten Gesichtswasser, das das Erscheinungsbild von Schwellungen, Flecken und Verf\u00e4rbungen verbessert.<\/p>\n<p><strong>Orangenwachs <\/strong><em>(Citrus aurantium dulcis) &#8211; <\/em>Dieses angenehme Wachs wird aus den gepressten Schalen von Orangen gewonnen und enth\u00e4lt fabelhafte Phytosterine. Es bildet einen nat\u00fcrlichen Emulgator, der die Stabilit\u00e4t der Creme erh\u00f6ht und die Zutaten miteinander verbindet.<\/p>\n<p><strong>Eibischwurzel <\/strong><em>(Althaea officinalis) &#8211; <\/em>Die klebrigen Inhaltsstoffe dieser Wurzel geben uns einen unerwarteten Weichmacher, der erweichend und ausgleichend ist. Marshmallow wird verwendet, um trockene, raue Haut zu befeuchten, R\u00f6tungen zu reduzieren und \u00fcberm\u00e4\u00dfig trockene oder \u00fcberm\u00e4\u00dfig fettige Haut ins Gleichgewicht zu bringen.<\/p>\n<p><strong>Schl\u00fcpfrige Ulme<\/strong><em> (Ulmus rubra) &#8211; <\/em>Schl\u00fcpfrige Ulme ist eine schleimige Rinde mit gl\u00e4ttenden, beruhigenden Eigenschaften, die die Haut weich machen. Sie versorgt die Haut mit Feuchtigkeit und mildert Trockenheit und R\u00f6tungen.<\/p>\n<p><strong>Kamille <\/strong><em>(Anthemis nobilis) &#8211;<\/em> Die beruhigende Kamille wird aus den zarten, kleinen Bl\u00fctenbl\u00e4ttern der aromatischen Kamille gewonnen. Es entspannt das Gewebe, reduziert R\u00f6tungen und mildert Schwellungen.<\/p>\n<p><strong>Vogelmiere<\/strong><em> (Stellaria media) &#8211;<\/em> Diese verspielte Pflanze ist vollgepackt mit Eigenschaften, die sich perfekt f\u00fcr die Hautpflege eignen. Vogelmiere ist beruhigend und perfekt f\u00fcr empfindliche Haut geeignet.<\/p>\n<p><strong>Hagebutten <\/strong><em>(Rosa canina) &#8211;<\/em> Die Hagebutten der Rose verj\u00fcngen die Haut vom Kopf bis zu den Zehen! Hagebutten enthalten einen hohen Gehalt an Vitaminen und essenziellen Fetts\u00e4uren sowie Vitamin C und Lycopin. Dieser Wirkstoff hat eine Affinit\u00e4t zur Haut und unterst\u00fctzt die Elastizit\u00e4t, um das Erscheinungsbild von Narben, Trockenheit und Falten zu verbessern.<\/p>\n<p><strong>\u00c4therisches Lavendel\u00f6l<\/strong> <em>(Lavandula angustifolia) &#8211; <\/em>Lovely Lavender ist ein sanftes und doch kraftvolles Hauttonikum, das erholsam und beruhigend wirkt. Es lindert R\u00f6tungen und k\u00fchlt erhitzte Haut. Lavendel kann verwendet werden, um das Erscheinungsbild von Narben zu verbessern, den Hautton auszugleichen, Akne zu lindern und den Talgspiegel der Haut auszugleichen.<\/p>\n<p><strong>\u00c4therisches Vetiver\u00f6l<\/strong><em> (Vetiveria zizanioides) &#8211;<\/em> Das reichhaltige, erdige Vetiver\u00f6l wirkt erdend und beruhigend auf die Haut und salbt die Wurzeln jeder Hautschicht, so wie der Regen das Gras salbt. Der Schwung von Vetiver bewahrt die Feuchtigkeit der Haut und macht sie angenehm prall, beruhigt das m\u00fcde Gewebe und gleicht die Talgproduktion aus.<\/p>\n<p><strong>\u00c4therisches Grapefruit\u00f6l<\/strong><em> (Citrus paradisi) &#8211; <\/em>Tonisierend, straffend Grapefruit erfrischt die Haut, strafft schlaffes Gewebe und gl\u00e4ttet die Hautstruktur.<\/p>\n<p><strong>\u00c4therisches Palmarosa-\u00d6l <\/strong><em>(Cymbopogon martini) &#8211; <\/em>Angenehmes Palmarosa wird aus einem tropischen, duftenden Gras destilliert. Das Ergebnis ist ein aromatisches \u00d6l, das wie eine zitronig-geranienartige Rose duftet und einfach herrlich f\u00fcr die Nase ist! Dieser beeindruckende Hautverj\u00fcnger ist reich an m\u00e4chtigen Monoterpenolen, erweichenden Estern, lieblichem Linalool und gro\u00dfz\u00fcgigen Geraniolen. Es ist vollgepackt mit n\u00fctzlichen pflanzlichen Verbindungen. Dieses wirksame \u00d6l strafft und verj\u00fcngt die Haut. Es wird verwendet, um eine strahlende Haut zu unterst\u00fctzen und ein Gleichgewicht zwischen Fettigkeit und Trockenheit herzustellen.<\/p>\n<p><strong>Salbei <\/strong><em>(Salvia officinalis)<\/em> &amp; <strong>Rosmarin\u00f6l<\/strong> <em>(Rosmarinus officinalis)<\/em> &#8211; Diese potenten und reinen Nektare enthalten Hunderte von pflanzlichen Bio-Wirkstoffen und Antioxidantien, die die Lebensdauer dieser Creme durch Verlangsamung des Oxidationsprozesses verl\u00e4ngern. Es ist reich an wirksamen Inhaltsstoffen, die die Haut wiederbeleben.<\/p>\n<p><img fetchpriority=\"high\" decoding=\"async\" class=\"size-medium wp-image-68103 aligncenter\" src=\"https:\/\/dutchhealthstore.com\/wp-content\/uploads\/2018\/02\/Living-Libations-Organic-Logo-800x89.png\" alt=\"Living Libations - Organic Logo\" width=\"800\" height=\"89\" srcset=\"https:\/\/dutchhealthstore.com\/wp-content\/uploads\/2018\/02\/Living-Libations-Organic-Logo-800x89.png 800w, https:\/\/dutchhealthstore.com\/wp-content\/uploads\/2018\/02\/Living-Libations-Organic-Logo-510x57.png 510w, https:\/\/dutchhealthstore.com\/wp-content\/uploads\/2018\/02\/Living-Libations-Organic-Logo-768x85.png 768w, https:\/\/dutchhealthstore.com\/wp-content\/uploads\/2018\/02\/Living-Libations-Organic-Logo.png 1400w\" sizes=\"(max-width: 800px) 100vw, 800px\" \/><\/p>\n","protected":false},"excerpt":{"rendered":"<p>Living Libations<strong> Seabuckthorn All Over Lotion<\/strong> stillt den Durst Ihrer Haut von Kopf bis Fu\u00df mit einer Lotion, die eine pflanzliche Pflege auf die ausgetrocknete Haut auftr\u00e4gt.<br \/>\nGleiten Sie \u00fcber K\u00f6rper und Gesicht mit der Anmut von Pflanzenextrakten, Kr\u00e4uteraufg\u00fcssen und unseren feuchtigkeitsspendenden \u00e4therischen \u00d6lelixieren.<br \/>\nDiese ausgleichende Mischung eignet sich perfekt als feine Feuchtigkeitscreme f\u00fcr das Gesicht und als K\u00f6rperlotion f\u00fcr den ganzen K\u00f6rper. Die leichte und angenehme Lotion zieht schnell ein und bietet der Haut ein H\u00f6chstma\u00df an Pflege.<\/p>\n","protected":false},"featured_media":93150,"comment_status":"open","ping_status":"closed","template":"","meta":[],"product_brand":[],"product_cat":[14735,5650,1227,5651,5647,5652,5653,1958,1032,1089,515,1502,1493,1210,5636,5649,1960,5101,511,2009,5648,5634],"product_tag":[9604,21395,21809,4831],"class_list":{"0":"post-105994","1":"product","2":"type-product","3":"status-publish","4":"has-post-thumbnail","6":"product_cat-hautpflege","7":"product_cat-sensitive-skin-redness-de-3","8":"product_cat-sensitive-skin-redness-de","9":"product_cat-moisturizers-de-de-2","10":"product_cat-moisturizers-de-de","11":"product_cat-moisturizers-dde","12":"product_cat-moisturizers-de-de-4","13":"product_cat-gesicht","14":"product_cat-kategorien","15":"product_cat-koerperlotion","16":"product_cat-korperpflege-de","17":"product_cat-korperpflege-living-libations","18":"product_cat-living-libations-deutschland","19":"product_cat-marken","20":"product_cat-normal-or-combination-skin-de-2","21":"product_cat-normal-or-combination-skin-de-3","22":"product_cat-ol-lotion","23":"product_cat-by-skin-type-de-4","24":"product_cat-produkte","25":"product_cat-serums-moisturizers","26":"product_cat-dry-mature-ageing-skin-de-3","27":"product_cat-dry-mature-ageing-skin-de-2","28":"product_tag-hydrating-de","29":"product_tag-korper","30":"product_tag-natural-de","31":"product_tag-skin-de","32":"pa_bestsellers-goed-de","33":"pa_brand-livinglibations-de","34":"pa_gtin-7439657275234-de-2","35":"pa_size-200-ml-de","36":"pa_size-500-ml-de","37":"pa_size-1000-ml-de","38":"pa_skincare-type-moisturizers-de","39":"pa_skintype-normal-combination-skin-de","40":"pa_skintype-sensitive-skin-redness-de","41":"pa_skintype-dry-mature-ageing-skin-de","43":"first","44":"outofstock","45":"taxable","46":"shipping-taxable","47":"purchasable","48":"product-type-variable"},"bundled_by":[],"bundle_stock_status":"outofstock","bundle_stock_quantity":null,"bundle_virtual":false,"bundle_layout":"","bundle_add_to_cart_form_location":"","bundle_editable_in_cart":false,"bundle_sold_individually_context":"","bundle_item_grouping":"","bundle_min_size":"","bundle_max_size":"","bundle_price":[],"bundled_items":[],"bundle_sell_ids":[],"atum_controlled":true,"out_stock_date":null,"out_stock_threshold":null,"inheritable":true,"stock_on_hold":1,"sold_today":0,"sales_last_days":0,"out_stock_days":0,"lost_sales":0,"update_date":"2026-04-06T01:47:21","atum_locations":[],"atum_stock_status":"outofstock","restock_status":false,"low_stock_amount":"","sales_update_date":"2026-04-06T01:47:21","calc_backorders":null,"group_of_quantity":0,"min_quantity":0,"max_quantity":"","exclude_order_quantity_value_rules":"no","exclude_category_quantity_rules":"no","combine_variations":"no","yoast_head":"<!-- This site is optimized with the Yoast SEO Premium plugin v26.5 (Yoast SEO v26.5) - https:\/\/yoast.com\/wordpress\/plugins\/seo\/ -->\n<title>Seabuckthorn All Over Lotion | Living Libations<\/title>\n<meta name=\"description\" content=\"Gleiten Sie \u00fcber K\u00f6rper und Gesicht mit der Anmut von Pflanzenextrakten, Kr\u00e4uteraufg\u00fcssen und unseren feuchtigkeitsspendenden \u00e4therischen \u00d6lelixieren.\" \/>\n<meta name=\"robots\" content=\"index, follow, max-snippet:-1, max-image-preview:large, max-video-preview:-1\" \/>\n<link rel=\"canonical\" href=\"https:\/\/dutchhealthstore.com\/de\/product\/seabuckthorn-all-over-lotion\/\" \/>\n<meta property=\"og:locale\" content=\"de_DE\" \/>\n<meta property=\"og:type\" content=\"article\" \/>\n<meta property=\"og:title\" content=\"Seabuckthorn All Over Lotion - Dutch Health Store\" \/>\n<meta property=\"og:description\" content=\"Gleiten Sie \u00fcber K\u00f6rper und Gesicht mit der Anmut von Pflanzenextrakten, Kr\u00e4uteraufg\u00fcssen und unseren feuchtigkeitsspendenden \u00e4therischen \u00d6lelixieren.\" \/>\n<meta property=\"og:url\" content=\"https:\/\/dutchhealthstore.com\/de\/product\/seabuckthorn-all-over-lotion\/\" \/>\n<meta property=\"og:site_name\" content=\"Dutch Health Store\" \/>\n<meta property=\"article:publisher\" content=\"https:\/\/www.instagram.com\/dutchhealthstore\/\" \/>\n<meta property=\"article:modified_time\" content=\"2025-04-18T14:08:01+00:00\" \/>\n<meta property=\"og:image\" content=\"https:\/\/dutchhealthstore.com\/wp-content\/uploads\/2020\/02\/Living-Libations-Seabuckthorn-All-Over-Lotion-200-1-e1598250512426.jpg\" \/>\n\t<meta property=\"og:image:width\" content=\"500\" \/>\n\t<meta property=\"og:image:height\" content=\"500\" \/>\n\t<meta property=\"og:image:type\" content=\"image\/jpeg\" \/>\n<meta name=\"twitter:card\" content=\"summary_large_image\" \/>\n<meta name=\"twitter:label1\" content=\"Verf\u00fcgbarkeit\" \/>\n\t<meta name=\"twitter:data1\" content=\"ausverkauft\" \/>\n<script type=\"application\/ld+json\" class=\"yoast-schema-graph\">{\"@context\":\"https:\/\/schema.org\",\"@graph\":[{\"@type\":\"WebPage\",\"@id\":\"https:\/\/dutchhealthstore.com\/de\/product\/seabuckthorn-all-over-lotion\/\",\"url\":\"https:\/\/dutchhealthstore.com\/de\/product\/seabuckthorn-all-over-lotion\/\",\"name\":\"Seabuckthorn All Over Lotion | Living Libations\",\"isPartOf\":{\"@id\":\"https:\/\/dutchhealthstore.com\/de\/#website\"},\"primaryImageOfPage\":{\"@id\":\"https:\/\/dutchhealthstore.com\/de\/product\/seabuckthorn-all-over-lotion\/#primaryimage\"},\"image\":{\"@id\":\"https:\/\/dutchhealthstore.com\/de\/product\/seabuckthorn-all-over-lotion\/#primaryimage\"},\"thumbnailUrl\":\"https:\/\/dutchhealthstore.com\/wp-content\/uploads\/2020\/02\/Living-Libations-Seabuckthorn-All-Over-Lotion-200-1-e1598250512426.jpg\",\"datePublished\":\"2020-02-10T10:51:21+00:00\",\"dateModified\":\"2025-04-18T14:08:01+00:00\",\"description\":\"Gleiten Sie \u00fcber K\u00f6rper und Gesicht mit der Anmut von Pflanzenextrakten, Kr\u00e4uteraufg\u00fcssen und unseren feuchtigkeitsspendenden \u00e4therischen \u00d6lelixieren.\",\"breadcrumb\":{\"@id\":\"https:\/\/dutchhealthstore.com\/de\/product\/seabuckthorn-all-over-lotion\/#breadcrumb\"},\"inLanguage\":\"de\",\"potentialAction\":[{\"@type\":\"ReadAction\",\"target\":[\"https:\/\/dutchhealthstore.com\/de\/product\/seabuckthorn-all-over-lotion\/\"]}]},{\"@type\":\"ImageObject\",\"inLanguage\":\"de\",\"@id\":\"https:\/\/dutchhealthstore.com\/de\/product\/seabuckthorn-all-over-lotion\/#primaryimage\",\"url\":\"https:\/\/dutchhealthstore.com\/wp-content\/uploads\/2020\/02\/Living-Libations-Seabuckthorn-All-Over-Lotion-200-1-e1598250512426.jpg\",\"contentUrl\":\"https:\/\/dutchhealthstore.com\/wp-content\/uploads\/2020\/02\/Living-Libations-Seabuckthorn-All-Over-Lotion-200-1-e1598250512426.jpg\",\"width\":500,\"height\":500,\"caption\":\"Living Libations - Seabuckthorn All Over Lotion 200\"},{\"@type\":\"BreadcrumbList\",\"@id\":\"https:\/\/dutchhealthstore.com\/de\/product\/seabuckthorn-all-over-lotion\/#breadcrumb\",\"itemListElement\":[{\"@type\":\"ListItem\",\"position\":1,\"name\":\"Home\",\"item\":\"https:\/\/dutchhealthstore.com\/de\/\"},{\"@type\":\"ListItem\",\"position\":2,\"name\":\"Shop\",\"item\":\"https:\/\/dutchhealthstore.com\/de\/shop-2\/\"},{\"@type\":\"ListItem\",\"position\":3,\"name\":\"Seabuckthorn All Over Lotion\"}]},{\"@type\":\"WebSite\",\"@id\":\"https:\/\/dutchhealthstore.com\/de\/#website\",\"url\":\"https:\/\/dutchhealthstore.com\/de\/\",\"name\":\"Dutch Health Store\",\"description\":\"Enhance Your Beauty with Organic &amp; Natural Skincare\",\"publisher\":{\"@id\":\"https:\/\/dutchhealthstore.com\/de\/#organization\"},\"potentialAction\":[{\"@type\":\"SearchAction\",\"target\":{\"@type\":\"EntryPoint\",\"urlTemplate\":\"https:\/\/dutchhealthstore.com\/de\/?s={search_term_string}\"},\"query-input\":{\"@type\":\"PropertyValueSpecification\",\"valueRequired\":true,\"valueName\":\"search_term_string\"}}],\"inLanguage\":\"de\"},{\"@type\":\"Organization\",\"@id\":\"https:\/\/dutchhealthstore.com\/de\/#organization\",\"name\":\"Dutch Health Store\",\"url\":\"https:\/\/dutchhealthstore.com\/de\/\",\"logo\":{\"@type\":\"ImageObject\",\"inLanguage\":\"de\",\"@id\":\"https:\/\/dutchhealthstore.com\/de\/#\/schema\/logo\/image\/\",\"url\":\"https:\/\/dutchhealthstore.com\/wp-content\/uploads\/2020\/08\/logo-dutchhealthstore-jpg-e1599484957574.jpg\",\"contentUrl\":\"https:\/\/dutchhealthstore.com\/wp-content\/uploads\/2020\/08\/logo-dutchhealthstore-jpg-e1599484957574.jpg\",\"width\":400,\"height\":62,\"caption\":\"Dutch Health Store\"},\"image\":{\"@id\":\"https:\/\/dutchhealthstore.com\/de\/#\/schema\/logo\/image\/\"},\"sameAs\":[\"https:\/\/www.instagram.com\/dutchhealthstore\/\",\"https:\/\/www.facebook.com\/dutchhealthstore\"]}]}<\/script>\n<meta property=\"product:brand\" content=\"Living Libations\" \/>\n<meta property=\"og:availability\" content=\"out of stock\" \/>\n<meta property=\"product:availability\" content=\"out of stock\" \/>\n<meta property=\"product:condition\" content=\"new\" \/>\n<!-- \/ Yoast SEO Premium plugin. -->","yoast_head_json":{"title":"Seabuckthorn All Over Lotion | Living Libations","description":"Gleiten Sie \u00fcber K\u00f6rper und Gesicht mit der Anmut von Pflanzenextrakten, Kr\u00e4uteraufg\u00fcssen und unseren feuchtigkeitsspendenden \u00e4therischen \u00d6lelixieren.","robots":{"index":"index","follow":"follow","max-snippet":"max-snippet:-1","max-image-preview":"max-image-preview:large","max-video-preview":"max-video-preview:-1"},"canonical":"https:\/\/dutchhealthstore.com\/de\/product\/seabuckthorn-all-over-lotion\/","og_locale":"de_DE","og_type":"article","og_title":"Seabuckthorn All Over Lotion - Dutch Health Store","og_description":"Gleiten Sie \u00fcber K\u00f6rper und Gesicht mit der Anmut von Pflanzenextrakten, Kr\u00e4uteraufg\u00fcssen und unseren feuchtigkeitsspendenden \u00e4therischen \u00d6lelixieren.","og_url":"https:\/\/dutchhealthstore.com\/de\/product\/seabuckthorn-all-over-lotion\/","og_site_name":"Dutch Health Store","article_publisher":"https:\/\/www.instagram.com\/dutchhealthstore\/","article_modified_time":"2025-04-18T14:08:01+00:00","og_image":[{"width":500,"height":500,"url":"https:\/\/dutchhealthstore.com\/wp-content\/uploads\/2020\/02\/Living-Libations-Seabuckthorn-All-Over-Lotion-200-1-e1598250512426.jpg","type":"image\/jpeg"}],"twitter_card":"summary_large_image","twitter_misc":{"Verf\u00fcgbarkeit":"ausverkauft"},"schema":{"@context":"https:\/\/schema.org","@graph":[{"@type":"WebPage","@id":"https:\/\/dutchhealthstore.com\/de\/product\/seabuckthorn-all-over-lotion\/","url":"https:\/\/dutchhealthstore.com\/de\/product\/seabuckthorn-all-over-lotion\/","name":"Seabuckthorn All Over Lotion | Living Libations","isPartOf":{"@id":"https:\/\/dutchhealthstore.com\/de\/#website"},"primaryImageOfPage":{"@id":"https:\/\/dutchhealthstore.com\/de\/product\/seabuckthorn-all-over-lotion\/#primaryimage"},"image":{"@id":"https:\/\/dutchhealthstore.com\/de\/product\/seabuckthorn-all-over-lotion\/#primaryimage"},"thumbnailUrl":"https:\/\/dutchhealthstore.com\/wp-content\/uploads\/2020\/02\/Living-Libations-Seabuckthorn-All-Over-Lotion-200-1-e1598250512426.jpg","datePublished":"2020-02-10T10:51:21+00:00","dateModified":"2025-04-18T14:08:01+00:00","description":"Gleiten Sie \u00fcber K\u00f6rper und Gesicht mit der Anmut von Pflanzenextrakten, Kr\u00e4uteraufg\u00fcssen und unseren feuchtigkeitsspendenden \u00e4therischen \u00d6lelixieren.","breadcrumb":{"@id":"https:\/\/dutchhealthstore.com\/de\/product\/seabuckthorn-all-over-lotion\/#breadcrumb"},"inLanguage":"de","potentialAction":[{"@type":"ReadAction","target":["https:\/\/dutchhealthstore.com\/de\/product\/seabuckthorn-all-over-lotion\/"]}]},{"@type":"ImageObject","inLanguage":"de","@id":"https:\/\/dutchhealthstore.com\/de\/product\/seabuckthorn-all-over-lotion\/#primaryimage","url":"https:\/\/dutchhealthstore.com\/wp-content\/uploads\/2020\/02\/Living-Libations-Seabuckthorn-All-Over-Lotion-200-1-e1598250512426.jpg","contentUrl":"https:\/\/dutchhealthstore.com\/wp-content\/uploads\/2020\/02\/Living-Libations-Seabuckthorn-All-Over-Lotion-200-1-e1598250512426.jpg","width":500,"height":500,"caption":"Living Libations - Seabuckthorn All Over Lotion 200"},{"@type":"BreadcrumbList","@id":"https:\/\/dutchhealthstore.com\/de\/product\/seabuckthorn-all-over-lotion\/#breadcrumb","itemListElement":[{"@type":"ListItem","position":1,"name":"Home","item":"https:\/\/dutchhealthstore.com\/de\/"},{"@type":"ListItem","position":2,"name":"Shop","item":"https:\/\/dutchhealthstore.com\/de\/shop-2\/"},{"@type":"ListItem","position":3,"name":"Seabuckthorn All Over Lotion"}]},{"@type":"WebSite","@id":"https:\/\/dutchhealthstore.com\/de\/#website","url":"https:\/\/dutchhealthstore.com\/de\/","name":"Dutch Health Store","description":"Enhance Your Beauty with Organic &amp; Natural Skincare","publisher":{"@id":"https:\/\/dutchhealthstore.com\/de\/#organization"},"potentialAction":[{"@type":"SearchAction","target":{"@type":"EntryPoint","urlTemplate":"https:\/\/dutchhealthstore.com\/de\/?s={search_term_string}"},"query-input":{"@type":"PropertyValueSpecification","valueRequired":true,"valueName":"search_term_string"}}],"inLanguage":"de"},{"@type":"Organization","@id":"https:\/\/dutchhealthstore.com\/de\/#organization","name":"Dutch Health Store","url":"https:\/\/dutchhealthstore.com\/de\/","logo":{"@type":"ImageObject","inLanguage":"de","@id":"https:\/\/dutchhealthstore.com\/de\/#\/schema\/logo\/image\/","url":"https:\/\/dutchhealthstore.com\/wp-content\/uploads\/2020\/08\/logo-dutchhealthstore-jpg-e1599484957574.jpg","contentUrl":"https:\/\/dutchhealthstore.com\/wp-content\/uploads\/2020\/08\/logo-dutchhealthstore-jpg-e1599484957574.jpg","width":400,"height":62,"caption":"Dutch Health Store"},"image":{"@id":"https:\/\/dutchhealthstore.com\/de\/#\/schema\/logo\/image\/"},"sameAs":["https:\/\/www.instagram.com\/dutchhealthstore\/","https:\/\/www.facebook.com\/dutchhealthstore"]}]},"product_brand":"Living Libations","og_availability":"out of stock","product_availability":"out of stock","product_condition":"new"},"_links":{"self":[{"href":"https:\/\/dutchhealthstore.com\/de\/wp-json\/wp\/v2\/product\/105994","targetHints":{"allow":["GET"]}}],"collection":[{"href":"https:\/\/dutchhealthstore.com\/de\/wp-json\/wp\/v2\/product"}],"about":[{"href":"https:\/\/dutchhealthstore.com\/de\/wp-json\/wp\/v2\/types\/product"}],"replies":[{"embeddable":true,"href":"https:\/\/dutchhealthstore.com\/de\/wp-json\/wp\/v2\/comments?post=105994"}],"wp:featuredmedia":[{"embeddable":true,"href":"https:\/\/dutchhealthstore.com\/de\/wp-json\/wp\/v2\/media\/93150"}],"wp:attachment":[{"href":"https:\/\/dutchhealthstore.com\/de\/wp-json\/wp\/v2\/media?parent=105994"}],"wp:term":[{"taxonomy":"product_brand","embeddable":true,"href":"https:\/\/dutchhealthstore.com\/de\/wp-json\/wp\/v2\/product_brand?post=105994"},{"taxonomy":"product_cat","embeddable":true,"href":"https:\/\/dutchhealthstore.com\/de\/wp-json\/wp\/v2\/product_cat?post=105994"},{"taxonomy":"product_tag","embeddable":true,"href":"https:\/\/dutchhealthstore.com\/de\/wp-json\/wp\/v2\/product_tag?post=105994"}],"curies":[{"name":"wp","href":"https:\/\/api.w.org\/{rel}","templated":true}]}}