{"id":105643,"date":"2020-01-14T04:07:03","date_gmt":"2020-01-14T04:07:03","guid":{"rendered":"https:\/\/dutchhealthstore.com\/product\/bedew-dab-ozonated-beauty-balm\/"},"modified":"2026-02-20T21:02:29","modified_gmt":"2026-02-20T20:02:29","slug":"bedew-dab-ozonated-beauty-balm","status":"publish","type":"product","link":"https:\/\/dutchhealthstore.com\/de\/product\/bedew-dab-ozonated-beauty-balm\/","title":{"rendered":"BeDew Dab Ozonated Beauty Balm"},"content":{"rendered":"<p><img decoding=\"async\" class=\"alignright wp-image-56011\" src=\"https:\/\/dutchhealthstore.com\/wp-content\/uploads\/2019\/04\/logo.png\" alt=\"Living libations logo\" width=\"200\" height=\"59\">BeDew Dab Ozonated Beauty Balm verbindet azurblaue Pflanzen\u00f6le mit k\u00fchlenden Pflanzenessenzen und frischem Ozon zu einem supergek\u00fchlten Sch\u00f6nheitsbalsam.<\/p>\n<p>Tranquil Blue Tansy, ein nat\u00fcrliches kobaltfarbenes \u00d6l, und die k\u00fchlende Pfefferminze beruhigen die intensive Haut und mildern R\u00f6tungen und Rauheit. Dieser samtige, goldene Balsam verwandelt sich bei Raumtemperatur in ein seidig-weiches Gel. R\u00fcckfettendes Jojoba und sch\u00fctzendes Lorbeerwachs verschmelzen zu einem seidigen, beruhigenden Balsam, der mit reichlich heiligem Weihrauch, beruhigendem Sandelholz und st\u00e4rkender Zypresse angereichert ist. Ozon versorgt die Haut mit der Lebenskraft des Sauerstoffs und sorgt f\u00fcr einen strahlenden, taufrischen Glanz.<\/p>\n<p>Bewahren Sie einen k\u00fchlen Kopf, indem Sie bei Bedarf oder bei der morgendlichen und abendlichen Reinigung der Haut einen Tupfer des beruhigenden Taus auf eine beliebige Stelle auftragen.<\/p>\n<h3>Das Aroma von Ozon verstehen<\/h3>\n<p>Wenn Sie ozonisiertes \u00d6l noch nicht kennen, kann der Geruch \u00fcberraschend sein, denn er erinnert an den Geruch aufgeladener Luft w\u00e4hrend eines Gewitters. Die meisten Menschen lieben das frische, aufgeladene Aroma, w\u00e4hrend andere es beim ersten Schnuppern als stark und ungew\u00f6hnlich empfinden. Diese Leute finden es angenehmer, nachdem sie einige Tage lang Ozon verwendet haben. Jede Rezeptur wird durch den k\u00f6stlichen Tanz der eingearbeiteten aromatischen \u00e4therischen \u00d6le bereichert, um den Geruchssinn und das Hautgef\u00fchl weiter zu aktivieren.<\/p>\n<h3>Instruktion<\/h3>\n<p>Geben Sie einen einzigen, kr\u00e4ftigen Tropfen direkt auf die betroffene Stelle. Funktioniert gut unter dem Augen-Make-up, auf den Augenbrauen und auch als Lipgloss!<\/p>\n<p><strong>Gr\u00f6\u00dfe: 6 ml<\/strong><\/p>\n<h3 class=\"yikes-custom-woo-tab-title yikes-custom-woo-tab-title-natural-organic-ingredients\">Nat\u00fcrliche\/Organische Inhaltsstoffe<\/h3>\n<p><strong>Ozonisiertes Jojoba<\/strong> <em>(Simmondsia chinensis O3)<\/em> &#8211; Jojoba wird mit opulentem Ozon angereichert, um die Haut zu st\u00e4rken! Wenn Ozon zu gesundem Jojoba hinzugef\u00fcgt wird, entsteht eine ganz neue F\u00fclle. Aktivierter Sauerstoff, Ozon, wird durch Aufladung von reinem Sauerstoff (zwei Sauerstoffatome &#8211; O2) zu reinem Ozon (mit drei Sauerstoffatomen &#8211; O3) hergestellt. Dieser frisch aktivierte Sauerstoff wird dann langsam in Jojoba eingeleitet. Sprudelndes Ozon in Jojoba st\u00e4rkt das \u00d6l zus\u00e4tzlich mit einem Hauch frischer Luft, der die Lebenskraft direkt in die Haut bringt. Jojoba ist die Antwort der W\u00fcste auf Trockenheit. Inmitten von Sandst\u00fcrmen und Kakteen entpuppt sich Jojoba als eine \u00fcberschw\u00e4ngliche, erweichende Oase. Wenn dieser kr\u00e4ftige Strauch unter der W\u00fcstensonne backt, keimen in den Jojobasamen Perlen aus fl\u00fcssigem Gold. Aus diesen Samen wird ein goldenes \u00d6l gewonnen, das durch Kaltpressung extrahiert wird und ein Lipid liefert, das dem nat\u00fcrlichen Talg unserer Haut sehr \u00e4hnlich ist. Sie sinkt m\u00fchelos in die Haut ein und \u00fcbertr\u00e4gt Phyton\u00e4hrstoffe, die die Haut dabei unterst\u00fctzen, Feuchtigkeit zu bewahren und die Elastizit\u00e4t wiederherzustellen. Jojoba, das mit seinem Reichtum an N\u00e4hrstoffen und Vitamin E-Tocopherolen eine hervorragende Wirkung auf die Haut hat, schmiert wie \u00d6l, ist aber eigentlich ein fl\u00fcssiges Pflanzenwachs, das perfekt geeignet ist, um fettige Haut auszugleichen, da es den Talg reguliert und die Poren reinigt. Jojoba ist elastisch, reichhaltig und seidig und spendet lang anhaltende Feuchtigkeit.<\/p>\n<p><strong>Lorbeerwachs<\/strong> <em>(Myrica pubescens)<\/em> &#8211; Das sch\u00f6ne Lorbeerwachs wirkt poetisch auf Ihren Wangen und bildet eine atmungsaktive, liebevolle Schicht auf Ihrer Haut. Dieses feine Fruchtwachs ist ein Segen aus der Beere eines immergr\u00fcnen Strauches, der in den H\u00f6henlagen der Anden w\u00e4chst.<\/p>\n<p><strong>Weihrauch<\/strong> <em>(Boswellia sacra)<\/em> &#8211; Weihrauch ist von Natur aus wunderbar balsamisch, was ihm die unvergleichliche Kraft verleiht, das Erscheinungsbild von Narben, feinen Linien und Schwellungen zu mildern. Dieses \u00d6l ist ein hervorragendes St\u00e4rkungsmittel, das seit Tausenden von Jahren zur Pflege und Erhaltung der Haut verwendet wird.<\/p>\n<p><strong>Blauer Rainfarn<\/strong> <em>(Tanacetum annuum)<\/em> &#8211; Der sch\u00f6ne Blaue Rainfarn ist ein Superheld, der die Haut und den Geist beruhigt. Dieses tintenblaue \u00d6l, das reich an der pflanzlichen Verbindung Azulen ist, ist ein Traum, um das Erscheinungsbild von Narben, Trockenheit, R\u00f6tungen und Flecken zu lindern.<\/p>\n<p><strong>Sandelholz<\/strong> <em>(Santalum album)<\/em> &#8211; Beruhigendes Sandelholz, das seit Tausenden von Jahren heilig ist, beschleunigt die Hautgl\u00e4ttung und reduziert das Erscheinungsbild von Narben. Sie versorgt die Haut mit viel Feuchtigkeit und reinigt sie.<\/p>\n<p><strong>Pfefferminze<\/strong> <em>(Mentha piperita<\/em> ) &#8211; Die k\u00fchlende Wirkung der Pfefferminze, die mit ihrer minzigen Frische und ihren kraftvollen pflanzlichen Eigenschaften besticht, ist der Schl\u00fcssel zur Beruhigung. Pfefferminze f\u00fchlt sich k\u00fchlend und angenehm wie Eis an und ist daher eines jener \u00e4therischen \u00d6le, die in jede Reiseapotheke geh\u00f6ren. Die pflanzliche Kraft der Pfefferminze und ihre tonisierenden Eigenschaften beleben fahle Haut und bringen fettige Haut ins Gleichgewicht.<\/p>\n<p><strong>Zypresse<\/strong><em> (Cupressus sempervirens)<\/em> &#8211; St\u00e4rkend Zypressen\u00f6l ist ein beruhigendes und st\u00e4rkendes Tonikum. Zypresse ist hervorragend zur Reinigung der Poren geeignet. Destilliert aus den m\u00e4chtigen Nadeln des majest\u00e4tischen immergr\u00fcnen Baumes, der sich stolz in den Himmel reckt, w\u00e4hrend er \u00fcber die Jahrhunderte seines Bestehens wacht. Diese klare Essenz reinigt die Poren, gleicht \u00fcbersch\u00fcssiges Hautfett aus, hebt die Stimmung und sorgt f\u00fcr eine straffe Haut.<\/p>\n<p><img fetchpriority=\"high\" decoding=\"async\" class=\"aligncenter wp-image-68099\" src=\"https:\/\/dutchhealthstore.com\/wp-content\/uploads\/2018\/02\/Logo-Living-Libations-New-2019.png\" alt=\"Logo Living Libations New 2019\" width=\"800\" height=\"88\" srcset=\"https:\/\/dutchhealthstore.com\/wp-content\/uploads\/2018\/02\/Logo-Living-Libations-New-2019.png 905w, https:\/\/dutchhealthstore.com\/wp-content\/uploads\/2018\/02\/Logo-Living-Libations-New-2019-510x56.png 510w, https:\/\/dutchhealthstore.com\/wp-content\/uploads\/2018\/02\/Logo-Living-Libations-New-2019-800x88.png 800w, https:\/\/dutchhealthstore.com\/wp-content\/uploads\/2018\/02\/Logo-Living-Libations-New-2019-768x85.png 768w\" sizes=\"(max-width: 800px) 100vw, 800px\" \/><\/p>\n","protected":false},"excerpt":{"rendered":"<p>Beruhigen Sie Ihren Teint mit dem O3-aktivierten <strong>BeDew Dab Ozonated Beauty Balm<\/strong> Living Libations, der so k\u00fchl ist wie der Morgentau. Dieser \u00e4therische, blau get\u00f6nte Balsam k\u00fchlt und verbessert das Erscheinungsbild trockener, rauer und ger\u00f6teter Haut. Ob morgens oder abends, tupfen Sie dieses taufrische Vergn\u00fcgen auf die Haut, die echte blaue, liebevolle Pflege braucht.<\/p>\n","protected":false},"featured_media":89660,"comment_status":"open","ping_status":"closed","template":"","meta":[],"product_brand":[],"product_cat":[1962,1227,1963,1958,1493,1210,1048,511,2009],"product_tag":[4831],"class_list":{"0":"post-105643","1":"product","2":"type-product","3":"status-publish","4":"has-post-thumbnail","6":"product_cat-elixir-blends","7":"product_cat-sensitive-skin-redness-de","8":"product_cat-spot-treatments-de","9":"product_cat-gesicht","10":"product_cat-living-libations-deutschland","11":"product_cat-marken","12":"product_cat-kollektion","13":"product_cat-produkte","14":"product_cat-serums-moisturizers","15":"product_tag-skin-de","16":"pa_brand-livinglibations-de","17":"pa_gtin-7439657273254-de-2","18":"pa_size-6-ml-de","19":"pa_skintype-sensitive-skin-redness-de","21":"first","22":"instock","23":"taxable","24":"shipping-taxable","25":"purchasable","26":"product-type-simple"},"bundled_by":[],"bundle_stock_status":"instock","bundle_stock_quantity":3,"bundle_virtual":false,"bundle_layout":"","bundle_add_to_cart_form_location":"","bundle_editable_in_cart":false,"bundle_sold_individually_context":"","bundle_item_grouping":"","bundle_min_size":"","bundle_max_size":"","bundle_price":[],"bundled_items":[],"bundle_sell_ids":[230768],"atum_controlled":true,"out_stock_date":null,"out_stock_threshold":null,"inheritable":false,"stock_on_hold":0,"sold_today":0,"sales_last_days":2,"out_stock_days":0,"lost_sales":0,"update_date":"2026-04-14T23:17:29","atum_locations":[],"atum_stock_status":"instock","restock_status":false,"low_stock_amount":"","sales_update_date":"2026-04-14T23:17:28","calc_backorders":null,"group_of_quantity":0,"min_quantity":0,"max_quantity":"","exclude_order_quantity_value_rules":"no","exclude_category_quantity_rules":"no","combine_variations":"no","yoast_head":"<!-- This site is optimized with the Yoast SEO Premium plugin v26.5 (Yoast SEO v26.5) - https:\/\/yoast.com\/wordpress\/plugins\/seo\/ -->\n<title>BeDew Dab Ozonated Beauty Balm - Organic &amp; Natural | Living Libations<\/title>\n<meta name=\"description\" content=\"Beruhigen Sie Ihren Teint mit dem O3-aktivierten BeDew Dab Ozonated Beauty Balm Living Libations, der so k\u00fchl ist wie der Morgentau.\" \/>\n<meta name=\"robots\" content=\"index, follow, max-snippet:-1, max-image-preview:large, max-video-preview:-1\" \/>\n<link rel=\"canonical\" href=\"https:\/\/dutchhealthstore.com\/de\/product\/bedew-dab-ozonated-beauty-balm\/\" \/>\n<meta property=\"og:locale\" content=\"de_DE\" \/>\n<meta property=\"og:type\" content=\"article\" \/>\n<meta property=\"og:title\" content=\"BeDew Dab Ozonated Beauty Balm - Dutch Health Store\" \/>\n<meta property=\"og:description\" content=\"Beruhigen Sie Ihren Teint mit dem O3-aktivierten BeDew Dab Ozonated Beauty Balm Living Libations, der so k\u00fchl ist wie der Morgentau.\" \/>\n<meta property=\"og:url\" content=\"https:\/\/dutchhealthstore.com\/de\/product\/bedew-dab-ozonated-beauty-balm\/\" \/>\n<meta property=\"og:site_name\" content=\"Dutch Health Store\" \/>\n<meta property=\"article:publisher\" content=\"https:\/\/www.instagram.com\/dutchhealthstore\/\" \/>\n<meta property=\"article:modified_time\" content=\"2026-02-20T20:02:29+00:00\" \/>\n<meta property=\"og:image\" content=\"https:\/\/dutchhealthstore.com\/wp-content\/uploads\/2020\/01\/BeDew-Dab-Ozonated-Beauty-Balm-Living-Libations.jpg\" \/>\n\t<meta property=\"og:image:width\" content=\"898\" \/>\n\t<meta property=\"og:image:height\" content=\"898\" \/>\n\t<meta property=\"og:image:type\" content=\"image\/jpeg\" \/>\n<meta name=\"twitter:card\" content=\"summary_large_image\" \/>\n<meta name=\"twitter:label1\" content=\"Preis\" \/>\n\t<meta name=\"twitter:data1\" content=\"&euro;42,00\" \/>\n\t<meta name=\"twitter:label2\" content=\"Verf\u00fcgbarkeit\" \/>\n\t<meta name=\"twitter:data2\" content=\"Auf Lager\" \/>\n<script type=\"application\/ld+json\" class=\"yoast-schema-graph\">{\"@context\":\"https:\/\/schema.org\",\"@graph\":[{\"@type\":\"WebPage\",\"@id\":\"https:\/\/dutchhealthstore.com\/de\/product\/bedew-dab-ozonated-beauty-balm\/\",\"url\":\"https:\/\/dutchhealthstore.com\/de\/product\/bedew-dab-ozonated-beauty-balm\/\",\"name\":\"BeDew Dab Ozonated Beauty Balm - Organic & Natural | Living Libations\",\"isPartOf\":{\"@id\":\"https:\/\/dutchhealthstore.com\/de\/#website\"},\"primaryImageOfPage\":{\"@id\":\"https:\/\/dutchhealthstore.com\/de\/product\/bedew-dab-ozonated-beauty-balm\/#primaryimage\"},\"image\":{\"@id\":\"https:\/\/dutchhealthstore.com\/de\/product\/bedew-dab-ozonated-beauty-balm\/#primaryimage\"},\"thumbnailUrl\":\"https:\/\/dutchhealthstore.com\/wp-content\/uploads\/2020\/01\/BeDew-Dab-Ozonated-Beauty-Balm-Living-Libations.jpg\",\"datePublished\":\"2020-01-14T04:07:03+00:00\",\"dateModified\":\"2026-02-20T20:02:29+00:00\",\"description\":\"Beruhigen Sie Ihren Teint mit dem O3-aktivierten BeDew Dab Ozonated Beauty Balm Living Libations, der so k\u00fchl ist wie der Morgentau.\",\"breadcrumb\":{\"@id\":\"https:\/\/dutchhealthstore.com\/de\/product\/bedew-dab-ozonated-beauty-balm\/#breadcrumb\"},\"inLanguage\":\"de\",\"potentialAction\":[{\"@type\":\"ReadAction\",\"target\":[\"https:\/\/dutchhealthstore.com\/de\/product\/bedew-dab-ozonated-beauty-balm\/\"]}]},{\"@type\":\"ImageObject\",\"inLanguage\":\"de\",\"@id\":\"https:\/\/dutchhealthstore.com\/de\/product\/bedew-dab-ozonated-beauty-balm\/#primaryimage\",\"url\":\"https:\/\/dutchhealthstore.com\/wp-content\/uploads\/2020\/01\/BeDew-Dab-Ozonated-Beauty-Balm-Living-Libations.jpg\",\"contentUrl\":\"https:\/\/dutchhealthstore.com\/wp-content\/uploads\/2020\/01\/BeDew-Dab-Ozonated-Beauty-Balm-Living-Libations.jpg\",\"width\":898,\"height\":898,\"caption\":\"BeDew Dab Ozonated Beauty Balm - Living Libations\"},{\"@type\":\"BreadcrumbList\",\"@id\":\"https:\/\/dutchhealthstore.com\/de\/product\/bedew-dab-ozonated-beauty-balm\/#breadcrumb\",\"itemListElement\":[{\"@type\":\"ListItem\",\"position\":1,\"name\":\"Home\",\"item\":\"https:\/\/dutchhealthstore.com\/de\/\"},{\"@type\":\"ListItem\",\"position\":2,\"name\":\"Shop\",\"item\":\"https:\/\/dutchhealthstore.com\/de\/shop-2\/\"},{\"@type\":\"ListItem\",\"position\":3,\"name\":\"BeDew Dab Ozonated Beauty Balm\"}]},{\"@type\":\"WebSite\",\"@id\":\"https:\/\/dutchhealthstore.com\/de\/#website\",\"url\":\"https:\/\/dutchhealthstore.com\/de\/\",\"name\":\"Dutch Health Store\",\"description\":\"Enhance Your Beauty with Organic &amp; Natural Skincare\",\"publisher\":{\"@id\":\"https:\/\/dutchhealthstore.com\/de\/#organization\"},\"potentialAction\":[{\"@type\":\"SearchAction\",\"target\":{\"@type\":\"EntryPoint\",\"urlTemplate\":\"https:\/\/dutchhealthstore.com\/de\/?s={search_term_string}\"},\"query-input\":{\"@type\":\"PropertyValueSpecification\",\"valueRequired\":true,\"valueName\":\"search_term_string\"}}],\"inLanguage\":\"de\"},{\"@type\":\"Organization\",\"@id\":\"https:\/\/dutchhealthstore.com\/de\/#organization\",\"name\":\"Dutch Health Store\",\"url\":\"https:\/\/dutchhealthstore.com\/de\/\",\"logo\":{\"@type\":\"ImageObject\",\"inLanguage\":\"de\",\"@id\":\"https:\/\/dutchhealthstore.com\/de\/#\/schema\/logo\/image\/\",\"url\":\"https:\/\/dutchhealthstore.com\/wp-content\/uploads\/2020\/08\/logo-dutchhealthstore-jpg-e1599484957574.jpg\",\"contentUrl\":\"https:\/\/dutchhealthstore.com\/wp-content\/uploads\/2020\/08\/logo-dutchhealthstore-jpg-e1599484957574.jpg\",\"width\":400,\"height\":62,\"caption\":\"Dutch Health Store\"},\"image\":{\"@id\":\"https:\/\/dutchhealthstore.com\/de\/#\/schema\/logo\/image\/\"},\"sameAs\":[\"https:\/\/www.instagram.com\/dutchhealthstore\/\",\"https:\/\/www.facebook.com\/dutchhealthstore\"]}]}<\/script>\n<meta property=\"product:brand\" content=\"Living Libations\" \/>\n<meta property=\"product:price:amount\" content=\"42.00\" \/>\n<meta property=\"product:price:currency\" content=\"EUR\" \/>\n<meta property=\"og:availability\" content=\"instock\" \/>\n<meta property=\"product:availability\" content=\"instock\" \/>\n<meta property=\"product:condition\" content=\"new\" \/>\n<!-- \/ Yoast SEO Premium plugin. -->","yoast_head_json":{"title":"BeDew Dab Ozonated Beauty Balm - Organic & Natural | Living Libations","description":"Beruhigen Sie Ihren Teint mit dem O3-aktivierten BeDew Dab Ozonated Beauty Balm Living Libations, der so k\u00fchl ist wie der Morgentau.","robots":{"index":"index","follow":"follow","max-snippet":"max-snippet:-1","max-image-preview":"max-image-preview:large","max-video-preview":"max-video-preview:-1"},"canonical":"https:\/\/dutchhealthstore.com\/de\/product\/bedew-dab-ozonated-beauty-balm\/","og_locale":"de_DE","og_type":"article","og_title":"BeDew Dab Ozonated Beauty Balm - Dutch Health Store","og_description":"Beruhigen Sie Ihren Teint mit dem O3-aktivierten BeDew Dab Ozonated Beauty Balm Living Libations, der so k\u00fchl ist wie der Morgentau.","og_url":"https:\/\/dutchhealthstore.com\/de\/product\/bedew-dab-ozonated-beauty-balm\/","og_site_name":"Dutch Health Store","article_publisher":"https:\/\/www.instagram.com\/dutchhealthstore\/","article_modified_time":"2026-02-20T20:02:29+00:00","og_image":[{"width":898,"height":898,"url":"https:\/\/dutchhealthstore.com\/wp-content\/uploads\/2020\/01\/BeDew-Dab-Ozonated-Beauty-Balm-Living-Libations.jpg","type":"image\/jpeg"}],"twitter_card":"summary_large_image","twitter_misc":{"Preis":"&euro;42,00","Verf\u00fcgbarkeit":"Auf Lager"},"schema":{"@context":"https:\/\/schema.org","@graph":[{"@type":"WebPage","@id":"https:\/\/dutchhealthstore.com\/de\/product\/bedew-dab-ozonated-beauty-balm\/","url":"https:\/\/dutchhealthstore.com\/de\/product\/bedew-dab-ozonated-beauty-balm\/","name":"BeDew Dab Ozonated Beauty Balm - Organic & Natural | Living Libations","isPartOf":{"@id":"https:\/\/dutchhealthstore.com\/de\/#website"},"primaryImageOfPage":{"@id":"https:\/\/dutchhealthstore.com\/de\/product\/bedew-dab-ozonated-beauty-balm\/#primaryimage"},"image":{"@id":"https:\/\/dutchhealthstore.com\/de\/product\/bedew-dab-ozonated-beauty-balm\/#primaryimage"},"thumbnailUrl":"https:\/\/dutchhealthstore.com\/wp-content\/uploads\/2020\/01\/BeDew-Dab-Ozonated-Beauty-Balm-Living-Libations.jpg","datePublished":"2020-01-14T04:07:03+00:00","dateModified":"2026-02-20T20:02:29+00:00","description":"Beruhigen Sie Ihren Teint mit dem O3-aktivierten BeDew Dab Ozonated Beauty Balm Living Libations, der so k\u00fchl ist wie der Morgentau.","breadcrumb":{"@id":"https:\/\/dutchhealthstore.com\/de\/product\/bedew-dab-ozonated-beauty-balm\/#breadcrumb"},"inLanguage":"de","potentialAction":[{"@type":"ReadAction","target":["https:\/\/dutchhealthstore.com\/de\/product\/bedew-dab-ozonated-beauty-balm\/"]}]},{"@type":"ImageObject","inLanguage":"de","@id":"https:\/\/dutchhealthstore.com\/de\/product\/bedew-dab-ozonated-beauty-balm\/#primaryimage","url":"https:\/\/dutchhealthstore.com\/wp-content\/uploads\/2020\/01\/BeDew-Dab-Ozonated-Beauty-Balm-Living-Libations.jpg","contentUrl":"https:\/\/dutchhealthstore.com\/wp-content\/uploads\/2020\/01\/BeDew-Dab-Ozonated-Beauty-Balm-Living-Libations.jpg","width":898,"height":898,"caption":"BeDew Dab Ozonated Beauty Balm - Living Libations"},{"@type":"BreadcrumbList","@id":"https:\/\/dutchhealthstore.com\/de\/product\/bedew-dab-ozonated-beauty-balm\/#breadcrumb","itemListElement":[{"@type":"ListItem","position":1,"name":"Home","item":"https:\/\/dutchhealthstore.com\/de\/"},{"@type":"ListItem","position":2,"name":"Shop","item":"https:\/\/dutchhealthstore.com\/de\/shop-2\/"},{"@type":"ListItem","position":3,"name":"BeDew Dab Ozonated Beauty Balm"}]},{"@type":"WebSite","@id":"https:\/\/dutchhealthstore.com\/de\/#website","url":"https:\/\/dutchhealthstore.com\/de\/","name":"Dutch Health Store","description":"Enhance Your Beauty with Organic &amp; Natural Skincare","publisher":{"@id":"https:\/\/dutchhealthstore.com\/de\/#organization"},"potentialAction":[{"@type":"SearchAction","target":{"@type":"EntryPoint","urlTemplate":"https:\/\/dutchhealthstore.com\/de\/?s={search_term_string}"},"query-input":{"@type":"PropertyValueSpecification","valueRequired":true,"valueName":"search_term_string"}}],"inLanguage":"de"},{"@type":"Organization","@id":"https:\/\/dutchhealthstore.com\/de\/#organization","name":"Dutch Health Store","url":"https:\/\/dutchhealthstore.com\/de\/","logo":{"@type":"ImageObject","inLanguage":"de","@id":"https:\/\/dutchhealthstore.com\/de\/#\/schema\/logo\/image\/","url":"https:\/\/dutchhealthstore.com\/wp-content\/uploads\/2020\/08\/logo-dutchhealthstore-jpg-e1599484957574.jpg","contentUrl":"https:\/\/dutchhealthstore.com\/wp-content\/uploads\/2020\/08\/logo-dutchhealthstore-jpg-e1599484957574.jpg","width":400,"height":62,"caption":"Dutch Health Store"},"image":{"@id":"https:\/\/dutchhealthstore.com\/de\/#\/schema\/logo\/image\/"},"sameAs":["https:\/\/www.instagram.com\/dutchhealthstore\/","https:\/\/www.facebook.com\/dutchhealthstore"]}]},"product_brand":"Living Libations","product_price_amount":"42.00","product_price_currency":"EUR","og_availability":"instock","product_availability":"instock","product_condition":"new"},"_links":{"self":[{"href":"https:\/\/dutchhealthstore.com\/de\/wp-json\/wp\/v2\/product\/105643","targetHints":{"allow":["GET"]}}],"collection":[{"href":"https:\/\/dutchhealthstore.com\/de\/wp-json\/wp\/v2\/product"}],"about":[{"href":"https:\/\/dutchhealthstore.com\/de\/wp-json\/wp\/v2\/types\/product"}],"replies":[{"embeddable":true,"href":"https:\/\/dutchhealthstore.com\/de\/wp-json\/wp\/v2\/comments?post=105643"}],"wp:featuredmedia":[{"embeddable":true,"href":"https:\/\/dutchhealthstore.com\/de\/wp-json\/wp\/v2\/media\/89660"}],"wp:attachment":[{"href":"https:\/\/dutchhealthstore.com\/de\/wp-json\/wp\/v2\/media?parent=105643"}],"wp:term":[{"taxonomy":"product_brand","embeddable":true,"href":"https:\/\/dutchhealthstore.com\/de\/wp-json\/wp\/v2\/product_brand?post=105643"},{"taxonomy":"product_cat","embeddable":true,"href":"https:\/\/dutchhealthstore.com\/de\/wp-json\/wp\/v2\/product_cat?post=105643"},{"taxonomy":"product_tag","embeddable":true,"href":"https:\/\/dutchhealthstore.com\/de\/wp-json\/wp\/v2\/product_tag?post=105643"}],"curies":[{"name":"wp","href":"https:\/\/api.w.org\/{rel}","templated":true}]}}