{"id":105632,"date":"2018-02-10T19:05:22","date_gmt":"2018-02-10T19:05:22","guid":{"rendered":"https:\/\/dutchhealthstore.com\/product\/beach-beauty-lip-shimmer\/"},"modified":"2024-09-23T13:21:42","modified_gmt":"2024-09-23T11:21:42","slug":"beach-beauty-lip-shimmer","status":"publish","type":"product","link":"https:\/\/dutchhealthstore.com\/de\/product\/beach-beauty-lip-shimmer\/","title":{"rendered":"Beach Beauty Shimmer"},"content":{"rendered":"<p><img decoding=\"async\" class=\"size-full wp-image-69549 alignright\" src=\"https:\/\/dutchhealthstore.com\/wp-content\/uploads\/2019\/08\/NEW-Living-Libations-Logo.jpg\" alt=\"NEW - Living Libations - Logo\" width=\"175\" height=\"82\"><\/p>\n<p>Die Grundlage von Beach Beauty Shimmer ist unser gl\u00fcckliches Bienenwachs, das mit Liebe und Hingabe von gesunden, summenden Honigbienen hergestellt wird. Bienenwachs sch\u00fctzt die Haut, indem es eine por\u00f6se, atmungsaktive Schicht auf den Lippen bildet. Dem Bienenwachs f\u00fcgen wir Jojoba als Feuchtigkeitsspender, Karottensamen als ausgleichendes Mittel, Palmarosa zur St\u00e4rkung der Haut, Grapefruit zur Belebung und Belebung, s\u00fc\u00dfen Thymian zur Straffung, Kamille und Vetiver zur Beruhigung von R\u00f6tungen und Kaffee f\u00fcr sein Aroma und seine Wirkung hinzu. Funkelnde Glimmermineralien sind in diese balsamische Lippenfarbe eingearbeitet und verleihen Ihren Lippen den schimmernden Kuss des Sommers am Strand.<\/p>\n<h3>Use<\/h3>\n<p>Auf Lippen, Wangen und Brauen auftragen, um Farbe und Feuchtigkeit zu spenden, und mit funkelnden Glimmermineralien f\u00fcr einen schimmernden Touch sorgen. Mischen Sie ihn mit anderen Lippenschimmern, um Ihre eigenen schimmernden Farbt\u00f6ne zu kreieren.<\/p>\n<p><strong>Gr\u00f6\u00dfe: 6 ml<\/strong><\/p>\n<h3 class=\"yikes-custom-woo-tab-title yikes-custom-woo-tab-title-natural-organic-ingredients\">Nat\u00fcrliche\/Organische Inhaltsstoffe<\/h3>\n<p><strong>Jojoba <\/strong><em>(Simmondsia chinensis<\/em>) &#8211; Treten Sie aus der trockenen, rissigen Dunkelheit in das wohltuende Licht mit dem erfrischendsten Weichmacher der Natur. Reines Jojoba versorgt Ihren Schmollmund mit allen l\u00f6slichen Formen von Vitamin E. Diese nat\u00fcrlich vorkommende Verbindung ist eine verlockende Zwillingsflamme, die dem Hauttalg so \u00e4hnlich ist, dass sie mit durstigen Lippen verschmelzen muss.<\/p>\n<p><strong>Bienenwachs <\/strong><em>(Cera alba<\/em>) &#8211; Die Honigbiene freut sich \u00fcber den Schutz der Bienenk\u00f6nigin, so wie unser Happy Beeswax Ihren Schmollmund sch\u00fctzt. Dieser nat\u00fcrliche, erd\u00f6lfreie Inhaltsstoff bildet eine por\u00f6se Schicht auf den Lippen, die die Feuchtigkeit einschlie\u00dft. Lass deine Lippen atmen, w\u00e4hrend du dich der Welt zuwendest: eine Bienenk\u00f6nigin, bewacht von dem w\u00e4chsernen, wundersamen Schild der Natur.<\/p>\n<p><strong>Karottensamen <\/strong><em>(Daucus carota<\/em>) &#8211; Die fesselnde Karotte bringt die Haut ins Gleichgewicht und n\u00e4hrt intuitiv das Gewebe, das zu trocken oder zu fett geworden ist. Sonnenverbrannte und rissige Lippen werden die erdende, heilende Essenz von reinem, dampfdestilliertem Bio-Karotten\u00f6l zu sch\u00e4tzen wissen.<\/p>\n<p><strong>Palmarosa<\/strong><em>(Cymbopogon martini<\/em>) &#8211; Zitrone und Rose machen eine s\u00fc\u00dfe Liebeserkl\u00e4rung an die Nase! Das frische, zitrusartige Palmarosa-\u00d6l wird zur Regeneration der Hautzellen verwendet und wirkt zus\u00e4tzlich stressreduzierend und angstl\u00f6send. Ihr frischer, duftender Schmollmund wird bereit sein, alle Wunder der K\u00fcste zu genie\u00dfen.<\/p>\n<p><strong>Grapefruit <\/strong><em>(Citrus paradise<\/em>) &#8211; Grapefruit sorgt f\u00fcr einen fruchtig-saftigen Schmollmund, der vor Energie nur so strotzt. Dieses Zitruswunder l\u00e4sst die Lippen dank seiner aufmunternden, positiven Kr\u00e4fte strahlen und gl\u00e4nzen. Au\u00dferdem soll es den Geist fokussieren und die Haut um die Lippen kl\u00e4ren.<\/p>\n<p><strong>Kamille <\/strong><em>(Anthemis nobilis<\/em>) &#8211; Die seelisch beruhigende und bes\u00e4nftigende Kamille ist eine heitere Substanz, der man nachsagt, dass sie eine beruhigende Wirkung auf die Haut hat. Beruhigende Chamomile wird aus den zarten, zierlichen Bl\u00fctenbl\u00e4ttern der franz\u00f6sischen Kamille dampfdestilliert. Es entspannt und reduziert R\u00f6tungen und Hitze. Sie ist regenerierend, tonisierend und aufhellend.<\/p>\n<p><strong>Vetiver<\/strong> (<em>Vetiveria zizanioides<\/em>) &#8211; Lebhaftes Vetiver\u00f6l ist eine erdige, erdende Essenz, die aus tropischem Gras destilliert wird. Beruhigend und feuchtigkeitsspendend f\u00fcr die Haut, verleiht Vetiver der Haut ein angenehmes, pralles Aussehen und bietet ein reiches, wurzeliges Aroma.<\/p>\n<p><strong>Kaffee <\/strong><em>(Coffea arabica L.<\/em>) &#8211; Fesselnd das wohlwollende Mokka-Aroma der Kaffeebohne ist ein Genuss zum Einatmen, w\u00e4hrend es die Lippen mit seiner belebenden Pracht verw\u00f6hnt.<\/p>\n<p><strong>Mica<\/strong><em>(Phyllosilikat-Mineralien<\/em>) &#8211; Mica ist ein nat\u00fcrlich vorkommendes Silikat-Mineral, das unseren funkelnden Libations einen echten Sommerschimmer verleiht! Glimmer glitzert und schimmert und reflektiert auf nat\u00fcrliche Weise das Licht Ihrer strahlenden Haut. Glimmer wird aus Schichten von zerkleinerten Edelsteinen hergestellt, die reich an schillernden Farben sind. Wie ein durchsichtiger, funkelnder Diamant bringt Glimmer das Licht zum Glitzern: Sternenlicht, Mondlicht oder Tiki-Fackeln, die das Lagerfeuer erleuchten. *Glimmer wird nicht aus lebender Materie gewonnen und ist daher eine anorganische Verbindung, die nicht in den Geltungsbereich der \u00f6kologischen Zertifizierung f\u00e4llt.<\/p>\n<p><strong>S\u00fc\u00dfer Thymian<\/strong> (Thymus linalool) &#8211; Geschmeidiger s\u00fc\u00dfer Thymian ist ebenso stark wie weich! Es enth\u00e4lt alle st\u00e4rkenden und tonisierenden Eigenschaften der anderen Thymian\u00f6le, ohne dabei die Poren zu reizen, da es sie reinigt. S\u00fc\u00dfer Thymian ist reich an Linalool und ein gesch\u00e4tzter Inhaltsstoff in unseren edlen Hautpflegeseren. Es eignet sich hervorragend zur sanften Kl\u00e4rung und zur Stimulierung von Hauterscheinungen.<\/p>\n<p><img fetchpriority=\"high\" decoding=\"async\" class=\"aligncenter size-full wp-image-11209\" src=\"https:\/\/dutchhealthstore.com\/wp-content\/uploads\/2015\/12\/organic-1.jpg\" alt=\"organic\" width=\"608\" height=\"85\"><\/p>\n","protected":false},"excerpt":{"rendered":"<p>Zeigen Sie der Welt Ihre Lippen mit dieser perfekt blassen Lippenfarbe in cremigem Caf\u00e9 au Lait, einem schimmernden Farbton von funkelndem Sand mit einem Hauch von Muschelrosa. Dieser schlichte, taupefarbene Schimmer sorgt f\u00fcr einen strahlenden Strand-Look.<\/p>\n<p>Glitzernde Glimmermineralien sind in diesen<strong> Beach Beauty Shimmer<\/strong> eingearbeitet, um Ihren Lippen den schimmernden Kuss des Sommers ohne synthetische Inhaltsstoffe zu verleihen. Glimmer wird aus zerkleinerten Edelsteinen hergestellt, die Schichtsilikatminerale genannt werden. Diese kleinen funkelnden Lichter reflektieren auf nat\u00fcrliche Weise die sch\u00f6nen Strahlen des Sonnenlichts, des Mondlichts oder die Leuchtkraft des Umgebungslichts. Lassen Sie Ihre Lippen von diesem pflanzlichen Balsam verw\u00f6hnen!<\/p>\n","protected":false},"featured_media":368033,"comment_status":"open","ping_status":"closed","template":"","meta":[],"product_brand":[],"product_cat":[14735,5898,1958,1032,5980,4025,1493,1041,1210,511,6141],"product_tag":[21824,21698,21699,6250,9772,4831],"class_list":{"0":"post-105632","1":"product","2":"type-product","3":"status-publish","4":"has-post-thumbnail","6":"product_cat-hautpflege","7":"product_cat-eye-lip-care","8":"product_cat-gesicht","9":"product_cat-kategorien","10":"product_cat-lips-de-3","11":"product_cat-lippenpflege","12":"product_cat-living-libations-deutschland","13":"product_cat-make-up-de","14":"product_cat-marken","15":"product_cat-produkte","16":"product_cat-cheeks-de-2","17":"product_tag-lipgloss-de","18":"product_tag-lippenpflege","19":"product_tag-lippenpflegebalsam","20":"product_tag-make-up-de","21":"product_tag-moisturizer-de","22":"product_tag-skin-de","23":"pa_brand-livinglibations-de","24":"pa_gtin-7439657378324-de","25":"pa_make-up-productype-lips-de","26":"pa_make-up-productype-cheeks-de","27":"pa_size-6-ml-de","28":"pa_skincare-type-lips-eye-care-de","30":"first","31":"instock","32":"taxable","33":"shipping-taxable","34":"purchasable","35":"product-type-simple"},"bundled_by":[],"bundle_stock_status":"instock","bundle_stock_quantity":7,"bundle_virtual":false,"bundle_layout":"","bundle_add_to_cart_form_location":"","bundle_editable_in_cart":false,"bundle_sold_individually_context":"","bundle_item_grouping":"","bundle_min_size":"","bundle_max_size":"","bundle_price":[],"bundled_items":[],"bundle_sell_ids":[130151],"atum_controlled":true,"out_stock_date":null,"out_stock_threshold":null,"inheritable":false,"stock_on_hold":0,"sold_today":0,"sales_last_days":0,"out_stock_days":0,"lost_sales":0,"update_date":"2026-04-10T00:00:49","atum_locations":[],"atum_stock_status":"instock","restock_status":false,"low_stock_amount":"","sales_update_date":"2026-04-10T00:00:49","calc_backorders":null,"group_of_quantity":0,"min_quantity":0,"max_quantity":"","exclude_order_quantity_value_rules":"no","exclude_category_quantity_rules":"no","combine_variations":"no","yoast_head":"<!-- This site is optimized with the Yoast SEO Premium plugin v26.5 (Yoast SEO v26.5) - https:\/\/yoast.com\/wordpress\/plugins\/seo\/ -->\n<title>Beach Beauty Lip Simmer | Living Libations<\/title>\n<meta name=\"description\" content=\"Glitzernde Glimmermineralien sind in diese balsamische Lippenfarbe eingearbeitet, um Ihren Lippen den schimmernden Kuss des Sommers ohne synthetische Inhaltsstoffe zu geben.\" \/>\n<meta name=\"robots\" content=\"index, follow, max-snippet:-1, max-image-preview:large, max-video-preview:-1\" \/>\n<link rel=\"canonical\" href=\"https:\/\/dutchhealthstore.com\/de\/product\/beach-beauty-lip-shimmer\/\" \/>\n<meta property=\"og:locale\" content=\"de_DE\" \/>\n<meta property=\"og:type\" content=\"article\" \/>\n<meta property=\"og:title\" content=\"Beach Beauty Shimmer - Dutch Health Store\" \/>\n<meta property=\"og:description\" content=\"Glitzernde Glimmermineralien sind in diese balsamische Lippenfarbe eingearbeitet, um Ihren Lippen den schimmernden Kuss des Sommers ohne synthetische Inhaltsstoffe zu geben.\" \/>\n<meta property=\"og:url\" content=\"https:\/\/dutchhealthstore.com\/de\/product\/beach-beauty-lip-shimmer\/\" \/>\n<meta property=\"og:site_name\" content=\"Dutch Health Store\" \/>\n<meta property=\"article:publisher\" content=\"https:\/\/www.instagram.com\/dutchhealthstore\/\" \/>\n<meta property=\"article:modified_time\" content=\"2024-09-23T11:21:42+00:00\" \/>\n<meta property=\"og:image\" content=\"https:\/\/dutchhealthstore.com\/wp-content\/uploads\/2018\/02\/Living-Libations-beach-beauty-lip-shimmer-e1591704792285.jpg\" \/>\n\t<meta property=\"og:image:width\" content=\"500\" \/>\n\t<meta property=\"og:image:height\" content=\"500\" \/>\n\t<meta property=\"og:image:type\" content=\"image\/jpeg\" \/>\n<meta name=\"twitter:card\" content=\"summary_large_image\" \/>\n<meta name=\"twitter:label1\" content=\"Preis\" \/>\n\t<meta name=\"twitter:data1\" content=\"&euro;33,00\" \/>\n\t<meta name=\"twitter:label2\" content=\"Verf\u00fcgbarkeit\" \/>\n\t<meta name=\"twitter:data2\" content=\"Auf Lager\" \/>\n<script type=\"application\/ld+json\" class=\"yoast-schema-graph\">{\"@context\":\"https:\/\/schema.org\",\"@graph\":[{\"@type\":\"WebPage\",\"@id\":\"https:\/\/dutchhealthstore.com\/de\/product\/beach-beauty-lip-shimmer\/\",\"url\":\"https:\/\/dutchhealthstore.com\/de\/product\/beach-beauty-lip-shimmer\/\",\"name\":\"Beach Beauty Lip Simmer | Living Libations\",\"isPartOf\":{\"@id\":\"https:\/\/dutchhealthstore.com\/de\/#website\"},\"primaryImageOfPage\":{\"@id\":\"https:\/\/dutchhealthstore.com\/de\/product\/beach-beauty-lip-shimmer\/#primaryimage\"},\"image\":{\"@id\":\"https:\/\/dutchhealthstore.com\/de\/product\/beach-beauty-lip-shimmer\/#primaryimage\"},\"thumbnailUrl\":\"https:\/\/dutchhealthstore.com\/wp-content\/uploads\/2018\/02\/Beach-Beauty-Shimmer.jpg\",\"datePublished\":\"2018-02-10T19:05:22+00:00\",\"dateModified\":\"2024-09-23T11:21:42+00:00\",\"description\":\"Glitzernde Glimmermineralien sind in diese balsamische Lippenfarbe eingearbeitet, um Ihren Lippen den schimmernden Kuss des Sommers ohne synthetische Inhaltsstoffe zu geben.\",\"breadcrumb\":{\"@id\":\"https:\/\/dutchhealthstore.com\/de\/product\/beach-beauty-lip-shimmer\/#breadcrumb\"},\"inLanguage\":\"de\",\"potentialAction\":[{\"@type\":\"ReadAction\",\"target\":[\"https:\/\/dutchhealthstore.com\/de\/product\/beach-beauty-lip-shimmer\/\"]}]},{\"@type\":\"ImageObject\",\"inLanguage\":\"de\",\"@id\":\"https:\/\/dutchhealthstore.com\/de\/product\/beach-beauty-lip-shimmer\/#primaryimage\",\"url\":\"https:\/\/dutchhealthstore.com\/wp-content\/uploads\/2018\/02\/Beach-Beauty-Shimmer.jpg\",\"contentUrl\":\"https:\/\/dutchhealthstore.com\/wp-content\/uploads\/2018\/02\/Beach-Beauty-Shimmer.jpg\",\"width\":530,\"height\":530,\"caption\":\"beach-beauty-shimmer\"},{\"@type\":\"BreadcrumbList\",\"@id\":\"https:\/\/dutchhealthstore.com\/de\/product\/beach-beauty-lip-shimmer\/#breadcrumb\",\"itemListElement\":[{\"@type\":\"ListItem\",\"position\":1,\"name\":\"Home\",\"item\":\"https:\/\/dutchhealthstore.com\/de\/\"},{\"@type\":\"ListItem\",\"position\":2,\"name\":\"Shop\",\"item\":\"https:\/\/dutchhealthstore.com\/de\/shop-2\/\"},{\"@type\":\"ListItem\",\"position\":3,\"name\":\"Beach Beauty Shimmer\"}]},{\"@type\":\"WebSite\",\"@id\":\"https:\/\/dutchhealthstore.com\/de\/#website\",\"url\":\"https:\/\/dutchhealthstore.com\/de\/\",\"name\":\"Dutch Health Store\",\"description\":\"Enhance Your Beauty with Organic &amp; Natural Skincare\",\"publisher\":{\"@id\":\"https:\/\/dutchhealthstore.com\/de\/#organization\"},\"potentialAction\":[{\"@type\":\"SearchAction\",\"target\":{\"@type\":\"EntryPoint\",\"urlTemplate\":\"https:\/\/dutchhealthstore.com\/de\/?s={search_term_string}\"},\"query-input\":{\"@type\":\"PropertyValueSpecification\",\"valueRequired\":true,\"valueName\":\"search_term_string\"}}],\"inLanguage\":\"de\"},{\"@type\":\"Organization\",\"@id\":\"https:\/\/dutchhealthstore.com\/de\/#organization\",\"name\":\"Dutch Health Store\",\"url\":\"https:\/\/dutchhealthstore.com\/de\/\",\"logo\":{\"@type\":\"ImageObject\",\"inLanguage\":\"de\",\"@id\":\"https:\/\/dutchhealthstore.com\/de\/#\/schema\/logo\/image\/\",\"url\":\"https:\/\/dutchhealthstore.com\/wp-content\/uploads\/2020\/08\/logo-dutchhealthstore-jpg-e1599484957574.jpg\",\"contentUrl\":\"https:\/\/dutchhealthstore.com\/wp-content\/uploads\/2020\/08\/logo-dutchhealthstore-jpg-e1599484957574.jpg\",\"width\":400,\"height\":62,\"caption\":\"Dutch Health Store\"},\"image\":{\"@id\":\"https:\/\/dutchhealthstore.com\/de\/#\/schema\/logo\/image\/\"},\"sameAs\":[\"https:\/\/www.instagram.com\/dutchhealthstore\/\",\"https:\/\/www.facebook.com\/dutchhealthstore\"]}]}<\/script>\n<meta property=\"product:brand\" content=\"Living Libations\" \/>\n<meta property=\"product:price:amount\" content=\"33.00\" \/>\n<meta property=\"product:price:currency\" content=\"EUR\" \/>\n<meta property=\"og:availability\" content=\"instock\" \/>\n<meta property=\"product:availability\" content=\"instock\" \/>\n<meta property=\"product:condition\" content=\"new\" \/>\n<!-- \/ Yoast SEO Premium plugin. -->","yoast_head_json":{"title":"Beach Beauty Lip Simmer | Living Libations","description":"Glitzernde Glimmermineralien sind in diese balsamische Lippenfarbe eingearbeitet, um Ihren Lippen den schimmernden Kuss des Sommers ohne synthetische Inhaltsstoffe zu geben.","robots":{"index":"index","follow":"follow","max-snippet":"max-snippet:-1","max-image-preview":"max-image-preview:large","max-video-preview":"max-video-preview:-1"},"canonical":"https:\/\/dutchhealthstore.com\/de\/product\/beach-beauty-lip-shimmer\/","og_locale":"de_DE","og_type":"article","og_title":"Beach Beauty Shimmer - Dutch Health Store","og_description":"Glitzernde Glimmermineralien sind in diese balsamische Lippenfarbe eingearbeitet, um Ihren Lippen den schimmernden Kuss des Sommers ohne synthetische Inhaltsstoffe zu geben.","og_url":"https:\/\/dutchhealthstore.com\/de\/product\/beach-beauty-lip-shimmer\/","og_site_name":"Dutch Health Store","article_publisher":"https:\/\/www.instagram.com\/dutchhealthstore\/","article_modified_time":"2024-09-23T11:21:42+00:00","og_image":[{"width":500,"height":500,"url":"https:\/\/dutchhealthstore.com\/wp-content\/uploads\/2018\/02\/Living-Libations-beach-beauty-lip-shimmer-e1591704792285.jpg","type":"image\/jpeg"}],"twitter_card":"summary_large_image","twitter_misc":{"Preis":"&euro;33,00","Verf\u00fcgbarkeit":"Auf Lager"},"schema":{"@context":"https:\/\/schema.org","@graph":[{"@type":"WebPage","@id":"https:\/\/dutchhealthstore.com\/de\/product\/beach-beauty-lip-shimmer\/","url":"https:\/\/dutchhealthstore.com\/de\/product\/beach-beauty-lip-shimmer\/","name":"Beach Beauty Lip Simmer | Living Libations","isPartOf":{"@id":"https:\/\/dutchhealthstore.com\/de\/#website"},"primaryImageOfPage":{"@id":"https:\/\/dutchhealthstore.com\/de\/product\/beach-beauty-lip-shimmer\/#primaryimage"},"image":{"@id":"https:\/\/dutchhealthstore.com\/de\/product\/beach-beauty-lip-shimmer\/#primaryimage"},"thumbnailUrl":"https:\/\/dutchhealthstore.com\/wp-content\/uploads\/2018\/02\/Beach-Beauty-Shimmer.jpg","datePublished":"2018-02-10T19:05:22+00:00","dateModified":"2024-09-23T11:21:42+00:00","description":"Glitzernde Glimmermineralien sind in diese balsamische Lippenfarbe eingearbeitet, um Ihren Lippen den schimmernden Kuss des Sommers ohne synthetische Inhaltsstoffe zu geben.","breadcrumb":{"@id":"https:\/\/dutchhealthstore.com\/de\/product\/beach-beauty-lip-shimmer\/#breadcrumb"},"inLanguage":"de","potentialAction":[{"@type":"ReadAction","target":["https:\/\/dutchhealthstore.com\/de\/product\/beach-beauty-lip-shimmer\/"]}]},{"@type":"ImageObject","inLanguage":"de","@id":"https:\/\/dutchhealthstore.com\/de\/product\/beach-beauty-lip-shimmer\/#primaryimage","url":"https:\/\/dutchhealthstore.com\/wp-content\/uploads\/2018\/02\/Beach-Beauty-Shimmer.jpg","contentUrl":"https:\/\/dutchhealthstore.com\/wp-content\/uploads\/2018\/02\/Beach-Beauty-Shimmer.jpg","width":530,"height":530,"caption":"beach-beauty-shimmer"},{"@type":"BreadcrumbList","@id":"https:\/\/dutchhealthstore.com\/de\/product\/beach-beauty-lip-shimmer\/#breadcrumb","itemListElement":[{"@type":"ListItem","position":1,"name":"Home","item":"https:\/\/dutchhealthstore.com\/de\/"},{"@type":"ListItem","position":2,"name":"Shop","item":"https:\/\/dutchhealthstore.com\/de\/shop-2\/"},{"@type":"ListItem","position":3,"name":"Beach Beauty Shimmer"}]},{"@type":"WebSite","@id":"https:\/\/dutchhealthstore.com\/de\/#website","url":"https:\/\/dutchhealthstore.com\/de\/","name":"Dutch Health Store","description":"Enhance Your Beauty with Organic &amp; Natural Skincare","publisher":{"@id":"https:\/\/dutchhealthstore.com\/de\/#organization"},"potentialAction":[{"@type":"SearchAction","target":{"@type":"EntryPoint","urlTemplate":"https:\/\/dutchhealthstore.com\/de\/?s={search_term_string}"},"query-input":{"@type":"PropertyValueSpecification","valueRequired":true,"valueName":"search_term_string"}}],"inLanguage":"de"},{"@type":"Organization","@id":"https:\/\/dutchhealthstore.com\/de\/#organization","name":"Dutch Health Store","url":"https:\/\/dutchhealthstore.com\/de\/","logo":{"@type":"ImageObject","inLanguage":"de","@id":"https:\/\/dutchhealthstore.com\/de\/#\/schema\/logo\/image\/","url":"https:\/\/dutchhealthstore.com\/wp-content\/uploads\/2020\/08\/logo-dutchhealthstore-jpg-e1599484957574.jpg","contentUrl":"https:\/\/dutchhealthstore.com\/wp-content\/uploads\/2020\/08\/logo-dutchhealthstore-jpg-e1599484957574.jpg","width":400,"height":62,"caption":"Dutch Health Store"},"image":{"@id":"https:\/\/dutchhealthstore.com\/de\/#\/schema\/logo\/image\/"},"sameAs":["https:\/\/www.instagram.com\/dutchhealthstore\/","https:\/\/www.facebook.com\/dutchhealthstore"]}]},"product_brand":"Living Libations","product_price_amount":"33.00","product_price_currency":"EUR","og_availability":"instock","product_availability":"instock","product_condition":"new"},"_links":{"self":[{"href":"https:\/\/dutchhealthstore.com\/de\/wp-json\/wp\/v2\/product\/105632","targetHints":{"allow":["GET"]}}],"collection":[{"href":"https:\/\/dutchhealthstore.com\/de\/wp-json\/wp\/v2\/product"}],"about":[{"href":"https:\/\/dutchhealthstore.com\/de\/wp-json\/wp\/v2\/types\/product"}],"replies":[{"embeddable":true,"href":"https:\/\/dutchhealthstore.com\/de\/wp-json\/wp\/v2\/comments?post=105632"}],"wp:featuredmedia":[{"embeddable":true,"href":"https:\/\/dutchhealthstore.com\/de\/wp-json\/wp\/v2\/media\/368033"}],"wp:attachment":[{"href":"https:\/\/dutchhealthstore.com\/de\/wp-json\/wp\/v2\/media?parent=105632"}],"wp:term":[{"taxonomy":"product_brand","embeddable":true,"href":"https:\/\/dutchhealthstore.com\/de\/wp-json\/wp\/v2\/product_brand?post=105632"},{"taxonomy":"product_cat","embeddable":true,"href":"https:\/\/dutchhealthstore.com\/de\/wp-json\/wp\/v2\/product_cat?post=105632"},{"taxonomy":"product_tag","embeddable":true,"href":"https:\/\/dutchhealthstore.com\/de\/wp-json\/wp\/v2\/product_tag?post=105632"}],"curies":[{"name":"wp","href":"https:\/\/api.w.org\/{rel}","templated":true}]}}