{"id":105621,"date":"2020-01-30T16:54:15","date_gmt":"2020-01-30T15:54:15","guid":{"rendered":"https:\/\/dutchhealthstore.com\/product\/ballet-slipper-shimmer\/"},"modified":"2025-11-29T16:44:11","modified_gmt":"2025-11-29T15:44:11","slug":"ballet-slipper-shimmer","status":"publish","type":"product","link":"https:\/\/dutchhealthstore.com\/de\/product\/ballet-slipper-shimmer\/","title":{"rendered":"Ballet Slipper Shimmer"},"content":{"rendered":"<p><img decoding=\"async\" class=\"alignright size-full wp-image-37041\" src=\"https:\/\/dutchhealthstore.com\/wp-content\/uploads\/2018\/04\/Living_Libations-1.png\" alt=\"Organic &amp; Natural Beautyproducts - Living Libations\" width=\"175\" height=\"82\">Living Libations <strong>Ballet Slipper Shimmer <\/strong>umh\u00fcllt gl\u00e4nzende Lippen mit der feuchtigkeitsspendenden Essenz von schimmerndem Satin und dem subtilen Glitzern der rosa Pantoffeln einer Primaballerina.<\/p>\n<p>Umh\u00fcllen Sie Ihre Lippen mit schimmerndem, pastellig-sch\u00f6nem Ros\u00e9-Glanz &#8211; f\u00fcr einen perfekten Prima-Schmollmund<strong style=\"font-size: 14.4px;\">!<\/strong><br \/>\n<strong>Ballet Slipper Shimmer<\/strong> schimmert \u00fcber schimmernde Lippen und unterstreicht die Haut mit feuchtigkeitsreichem Jojoba\u00f6l, reichhaltigem Bienenwachs und einer faszinierenden Blumenmischung, die Tuberose, Jasmin, Ylang und Nelkenbl\u00fcten umspielt. Dieser seidig-glatte Lippenschimmer strotzt geradezu vor Blumenfont\u00e4nen &#8211; so k\u00f6nnen Sie sich bei jedem Auftragen in ein pastellrosa Paradies versetzen lassen!<\/p>\n<p>Die Wissenschaft hinter dem Schimmer: Der<strong> Ballet <\/strong><strong>Slipper <\/strong><strong>Lip<\/strong><strong> Shimmer<\/strong> ist mehr als nur ein Lippenbalsam und besteht aus kristallisiertem Glimmer, dem nat\u00fcrlichen Edelstein, der das Licht reflektiert. Dieser schimmernde Balsam schmiegt sich an die Haut an und reflektiert das Umgebungslicht rundherum.<\/p>\n<h3>Instruktion<\/h3>\n<p>Ziehen Sie den Mund auf und tragen Sie ihn gro\u00dfz\u00fcgig auf, um Ihren sch\u00f6nen Schmollmund zu verw\u00f6hnen. Als Highlighter auch auf Wangen- und Brauenknochen auftragen. Perfekt \u00fcber Lovers Lips und Balms.<\/p>\n<p><strong>Gr\u00f6\u00dfe: 6 ml<\/strong><\/p>\n<h3 class=\"yikes-custom-woo-tab-title yikes-custom-woo-tab-title-natural-organic-ingredients\">Nat\u00fcrliche\/Organische Inhaltsstoffe<\/h3>\n<p><strong>Jojoba\u00f6l<\/strong> <i><em>(Simmondsia Chinensis)<\/em><\/i> &#8211; Jojoba\u00f6l versorgt Lippen und Wangen mit allen l\u00f6slichen Formen von N\u00e4hrstoffen und Vitamin E. Dieser nat\u00fcrliche Feuchtigkeitsspender harmoniert mit Ihrer Haut, da er dem Talg unserer Haut von Natur aus am n\u00e4chsten kommt.<\/p>\n<p><strong>Bienenwachs<\/strong> <i><em>(Cera Alba)<\/em><\/i><i><em> &#8211; <\/em><\/i>Bienen schwirren mit einem sch\u00fctzenden, por\u00f6sen Wachs herum, das Feuchtigkeit einschlie\u00dft und Giftstoffe fernh\u00e4lt. Bienenwachs bildet eine glatte, unsichtbare Schicht auf den Lippen und sch\u00fctzt sie vor sch\u00e4dlichen Umwelteinfl\u00fcssen mit N\u00e4hrstoffen.<\/p>\n<p><strong>K\u00f6nigliches hawaiianisches Sandelholz<\/strong> (<i><em>Santalum Freycinetianum<\/em><\/i>) &#8211; Dies ist unser traumhaftestes, cremigstes Sandelholz! Diese exquisite Essenz, die im Rahmen eines nachhaltigen Aufforstungsprojekts auf Hawaii auf \u00e4u\u00dferst ethische Weise geerntet wurde, ist zum ersten Mal seit \u00fcber 200 Jahren wieder erh\u00e4ltlich. Diese Destillation ist ein vollmundiges, \u00e4therisches \u00d6l, das die Weisheit seines majest\u00e4tischen, uralten Kernholzes verstr\u00f6mt. Das salbungsvolle Aroma des Sandelholzes ist seit der Antike die am meisten verehrte Mediationssubstanz &#8211; ein Hauch dieser erhabenen Ausd\u00fcnstung des Sandelholzbaumes hebt Ihre Stimmung ins Edle.<\/p>\n<p><strong>Tuberose-Bl\u00fctenbl\u00e4tter<\/strong> <i><em>(<\/em><\/i><i><em>Polianthes Tuberosa)<\/em><\/i><i><em> &#8211; <\/em><\/i>Die verlockende Tuberose ist eine der seltensten und begehrtesten Essenzen der Welt. Ihr berauschendes, honigartig-blumiges Aroma verstr\u00f6mt einen frischen Hauch von Balsamico-Chypre. Benannt nach der r\u00f6hrenf\u00f6rmigen Form der Wurzeln der Tuberose-Pflanze, ist Tuberose Absolute in der ostindischen Legende als &#8222;Herrin der Nacht&#8220; wegen seiner starken Liebestrank-Eigenschaften bekannt. Dieses \u00d6l erzeugt einen schw\u00fclen, euphorischen Blumenduft, der in einigen der erlesensten Parf\u00fcms der Welt verwendet wird. Die Hawaiianer verwenden Tuberose nach wie vor, um duftende Blumen zu traditionellen hawaiianischen Blumenkr\u00e4nzen hinzuzuf\u00fcgen.<\/p>\n<p><strong>Jasmin<\/strong> (<i><em>Jasminum Sambac<\/em><\/i>) &#8211; Juicy Jasmine wird in Indien aus den duftenden Tiefen der nachtbl\u00fchenden Jasmin-Sambac-Bl\u00fcten gewonnen. Im Gegensatz zum Jasmin grandiflorum, der seine Bl\u00fctenbl\u00e4tter der Morgend\u00e4mmerung \u00f6ffnet, verbindet sich Jasmin Sambac mit dem Geheimnis des Mondes und der Sterne und f\u00e4ngt die duftende Essenz endloser warmer N\u00e4chte ein.<\/p>\n<p><strong>Nelke<\/strong> <i><em>(<\/em><\/i><i><em>Dianthus Caryophyllus<\/em><\/i><i><em>) <\/em><\/i><i><em>&#8211; <\/em><\/i>Honig, Gew\u00fcrze und alles Sch\u00f6ne! Faszinierende Nelke verstr\u00f6mt Noten von Honig, blumig-fruchtiger W\u00fcrze und einem Hauch von Flieder, alles verpackt in blassrosa Poesie. Die euphorische Wirkung von Carnation Absolute verwandelt einen langweiligen Tag in ein angenehmes Spiel.<\/p>\n<p><strong>Ylang Ylang<\/strong> <i><em>(<\/em><\/i><i><em>Cananga Odorata<\/em><\/i><i><em>) &#8211; <\/em><\/i>Ylang-Ylang-Bl\u00fcten \u00f6ffnen ihre Bl\u00fctenbl\u00e4tter zum funkelnden Nachthimmel und trinken das Sternenlicht wie s\u00fc\u00dfe Kokosnussmilch. Die tr\u00e4umerische Essenz von Ylang Ylang sch\u00fctzt die Lippen davor, negative Worte, Wut oder Angst auszusprechen.<\/p>\n<p><strong>Goldene Champa<\/strong> <i><em>(Magnolia Champaca) &#8211; <\/em><\/i>Die Essenz dieser pr\u00e4chtigen Blume entfesselt Girlanden von inspirierter Sch\u00f6nheit. Mit herzerw\u00e4rmenden Noten von Sandelholz und Magnolie ruft Golden Champa Gef\u00fchle freudiger Hingabe hervor.<\/p>\n<p><strong>Steinwurzel<\/strong> <i><em>(Collinsonia Canadensis L.) &#8211;<\/em><\/i> Dieses Kraut nutzt die unbesiegbaren Kr\u00e4fte der saftigen Wurzeln, die unter den Blumen der Erde wachsen. Die Steinwurzel befreit die Lippen von R\u00f6tungen und Schwellungen, beruhigt und kl\u00e4rt die Haut durch ihre tonisierende Wirkung.<\/p>\n<p><strong>Glimmer<\/strong> <i><em>(<\/em><\/i><i><em>Schichtsilikat-Mineralien)<\/em><\/i> &#8211; Funkeln Sie wie der Star, der Sie sind! Mica besteht aus zerkleinerten Edelsteinen, die das B\u00fchnenlicht, das nat\u00fcrliche Licht und die blinkenden Lampen der Paparazzi reflektieren. Zeigen Sie Ihre Zehen und l\u00e4cheln Sie in die Kameras, w\u00e4hrend kristallisierte Glimmermineralien Ihr inneres &#8211; und \u00e4u\u00dferes &#8211; Leuchten verstr\u00f6men.<\/p>\n<p><img fetchpriority=\"high\" decoding=\"async\" class=\"size-medium wp-image-68103 aligncenter\" src=\"https:\/\/dutchhealthstore.com\/wp-content\/uploads\/2018\/02\/Living-Libations-Organic-Logo-800x89.png\" alt=\"Living Libations - Organic Logo\" width=\"800\" height=\"89\" srcset=\"https:\/\/dutchhealthstore.com\/wp-content\/uploads\/2018\/02\/Living-Libations-Organic-Logo-800x89.png 800w, https:\/\/dutchhealthstore.com\/wp-content\/uploads\/2018\/02\/Living-Libations-Organic-Logo-510x57.png 510w, https:\/\/dutchhealthstore.com\/wp-content\/uploads\/2018\/02\/Living-Libations-Organic-Logo-768x85.png 768w, https:\/\/dutchhealthstore.com\/wp-content\/uploads\/2018\/02\/Living-Libations-Organic-Logo.png 1400w\" sizes=\"(max-width: 800px) 100vw, 800px\" \/><\/p>\n","protected":false},"excerpt":{"rendered":"<p>Living Libations Ballet Slipper Shimmer umh\u00fcllt gl\u00e4nzende Lippen mit der feuchtigkeitsspendenden Essenz von schimmerndem Satin und dem subtilen Glitzern der rosa Pantoffeln einer Primaballerina.<\/p>\n<p>Umh\u00fcllen Sie Ihre Lippen mit schimmerndem, pastellig-sch\u00f6nem Ros\u00e9-Glanz &#8211; f\u00fcr einen perfekten Prima-Schmollmund!<\/p>\n<p><strong>Ballet Slipper Shimmer<\/strong> schimmert \u00fcber schimmernde Lippen und unterstreicht die Haut mit feuchtigkeitsreichem Jojoba\u00f6l, reichhaltigem Bienenwachs und einer faszinierenden Blumenmischung, die Tuberose, Jasmin, Ylang und Nelkenbl\u00fcten umspielt. Dieser seidig-glatte Lippenschimmer strotzt geradezu vor Blumenfont\u00e4nen &#8211; so k\u00f6nnen Sie sich bei jedem Auftragen in ein pastellrosa Paradies versetzen lassen!<\/p>\n","protected":false},"featured_media":118970,"comment_status":"open","ping_status":"closed","template":"","meta":[],"product_brand":[],"product_cat":[1154,5898,1958,14735,1032,5980,4025,1493,1041,4027,1210,511,6141],"product_tag":[21824,21698,21699,6250,9772,4831],"class_list":{"0":"post-105621","1":"product","2":"type-product","3":"status-publish","4":"has-post-thumbnail","6":"product_cat-eyes-de-2","7":"product_cat-eye-lip-care","8":"product_cat-gesicht","9":"product_cat-hautpflege","10":"product_cat-kategorien","11":"product_cat-lips-de-3","12":"product_cat-lippenpflege","13":"product_cat-living-libations-deutschland","14":"product_cat-make-up-de","15":"product_cat-make-up-de-2","16":"product_cat-marken","17":"product_cat-produkte","18":"product_cat-cheeks-de-2","19":"product_tag-lipgloss-de","20":"product_tag-lippenpflege","21":"product_tag-lippenpflegebalsam","22":"product_tag-make-up-de","23":"product_tag-moisturizer-de","24":"product_tag-skin-de","25":"pa_brand-livinglibations-de","26":"pa_gtin-7439657274268-de-2","27":"pa_make-up-productype-eyes-de","28":"pa_make-up-productype-lips-de","29":"pa_make-up-productype-cheeks-de","30":"pa_size-6-ml-de","31":"pa_skincare-type-lips-eye-care-de","33":"first","34":"instock","35":"taxable","36":"shipping-taxable","37":"purchasable","38":"product-type-simple"},"bundled_by":[],"bundle_stock_status":"instock","bundle_stock_quantity":7,"bundle_virtual":false,"bundle_layout":"","bundle_add_to_cart_form_location":"","bundle_editable_in_cart":false,"bundle_sold_individually_context":"","bundle_item_grouping":"","bundle_min_size":"","bundle_max_size":"","bundle_price":[],"bundled_items":[],"bundle_sell_ids":[142502],"atum_controlled":true,"out_stock_date":null,"out_stock_threshold":null,"inheritable":false,"stock_on_hold":2,"sold_today":0,"sales_last_days":0,"out_stock_days":0,"lost_sales":0,"update_date":"2026-04-30T11:56:28","atum_locations":[],"atum_stock_status":"instock","restock_status":false,"low_stock_amount":"","sales_update_date":"2026-04-30T11:56:28","calc_backorders":null,"group_of_quantity":0,"min_quantity":0,"max_quantity":"","exclude_order_quantity_value_rules":"no","exclude_category_quantity_rules":"no","combine_variations":"no","yoast_head":"<!-- This site is optimized with the Yoast SEO Premium plugin v26.5 (Yoast SEO v26.5) - https:\/\/yoast.com\/wordpress\/plugins\/seo\/ -->\n<title>Ballet Slipper Schimmer | Living Libations<\/title>\n<meta name=\"description\" content=\"Living Libations Ballet Slipper Lip Shimmer umarmt gl\u00e4nzende Lippen mit der feuchtigkeitsspendenden Essenz von schimmerndem Satin und dem subtilen Glitzern der rosa Pantoffeln einer Primaballerina.\" \/>\n<meta name=\"robots\" content=\"index, follow, max-snippet:-1, max-image-preview:large, max-video-preview:-1\" \/>\n<link rel=\"canonical\" href=\"https:\/\/dutchhealthstore.com\/de\/product\/ballet-slipper-shimmer\/\" \/>\n<meta property=\"og:locale\" content=\"de_DE\" \/>\n<meta property=\"og:type\" content=\"article\" \/>\n<meta property=\"og:title\" content=\"Ballet Slipper Shimmer - Dutch Health Store\" \/>\n<meta property=\"og:description\" content=\"Living Libations Ballet Slipper Lip Shimmer umarmt gl\u00e4nzende Lippen mit der feuchtigkeitsspendenden Essenz von schimmerndem Satin und dem subtilen Glitzern der rosa Pantoffeln einer Primaballerina.\" \/>\n<meta property=\"og:url\" content=\"https:\/\/dutchhealthstore.com\/de\/product\/ballet-slipper-shimmer\/\" \/>\n<meta property=\"og:site_name\" content=\"Dutch Health Store\" \/>\n<meta property=\"article:publisher\" content=\"https:\/\/www.instagram.com\/dutchhealthstore\/\" \/>\n<meta property=\"article:modified_time\" content=\"2025-11-29T15:44:11+00:00\" \/>\n<meta property=\"og:image\" content=\"https:\/\/dutchhealthstore.com\/wp-content\/uploads\/2020\/01\/Ballet-Slipper-Shimmer-Living-Libations-e1597139201963.jpg\" \/>\n\t<meta property=\"og:image:width\" content=\"500\" \/>\n\t<meta property=\"og:image:height\" content=\"500\" \/>\n\t<meta property=\"og:image:type\" content=\"image\/jpeg\" \/>\n<meta name=\"twitter:card\" content=\"summary_large_image\" \/>\n<meta name=\"twitter:label1\" content=\"Preis\" \/>\n\t<meta name=\"twitter:data1\" content=\"&euro;33,00\" \/>\n\t<meta name=\"twitter:label2\" content=\"Verf\u00fcgbarkeit\" \/>\n\t<meta name=\"twitter:data2\" content=\"Auf Lager\" \/>\n<script type=\"application\/ld+json\" class=\"yoast-schema-graph\">{\"@context\":\"https:\/\/schema.org\",\"@graph\":[{\"@type\":\"WebPage\",\"@id\":\"https:\/\/dutchhealthstore.com\/de\/product\/ballet-slipper-shimmer\/\",\"url\":\"https:\/\/dutchhealthstore.com\/de\/product\/ballet-slipper-shimmer\/\",\"name\":\"Ballet Slipper Schimmer | Living Libations\",\"isPartOf\":{\"@id\":\"https:\/\/dutchhealthstore.com\/de\/#website\"},\"primaryImageOfPage\":{\"@id\":\"https:\/\/dutchhealthstore.com\/de\/product\/ballet-slipper-shimmer\/#primaryimage\"},\"image\":{\"@id\":\"https:\/\/dutchhealthstore.com\/de\/product\/ballet-slipper-shimmer\/#primaryimage\"},\"thumbnailUrl\":\"https:\/\/dutchhealthstore.com\/wp-content\/uploads\/2020\/01\/Ballet-Slipper-Shimmer-Living-Libations-e1597139201963.jpg\",\"datePublished\":\"2020-01-30T15:54:15+00:00\",\"dateModified\":\"2025-11-29T15:44:11+00:00\",\"description\":\"Living Libations Ballet Slipper Lip Shimmer umarmt gl\u00e4nzende Lippen mit der feuchtigkeitsspendenden Essenz von schimmerndem Satin und dem subtilen Glitzern der rosa Pantoffeln einer Primaballerina.\",\"breadcrumb\":{\"@id\":\"https:\/\/dutchhealthstore.com\/de\/product\/ballet-slipper-shimmer\/#breadcrumb\"},\"inLanguage\":\"de\",\"potentialAction\":[{\"@type\":\"ReadAction\",\"target\":[\"https:\/\/dutchhealthstore.com\/de\/product\/ballet-slipper-shimmer\/\"]}]},{\"@type\":\"ImageObject\",\"inLanguage\":\"de\",\"@id\":\"https:\/\/dutchhealthstore.com\/de\/product\/ballet-slipper-shimmer\/#primaryimage\",\"url\":\"https:\/\/dutchhealthstore.com\/wp-content\/uploads\/2020\/01\/Ballet-Slipper-Shimmer-Living-Libations-e1597139201963.jpg\",\"contentUrl\":\"https:\/\/dutchhealthstore.com\/wp-content\/uploads\/2020\/01\/Ballet-Slipper-Shimmer-Living-Libations-e1597139201963.jpg\",\"width\":500,\"height\":500,\"caption\":\"Ballet Slipper Shimmer Living Libations\"},{\"@type\":\"BreadcrumbList\",\"@id\":\"https:\/\/dutchhealthstore.com\/de\/product\/ballet-slipper-shimmer\/#breadcrumb\",\"itemListElement\":[{\"@type\":\"ListItem\",\"position\":1,\"name\":\"Home\",\"item\":\"https:\/\/dutchhealthstore.com\/de\/\"},{\"@type\":\"ListItem\",\"position\":2,\"name\":\"Shop\",\"item\":\"https:\/\/dutchhealthstore.com\/de\/shop-2\/\"},{\"@type\":\"ListItem\",\"position\":3,\"name\":\"Ballet Slipper Shimmer\"}]},{\"@type\":\"WebSite\",\"@id\":\"https:\/\/dutchhealthstore.com\/de\/#website\",\"url\":\"https:\/\/dutchhealthstore.com\/de\/\",\"name\":\"Dutch Health Store\",\"description\":\"Enhance Your Beauty with Organic &amp; Natural Skincare\",\"publisher\":{\"@id\":\"https:\/\/dutchhealthstore.com\/de\/#organization\"},\"potentialAction\":[{\"@type\":\"SearchAction\",\"target\":{\"@type\":\"EntryPoint\",\"urlTemplate\":\"https:\/\/dutchhealthstore.com\/de\/?s={search_term_string}\"},\"query-input\":{\"@type\":\"PropertyValueSpecification\",\"valueRequired\":true,\"valueName\":\"search_term_string\"}}],\"inLanguage\":\"de\"},{\"@type\":\"Organization\",\"@id\":\"https:\/\/dutchhealthstore.com\/de\/#organization\",\"name\":\"Dutch Health Store\",\"url\":\"https:\/\/dutchhealthstore.com\/de\/\",\"logo\":{\"@type\":\"ImageObject\",\"inLanguage\":\"de\",\"@id\":\"https:\/\/dutchhealthstore.com\/de\/#\/schema\/logo\/image\/\",\"url\":\"https:\/\/dutchhealthstore.com\/wp-content\/uploads\/2020\/08\/logo-dutchhealthstore-jpg-e1599484957574.jpg\",\"contentUrl\":\"https:\/\/dutchhealthstore.com\/wp-content\/uploads\/2020\/08\/logo-dutchhealthstore-jpg-e1599484957574.jpg\",\"width\":400,\"height\":62,\"caption\":\"Dutch Health Store\"},\"image\":{\"@id\":\"https:\/\/dutchhealthstore.com\/de\/#\/schema\/logo\/image\/\"},\"sameAs\":[\"https:\/\/www.instagram.com\/dutchhealthstore\/\",\"https:\/\/www.facebook.com\/dutchhealthstore\"]}]}<\/script>\n<meta property=\"product:brand\" content=\"Living Libations\" \/>\n<meta property=\"product:price:amount\" content=\"33.00\" \/>\n<meta property=\"product:price:currency\" content=\"EUR\" \/>\n<meta property=\"og:availability\" content=\"instock\" \/>\n<meta property=\"product:availability\" content=\"instock\" \/>\n<meta property=\"product:condition\" content=\"new\" \/>\n<!-- \/ Yoast SEO Premium plugin. -->","yoast_head_json":{"title":"Ballet Slipper Schimmer | Living Libations","description":"Living Libations Ballet Slipper Lip Shimmer umarmt gl\u00e4nzende Lippen mit der feuchtigkeitsspendenden Essenz von schimmerndem Satin und dem subtilen Glitzern der rosa Pantoffeln einer Primaballerina.","robots":{"index":"index","follow":"follow","max-snippet":"max-snippet:-1","max-image-preview":"max-image-preview:large","max-video-preview":"max-video-preview:-1"},"canonical":"https:\/\/dutchhealthstore.com\/de\/product\/ballet-slipper-shimmer\/","og_locale":"de_DE","og_type":"article","og_title":"Ballet Slipper Shimmer - Dutch Health Store","og_description":"Living Libations Ballet Slipper Lip Shimmer umarmt gl\u00e4nzende Lippen mit der feuchtigkeitsspendenden Essenz von schimmerndem Satin und dem subtilen Glitzern der rosa Pantoffeln einer Primaballerina.","og_url":"https:\/\/dutchhealthstore.com\/de\/product\/ballet-slipper-shimmer\/","og_site_name":"Dutch Health Store","article_publisher":"https:\/\/www.instagram.com\/dutchhealthstore\/","article_modified_time":"2025-11-29T15:44:11+00:00","og_image":[{"width":500,"height":500,"url":"https:\/\/dutchhealthstore.com\/wp-content\/uploads\/2020\/01\/Ballet-Slipper-Shimmer-Living-Libations-e1597139201963.jpg","type":"image\/jpeg"}],"twitter_card":"summary_large_image","twitter_misc":{"Preis":"&euro;33,00","Verf\u00fcgbarkeit":"Auf Lager"},"schema":{"@context":"https:\/\/schema.org","@graph":[{"@type":"WebPage","@id":"https:\/\/dutchhealthstore.com\/de\/product\/ballet-slipper-shimmer\/","url":"https:\/\/dutchhealthstore.com\/de\/product\/ballet-slipper-shimmer\/","name":"Ballet Slipper Schimmer | Living Libations","isPartOf":{"@id":"https:\/\/dutchhealthstore.com\/de\/#website"},"primaryImageOfPage":{"@id":"https:\/\/dutchhealthstore.com\/de\/product\/ballet-slipper-shimmer\/#primaryimage"},"image":{"@id":"https:\/\/dutchhealthstore.com\/de\/product\/ballet-slipper-shimmer\/#primaryimage"},"thumbnailUrl":"https:\/\/dutchhealthstore.com\/wp-content\/uploads\/2020\/01\/Ballet-Slipper-Shimmer-Living-Libations-e1597139201963.jpg","datePublished":"2020-01-30T15:54:15+00:00","dateModified":"2025-11-29T15:44:11+00:00","description":"Living Libations Ballet Slipper Lip Shimmer umarmt gl\u00e4nzende Lippen mit der feuchtigkeitsspendenden Essenz von schimmerndem Satin und dem subtilen Glitzern der rosa Pantoffeln einer Primaballerina.","breadcrumb":{"@id":"https:\/\/dutchhealthstore.com\/de\/product\/ballet-slipper-shimmer\/#breadcrumb"},"inLanguage":"de","potentialAction":[{"@type":"ReadAction","target":["https:\/\/dutchhealthstore.com\/de\/product\/ballet-slipper-shimmer\/"]}]},{"@type":"ImageObject","inLanguage":"de","@id":"https:\/\/dutchhealthstore.com\/de\/product\/ballet-slipper-shimmer\/#primaryimage","url":"https:\/\/dutchhealthstore.com\/wp-content\/uploads\/2020\/01\/Ballet-Slipper-Shimmer-Living-Libations-e1597139201963.jpg","contentUrl":"https:\/\/dutchhealthstore.com\/wp-content\/uploads\/2020\/01\/Ballet-Slipper-Shimmer-Living-Libations-e1597139201963.jpg","width":500,"height":500,"caption":"Ballet Slipper Shimmer Living Libations"},{"@type":"BreadcrumbList","@id":"https:\/\/dutchhealthstore.com\/de\/product\/ballet-slipper-shimmer\/#breadcrumb","itemListElement":[{"@type":"ListItem","position":1,"name":"Home","item":"https:\/\/dutchhealthstore.com\/de\/"},{"@type":"ListItem","position":2,"name":"Shop","item":"https:\/\/dutchhealthstore.com\/de\/shop-2\/"},{"@type":"ListItem","position":3,"name":"Ballet Slipper Shimmer"}]},{"@type":"WebSite","@id":"https:\/\/dutchhealthstore.com\/de\/#website","url":"https:\/\/dutchhealthstore.com\/de\/","name":"Dutch Health Store","description":"Enhance Your Beauty with Organic &amp; Natural Skincare","publisher":{"@id":"https:\/\/dutchhealthstore.com\/de\/#organization"},"potentialAction":[{"@type":"SearchAction","target":{"@type":"EntryPoint","urlTemplate":"https:\/\/dutchhealthstore.com\/de\/?s={search_term_string}"},"query-input":{"@type":"PropertyValueSpecification","valueRequired":true,"valueName":"search_term_string"}}],"inLanguage":"de"},{"@type":"Organization","@id":"https:\/\/dutchhealthstore.com\/de\/#organization","name":"Dutch Health Store","url":"https:\/\/dutchhealthstore.com\/de\/","logo":{"@type":"ImageObject","inLanguage":"de","@id":"https:\/\/dutchhealthstore.com\/de\/#\/schema\/logo\/image\/","url":"https:\/\/dutchhealthstore.com\/wp-content\/uploads\/2020\/08\/logo-dutchhealthstore-jpg-e1599484957574.jpg","contentUrl":"https:\/\/dutchhealthstore.com\/wp-content\/uploads\/2020\/08\/logo-dutchhealthstore-jpg-e1599484957574.jpg","width":400,"height":62,"caption":"Dutch Health Store"},"image":{"@id":"https:\/\/dutchhealthstore.com\/de\/#\/schema\/logo\/image\/"},"sameAs":["https:\/\/www.instagram.com\/dutchhealthstore\/","https:\/\/www.facebook.com\/dutchhealthstore"]}]},"product_brand":"Living Libations","product_price_amount":"33.00","product_price_currency":"EUR","og_availability":"instock","product_availability":"instock","product_condition":"new"},"_links":{"self":[{"href":"https:\/\/dutchhealthstore.com\/de\/wp-json\/wp\/v2\/product\/105621","targetHints":{"allow":["GET"]}}],"collection":[{"href":"https:\/\/dutchhealthstore.com\/de\/wp-json\/wp\/v2\/product"}],"about":[{"href":"https:\/\/dutchhealthstore.com\/de\/wp-json\/wp\/v2\/types\/product"}],"replies":[{"embeddable":true,"href":"https:\/\/dutchhealthstore.com\/de\/wp-json\/wp\/v2\/comments?post=105621"}],"wp:featuredmedia":[{"embeddable":true,"href":"https:\/\/dutchhealthstore.com\/de\/wp-json\/wp\/v2\/media\/118970"}],"wp:attachment":[{"href":"https:\/\/dutchhealthstore.com\/de\/wp-json\/wp\/v2\/media?parent=105621"}],"wp:term":[{"taxonomy":"product_brand","embeddable":true,"href":"https:\/\/dutchhealthstore.com\/de\/wp-json\/wp\/v2\/product_brand?post=105621"},{"taxonomy":"product_cat","embeddable":true,"href":"https:\/\/dutchhealthstore.com\/de\/wp-json\/wp\/v2\/product_cat?post=105621"},{"taxonomy":"product_tag","embeddable":true,"href":"https:\/\/dutchhealthstore.com\/de\/wp-json\/wp\/v2\/product_tag?post=105621"}],"curies":[{"name":"wp","href":"https:\/\/api.w.org\/{rel}","templated":true}]}}