{"id":105542,"date":"2018-02-10T10:35:15","date_gmt":"2018-02-10T10:35:15","guid":{"rendered":"https:\/\/dutchhealthstore.com\/product\/all-season-serum\/"},"modified":"2026-01-05T16:23:59","modified_gmt":"2026-01-05T15:23:59","slug":"all-season-serum","status":"publish","type":"product","link":"https:\/\/dutchhealthstore.com\/de\/product\/all-season-serum\/","title":{"rendered":"All Season Serum"},"content":{"rendered":"<p style=\"font-weight: 400;\"><img decoding=\"async\" class=\"size-full wp-image-37041 alignright\" src=\"https:\/\/dutchhealthstore.com\/wp-content\/uploads\/2018\/04\/Living_Libations-1.png\" alt=\"Organic &amp; Natural Beautyproducts - Living Libations\" width=\"175\" height=\"82\"><\/p>\n<p>Dieses gl\u00e4ttende Serum f\u00fcr alle Jahreszeiten ist ein tiefes Getr\u00e4nk aus \u00fcppigen Lipiden: Kamelie, Jojoba, Sandelholz, Myrrhe, Weihrauch, Immortelle, Ylang, Zistrose, Eisenkraut, Fragonia und Zitrone vereinen ihre Kr\u00e4fte, um die Uhr zur\u00fcckzudrehen, trockene Haut zu tr\u00e4nken, die Feuchtigkeit zu harmonisieren, die Fettproduktion auszugleichen und die Stimmung zu heben.<\/p>\n<p>Ganz gleich, ob Sie Ihr Gesicht mit z\u00e4rtlicher Pflege, aufbauender Feuchtigkeit, Schutz vor austrocknenden Stressfaktoren oder altersverhindernder Wirkung verw\u00f6hnen m\u00f6chten &#8211; unser All Season Serum ist der Schl\u00fcssel zu harmonischer Haut.<\/p>\n<h3>Instruktion<\/h3>\n<p>T\u00e4glich und abends nach dem Waschen der Haut mit einem Best Skin Ever ein paar Tropfen auftragen. Ausgleichend f\u00fcr alle Hauttypen.<\/p>\n<p><strong>Gr\u00f6\u00dfe: 15 ml<\/strong><\/p>\n<h3 class=\"yikes-custom-woo-tab-title yikes-custom-woo-tab-title-natural-organic-ingredients\">Nat\u00fcrliche\/Organische Inhaltsstoffe<\/h3>\n<p><b><strong>Kamelie <\/strong><\/b><i><em>(<\/em><\/i><i><em>Camellia oleifera)<\/em><\/i> &#8211; Das pflegende Kamelien\u00f6l zieht schnell in die durstige Haut ein, die den Elementen und den Kr\u00e4ften der Zeit ausgesetzt ist. Dieses exklusive Elixier ist vollgepackt mit Fetts\u00e4uren, darunter \u00fcber 80% \u00d6ls\u00e4ure, die in ihrer Zusammensetzung dem Oliven\u00f6l \u00e4hnelt, und Antioxidantien. Dieser nat\u00fcrliche Weichmacher soll die empfindliche Gesichtshaut vor den Elementen sch\u00fctzen, denen sie ausgesetzt ist.<\/p>\n<p><b><strong>Jojoba <\/strong><\/b><i><em>(<\/em><\/i><i><em>Simmondsia chinensis) <\/em><\/i>&#8211; Das herrliche, goldene Jojoba n\u00e4hrt und pflegt die durstige Haut. Jojoba hat die unvergleichliche F\u00e4higkeit, die Haut mit Feuchtigkeit zu versorgen, die \u00d6lproduktion auszugleichen, die Poren gr\u00fcndlich zu reinigen und eine lang anhaltende Pflegewirkung zu erzielen, die die Haut so weich wie perfekte Seide macht. Es ist vollgepackt mit Peptiden und Lipiden und enth\u00e4lt den h\u00f6chsten Gehalt an phenolischen Verbindungen, die in der Natur vorkommen, sowie Antioxidantien und alle l\u00f6slichen Formen von Vitamin E!<\/p>\n<p><b><strong>Sandelholz <\/strong><\/b><i><em>(Santalum album)<\/em><\/i> &#8211; Sukkulentes Sandelholz wird seit Tausenden von Jahren verwendet, um empfindliche Haut zu kl\u00e4ren, Infektionen zu beseitigen und durstige, dehydrierte Haut zu s\u00e4ttigen. Sandelholz ist besonders f\u00fcr die Gesichtshaut geeignet und wirkt sowohl tonisierend als auch adstringierend.<\/p>\n<p><b><strong>Myrrhe <\/strong><\/b><i><em>(Commiphora myrrha) &#8211;<\/em><\/i><b><strong> <\/strong><\/b>Myrrhe\u00f6l wird seit biblischen Zeiten als Anti-Aging-Gesichtsbehandlung verwendet, um Falten und schlaffe Haut zu behandeln. Der heilige Saft der Myrrhe wurde auch zur Behandlung von Ekzemen, trockener Haut, Entz\u00fcndungen und Schrunden verwendet.<\/p>\n<p><b><strong>Weihrauch <\/strong><\/b><i><em>(Boswellia carterii)<\/em><\/i> &#8211; Weihrauch\u00f6l wurde im alten \u00c4gypten als regenerierende Gesichtsmaske und Hauttonikum verwendet. Heute werden Narbengewebe, Hautgeschw\u00fcre, alternde Haut, trockene Haut und entz\u00fcndete Haut h\u00e4ufig mit heiligem Weihrauch behandelt, der antiseptische und adstringierende Eigenschaften besitzt. Neben seiner hautst\u00e4rkenden Wirkung kann unser hydrodestilliertes Weihrauch\u00f6l auch zur Salbung des Gesichts und der Zirbeldr\u00fcsen w\u00e4hrend der Meditation oder heiliger Zeremonien verwendet werden.<\/p>\n<p><b><strong>Strohblume <\/strong><\/b><i><em>(Helichrysum italicum) &#8211;<\/em><\/i><b><strong> <\/strong><\/b>Unser \u00e4therisches Immortelle-\u00d6l ist einer der wertvollsten und wirksamsten Inhaltsstoffe f\u00fcr die Hautpflege auf der Erde. Der Immortelle wird nachgesagt, dass sie gesunde Haut regeneriert und auff\u00fcllt, w\u00e4hrend sie die Poren reinigt und das Erscheinungsbild von Narben, Flecken, Unreinheiten und ungleichm\u00e4\u00dfigem Hautton mildert. Es hat auch atemberaubende emotionale Vorteile. Ein Hauch von Immortelle kann den Geist erheben und transzendentes Verstehen m\u00f6glich machen.<\/p>\n<p><b><strong>Ylang <\/strong><\/b><i><em>(Cananga adorata) <\/em><\/i>&#8211; Das \u00e4therische Ylang-\u00d6l ist der beste Feuchtigkeitsspender der Natur und bringt fettige und trockene Haut ins Gleichgewicht. Es kl\u00e4rt die Poren, reguliert die \u00d6lproduktion, entspannt die Gesichtsmuskeln und mildert das Erscheinungsbild von Narben. Sein fr\u00f6hlicher, blumiger Duft k\u00fcsst die Wangen und l\u00e4dt die strahlende Haut zum Spielen ein.<\/p>\n<p><b><strong>Zitronen-Eisenkraut <\/strong><\/b><i><em>(<\/em><\/i><i><em>Aloysia citrodora) &#8211; <\/em><\/i>Das Zitronenverbene ist ein zitrusfrischer Traum, der die Pflanze in Schwung bringt. Neben seinem sonnigen, aufmunternden Duft, der die Stimmung hebt, verbessert Zitronenverbene auch das Erscheinungsbild vorzeitig gealterter Haut. Sie ist besonders geeignet, um R\u00f6tungen, Schwellungen und Ungleichgewichte zu lindern.<\/p>\n<p><b><strong>Fragonia <\/strong><\/b><i><em>(<\/em><\/i><i><em>Agonis fragrans) &#8211;<\/em><\/i><b><strong> <\/strong><\/b>Fragant Fragonia bringt zarte Haut und zarte Gem\u00fcter wieder ins Gleichgewicht. Dieses krautige, nach Zitrusfr\u00fcchten duftende \u00d6l ist n\u00e4hrend und ausgleichend und f\u00f6rdert die Harmonie<\/p>\n<p><b><strong>Zistrose <\/strong><\/b><i><em>(Cistus ladanifer) <\/em><\/i>&#8211; Die Zistrose ist ein starkes nat\u00fcrliches Adstringens, das allgemein zur Regeneration von Hautzellen, zur Behandlung von Wunden und zur Beruhigung entz\u00fcndeter Haut verwendet wird. Die Zistrose verleiht unserem All Season Serum seine erhebende Ausstrahlung und bietet eine erfrischende, belebende Energie, die die Sinne erweckt.<\/p>\n<p><strong><span class=\"ll-product-ingredient-first\">Zitrone <\/span><\/strong><span class=\"ll-product-ingredient-first\">(<\/span><em><span class=\"ll-product-ingredient-second\">Citrus limon)<i> <\/i>\u2013 <\/span><\/em> <span class=\"ll-product-ingredient-second\">Herrliche Zitrone kl\u00e4rt, belebt und reinigt die Haut von Kopf bis Fu\u00df. Es eignet sich hervorragend f\u00fcr Reinigungsmittel gegen Akne und Unebenheiten. Zitrone strafft und festigt die Haut und verleiht ihr Spannkraft.<\/span><\/p>\n<p><img fetchpriority=\"high\" decoding=\"async\" class=\"size-full wp-image-31577 aligncenter\" src=\"https:\/\/dutchhealthstore.com\/wp-content\/uploads\/2018\/03\/organic_big.png\" alt=\"Organic and Natural - Living Libations\" width=\"623\" height=\"103\" srcset=\"https:\/\/dutchhealthstore.com\/wp-content\/uploads\/2018\/03\/organic_big.png 623w, https:\/\/dutchhealthstore.com\/wp-content\/uploads\/2018\/03\/organic_big-510x84.png 510w, https:\/\/dutchhealthstore.com\/wp-content\/uploads\/2018\/03\/organic_big-600x99.png 600w, https:\/\/dutchhealthstore.com\/wp-content\/uploads\/2018\/03\/organic_big-350x58.png 350w\" sizes=\"(max-width: 623px) 100vw, 623px\" \/><\/p>\n","protected":false},"excerpt":{"rendered":"<p style=\"font-weight: 400;\">Salben Sie Ihr Gesicht mit kl\u00e4render Gnade! Das Living Libations <strong>All Season Serum<\/strong> ist ein elegantes Elixier f\u00fcr die Haut zu allen Jahreszeiten. Diese ausgleichende, n\u00e4hrende Flasche voller Feuchtigkeitsmagie ist voll mit sch\u00f6nen Pflanzenstoffen, die speziell f\u00fcr ihre Hautf\u00e4higkeiten ausgew\u00e4hlt wurden. Ganz gleich, ob der Winter Ihnen trockene Wangen beschert hat oder der Sommer den Schein Ihrer Haut befeuchtet hat, dieses Serum zieht ein, um Ihre Haut zu beleben.<\/p>\n","protected":false},"featured_media":118940,"comment_status":"open","ping_status":"closed","template":"","meta":[],"product_brand":[],"product_cat":[14735,1227,5704,5703,5669,1958,1032,1493,1210,5702,5636,5101,511,5706,5707,5708,5705,4758,2009,5634,5701],"product_tag":[9772,6037,4831],"class_list":{"0":"post-105542","1":"product","2":"type-product","3":"status-publish","4":"has-post-thumbnail","6":"product_cat-hautpflege","7":"product_cat-sensitive-skin-redness-de","8":"product_cat-sensitive-skin-redness-de-4","9":"product_cat-oily-skin-clogged-pores-de-6","10":"product_cat-oily-skin-clogged-pores-de","11":"product_cat-gesicht","12":"product_cat-kategorien","13":"product_cat-living-libations-deutschland","14":"product_cat-marken","15":"product_cat-normal-or-combination-skin-de-5","16":"product_cat-normal-or-combination-skin-de-2","17":"product_cat-by-skin-type-de-4","18":"product_cat-produkte","19":"product_cat-serums-de-3","20":"product_cat-serums-de-4","21":"product_cat-serums-de-5","22":"product_cat-serums-de","23":"product_cat-serums-de-2","24":"product_cat-serums-moisturizers","25":"product_cat-dry-mature-ageing-skin-de-2","26":"product_cat-dry-mature-ageing-skin-de-5","27":"product_tag-moisturizer-de","28":"product_tag-serum-de","29":"product_tag-skin-de","30":"pa_brand-livinglibations-de","31":"pa_size-15-ml-de-2","32":"pa_skincare-type-face-oil-and-serums-de","33":"pa_skintype-normal-combination-skin-de","34":"pa_skintype-oily-skin-de","35":"pa_skintype-sensitive-skin-redness-de","36":"pa_skintype-dry-mature-ageing-skin-de","38":"first","39":"instock","40":"taxable","41":"shipping-taxable","42":"purchasable","43":"product-type-simple"},"bundled_by":[],"bundle_stock_status":"instock","bundle_stock_quantity":5,"bundle_virtual":false,"bundle_layout":"","bundle_add_to_cart_form_location":"","bundle_editable_in_cart":false,"bundle_sold_individually_context":"","bundle_item_grouping":"","bundle_min_size":"","bundle_max_size":"","bundle_price":[],"bundled_items":[],"bundle_sell_ids":[107698],"atum_controlled":true,"out_stock_date":null,"out_stock_threshold":null,"inheritable":false,"stock_on_hold":0,"sold_today":0,"sales_last_days":0,"out_stock_days":0,"lost_sales":0,"update_date":"2026-04-07T13:46:16","atum_locations":[],"atum_stock_status":"instock","restock_status":false,"low_stock_amount":"","sales_update_date":"2026-04-07T13:46:16","calc_backorders":null,"group_of_quantity":0,"min_quantity":0,"max_quantity":"","exclude_order_quantity_value_rules":"no","exclude_category_quantity_rules":"no","combine_variations":"no","yoast_head":"<!-- This site is optimized with the Yoast SEO Premium plugin v26.5 (Yoast SEO v26.5) - https:\/\/yoast.com\/wordpress\/plugins\/seo\/ -->\n<title>All Season Serum | Living Libations<\/title>\n<meta name=\"description\" content=\"Salben Sie Ihr Gesicht mit kl\u00e4render Gnade! Das Living Libations All Season Serum ist ein elegantes Elixier f\u00fcr die Haut zu allen Jahreszeiten.\" \/>\n<meta name=\"robots\" content=\"index, follow, max-snippet:-1, max-image-preview:large, max-video-preview:-1\" \/>\n<link rel=\"canonical\" href=\"https:\/\/dutchhealthstore.com\/de\/product\/all-season-serum\/\" \/>\n<meta property=\"og:locale\" content=\"de_DE\" \/>\n<meta property=\"og:type\" content=\"article\" \/>\n<meta property=\"og:title\" content=\"All Season Serum - Dutch Health Store\" \/>\n<meta property=\"og:description\" content=\"Salben Sie Ihr Gesicht mit kl\u00e4render Gnade! Das Living Libations All Season Serum ist ein elegantes Elixier f\u00fcr die Haut zu allen Jahreszeiten.\" \/>\n<meta property=\"og:url\" content=\"https:\/\/dutchhealthstore.com\/de\/product\/all-season-serum\/\" \/>\n<meta property=\"og:site_name\" content=\"Dutch Health Store\" \/>\n<meta property=\"article:publisher\" content=\"https:\/\/www.instagram.com\/dutchhealthstore\/\" \/>\n<meta property=\"article:modified_time\" content=\"2026-01-05T15:23:59+00:00\" \/>\n<meta property=\"og:image\" content=\"https:\/\/dutchhealthstore.com\/wp-content\/uploads\/2018\/02\/All-Season-Serum-Living-Libations-1-e1597136428103.jpg\" \/>\n\t<meta property=\"og:image:width\" content=\"500\" \/>\n\t<meta property=\"og:image:height\" content=\"500\" \/>\n\t<meta property=\"og:image:type\" content=\"image\/jpeg\" \/>\n<meta name=\"twitter:card\" content=\"summary_large_image\" \/>\n<meta name=\"twitter:label1\" content=\"Preis\" \/>\n\t<meta name=\"twitter:data1\" content=\"&euro;56,00\" \/>\n\t<meta name=\"twitter:label2\" content=\"Verf\u00fcgbarkeit\" \/>\n\t<meta name=\"twitter:data2\" content=\"Auf Lager\" \/>\n<script type=\"application\/ld+json\" class=\"yoast-schema-graph\">{\"@context\":\"https:\/\/schema.org\",\"@graph\":[{\"@type\":\"WebPage\",\"@id\":\"https:\/\/dutchhealthstore.com\/de\/product\/all-season-serum\/\",\"url\":\"https:\/\/dutchhealthstore.com\/de\/product\/all-season-serum\/\",\"name\":\"All Season Serum | Living Libations\",\"isPartOf\":{\"@id\":\"https:\/\/dutchhealthstore.com\/de\/#website\"},\"primaryImageOfPage\":{\"@id\":\"https:\/\/dutchhealthstore.com\/de\/product\/all-season-serum\/#primaryimage\"},\"image\":{\"@id\":\"https:\/\/dutchhealthstore.com\/de\/product\/all-season-serum\/#primaryimage\"},\"thumbnailUrl\":\"https:\/\/dutchhealthstore.com\/wp-content\/uploads\/2018\/02\/All-Season-Serum-Living-Libations-1-e1597136428103.jpg\",\"datePublished\":\"2018-02-10T10:35:15+00:00\",\"dateModified\":\"2026-01-05T15:23:59+00:00\",\"description\":\"Salben Sie Ihr Gesicht mit kl\u00e4render Gnade! Das Living Libations All Season Serum ist ein elegantes Elixier f\u00fcr die Haut zu allen Jahreszeiten.\",\"breadcrumb\":{\"@id\":\"https:\/\/dutchhealthstore.com\/de\/product\/all-season-serum\/#breadcrumb\"},\"inLanguage\":\"de\",\"potentialAction\":[{\"@type\":\"ReadAction\",\"target\":[\"https:\/\/dutchhealthstore.com\/de\/product\/all-season-serum\/\"]}]},{\"@type\":\"ImageObject\",\"inLanguage\":\"de\",\"@id\":\"https:\/\/dutchhealthstore.com\/de\/product\/all-season-serum\/#primaryimage\",\"url\":\"https:\/\/dutchhealthstore.com\/wp-content\/uploads\/2018\/02\/All-Season-Serum-Living-Libations-1-e1597136428103.jpg\",\"contentUrl\":\"https:\/\/dutchhealthstore.com\/wp-content\/uploads\/2018\/02\/All-Season-Serum-Living-Libations-1-e1597136428103.jpg\",\"width\":500,\"height\":500,\"caption\":\"All Season Serum Living Libations\"},{\"@type\":\"BreadcrumbList\",\"@id\":\"https:\/\/dutchhealthstore.com\/de\/product\/all-season-serum\/#breadcrumb\",\"itemListElement\":[{\"@type\":\"ListItem\",\"position\":1,\"name\":\"Home\",\"item\":\"https:\/\/dutchhealthstore.com\/de\/\"},{\"@type\":\"ListItem\",\"position\":2,\"name\":\"Shop\",\"item\":\"https:\/\/dutchhealthstore.com\/de\/shop-2\/\"},{\"@type\":\"ListItem\",\"position\":3,\"name\":\"All Season Serum\"}]},{\"@type\":\"WebSite\",\"@id\":\"https:\/\/dutchhealthstore.com\/de\/#website\",\"url\":\"https:\/\/dutchhealthstore.com\/de\/\",\"name\":\"Dutch Health Store\",\"description\":\"Enhance Your Beauty with Organic &amp; Natural Skincare\",\"publisher\":{\"@id\":\"https:\/\/dutchhealthstore.com\/de\/#organization\"},\"potentialAction\":[{\"@type\":\"SearchAction\",\"target\":{\"@type\":\"EntryPoint\",\"urlTemplate\":\"https:\/\/dutchhealthstore.com\/de\/?s={search_term_string}\"},\"query-input\":{\"@type\":\"PropertyValueSpecification\",\"valueRequired\":true,\"valueName\":\"search_term_string\"}}],\"inLanguage\":\"de\"},{\"@type\":\"Organization\",\"@id\":\"https:\/\/dutchhealthstore.com\/de\/#organization\",\"name\":\"Dutch Health Store\",\"url\":\"https:\/\/dutchhealthstore.com\/de\/\",\"logo\":{\"@type\":\"ImageObject\",\"inLanguage\":\"de\",\"@id\":\"https:\/\/dutchhealthstore.com\/de\/#\/schema\/logo\/image\/\",\"url\":\"https:\/\/dutchhealthstore.com\/wp-content\/uploads\/2020\/08\/logo-dutchhealthstore-jpg-e1599484957574.jpg\",\"contentUrl\":\"https:\/\/dutchhealthstore.com\/wp-content\/uploads\/2020\/08\/logo-dutchhealthstore-jpg-e1599484957574.jpg\",\"width\":400,\"height\":62,\"caption\":\"Dutch Health Store\"},\"image\":{\"@id\":\"https:\/\/dutchhealthstore.com\/de\/#\/schema\/logo\/image\/\"},\"sameAs\":[\"https:\/\/www.instagram.com\/dutchhealthstore\/\",\"https:\/\/www.facebook.com\/dutchhealthstore\"]}]}<\/script>\n<meta property=\"product:brand\" content=\"Living Libations\" \/>\n<meta property=\"product:price:amount\" content=\"56.00\" \/>\n<meta property=\"product:price:currency\" content=\"EUR\" \/>\n<meta property=\"og:availability\" content=\"instock\" \/>\n<meta property=\"product:availability\" content=\"instock\" \/>\n<meta property=\"product:condition\" content=\"new\" \/>\n<!-- \/ Yoast SEO Premium plugin. -->","yoast_head_json":{"title":"All Season Serum | Living Libations","description":"Salben Sie Ihr Gesicht mit kl\u00e4render Gnade! Das Living Libations All Season Serum ist ein elegantes Elixier f\u00fcr die Haut zu allen Jahreszeiten.","robots":{"index":"index","follow":"follow","max-snippet":"max-snippet:-1","max-image-preview":"max-image-preview:large","max-video-preview":"max-video-preview:-1"},"canonical":"https:\/\/dutchhealthstore.com\/de\/product\/all-season-serum\/","og_locale":"de_DE","og_type":"article","og_title":"All Season Serum - Dutch Health Store","og_description":"Salben Sie Ihr Gesicht mit kl\u00e4render Gnade! Das Living Libations All Season Serum ist ein elegantes Elixier f\u00fcr die Haut zu allen Jahreszeiten.","og_url":"https:\/\/dutchhealthstore.com\/de\/product\/all-season-serum\/","og_site_name":"Dutch Health Store","article_publisher":"https:\/\/www.instagram.com\/dutchhealthstore\/","article_modified_time":"2026-01-05T15:23:59+00:00","og_image":[{"width":500,"height":500,"url":"https:\/\/dutchhealthstore.com\/wp-content\/uploads\/2018\/02\/All-Season-Serum-Living-Libations-1-e1597136428103.jpg","type":"image\/jpeg"}],"twitter_card":"summary_large_image","twitter_misc":{"Preis":"&euro;56,00","Verf\u00fcgbarkeit":"Auf Lager"},"schema":{"@context":"https:\/\/schema.org","@graph":[{"@type":"WebPage","@id":"https:\/\/dutchhealthstore.com\/de\/product\/all-season-serum\/","url":"https:\/\/dutchhealthstore.com\/de\/product\/all-season-serum\/","name":"All Season Serum | Living Libations","isPartOf":{"@id":"https:\/\/dutchhealthstore.com\/de\/#website"},"primaryImageOfPage":{"@id":"https:\/\/dutchhealthstore.com\/de\/product\/all-season-serum\/#primaryimage"},"image":{"@id":"https:\/\/dutchhealthstore.com\/de\/product\/all-season-serum\/#primaryimage"},"thumbnailUrl":"https:\/\/dutchhealthstore.com\/wp-content\/uploads\/2018\/02\/All-Season-Serum-Living-Libations-1-e1597136428103.jpg","datePublished":"2018-02-10T10:35:15+00:00","dateModified":"2026-01-05T15:23:59+00:00","description":"Salben Sie Ihr Gesicht mit kl\u00e4render Gnade! Das Living Libations All Season Serum ist ein elegantes Elixier f\u00fcr die Haut zu allen Jahreszeiten.","breadcrumb":{"@id":"https:\/\/dutchhealthstore.com\/de\/product\/all-season-serum\/#breadcrumb"},"inLanguage":"de","potentialAction":[{"@type":"ReadAction","target":["https:\/\/dutchhealthstore.com\/de\/product\/all-season-serum\/"]}]},{"@type":"ImageObject","inLanguage":"de","@id":"https:\/\/dutchhealthstore.com\/de\/product\/all-season-serum\/#primaryimage","url":"https:\/\/dutchhealthstore.com\/wp-content\/uploads\/2018\/02\/All-Season-Serum-Living-Libations-1-e1597136428103.jpg","contentUrl":"https:\/\/dutchhealthstore.com\/wp-content\/uploads\/2018\/02\/All-Season-Serum-Living-Libations-1-e1597136428103.jpg","width":500,"height":500,"caption":"All Season Serum Living Libations"},{"@type":"BreadcrumbList","@id":"https:\/\/dutchhealthstore.com\/de\/product\/all-season-serum\/#breadcrumb","itemListElement":[{"@type":"ListItem","position":1,"name":"Home","item":"https:\/\/dutchhealthstore.com\/de\/"},{"@type":"ListItem","position":2,"name":"Shop","item":"https:\/\/dutchhealthstore.com\/de\/shop-2\/"},{"@type":"ListItem","position":3,"name":"All Season Serum"}]},{"@type":"WebSite","@id":"https:\/\/dutchhealthstore.com\/de\/#website","url":"https:\/\/dutchhealthstore.com\/de\/","name":"Dutch Health Store","description":"Enhance Your Beauty with Organic &amp; Natural Skincare","publisher":{"@id":"https:\/\/dutchhealthstore.com\/de\/#organization"},"potentialAction":[{"@type":"SearchAction","target":{"@type":"EntryPoint","urlTemplate":"https:\/\/dutchhealthstore.com\/de\/?s={search_term_string}"},"query-input":{"@type":"PropertyValueSpecification","valueRequired":true,"valueName":"search_term_string"}}],"inLanguage":"de"},{"@type":"Organization","@id":"https:\/\/dutchhealthstore.com\/de\/#organization","name":"Dutch Health Store","url":"https:\/\/dutchhealthstore.com\/de\/","logo":{"@type":"ImageObject","inLanguage":"de","@id":"https:\/\/dutchhealthstore.com\/de\/#\/schema\/logo\/image\/","url":"https:\/\/dutchhealthstore.com\/wp-content\/uploads\/2020\/08\/logo-dutchhealthstore-jpg-e1599484957574.jpg","contentUrl":"https:\/\/dutchhealthstore.com\/wp-content\/uploads\/2020\/08\/logo-dutchhealthstore-jpg-e1599484957574.jpg","width":400,"height":62,"caption":"Dutch Health Store"},"image":{"@id":"https:\/\/dutchhealthstore.com\/de\/#\/schema\/logo\/image\/"},"sameAs":["https:\/\/www.instagram.com\/dutchhealthstore\/","https:\/\/www.facebook.com\/dutchhealthstore"]}]},"product_brand":"Living Libations","product_price_amount":"56.00","product_price_currency":"EUR","og_availability":"instock","product_availability":"instock","product_condition":"new"},"_links":{"self":[{"href":"https:\/\/dutchhealthstore.com\/de\/wp-json\/wp\/v2\/product\/105542","targetHints":{"allow":["GET"]}}],"collection":[{"href":"https:\/\/dutchhealthstore.com\/de\/wp-json\/wp\/v2\/product"}],"about":[{"href":"https:\/\/dutchhealthstore.com\/de\/wp-json\/wp\/v2\/types\/product"}],"replies":[{"embeddable":true,"href":"https:\/\/dutchhealthstore.com\/de\/wp-json\/wp\/v2\/comments?post=105542"}],"wp:featuredmedia":[{"embeddable":true,"href":"https:\/\/dutchhealthstore.com\/de\/wp-json\/wp\/v2\/media\/118940"}],"wp:attachment":[{"href":"https:\/\/dutchhealthstore.com\/de\/wp-json\/wp\/v2\/media?parent=105542"}],"wp:term":[{"taxonomy":"product_brand","embeddable":true,"href":"https:\/\/dutchhealthstore.com\/de\/wp-json\/wp\/v2\/product_brand?post=105542"},{"taxonomy":"product_cat","embeddable":true,"href":"https:\/\/dutchhealthstore.com\/de\/wp-json\/wp\/v2\/product_cat?post=105542"},{"taxonomy":"product_tag","embeddable":true,"href":"https:\/\/dutchhealthstore.com\/de\/wp-json\/wp\/v2\/product_tag?post=105542"}],"curies":[{"name":"wp","href":"https:\/\/api.w.org\/{rel}","templated":true}]}}