{"id":104665,"date":"2018-02-10T09:44:47","date_gmt":"2018-02-10T09:44:47","guid":{"rendered":"https:\/\/dutchhealthstore.com\/product\/petal-passion-yoni-serum\/"},"modified":"2026-03-13T11:51:50","modified_gmt":"2026-03-13T10:51:50","slug":"petal-passion-yoni-serum","status":"publish","type":"product","link":"https:\/\/dutchhealthstore.com\/de\/product\/petal-passion-yoni-serum\/","title":{"rendered":"Petal Passion Yoni Serum"},"content":{"rendered":"<h3><img decoding=\"async\" class=\"size-full wp-image-69549 alignright\" src=\"https:\/\/dutchhealthstore.com\/wp-content\/uploads\/2019\/08\/NEW-Living-Libations-Logo.jpg\" alt=\"NEW - Living Libations - Logo\" width=\"175\" height=\"82\">Instruktion<\/h3>\n<p>Testen Sie die Innenseite des Ellenbogens, bevor Sie es auf empfindlichere Haut auftragen. Einfach t\u00e4glich nach dem Duschen oder Baden auf den Schambereich auftragen, um die Blume der Weiblichkeit zu salben.<\/p>\n<h3>Yoni-Massage<\/h3>\n<p>Die Yoni-Massage kann allein oder mit einem Partner durchgef\u00fchrt werden. Beginnen Sie mit sauberen H\u00e4nden. Sie werden Ihre Yoni von innen und au\u00dfen massieren, deshalb sollten Sie Ihre N\u00e4gel schneiden und gl\u00e4tten. Tragen Sie eine gro\u00dfz\u00fcgige Menge des Serums auf Ihre Finger auf und schmieren Sie es sanft um die Vulva. <\/p>\n<p><strong>Gr\u00f6\u00dfe: 30 ml<\/strong><\/p>\n<p><em><strong>Hinweis: Die Form der Flaschen f\u00fcr dieses Produkt kann variieren, aber der Inhalt der Flaschen betr\u00e4gt immer 30 ml.<\/strong><\/em><\/p>\n<h3 class=\"yikes-custom-woo-tab-title yikes-custom-woo-tab-title-natural-organic-ingredients\">Nat\u00fcrliche\/Organische Inhaltsstoffe<\/h3>\n<p><b><strong>Jojoba <\/strong><\/b><i><em>(Simmondsia chinensis)<\/em><\/i> &#8211; Seidig weiches Jojoba reinigt Ihre Bl\u00fctenbl\u00e4tter mit weichmachenden Verbindungen und n\u00e4hrenden Antioxidantien. Jojoba pflegt die Haut mit Vitaminen des B-Komplexes und allen resorbierbaren Formen von Vitamin E. Dieses \u00d6l ist den k\u00f6rpereigenen nat\u00fcrlichen \u00d6len bemerkenswert \u00e4hnlich, was es zum perfekten Feuchtigkeitsspender f\u00fcr die Yoni macht.<\/p>\n<p><b><strong>Rose Otto <\/strong><\/b><i><em>(Rosa damascene) <\/em><\/i>&#8211; Eine Rose mit einem anderen Namen ist immer noch genauso s\u00fc\u00df! Das gilt auch f\u00fcr deine Yoni, wenn sie von der S\u00fc\u00dfe reinen Rosenotts begleitet wird, die perfekt auf die Frequenz der Liebe abgestimmt ist.<\/p>\n<p><b><strong>Ylang <\/strong><\/b><i><em>(Cananga odorata) <\/em><\/i>&#8211; Entfachen Sie die Liebesleidenschaft mit Ylang, einem nat\u00fcrlichen Aphrodisiakum, das das empfindliche Gewebe ins Gleichgewicht bringt. Ylang spendet dort Feuchtigkeit, wo sie am meisten gebraucht wird, inspiriert die Leidenschaft und lindert \u00c4ngste.<\/p>\n<p><b><strong>Weihrauch <\/strong><\/b><i><em>(Boswellia carteri) &#8211; <\/em><\/i>Das heiligste Hauttonikum der Natur salbt Ihren Mariengarten mit heiliger Ehrfurcht. Reine, s\u00fc\u00dfe Perlen aus Weihrauch\u00f6l umh\u00fcllen jedes Bl\u00fctenblatt mit alter Weisheit und heiliger weiblicher Kraft.<\/p>\n<p><b><strong>Muskatellersalbei <\/strong><\/b>(<i><em>Salvia sclarea) &#8211;<\/em><\/i><b><strong> <\/strong><\/b>Dieses \u00d6l wird aus dem bl\u00fchenden Kraut dampfdestilliert und ist somit der perfekte Aufbewahrungsort f\u00fcr Ihre eigene Bl\u00fcte. Muskatellersalbei weckt Gef\u00fchle von warmem Optimismus und strafft auch das Gewebe.<\/p>\n<p><b><strong>Steinwurz <\/strong><\/b><i><em>(Lithospermum erythrorhizon) &#8211; <\/em><\/i>Dieses aromatische Kraut ist bekannt daf\u00fcr, unglaublich beruhigend auf empfindliches Gewebe zu wirken.<\/p>\n<p><b><strong>Hagebutten <\/strong><\/b><i><em>(Rosa canina) <\/em><\/i>\u2013 Hagebutten sind reich an Vitamin A und C sowie an Fetts\u00e4uren und pflegen Ihre Yoni mit rosiger Ehrfurcht. Hagebutten beruhigen das empfindliche Gewebe Ihres Gartens, indem sie Spannkraft und Elastizit\u00e4t verbessern. <\/p>\n<p><b><strong>K\u00f6nigliches hawaiianisches Sandelholz <\/strong><\/b>(<i><em>Santalum paniculatum<\/em><\/i>)<b><strong> <\/strong><\/b>&#8211; Als ultimative Sch\u00f6nheitspflege und Symbol der weiblichen Energie wurde Sandelholz im Laufe der Geschichte zur Heiligung des weiblichen K\u00f6rpers und Geistes verwendet. Dieses reichhaltige, nach Honig duftende \u00d6l versorgt Ihr Gewebe mit Feuchtigkeit, lindert Schwellungen und st\u00e4rkt Ihr Selbstbewusstsein.<\/p>\n<p><b><strong>Kamille <\/strong><\/b>(<i><em>Anthemis nobilis) <\/em><\/i>&#8211;<b><strong> <\/strong><\/b>Beruhigende Kamille streichelt geschwollene Bl\u00fctenbl\u00e4tter. Dieses beruhigende \u00d6l singt s\u00fc\u00dfe, sanfte Lieder f\u00fcr die zarten Falten Ihrer Blume.<\/p>\n<p><b><strong>Honig-Myrte <\/strong><\/b><i><em>(Melaleuca uncinata)<\/em><\/i><i><em> <\/em><\/i>&#8211; Was k\u00f6nnte wunderbarer, geheimnisvoller sein, als eine Frau zu sein? Die Myrte ist die geliebte Pflanze der Aphrodite. Feiern Sie also die Heiligkeit Ihrer Weiblichkeit mit Honigmyrten\u00f6l. Dieses lebensbejahende Elixier verbreitet sich bis in den Garten deines Seins. <\/p>\n<p><strong>Johanniskraut<\/strong> <em>(Hypericum perforatum)<\/em> &#8211; Im Zenit der Sommersaison werden die Bl\u00fcten des Johanniskrauts aus gutem Grund gesammelt, um die Bl\u00fctenbl\u00e4tter zu pressen und sie f\u00fcr ihr rubinrotes Elixier zu infundieren, das in winzigen Dr\u00fcsen im Inneren jedes kostbaren Bl\u00fctenblatts enthalten ist. Diese sonnige Sonnenwendeblume verk\u00f6rpert Entspannung, Fr\u00f6hlichkeit und alles, was einem lieb ist. Die Bl\u00fctenbl\u00e4tter dieser leuchtend gelben, sternf\u00f6rmigen Blume sind mit harzhaltigen Dr\u00fcsen \u00fcbers\u00e4t, die eine kostbare rote Fl\u00fcssigkeit enthalten, die ein Langlebigkeitselixier f\u00fcr \u00f6rtliche Zubereitungen enth\u00e4lt. Die Bl\u00fctenbl\u00e4tter werden im Hochsommer gepfl\u00fcckt, gepresst und in unser Bio-Jojoba\u00f6l eingelegt. Laden Sie die Sonne ein und kuscheln Sie die Nerven und versiegeln Sie die Haut mit diesem gesch\u00e4tzten pflanzlichen Helfer.<\/p>\n<p><img fetchpriority=\"high\" decoding=\"async\" class=\"aligncenter size-full wp-image-31577\" src=\"https:\/\/dutchhealthstore.com\/wp-content\/uploads\/2018\/03\/organic_big.png\" alt=\"Organic and Natural - Living Libations\" width=\"623\" height=\"103\" srcset=\"https:\/\/dutchhealthstore.com\/wp-content\/uploads\/2018\/03\/organic_big.png 623w, https:\/\/dutchhealthstore.com\/wp-content\/uploads\/2018\/03\/organic_big-510x84.png 510w, https:\/\/dutchhealthstore.com\/wp-content\/uploads\/2018\/03\/organic_big-600x99.png 600w, https:\/\/dutchhealthstore.com\/wp-content\/uploads\/2018\/03\/organic_big-350x58.png 350w\" sizes=\"(max-width: 623px) 100vw, 623px\" \/><\/p>\n","protected":false},"excerpt":{"rendered":"<p>Living libations <strong>Petal Passion Yoni Serum<\/strong> s\u00e4ttigt die Haut und bringt die Sch\u00f6nheit Ihrer Yoni ins Gleichgewicht. Pflegen Sie das zarte Gewebe Ihres Mariengartens mit den reinen, n\u00e4hrenden und biologischen \u00d6len dieses harmonisierenden, tonisierenden Tagesserums. Das Petal Passion Yoni Serum ist perfekt auf die Frequenz der Liebe abgestimmt!<\/p>\n","protected":false},"featured_media":41222,"comment_status":"open","ping_status":"closed","template":"","meta":[],"product_brand":[],"product_cat":[1498,6753,6645,1502,515,1493,3736,1210,511],"product_tag":[9604,21827,6037,9717],"class_list":{"0":"post-104665","1":"product","2":"type-product","3":"status-publish","4":"has-post-thumbnail","6":"product_cat-baby-kind-living-libations","7":"product_cat-babies-pregnancy","8":"product_cat-family-de","9":"product_cat-korperpflege-living-libations","10":"product_cat-korperpflege-de","11":"product_cat-living-libations-deutschland","12":"product_cat-loving-lubricants-de","13":"product_cat-marken","14":"product_cat-produkte","15":"product_tag-hydrating-de","16":"product_tag-intim","17":"product_tag-serum-de","18":"product_tag-soothing-de","19":"pa_brand-livinglibations-de","20":"pa_gtin-7439657336300-de","21":"pa_size-30-ml-de","23":"first","24":"instock","25":"taxable","26":"shipping-taxable","27":"purchasable","28":"product-type-simple"},"bundled_by":[],"bundle_stock_status":"instock","bundle_stock_quantity":1,"bundle_virtual":false,"bundle_layout":"","bundle_add_to_cart_form_location":"","bundle_editable_in_cart":false,"bundle_sold_individually_context":"","bundle_item_grouping":"","bundle_min_size":"","bundle_max_size":"","bundle_price":[],"bundled_items":[],"bundle_sell_ids":[230714],"atum_controlled":true,"out_stock_date":null,"out_stock_threshold":null,"inheritable":false,"stock_on_hold":0,"sold_today":0,"sales_last_days":0,"out_stock_days":0,"lost_sales":0,"update_date":"2026-04-09T11:36:04","atum_locations":[],"atum_stock_status":"instock","restock_status":false,"low_stock_amount":"","sales_update_date":"2026-04-09T11:36:04","calc_backorders":null,"group_of_quantity":0,"min_quantity":0,"max_quantity":"","exclude_order_quantity_value_rules":"no","exclude_category_quantity_rules":"no","combine_variations":"no","yoast_head":"<!-- This site is optimized with the Yoast SEO Premium plugin v26.5 (Yoast SEO v26.5) - https:\/\/yoast.com\/wordpress\/plugins\/seo\/ -->\n<title>Petal Passion Yoni Serum - Living Libations<\/title>\n<meta name=\"description\" content=\"Living libations Petal Passion Yoni Serum s\u00e4ttigt die Haut und bringt die Sch\u00f6nheit Ihrer Yoni ins Gleichgewicht.\" \/>\n<meta name=\"robots\" content=\"index, follow, max-snippet:-1, max-image-preview:large, max-video-preview:-1\" \/>\n<link rel=\"canonical\" href=\"https:\/\/dutchhealthstore.com\/de\/product\/petal-passion-yoni-serum\/\" \/>\n<meta property=\"og:locale\" content=\"de_DE\" \/>\n<meta property=\"og:type\" content=\"article\" \/>\n<meta property=\"og:title\" content=\"Petal Passion Yoni Serum - Dutch Health Store\" \/>\n<meta property=\"og:description\" content=\"Living libations Petal Passion Yoni Serum s\u00e4ttigt die Haut und bringt die Sch\u00f6nheit Ihrer Yoni ins Gleichgewicht.\" \/>\n<meta property=\"og:url\" content=\"https:\/\/dutchhealthstore.com\/de\/product\/petal-passion-yoni-serum\/\" \/>\n<meta property=\"og:site_name\" content=\"Dutch Health Store\" \/>\n<meta property=\"article:publisher\" content=\"https:\/\/www.instagram.com\/dutchhealthstore\/\" \/>\n<meta property=\"article:modified_time\" content=\"2026-03-13T10:51:50+00:00\" \/>\n<meta property=\"og:image\" content=\"https:\/\/dutchhealthstore.com\/wp-content\/uploads\/2018\/02\/Petal-Passion-Yoni-Serum-Living-Libations.jpg\" \/>\n\t<meta property=\"og:image:width\" content=\"510\" \/>\n\t<meta property=\"og:image:height\" content=\"600\" \/>\n\t<meta property=\"og:image:type\" content=\"image\/jpeg\" \/>\n<meta name=\"twitter:card\" content=\"summary_large_image\" \/>\n<meta name=\"twitter:label1\" content=\"Preis\" \/>\n\t<meta name=\"twitter:data1\" content=\"&euro;53,00\" \/>\n\t<meta name=\"twitter:label2\" content=\"Verf\u00fcgbarkeit\" \/>\n\t<meta name=\"twitter:data2\" content=\"Auf Lager\" \/>\n<script type=\"application\/ld+json\" class=\"yoast-schema-graph\">{\"@context\":\"https:\/\/schema.org\",\"@graph\":[{\"@type\":\"WebPage\",\"@id\":\"https:\/\/dutchhealthstore.com\/de\/product\/petal-passion-yoni-serum\/\",\"url\":\"https:\/\/dutchhealthstore.com\/de\/product\/petal-passion-yoni-serum\/\",\"name\":\"Petal Passion Yoni Serum - Living Libations\",\"isPartOf\":{\"@id\":\"https:\/\/dutchhealthstore.com\/de\/#website\"},\"primaryImageOfPage\":{\"@id\":\"https:\/\/dutchhealthstore.com\/de\/product\/petal-passion-yoni-serum\/#primaryimage\"},\"image\":{\"@id\":\"https:\/\/dutchhealthstore.com\/de\/product\/petal-passion-yoni-serum\/#primaryimage\"},\"thumbnailUrl\":\"https:\/\/dutchhealthstore.com\/wp-content\/uploads\/2018\/02\/Petal-Passion-Yoni-Serum-Living-Libations.jpg\",\"datePublished\":\"2018-02-10T09:44:47+00:00\",\"dateModified\":\"2026-03-13T10:51:50+00:00\",\"description\":\"Living libations Petal Passion Yoni Serum s\u00e4ttigt die Haut und bringt die Sch\u00f6nheit Ihrer Yoni ins Gleichgewicht.\",\"breadcrumb\":{\"@id\":\"https:\/\/dutchhealthstore.com\/de\/product\/petal-passion-yoni-serum\/#breadcrumb\"},\"inLanguage\":\"de\",\"potentialAction\":[{\"@type\":\"ReadAction\",\"target\":[\"https:\/\/dutchhealthstore.com\/de\/product\/petal-passion-yoni-serum\/\"]}]},{\"@type\":\"ImageObject\",\"inLanguage\":\"de\",\"@id\":\"https:\/\/dutchhealthstore.com\/de\/product\/petal-passion-yoni-serum\/#primaryimage\",\"url\":\"https:\/\/dutchhealthstore.com\/wp-content\/uploads\/2018\/02\/Petal-Passion-Yoni-Serum-Living-Libations.jpg\",\"contentUrl\":\"https:\/\/dutchhealthstore.com\/wp-content\/uploads\/2018\/02\/Petal-Passion-Yoni-Serum-Living-Libations.jpg\",\"width\":510,\"height\":600,\"caption\":\"Petal Passion Yoni Serum - Living Libations\"},{\"@type\":\"BreadcrumbList\",\"@id\":\"https:\/\/dutchhealthstore.com\/de\/product\/petal-passion-yoni-serum\/#breadcrumb\",\"itemListElement\":[{\"@type\":\"ListItem\",\"position\":1,\"name\":\"Home\",\"item\":\"https:\/\/dutchhealthstore.com\/de\/\"},{\"@type\":\"ListItem\",\"position\":2,\"name\":\"Shop\",\"item\":\"https:\/\/dutchhealthstore.com\/de\/shop-2\/\"},{\"@type\":\"ListItem\",\"position\":3,\"name\":\"Petal Passion Yoni Serum\"}]},{\"@type\":\"WebSite\",\"@id\":\"https:\/\/dutchhealthstore.com\/de\/#website\",\"url\":\"https:\/\/dutchhealthstore.com\/de\/\",\"name\":\"Dutch Health Store\",\"description\":\"Enhance Your Beauty with Organic &amp; Natural Skincare\",\"publisher\":{\"@id\":\"https:\/\/dutchhealthstore.com\/de\/#organization\"},\"potentialAction\":[{\"@type\":\"SearchAction\",\"target\":{\"@type\":\"EntryPoint\",\"urlTemplate\":\"https:\/\/dutchhealthstore.com\/de\/?s={search_term_string}\"},\"query-input\":{\"@type\":\"PropertyValueSpecification\",\"valueRequired\":true,\"valueName\":\"search_term_string\"}}],\"inLanguage\":\"de\"},{\"@type\":\"Organization\",\"@id\":\"https:\/\/dutchhealthstore.com\/de\/#organization\",\"name\":\"Dutch Health Store\",\"url\":\"https:\/\/dutchhealthstore.com\/de\/\",\"logo\":{\"@type\":\"ImageObject\",\"inLanguage\":\"de\",\"@id\":\"https:\/\/dutchhealthstore.com\/de\/#\/schema\/logo\/image\/\",\"url\":\"https:\/\/dutchhealthstore.com\/wp-content\/uploads\/2020\/08\/logo-dutchhealthstore-jpg-e1599484957574.jpg\",\"contentUrl\":\"https:\/\/dutchhealthstore.com\/wp-content\/uploads\/2020\/08\/logo-dutchhealthstore-jpg-e1599484957574.jpg\",\"width\":400,\"height\":62,\"caption\":\"Dutch Health Store\"},\"image\":{\"@id\":\"https:\/\/dutchhealthstore.com\/de\/#\/schema\/logo\/image\/\"},\"sameAs\":[\"https:\/\/www.instagram.com\/dutchhealthstore\/\",\"https:\/\/www.facebook.com\/dutchhealthstore\"]}]}<\/script>\n<meta property=\"product:brand\" content=\"Living Libations\" \/>\n<meta property=\"product:price:amount\" content=\"53.00\" \/>\n<meta property=\"product:price:currency\" content=\"EUR\" \/>\n<meta property=\"og:availability\" content=\"instock\" \/>\n<meta property=\"product:availability\" content=\"instock\" \/>\n<meta property=\"product:condition\" content=\"new\" \/>\n<!-- \/ Yoast SEO Premium plugin. -->","yoast_head_json":{"title":"Petal Passion Yoni Serum - Living Libations","description":"Living libations Petal Passion Yoni Serum s\u00e4ttigt die Haut und bringt die Sch\u00f6nheit Ihrer Yoni ins Gleichgewicht.","robots":{"index":"index","follow":"follow","max-snippet":"max-snippet:-1","max-image-preview":"max-image-preview:large","max-video-preview":"max-video-preview:-1"},"canonical":"https:\/\/dutchhealthstore.com\/de\/product\/petal-passion-yoni-serum\/","og_locale":"de_DE","og_type":"article","og_title":"Petal Passion Yoni Serum - Dutch Health Store","og_description":"Living libations Petal Passion Yoni Serum s\u00e4ttigt die Haut und bringt die Sch\u00f6nheit Ihrer Yoni ins Gleichgewicht.","og_url":"https:\/\/dutchhealthstore.com\/de\/product\/petal-passion-yoni-serum\/","og_site_name":"Dutch Health Store","article_publisher":"https:\/\/www.instagram.com\/dutchhealthstore\/","article_modified_time":"2026-03-13T10:51:50+00:00","og_image":[{"width":510,"height":600,"url":"https:\/\/dutchhealthstore.com\/wp-content\/uploads\/2018\/02\/Petal-Passion-Yoni-Serum-Living-Libations.jpg","type":"image\/jpeg"}],"twitter_card":"summary_large_image","twitter_misc":{"Preis":"&euro;53,00","Verf\u00fcgbarkeit":"Auf Lager"},"schema":{"@context":"https:\/\/schema.org","@graph":[{"@type":"WebPage","@id":"https:\/\/dutchhealthstore.com\/de\/product\/petal-passion-yoni-serum\/","url":"https:\/\/dutchhealthstore.com\/de\/product\/petal-passion-yoni-serum\/","name":"Petal Passion Yoni Serum - Living Libations","isPartOf":{"@id":"https:\/\/dutchhealthstore.com\/de\/#website"},"primaryImageOfPage":{"@id":"https:\/\/dutchhealthstore.com\/de\/product\/petal-passion-yoni-serum\/#primaryimage"},"image":{"@id":"https:\/\/dutchhealthstore.com\/de\/product\/petal-passion-yoni-serum\/#primaryimage"},"thumbnailUrl":"https:\/\/dutchhealthstore.com\/wp-content\/uploads\/2018\/02\/Petal-Passion-Yoni-Serum-Living-Libations.jpg","datePublished":"2018-02-10T09:44:47+00:00","dateModified":"2026-03-13T10:51:50+00:00","description":"Living libations Petal Passion Yoni Serum s\u00e4ttigt die Haut und bringt die Sch\u00f6nheit Ihrer Yoni ins Gleichgewicht.","breadcrumb":{"@id":"https:\/\/dutchhealthstore.com\/de\/product\/petal-passion-yoni-serum\/#breadcrumb"},"inLanguage":"de","potentialAction":[{"@type":"ReadAction","target":["https:\/\/dutchhealthstore.com\/de\/product\/petal-passion-yoni-serum\/"]}]},{"@type":"ImageObject","inLanguage":"de","@id":"https:\/\/dutchhealthstore.com\/de\/product\/petal-passion-yoni-serum\/#primaryimage","url":"https:\/\/dutchhealthstore.com\/wp-content\/uploads\/2018\/02\/Petal-Passion-Yoni-Serum-Living-Libations.jpg","contentUrl":"https:\/\/dutchhealthstore.com\/wp-content\/uploads\/2018\/02\/Petal-Passion-Yoni-Serum-Living-Libations.jpg","width":510,"height":600,"caption":"Petal Passion Yoni Serum - Living Libations"},{"@type":"BreadcrumbList","@id":"https:\/\/dutchhealthstore.com\/de\/product\/petal-passion-yoni-serum\/#breadcrumb","itemListElement":[{"@type":"ListItem","position":1,"name":"Home","item":"https:\/\/dutchhealthstore.com\/de\/"},{"@type":"ListItem","position":2,"name":"Shop","item":"https:\/\/dutchhealthstore.com\/de\/shop-2\/"},{"@type":"ListItem","position":3,"name":"Petal Passion Yoni Serum"}]},{"@type":"WebSite","@id":"https:\/\/dutchhealthstore.com\/de\/#website","url":"https:\/\/dutchhealthstore.com\/de\/","name":"Dutch Health Store","description":"Enhance Your Beauty with Organic &amp; Natural Skincare","publisher":{"@id":"https:\/\/dutchhealthstore.com\/de\/#organization"},"potentialAction":[{"@type":"SearchAction","target":{"@type":"EntryPoint","urlTemplate":"https:\/\/dutchhealthstore.com\/de\/?s={search_term_string}"},"query-input":{"@type":"PropertyValueSpecification","valueRequired":true,"valueName":"search_term_string"}}],"inLanguage":"de"},{"@type":"Organization","@id":"https:\/\/dutchhealthstore.com\/de\/#organization","name":"Dutch Health Store","url":"https:\/\/dutchhealthstore.com\/de\/","logo":{"@type":"ImageObject","inLanguage":"de","@id":"https:\/\/dutchhealthstore.com\/de\/#\/schema\/logo\/image\/","url":"https:\/\/dutchhealthstore.com\/wp-content\/uploads\/2020\/08\/logo-dutchhealthstore-jpg-e1599484957574.jpg","contentUrl":"https:\/\/dutchhealthstore.com\/wp-content\/uploads\/2020\/08\/logo-dutchhealthstore-jpg-e1599484957574.jpg","width":400,"height":62,"caption":"Dutch Health Store"},"image":{"@id":"https:\/\/dutchhealthstore.com\/de\/#\/schema\/logo\/image\/"},"sameAs":["https:\/\/www.instagram.com\/dutchhealthstore\/","https:\/\/www.facebook.com\/dutchhealthstore"]}]},"product_brand":"Living Libations","product_price_amount":"53.00","product_price_currency":"EUR","og_availability":"instock","product_availability":"instock","product_condition":"new"},"_links":{"self":[{"href":"https:\/\/dutchhealthstore.com\/de\/wp-json\/wp\/v2\/product\/104665","targetHints":{"allow":["GET"]}}],"collection":[{"href":"https:\/\/dutchhealthstore.com\/de\/wp-json\/wp\/v2\/product"}],"about":[{"href":"https:\/\/dutchhealthstore.com\/de\/wp-json\/wp\/v2\/types\/product"}],"replies":[{"embeddable":true,"href":"https:\/\/dutchhealthstore.com\/de\/wp-json\/wp\/v2\/comments?post=104665"}],"wp:featuredmedia":[{"embeddable":true,"href":"https:\/\/dutchhealthstore.com\/de\/wp-json\/wp\/v2\/media\/41222"}],"wp:attachment":[{"href":"https:\/\/dutchhealthstore.com\/de\/wp-json\/wp\/v2\/media?parent=104665"}],"wp:term":[{"taxonomy":"product_brand","embeddable":true,"href":"https:\/\/dutchhealthstore.com\/de\/wp-json\/wp\/v2\/product_brand?post=104665"},{"taxonomy":"product_cat","embeddable":true,"href":"https:\/\/dutchhealthstore.com\/de\/wp-json\/wp\/v2\/product_cat?post=104665"},{"taxonomy":"product_tag","embeddable":true,"href":"https:\/\/dutchhealthstore.com\/de\/wp-json\/wp\/v2\/product_tag?post=104665"}],"curies":[{"name":"wp","href":"https:\/\/api.w.org\/{rel}","templated":true}]}}