{"id":104638,"date":"2020-06-02T12:04:39","date_gmt":"2020-06-02T10:04:39","guid":{"rendered":"https:\/\/dutchhealthstore.com\/product\/bee-balm-essential-oil\/"},"modified":"2024-03-11T07:59:17","modified_gmt":"2024-03-11T07:59:17","slug":"bee-balm-essential-oil","status":"publish","type":"product","link":"https:\/\/dutchhealthstore.com\/de\/product\/bee-balm-essential-oil\/","title":{"rendered":"Bee Balm Essential Oil"},"content":{"rendered":"<p><img decoding=\"async\" class=\"size-full wp-image-69549 alignright\" src=\"https:\/\/dutchhealthstore.com\/wp-content\/uploads\/2019\/08\/NEW-Living-Libations-Logo.jpg\" alt=\"NEW - Living Libations - Logo\" width=\"175\" height=\"82\"><strong>Botanischer Name:<\/strong> Monarda fistulosa<br \/>\n<strong>Botanische Familie:<\/strong> Lamiaceae<br \/>\n<strong>Extraktionsverfahren:<\/strong> Dampfdestilliert<br \/>\n<strong>Teil der Pflanze Destilliert:<\/strong> Bl\u00fcten<br \/>\n<strong>Herkunftsland:<\/strong> Kanada<br \/>\n<strong>Anbaumethode:<\/strong> Bio<br \/>\n<strong>Beschreibung des Duftes:<\/strong> S\u00fc\u00df, honig-krautig mit einem Hauch von waldblumiger Minze<br \/>\n<strong>Konsistenz:<\/strong> D\u00fcnne Viskosit\u00e4t<\/p>\n<h3>Gut mischbar mit<\/h3>\n<p>Thymian, S\u00fc\u00dfer Thymian, Lavendel, Majoran, Sandelholz, Ylang, Ysop, Schafgarbe, Schwarzfichte, Douglasie, Weihrauch, Hasenpinsel, Bergamotte, Zitrone, Neroli, Karottensamen, Kamille, Rose Otto, Palmarosa und Geranie<\/p>\n<h3>Verwendet<\/h3>\n<p>Wunderbar als Gesichtsdampf\u00f6l und als Zusatz zum Dampf, um die Atmung zu erleichtern. Kombiniert mit Tamanu als Tr\u00e4ger\u00f6l ist es wirksam bei der Behandlung von Akne, Schuppen, Wunden, L\u00e4sionen und mehr. Mit Honig verd\u00fcnnt ist er ein herrliches Tonikum f\u00fcr die Kehle und f\u00fcr die Lungen. F\u00fcgen Sie unsere Solepfeife hinzu und inhalieren Sie die wohltuende Wirkung in Brust und Lunge. Mischung mit Majoran f\u00fcr Muskeln und entspannende Mischungen<\/p>\n<p><strong>Bee Balm<\/strong> ist eine Breitspektrum-Essenz, die eine zarte Alternative zu Oregano und Thymian ist. Es erinnert an die sanfte Wirksamkeit von s\u00fc\u00dfem Thymian, der in der Hautpflege, der Lungenpflege und in Kinderheilmitteln verwendet wird. Die Bestandteile des \u00e4therischen \u00d6ls sind eine ausgewogene Mischung aus Monoterpenalkoholen mit <em>Geraniol (\u00fcber 90 %)<\/em>, <em>Linalool, Thymol<\/em> und <em>Sesquiterpenen<\/em>.<\/p>\n<p>In <em>The Healing Intelligence of Essential Oils<\/em>Kurt Schnaubelt empfiehlt Monarda als \u00e4therisches \u00d6l f\u00fcr Bad und Dusche, da es &#8222;erfrischend und sanft ist und sich leicht direkt auf die Haut auftragen l\u00e4sst&#8230; ein strahlendes Tonikum und ein kraftvoller emotionaler Auftrieb; es hat ein gewisses Prickeln, das f\u00fcr manche Hauttypen zu stark sein kann, daher kann es mit anderen \u00e4therischen \u00d6len wie Lavendel oder Weihrauch verd\u00fcnnt werden&#8220;. Er schreibt weiter: &#8222;Am anderen Ende des Spektrums [from Tea Tree] ist <em>Monarda fistulosa<\/em> aus Quebec, eine Aromatherapie-Spezialit\u00e4t, die einen brillanten Duft hat und bei den meisten Menschen ein leicht scharfes, aber angenehmes Prickeln auf der Haut hinterl\u00e4sst, wenn sie unter der Dusche verwendet wird. Es ist eines der wirksamsten antiviralen \u00e4therischen \u00d6le und wirkt bei Infektionen der oberen Atemwege und des Urogenitalbereichs.&#8220;<\/p>\n<p><strong>Gr\u00f6\u00dfe: 5 ml<\/strong><\/p>\n<h3>Bio-Zutaten<\/h3>\n<p>100% \u00e4therisches \u00d6l der Bienenmelisse (Monarda fistulosa).<\/p>\n<p>&nbsp;<\/p>\n<p><img fetchpriority=\"high\" decoding=\"async\" class=\"size-medium wp-image-68103 aligncenter\" src=\"https:\/\/dutchhealthstore.com\/wp-content\/uploads\/2018\/02\/Living-Libations-Organic-Logo-800x89.png\" alt=\"Living Libations - Organic Logo\" width=\"800\" height=\"89\" srcset=\"https:\/\/dutchhealthstore.com\/wp-content\/uploads\/2018\/02\/Living-Libations-Organic-Logo-800x89.png 800w, https:\/\/dutchhealthstore.com\/wp-content\/uploads\/2018\/02\/Living-Libations-Organic-Logo-510x57.png 510w, https:\/\/dutchhealthstore.com\/wp-content\/uploads\/2018\/02\/Living-Libations-Organic-Logo-768x85.png 768w, https:\/\/dutchhealthstore.com\/wp-content\/uploads\/2018\/02\/Living-Libations-Organic-Logo.png 1400w\" sizes=\"(max-width: 800px) 100vw, 800px\" \/><\/p>\n","protected":false},"excerpt":{"rendered":"<p>Bee Balm ist eine Breitspektrumessenz, die eine zarte Alternative zu Oregano und Thymian ist. Es erinnert an die sanfte Wirksamkeit von s\u00fc\u00dfem Thymian, der in der Hautpflege, der Lungenpflege und in Kinderheilmitteln verwendet wird.<\/p>\n<p>Die Bestandteile des \u00e4therischen \u00d6ls sind eine ausgewogene Mischung aus Monoterpenalkoholen mit<em> Geraniol (\u00fcber 90 %), Linalool, Thymol und Sesquiterpenen.<\/em><\/p>\n","protected":false},"featured_media":104554,"comment_status":"open","ping_status":"closed","template":"","meta":[],"product_brand":[],"product_cat":[1546,6737,1508,1493,1210,6736],"product_tag":[1547],"class_list":{"0":"post-104638","1":"product","2":"type-product","3":"status-publish","4":"has-post-thumbnail","6":"product_cat-essential-oils-living-libations-de","7":"product_cat-essential-oils-de-2","8":"product_cat-aetherische-oele-living-libations","9":"product_cat-living-libations-deutschland","10":"product_cat-marken","11":"product_cat-wellness-de","12":"product_tag-essential-oil-de","13":"pa_brand-livinglibations-de","14":"pa_essential-oils-product-type-essential-oils-de","15":"pa_size-5-ml-de","17":"first","18":"instock","19":"taxable","20":"shipping-taxable","21":"purchasable","22":"product-type-simple"},"bundled_by":[],"bundle_stock_status":"instock","bundle_stock_quantity":3,"bundle_virtual":false,"bundle_layout":"","bundle_add_to_cart_form_location":"","bundle_editable_in_cart":false,"bundle_sold_individually_context":"","bundle_item_grouping":"","bundle_min_size":"","bundle_max_size":"","bundle_price":[],"bundled_items":[],"bundle_sell_ids":[],"atum_controlled":true,"out_stock_date":null,"out_stock_threshold":null,"inheritable":false,"stock_on_hold":0,"sold_today":0,"sales_last_days":0,"out_stock_days":0,"lost_sales":0,"update_date":"2026-04-13T13:42:21","atum_locations":[],"atum_stock_status":"instock","restock_status":false,"low_stock_amount":"","sales_update_date":"2026-04-13T13:42:21","calc_backorders":null,"group_of_quantity":0,"min_quantity":0,"max_quantity":"","exclude_order_quantity_value_rules":"no","exclude_category_quantity_rules":"no","combine_variations":"no","yoast_head":"<!-- This site is optimized with the Yoast SEO Premium plugin v26.5 (Yoast SEO v26.5) - https:\/\/yoast.com\/wordpress\/plugins\/seo\/ -->\n<title>Bee Balm Essential Oil | Living Libations<\/title>\n<meta name=\"description\" content=\"Bee Balm essential oil ist eine s\u00fc\u00dfe, krautige Essenz, die aus den violetten Bl\u00fcten der Monarda fistulosa destilliert wird. Gefunden und geerntet in der Wildnis Kanadas.\" \/>\n<meta name=\"robots\" content=\"index, follow, max-snippet:-1, max-image-preview:large, max-video-preview:-1\" \/>\n<link rel=\"canonical\" href=\"https:\/\/dutchhealthstore.com\/de\/product\/bee-balm-essential-oil\/\" \/>\n<meta property=\"og:locale\" content=\"de_DE\" \/>\n<meta property=\"og:type\" content=\"article\" \/>\n<meta property=\"og:title\" content=\"Bee Balm Essential Oil - Dutch Health Store\" \/>\n<meta property=\"og:description\" content=\"Bee Balm essential oil ist eine s\u00fc\u00dfe, krautige Essenz, die aus den violetten Bl\u00fcten der Monarda fistulosa destilliert wird. Gefunden und geerntet in der Wildnis Kanadas.\" \/>\n<meta property=\"og:url\" content=\"https:\/\/dutchhealthstore.com\/de\/product\/bee-balm-essential-oil\/\" \/>\n<meta property=\"og:site_name\" content=\"Dutch Health Store\" \/>\n<meta property=\"article:publisher\" content=\"https:\/\/www.instagram.com\/dutchhealthstore\/\" \/>\n<meta property=\"article:modified_time\" content=\"2024-03-11T07:59:17+00:00\" \/>\n<meta property=\"og:image\" content=\"https:\/\/dutchhealthstore.com\/wp-content\/uploads\/2020\/06\/Living-Libations-Bee-Balm-1.png\" \/>\n\t<meta property=\"og:image:width\" content=\"500\" \/>\n\t<meta property=\"og:image:height\" content=\"500\" \/>\n\t<meta property=\"og:image:type\" content=\"image\/jpeg\" \/>\n<meta name=\"twitter:card\" content=\"summary_large_image\" \/>\n<meta name=\"twitter:label1\" content=\"Preis\" \/>\n\t<meta name=\"twitter:data1\" content=\"&euro;21,00\" \/>\n\t<meta name=\"twitter:label2\" content=\"Verf\u00fcgbarkeit\" \/>\n\t<meta name=\"twitter:data2\" content=\"Auf Lager\" \/>\n<script type=\"application\/ld+json\" class=\"yoast-schema-graph\">{\"@context\":\"https:\/\/schema.org\",\"@graph\":[{\"@type\":\"WebPage\",\"@id\":\"https:\/\/dutchhealthstore.com\/de\/product\/bee-balm-essential-oil\/\",\"url\":\"https:\/\/dutchhealthstore.com\/de\/product\/bee-balm-essential-oil\/\",\"name\":\"Bee Balm Essential Oil | Living Libations\",\"isPartOf\":{\"@id\":\"https:\/\/dutchhealthstore.com\/de\/#website\"},\"primaryImageOfPage\":{\"@id\":\"https:\/\/dutchhealthstore.com\/de\/product\/bee-balm-essential-oil\/#primaryimage\"},\"image\":{\"@id\":\"https:\/\/dutchhealthstore.com\/de\/product\/bee-balm-essential-oil\/#primaryimage\"},\"thumbnailUrl\":\"https:\/\/dutchhealthstore.com\/wp-content\/uploads\/2020\/06\/Living-Libations-Bee-Balm-1.png\",\"datePublished\":\"2020-06-02T10:04:39+00:00\",\"dateModified\":\"2024-03-11T07:59:17+00:00\",\"description\":\"Bee Balm essential oil ist eine s\u00fc\u00dfe, krautige Essenz, die aus den violetten Bl\u00fcten der Monarda fistulosa destilliert wird. Gefunden und geerntet in der Wildnis Kanadas.\",\"breadcrumb\":{\"@id\":\"https:\/\/dutchhealthstore.com\/de\/product\/bee-balm-essential-oil\/#breadcrumb\"},\"inLanguage\":\"de\",\"potentialAction\":[{\"@type\":\"ReadAction\",\"target\":[\"https:\/\/dutchhealthstore.com\/de\/product\/bee-balm-essential-oil\/\"]}]},{\"@type\":\"ImageObject\",\"inLanguage\":\"de\",\"@id\":\"https:\/\/dutchhealthstore.com\/de\/product\/bee-balm-essential-oil\/#primaryimage\",\"url\":\"https:\/\/dutchhealthstore.com\/wp-content\/uploads\/2020\/06\/Living-Libations-Bee-Balm-1.png\",\"contentUrl\":\"https:\/\/dutchhealthstore.com\/wp-content\/uploads\/2020\/06\/Living-Libations-Bee-Balm-1.png\",\"width\":500,\"height\":500},{\"@type\":\"BreadcrumbList\",\"@id\":\"https:\/\/dutchhealthstore.com\/de\/product\/bee-balm-essential-oil\/#breadcrumb\",\"itemListElement\":[{\"@type\":\"ListItem\",\"position\":1,\"name\":\"Home\",\"item\":\"https:\/\/dutchhealthstore.com\/de\/\"},{\"@type\":\"ListItem\",\"position\":2,\"name\":\"Shop\",\"item\":\"https:\/\/dutchhealthstore.com\/de\/shop-2\/\"},{\"@type\":\"ListItem\",\"position\":3,\"name\":\"Bee Balm Essential Oil\"}]},{\"@type\":\"WebSite\",\"@id\":\"https:\/\/dutchhealthstore.com\/de\/#website\",\"url\":\"https:\/\/dutchhealthstore.com\/de\/\",\"name\":\"Dutch Health Store\",\"description\":\"Enhance Your Beauty with Organic &amp; Natural Skincare\",\"publisher\":{\"@id\":\"https:\/\/dutchhealthstore.com\/de\/#organization\"},\"potentialAction\":[{\"@type\":\"SearchAction\",\"target\":{\"@type\":\"EntryPoint\",\"urlTemplate\":\"https:\/\/dutchhealthstore.com\/de\/?s={search_term_string}\"},\"query-input\":{\"@type\":\"PropertyValueSpecification\",\"valueRequired\":true,\"valueName\":\"search_term_string\"}}],\"inLanguage\":\"de\"},{\"@type\":\"Organization\",\"@id\":\"https:\/\/dutchhealthstore.com\/de\/#organization\",\"name\":\"Dutch Health Store\",\"url\":\"https:\/\/dutchhealthstore.com\/de\/\",\"logo\":{\"@type\":\"ImageObject\",\"inLanguage\":\"de\",\"@id\":\"https:\/\/dutchhealthstore.com\/de\/#\/schema\/logo\/image\/\",\"url\":\"https:\/\/dutchhealthstore.com\/wp-content\/uploads\/2020\/08\/logo-dutchhealthstore-jpg-e1599484957574.jpg\",\"contentUrl\":\"https:\/\/dutchhealthstore.com\/wp-content\/uploads\/2020\/08\/logo-dutchhealthstore-jpg-e1599484957574.jpg\",\"width\":400,\"height\":62,\"caption\":\"Dutch Health Store\"},\"image\":{\"@id\":\"https:\/\/dutchhealthstore.com\/de\/#\/schema\/logo\/image\/\"},\"sameAs\":[\"https:\/\/www.instagram.com\/dutchhealthstore\/\",\"https:\/\/www.facebook.com\/dutchhealthstore\"]}]}<\/script>\n<meta property=\"product:brand\" content=\"Living Libations\" \/>\n<meta property=\"product:price:amount\" content=\"21.00\" \/>\n<meta property=\"product:price:currency\" content=\"EUR\" \/>\n<meta property=\"og:availability\" content=\"instock\" \/>\n<meta property=\"product:availability\" content=\"instock\" \/>\n<meta property=\"product:condition\" content=\"new\" \/>\n<!-- \/ Yoast SEO Premium plugin. -->","yoast_head_json":{"title":"Bee Balm Essential Oil | Living Libations","description":"Bee Balm essential oil ist eine s\u00fc\u00dfe, krautige Essenz, die aus den violetten Bl\u00fcten der Monarda fistulosa destilliert wird. Gefunden und geerntet in der Wildnis Kanadas.","robots":{"index":"index","follow":"follow","max-snippet":"max-snippet:-1","max-image-preview":"max-image-preview:large","max-video-preview":"max-video-preview:-1"},"canonical":"https:\/\/dutchhealthstore.com\/de\/product\/bee-balm-essential-oil\/","og_locale":"de_DE","og_type":"article","og_title":"Bee Balm Essential Oil - Dutch Health Store","og_description":"Bee Balm essential oil ist eine s\u00fc\u00dfe, krautige Essenz, die aus den violetten Bl\u00fcten der Monarda fistulosa destilliert wird. Gefunden und geerntet in der Wildnis Kanadas.","og_url":"https:\/\/dutchhealthstore.com\/de\/product\/bee-balm-essential-oil\/","og_site_name":"Dutch Health Store","article_publisher":"https:\/\/www.instagram.com\/dutchhealthstore\/","article_modified_time":"2024-03-11T07:59:17+00:00","og_image":[{"width":500,"height":500,"url":"https:\/\/dutchhealthstore.com\/wp-content\/uploads\/2020\/06\/Living-Libations-Bee-Balm-1.png","type":"image\/jpeg"}],"twitter_card":"summary_large_image","twitter_misc":{"Preis":"&euro;21,00","Verf\u00fcgbarkeit":"Auf Lager"},"schema":{"@context":"https:\/\/schema.org","@graph":[{"@type":"WebPage","@id":"https:\/\/dutchhealthstore.com\/de\/product\/bee-balm-essential-oil\/","url":"https:\/\/dutchhealthstore.com\/de\/product\/bee-balm-essential-oil\/","name":"Bee Balm Essential Oil | Living Libations","isPartOf":{"@id":"https:\/\/dutchhealthstore.com\/de\/#website"},"primaryImageOfPage":{"@id":"https:\/\/dutchhealthstore.com\/de\/product\/bee-balm-essential-oil\/#primaryimage"},"image":{"@id":"https:\/\/dutchhealthstore.com\/de\/product\/bee-balm-essential-oil\/#primaryimage"},"thumbnailUrl":"https:\/\/dutchhealthstore.com\/wp-content\/uploads\/2020\/06\/Living-Libations-Bee-Balm-1.png","datePublished":"2020-06-02T10:04:39+00:00","dateModified":"2024-03-11T07:59:17+00:00","description":"Bee Balm essential oil ist eine s\u00fc\u00dfe, krautige Essenz, die aus den violetten Bl\u00fcten der Monarda fistulosa destilliert wird. Gefunden und geerntet in der Wildnis Kanadas.","breadcrumb":{"@id":"https:\/\/dutchhealthstore.com\/de\/product\/bee-balm-essential-oil\/#breadcrumb"},"inLanguage":"de","potentialAction":[{"@type":"ReadAction","target":["https:\/\/dutchhealthstore.com\/de\/product\/bee-balm-essential-oil\/"]}]},{"@type":"ImageObject","inLanguage":"de","@id":"https:\/\/dutchhealthstore.com\/de\/product\/bee-balm-essential-oil\/#primaryimage","url":"https:\/\/dutchhealthstore.com\/wp-content\/uploads\/2020\/06\/Living-Libations-Bee-Balm-1.png","contentUrl":"https:\/\/dutchhealthstore.com\/wp-content\/uploads\/2020\/06\/Living-Libations-Bee-Balm-1.png","width":500,"height":500},{"@type":"BreadcrumbList","@id":"https:\/\/dutchhealthstore.com\/de\/product\/bee-balm-essential-oil\/#breadcrumb","itemListElement":[{"@type":"ListItem","position":1,"name":"Home","item":"https:\/\/dutchhealthstore.com\/de\/"},{"@type":"ListItem","position":2,"name":"Shop","item":"https:\/\/dutchhealthstore.com\/de\/shop-2\/"},{"@type":"ListItem","position":3,"name":"Bee Balm Essential Oil"}]},{"@type":"WebSite","@id":"https:\/\/dutchhealthstore.com\/de\/#website","url":"https:\/\/dutchhealthstore.com\/de\/","name":"Dutch Health Store","description":"Enhance Your Beauty with Organic &amp; Natural Skincare","publisher":{"@id":"https:\/\/dutchhealthstore.com\/de\/#organization"},"potentialAction":[{"@type":"SearchAction","target":{"@type":"EntryPoint","urlTemplate":"https:\/\/dutchhealthstore.com\/de\/?s={search_term_string}"},"query-input":{"@type":"PropertyValueSpecification","valueRequired":true,"valueName":"search_term_string"}}],"inLanguage":"de"},{"@type":"Organization","@id":"https:\/\/dutchhealthstore.com\/de\/#organization","name":"Dutch Health Store","url":"https:\/\/dutchhealthstore.com\/de\/","logo":{"@type":"ImageObject","inLanguage":"de","@id":"https:\/\/dutchhealthstore.com\/de\/#\/schema\/logo\/image\/","url":"https:\/\/dutchhealthstore.com\/wp-content\/uploads\/2020\/08\/logo-dutchhealthstore-jpg-e1599484957574.jpg","contentUrl":"https:\/\/dutchhealthstore.com\/wp-content\/uploads\/2020\/08\/logo-dutchhealthstore-jpg-e1599484957574.jpg","width":400,"height":62,"caption":"Dutch Health Store"},"image":{"@id":"https:\/\/dutchhealthstore.com\/de\/#\/schema\/logo\/image\/"},"sameAs":["https:\/\/www.instagram.com\/dutchhealthstore\/","https:\/\/www.facebook.com\/dutchhealthstore"]}]},"product_brand":"Living Libations","product_price_amount":"21.00","product_price_currency":"EUR","og_availability":"instock","product_availability":"instock","product_condition":"new"},"_links":{"self":[{"href":"https:\/\/dutchhealthstore.com\/de\/wp-json\/wp\/v2\/product\/104638","targetHints":{"allow":["GET"]}}],"collection":[{"href":"https:\/\/dutchhealthstore.com\/de\/wp-json\/wp\/v2\/product"}],"about":[{"href":"https:\/\/dutchhealthstore.com\/de\/wp-json\/wp\/v2\/types\/product"}],"replies":[{"embeddable":true,"href":"https:\/\/dutchhealthstore.com\/de\/wp-json\/wp\/v2\/comments?post=104638"}],"wp:featuredmedia":[{"embeddable":true,"href":"https:\/\/dutchhealthstore.com\/de\/wp-json\/wp\/v2\/media\/104554"}],"wp:attachment":[{"href":"https:\/\/dutchhealthstore.com\/de\/wp-json\/wp\/v2\/media?parent=104638"}],"wp:term":[{"taxonomy":"product_brand","embeddable":true,"href":"https:\/\/dutchhealthstore.com\/de\/wp-json\/wp\/v2\/product_brand?post=104638"},{"taxonomy":"product_cat","embeddable":true,"href":"https:\/\/dutchhealthstore.com\/de\/wp-json\/wp\/v2\/product_cat?post=104638"},{"taxonomy":"product_tag","embeddable":true,"href":"https:\/\/dutchhealthstore.com\/de\/wp-json\/wp\/v2\/product_tag?post=104638"}],"curies":[{"name":"wp","href":"https:\/\/api.w.org\/{rel}","templated":true}]}}