{"id":104607,"date":"2020-06-02T11:30:50","date_gmt":"2020-06-02T09:30:50","guid":{"rendered":"https:\/\/dutchhealthstore.com\/product\/ravensara-essential-oil\/"},"modified":"2024-03-08T14:53:18","modified_gmt":"2024-03-08T14:53:18","slug":"ravensara-essential-oil","status":"publish","type":"product","link":"https:\/\/dutchhealthstore.com\/de\/product\/ravensara-essential-oil\/","title":{"rendered":"Ravensara Essential Oil"},"content":{"rendered":"<p><img decoding=\"async\" class=\"size-full wp-image-69549 alignright\" src=\"https:\/\/dutchhealthstore.com\/wp-content\/uploads\/2019\/08\/NEW-Living-Libations-Logo.jpg\" alt=\"NEW - Living Libations - Logo\" width=\"175\" height=\"82\"><strong>Botanischer Name:<\/strong> Ravensara aromatica<br \/>\n<strong>Botanische Familie:<\/strong> Lauraceae<br \/>\n<strong>Extraktionsverfahren:<\/strong> Dampfdestilliert<br \/>\n<strong>Teil der Pflanze Destilliert:<\/strong> Bl\u00e4tter<br \/>\n<strong>Herkunftsland<\/strong>: Madagaskar<br \/>\n<strong>Anbaumethode:<\/strong> Bio<br \/>\n<strong>Zusammensetzung:<\/strong> 100% Ravensara aromatica<br \/>\n<strong>Konsistenz:<\/strong> Dickfl\u00fcssig<\/p>\n<h3>Beschreibung des Duftes<\/h3>\n<p>Kl\u00e4rend kampferartig, mit krautigen Noten von Eukalyptus, Rosmarin und Holz.<\/p>\n<h3>In Living Libations<\/h3>\n<p>Illume, Breathing Balm und Deep Breathing Blend.<\/p>\n<h3>Gut mischbar mit<\/h3>\n<p>Eukalyptus, Weihrauch, Pfefferminze, Oregano, Teebaum, Lavendel, Tamanu und Bergamotte.<\/p>\n<h3>Verwendet<\/h3>\n<p>Ein aromatherapeutisches Tonikum gegen die Tr\u00e4gheit der Wintermonate. Ausgezeichnet in einem Diffusor oder einer Salzpfeife. Wesentlich f\u00fcr die Inhalation bei Flugreisen. Kl\u00e4rend wie ein Brustbalsam. Ein paar Tropfen in ein warmes Meersalzbad geben. Reinigend und kl\u00e4rend f\u00fcr die Hautpflege.<\/p>\n<h3>Inhaltsstoffe<\/h3>\n<p>Hoher Gehalt an Limonen, Linalool, Alpha-Pinen, Delta-Caren, Sabinen und einer Vielzahl anderer potenter pflanzlicher Verbindungen.<\/p>\n<a href=\"https:\/\/dutchhealthstore.com\/wp-content\/uploads\/2020\/06\/ANALYSIS-Ravensara-Essential-Oil-Living-Libations-3.pdf%20\" class=\"button primary is-primary is-small\"  >\n\t\t<span>ANALYSE DER \u00c4THERISCHEN \u00d6LE &gt;<\/span>\n\t<\/a>\n\n<p>Unser Ravensara Essential Oil revitalisiert K\u00f6rper und Geist! Das aus den n\u00e4hrstoffreichen Regenw\u00e4ldern Madagaskars stammende \u00d6l enth\u00e4lt einen hohen Gehalt an Limonen, Linalool, Alpha-Pinen, Delta-Caren, Sabinen und einer Vielzahl anderer potenter Pflanzenstoffe.<\/p>\n<p>Es ist nicht reizend und kann wie \u00e4therisches Teebaum\u00f6l pur verwendet werden. Es ist eine erhebende Essenz, die kristalline Klarheit f\u00fcr Haut, Gehirn und Seele bietet.<\/p>\n<p><strong>Gr\u00f6\u00dfe: 5 ml und 15 ml<\/strong><\/p>\n<h3>Bio-Zutaten<\/h3>\n<p>100% Ravensara (Ravensara aromatica) \u00e4therisches \u00d6l.<\/p>\n<p style=\"text-align: center;\"><em>&#8222;Ravensara ist von besonderem Wert, weil es sehr gut vertr\u00e4glich ist, egal ob es eingeatmet oder \u00e4u\u00dferlich angewendet wird. Seine Sanftheit ist dem echten Lavendel ebenb\u00fcrtig.&#8220;<\/em><br \/>\n~ Kurt Schnaubelt, <strong>Advanced Aromatherapy<\/strong><\/p>\n<p>&nbsp;<\/p>\n<p><img fetchpriority=\"high\" decoding=\"async\" class=\"size-medium wp-image-68103 aligncenter\" src=\"https:\/\/dutchhealthstore.com\/wp-content\/uploads\/2018\/02\/Living-Libations-Organic-Logo-800x89.png\" alt=\"Living Libations - Organic Logo\" width=\"800\" height=\"89\" srcset=\"https:\/\/dutchhealthstore.com\/wp-content\/uploads\/2018\/02\/Living-Libations-Organic-Logo-800x89.png 800w, https:\/\/dutchhealthstore.com\/wp-content\/uploads\/2018\/02\/Living-Libations-Organic-Logo-510x57.png 510w, https:\/\/dutchhealthstore.com\/wp-content\/uploads\/2018\/02\/Living-Libations-Organic-Logo-768x85.png 768w, https:\/\/dutchhealthstore.com\/wp-content\/uploads\/2018\/02\/Living-Libations-Organic-Logo.png 1400w\" sizes=\"(max-width: 800px) 100vw, 800px\" \/><\/p>\n","protected":false},"excerpt":{"rendered":"<p>Das erfrischende <strong>Ravensara Essential Oil<\/strong> wird aus den Bl\u00e4ttern von Ravensara aromatica, einem Mitglied der Familie der Lorbeergew\u00e4chse, dampfdestilliert. Dieses in Madagaskar biologisch geerntete \u00d6l ist daf\u00fcr bekannt, dass es sanft, aber dennoch sehr kl\u00e4rend und wirksam ist.<\/p>\n<p>Selten findet man ein \u00d6l, das so kraftvoll ist und doch so gut von empfindlicher Haut vertragen wird. Die aromatischen Anwendungsm\u00f6glichkeiten sind endlos und wir bezeichnen diese Essenz gerne als die Echinacea der Aromatherapie.<\/p>\n","protected":false},"featured_media":29974,"comment_status":"open","ping_status":"closed","template":"","meta":[],"product_brand":[],"product_cat":[1546,6737,1508,1493,1210,6736],"product_tag":[1547],"class_list":{"0":"post-104607","1":"product","2":"type-product","3":"status-publish","4":"has-post-thumbnail","6":"product_cat-essential-oils-living-libations-de","7":"product_cat-essential-oils-de-2","8":"product_cat-aetherische-oele-living-libations","9":"product_cat-living-libations-deutschland","10":"product_cat-marken","11":"product_cat-wellness-de","12":"product_tag-essential-oil-de","13":"pa_brand-livinglibations-de","14":"pa_essential-oils-product-type-essential-oils-de","15":"pa_size-15-ml-de-2","16":"pa_size-5-ml-de","18":"first","19":"instock","20":"taxable","21":"shipping-taxable","22":"purchasable","23":"product-type-variable"},"bundled_by":[],"bundle_stock_status":"instock","bundle_stock_quantity":null,"bundle_virtual":false,"bundle_layout":"","bundle_add_to_cart_form_location":"","bundle_editable_in_cart":false,"bundle_sold_individually_context":"","bundle_item_grouping":"","bundle_min_size":"","bundle_max_size":"","bundle_price":[],"bundled_items":[],"bundle_sell_ids":[],"atum_controlled":true,"out_stock_date":null,"out_stock_threshold":null,"inheritable":true,"stock_on_hold":0,"sold_today":0,"sales_last_days":0,"out_stock_days":0,"lost_sales":0,"update_date":"2026-05-01T00:14:20","atum_locations":[],"atum_stock_status":"instock","restock_status":false,"low_stock_amount":"","sales_update_date":"2026-05-01T00:14:20","calc_backorders":null,"group_of_quantity":0,"min_quantity":0,"max_quantity":"","exclude_order_quantity_value_rules":"no","exclude_category_quantity_rules":"no","combine_variations":"no","yoast_head":"<!-- This site is optimized with the Yoast SEO Premium plugin v26.5 (Yoast SEO v26.5) - https:\/\/yoast.com\/wordpress\/plugins\/seo\/ -->\n<title>Ravensara Essential Oil | Living Libations<\/title>\n<meta name=\"description\" content=\"Das erfrischende Ravensara Essential Oil wird aus den Bl\u00e4ttern von Ravensara aromatica, einem Mitglied der Familie der Lorbeergew\u00e4chse, dampfdestilliert.\" \/>\n<meta name=\"robots\" content=\"index, follow, max-snippet:-1, max-image-preview:large, max-video-preview:-1\" \/>\n<link rel=\"canonical\" href=\"https:\/\/dutchhealthstore.com\/de\/product\/ravensara-essential-oil\/\" \/>\n<meta property=\"og:locale\" content=\"de_DE\" \/>\n<meta property=\"og:type\" content=\"article\" \/>\n<meta property=\"og:title\" content=\"Ravensara Essential Oil - Dutch Health Store\" \/>\n<meta property=\"og:description\" content=\"Das erfrischende Ravensara Essential Oil wird aus den Bl\u00e4ttern von Ravensara aromatica, einem Mitglied der Familie der Lorbeergew\u00e4chse, dampfdestilliert.\" \/>\n<meta property=\"og:url\" content=\"https:\/\/dutchhealthstore.com\/de\/product\/ravensara-essential-oil\/\" \/>\n<meta property=\"og:site_name\" content=\"Dutch Health Store\" \/>\n<meta property=\"article:publisher\" content=\"https:\/\/www.instagram.com\/dutchhealthstore\/\" \/>\n<meta property=\"article:modified_time\" content=\"2024-03-08T14:53:18+00:00\" \/>\n<meta property=\"og:image\" content=\"https:\/\/dutchhealthstore.com\/wp-content\/uploads\/2018\/02\/Ravensara-Essential-Oil.jpg\" \/>\n\t<meta property=\"og:image:width\" content=\"500\" \/>\n\t<meta property=\"og:image:height\" content=\"500\" \/>\n\t<meta property=\"og:image:type\" content=\"image\/jpeg\" \/>\n<meta name=\"twitter:card\" content=\"summary_large_image\" \/>\n<meta name=\"twitter:label1\" content=\"Verf\u00fcgbarkeit\" \/>\n\t<meta name=\"twitter:data1\" content=\"Auf Lager\" \/>\n<script type=\"application\/ld+json\" class=\"yoast-schema-graph\">{\"@context\":\"https:\/\/schema.org\",\"@graph\":[{\"@type\":\"WebPage\",\"@id\":\"https:\/\/dutchhealthstore.com\/de\/product\/ravensara-essential-oil\/\",\"url\":\"https:\/\/dutchhealthstore.com\/de\/product\/ravensara-essential-oil\/\",\"name\":\"Ravensara Essential Oil | Living Libations\",\"isPartOf\":{\"@id\":\"https:\/\/dutchhealthstore.com\/de\/#website\"},\"primaryImageOfPage\":{\"@id\":\"https:\/\/dutchhealthstore.com\/de\/product\/ravensara-essential-oil\/#primaryimage\"},\"image\":{\"@id\":\"https:\/\/dutchhealthstore.com\/de\/product\/ravensara-essential-oil\/#primaryimage\"},\"thumbnailUrl\":\"https:\/\/dutchhealthstore.com\/wp-content\/uploads\/2018\/02\/Ravensara-Essential-Oil.jpg\",\"datePublished\":\"2020-06-02T09:30:50+00:00\",\"dateModified\":\"2024-03-08T14:53:18+00:00\",\"description\":\"Das erfrischende Ravensara Essential Oil wird aus den Bl\u00e4ttern von Ravensara aromatica, einem Mitglied der Familie der Lorbeergew\u00e4chse, dampfdestilliert.\",\"breadcrumb\":{\"@id\":\"https:\/\/dutchhealthstore.com\/de\/product\/ravensara-essential-oil\/#breadcrumb\"},\"inLanguage\":\"de\",\"potentialAction\":[{\"@type\":\"ReadAction\",\"target\":[\"https:\/\/dutchhealthstore.com\/de\/product\/ravensara-essential-oil\/\"]}]},{\"@type\":\"ImageObject\",\"inLanguage\":\"de\",\"@id\":\"https:\/\/dutchhealthstore.com\/de\/product\/ravensara-essential-oil\/#primaryimage\",\"url\":\"https:\/\/dutchhealthstore.com\/wp-content\/uploads\/2018\/02\/Ravensara-Essential-Oil.jpg\",\"contentUrl\":\"https:\/\/dutchhealthstore.com\/wp-content\/uploads\/2018\/02\/Ravensara-Essential-Oil.jpg\",\"width\":500,\"height\":500},{\"@type\":\"BreadcrumbList\",\"@id\":\"https:\/\/dutchhealthstore.com\/de\/product\/ravensara-essential-oil\/#breadcrumb\",\"itemListElement\":[{\"@type\":\"ListItem\",\"position\":1,\"name\":\"Home\",\"item\":\"https:\/\/dutchhealthstore.com\/de\/\"},{\"@type\":\"ListItem\",\"position\":2,\"name\":\"Shop\",\"item\":\"https:\/\/dutchhealthstore.com\/de\/shop-2\/\"},{\"@type\":\"ListItem\",\"position\":3,\"name\":\"Ravensara Essential Oil\"}]},{\"@type\":\"WebSite\",\"@id\":\"https:\/\/dutchhealthstore.com\/de\/#website\",\"url\":\"https:\/\/dutchhealthstore.com\/de\/\",\"name\":\"Dutch Health Store\",\"description\":\"Enhance Your Beauty with Organic &amp; Natural Skincare\",\"publisher\":{\"@id\":\"https:\/\/dutchhealthstore.com\/de\/#organization\"},\"potentialAction\":[{\"@type\":\"SearchAction\",\"target\":{\"@type\":\"EntryPoint\",\"urlTemplate\":\"https:\/\/dutchhealthstore.com\/de\/?s={search_term_string}\"},\"query-input\":{\"@type\":\"PropertyValueSpecification\",\"valueRequired\":true,\"valueName\":\"search_term_string\"}}],\"inLanguage\":\"de\"},{\"@type\":\"Organization\",\"@id\":\"https:\/\/dutchhealthstore.com\/de\/#organization\",\"name\":\"Dutch Health Store\",\"url\":\"https:\/\/dutchhealthstore.com\/de\/\",\"logo\":{\"@type\":\"ImageObject\",\"inLanguage\":\"de\",\"@id\":\"https:\/\/dutchhealthstore.com\/de\/#\/schema\/logo\/image\/\",\"url\":\"https:\/\/dutchhealthstore.com\/wp-content\/uploads\/2020\/08\/logo-dutchhealthstore-jpg-e1599484957574.jpg\",\"contentUrl\":\"https:\/\/dutchhealthstore.com\/wp-content\/uploads\/2020\/08\/logo-dutchhealthstore-jpg-e1599484957574.jpg\",\"width\":400,\"height\":62,\"caption\":\"Dutch Health Store\"},\"image\":{\"@id\":\"https:\/\/dutchhealthstore.com\/de\/#\/schema\/logo\/image\/\"},\"sameAs\":[\"https:\/\/www.instagram.com\/dutchhealthstore\/\",\"https:\/\/www.facebook.com\/dutchhealthstore\"]}]}<\/script>\n<meta property=\"product:brand\" content=\"Living Libations\" \/>\n<meta property=\"og:availability\" content=\"instock\" \/>\n<meta property=\"product:availability\" content=\"instock\" \/>\n<meta property=\"product:condition\" content=\"new\" \/>\n<!-- \/ Yoast SEO Premium plugin. -->","yoast_head_json":{"title":"Ravensara Essential Oil | Living Libations","description":"Das erfrischende Ravensara Essential Oil wird aus den Bl\u00e4ttern von Ravensara aromatica, einem Mitglied der Familie der Lorbeergew\u00e4chse, dampfdestilliert.","robots":{"index":"index","follow":"follow","max-snippet":"max-snippet:-1","max-image-preview":"max-image-preview:large","max-video-preview":"max-video-preview:-1"},"canonical":"https:\/\/dutchhealthstore.com\/de\/product\/ravensara-essential-oil\/","og_locale":"de_DE","og_type":"article","og_title":"Ravensara Essential Oil - Dutch Health Store","og_description":"Das erfrischende Ravensara Essential Oil wird aus den Bl\u00e4ttern von Ravensara aromatica, einem Mitglied der Familie der Lorbeergew\u00e4chse, dampfdestilliert.","og_url":"https:\/\/dutchhealthstore.com\/de\/product\/ravensara-essential-oil\/","og_site_name":"Dutch Health Store","article_publisher":"https:\/\/www.instagram.com\/dutchhealthstore\/","article_modified_time":"2024-03-08T14:53:18+00:00","og_image":[{"width":500,"height":500,"url":"https:\/\/dutchhealthstore.com\/wp-content\/uploads\/2018\/02\/Ravensara-Essential-Oil.jpg","type":"image\/jpeg"}],"twitter_card":"summary_large_image","twitter_misc":{"Verf\u00fcgbarkeit":"Auf Lager"},"schema":{"@context":"https:\/\/schema.org","@graph":[{"@type":"WebPage","@id":"https:\/\/dutchhealthstore.com\/de\/product\/ravensara-essential-oil\/","url":"https:\/\/dutchhealthstore.com\/de\/product\/ravensara-essential-oil\/","name":"Ravensara Essential Oil | Living Libations","isPartOf":{"@id":"https:\/\/dutchhealthstore.com\/de\/#website"},"primaryImageOfPage":{"@id":"https:\/\/dutchhealthstore.com\/de\/product\/ravensara-essential-oil\/#primaryimage"},"image":{"@id":"https:\/\/dutchhealthstore.com\/de\/product\/ravensara-essential-oil\/#primaryimage"},"thumbnailUrl":"https:\/\/dutchhealthstore.com\/wp-content\/uploads\/2018\/02\/Ravensara-Essential-Oil.jpg","datePublished":"2020-06-02T09:30:50+00:00","dateModified":"2024-03-08T14:53:18+00:00","description":"Das erfrischende Ravensara Essential Oil wird aus den Bl\u00e4ttern von Ravensara aromatica, einem Mitglied der Familie der Lorbeergew\u00e4chse, dampfdestilliert.","breadcrumb":{"@id":"https:\/\/dutchhealthstore.com\/de\/product\/ravensara-essential-oil\/#breadcrumb"},"inLanguage":"de","potentialAction":[{"@type":"ReadAction","target":["https:\/\/dutchhealthstore.com\/de\/product\/ravensara-essential-oil\/"]}]},{"@type":"ImageObject","inLanguage":"de","@id":"https:\/\/dutchhealthstore.com\/de\/product\/ravensara-essential-oil\/#primaryimage","url":"https:\/\/dutchhealthstore.com\/wp-content\/uploads\/2018\/02\/Ravensara-Essential-Oil.jpg","contentUrl":"https:\/\/dutchhealthstore.com\/wp-content\/uploads\/2018\/02\/Ravensara-Essential-Oil.jpg","width":500,"height":500},{"@type":"BreadcrumbList","@id":"https:\/\/dutchhealthstore.com\/de\/product\/ravensara-essential-oil\/#breadcrumb","itemListElement":[{"@type":"ListItem","position":1,"name":"Home","item":"https:\/\/dutchhealthstore.com\/de\/"},{"@type":"ListItem","position":2,"name":"Shop","item":"https:\/\/dutchhealthstore.com\/de\/shop-2\/"},{"@type":"ListItem","position":3,"name":"Ravensara Essential Oil"}]},{"@type":"WebSite","@id":"https:\/\/dutchhealthstore.com\/de\/#website","url":"https:\/\/dutchhealthstore.com\/de\/","name":"Dutch Health Store","description":"Enhance Your Beauty with Organic &amp; Natural Skincare","publisher":{"@id":"https:\/\/dutchhealthstore.com\/de\/#organization"},"potentialAction":[{"@type":"SearchAction","target":{"@type":"EntryPoint","urlTemplate":"https:\/\/dutchhealthstore.com\/de\/?s={search_term_string}"},"query-input":{"@type":"PropertyValueSpecification","valueRequired":true,"valueName":"search_term_string"}}],"inLanguage":"de"},{"@type":"Organization","@id":"https:\/\/dutchhealthstore.com\/de\/#organization","name":"Dutch Health Store","url":"https:\/\/dutchhealthstore.com\/de\/","logo":{"@type":"ImageObject","inLanguage":"de","@id":"https:\/\/dutchhealthstore.com\/de\/#\/schema\/logo\/image\/","url":"https:\/\/dutchhealthstore.com\/wp-content\/uploads\/2020\/08\/logo-dutchhealthstore-jpg-e1599484957574.jpg","contentUrl":"https:\/\/dutchhealthstore.com\/wp-content\/uploads\/2020\/08\/logo-dutchhealthstore-jpg-e1599484957574.jpg","width":400,"height":62,"caption":"Dutch Health Store"},"image":{"@id":"https:\/\/dutchhealthstore.com\/de\/#\/schema\/logo\/image\/"},"sameAs":["https:\/\/www.instagram.com\/dutchhealthstore\/","https:\/\/www.facebook.com\/dutchhealthstore"]}]},"product_brand":"Living Libations","og_availability":"instock","product_availability":"instock","product_condition":"new"},"_links":{"self":[{"href":"https:\/\/dutchhealthstore.com\/de\/wp-json\/wp\/v2\/product\/104607","targetHints":{"allow":["GET"]}}],"collection":[{"href":"https:\/\/dutchhealthstore.com\/de\/wp-json\/wp\/v2\/product"}],"about":[{"href":"https:\/\/dutchhealthstore.com\/de\/wp-json\/wp\/v2\/types\/product"}],"replies":[{"embeddable":true,"href":"https:\/\/dutchhealthstore.com\/de\/wp-json\/wp\/v2\/comments?post=104607"}],"wp:featuredmedia":[{"embeddable":true,"href":"https:\/\/dutchhealthstore.com\/de\/wp-json\/wp\/v2\/media\/29974"}],"wp:attachment":[{"href":"https:\/\/dutchhealthstore.com\/de\/wp-json\/wp\/v2\/media?parent=104607"}],"wp:term":[{"taxonomy":"product_brand","embeddable":true,"href":"https:\/\/dutchhealthstore.com\/de\/wp-json\/wp\/v2\/product_brand?post=104607"},{"taxonomy":"product_cat","embeddable":true,"href":"https:\/\/dutchhealthstore.com\/de\/wp-json\/wp\/v2\/product_cat?post=104607"},{"taxonomy":"product_tag","embeddable":true,"href":"https:\/\/dutchhealthstore.com\/de\/wp-json\/wp\/v2\/product_tag?post=104607"}],"curies":[{"name":"wp","href":"https:\/\/api.w.org\/{rel}","templated":true}]}}