{"id":104563,"date":"2020-01-30T11:03:46","date_gmt":"2020-01-30T10:03:46","guid":{"rendered":"https:\/\/dutchhealthstore.com\/product\/mint-condition-mineral-tooth-powder-brightening-whitening\/"},"modified":"2026-03-28T13:01:59","modified_gmt":"2026-03-28T12:01:59","slug":"mint-condition-mineral-tooth-powder-brightening-whitening","status":"publish","type":"product","link":"https:\/\/dutchhealthstore.com\/de\/product\/mint-condition-mineral-tooth-powder-brightening-whitening\/","title":{"rendered":"Mint Condition Mineral Tooth Powder"},"content":{"rendered":"<p>F\u00fcttern Sie das g\u00f6ttliche Design Ihrer Z\u00e4hne mit einem Zahnpulver, das sie aufhellt und wei\u00dfer macht.<br \/>\nDieses mineralisierende Zahnpulver bringt Ihre Z\u00e4hne in einen neuwertigen Zustand. Alkalisieren und versch\u00f6nern Sie Ihre Z\u00e4hne mit einer aus der Natur stammenden Zahnpolitur.<br \/>\nLiving Libations<strong> Mint Condition Mineral Tooth Powder<\/strong> ist ein sanftes Peeling-Elixier, das die Z\u00e4hne poliert und eine optimale Mund\u00f6kologie harmonisiert. Einige Aufhellungsprodukte verwenden scharfe Bleichmittel, doch dieser sanfte pflanzliche Aufheller n\u00e4hrt die Z\u00e4hne mit bioverf\u00fcgbaren Mineralien.<\/p>\n<p><strong>Mint Condition Mineral Tooth Powder <\/strong>l\u00e4sst Sie im Licht Ihres wei\u00dfesten L\u00e4chelns erstrahlen.<\/p>\n<h3>Use<\/h3>\n<p>Geben Sie eine Prise auf eine trockene Zahnb\u00fcrste oder verst\u00e4rken Sie Ihr Protokoll, indem Sie einen Tropfen des Living Libations Zahnserums hinzuf\u00fcgen. F\u00fcgen Sie eine Prise zu einer Unze Wasser hinzu und sp\u00fclen, sp\u00fclen, sp\u00fclen, um die S\u00e4ure zwischen dem B\u00fcrsten zu neutralisieren.<\/p>\n<h3 class=\"yikes-custom-woo-tab-title yikes-custom-woo-tab-title-natural-organic-ingredients\">Nat\u00fcrliche\/Organische Inhaltsstoffe<\/h3>\n<p><strong>Kaolin-Tonerde <\/strong><em>(Kaolinit<\/em>) &#8211; Hochwertige Kaolin-Tonerde ist ein kiesels\u00e4urereiches Heilmittel. Unsere Vorfahren waren der Meinung, dass dieser Schmutz hervorragend f\u00fcr die Zahnpflege geeignet ist. Tonerde funktioniert im Wesentlichen wie ein Magnet; wenn Tonerde mit Speichel vermischt wird, werden die Molek\u00fcle elektrisch aktiviert und ziehen Mikropartikel von Giftstoffen und Verunreinigungen heraus. Es peelt sanft und effektiv, ohne den Zahnschmelz anzugreifen.<\/p>\n<p><strong>Kokosnuss-MCT-Pulver<\/strong> (<i><em>Kokosnuss nucifera<\/em><\/i>) &#8211; Dieses pulverisierte Lipid dient in dieser Politur f\u00fcr empfindliche Z\u00e4hne als Schmiermittel und f\u00fcgt au\u00dferdem N\u00e4hrstoffe hinzu. MCT-Pulver ist eine getrocknete, pulverisierte Form von mittelkettigen Triglyceriden. Unraffinierte Bio-Kokosnuss enth\u00e4lt von Natur aus sowohl mittelkettige Triglyceride (MCT) als auch langkettige Triglyceride (LCT). Die MCT, einschlie\u00dflich Caprons\u00e4ure, Capryls\u00e4ure und Caprins\u00e4ure, werden extrahiert, um ein konzentriertes \u00d6l mit allen vorteilhaften Bestandteilen des Kokosnuss\u00f6ls zu erhalten. F\u00fcr die Herstellung eines Essl\u00f6ffels MCT-\u00d6l auf Kokos\u00f6lbasis ben\u00f6tigt man etwa 20 Essl\u00f6ffel gew\u00f6hnliches Kokos\u00f6l. MCT-\u00d6l ist reich an n\u00fctzlichen N\u00e4hrstoffen.<\/p>\n<p><strong>Backpulver <\/strong><em>(Natriumbikarbonat<\/em>) &#8211; Z\u00e4hne gedeihen gut, wenn sie in einem Meer von s\u00fc\u00dfem Speichel gebadet werden, und Backpulver puffert und neutralisiert Speises\u00e4uren. Backpulver ist nicht nur ein wirksames Reinigungsmittel, sondern auch sanft. Es hat eine deutlich geringere Abrasivit\u00e4t als die in handels\u00fcblichen Zahnpasten verwendeten Reinigungsmittel aus Kreide und Kieselerde, und die nat\u00fcrliche Alkalit\u00e4t des Natrons neutralisiert die bakterielle S\u00e4ure.<\/p>\n<p><strong>Kalzium aus Lithothamnium calcareum <\/strong><i><em>&#8211; <\/em><\/i>Das hochwertige Kalzium in unserem Pulverpoliermittel ist zu 100% biologisch zertifiziert und wird aus der Meerespflanze Rotalge gewonnen, die an der Nordwestk\u00fcste Islands w\u00e4chst. Diese besondere Meerespflanze verbringt ihr f\u00fcnfj\u00e4hriges Leben damit, Mineralien aus dem atlantischen Wasser zu absorbieren, und enth\u00e4lt 34% elementares Kalzium und 72 weitere Spurenelemente. Reife Pflanzen setzen sich auf nat\u00fcrliche Weise auf dem Meeresgrund ab, wo sie nachhaltig geerntet und an Land gebracht werden, wo sie gewaschen, getrocknet und pulverisiert werden. Es wird nichts weiter hinzugef\u00fcgt. Es handelt sich um schadstofffreies, veganes Kalzium aus sauberen Quellen, das nicht aus Kalkstein, Kreide, Tierknochen, Korallen, Muscheln oder Milchprodukten gewonnen wird. Es wird in Island unter strenger ISO 9001-2000 Zertifizierung geerntet. Es ist biologisch, koscher, Halal zertifiziert und GRAS.<\/p>\n<p><strong>Magnesium <\/strong><em>(Magnesiumhydroxid<\/em>) &#8211; Mighty Magnesium wird auf nat\u00fcrliche Weise aus dem sauberen, mineralreichen Meerwasser vor der irischen Atlantikk\u00fcste gewonnen. Es entsteht, wenn Kalziumoxid mit dem Magnesium des Meerwassers reagiert und zu einem feinen, hochwertigen Magnesiumhydroxid-Pulver zerbr\u00f6ckelt. Diese Form des Magnesiums ist gut l\u00f6slich und maximiert eine Multi-Mineral-Matrix aus 74 reinen Pflanzen- und Spurenmineralien, die synergetisch zusammenwirken, um die Bioverf\u00fcgbarkeit zu erh\u00f6hen.<\/p>\n<p><strong>Meersalz <\/strong><em>(Natriumchlorid<\/em>) &#8211; Meersalz ist ein alkalischer Verb\u00fcndeter f\u00fcr unsere Mund\u00f6kologie, da es die gleiche Konzentration an Mineralien wie Meerwasser enth\u00e4lt. Es ist reich an Mineralien, die f\u00fcr die intrazellul\u00e4re Kommunikation wichtig sind: Magnesium, Kalzium, Natrium, Kalium und Spurenmineralien.<\/p>\n<p><strong>Probiotika<\/strong> <em>(L. plantarum, B. bifidum und B. longum)<\/em> &#8211; F\u00fcllen Sie das Konto des K\u00f6rpers mit n\u00fctzlichen Bakterien auf, indem Sie es mit Probiotika aufpolieren. Diese probiotischen St\u00e4mme haben eine bew\u00e4hrte Haltbarkeit von zwei Jahren ohne K\u00fchlung und sind vegan, glutenfrei und milchfrei.<\/p>\n<p><strong>Vitamin D3 <\/strong><em>(Cholecalciferol<\/em>) &#8211; Das lebenswichtige Vitamin D3 ist ein fettl\u00f6slicher N\u00e4hrstoff, der als bester Partner von Kalzium bekannt ist; gemeinsam sorgen sie f\u00fcr ein ausgeglichenes Wohlbefinden.<\/p>\n<p><strong>Pfefferminze ( <\/strong><i><em>Mentha piperita<\/em><\/i>) &#8211; Der k\u00fchle, luftige Geschmack der Pfefferminze sorgt f\u00fcr einen lang anhaltend frischen Atem. Unsere Pfefferminze ist eine echte Destillation der frischen Bl\u00e4tter und stammt von einer franz\u00f6sischen Brennerfamilie in der vierten Generation. Die Pfefferminze in handels\u00fcblicher Zahnpasta ist k\u00fcnstliches Menthol und dient nur der Geschmacksgebung. Echte Pfefferminze ist ein wirksamer und angenehmer Freund f\u00fcr die Mundpflege. Es hemmt auch die Bakterien, die schlechten Atem verursachen.<\/p>\n<p><strong>Krauseminze<\/strong> <i><em>(Mentha spicata)<\/em><\/i> &#8211; Die spritzige Krauseminze ist die sanftere, zur\u00fcckhaltendere Cousine der Pfefferminze. Frische, duftende Minze bes\u00e4nftigt die Sinne mit einem Hauch von minziger Pracht! Es wurde im Laufe der Geschichte zur Behandlung aller m\u00f6glichen Beschwerden angeboten, darunter Verdauungsst\u00f6rungen, Kopfschmerzen und Atemwegsinfektionen. Die alten Griechen w\u00e4hlten die Minze, um Infektionen zu behandeln und ihr Badewasser zu parf\u00fcmieren, w\u00e4hrend mittelalterliche \u00c4rzte das Kraut verschrieben, um den Atem zu erfrischen, die Z\u00e4hne aufzuhellen und wundes, geschwollenes Zahnfleisch zu beruhigen. Die amerikanischen Ureinwohner verwendeten die Minze, um den Appetit zu steigern und die Mundpflege zu unterst\u00fctzen. Minze ist ein starkes antibakterielles Mittel; in einer 2001 von H. Imai durchgef\u00fchrten Studie hemmte Minze wirksam das Wachstum verschiedener Bakterien, darunter MRSA und <i><em>E. coli.<\/em><\/i><\/p>\n<p><img fetchpriority=\"high\" decoding=\"async\" class=\"size-medium wp-image-68103 aligncenter\" src=\"https:\/\/dutchhealthstore.com\/wp-content\/uploads\/2018\/02\/Living-Libations-Organic-Logo-800x89.png\" alt=\"Living Libations - Organic Logo\" width=\"800\" height=\"89\" srcset=\"https:\/\/dutchhealthstore.com\/wp-content\/uploads\/2018\/02\/Living-Libations-Organic-Logo-800x89.png 800w, https:\/\/dutchhealthstore.com\/wp-content\/uploads\/2018\/02\/Living-Libations-Organic-Logo-510x57.png 510w, https:\/\/dutchhealthstore.com\/wp-content\/uploads\/2018\/02\/Living-Libations-Organic-Logo-768x85.png 768w, https:\/\/dutchhealthstore.com\/wp-content\/uploads\/2018\/02\/Living-Libations-Organic-Logo.png 1400w\" sizes=\"(max-width: 800px) 100vw, 800px\" \/><\/p>\n<p>&nbsp;<\/p>\n","protected":false},"excerpt":{"rendered":"<p>F\u00fcttern Sie das g\u00f6ttliche Design Ihrer Z\u00e4hne mit einem Zahnpulver, das sie aufhellt und wei\u00dfer macht.<br \/>\nDieses mineralisierende Zahnpulver bringt Ihre Z\u00e4hne in einen neuwertigen Zustand. Alkalisieren und versch\u00f6nern Sie Ihre Z\u00e4hne mit einer aus der Natur stammenden Zahnpolitur.<\/p>\n<p>Living Libations <strong>Mint Condition Mineral Tooth Powder <\/strong>ist ein sanftes Peeling-Elixier, das die Z\u00e4hne poliert und eine optimale Mund\u00f6kologie harmonisiert. Einige Aufhellungsprodukte verwenden scharfe Bleichmittel, doch dieser sanfte pflanzliche Aufheller n\u00e4hrt die Z\u00e4hne mit bioverf\u00fcgbaren Mineralien.<\/p>\n<p><strong>Mint Condition Mineral Tooth Powder <\/strong>l\u00e4sst Sie im Licht Ihres wei\u00dfesten L\u00e4chelns erstrahlen.<\/p>\n","protected":false},"featured_media":91625,"comment_status":"open","ping_status":"closed","template":"","meta":[],"product_brand":[],"product_cat":[1032,1493,1210,511,1992,2188,1038],"product_tag":[4368,21810,21809,21641],"class_list":{"0":"post-104563","1":"product","2":"type-product","3":"status-publish","4":"has-post-thumbnail","6":"product_cat-kategorien","7":"product_cat-living-libations-deutschland","8":"product_cat-marken","9":"product_cat-produkte","10":"product_cat-dental-care-de","11":"product_cat-zahnpasten","12":"product_cat-zahnpflege","13":"product_tag-dental-care-de","14":"product_tag-erfrischend","15":"product_tag-natural-de","16":"product_tag-toothpaste-de","17":"pa_brand-livinglibations-de","18":"pa_dental-care-product-type-toothpaste-de","19":"pa_gtin-7439657274251-de-2","20":"pa_size-30-ml-de","21":"pa_size-50-ml-de","23":"first","24":"instock","25":"taxable","26":"shipping-taxable","27":"purchasable","28":"product-type-variable"},"bundled_by":[],"bundle_stock_status":"instock","bundle_stock_quantity":null,"bundle_virtual":false,"bundle_layout":"","bundle_add_to_cart_form_location":"","bundle_editable_in_cart":false,"bundle_sold_individually_context":"","bundle_item_grouping":"","bundle_min_size":"","bundle_max_size":"","bundle_price":[],"bundled_items":[],"bundle_sell_ids":[103717],"atum_controlled":true,"out_stock_date":null,"out_stock_threshold":null,"inheritable":true,"stock_on_hold":1,"sold_today":0,"sales_last_days":0,"out_stock_days":0,"lost_sales":0,"update_date":"2026-04-13T00:03:16","atum_locations":[],"atum_stock_status":"instock","restock_status":false,"low_stock_amount":"","sales_update_date":"2026-04-13T00:03:16","calc_backorders":null,"group_of_quantity":0,"min_quantity":0,"max_quantity":"","exclude_order_quantity_value_rules":"no","exclude_category_quantity_rules":"no","combine_variations":"no","yoast_head":"<!-- This site is optimized with the Yoast SEO Premium plugin v26.5 (Yoast SEO v26.5) - https:\/\/yoast.com\/wordpress\/plugins\/seo\/ -->\n<title>Mint Condition Mineral Tooth Powder Brightening + Whitening | Living Libations<\/title>\n<meta name=\"description\" content=\"Living Libations Mint Condition Mineral Tooth Powder ist ein sanftes Peeling-Elixier, das die Z\u00e4hne poliert und eine optimale Mund\u00f6kologie harmonisiert.\" \/>\n<meta name=\"robots\" content=\"index, follow, max-snippet:-1, max-image-preview:large, max-video-preview:-1\" \/>\n<link rel=\"canonical\" href=\"https:\/\/dutchhealthstore.com\/de\/product\/mint-condition-mineral-tooth-powder-brightening-whitening\/\" \/>\n<meta property=\"og:locale\" content=\"de_DE\" \/>\n<meta property=\"og:type\" content=\"article\" \/>\n<meta property=\"og:title\" content=\"Mint Condition Mineral Tooth Powder - Dutch Health Store\" \/>\n<meta property=\"og:description\" content=\"Living Libations Mint Condition Mineral Tooth Powder ist ein sanftes Peeling-Elixier, das die Z\u00e4hne poliert und eine optimale Mund\u00f6kologie harmonisiert.\" \/>\n<meta property=\"og:url\" content=\"https:\/\/dutchhealthstore.com\/de\/product\/mint-condition-mineral-tooth-powder-brightening-whitening\/\" \/>\n<meta property=\"og:site_name\" content=\"Dutch Health Store\" \/>\n<meta property=\"article:publisher\" content=\"https:\/\/www.instagram.com\/dutchhealthstore\/\" \/>\n<meta property=\"article:modified_time\" content=\"2026-03-28T12:01:59+00:00\" \/>\n<meta property=\"og:image\" content=\"https:\/\/dutchhealthstore.com\/wp-content\/uploads\/2020\/01\/Living-Libations-Mint-Condition-Mineral-Tooth-Powder-Brightening-Whitening-3-e1597921728816.jpg\" \/>\n\t<meta property=\"og:image:width\" content=\"500\" \/>\n\t<meta property=\"og:image:height\" content=\"500\" \/>\n\t<meta property=\"og:image:type\" content=\"image\/jpeg\" \/>\n<meta name=\"twitter:card\" content=\"summary_large_image\" \/>\n<meta name=\"twitter:label1\" content=\"Verf\u00fcgbarkeit\" \/>\n\t<meta name=\"twitter:data1\" content=\"Auf Lager\" \/>\n<script type=\"application\/ld+json\" class=\"yoast-schema-graph\">{\"@context\":\"https:\/\/schema.org\",\"@graph\":[{\"@type\":\"WebPage\",\"@id\":\"https:\/\/dutchhealthstore.com\/de\/product\/mint-condition-mineral-tooth-powder-brightening-whitening\/\",\"url\":\"https:\/\/dutchhealthstore.com\/de\/product\/mint-condition-mineral-tooth-powder-brightening-whitening\/\",\"name\":\"Mint Condition Mineral Tooth Powder Brightening + Whitening | Living Libations\",\"isPartOf\":{\"@id\":\"https:\/\/dutchhealthstore.com\/de\/#website\"},\"primaryImageOfPage\":{\"@id\":\"https:\/\/dutchhealthstore.com\/de\/product\/mint-condition-mineral-tooth-powder-brightening-whitening\/#primaryimage\"},\"image\":{\"@id\":\"https:\/\/dutchhealthstore.com\/de\/product\/mint-condition-mineral-tooth-powder-brightening-whitening\/#primaryimage\"},\"thumbnailUrl\":\"https:\/\/dutchhealthstore.com\/wp-content\/uploads\/2020\/01\/Living-Libations-Mint-Condition-Mineral-Tooth-Powder-Brightening-Whitening1.jpg\",\"datePublished\":\"2020-01-30T10:03:46+00:00\",\"dateModified\":\"2026-03-28T12:01:59+00:00\",\"description\":\"Living Libations Mint Condition Mineral Tooth Powder ist ein sanftes Peeling-Elixier, das die Z\u00e4hne poliert und eine optimale Mund\u00f6kologie harmonisiert.\",\"breadcrumb\":{\"@id\":\"https:\/\/dutchhealthstore.com\/de\/product\/mint-condition-mineral-tooth-powder-brightening-whitening\/#breadcrumb\"},\"inLanguage\":\"de\",\"potentialAction\":[{\"@type\":\"ReadAction\",\"target\":[\"https:\/\/dutchhealthstore.com\/de\/product\/mint-condition-mineral-tooth-powder-brightening-whitening\/\"]}]},{\"@type\":\"ImageObject\",\"inLanguage\":\"de\",\"@id\":\"https:\/\/dutchhealthstore.com\/de\/product\/mint-condition-mineral-tooth-powder-brightening-whitening\/#primaryimage\",\"url\":\"https:\/\/dutchhealthstore.com\/wp-content\/uploads\/2020\/01\/Living-Libations-Mint-Condition-Mineral-Tooth-Powder-Brightening-Whitening1.jpg\",\"contentUrl\":\"https:\/\/dutchhealthstore.com\/wp-content\/uploads\/2020\/01\/Living-Libations-Mint-Condition-Mineral-Tooth-Powder-Brightening-Whitening1.jpg\",\"width\":1200,\"height\":1200,\"caption\":\"Living Libations - Mint Condition Mineral Tooth Powder Brightening + Whitening1\"},{\"@type\":\"BreadcrumbList\",\"@id\":\"https:\/\/dutchhealthstore.com\/de\/product\/mint-condition-mineral-tooth-powder-brightening-whitening\/#breadcrumb\",\"itemListElement\":[{\"@type\":\"ListItem\",\"position\":1,\"name\":\"Home\",\"item\":\"https:\/\/dutchhealthstore.com\/de\/\"},{\"@type\":\"ListItem\",\"position\":2,\"name\":\"Shop\",\"item\":\"https:\/\/dutchhealthstore.com\/de\/shop-2\/\"},{\"@type\":\"ListItem\",\"position\":3,\"name\":\"Mint Condition Mineral Tooth Powder\"}]},{\"@type\":\"WebSite\",\"@id\":\"https:\/\/dutchhealthstore.com\/de\/#website\",\"url\":\"https:\/\/dutchhealthstore.com\/de\/\",\"name\":\"Dutch Health Store\",\"description\":\"Enhance Your Beauty with Organic &amp; Natural Skincare\",\"publisher\":{\"@id\":\"https:\/\/dutchhealthstore.com\/de\/#organization\"},\"potentialAction\":[{\"@type\":\"SearchAction\",\"target\":{\"@type\":\"EntryPoint\",\"urlTemplate\":\"https:\/\/dutchhealthstore.com\/de\/?s={search_term_string}\"},\"query-input\":{\"@type\":\"PropertyValueSpecification\",\"valueRequired\":true,\"valueName\":\"search_term_string\"}}],\"inLanguage\":\"de\"},{\"@type\":\"Organization\",\"@id\":\"https:\/\/dutchhealthstore.com\/de\/#organization\",\"name\":\"Dutch Health Store\",\"url\":\"https:\/\/dutchhealthstore.com\/de\/\",\"logo\":{\"@type\":\"ImageObject\",\"inLanguage\":\"de\",\"@id\":\"https:\/\/dutchhealthstore.com\/de\/#\/schema\/logo\/image\/\",\"url\":\"https:\/\/dutchhealthstore.com\/wp-content\/uploads\/2020\/08\/logo-dutchhealthstore-jpg-e1599484957574.jpg\",\"contentUrl\":\"https:\/\/dutchhealthstore.com\/wp-content\/uploads\/2020\/08\/logo-dutchhealthstore-jpg-e1599484957574.jpg\",\"width\":400,\"height\":62,\"caption\":\"Dutch Health Store\"},\"image\":{\"@id\":\"https:\/\/dutchhealthstore.com\/de\/#\/schema\/logo\/image\/\"},\"sameAs\":[\"https:\/\/www.instagram.com\/dutchhealthstore\/\",\"https:\/\/www.facebook.com\/dutchhealthstore\"]}]}<\/script>\n<meta property=\"product:brand\" content=\"Living Libations\" \/>\n<meta property=\"og:availability\" content=\"instock\" \/>\n<meta property=\"product:availability\" content=\"instock\" \/>\n<meta property=\"product:condition\" content=\"new\" \/>\n<!-- \/ Yoast SEO Premium plugin. -->","yoast_head_json":{"title":"Mint Condition Mineral Tooth Powder Brightening + Whitening | Living Libations","description":"Living Libations Mint Condition Mineral Tooth Powder ist ein sanftes Peeling-Elixier, das die Z\u00e4hne poliert und eine optimale Mund\u00f6kologie harmonisiert.","robots":{"index":"index","follow":"follow","max-snippet":"max-snippet:-1","max-image-preview":"max-image-preview:large","max-video-preview":"max-video-preview:-1"},"canonical":"https:\/\/dutchhealthstore.com\/de\/product\/mint-condition-mineral-tooth-powder-brightening-whitening\/","og_locale":"de_DE","og_type":"article","og_title":"Mint Condition Mineral Tooth Powder - Dutch Health Store","og_description":"Living Libations Mint Condition Mineral Tooth Powder ist ein sanftes Peeling-Elixier, das die Z\u00e4hne poliert und eine optimale Mund\u00f6kologie harmonisiert.","og_url":"https:\/\/dutchhealthstore.com\/de\/product\/mint-condition-mineral-tooth-powder-brightening-whitening\/","og_site_name":"Dutch Health Store","article_publisher":"https:\/\/www.instagram.com\/dutchhealthstore\/","article_modified_time":"2026-03-28T12:01:59+00:00","og_image":[{"width":500,"height":500,"url":"https:\/\/dutchhealthstore.com\/wp-content\/uploads\/2020\/01\/Living-Libations-Mint-Condition-Mineral-Tooth-Powder-Brightening-Whitening-3-e1597921728816.jpg","type":"image\/jpeg"}],"twitter_card":"summary_large_image","twitter_misc":{"Verf\u00fcgbarkeit":"Auf Lager"},"schema":{"@context":"https:\/\/schema.org","@graph":[{"@type":"WebPage","@id":"https:\/\/dutchhealthstore.com\/de\/product\/mint-condition-mineral-tooth-powder-brightening-whitening\/","url":"https:\/\/dutchhealthstore.com\/de\/product\/mint-condition-mineral-tooth-powder-brightening-whitening\/","name":"Mint Condition Mineral Tooth Powder Brightening + Whitening | Living Libations","isPartOf":{"@id":"https:\/\/dutchhealthstore.com\/de\/#website"},"primaryImageOfPage":{"@id":"https:\/\/dutchhealthstore.com\/de\/product\/mint-condition-mineral-tooth-powder-brightening-whitening\/#primaryimage"},"image":{"@id":"https:\/\/dutchhealthstore.com\/de\/product\/mint-condition-mineral-tooth-powder-brightening-whitening\/#primaryimage"},"thumbnailUrl":"https:\/\/dutchhealthstore.com\/wp-content\/uploads\/2020\/01\/Living-Libations-Mint-Condition-Mineral-Tooth-Powder-Brightening-Whitening1.jpg","datePublished":"2020-01-30T10:03:46+00:00","dateModified":"2026-03-28T12:01:59+00:00","description":"Living Libations Mint Condition Mineral Tooth Powder ist ein sanftes Peeling-Elixier, das die Z\u00e4hne poliert und eine optimale Mund\u00f6kologie harmonisiert.","breadcrumb":{"@id":"https:\/\/dutchhealthstore.com\/de\/product\/mint-condition-mineral-tooth-powder-brightening-whitening\/#breadcrumb"},"inLanguage":"de","potentialAction":[{"@type":"ReadAction","target":["https:\/\/dutchhealthstore.com\/de\/product\/mint-condition-mineral-tooth-powder-brightening-whitening\/"]}]},{"@type":"ImageObject","inLanguage":"de","@id":"https:\/\/dutchhealthstore.com\/de\/product\/mint-condition-mineral-tooth-powder-brightening-whitening\/#primaryimage","url":"https:\/\/dutchhealthstore.com\/wp-content\/uploads\/2020\/01\/Living-Libations-Mint-Condition-Mineral-Tooth-Powder-Brightening-Whitening1.jpg","contentUrl":"https:\/\/dutchhealthstore.com\/wp-content\/uploads\/2020\/01\/Living-Libations-Mint-Condition-Mineral-Tooth-Powder-Brightening-Whitening1.jpg","width":1200,"height":1200,"caption":"Living Libations - Mint Condition Mineral Tooth Powder Brightening + Whitening1"},{"@type":"BreadcrumbList","@id":"https:\/\/dutchhealthstore.com\/de\/product\/mint-condition-mineral-tooth-powder-brightening-whitening\/#breadcrumb","itemListElement":[{"@type":"ListItem","position":1,"name":"Home","item":"https:\/\/dutchhealthstore.com\/de\/"},{"@type":"ListItem","position":2,"name":"Shop","item":"https:\/\/dutchhealthstore.com\/de\/shop-2\/"},{"@type":"ListItem","position":3,"name":"Mint Condition Mineral Tooth Powder"}]},{"@type":"WebSite","@id":"https:\/\/dutchhealthstore.com\/de\/#website","url":"https:\/\/dutchhealthstore.com\/de\/","name":"Dutch Health Store","description":"Enhance Your Beauty with Organic &amp; Natural Skincare","publisher":{"@id":"https:\/\/dutchhealthstore.com\/de\/#organization"},"potentialAction":[{"@type":"SearchAction","target":{"@type":"EntryPoint","urlTemplate":"https:\/\/dutchhealthstore.com\/de\/?s={search_term_string}"},"query-input":{"@type":"PropertyValueSpecification","valueRequired":true,"valueName":"search_term_string"}}],"inLanguage":"de"},{"@type":"Organization","@id":"https:\/\/dutchhealthstore.com\/de\/#organization","name":"Dutch Health Store","url":"https:\/\/dutchhealthstore.com\/de\/","logo":{"@type":"ImageObject","inLanguage":"de","@id":"https:\/\/dutchhealthstore.com\/de\/#\/schema\/logo\/image\/","url":"https:\/\/dutchhealthstore.com\/wp-content\/uploads\/2020\/08\/logo-dutchhealthstore-jpg-e1599484957574.jpg","contentUrl":"https:\/\/dutchhealthstore.com\/wp-content\/uploads\/2020\/08\/logo-dutchhealthstore-jpg-e1599484957574.jpg","width":400,"height":62,"caption":"Dutch Health Store"},"image":{"@id":"https:\/\/dutchhealthstore.com\/de\/#\/schema\/logo\/image\/"},"sameAs":["https:\/\/www.instagram.com\/dutchhealthstore\/","https:\/\/www.facebook.com\/dutchhealthstore"]}]},"product_brand":"Living Libations","og_availability":"instock","product_availability":"instock","product_condition":"new"},"_links":{"self":[{"href":"https:\/\/dutchhealthstore.com\/de\/wp-json\/wp\/v2\/product\/104563","targetHints":{"allow":["GET"]}}],"collection":[{"href":"https:\/\/dutchhealthstore.com\/de\/wp-json\/wp\/v2\/product"}],"about":[{"href":"https:\/\/dutchhealthstore.com\/de\/wp-json\/wp\/v2\/types\/product"}],"replies":[{"embeddable":true,"href":"https:\/\/dutchhealthstore.com\/de\/wp-json\/wp\/v2\/comments?post=104563"}],"wp:featuredmedia":[{"embeddable":true,"href":"https:\/\/dutchhealthstore.com\/de\/wp-json\/wp\/v2\/media\/91625"}],"wp:attachment":[{"href":"https:\/\/dutchhealthstore.com\/de\/wp-json\/wp\/v2\/media?parent=104563"}],"wp:term":[{"taxonomy":"product_brand","embeddable":true,"href":"https:\/\/dutchhealthstore.com\/de\/wp-json\/wp\/v2\/product_brand?post=104563"},{"taxonomy":"product_cat","embeddable":true,"href":"https:\/\/dutchhealthstore.com\/de\/wp-json\/wp\/v2\/product_cat?post=104563"},{"taxonomy":"product_tag","embeddable":true,"href":"https:\/\/dutchhealthstore.com\/de\/wp-json\/wp\/v2\/product_tag?post=104563"}],"curies":[{"name":"wp","href":"https:\/\/api.w.org\/{rel}","templated":true}]}}