{"id":104300,"date":"2018-02-10T16:04:00","date_gmt":"2018-02-10T15:04:00","guid":{"rendered":"https:\/\/dutchhealthstore.com\/product\/holistic-dental-care\/"},"modified":"2026-01-22T22:09:20","modified_gmt":"2026-01-22T21:09:20","slug":"holistic-dental-care","status":"publish","type":"product","link":"https:\/\/dutchhealthstore.com\/de\/product\/holistic-dental-care\/","title":{"rendered":"Holistic Dental Care, The Complete Guide To Healthy Teeth And Gums"},"content":{"rendered":"<p><img decoding=\"async\" class=\"alignright wp-image-56011\" src=\"https:\/\/dutchhealthstore.com\/wp-content\/uploads\/2019\/04\/logo.png\" alt=\"Living libations logo\" width=\"200\" height=\"59\"><\/p>\n<p>Die Expertin f\u00fcr Zahngesundheit und Autorin Nadine Artemis nimmt die Leser mit auf eine Reise durch die \u00d6kologie des Mundes und beschreibt die Physiologie der Z\u00e4hne und die Ursachen von Bakterien und Karies. Artemis enth\u00fcllt die Wahrheit \u00fcber die k\u00fcnstlichen Chemikalien, die in vielen Zahnpasten und Mundsp\u00fclungen enthalten sind, und spricht \u00fcber die sch\u00e4dlichen Auswirkungen von Quecksilberf\u00fcllungen und die wesentlich sichereren Keramikf\u00fcllungen, die es gibt. Artemis behandelt Themen wie gesunde Ern\u00e4hrung, Mundpflege f\u00fcr Kinder und die Vorteile pflanzlicher Substanzen und Pflanzenextrakte f\u00fcr die Erhaltung der Mundgesundheit und stellt ein umfassendes achtstufiges Protokoll f\u00fcr die Selbstzahnpflege vor, das eine wirksame Methode zur Vorbeugung von Karies, Krankheiten, saurem Speichel, Plaquebildung, Zahnfleischbluten, Entz\u00fcndungen und vielem mehr bietet.<\/p>\n<p><strong>Lob f\u00fcr Holistic Dental Care<\/strong><\/p>\n<p style=\"text-align: center;\"><em>&#8222;Nadine Artemis&#8216; ausgewogenes, gut recherchiertes Buch ermutigt die Leser glaubhaft, ihre Zahngesundheit selbst in die Hand zu nehmen. Dieses anregende zahnmedizinische Kompendium bietet eine Menge Stoff zum Nachschlagen.<\/em><br \/>\n~ Kirkus Reviews<\/p>\n<p style=\"text-align: center;\"><em>&#8222;Mundhygiene und Ern\u00e4hrung sind der Schl\u00fcssel zur Vorbeugung gr\u00f6\u00dferer zahn\u00e4rztlicher Eingriffe und der Folgen, die sie f\u00fcr den K\u00f6rper haben k\u00f6nnen. Ich habe drei\u00dfig Jahre lang Menschen auf professioneller Ebene geholfen, und es ist klar, dass wir den Menschen Werkzeuge an die Hand geben m\u00fcssen, mit denen sie sich zu Hause selbst helfen k\u00f6nnen, f\u00fcr ihre t\u00e4gliche Pflege. Dieses Buch hilft der Zahn\u00e4rzteschaft und macht die Zahnpflege zug\u00e4nglicher.<\/em><br \/>\n~ Lina Garcia, <strong>DDS, DMD<\/strong><\/p>\n<p style=\"text-align: center;\"><em>&#8222;Nadine Artemis bringt gro\u00dfe Klarheit und Einsicht in die Verbindung zwischen Mund und K\u00f6rper. Holistic Dental Care ist voller Perlen der Weisheit, die einen Unterschied machen.&#8220;<\/em><br \/>\n~ Stuart M. Nunnally, <strong>DDS<\/strong><\/p>\n<p>Hin und wieder gibt es ein Buch, das Spa\u00df macht und das etwas bewirken kann. Dies ist ein solches Buch.<br \/>\nAls ganzheitlicher Zahnarzt, der seit \u00fcber 25 Jahren praktiziert, dachte ich, ich h\u00e4tte so ziemlich alles gelesen oder gesehen, was \u00fcber Zahnmedizin geschrieben wurde. Ich war sehr erfreut, als Nadine mich bat, ein Vorwort f\u00fcr ihr Buch zu schreiben. Da ich ihre Produkte kenne, hatte ich das Gef\u00fchl, dass dies eine gute Sache sein k\u00f6nnte. Da ich es leid bin, B\u00fccher \u00fcber Z\u00e4hne zu lesen, habe ich dieses Buch einige Wochen lang aufgeschoben. An einem regnerischen Tag habe ich es dann endlich in die Hand genommen.<\/p>\n<p>Was f\u00fcr eine \u00dcberraschung!!!<br \/>\nIch f\u00fchlte mich in eine Tour durch den Mund versetzt, wie ich es schon lange nicht mehr erlebt habe&#8230; es war gro\u00dfartig! Ich f\u00fchlte mich wie auf einem kleinen Boot, das durch die Mundh\u00f6hle segelte, um die Tour meines Lebens zu machen. Die Schrift und die Genauigkeit ihrer Arbeit werden Sie dazu bringen, Ihren Mund noch mehr zu sch\u00e4tzen.<\/p>\n<p style=\"text-align: center;\"><em>Die Er\u00f6rterung der Meridiane, die die Z\u00e4hne einbeziehen, ist eine wichtige Tatsache, die in den meisten B\u00fcchern nicht erw\u00e4hnt wird, die aber sehr wichtig ist, weil das Wissen dar\u00fcber Ihnen bei vielen Problemen in Ihrem restlichen System helfen kann. Wenn Sie zum Beispiel mit Schmerzen im unteren ersten Backenzahn zum Zahnarzt gehen, k\u00f6nnte Ihr Zahnarzt Ihnen nach einer Untersuchung sagen, dass mit dem Zahn alles in Ordnung ist. Sie werden wissen, dass es sich um ein Verdauungsproblem handelt, und sobald dieses behoben ist, werden die Zahnschmerzen verschwinden. Sie werden lernen, dass der Mund ein \u00d6kosystem ist, das Teil des gr\u00f6\u00dferen Systems des K\u00f6rpers ist. Ihr Wissen \u00fcber Heilmethoden ist wirklich inspirierend. Es gibt viele nat\u00fcrliche M\u00f6glichkeiten, die Mundgesundheit zu erhalten, die sich auch auf die allgemeine Gesundheit auswirken. Die Techniken und Materialien, \u00fcber die Nadine spricht, sind die besten, um sicherzustellen, dass Ihr Mund gesund bleibt. Ihre Kommentare zur Regeneration geh\u00f6ren zu den besten, die ich kenne.<\/em><br \/>\n<em>Es gibt nur ein Problem mit diesem Buch. Wenn ich Nadines Rat befolge, werde ich nicht die M\u00f6glichkeit haben, viele restaurative Behandlungen in Ihrem Mund durchzuf\u00fchren, da Sie diese nicht ben\u00f6tigen.<\/em><br \/>\n<em>Ihr in Gesundheit<\/em><br \/>\n<em>-Victor<\/em>Zeines <strong>DDS, MS, FAGD<\/strong><\/p>\n<p><strong>Taschenbuch:<\/strong> 152 Seiten<br \/>\n<strong>Verlag:<\/strong> North Atlantic Books; 1 Auflage (8. Oktober 2013)<br \/>\n<strong>Sprache:<\/strong> Englisch<br \/>\n<strong>ISBN-10:<\/strong> 1583947205<br \/>\n<strong>ISBN-13:<\/strong> 978-1583947203<br \/>\n<strong>Produkt Abmessungen:<\/strong> 6 x 0,4 x 9 Zoll<br \/>\n<strong>Versandgewicht:<\/strong> 10,4 Unzen<\/p>\n<p>&nbsp;<\/p>\n<p><img fetchpriority=\"high\" decoding=\"async\" class=\"size-full wp-image-68099 aligncenter\" src=\"https:\/\/dutchhealthstore.com\/wp-content\/uploads\/2018\/02\/Logo-Living-Libations-New-2019.png\" alt=\"Logo Living Libations New 2019\" width=\"905\" height=\"100\" srcset=\"https:\/\/dutchhealthstore.com\/wp-content\/uploads\/2018\/02\/Logo-Living-Libations-New-2019.png 905w, https:\/\/dutchhealthstore.com\/wp-content\/uploads\/2018\/02\/Logo-Living-Libations-New-2019-510x56.png 510w, https:\/\/dutchhealthstore.com\/wp-content\/uploads\/2018\/02\/Logo-Living-Libations-New-2019-800x88.png 800w, https:\/\/dutchhealthstore.com\/wp-content\/uploads\/2018\/02\/Logo-Living-Libations-New-2019-768x85.png 768w\" sizes=\"(max-width: 905px) 100vw, 905px\" \/><\/p>\n","protected":false},"excerpt":{"rendered":"<p><strong>Holistic Dental Care<\/strong> ist ein umfassender Leitfaden f\u00fcr die nat\u00fcrliche Mundpflege zum Selbermachen, der einfache Schritte f\u00fcr die Zahnpflege zu Hause vorstellt, die jeder durchf\u00fchren kann. Mit dreiundf\u00fcnfzig Farbfotos und Illustrationen bietet dieses Buch zahnmedizinische Selbstpflegestrategien und -praktiken, die den Problemen in unserem Mund auf den Grund gehen &#8211; und verhindern, dass Probleme Wurzeln schlagen und die Zahngesundheit sanft wiederherstellen. Auf der Grundlage eines &#8222;Ganzk\u00f6rperansatzes&#8220; bei der Mundpflege geht die ganzheitliche Zahnpflege an die Grenzen des traditionellen Ansatzes, der nur die Symptome und nicht die Ursache von Ungleichgewichten im K\u00f6rper behandelt.<\/p>\n","protected":false},"featured_media":72278,"comment_status":"open","ping_status":"closed","template":"","meta":[],"product_brand":[],"product_cat":[1032,515,1493,1210,3759,511,1992,1038,1135],"product_tag":[4368],"class_list":{"0":"post-104300","1":"product","2":"type-product","3":"status-publish","4":"has-post-thumbnail","6":"product_cat-kategorien","7":"product_cat-korperpflege-de","8":"product_cat-living-libations-deutschland","9":"product_cat-marken","10":"product_cat-mund-zahnpflegeprodukte","11":"product_cat-produkte","12":"product_cat-dental-care-de","13":"product_cat-zahnpflege","14":"product_cat-zubehoer-hautpflege","15":"product_tag-dental-care-de","16":"pa_brand-livinglibations-de","17":"pa_dental-care-product-type-other-tools-de","18":"pa_gtin-7439657343353-de","19":"pa_health-productype-optimum-health-de","21":"first","22":"instock","23":"taxable","24":"shipping-taxable","25":"purchasable","26":"product-type-simple"},"bundled_by":[],"bundle_stock_status":"instock","bundle_stock_quantity":1,"bundle_virtual":false,"bundle_layout":"","bundle_add_to_cart_form_location":"","bundle_editable_in_cart":false,"bundle_sold_individually_context":"","bundle_item_grouping":"","bundle_min_size":"","bundle_max_size":"","bundle_price":[],"bundled_items":[],"bundle_sell_ids":[],"atum_controlled":true,"out_stock_date":null,"out_stock_threshold":null,"inheritable":false,"stock_on_hold":1,"sold_today":1,"sales_last_days":1,"out_stock_days":0,"lost_sales":0,"update_date":"2026-05-01T09:23:55","atum_locations":[],"atum_stock_status":"instock","restock_status":true,"low_stock_amount":0,"sales_update_date":"2026-05-01T09:23:55","calc_backorders":null,"group_of_quantity":0,"min_quantity":0,"max_quantity":"","exclude_order_quantity_value_rules":"no","exclude_category_quantity_rules":"no","combine_variations":"no","yoast_head":"<!-- This site is optimized with the Yoast SEO Premium plugin v26.5 (Yoast SEO v26.5) - https:\/\/yoast.com\/wordpress\/plugins\/seo\/ -->\n<title>Holistic Dental Care, The Complete Guide To Healthy Teeth And Gums<\/title>\n<meta name=\"description\" content=\"Holistic Dental Care ist ein umfassender Leitfaden f\u00fcr die nat\u00fcrliche Mundpflege zum Selbermachen, der einfache Schritte f\u00fcr die Zahnpflege zu Hause vorstellt, die jeder durchf\u00fchren kann.\" \/>\n<meta name=\"robots\" content=\"index, follow, max-snippet:-1, max-image-preview:large, max-video-preview:-1\" \/>\n<link rel=\"canonical\" href=\"https:\/\/dutchhealthstore.com\/de\/product\/holistic-dental-care\/\" \/>\n<meta property=\"og:locale\" content=\"de_DE\" \/>\n<meta property=\"og:type\" content=\"article\" \/>\n<meta property=\"og:title\" content=\"Holistic Dental Care, The Complete Guide To Healthy Teeth And Gums - Dutch Health Store\" \/>\n<meta property=\"og:description\" content=\"Holistic Dental Care ist ein umfassender Leitfaden f\u00fcr die nat\u00fcrliche Mundpflege zum Selbermachen, der einfache Schritte f\u00fcr die Zahnpflege zu Hause vorstellt, die jeder durchf\u00fchren kann.\" \/>\n<meta property=\"og:url\" content=\"https:\/\/dutchhealthstore.com\/de\/product\/holistic-dental-care\/\" \/>\n<meta property=\"og:site_name\" content=\"Dutch Health Store\" \/>\n<meta property=\"article:publisher\" content=\"https:\/\/www.instagram.com\/dutchhealthstore\/\" \/>\n<meta property=\"article:modified_time\" content=\"2026-01-22T21:09:20+00:00\" \/>\n<meta property=\"og:image\" content=\"https:\/\/dutchhealthstore.com\/wp-content\/uploads\/2018\/02\/Holistic-Dental-Care-The-Complete-Guide-To-Healthy-Teeth-And-Gums-Nadine-Artemis.jpg\" \/>\n\t<meta property=\"og:image:width\" content=\"1200\" \/>\n\t<meta property=\"og:image:height\" content=\"1200\" \/>\n\t<meta property=\"og:image:type\" content=\"image\/jpeg\" \/>\n<meta name=\"twitter:card\" content=\"summary_large_image\" \/>\n<meta name=\"twitter:label1\" content=\"Preis\" \/>\n\t<meta name=\"twitter:data1\" content=\"&euro;20,00\" \/>\n\t<meta name=\"twitter:label2\" content=\"Verf\u00fcgbarkeit\" \/>\n\t<meta name=\"twitter:data2\" content=\"Auf Lager\" \/>\n<script type=\"application\/ld+json\" class=\"yoast-schema-graph\">{\"@context\":\"https:\/\/schema.org\",\"@graph\":[{\"@type\":\"WebPage\",\"@id\":\"https:\/\/dutchhealthstore.com\/de\/product\/holistic-dental-care\/\",\"url\":\"https:\/\/dutchhealthstore.com\/de\/product\/holistic-dental-care\/\",\"name\":\"Holistic Dental Care, The Complete Guide To Healthy Teeth And Gums\",\"isPartOf\":{\"@id\":\"https:\/\/dutchhealthstore.com\/de\/#website\"},\"primaryImageOfPage\":{\"@id\":\"https:\/\/dutchhealthstore.com\/de\/product\/holistic-dental-care\/#primaryimage\"},\"image\":{\"@id\":\"https:\/\/dutchhealthstore.com\/de\/product\/holistic-dental-care\/#primaryimage\"},\"thumbnailUrl\":\"https:\/\/dutchhealthstore.com\/wp-content\/uploads\/2018\/02\/Holistic-Dental-Care-The-Complete-Guide-To-Healthy-Teeth-And-Gums-Nadine-Artemis.jpg\",\"datePublished\":\"2018-02-10T15:04:00+00:00\",\"dateModified\":\"2026-01-22T21:09:20+00:00\",\"description\":\"Holistic Dental Care ist ein umfassender Leitfaden f\u00fcr die nat\u00fcrliche Mundpflege zum Selbermachen, der einfache Schritte f\u00fcr die Zahnpflege zu Hause vorstellt, die jeder durchf\u00fchren kann.\",\"breadcrumb\":{\"@id\":\"https:\/\/dutchhealthstore.com\/de\/product\/holistic-dental-care\/#breadcrumb\"},\"inLanguage\":\"de\",\"potentialAction\":[{\"@type\":\"ReadAction\",\"target\":[\"https:\/\/dutchhealthstore.com\/de\/product\/holistic-dental-care\/\"]}]},{\"@type\":\"ImageObject\",\"inLanguage\":\"de\",\"@id\":\"https:\/\/dutchhealthstore.com\/de\/product\/holistic-dental-care\/#primaryimage\",\"url\":\"https:\/\/dutchhealthstore.com\/wp-content\/uploads\/2018\/02\/Holistic-Dental-Care-The-Complete-Guide-To-Healthy-Teeth-And-Gums-Nadine-Artemis.jpg\",\"contentUrl\":\"https:\/\/dutchhealthstore.com\/wp-content\/uploads\/2018\/02\/Holistic-Dental-Care-The-Complete-Guide-To-Healthy-Teeth-And-Gums-Nadine-Artemis.jpg\",\"width\":1200,\"height\":1200,\"caption\":\"Holistic Dental Care, The Complete Guide To Healthy Teeth And Gums - Nadine Artemis\"},{\"@type\":\"BreadcrumbList\",\"@id\":\"https:\/\/dutchhealthstore.com\/de\/product\/holistic-dental-care\/#breadcrumb\",\"itemListElement\":[{\"@type\":\"ListItem\",\"position\":1,\"name\":\"Home\",\"item\":\"https:\/\/dutchhealthstore.com\/de\/\"},{\"@type\":\"ListItem\",\"position\":2,\"name\":\"Shop\",\"item\":\"https:\/\/dutchhealthstore.com\/de\/shop-2\/\"},{\"@type\":\"ListItem\",\"position\":3,\"name\":\"Holistic Dental Care, The Complete Guide To Healthy Teeth And Gums\"}]},{\"@type\":\"WebSite\",\"@id\":\"https:\/\/dutchhealthstore.com\/de\/#website\",\"url\":\"https:\/\/dutchhealthstore.com\/de\/\",\"name\":\"Dutch Health Store\",\"description\":\"Enhance Your Beauty with Organic &amp; Natural Skincare\",\"publisher\":{\"@id\":\"https:\/\/dutchhealthstore.com\/de\/#organization\"},\"potentialAction\":[{\"@type\":\"SearchAction\",\"target\":{\"@type\":\"EntryPoint\",\"urlTemplate\":\"https:\/\/dutchhealthstore.com\/de\/?s={search_term_string}\"},\"query-input\":{\"@type\":\"PropertyValueSpecification\",\"valueRequired\":true,\"valueName\":\"search_term_string\"}}],\"inLanguage\":\"de\"},{\"@type\":\"Organization\",\"@id\":\"https:\/\/dutchhealthstore.com\/de\/#organization\",\"name\":\"Dutch Health Store\",\"url\":\"https:\/\/dutchhealthstore.com\/de\/\",\"logo\":{\"@type\":\"ImageObject\",\"inLanguage\":\"de\",\"@id\":\"https:\/\/dutchhealthstore.com\/de\/#\/schema\/logo\/image\/\",\"url\":\"https:\/\/dutchhealthstore.com\/wp-content\/uploads\/2020\/08\/logo-dutchhealthstore-jpg-e1599484957574.jpg\",\"contentUrl\":\"https:\/\/dutchhealthstore.com\/wp-content\/uploads\/2020\/08\/logo-dutchhealthstore-jpg-e1599484957574.jpg\",\"width\":400,\"height\":62,\"caption\":\"Dutch Health Store\"},\"image\":{\"@id\":\"https:\/\/dutchhealthstore.com\/de\/#\/schema\/logo\/image\/\"},\"sameAs\":[\"https:\/\/www.instagram.com\/dutchhealthstore\/\",\"https:\/\/www.facebook.com\/dutchhealthstore\"]}]}<\/script>\n<meta property=\"product:brand\" content=\"Living Libations\" \/>\n<meta property=\"product:price:amount\" content=\"20.00\" \/>\n<meta property=\"product:price:currency\" content=\"EUR\" \/>\n<meta property=\"og:availability\" content=\"instock\" \/>\n<meta property=\"product:availability\" content=\"instock\" \/>\n<meta property=\"product:condition\" content=\"new\" \/>\n<!-- \/ Yoast SEO Premium plugin. -->","yoast_head_json":{"title":"Holistic Dental Care, The Complete Guide To Healthy Teeth And Gums","description":"Holistic Dental Care ist ein umfassender Leitfaden f\u00fcr die nat\u00fcrliche Mundpflege zum Selbermachen, der einfache Schritte f\u00fcr die Zahnpflege zu Hause vorstellt, die jeder durchf\u00fchren kann.","robots":{"index":"index","follow":"follow","max-snippet":"max-snippet:-1","max-image-preview":"max-image-preview:large","max-video-preview":"max-video-preview:-1"},"canonical":"https:\/\/dutchhealthstore.com\/de\/product\/holistic-dental-care\/","og_locale":"de_DE","og_type":"article","og_title":"Holistic Dental Care, The Complete Guide To Healthy Teeth And Gums - Dutch Health Store","og_description":"Holistic Dental Care ist ein umfassender Leitfaden f\u00fcr die nat\u00fcrliche Mundpflege zum Selbermachen, der einfache Schritte f\u00fcr die Zahnpflege zu Hause vorstellt, die jeder durchf\u00fchren kann.","og_url":"https:\/\/dutchhealthstore.com\/de\/product\/holistic-dental-care\/","og_site_name":"Dutch Health Store","article_publisher":"https:\/\/www.instagram.com\/dutchhealthstore\/","article_modified_time":"2026-01-22T21:09:20+00:00","og_image":[{"width":1200,"height":1200,"url":"https:\/\/dutchhealthstore.com\/wp-content\/uploads\/2018\/02\/Holistic-Dental-Care-The-Complete-Guide-To-Healthy-Teeth-And-Gums-Nadine-Artemis.jpg","type":"image\/jpeg"}],"twitter_card":"summary_large_image","twitter_misc":{"Preis":"&euro;20,00","Verf\u00fcgbarkeit":"Auf Lager"},"schema":{"@context":"https:\/\/schema.org","@graph":[{"@type":"WebPage","@id":"https:\/\/dutchhealthstore.com\/de\/product\/holistic-dental-care\/","url":"https:\/\/dutchhealthstore.com\/de\/product\/holistic-dental-care\/","name":"Holistic Dental Care, The Complete Guide To Healthy Teeth And Gums","isPartOf":{"@id":"https:\/\/dutchhealthstore.com\/de\/#website"},"primaryImageOfPage":{"@id":"https:\/\/dutchhealthstore.com\/de\/product\/holistic-dental-care\/#primaryimage"},"image":{"@id":"https:\/\/dutchhealthstore.com\/de\/product\/holistic-dental-care\/#primaryimage"},"thumbnailUrl":"https:\/\/dutchhealthstore.com\/wp-content\/uploads\/2018\/02\/Holistic-Dental-Care-The-Complete-Guide-To-Healthy-Teeth-And-Gums-Nadine-Artemis.jpg","datePublished":"2018-02-10T15:04:00+00:00","dateModified":"2026-01-22T21:09:20+00:00","description":"Holistic Dental Care ist ein umfassender Leitfaden f\u00fcr die nat\u00fcrliche Mundpflege zum Selbermachen, der einfache Schritte f\u00fcr die Zahnpflege zu Hause vorstellt, die jeder durchf\u00fchren kann.","breadcrumb":{"@id":"https:\/\/dutchhealthstore.com\/de\/product\/holistic-dental-care\/#breadcrumb"},"inLanguage":"de","potentialAction":[{"@type":"ReadAction","target":["https:\/\/dutchhealthstore.com\/de\/product\/holistic-dental-care\/"]}]},{"@type":"ImageObject","inLanguage":"de","@id":"https:\/\/dutchhealthstore.com\/de\/product\/holistic-dental-care\/#primaryimage","url":"https:\/\/dutchhealthstore.com\/wp-content\/uploads\/2018\/02\/Holistic-Dental-Care-The-Complete-Guide-To-Healthy-Teeth-And-Gums-Nadine-Artemis.jpg","contentUrl":"https:\/\/dutchhealthstore.com\/wp-content\/uploads\/2018\/02\/Holistic-Dental-Care-The-Complete-Guide-To-Healthy-Teeth-And-Gums-Nadine-Artemis.jpg","width":1200,"height":1200,"caption":"Holistic Dental Care, The Complete Guide To Healthy Teeth And Gums - Nadine Artemis"},{"@type":"BreadcrumbList","@id":"https:\/\/dutchhealthstore.com\/de\/product\/holistic-dental-care\/#breadcrumb","itemListElement":[{"@type":"ListItem","position":1,"name":"Home","item":"https:\/\/dutchhealthstore.com\/de\/"},{"@type":"ListItem","position":2,"name":"Shop","item":"https:\/\/dutchhealthstore.com\/de\/shop-2\/"},{"@type":"ListItem","position":3,"name":"Holistic Dental Care, The Complete Guide To Healthy Teeth And Gums"}]},{"@type":"WebSite","@id":"https:\/\/dutchhealthstore.com\/de\/#website","url":"https:\/\/dutchhealthstore.com\/de\/","name":"Dutch Health Store","description":"Enhance Your Beauty with Organic &amp; Natural Skincare","publisher":{"@id":"https:\/\/dutchhealthstore.com\/de\/#organization"},"potentialAction":[{"@type":"SearchAction","target":{"@type":"EntryPoint","urlTemplate":"https:\/\/dutchhealthstore.com\/de\/?s={search_term_string}"},"query-input":{"@type":"PropertyValueSpecification","valueRequired":true,"valueName":"search_term_string"}}],"inLanguage":"de"},{"@type":"Organization","@id":"https:\/\/dutchhealthstore.com\/de\/#organization","name":"Dutch Health Store","url":"https:\/\/dutchhealthstore.com\/de\/","logo":{"@type":"ImageObject","inLanguage":"de","@id":"https:\/\/dutchhealthstore.com\/de\/#\/schema\/logo\/image\/","url":"https:\/\/dutchhealthstore.com\/wp-content\/uploads\/2020\/08\/logo-dutchhealthstore-jpg-e1599484957574.jpg","contentUrl":"https:\/\/dutchhealthstore.com\/wp-content\/uploads\/2020\/08\/logo-dutchhealthstore-jpg-e1599484957574.jpg","width":400,"height":62,"caption":"Dutch Health Store"},"image":{"@id":"https:\/\/dutchhealthstore.com\/de\/#\/schema\/logo\/image\/"},"sameAs":["https:\/\/www.instagram.com\/dutchhealthstore\/","https:\/\/www.facebook.com\/dutchhealthstore"]}]},"product_brand":"Living Libations","product_price_amount":"20.00","product_price_currency":"EUR","og_availability":"instock","product_availability":"instock","product_condition":"new"},"_links":{"self":[{"href":"https:\/\/dutchhealthstore.com\/de\/wp-json\/wp\/v2\/product\/104300","targetHints":{"allow":["GET"]}}],"collection":[{"href":"https:\/\/dutchhealthstore.com\/de\/wp-json\/wp\/v2\/product"}],"about":[{"href":"https:\/\/dutchhealthstore.com\/de\/wp-json\/wp\/v2\/types\/product"}],"replies":[{"embeddable":true,"href":"https:\/\/dutchhealthstore.com\/de\/wp-json\/wp\/v2\/comments?post=104300"}],"wp:featuredmedia":[{"embeddable":true,"href":"https:\/\/dutchhealthstore.com\/de\/wp-json\/wp\/v2\/media\/72278"}],"wp:attachment":[{"href":"https:\/\/dutchhealthstore.com\/de\/wp-json\/wp\/v2\/media?parent=104300"}],"wp:term":[{"taxonomy":"product_brand","embeddable":true,"href":"https:\/\/dutchhealthstore.com\/de\/wp-json\/wp\/v2\/product_brand?post=104300"},{"taxonomy":"product_cat","embeddable":true,"href":"https:\/\/dutchhealthstore.com\/de\/wp-json\/wp\/v2\/product_cat?post=104300"},{"taxonomy":"product_tag","embeddable":true,"href":"https:\/\/dutchhealthstore.com\/de\/wp-json\/wp\/v2\/product_tag?post=104300"}],"curies":[{"name":"wp","href":"https:\/\/api.w.org\/{rel}","templated":true}]}}