{"id":104249,"date":"2018-02-10T19:53:51","date_gmt":"2018-02-10T19:53:51","guid":{"rendered":"https:\/\/dutchhealthstore.com\/product\/happy-gum-drops-oil-swishing-serum\/"},"modified":"2026-04-16T17:07:21","modified_gmt":"2026-04-16T15:07:21","slug":"happy-gum-drops-oil-swishing-serum","status":"publish","type":"product","link":"https:\/\/dutchhealthstore.com\/de\/product\/happy-gum-drops-oil-swishing-serum\/","title":{"rendered":"Happy Gum Drops + Oil Swishing Serum"},"content":{"rendered":"<p><img decoding=\"async\" class=\"size-full wp-image-69549 alignright\" src=\"https:\/\/dutchhealthstore.com\/wp-content\/uploads\/2019\/08\/NEW-Living-Libations-Logo.jpg\" alt=\"NEW - Living Libations - Logo\" width=\"175\" height=\"82\">Das Schwenken mit \u00d6l ist eine alte ayurvedische Praxis, die im alten Indien und \u00c4gypten angewendet wurde. Das \u00d6l zieht Verunreinigungen an sich und stellt das Gleichgewicht im gesamten Mundraum wieder her. Wenn das \u00d6l freigesetzt wird, werden Giftstoffe und geruchsbildende Bakterien mitgerissen!<\/p>\n<p>Unser Happy Gum Drops +Oil Swishing Serum ist eine wirksame Kombination bew\u00e4hrter botanischer Biotika, die das Gleichgewicht Ihres Mundes unterst\u00fctzen, darunter anregender Zimt, pflegende Nelkenknospe, reinigender Oregano, entschlackende Pfefferminze, erholsamer Rosen-Otto, beruhigender Sanddorn, tonisierendes Thymian-Linalool, therapeutischer Teebaum und CoQ10, alle super-ges\u00e4ttigt in nutrazeutischem Kokosnuss-MCT-\u00d6l.<\/p>\n<h3>Use<\/h3>\n<p>Zischen ist so einfach wie 1, 2, 3<\/p>\n<p>Fortfahren mit den Schritten zur erfolgreichen Selbstzahnheilung<br \/>\nEinmal t\u00e4glich zehn Minuten lang Happy Gum Drops + Oil Swishing Serum sp\u00fclen.<br \/>\nSpucke<\/p>\n<h3 class=\"yikes-custom-woo-tab-title yikes-custom-woo-tab-title-natural-organic-ingredients\">Nat\u00fcrliche\/Organische Inhaltsstoffe<\/h3>\n<p><strong>Kokosnuss\u00f6l <\/strong><em>(Cocos nicifera) &#8211; <\/em>Unraffiniertes Bio-Kokosnuss\u00f6l enth\u00e4lt von Natur aus sowohl mittelkettige Triglyceride (MCT) als auch langkettige Triglyceride (LCT). Die MCT, einschlie\u00dflich Caprons\u00e4ure, Capryls\u00e4ure und Caprins\u00e4ure, haben unglaubliche Vorteile f\u00fcr Mund, K\u00f6rper und Gehirn. MCT-\u00d6l ist stark und wirksam. Im Gegensatz zu ganzem Kokosnuss\u00f6l bleibt MCT-\u00d6l bei Zimmertemperatur fl\u00fcssig.<\/p>\n<p><strong>Sanddornbeere<\/strong><em> (Hippophae rhamnoides<\/em> ) &#8211; Sanddorn ist ein ernsthafter Linderer f\u00fcr alle oralen Empfindlichkeiten und zarten Zahnfleischneigungen! Dieser reichhaltige, vitale, superkritische Extrakt ist vollgepackt mit einem perfekten Gehalt an essenziellen Fetts\u00e4uren, einschlie\u00dflich der Omega-3-, -6-, -7- und -9-Fetts\u00e4uren. Mit mehr als 190 bioaktiven Bestandteilen versorgt das Sanddornbeeren\u00f6l den Mund mit wohltuenden Vitaminen, Provitaminen, Phytosterolen, Carotinoiden und den \u00e4u\u00dferst seltenen Palmitoleins\u00e4uren.<\/p>\n<p><strong>Rose Otto<\/strong><em> (Rosa damascene)<\/em> &#8211; Die kostbare Rose Otto ist ein wirksames Tonisierungsmittel f\u00fcr die gesamte Mundh\u00f6hle. Man braucht \u00fcber 60 Rosen, um einen einzigen Tropfen Rosen-Otto\u00f6l herzustellen!<\/p>\n<p><strong>Pfefferminze<\/strong> <em>(Mentha piperita)<\/em> &#8211; Reines Pfefferminz\u00f6l hat eine stark reinigende Wirkung auf Z\u00e4hne, Zunge, Atem und Zahnfleisch. Synthetisches Pfefferminzaroma aus Menthol bietet keinerlei medizinischen Nutzen, weshalb wir uns immer f\u00fcr reines, frisch destilliertes Pfefferminz\u00f6l entscheiden, das von einer franz\u00f6sischen Brennerfamilie in vierter Generation gewonnen und gepflegt wird.<\/p>\n<p><strong>Thymian Linalool<\/strong><em> (Thymus officinalis linalool)<\/em> &#8211; Thymian Linalool ist ein hervorragendes Tonisierungsmittel f\u00fcr den gesamten Mund, mit einer sanften Affinit\u00e4t zum Zahnfleisch. Er ist medizinisch n\u00fctzlich wie normaler Thymian, aber sanfter zum empfindlichen Zahnfleischgewebe.<\/p>\n<p><strong>Teebaum\u00f6l<\/strong> <em>(Malaleuca alternifolia)<\/em> &#8211; Der traditionelle Teebaum ist von Natur aus vollgepackt mit gro\u00dfartigen Mundpflegern. Die wirksamen Pflanzenstoffe Cineol und Propanol reinigen den Mund, wirken ausgleichend auf Bakterien und lindern Entz\u00fcndungen. Dem Teebaum wird nachgesagt, dass er Plaque und Zahnfleischentz\u00fcndungen verringert, und er wurde vom Australian Dental Journal eingehend auf seine Rolle bei der Mundpflege untersucht.<\/p>\n<p><strong>Zimt<\/strong><em> (Cinnamomum verum)<\/em> &#8211; Reines Zimtrinden\u00f6l ist warm, antiseptisch und antibakteriell. Dieses Reinigungs\u00f6l wird aus der Rinde eines Baumes gewonnen, der tief in der Wildnis von Madagaskar w\u00e4chst. Es ist ein \u00e4u\u00dferst wirksames \u00d6l, das das \u00d6lschwenken zu einem anregenden Erlebnis macht!<\/p>\n<p><strong>Nelkenknospe<\/strong> <em>(Eugenia carophyllata)<\/em> &#8211; Nelkenknospen\u00f6l wird aus den sch\u00f6nen Knospen des Nelkenbaums gewonnen und ist ein bl\u00fctenfrisches Angebot, das seit Tausenden von Jahren zum S\u00fc\u00dfen des Atems verwendet wird. Die Gew\u00fcrznelkenknospe hat einen extrem hohen ORAC-Wert, der ihre antioxidative Kapazit\u00e4t misst. Die oral reinigende Wirkung der Nelkenknospe wird auf ihren hohen Gehalt an Sesquiterpenen, Estern und Eugenol zur\u00fcckgef\u00fchrt.<\/p>\n<p><strong>Co-Enzym Q10<\/strong><em> (CoQ10)<\/em> ist ein fettl\u00f6sliches Antioxidans mit einer \u00e4hnlichen chemischen Struktur wie Vitamin K. Es verleiht jeder Zelle im K\u00f6rper Vitalit\u00e4t, und ein Mangel wurde mit Parodontalerkrankungen in Verbindung gebracht.<\/p>\n<p><strong>Oregano<\/strong> <em>(Origanum vulgare)<\/em> &#8211; Dieses Herkulesstaudengew\u00e4chs stammt aus den rauen Bergen des Mittelmeers. Wildes Oregano-\u00d6l ist reich an Phenolverbindungen wie Carvacrol und Thymol. Es ist ein starkes Antibiotikum und h\u00e4lt das mikrobielle Gleichgewicht in Schach und zerst\u00f6rt die Bakterien, die Plaque und Zahnfleischerkrankungen verursachen.<\/p>\n<p><img fetchpriority=\"high\" decoding=\"async\" class=\"size-medium wp-image-68103 aligncenter\" src=\"https:\/\/dutchhealthstore.com\/wp-content\/uploads\/2018\/02\/Living-Libations-Organic-Logo-800x89.png\" alt=\"Living Libations - Organic Logo\" width=\"800\" height=\"89\" srcset=\"https:\/\/dutchhealthstore.com\/wp-content\/uploads\/2018\/02\/Living-Libations-Organic-Logo-800x89.png 800w, https:\/\/dutchhealthstore.com\/wp-content\/uploads\/2018\/02\/Living-Libations-Organic-Logo-510x57.png 510w, https:\/\/dutchhealthstore.com\/wp-content\/uploads\/2018\/02\/Living-Libations-Organic-Logo-768x85.png 768w, https:\/\/dutchhealthstore.com\/wp-content\/uploads\/2018\/02\/Living-Libations-Organic-Logo.png 1400w\" sizes=\"(max-width: 800px) 100vw, 800px\" \/><\/p>\n<p>&nbsp;<\/p>\n","protected":false},"excerpt":{"rendered":"<p>Nehmen Sie Ihr L\u00e4cheln mit Living Libations<strong> Happy Gum Drops + Oil Swishing Serum <\/strong>mit ins Spa und salben Sie Ihre Mundh\u00f6hle mit einer Girlande aus reinen Pflanzenwirkstoffen. Eine nat\u00fcrliche Mundsp\u00fclungsalternative, bei der jeder Inhaltsstoff ausgew\u00e4hlt wurde, um den Mund auszugleichen, zu reinigen, zu erfrischen und zu beleben.<\/p>\n<p>\u00d6lziehen, auch bekannt als \u00d6lsp\u00fclen, ist in aller Munde, doch diese uralte Praxis wurde von allen ayurvedischen Weisen angewendet. Seit jeher wird das \u00d6lziehen f\u00fcr gesunde Z\u00e4hne und gesundes Zahnfleisch ohne Zahnb\u00fcrste oder Zahnpasta verwendet! F\u00fcr eine gr\u00fcndliche Reinigung und eine besonders reinigende Mundpflege einfach zehn Minuten lang einen Spritzer dieser wirkungsvollen Tropfen aufspr\u00fchen. Dieses sprudelnde Serum ist voll von pflanzlichen Biotika, die Ihren Mund st\u00e4rken und ausgleichen.<\/p>\n","protected":false},"featured_media":119940,"comment_status":"open","ping_status":"closed","template":"","meta":[],"product_brand":[],"product_cat":[1032,1493,1210,511,1993,1992,1038],"product_tag":[4213,6037],"class_list":{"0":"post-104249","1":"product","2":"type-product","3":"status-publish","4":"has-post-thumbnail","6":"product_cat-kategorien","7":"product_cat-living-libations-deutschland","8":"product_cat-marken","9":"product_cat-produkte","10":"product_cat-tooth-serums","11":"product_cat-dental-care-de","12":"product_cat-zahnpflege","13":"product_tag-oil-de","14":"product_tag-serum-de","15":"pa_bestsellers-goed-de","16":"pa_brand-livinglibations-de","17":"pa_dental-care-product-type-gum-care-de","18":"pa_dental-care-product-type-tooth-serum-de","19":"pa_size-100-ml-de","20":"pa_size-50-ml-de","22":"first","23":"instock","24":"taxable","25":"shipping-taxable","26":"purchasable","27":"product-type-variable"},"bundled_by":[],"bundle_stock_status":"instock","bundle_stock_quantity":null,"bundle_virtual":false,"bundle_layout":"","bundle_add_to_cart_form_location":"","bundle_editable_in_cart":false,"bundle_sold_individually_context":"","bundle_item_grouping":"","bundle_min_size":"","bundle_max_size":"","bundle_price":[],"bundled_items":[],"bundle_sell_ids":[],"atum_controlled":true,"out_stock_date":null,"out_stock_threshold":null,"inheritable":true,"stock_on_hold":1,"sold_today":1,"sales_last_days":2,"out_stock_days":0,"lost_sales":0,"update_date":"2026-04-16T15:07:24","atum_locations":[],"atum_stock_status":"instock","restock_status":false,"low_stock_amount":"","sales_update_date":"2026-04-14T11:55:13","calc_backorders":null,"group_of_quantity":0,"min_quantity":0,"max_quantity":"","exclude_order_quantity_value_rules":"no","exclude_category_quantity_rules":"no","combine_variations":"no","yoast_head":"<!-- This site is optimized with the Yoast SEO Premium plugin v26.5 (Yoast SEO v26.5) - https:\/\/yoast.com\/wordpress\/plugins\/seo\/ -->\n<title>Happy Gum Drops + Oil Swishing Serum - Living Libations<\/title>\n<meta name=\"description\" content=\"Bringen Sie Ihr L\u00e4cheln mit Happy Gum Drops + Oil Swishing Serum ins Spa und salben Sie Ihre Mundh\u00f6hle mit einer Girlande aus rein pflanzlichen Stoffen.\" \/>\n<meta name=\"robots\" content=\"index, follow, max-snippet:-1, max-image-preview:large, max-video-preview:-1\" \/>\n<link rel=\"canonical\" href=\"https:\/\/dutchhealthstore.com\/de\/product\/happy-gum-drops-oil-swishing-serum\/\" \/>\n<meta property=\"og:locale\" content=\"de_DE\" \/>\n<meta property=\"og:type\" content=\"article\" \/>\n<meta property=\"og:title\" content=\"Happy Gum Drops + Oil Swishing Serum - Dutch Health Store\" \/>\n<meta property=\"og:description\" content=\"Bringen Sie Ihr L\u00e4cheln mit Happy Gum Drops + Oil Swishing Serum ins Spa und salben Sie Ihre Mundh\u00f6hle mit einer Girlande aus rein pflanzlichen Stoffen.\" \/>\n<meta property=\"og:url\" content=\"https:\/\/dutchhealthstore.com\/de\/product\/happy-gum-drops-oil-swishing-serum\/\" \/>\n<meta property=\"og:site_name\" content=\"Dutch Health Store\" \/>\n<meta property=\"article:publisher\" content=\"https:\/\/www.instagram.com\/dutchhealthstore\/\" \/>\n<meta property=\"article:modified_time\" content=\"2026-04-16T15:07:21+00:00\" \/>\n<meta property=\"og:image\" content=\"https:\/\/dutchhealthstore.com\/wp-content\/uploads\/2018\/02\/Happy-Gum-Drops-Oil-Swishing-Serum-Living-Libations-e1597911314856.png\" \/>\n\t<meta property=\"og:image:width\" content=\"500\" \/>\n\t<meta property=\"og:image:height\" content=\"500\" \/>\n\t<meta property=\"og:image:type\" content=\"image\/jpeg\" \/>\n<meta name=\"twitter:card\" content=\"summary_large_image\" \/>\n<meta name=\"twitter:label1\" content=\"Verf\u00fcgbarkeit\" \/>\n\t<meta name=\"twitter:data1\" content=\"Auf Lager\" \/>\n<script type=\"application\/ld+json\" class=\"yoast-schema-graph\">{\"@context\":\"https:\/\/schema.org\",\"@graph\":[{\"@type\":\"WebPage\",\"@id\":\"https:\/\/dutchhealthstore.com\/de\/product\/happy-gum-drops-oil-swishing-serum\/\",\"url\":\"https:\/\/dutchhealthstore.com\/de\/product\/happy-gum-drops-oil-swishing-serum\/\",\"name\":\"Happy Gum Drops + Oil Swishing Serum - Living Libations\",\"isPartOf\":{\"@id\":\"https:\/\/dutchhealthstore.com\/de\/#website\"},\"primaryImageOfPage\":{\"@id\":\"https:\/\/dutchhealthstore.com\/de\/product\/happy-gum-drops-oil-swishing-serum\/#primaryimage\"},\"image\":{\"@id\":\"https:\/\/dutchhealthstore.com\/de\/product\/happy-gum-drops-oil-swishing-serum\/#primaryimage\"},\"thumbnailUrl\":\"https:\/\/dutchhealthstore.com\/wp-content\/uploads\/2018\/02\/Happy-Gum-Drops-Oil-Swishing-Serum-Living-Libations-e1597911314856.png\",\"datePublished\":\"2018-02-10T19:53:51+00:00\",\"dateModified\":\"2026-04-16T15:07:21+00:00\",\"description\":\"Bringen Sie Ihr L\u00e4cheln mit Happy Gum Drops + Oil Swishing Serum ins Spa und salben Sie Ihre Mundh\u00f6hle mit einer Girlande aus rein pflanzlichen Stoffen.\",\"breadcrumb\":{\"@id\":\"https:\/\/dutchhealthstore.com\/de\/product\/happy-gum-drops-oil-swishing-serum\/#breadcrumb\"},\"inLanguage\":\"de\",\"potentialAction\":[{\"@type\":\"ReadAction\",\"target\":[\"https:\/\/dutchhealthstore.com\/de\/product\/happy-gum-drops-oil-swishing-serum\/\"]}]},{\"@type\":\"ImageObject\",\"inLanguage\":\"de\",\"@id\":\"https:\/\/dutchhealthstore.com\/de\/product\/happy-gum-drops-oil-swishing-serum\/#primaryimage\",\"url\":\"https:\/\/dutchhealthstore.com\/wp-content\/uploads\/2018\/02\/Happy-Gum-Drops-Oil-Swishing-Serum-Living-Libations-e1597911314856.png\",\"contentUrl\":\"https:\/\/dutchhealthstore.com\/wp-content\/uploads\/2018\/02\/Happy-Gum-Drops-Oil-Swishing-Serum-Living-Libations-e1597911314856.png\",\"width\":500,\"height\":500,\"caption\":\"Happy Gum Drops + Oil Swishing Serum Living Libations\"},{\"@type\":\"BreadcrumbList\",\"@id\":\"https:\/\/dutchhealthstore.com\/de\/product\/happy-gum-drops-oil-swishing-serum\/#breadcrumb\",\"itemListElement\":[{\"@type\":\"ListItem\",\"position\":1,\"name\":\"Home\",\"item\":\"https:\/\/dutchhealthstore.com\/de\/\"},{\"@type\":\"ListItem\",\"position\":2,\"name\":\"Shop\",\"item\":\"https:\/\/dutchhealthstore.com\/de\/shop-2\/\"},{\"@type\":\"ListItem\",\"position\":3,\"name\":\"Happy Gum Drops + Oil Swishing Serum\"}]},{\"@type\":\"WebSite\",\"@id\":\"https:\/\/dutchhealthstore.com\/de\/#website\",\"url\":\"https:\/\/dutchhealthstore.com\/de\/\",\"name\":\"Dutch Health Store\",\"description\":\"Enhance Your Beauty with Organic &amp; Natural Skincare\",\"publisher\":{\"@id\":\"https:\/\/dutchhealthstore.com\/de\/#organization\"},\"potentialAction\":[{\"@type\":\"SearchAction\",\"target\":{\"@type\":\"EntryPoint\",\"urlTemplate\":\"https:\/\/dutchhealthstore.com\/de\/?s={search_term_string}\"},\"query-input\":{\"@type\":\"PropertyValueSpecification\",\"valueRequired\":true,\"valueName\":\"search_term_string\"}}],\"inLanguage\":\"de\"},{\"@type\":\"Organization\",\"@id\":\"https:\/\/dutchhealthstore.com\/de\/#organization\",\"name\":\"Dutch Health Store\",\"url\":\"https:\/\/dutchhealthstore.com\/de\/\",\"logo\":{\"@type\":\"ImageObject\",\"inLanguage\":\"de\",\"@id\":\"https:\/\/dutchhealthstore.com\/de\/#\/schema\/logo\/image\/\",\"url\":\"https:\/\/dutchhealthstore.com\/wp-content\/uploads\/2020\/08\/logo-dutchhealthstore-jpg-e1599484957574.jpg\",\"contentUrl\":\"https:\/\/dutchhealthstore.com\/wp-content\/uploads\/2020\/08\/logo-dutchhealthstore-jpg-e1599484957574.jpg\",\"width\":400,\"height\":62,\"caption\":\"Dutch Health Store\"},\"image\":{\"@id\":\"https:\/\/dutchhealthstore.com\/de\/#\/schema\/logo\/image\/\"},\"sameAs\":[\"https:\/\/www.instagram.com\/dutchhealthstore\/\",\"https:\/\/www.facebook.com\/dutchhealthstore\"]}]}<\/script>\n<meta property=\"product:brand\" content=\"Living Libations\" \/>\n<meta property=\"og:availability\" content=\"instock\" \/>\n<meta property=\"product:availability\" content=\"instock\" \/>\n<meta property=\"product:condition\" content=\"new\" \/>\n<!-- \/ Yoast SEO Premium plugin. -->","yoast_head_json":{"title":"Happy Gum Drops + Oil Swishing Serum - Living Libations","description":"Bringen Sie Ihr L\u00e4cheln mit Happy Gum Drops + Oil Swishing Serum ins Spa und salben Sie Ihre Mundh\u00f6hle mit einer Girlande aus rein pflanzlichen Stoffen.","robots":{"index":"index","follow":"follow","max-snippet":"max-snippet:-1","max-image-preview":"max-image-preview:large","max-video-preview":"max-video-preview:-1"},"canonical":"https:\/\/dutchhealthstore.com\/de\/product\/happy-gum-drops-oil-swishing-serum\/","og_locale":"de_DE","og_type":"article","og_title":"Happy Gum Drops + Oil Swishing Serum - Dutch Health Store","og_description":"Bringen Sie Ihr L\u00e4cheln mit Happy Gum Drops + Oil Swishing Serum ins Spa und salben Sie Ihre Mundh\u00f6hle mit einer Girlande aus rein pflanzlichen Stoffen.","og_url":"https:\/\/dutchhealthstore.com\/de\/product\/happy-gum-drops-oil-swishing-serum\/","og_site_name":"Dutch Health Store","article_publisher":"https:\/\/www.instagram.com\/dutchhealthstore\/","article_modified_time":"2026-04-16T15:07:21+00:00","og_image":[{"width":500,"height":500,"url":"https:\/\/dutchhealthstore.com\/wp-content\/uploads\/2018\/02\/Happy-Gum-Drops-Oil-Swishing-Serum-Living-Libations-e1597911314856.png","type":"image\/jpeg"}],"twitter_card":"summary_large_image","twitter_misc":{"Verf\u00fcgbarkeit":"Auf Lager"},"schema":{"@context":"https:\/\/schema.org","@graph":[{"@type":"WebPage","@id":"https:\/\/dutchhealthstore.com\/de\/product\/happy-gum-drops-oil-swishing-serum\/","url":"https:\/\/dutchhealthstore.com\/de\/product\/happy-gum-drops-oil-swishing-serum\/","name":"Happy Gum Drops + Oil Swishing Serum - Living Libations","isPartOf":{"@id":"https:\/\/dutchhealthstore.com\/de\/#website"},"primaryImageOfPage":{"@id":"https:\/\/dutchhealthstore.com\/de\/product\/happy-gum-drops-oil-swishing-serum\/#primaryimage"},"image":{"@id":"https:\/\/dutchhealthstore.com\/de\/product\/happy-gum-drops-oil-swishing-serum\/#primaryimage"},"thumbnailUrl":"https:\/\/dutchhealthstore.com\/wp-content\/uploads\/2018\/02\/Happy-Gum-Drops-Oil-Swishing-Serum-Living-Libations-e1597911314856.png","datePublished":"2018-02-10T19:53:51+00:00","dateModified":"2026-04-16T15:07:21+00:00","description":"Bringen Sie Ihr L\u00e4cheln mit Happy Gum Drops + Oil Swishing Serum ins Spa und salben Sie Ihre Mundh\u00f6hle mit einer Girlande aus rein pflanzlichen Stoffen.","breadcrumb":{"@id":"https:\/\/dutchhealthstore.com\/de\/product\/happy-gum-drops-oil-swishing-serum\/#breadcrumb"},"inLanguage":"de","potentialAction":[{"@type":"ReadAction","target":["https:\/\/dutchhealthstore.com\/de\/product\/happy-gum-drops-oil-swishing-serum\/"]}]},{"@type":"ImageObject","inLanguage":"de","@id":"https:\/\/dutchhealthstore.com\/de\/product\/happy-gum-drops-oil-swishing-serum\/#primaryimage","url":"https:\/\/dutchhealthstore.com\/wp-content\/uploads\/2018\/02\/Happy-Gum-Drops-Oil-Swishing-Serum-Living-Libations-e1597911314856.png","contentUrl":"https:\/\/dutchhealthstore.com\/wp-content\/uploads\/2018\/02\/Happy-Gum-Drops-Oil-Swishing-Serum-Living-Libations-e1597911314856.png","width":500,"height":500,"caption":"Happy Gum Drops + Oil Swishing Serum Living Libations"},{"@type":"BreadcrumbList","@id":"https:\/\/dutchhealthstore.com\/de\/product\/happy-gum-drops-oil-swishing-serum\/#breadcrumb","itemListElement":[{"@type":"ListItem","position":1,"name":"Home","item":"https:\/\/dutchhealthstore.com\/de\/"},{"@type":"ListItem","position":2,"name":"Shop","item":"https:\/\/dutchhealthstore.com\/de\/shop-2\/"},{"@type":"ListItem","position":3,"name":"Happy Gum Drops + Oil Swishing Serum"}]},{"@type":"WebSite","@id":"https:\/\/dutchhealthstore.com\/de\/#website","url":"https:\/\/dutchhealthstore.com\/de\/","name":"Dutch Health Store","description":"Enhance Your Beauty with Organic &amp; Natural Skincare","publisher":{"@id":"https:\/\/dutchhealthstore.com\/de\/#organization"},"potentialAction":[{"@type":"SearchAction","target":{"@type":"EntryPoint","urlTemplate":"https:\/\/dutchhealthstore.com\/de\/?s={search_term_string}"},"query-input":{"@type":"PropertyValueSpecification","valueRequired":true,"valueName":"search_term_string"}}],"inLanguage":"de"},{"@type":"Organization","@id":"https:\/\/dutchhealthstore.com\/de\/#organization","name":"Dutch Health Store","url":"https:\/\/dutchhealthstore.com\/de\/","logo":{"@type":"ImageObject","inLanguage":"de","@id":"https:\/\/dutchhealthstore.com\/de\/#\/schema\/logo\/image\/","url":"https:\/\/dutchhealthstore.com\/wp-content\/uploads\/2020\/08\/logo-dutchhealthstore-jpg-e1599484957574.jpg","contentUrl":"https:\/\/dutchhealthstore.com\/wp-content\/uploads\/2020\/08\/logo-dutchhealthstore-jpg-e1599484957574.jpg","width":400,"height":62,"caption":"Dutch Health Store"},"image":{"@id":"https:\/\/dutchhealthstore.com\/de\/#\/schema\/logo\/image\/"},"sameAs":["https:\/\/www.instagram.com\/dutchhealthstore\/","https:\/\/www.facebook.com\/dutchhealthstore"]}]},"product_brand":"Living Libations","og_availability":"instock","product_availability":"instock","product_condition":"new"},"_links":{"self":[{"href":"https:\/\/dutchhealthstore.com\/de\/wp-json\/wp\/v2\/product\/104249","targetHints":{"allow":["GET"]}}],"collection":[{"href":"https:\/\/dutchhealthstore.com\/de\/wp-json\/wp\/v2\/product"}],"about":[{"href":"https:\/\/dutchhealthstore.com\/de\/wp-json\/wp\/v2\/types\/product"}],"replies":[{"embeddable":true,"href":"https:\/\/dutchhealthstore.com\/de\/wp-json\/wp\/v2\/comments?post=104249"}],"wp:featuredmedia":[{"embeddable":true,"href":"https:\/\/dutchhealthstore.com\/de\/wp-json\/wp\/v2\/media\/119940"}],"wp:attachment":[{"href":"https:\/\/dutchhealthstore.com\/de\/wp-json\/wp\/v2\/media?parent=104249"}],"wp:term":[{"taxonomy":"product_brand","embeddable":true,"href":"https:\/\/dutchhealthstore.com\/de\/wp-json\/wp\/v2\/product_brand?post=104249"},{"taxonomy":"product_cat","embeddable":true,"href":"https:\/\/dutchhealthstore.com\/de\/wp-json\/wp\/v2\/product_cat?post=104249"},{"taxonomy":"product_tag","embeddable":true,"href":"https:\/\/dutchhealthstore.com\/de\/wp-json\/wp\/v2\/product_tag?post=104249"}],"curies":[{"name":"wp","href":"https:\/\/api.w.org\/{rel}","templated":true}]}}