{"id":104225,"date":"2020-02-02T10:17:46","date_gmt":"2020-02-02T09:17:46","guid":{"rendered":"https:\/\/dutchhealthstore.com\/product\/mint-myrrh-oil-swishing-serum\/"},"modified":"2026-01-12T17:06:36","modified_gmt":"2026-01-12T16:06:36","slug":"mint-myrrh-oil-swishing-serum","status":"publish","type":"product","link":"https:\/\/dutchhealthstore.com\/de\/product\/mint-myrrh-oil-swishing-serum\/","title":{"rendered":"Mint + Myrrh Oil Swishing Serum"},"content":{"rendered":"<p><strong><img decoding=\"async\" class=\"alignright size-full wp-image-37041\" src=\"https:\/\/dutchhealthstore.com\/wp-content\/uploads\/2018\/04\/Living_Libations-1.png\" alt=\"Organic &amp; Natural Beautyproducts - Living Libations\" width=\"175\" height=\"82\"><\/strong><\/p>\n<p><strong>Mint + Myrrhe Oil Swishing Serum<\/strong> salbt Ihren Mund mit wirksamen Essenzen, die Giftstoffe aus dem Mundraum ziehen, die Mundh\u00f6hle erfrischen und Bakterien bek\u00e4mpfen, die schlechten Atem verursachen.<\/p>\n<p>Das Schwenken mit \u00d6l ist eine alte ayurvedische Praxis, die im alten Indien und \u00c4gypten angewendet wurde. Bei dieser Tiefenreinigung wird das pflanzliche \u00d6l zehn Minuten lang im Mund gesp\u00fclt. Das \u00d6l zieht Verunreinigungen an sich und stellt das Gleichgewicht im gesamten Mundraum wieder her. Wenn das \u00d6l freigesetzt wird, werden Giftstoffe und geruchsbildende Bakterien mitgerissen!<\/p>\n<h3>Use<\/h3>\n<p>Zischen ist so einfach wie 1, 2, 3<\/p>\n<p>Fortfahren mit den Schritten zur erfolgreichen Selbstzahnheilung<br \/>\nSwish <strong>Mint + Myrrhe Oil Swishing Serum<\/strong> f\u00fcr zehn Minuten, einmal pro Tag<br \/>\nSpucke<\/p>\n<h3 class=\"yikes-custom-woo-tab-title yikes-custom-woo-tab-title-natural-organic-ingredients\">Nat\u00fcrliche\/Organische Inhaltsstoffe<\/h3>\n<p><strong>Kokosnuss-MCT-\u00d6l <\/strong><em>(Cocos nucifeira)<\/em> &#8211; Die biologische, unraffinierte Kokosnuss enth\u00e4lt von Natur aus sowohl mittelkettige Triglyceride (MCTs) als auch langkettige Triglyceride (LCTs). Die MCT, einschlie\u00dflich Caprons\u00e4ure, Capryls\u00e4ure und Caprins\u00e4ure, haben unglaubliche Vorteile f\u00fcr Mund, K\u00f6rper und Gehirn. MCT-\u00d6l ist stark und wirksam. Im Gegensatz zu ganzem Kokosnuss\u00f6l bleibt MCT-\u00d6l bei Zimmertemperatur fl\u00fcssig.<\/p>\n<p><strong>Weihrauch\u00f6l <\/strong><em>(Boswellia Carterii)<\/em> &#8211; Eine fl\u00fcssige Perle des heiligen Salb\u00f6ls vom Baum des Lebens. Unser Weihrauch kommt aus Somaliland, wo die hochwertigsten Gummib\u00e4ume wachsen. Diese kostbare Essenz wird in den Gebieten des Nahen Ostens schon seit Tausenden von Jahren f\u00fcr saubere Z\u00e4hne und frischen Atem verwendet. Bei den Arabern ist es \u00fcblich, das Harz im Mund zu kauen. Sie wissen um seine F\u00e4higkeit, Mundgeruch verursachende Bakterien zu beseitigen und bei der Entfernung von Zahnbelag zu helfen.<\/p>\n<p><strong>Myrrhe\u00f6l<\/strong> <em>(Commiphora Myrrha<\/em>) &#8211; Die Myrrhe ist eine der \u00e4ltesten Pflanzen der Welt. Sie wurde in \u00e4gyptischen Texten erw\u00e4hnt, darunter der Papyrus Ebers, der \u00fcber achthundert Formeln dokumentiert. Die \u00c4gypter verwendeten gro\u00dfe Mengen an Myrrhe f\u00fcr Rituale, Heilmittel, Kosmetika und Einbalsamierung. In der m\u00fcndlichen \u00dcberlieferung wird Myrrhe als wohltuende, beruhigende Essenz f\u00fcr den Mund verwendet.<\/p>\n<p><strong>Pfefferminz\u00f6l <\/strong><em>(Mentha Piperita)<\/em> &#8211; Der k\u00fchle, luftige Geschmack der Pfefferminze sorgt f\u00fcr einen lang anhaltend frischen Atem. Unsere Pfefferminze ist eine echte Destillation der frischen Bl\u00e4tter und stammt von einer Brennerfamilie in vierter Generation in Frankreich. Die Pfefferminze in handels\u00fcblicher Zahnpasta ist k\u00fcnstliches Menthol und dient nur dem Geschmack. Echte Pfefferminze ist ein wirksamer und angenehmer Freund f\u00fcr die Mundpflege. Es hemmt auch die Bakterien, die schlechten Atem verursachen.<\/p>\n<p><strong>S\u00fc\u00dfes Thymian\u00f6l <\/strong><em>(Thymus Officinalis Linalool)<\/em> &#8211; Thymian Linalool ist ebenfalls ein starkes botanisches Biotikum, das Bakterien f\u00fcr schlechten Atem bek\u00e4mpft.<\/p>\n<p><strong>Oregano-\u00d6l <\/strong><em>(Origanum Vulgare)<\/em> &#8211; Unser wildes Oregano-\u00d6l wird in den Bergen am Mittelmeer angebaut. Er enth\u00e4lt zwei Phenolverbindungen, die zu seinen einzigartigen Eigenschaften beitragen: Carvacrol in einer Konzentration von \u00fcber 65% und Thymol in einer Konzentration von 3,4%. Es gilt als hei\u00dfes \u00d6l und als hervorragendes pflanzliches Biotikum, das seit Jahrhunderten den Atem erfrischt.<\/p>\n<p><strong>Co-Enzym Q10 <\/strong><em>(CoQ10)<\/em> &#8211; Dies ist ein fettl\u00f6sliches Antioxidans mit einer chemischen Struktur \u00e4hnlich der von Vitamin K.<\/p>\n<p><strong>Teebaum\u00f6l <\/strong><em>(Malaleuca Alternifolia)<\/em> &#8211; Traditioneller Teebaum ist ein krautiges Allroundtalent. Es ist nat\u00fcrlich voll mit gro\u00dfartigen Mundwerkern. Die wirksamen Pflanzenstoffe Cineol und Propanol erfrischen den Mund, verhindern die Bildung von Zahnstein und vertreiben die Bakterien, die schlechten Atem verursachen. Das in Australien dampfdestillierte Teebaum\u00f6l verstr\u00f6mt ein superreines, kiefernartiges, sauberes Aroma.<\/p>\n<p><img fetchpriority=\"high\" decoding=\"async\" class=\"size-medium wp-image-68103 aligncenter\" src=\"https:\/\/dutchhealthstore.com\/wp-content\/uploads\/2018\/02\/Living-Libations-Organic-Logo-800x89.png\" alt=\"Living Libations - Organic Logo\" width=\"800\" height=\"89\" srcset=\"https:\/\/dutchhealthstore.com\/wp-content\/uploads\/2018\/02\/Living-Libations-Organic-Logo-800x89.png 800w, https:\/\/dutchhealthstore.com\/wp-content\/uploads\/2018\/02\/Living-Libations-Organic-Logo-510x57.png 510w, https:\/\/dutchhealthstore.com\/wp-content\/uploads\/2018\/02\/Living-Libations-Organic-Logo-768x85.png 768w, https:\/\/dutchhealthstore.com\/wp-content\/uploads\/2018\/02\/Living-Libations-Organic-Logo.png 1400w\" sizes=\"(max-width: 800px) 100vw, 800px\" \/><\/p>\n","protected":false},"excerpt":{"rendered":"<p>Das <strong>Mint <\/strong><strong>+<\/strong> <strong>Myrrh <\/strong><strong>Oil Swishing Serum <\/strong>ist eine meisterhafte Mischung aus bew\u00e4hrten botanischen Biotika, darunter st\u00e4rkender Weihrauch, majest\u00e4tische Myrrhe, potenter Oregano, tonisierendes Linalool, tonisierender Thymian, therapeutischer Teebaum und CoQ10, die alle in nutrazeutischem MCT-Kokos\u00f6l super-ges\u00e4ttigt sind.<\/p>\n<p>\u00d6lziehen oder Swishing ist ein aktueller Gesundheitswahn, geh\u00f6rt aber schon seit den Anf\u00e4ngen der ayurvedischen und \u00e4gyptischen Selbstpflegepraktiken zu den Mundpflegeroutinen. Das <strong>Mint <\/strong><strong>+<\/strong> <strong>Myrrh <\/strong><strong>Oil Swishing Serum <\/strong>ist reich an hochwirksamen und wirklich sanften botanischen Biotika, die den Mund im Gleichgewicht halten.<\/p>\n","protected":false},"featured_media":120027,"comment_status":"open","ping_status":"closed","template":"","meta":[],"product_brand":[],"product_cat":[1032,1493,1210,511,1993,1992,1038],"product_tag":[4368,21810,21809,4213,21806],"class_list":{"0":"post-104225","1":"product","2":"type-product","3":"status-publish","4":"has-post-thumbnail","6":"product_cat-kategorien","7":"product_cat-living-libations-deutschland","8":"product_cat-marken","9":"product_cat-produkte","10":"product_cat-tooth-serums","11":"product_cat-dental-care-de","12":"product_cat-zahnpflege","13":"product_tag-dental-care-de","14":"product_tag-erfrischend","15":"product_tag-natural-de","16":"product_tag-oil-de","17":"product_tag-zahnfleisch","18":"pa_brand-livinglibations-de","19":"pa_dental-care-product-type-tooth-serum-de","20":"pa_gtin-7439657274299-de-2","21":"pa_size-50-ml-de","22":"pa_size-100-ml-de","24":"first","25":"instock","26":"taxable","27":"shipping-taxable","28":"purchasable","29":"product-type-variable"},"bundled_by":[],"bundle_stock_status":"instock","bundle_stock_quantity":null,"bundle_virtual":false,"bundle_layout":"","bundle_add_to_cart_form_location":"","bundle_editable_in_cart":false,"bundle_sold_individually_context":"","bundle_item_grouping":"","bundle_min_size":"","bundle_max_size":"","bundle_price":[],"bundled_items":[],"bundle_sell_ids":[103717],"atum_controlled":true,"out_stock_date":null,"out_stock_threshold":null,"inheritable":true,"stock_on_hold":1,"sold_today":0,"sales_last_days":0,"out_stock_days":0,"lost_sales":0,"update_date":"2026-04-11T00:01:06","atum_locations":[],"atum_stock_status":"instock","restock_status":false,"low_stock_amount":"","sales_update_date":"2026-04-11T00:01:06","calc_backorders":null,"group_of_quantity":0,"min_quantity":0,"max_quantity":"","exclude_order_quantity_value_rules":"no","exclude_category_quantity_rules":"no","combine_variations":"no","yoast_head":"<!-- This site is optimized with the Yoast SEO Premium plugin v26.5 (Yoast SEO v26.5) - https:\/\/yoast.com\/wordpress\/plugins\/seo\/ -->\n<title>Mint + Myrrh Oil Swishing Serum | Living Libations<\/title>\n<meta name=\"description\" content=\"Das Mint + Myrrh Oil Swishing Serum ist reich an hochwirksamen und wirklich sanften botanischen Biotika.\" \/>\n<meta name=\"robots\" content=\"index, follow, max-snippet:-1, max-image-preview:large, max-video-preview:-1\" \/>\n<link rel=\"canonical\" href=\"https:\/\/dutchhealthstore.com\/de\/product\/mint-myrrh-oil-swishing-serum\/\" \/>\n<meta property=\"og:locale\" content=\"de_DE\" \/>\n<meta property=\"og:type\" content=\"article\" \/>\n<meta property=\"og:title\" content=\"Mint + Myrrh Oil Swishing Serum - Dutch Health Store\" \/>\n<meta property=\"og:description\" content=\"Das Mint + Myrrh Oil Swishing Serum ist reich an hochwirksamen und wirklich sanften botanischen Biotika.\" \/>\n<meta property=\"og:url\" content=\"https:\/\/dutchhealthstore.com\/de\/product\/mint-myrrh-oil-swishing-serum\/\" \/>\n<meta property=\"og:site_name\" content=\"Dutch Health Store\" \/>\n<meta property=\"article:publisher\" content=\"https:\/\/www.instagram.com\/dutchhealthstore\/\" \/>\n<meta property=\"article:modified_time\" content=\"2026-01-12T16:06:36+00:00\" \/>\n<meta property=\"og:image\" content=\"https:\/\/dutchhealthstore.com\/wp-content\/uploads\/2020\/02\/Mint-Myrrh-Oil-Swishing-Serum-Living-Libations-e1597919171798.png\" \/>\n\t<meta property=\"og:image:width\" content=\"500\" \/>\n\t<meta property=\"og:image:height\" content=\"500\" \/>\n\t<meta property=\"og:image:type\" content=\"image\/jpeg\" \/>\n<meta name=\"twitter:card\" content=\"summary_large_image\" \/>\n<meta name=\"twitter:label1\" content=\"Verf\u00fcgbarkeit\" \/>\n\t<meta name=\"twitter:data1\" content=\"Auf Lager\" \/>\n<script type=\"application\/ld+json\" class=\"yoast-schema-graph\">{\"@context\":\"https:\/\/schema.org\",\"@graph\":[{\"@type\":\"WebPage\",\"@id\":\"https:\/\/dutchhealthstore.com\/de\/product\/mint-myrrh-oil-swishing-serum\/\",\"url\":\"https:\/\/dutchhealthstore.com\/de\/product\/mint-myrrh-oil-swishing-serum\/\",\"name\":\"Mint + Myrrh Oil Swishing Serum | Living Libations\",\"isPartOf\":{\"@id\":\"https:\/\/dutchhealthstore.com\/de\/#website\"},\"primaryImageOfPage\":{\"@id\":\"https:\/\/dutchhealthstore.com\/de\/product\/mint-myrrh-oil-swishing-serum\/#primaryimage\"},\"image\":{\"@id\":\"https:\/\/dutchhealthstore.com\/de\/product\/mint-myrrh-oil-swishing-serum\/#primaryimage\"},\"thumbnailUrl\":\"https:\/\/dutchhealthstore.com\/wp-content\/uploads\/2020\/02\/Mint-Myrrh-Oil-Swishing-Serum-Living-Libations-e1597919171798.png\",\"datePublished\":\"2020-02-02T09:17:46+00:00\",\"dateModified\":\"2026-01-12T16:06:36+00:00\",\"description\":\"Das Mint + Myrrh Oil Swishing Serum ist reich an hochwirksamen und wirklich sanften botanischen Biotika.\",\"breadcrumb\":{\"@id\":\"https:\/\/dutchhealthstore.com\/de\/product\/mint-myrrh-oil-swishing-serum\/#breadcrumb\"},\"inLanguage\":\"de\",\"potentialAction\":[{\"@type\":\"ReadAction\",\"target\":[\"https:\/\/dutchhealthstore.com\/de\/product\/mint-myrrh-oil-swishing-serum\/\"]}]},{\"@type\":\"ImageObject\",\"inLanguage\":\"de\",\"@id\":\"https:\/\/dutchhealthstore.com\/de\/product\/mint-myrrh-oil-swishing-serum\/#primaryimage\",\"url\":\"https:\/\/dutchhealthstore.com\/wp-content\/uploads\/2020\/02\/Mint-Myrrh-Oil-Swishing-Serum-Living-Libations-e1597919171798.png\",\"contentUrl\":\"https:\/\/dutchhealthstore.com\/wp-content\/uploads\/2020\/02\/Mint-Myrrh-Oil-Swishing-Serum-Living-Libations-e1597919171798.png\",\"width\":500,\"height\":500,\"caption\":\"Mint + Myrrh Oil Swishing Serum Living Libations\"},{\"@type\":\"BreadcrumbList\",\"@id\":\"https:\/\/dutchhealthstore.com\/de\/product\/mint-myrrh-oil-swishing-serum\/#breadcrumb\",\"itemListElement\":[{\"@type\":\"ListItem\",\"position\":1,\"name\":\"Home\",\"item\":\"https:\/\/dutchhealthstore.com\/de\/\"},{\"@type\":\"ListItem\",\"position\":2,\"name\":\"Shop\",\"item\":\"https:\/\/dutchhealthstore.com\/de\/shop-2\/\"},{\"@type\":\"ListItem\",\"position\":3,\"name\":\"Mint + Myrrh Oil Swishing Serum\"}]},{\"@type\":\"WebSite\",\"@id\":\"https:\/\/dutchhealthstore.com\/de\/#website\",\"url\":\"https:\/\/dutchhealthstore.com\/de\/\",\"name\":\"Dutch Health Store\",\"description\":\"Enhance Your Beauty with Organic &amp; Natural Skincare\",\"publisher\":{\"@id\":\"https:\/\/dutchhealthstore.com\/de\/#organization\"},\"potentialAction\":[{\"@type\":\"SearchAction\",\"target\":{\"@type\":\"EntryPoint\",\"urlTemplate\":\"https:\/\/dutchhealthstore.com\/de\/?s={search_term_string}\"},\"query-input\":{\"@type\":\"PropertyValueSpecification\",\"valueRequired\":true,\"valueName\":\"search_term_string\"}}],\"inLanguage\":\"de\"},{\"@type\":\"Organization\",\"@id\":\"https:\/\/dutchhealthstore.com\/de\/#organization\",\"name\":\"Dutch Health Store\",\"url\":\"https:\/\/dutchhealthstore.com\/de\/\",\"logo\":{\"@type\":\"ImageObject\",\"inLanguage\":\"de\",\"@id\":\"https:\/\/dutchhealthstore.com\/de\/#\/schema\/logo\/image\/\",\"url\":\"https:\/\/dutchhealthstore.com\/wp-content\/uploads\/2020\/08\/logo-dutchhealthstore-jpg-e1599484957574.jpg\",\"contentUrl\":\"https:\/\/dutchhealthstore.com\/wp-content\/uploads\/2020\/08\/logo-dutchhealthstore-jpg-e1599484957574.jpg\",\"width\":400,\"height\":62,\"caption\":\"Dutch Health Store\"},\"image\":{\"@id\":\"https:\/\/dutchhealthstore.com\/de\/#\/schema\/logo\/image\/\"},\"sameAs\":[\"https:\/\/www.instagram.com\/dutchhealthstore\/\",\"https:\/\/www.facebook.com\/dutchhealthstore\"]}]}<\/script>\n<meta property=\"product:brand\" content=\"Living Libations\" \/>\n<meta property=\"og:availability\" content=\"instock\" \/>\n<meta property=\"product:availability\" content=\"instock\" \/>\n<meta property=\"product:condition\" content=\"new\" \/>\n<!-- \/ Yoast SEO Premium plugin. -->","yoast_head_json":{"title":"Mint + Myrrh Oil Swishing Serum | Living Libations","description":"Das Mint + Myrrh Oil Swishing Serum ist reich an hochwirksamen und wirklich sanften botanischen Biotika.","robots":{"index":"index","follow":"follow","max-snippet":"max-snippet:-1","max-image-preview":"max-image-preview:large","max-video-preview":"max-video-preview:-1"},"canonical":"https:\/\/dutchhealthstore.com\/de\/product\/mint-myrrh-oil-swishing-serum\/","og_locale":"de_DE","og_type":"article","og_title":"Mint + Myrrh Oil Swishing Serum - Dutch Health Store","og_description":"Das Mint + Myrrh Oil Swishing Serum ist reich an hochwirksamen und wirklich sanften botanischen Biotika.","og_url":"https:\/\/dutchhealthstore.com\/de\/product\/mint-myrrh-oil-swishing-serum\/","og_site_name":"Dutch Health Store","article_publisher":"https:\/\/www.instagram.com\/dutchhealthstore\/","article_modified_time":"2026-01-12T16:06:36+00:00","og_image":[{"width":500,"height":500,"url":"https:\/\/dutchhealthstore.com\/wp-content\/uploads\/2020\/02\/Mint-Myrrh-Oil-Swishing-Serum-Living-Libations-e1597919171798.png","type":"image\/jpeg"}],"twitter_card":"summary_large_image","twitter_misc":{"Verf\u00fcgbarkeit":"Auf Lager"},"schema":{"@context":"https:\/\/schema.org","@graph":[{"@type":"WebPage","@id":"https:\/\/dutchhealthstore.com\/de\/product\/mint-myrrh-oil-swishing-serum\/","url":"https:\/\/dutchhealthstore.com\/de\/product\/mint-myrrh-oil-swishing-serum\/","name":"Mint + Myrrh Oil Swishing Serum | Living Libations","isPartOf":{"@id":"https:\/\/dutchhealthstore.com\/de\/#website"},"primaryImageOfPage":{"@id":"https:\/\/dutchhealthstore.com\/de\/product\/mint-myrrh-oil-swishing-serum\/#primaryimage"},"image":{"@id":"https:\/\/dutchhealthstore.com\/de\/product\/mint-myrrh-oil-swishing-serum\/#primaryimage"},"thumbnailUrl":"https:\/\/dutchhealthstore.com\/wp-content\/uploads\/2020\/02\/Mint-Myrrh-Oil-Swishing-Serum-Living-Libations-e1597919171798.png","datePublished":"2020-02-02T09:17:46+00:00","dateModified":"2026-01-12T16:06:36+00:00","description":"Das Mint + Myrrh Oil Swishing Serum ist reich an hochwirksamen und wirklich sanften botanischen Biotika.","breadcrumb":{"@id":"https:\/\/dutchhealthstore.com\/de\/product\/mint-myrrh-oil-swishing-serum\/#breadcrumb"},"inLanguage":"de","potentialAction":[{"@type":"ReadAction","target":["https:\/\/dutchhealthstore.com\/de\/product\/mint-myrrh-oil-swishing-serum\/"]}]},{"@type":"ImageObject","inLanguage":"de","@id":"https:\/\/dutchhealthstore.com\/de\/product\/mint-myrrh-oil-swishing-serum\/#primaryimage","url":"https:\/\/dutchhealthstore.com\/wp-content\/uploads\/2020\/02\/Mint-Myrrh-Oil-Swishing-Serum-Living-Libations-e1597919171798.png","contentUrl":"https:\/\/dutchhealthstore.com\/wp-content\/uploads\/2020\/02\/Mint-Myrrh-Oil-Swishing-Serum-Living-Libations-e1597919171798.png","width":500,"height":500,"caption":"Mint + Myrrh Oil Swishing Serum Living Libations"},{"@type":"BreadcrumbList","@id":"https:\/\/dutchhealthstore.com\/de\/product\/mint-myrrh-oil-swishing-serum\/#breadcrumb","itemListElement":[{"@type":"ListItem","position":1,"name":"Home","item":"https:\/\/dutchhealthstore.com\/de\/"},{"@type":"ListItem","position":2,"name":"Shop","item":"https:\/\/dutchhealthstore.com\/de\/shop-2\/"},{"@type":"ListItem","position":3,"name":"Mint + Myrrh Oil Swishing Serum"}]},{"@type":"WebSite","@id":"https:\/\/dutchhealthstore.com\/de\/#website","url":"https:\/\/dutchhealthstore.com\/de\/","name":"Dutch Health Store","description":"Enhance Your Beauty with Organic &amp; Natural Skincare","publisher":{"@id":"https:\/\/dutchhealthstore.com\/de\/#organization"},"potentialAction":[{"@type":"SearchAction","target":{"@type":"EntryPoint","urlTemplate":"https:\/\/dutchhealthstore.com\/de\/?s={search_term_string}"},"query-input":{"@type":"PropertyValueSpecification","valueRequired":true,"valueName":"search_term_string"}}],"inLanguage":"de"},{"@type":"Organization","@id":"https:\/\/dutchhealthstore.com\/de\/#organization","name":"Dutch Health Store","url":"https:\/\/dutchhealthstore.com\/de\/","logo":{"@type":"ImageObject","inLanguage":"de","@id":"https:\/\/dutchhealthstore.com\/de\/#\/schema\/logo\/image\/","url":"https:\/\/dutchhealthstore.com\/wp-content\/uploads\/2020\/08\/logo-dutchhealthstore-jpg-e1599484957574.jpg","contentUrl":"https:\/\/dutchhealthstore.com\/wp-content\/uploads\/2020\/08\/logo-dutchhealthstore-jpg-e1599484957574.jpg","width":400,"height":62,"caption":"Dutch Health Store"},"image":{"@id":"https:\/\/dutchhealthstore.com\/de\/#\/schema\/logo\/image\/"},"sameAs":["https:\/\/www.instagram.com\/dutchhealthstore\/","https:\/\/www.facebook.com\/dutchhealthstore"]}]},"product_brand":"Living Libations","og_availability":"instock","product_availability":"instock","product_condition":"new"},"_links":{"self":[{"href":"https:\/\/dutchhealthstore.com\/de\/wp-json\/wp\/v2\/product\/104225","targetHints":{"allow":["GET"]}}],"collection":[{"href":"https:\/\/dutchhealthstore.com\/de\/wp-json\/wp\/v2\/product"}],"about":[{"href":"https:\/\/dutchhealthstore.com\/de\/wp-json\/wp\/v2\/types\/product"}],"replies":[{"embeddable":true,"href":"https:\/\/dutchhealthstore.com\/de\/wp-json\/wp\/v2\/comments?post=104225"}],"wp:featuredmedia":[{"embeddable":true,"href":"https:\/\/dutchhealthstore.com\/de\/wp-json\/wp\/v2\/media\/120027"}],"wp:attachment":[{"href":"https:\/\/dutchhealthstore.com\/de\/wp-json\/wp\/v2\/media?parent=104225"}],"wp:term":[{"taxonomy":"product_brand","embeddable":true,"href":"https:\/\/dutchhealthstore.com\/de\/wp-json\/wp\/v2\/product_brand?post=104225"},{"taxonomy":"product_cat","embeddable":true,"href":"https:\/\/dutchhealthstore.com\/de\/wp-json\/wp\/v2\/product_cat?post=104225"},{"taxonomy":"product_tag","embeddable":true,"href":"https:\/\/dutchhealthstore.com\/de\/wp-json\/wp\/v2\/product_tag?post=104225"}],"curies":[{"name":"wp","href":"https:\/\/api.w.org\/{rel}","templated":true}]}}