{"id":103942,"date":"2020-01-27T11:01:09","date_gmt":"2020-01-27T11:01:09","guid":{"rendered":"https:\/\/dutchhealthstore.com\/product\/wintergreen-clean-activated-charcoal-toothpaste\/"},"modified":"2026-04-02T09:36:09","modified_gmt":"2026-04-02T07:36:09","slug":"wintergreen-clean-activated-charcoal-toothpaste","status":"publish","type":"product","link":"https:\/\/dutchhealthstore.com\/de\/product\/wintergreen-clean-activated-charcoal-toothpaste\/","title":{"rendered":"Wintergreen Clean &#8211; Activated Charcoal Toothpaste"},"content":{"rendered":"<p><img decoding=\"async\" class=\"alignright size-full wp-image-37041\" src=\"https:\/\/dutchhealthstore.com\/wp-content\/uploads\/2018\/04\/Living_Libations-1.png\" alt=\"Organic &amp; Natural Beautyproducts - Living Libations\" width=\"175\" height=\"82\">Living Libations <b><strong>Wintergreen<\/strong><\/b><b><strong>Clean<\/strong><\/b><b><strong>&#8211; <\/strong><\/b><b><strong>Activated<\/strong><\/b><b><strong>Charcoal<\/strong><\/b><b><strong>Toohpaste<\/strong><\/b>poliert Ihre Z\u00e4hne mit Reinheit, erfrischt Ihren Atem mit der Reinheit von Wintergr\u00fcn und bringt Ihre Z\u00e4hne mit dem Schwarz der Aktivkohle zum Gl\u00e4nzen.<\/p>\n<p>Wie kommt die pechschwarze Paste zu strahlend wei\u00dfen Z\u00e4hnen? Es wirkt wie ein Magnet, der sich mit k\u00f6rnigem Zahnbelag, Oberfl\u00e4chenverschmutzungen und oralen Toxinen verbindet. Eine schnelle Sp\u00fclung bringt blanke Z\u00e4hne und ein strahlendes L\u00e4cheln zum Vorschein.<\/p>\n<h3>Use<\/h3>\n<p>Verwenden Sie es wie eine Zahnpasta. Eine kleine Perle auf eine trockene Zahnb\u00fcrste geben und b\u00fcrsten. Kombinieren Sie sie mit den <strong>Happy Gum Drops<\/strong>, dem <strong>Yogi Tooth Serum<\/strong> oder dem <strong>Mint + Myrrhe Serum<\/strong>, um die Wirkung zu verst\u00e4rken. Folgen Sie den 8 Schritten zur <strong>erfolgreichen Selbstzahnheilung<\/strong>.<\/p>\n<h3 class=\"yikes-custom-woo-tab-title yikes-custom-woo-tab-title-natural-organic-ingredients\">Nat\u00fcrliche\/Organische Inhaltsstoffe<\/h3>\n<p><strong>Aktivkohle &#8211; <\/strong>Diese Reinigungskohle wirkt wie ein Magnet, um Giftstoffe aus dem Mund zu entfernen und Oberfl\u00e4chenverf\u00e4rbungen von den Z\u00e4hnen zu entfernen. Dieses schwarze Pulver bringt Ihr strahlendes Wei\u00df wieder zum Vorschein, da es Krankheitserreger reinigt und Oberfl\u00e4chenverschmutzungen entfernt.<\/p>\n<p><strong>Natriumbikarbonat<\/strong><em>(Backpulver)<\/em> &#8211; Z\u00e4hne gedeihen gut, wenn sie in einem Meer von s\u00fc\u00dfem Speichel gebadet werden, und Backpulver puffert und neutralisiert Speises\u00e4uren. Backpulver ist nicht nur ein wirksames Reinigungsmittel, sondern auch sanft. Es hat eine deutlich geringere Abrasivit\u00e4t als die in handels\u00fcblichen Zahnpasten verwendeten Reinigungsmittel aus Kreide und Kieselerde, und die nat\u00fcrliche Alkalit\u00e4t des Natrons neutralisiert die bakterielle S\u00e4ure.<\/p>\n<p><strong>Natives Kokosnuss\u00f6l<\/strong><em>(Cocos nucifera<\/em>) &#8211; Dieses vielseitige \u00d6l ist ein pflegendes Tr\u00e4ger\u00f6l und ein botanischer biotischer Konspirator, der die \u00d6kologie der Mundh\u00f6hle ausgleicht. Dieses optimale \u00d6l beruhigt die Mundschleimhaut und beseitigt sanft die Bakterien, die schlechten Atem verursachen.<\/p>\n<p><strong>Verseiftes Oliven\u00f6l <\/strong><em>(Olea europaea<\/em>) &#8211; Unser verseiftes Bio-Oliven\u00f6l enth\u00e4lt alle n\u00e4hrenden und feuchtigkeitsspendenden Eigenschaften des Oliven\u00f6ls und verbessert gleichzeitig die F\u00e4higkeit des \u00d6ls, Plaque von den Z\u00e4hnen zu entfernen. Die Verseifung ist eine chemische Reaktion, die stattfindet, wenn das \u00d6l mit einer stark alkalischen L\u00f6sung behandelt wird.<\/p>\n<p><strong>Rosenbl\u00fcten\u00f6l<\/strong><em>(Rosa centifolia<\/em>) &#8211; Herrliche Rosenbl\u00fcten werden von den Bio-Rosenbl\u00fctenfeldern unserer Brennerei im bulgarischen Tal der Rosen geerntet und zu einem rosafarbenen Pulver aus Bl\u00fctenbl\u00e4ttern gepresst. Dieses fantastisch duftende und tonisierende Pulver verleiht unserer Zahnpasta n\u00e4hrende Bl\u00fctenkraft.<\/p>\n<p><strong>Rosmarin\u00f6l <\/strong><em>(Rosmarinus officinalis<\/em>) &#8211; Rousing Rosemary ist ein krautiges, belebendes Tonikum mit einem erfrischenden, durchdringenden Aroma. Stellen Sie sich Rosmarin als den k\u00e4mpferischen Freund vor, der die Tr\u00e4gheit aus ihrer Stagnation herausholt. Der superkritische Rosmarinextrakt ist eine hochkonzentrierte Destillation mit vielen bioaktiven Verbindungen wie Carnosins\u00e4ure, Kampfer und Rosmaridiphenol. Es dient als nat\u00fcrliches Konservierungsmittel und bietet gleichzeitig alle Vorteile von Rosmarin f\u00fcr ein optimales Mundklima.<\/p>\n<p><strong>Wintergr\u00fcn\u00f6l<\/strong><em>(Gaultheria fragrantissima<\/em>) &#8211; Die wunderbare Essenz des Wintergr\u00fcns weckt die Sinne mit einem Hauch von k\u00fchlender Minze und schneebedeckter Frische. Dampfdestilliert aus den leuchtend roten Beeren und Bl\u00e4ttern des wilden Wintergr\u00fcns, das selbst bei den k\u00e4ltesten Temperaturen gedeiht, verleiht dieses \u00d6l eine Essenz von Langlebigkeit und St\u00e4rke.<\/p>\n<p><strong>Pfefferminz\u00f6l <\/strong><em>(Mentha spicata<\/em>) &#8211; Die spritzige Pfefferminze ist der sanftere, zur\u00fcckhaltendere Cousin der Pfefferminze. Frische, duftende Minze bes\u00e4nftigt die Sinne mit einem Hauch von minziger Pracht! Die alten Griechen benutzten die Minze, um ihr Badewasser zu parf\u00fcmieren, w\u00e4hrend die Menschen im Mittelalter das Kraut verwendeten, um ihren Atem zu erfrischen und die Z\u00e4hne zu reinigen. Wie ihre Cousine hemmt auch die Minze die Bakterien, die schlechten Atem verursachen.<\/p>\n<p style=\"text-align: left;\"><strong>Sehen Sie sich unseren YouTube-Clip zu diesem Produkt an:<\/strong><\/p>\n<p><iframe title=\"Natural Oral Care Teeth Brushing Tips\" width=\"1020\" height=\"574\" src=\"https:\/\/www.youtube.com\/embed\/UQSs88ESuzA?feature=oembed\" frameborder=\"0\" allow=\"accelerometer; autoplay; encrypted-media; gyroscope; picture-in-picture\" allowfullscreen><\/iframe><\/p>\n<p><img fetchpriority=\"high\" decoding=\"async\" class=\"size-medium wp-image-68099 aligncenter\" src=\"https:\/\/dutchhealthstore.com\/wp-content\/uploads\/2018\/02\/Logo-Living-Libations-New-2019-800x88.png\" alt=\"Logo Living Libations New 2019\" width=\"800\" height=\"88\" srcset=\"https:\/\/dutchhealthstore.com\/wp-content\/uploads\/2018\/02\/Logo-Living-Libations-New-2019-800x88.png 800w, https:\/\/dutchhealthstore.com\/wp-content\/uploads\/2018\/02\/Logo-Living-Libations-New-2019-510x56.png 510w, https:\/\/dutchhealthstore.com\/wp-content\/uploads\/2018\/02\/Logo-Living-Libations-New-2019-768x85.png 768w, https:\/\/dutchhealthstore.com\/wp-content\/uploads\/2018\/02\/Logo-Living-Libations-New-2019.png 905w\" sizes=\"(max-width: 800px) 100vw, 800px\" \/><\/p>\n","protected":false},"excerpt":{"rendered":"<p>Living Libations <b><strong>Wintergreen<\/strong><\/b><b><strong>Clean<\/strong><\/b><b><strong>&#8211; <\/strong><\/b><b><strong>Activated<\/strong><\/b><b><strong>Charcoal<\/strong><\/b><b><strong>Toohpaste<\/strong><\/b>poliert Ihre Z\u00e4hne mit Reinheit, erfrischt Ihren Atem mit der Reinheit von Wintergr\u00fcn und bringt Ihre Z\u00e4hne mit dem Schwarz der Aktivkohle zum Gl\u00e4nzen.<\/p>\n<p>Wie kommt die pechschwarze Paste zu strahlend wei\u00dfen Z\u00e4hnen? Es wirkt wie ein Magnet, der sich mit k\u00f6rnigem Zahnbelag, Oberfl\u00e4chenverschmutzungen und oralen Toxinen verbindet. Eine kurze Sp\u00fclung bringt blanke Z\u00e4hne und ein strahlendes L\u00e4cheln ans Licht<\/p>\n","protected":false},"featured_media":278099,"comment_status":"open","ping_status":"closed","template":"","meta":[],"product_brand":[],"product_cat":[1032,1493,1210,511,1992,2188,1038],"product_tag":[4368,21641],"class_list":{"0":"post-103942","1":"product","2":"type-product","3":"status-publish","4":"has-post-thumbnail","6":"product_cat-kategorien","7":"product_cat-living-libations-deutschland","8":"product_cat-marken","9":"product_cat-produkte","10":"product_cat-dental-care-de","11":"product_cat-zahnpasten","12":"product_cat-zahnpflege","13":"product_tag-dental-care-de","14":"product_tag-toothpaste-de","15":"pa_brand-livinglibations-de","16":"pa_dental-care-product-type-toothpaste-de","17":"pa_gtin-7439657274237-de-2","18":"pa_size-15-ml-de-2","19":"pa_size-25-ml-de","20":"pa_size-30-ml-de","22":"first","23":"instock","24":"taxable","25":"shipping-taxable","26":"purchasable","27":"product-type-variable"},"bundled_by":[],"bundle_stock_status":"instock","bundle_stock_quantity":null,"bundle_virtual":false,"bundle_layout":"","bundle_add_to_cart_form_location":"","bundle_editable_in_cart":false,"bundle_sold_individually_context":"","bundle_item_grouping":"","bundle_min_size":"","bundle_max_size":"","bundle_price":[],"bundled_items":[],"bundle_sell_ids":[239216],"atum_controlled":true,"out_stock_date":null,"out_stock_threshold":null,"inheritable":true,"stock_on_hold":7,"sold_today":0,"sales_last_days":3,"out_stock_days":0,"lost_sales":0,"update_date":"2026-04-07T07:01:34","atum_locations":[],"atum_stock_status":"instock","restock_status":false,"low_stock_amount":"","sales_update_date":"2026-04-01T12:52:59","calc_backorders":null,"group_of_quantity":0,"min_quantity":0,"max_quantity":"","exclude_order_quantity_value_rules":"no","exclude_category_quantity_rules":"no","combine_variations":"no","yoast_head":"<!-- This site is optimized with the Yoast SEO Premium plugin v26.5 (Yoast SEO v26.5) - https:\/\/yoast.com\/wordpress\/plugins\/seo\/ -->\n<title>Wintergreen Clean - Activated Charcoal Toothpaste | Living Libations<\/title>\n<meta name=\"description\" content=\"Wintergreen Clean - Activated Charcoal Toothpaste poliert Ihre Z\u00e4hne mit Reinheit und erfrischt Ihren Atem mit der Reinheit von Wintergr\u00fcn.\" \/>\n<meta name=\"robots\" content=\"index, follow, max-snippet:-1, max-image-preview:large, max-video-preview:-1\" \/>\n<link rel=\"canonical\" href=\"https:\/\/dutchhealthstore.com\/de\/product\/wintergreen-clean-activated-charcoal-toothpaste\/\" \/>\n<meta property=\"og:locale\" content=\"de_DE\" \/>\n<meta property=\"og:type\" content=\"article\" \/>\n<meta property=\"og:title\" content=\"Wintergreen Clean - Activated Charcoal Toothpaste - Dutch Health Store\" \/>\n<meta property=\"og:description\" content=\"Wintergreen Clean - Activated Charcoal Toothpaste poliert Ihre Z\u00e4hne mit Reinheit und erfrischt Ihren Atem mit der Reinheit von Wintergr\u00fcn.\" \/>\n<meta property=\"og:url\" content=\"https:\/\/dutchhealthstore.com\/de\/product\/wintergreen-clean-activated-charcoal-toothpaste\/\" \/>\n<meta property=\"og:site_name\" content=\"Dutch Health Store\" \/>\n<meta property=\"article:publisher\" content=\"https:\/\/www.instagram.com\/dutchhealthstore\/\" \/>\n<meta property=\"article:modified_time\" content=\"2026-04-02T07:36:09+00:00\" \/>\n<meta property=\"og:image\" content=\"https:\/\/dutchhealthstore.com\/wp-content\/uploads\/2020\/01\/living-libations-wintergreen-clean-30ml-500.jpg\" \/>\n\t<meta property=\"og:image:width\" content=\"500\" \/>\n\t<meta property=\"og:image:height\" content=\"500\" \/>\n\t<meta property=\"og:image:type\" content=\"image\/jpeg\" \/>\n<meta name=\"twitter:card\" content=\"summary_large_image\" \/>\n<meta name=\"twitter:label1\" content=\"Verf\u00fcgbarkeit\" \/>\n\t<meta name=\"twitter:data1\" content=\"Auf Lager\" \/>\n<script type=\"application\/ld+json\" class=\"yoast-schema-graph\">{\"@context\":\"https:\/\/schema.org\",\"@graph\":[{\"@type\":\"WebPage\",\"@id\":\"https:\/\/dutchhealthstore.com\/de\/product\/wintergreen-clean-activated-charcoal-toothpaste\/\",\"url\":\"https:\/\/dutchhealthstore.com\/de\/product\/wintergreen-clean-activated-charcoal-toothpaste\/\",\"name\":\"Wintergreen Clean - Activated Charcoal Toothpaste | Living Libations\",\"isPartOf\":{\"@id\":\"https:\/\/dutchhealthstore.com\/de\/#website\"},\"primaryImageOfPage\":{\"@id\":\"https:\/\/dutchhealthstore.com\/de\/product\/wintergreen-clean-activated-charcoal-toothpaste\/#primaryimage\"},\"image\":{\"@id\":\"https:\/\/dutchhealthstore.com\/de\/product\/wintergreen-clean-activated-charcoal-toothpaste\/#primaryimage\"},\"thumbnailUrl\":\"https:\/\/dutchhealthstore.com\/wp-content\/uploads\/2020\/01\/living-libations-wintergreen-clean-30ml-500.jpg\",\"datePublished\":\"2020-01-27T11:01:09+00:00\",\"dateModified\":\"2026-04-02T07:36:09+00:00\",\"description\":\"Wintergreen Clean - Activated Charcoal Toothpaste poliert Ihre Z\u00e4hne mit Reinheit und erfrischt Ihren Atem mit der Reinheit von Wintergr\u00fcn.\",\"breadcrumb\":{\"@id\":\"https:\/\/dutchhealthstore.com\/de\/product\/wintergreen-clean-activated-charcoal-toothpaste\/#breadcrumb\"},\"inLanguage\":\"de\",\"potentialAction\":[{\"@type\":\"ReadAction\",\"target\":[\"https:\/\/dutchhealthstore.com\/de\/product\/wintergreen-clean-activated-charcoal-toothpaste\/\"]}]},{\"@type\":\"ImageObject\",\"inLanguage\":\"de\",\"@id\":\"https:\/\/dutchhealthstore.com\/de\/product\/wintergreen-clean-activated-charcoal-toothpaste\/#primaryimage\",\"url\":\"https:\/\/dutchhealthstore.com\/wp-content\/uploads\/2020\/01\/living-libations-wintergreen-clean-30ml-500.jpg\",\"contentUrl\":\"https:\/\/dutchhealthstore.com\/wp-content\/uploads\/2020\/01\/living-libations-wintergreen-clean-30ml-500.jpg\",\"width\":500,\"height\":500,\"caption\":\"living-libations-wintergreen-clean-30ml-500\"},{\"@type\":\"BreadcrumbList\",\"@id\":\"https:\/\/dutchhealthstore.com\/de\/product\/wintergreen-clean-activated-charcoal-toothpaste\/#breadcrumb\",\"itemListElement\":[{\"@type\":\"ListItem\",\"position\":1,\"name\":\"Home\",\"item\":\"https:\/\/dutchhealthstore.com\/de\/\"},{\"@type\":\"ListItem\",\"position\":2,\"name\":\"Shop\",\"item\":\"https:\/\/dutchhealthstore.com\/de\/shop-2\/\"},{\"@type\":\"ListItem\",\"position\":3,\"name\":\"Wintergreen Clean &#8211; Activated Charcoal Toothpaste\"}]},{\"@type\":\"WebSite\",\"@id\":\"https:\/\/dutchhealthstore.com\/de\/#website\",\"url\":\"https:\/\/dutchhealthstore.com\/de\/\",\"name\":\"Dutch Health Store\",\"description\":\"Enhance Your Beauty with Organic &amp; Natural Skincare\",\"publisher\":{\"@id\":\"https:\/\/dutchhealthstore.com\/de\/#organization\"},\"potentialAction\":[{\"@type\":\"SearchAction\",\"target\":{\"@type\":\"EntryPoint\",\"urlTemplate\":\"https:\/\/dutchhealthstore.com\/de\/?s={search_term_string}\"},\"query-input\":{\"@type\":\"PropertyValueSpecification\",\"valueRequired\":true,\"valueName\":\"search_term_string\"}}],\"inLanguage\":\"de\"},{\"@type\":\"Organization\",\"@id\":\"https:\/\/dutchhealthstore.com\/de\/#organization\",\"name\":\"Dutch Health Store\",\"url\":\"https:\/\/dutchhealthstore.com\/de\/\",\"logo\":{\"@type\":\"ImageObject\",\"inLanguage\":\"de\",\"@id\":\"https:\/\/dutchhealthstore.com\/de\/#\/schema\/logo\/image\/\",\"url\":\"https:\/\/dutchhealthstore.com\/wp-content\/uploads\/2020\/08\/logo-dutchhealthstore-jpg-e1599484957574.jpg\",\"contentUrl\":\"https:\/\/dutchhealthstore.com\/wp-content\/uploads\/2020\/08\/logo-dutchhealthstore-jpg-e1599484957574.jpg\",\"width\":400,\"height\":62,\"caption\":\"Dutch Health Store\"},\"image\":{\"@id\":\"https:\/\/dutchhealthstore.com\/de\/#\/schema\/logo\/image\/\"},\"sameAs\":[\"https:\/\/www.instagram.com\/dutchhealthstore\/\",\"https:\/\/www.facebook.com\/dutchhealthstore\"]}]}<\/script>\n<meta property=\"product:brand\" content=\"Living Libations\" \/>\n<meta property=\"og:availability\" content=\"instock\" \/>\n<meta property=\"product:availability\" content=\"instock\" \/>\n<meta property=\"product:condition\" content=\"new\" \/>\n<!-- \/ Yoast SEO Premium plugin. -->","yoast_head_json":{"title":"Wintergreen Clean - Activated Charcoal Toothpaste | Living Libations","description":"Wintergreen Clean - Activated Charcoal Toothpaste poliert Ihre Z\u00e4hne mit Reinheit und erfrischt Ihren Atem mit der Reinheit von Wintergr\u00fcn.","robots":{"index":"index","follow":"follow","max-snippet":"max-snippet:-1","max-image-preview":"max-image-preview:large","max-video-preview":"max-video-preview:-1"},"canonical":"https:\/\/dutchhealthstore.com\/de\/product\/wintergreen-clean-activated-charcoal-toothpaste\/","og_locale":"de_DE","og_type":"article","og_title":"Wintergreen Clean - Activated Charcoal Toothpaste - Dutch Health Store","og_description":"Wintergreen Clean - Activated Charcoal Toothpaste poliert Ihre Z\u00e4hne mit Reinheit und erfrischt Ihren Atem mit der Reinheit von Wintergr\u00fcn.","og_url":"https:\/\/dutchhealthstore.com\/de\/product\/wintergreen-clean-activated-charcoal-toothpaste\/","og_site_name":"Dutch Health Store","article_publisher":"https:\/\/www.instagram.com\/dutchhealthstore\/","article_modified_time":"2026-04-02T07:36:09+00:00","og_image":[{"width":500,"height":500,"url":"https:\/\/dutchhealthstore.com\/wp-content\/uploads\/2020\/01\/living-libations-wintergreen-clean-30ml-500.jpg","type":"image\/jpeg"}],"twitter_card":"summary_large_image","twitter_misc":{"Verf\u00fcgbarkeit":"Auf Lager"},"schema":{"@context":"https:\/\/schema.org","@graph":[{"@type":"WebPage","@id":"https:\/\/dutchhealthstore.com\/de\/product\/wintergreen-clean-activated-charcoal-toothpaste\/","url":"https:\/\/dutchhealthstore.com\/de\/product\/wintergreen-clean-activated-charcoal-toothpaste\/","name":"Wintergreen Clean - Activated Charcoal Toothpaste | Living Libations","isPartOf":{"@id":"https:\/\/dutchhealthstore.com\/de\/#website"},"primaryImageOfPage":{"@id":"https:\/\/dutchhealthstore.com\/de\/product\/wintergreen-clean-activated-charcoal-toothpaste\/#primaryimage"},"image":{"@id":"https:\/\/dutchhealthstore.com\/de\/product\/wintergreen-clean-activated-charcoal-toothpaste\/#primaryimage"},"thumbnailUrl":"https:\/\/dutchhealthstore.com\/wp-content\/uploads\/2020\/01\/living-libations-wintergreen-clean-30ml-500.jpg","datePublished":"2020-01-27T11:01:09+00:00","dateModified":"2026-04-02T07:36:09+00:00","description":"Wintergreen Clean - Activated Charcoal Toothpaste poliert Ihre Z\u00e4hne mit Reinheit und erfrischt Ihren Atem mit der Reinheit von Wintergr\u00fcn.","breadcrumb":{"@id":"https:\/\/dutchhealthstore.com\/de\/product\/wintergreen-clean-activated-charcoal-toothpaste\/#breadcrumb"},"inLanguage":"de","potentialAction":[{"@type":"ReadAction","target":["https:\/\/dutchhealthstore.com\/de\/product\/wintergreen-clean-activated-charcoal-toothpaste\/"]}]},{"@type":"ImageObject","inLanguage":"de","@id":"https:\/\/dutchhealthstore.com\/de\/product\/wintergreen-clean-activated-charcoal-toothpaste\/#primaryimage","url":"https:\/\/dutchhealthstore.com\/wp-content\/uploads\/2020\/01\/living-libations-wintergreen-clean-30ml-500.jpg","contentUrl":"https:\/\/dutchhealthstore.com\/wp-content\/uploads\/2020\/01\/living-libations-wintergreen-clean-30ml-500.jpg","width":500,"height":500,"caption":"living-libations-wintergreen-clean-30ml-500"},{"@type":"BreadcrumbList","@id":"https:\/\/dutchhealthstore.com\/de\/product\/wintergreen-clean-activated-charcoal-toothpaste\/#breadcrumb","itemListElement":[{"@type":"ListItem","position":1,"name":"Home","item":"https:\/\/dutchhealthstore.com\/de\/"},{"@type":"ListItem","position":2,"name":"Shop","item":"https:\/\/dutchhealthstore.com\/de\/shop-2\/"},{"@type":"ListItem","position":3,"name":"Wintergreen Clean &#8211; Activated Charcoal Toothpaste"}]},{"@type":"WebSite","@id":"https:\/\/dutchhealthstore.com\/de\/#website","url":"https:\/\/dutchhealthstore.com\/de\/","name":"Dutch Health Store","description":"Enhance Your Beauty with Organic &amp; Natural Skincare","publisher":{"@id":"https:\/\/dutchhealthstore.com\/de\/#organization"},"potentialAction":[{"@type":"SearchAction","target":{"@type":"EntryPoint","urlTemplate":"https:\/\/dutchhealthstore.com\/de\/?s={search_term_string}"},"query-input":{"@type":"PropertyValueSpecification","valueRequired":true,"valueName":"search_term_string"}}],"inLanguage":"de"},{"@type":"Organization","@id":"https:\/\/dutchhealthstore.com\/de\/#organization","name":"Dutch Health Store","url":"https:\/\/dutchhealthstore.com\/de\/","logo":{"@type":"ImageObject","inLanguage":"de","@id":"https:\/\/dutchhealthstore.com\/de\/#\/schema\/logo\/image\/","url":"https:\/\/dutchhealthstore.com\/wp-content\/uploads\/2020\/08\/logo-dutchhealthstore-jpg-e1599484957574.jpg","contentUrl":"https:\/\/dutchhealthstore.com\/wp-content\/uploads\/2020\/08\/logo-dutchhealthstore-jpg-e1599484957574.jpg","width":400,"height":62,"caption":"Dutch Health Store"},"image":{"@id":"https:\/\/dutchhealthstore.com\/de\/#\/schema\/logo\/image\/"},"sameAs":["https:\/\/www.instagram.com\/dutchhealthstore\/","https:\/\/www.facebook.com\/dutchhealthstore"]}]},"product_brand":"Living Libations","og_availability":"instock","product_availability":"instock","product_condition":"new"},"_links":{"self":[{"href":"https:\/\/dutchhealthstore.com\/de\/wp-json\/wp\/v2\/product\/103942","targetHints":{"allow":["GET"]}}],"collection":[{"href":"https:\/\/dutchhealthstore.com\/de\/wp-json\/wp\/v2\/product"}],"about":[{"href":"https:\/\/dutchhealthstore.com\/de\/wp-json\/wp\/v2\/types\/product"}],"replies":[{"embeddable":true,"href":"https:\/\/dutchhealthstore.com\/de\/wp-json\/wp\/v2\/comments?post=103942"}],"wp:featuredmedia":[{"embeddable":true,"href":"https:\/\/dutchhealthstore.com\/de\/wp-json\/wp\/v2\/media\/278099"}],"wp:attachment":[{"href":"https:\/\/dutchhealthstore.com\/de\/wp-json\/wp\/v2\/media?parent=103942"}],"wp:term":[{"taxonomy":"product_brand","embeddable":true,"href":"https:\/\/dutchhealthstore.com\/de\/wp-json\/wp\/v2\/product_brand?post=103942"},{"taxonomy":"product_cat","embeddable":true,"href":"https:\/\/dutchhealthstore.com\/de\/wp-json\/wp\/v2\/product_cat?post=103942"},{"taxonomy":"product_tag","embeddable":true,"href":"https:\/\/dutchhealthstore.com\/de\/wp-json\/wp\/v2\/product_tag?post=103942"}],"curies":[{"name":"wp","href":"https:\/\/api.w.org\/{rel}","templated":true}]}}