{"id":103785,"date":"2018-02-10T19:26:24","date_gmt":"2018-02-10T19:26:24","guid":{"rendered":"https:\/\/dutchhealthstore.com\/product\/wild-child-happy-gum-drops\/"},"modified":"2026-03-20T16:50:46","modified_gmt":"2026-03-20T15:50:46","slug":"wild-child-happy-gum-drops","status":"publish","type":"product","link":"https:\/\/dutchhealthstore.com\/de\/product\/wild-child-happy-gum-drops\/","title":{"rendered":"Wild Child Happy Gum Drops"},"content":{"rendered":"<h3><img decoding=\"async\" class=\"alignright size-full wp-image-37041\" src=\"https:\/\/dutchhealthstore.com\/wp-content\/uploads\/2018\/04\/Living_Libations-1.png\" alt=\"Organic &amp; Natural Beautyproducts - Living Libations\" width=\"175\" height=\"82\"><\/h3>\n<p>Living Libations <strong>Wild Child Happy Gum Drops<\/strong> ist eine mildere Form von Happy Gum Drops. Es reinigt sanft und geht zwischen die Z\u00e4hne f\u00fcr ein s\u00fc\u00dfes, wildes Kinderl\u00e4cheln. <strong>Wild Child Happy Gum Drops<\/strong> bilden ein Mosaik aus botanischer Flower-Power. Jedes der \u00d6le in dieser Rezeptur wurde sorgf\u00e4ltig nach seinen individuellen und synergetischen Wirkungen ausgew\u00e4hlt, um die Mundgesundheit von Kindern zu erhalten.<\/p>\n<p>Erstellt f\u00fcr Kinder unter 9 Jahren.<br \/>\nGetestet und f\u00fcr gut befunden von unserem Sohn im Alter von 2 Jahren.<\/p>\n<h3>Use<\/h3>\n<p>F\u00fcr Kinder von 9 Jahren und j\u00fcnger. Ideal zum Ausspucken, aber sicher zum Schlucken in der verwendeten Ein-Tropfen-Portion. Geben Sie einen Tropfen auf die Zahnb\u00fcrste, in die Salzmundsp\u00fclung, massieren Sie das Zahnfleisch ein oder lassen Sie einen Tropfen \u00fcber die Zahnseide gleiten, um die winzigen Zahnzwischenr\u00e4ume zu reinigen. Befolgen Sie die restlichen Schritte der erfolgreichen Mundpflege.<\/p>\n<h3 class=\"yikes-custom-woo-tab-title yikes-custom-woo-tab-title-natural-organic-ingredients\">Nat\u00fcrliche\/Organische Inhaltsstoffe<\/h3>\n<p><strong>Sanddorn <\/strong><em>(Hippophae rhamnoides)<\/em> &#8211; Dies ist ein unglaublich reichhaltiges und vitales \u00d6l, das aus einer leuchtend orangefarbenen Beere gewonnen wird. Der Gehalt an essenziellen Omega-3-, -6-, -7- und -9-Fetts\u00e4uren ist perfekt ausgewogen. Unsere Sanddornbeere ist ein spezieller superkritischer Extrakt, der \u00fcber 190 bioaktive Substanzen aus der essbaren Beere enth\u00e4lt. Das \u00d6l ist eine reichhaltige Quelle f\u00fcr die Vitamine C, E, Provitamine A und B, Beta-Carotin, Carotinoide, wertvolle Phytosterine und seltene Palmitoleins\u00e4uren. All diese au\u00dfergew\u00f6hnlichen pflanzlichen Eigenschaften tragen dazu bei, dass Sanddorn eine Wohltat f\u00fcr Ihren Mund ist.<\/p>\n<p><strong>Pfefferminze <\/strong><em>(Mentha piperita)<\/em> &#8211; Der k\u00fchle, luftige Geschmack der Pfefferminze sorgt f\u00fcr einen lang anhaltend frischen Atem. Unsere Pfefferminze ist eine echte Destillation der frischen Bl\u00e4tter und stammt von einer franz\u00f6sischen Brennerfamilie in der vierten Generation. Die Pfefferminze in handels\u00fcblicher Zahnpasta ist k\u00fcnstliches Menthol und dient nur der Geschmacksgebung. Echte Pfefferminze ist ein wirksamer und angenehmer Freund f\u00fcr die Mundpflege. Es hemmt auch die Bakterien, die schlechten Atem verursachen.<\/p>\n<p><strong>Rose Otto<\/strong><em> (Rosa damascena)<\/em> &#8211; Die Rose ist eine kostbare und elegante Essenz. Man braucht sechzig Rosen, um einen Tropfen \u00e4therisches Rosen\u00f6l herzustellen! Es ist eines der am meisten gesch\u00e4tzten \u00d6le wegen seiner tonisierenden Wirkung.<\/p>\n<p><strong>Nelkenknospe <\/strong><em>(Eugenia carophyllata) &#8211;<\/em><b> <\/b>Aus den bl\u00fchenden Knospen des Nelkenbaums destilliert, ist diese kulinarische Pflanze ein robuster Atemerfrischer und K\u00f6nig der Mundpflege. Nelken\u00f6l erfrischt den Atem und ist seit dem Altertum eine optimale Wahl f\u00fcr die Mundpflege. Seine pflanzlichen Bestandteile Eugenol, Ester und Sesquiterpene bilden ein Kraftpaket f\u00fcr einen sauberen, frischen Mund.<\/p>\n<p><strong>Oregano <\/strong><em>(Origanum vulgare)<\/em> &#8211; Unser wildes Oregano\u00f6l wird in den Bergen entlang des Mittelmeers angebaut. Er enth\u00e4lt zwei Phenolverbindungen, die zu seinen einzigartigen Eigenschaften beitragen: Carvacrol in einer Konzentration von \u00fcber 65% und Thymol in einer Konzentration von 3,4%. Es gilt als hei\u00dfes \u00d6l und als hervorragendes pflanzliches Biotikum, das seit Jahrhunderten den Atem erfrischt.<\/p>\n<p><strong>Zimt <\/strong><em>(Cinnamomum ceylanicum) &#8211;<\/em><strong> <\/strong>Unser \u00e4therisches \u00d6l aus echter Zimtrinde aus Madagaskar ist ein wirksames Mittel zur Reinigung von Zahnbelag und zur Erfrischung des Atems. Es ist ein klassisches Gew\u00fcrz, das auch noch gut schmeckt!<\/p>\n<p><strong>Teebaum <\/strong><em>(Malaleuca alternifolia) &#8211;<\/em><strong> <\/strong>Der traditionelle Teebaum ist ein krautiges Allroundtalent. Es ist nat\u00fcrlich voll mit gro\u00dfartigen Mundwerkern. Die wirksamen Pflanzenstoffe Cineol und Propanol erfrischen den Mund, verhindern die Bildung von Zahnstein und vertreiben die Bakterien, die schlechten Atem verursachen. Das in Australien dampfdestillierte Teebaum\u00f6l verstr\u00f6mt ein superreines, kiefernartiges, sauberes Aroma.<\/p>\n<p><strong>S\u00fc\u00dfer Thymian <\/strong><em>(Thymus officinalis linalool) &#8211;<\/em><strong> <\/strong>Es handelt sich um eine seltene Sorte der Thymianarten. Es ist ein sanftes Tonikum, das die Mundschleimhaut ausgleicht. Thymian Linalool ist ebenfalls ein starkes pflanzliches Biotikum, das Bakterien f\u00fcr schlechten Atem bek\u00e4mpft.<\/p>\n<p><strong>Jojoba\u00f6l<\/strong> <em>(Simmondsia chinensis)<\/em> &#8211; Jojoba ist f\u00fcr seine unglaublichen Vorteile f\u00fcr die Haut bekannt, und es ist auch ein wichtiger Bestandteil der nat\u00fcrlichen Mundpflege. Die pflegenden Lipide von Jojoba beruhigen das Gewebe der Mundh\u00f6hle leicht.<\/p>\n<p><img fetchpriority=\"high\" decoding=\"async\" class=\"size-large wp-image-11209 aligncenter\" src=\"https:\/\/dutchhealthstore.com\/wp-content\/uploads\/2015\/12\/organic-1.jpg\" alt=\"organic\" width=\"608\" height=\"85\"><\/p>\n","protected":false},"excerpt":{"rendered":"<p>Living Libations <b>W<\/b><b>i<\/b><b>l<\/b><b>d<\/b> <b>C<\/b><b>h<\/b><b>i<\/b><b>l<\/b><b>d<\/b> <b>Happy Gum Drops <\/b>ist eine mildere Form von Happy Gum Drops. Es reinigt sanft und gelangt in die Zahnzwischenr\u00e4ume f\u00fcr ein s\u00fc\u00dfes, wildes Kinderl\u00e4cheln. Die Happy Gum Drops von Wild Child sind ein Mosaik aus botanischer Flower-Power. Jedes der in diesen Formeln enthaltenen Mundpflege\u00f6le wurde sorgf\u00e4ltig nach seinen individuellen und synergetischen Wirkungen ausgew\u00e4hlt, um die Mundgesundheit von Kindern zu erhalten.<\/p>\n<p><strong>Erstellt f\u00fcr Kinder unter 9 Jahren.<\/strong><br \/>\nGetestet und f\u00fcr gut befunden von unserem Sohn im Alter von 2 Jahren.<\/p>\n","protected":false},"featured_media":50155,"comment_status":"open","ping_status":"closed","template":"","meta":[],"product_brand":[],"product_cat":[6753,6645,1032,1493,1210,1048,511,1993,1992,1038],"product_tag":[4368,21806],"class_list":{"0":"post-103785","1":"product","2":"type-product","3":"status-publish","4":"has-post-thumbnail","6":"product_cat-babies-pregnancy","7":"product_cat-family-de","8":"product_cat-kategorien","9":"product_cat-living-libations-deutschland","10":"product_cat-marken","11":"product_cat-kollektion","12":"product_cat-produkte","13":"product_cat-tooth-serums","14":"product_cat-dental-care-de","15":"product_cat-zahnpflege","16":"product_tag-dental-care-de","17":"product_tag-zahnfleisch","18":"pa_bestsellers-goed-de","19":"pa_brand-livinglibations-de","20":"pa_dental-care-product-type-gum-care-de","21":"pa_dental-care-product-type-tooth-serum-de","22":"pa_size-15-ml-de-2","23":"pa_size-30-ml-de","24":"pa_size-5-ml-de","26":"first","27":"instock","28":"taxable","29":"shipping-taxable","30":"purchasable","31":"product-type-variable"},"bundled_by":[],"bundle_stock_status":"instock","bundle_stock_quantity":null,"bundle_virtual":false,"bundle_layout":"","bundle_add_to_cart_form_location":"","bundle_editable_in_cart":false,"bundle_sold_individually_context":"","bundle_item_grouping":"","bundle_min_size":"","bundle_max_size":"","bundle_price":[],"bundled_items":[],"bundle_sell_ids":[239216],"atum_controlled":true,"out_stock_date":null,"out_stock_threshold":null,"inheritable":true,"stock_on_hold":0,"sold_today":0,"sales_last_days":1,"out_stock_days":0,"lost_sales":0,"update_date":"2026-04-14T11:55:13","atum_locations":[],"atum_stock_status":"instock","restock_status":false,"low_stock_amount":"","sales_update_date":"2026-04-14T11:55:13","calc_backorders":null,"group_of_quantity":0,"min_quantity":0,"max_quantity":"","exclude_order_quantity_value_rules":"no","exclude_category_quantity_rules":"no","combine_variations":"no","yoast_head":"<!-- This site is optimized with the Yoast SEO Premium plugin v26.5 (Yoast SEO v26.5) - https:\/\/yoast.com\/wordpress\/plugins\/seo\/ -->\n<title>Wild Child Happy Gum Drops | Living Libations<\/title>\n<meta name=\"description\" content=\"Diese mildere Form der Happy Gum Drops reinigt sanft und geht in die Zahnzwischenr\u00e4ume. Erstellt f\u00fcr Kinder unter 9 Jahren.\" \/>\n<meta name=\"robots\" content=\"index, follow, max-snippet:-1, max-image-preview:large, max-video-preview:-1\" \/>\n<link rel=\"canonical\" href=\"https:\/\/dutchhealthstore.com\/de\/product\/wild-child-happy-gum-drops\/\" \/>\n<meta property=\"og:locale\" content=\"de_DE\" \/>\n<meta property=\"og:type\" content=\"article\" \/>\n<meta property=\"og:title\" content=\"Wild Child Happy Gum Drops - Dutch Health Store\" \/>\n<meta property=\"og:description\" content=\"Diese mildere Form der Happy Gum Drops reinigt sanft und geht in die Zahnzwischenr\u00e4ume. Erstellt f\u00fcr Kinder unter 9 Jahren.\" \/>\n<meta property=\"og:url\" content=\"https:\/\/dutchhealthstore.com\/de\/product\/wild-child-happy-gum-drops\/\" \/>\n<meta property=\"og:site_name\" content=\"Dutch Health Store\" \/>\n<meta property=\"article:publisher\" content=\"https:\/\/www.instagram.com\/dutchhealthstore\/\" \/>\n<meta property=\"article:modified_time\" content=\"2026-03-20T15:50:46+00:00\" \/>\n<meta property=\"og:image\" content=\"https:\/\/dutchhealthstore.com\/wp-content\/uploads\/2018\/02\/Living-Libations-Wild-Child-Happy-Gum-Drops.jpg\" \/>\n\t<meta property=\"og:image:width\" content=\"1000\" \/>\n\t<meta property=\"og:image:height\" content=\"1000\" \/>\n\t<meta property=\"og:image:type\" content=\"image\/jpeg\" \/>\n<meta name=\"twitter:card\" content=\"summary_large_image\" \/>\n<meta name=\"twitter:label1\" content=\"Verf\u00fcgbarkeit\" \/>\n\t<meta name=\"twitter:data1\" content=\"Auf Lager\" \/>\n<script type=\"application\/ld+json\" class=\"yoast-schema-graph\">{\"@context\":\"https:\/\/schema.org\",\"@graph\":[{\"@type\":\"WebPage\",\"@id\":\"https:\/\/dutchhealthstore.com\/de\/product\/wild-child-happy-gum-drops\/\",\"url\":\"https:\/\/dutchhealthstore.com\/de\/product\/wild-child-happy-gum-drops\/\",\"name\":\"Wild Child Happy Gum Drops | Living Libations\",\"isPartOf\":{\"@id\":\"https:\/\/dutchhealthstore.com\/de\/#website\"},\"primaryImageOfPage\":{\"@id\":\"https:\/\/dutchhealthstore.com\/de\/product\/wild-child-happy-gum-drops\/#primaryimage\"},\"image\":{\"@id\":\"https:\/\/dutchhealthstore.com\/de\/product\/wild-child-happy-gum-drops\/#primaryimage\"},\"thumbnailUrl\":\"https:\/\/dutchhealthstore.com\/wp-content\/uploads\/2018\/02\/Living-Libations-Wild-Child-Happy-Gum-Drops.jpg\",\"datePublished\":\"2018-02-10T19:26:24+00:00\",\"dateModified\":\"2026-03-20T15:50:46+00:00\",\"description\":\"Diese mildere Form der Happy Gum Drops reinigt sanft und geht in die Zahnzwischenr\u00e4ume. Erstellt f\u00fcr Kinder unter 9 Jahren.\",\"breadcrumb\":{\"@id\":\"https:\/\/dutchhealthstore.com\/de\/product\/wild-child-happy-gum-drops\/#breadcrumb\"},\"inLanguage\":\"de\",\"potentialAction\":[{\"@type\":\"ReadAction\",\"target\":[\"https:\/\/dutchhealthstore.com\/de\/product\/wild-child-happy-gum-drops\/\"]}]},{\"@type\":\"ImageObject\",\"inLanguage\":\"de\",\"@id\":\"https:\/\/dutchhealthstore.com\/de\/product\/wild-child-happy-gum-drops\/#primaryimage\",\"url\":\"https:\/\/dutchhealthstore.com\/wp-content\/uploads\/2018\/02\/Living-Libations-Wild-Child-Happy-Gum-Drops.jpg\",\"contentUrl\":\"https:\/\/dutchhealthstore.com\/wp-content\/uploads\/2018\/02\/Living-Libations-Wild-Child-Happy-Gum-Drops.jpg\",\"width\":1000,\"height\":1000,\"caption\":\"Wild Child Happy Gum Drops\"},{\"@type\":\"BreadcrumbList\",\"@id\":\"https:\/\/dutchhealthstore.com\/de\/product\/wild-child-happy-gum-drops\/#breadcrumb\",\"itemListElement\":[{\"@type\":\"ListItem\",\"position\":1,\"name\":\"Home\",\"item\":\"https:\/\/dutchhealthstore.com\/de\/\"},{\"@type\":\"ListItem\",\"position\":2,\"name\":\"Shop\",\"item\":\"https:\/\/dutchhealthstore.com\/de\/shop-2\/\"},{\"@type\":\"ListItem\",\"position\":3,\"name\":\"Wild Child Happy Gum Drops\"}]},{\"@type\":\"WebSite\",\"@id\":\"https:\/\/dutchhealthstore.com\/de\/#website\",\"url\":\"https:\/\/dutchhealthstore.com\/de\/\",\"name\":\"Dutch Health Store\",\"description\":\"Enhance Your Beauty with Organic &amp; Natural Skincare\",\"publisher\":{\"@id\":\"https:\/\/dutchhealthstore.com\/de\/#organization\"},\"potentialAction\":[{\"@type\":\"SearchAction\",\"target\":{\"@type\":\"EntryPoint\",\"urlTemplate\":\"https:\/\/dutchhealthstore.com\/de\/?s={search_term_string}\"},\"query-input\":{\"@type\":\"PropertyValueSpecification\",\"valueRequired\":true,\"valueName\":\"search_term_string\"}}],\"inLanguage\":\"de\"},{\"@type\":\"Organization\",\"@id\":\"https:\/\/dutchhealthstore.com\/de\/#organization\",\"name\":\"Dutch Health Store\",\"url\":\"https:\/\/dutchhealthstore.com\/de\/\",\"logo\":{\"@type\":\"ImageObject\",\"inLanguage\":\"de\",\"@id\":\"https:\/\/dutchhealthstore.com\/de\/#\/schema\/logo\/image\/\",\"url\":\"https:\/\/dutchhealthstore.com\/wp-content\/uploads\/2020\/08\/logo-dutchhealthstore-jpg-e1599484957574.jpg\",\"contentUrl\":\"https:\/\/dutchhealthstore.com\/wp-content\/uploads\/2020\/08\/logo-dutchhealthstore-jpg-e1599484957574.jpg\",\"width\":400,\"height\":62,\"caption\":\"Dutch Health Store\"},\"image\":{\"@id\":\"https:\/\/dutchhealthstore.com\/de\/#\/schema\/logo\/image\/\"},\"sameAs\":[\"https:\/\/www.instagram.com\/dutchhealthstore\/\",\"https:\/\/www.facebook.com\/dutchhealthstore\"]}]}<\/script>\n<meta property=\"product:brand\" content=\"Living Libations\" \/>\n<meta property=\"og:availability\" content=\"instock\" \/>\n<meta property=\"product:availability\" content=\"instock\" \/>\n<meta property=\"product:condition\" content=\"new\" \/>\n<!-- \/ Yoast SEO Premium plugin. -->","yoast_head_json":{"title":"Wild Child Happy Gum Drops | Living Libations","description":"Diese mildere Form der Happy Gum Drops reinigt sanft und geht in die Zahnzwischenr\u00e4ume. Erstellt f\u00fcr Kinder unter 9 Jahren.","robots":{"index":"index","follow":"follow","max-snippet":"max-snippet:-1","max-image-preview":"max-image-preview:large","max-video-preview":"max-video-preview:-1"},"canonical":"https:\/\/dutchhealthstore.com\/de\/product\/wild-child-happy-gum-drops\/","og_locale":"de_DE","og_type":"article","og_title":"Wild Child Happy Gum Drops - Dutch Health Store","og_description":"Diese mildere Form der Happy Gum Drops reinigt sanft und geht in die Zahnzwischenr\u00e4ume. Erstellt f\u00fcr Kinder unter 9 Jahren.","og_url":"https:\/\/dutchhealthstore.com\/de\/product\/wild-child-happy-gum-drops\/","og_site_name":"Dutch Health Store","article_publisher":"https:\/\/www.instagram.com\/dutchhealthstore\/","article_modified_time":"2026-03-20T15:50:46+00:00","og_image":[{"width":1000,"height":1000,"url":"https:\/\/dutchhealthstore.com\/wp-content\/uploads\/2018\/02\/Living-Libations-Wild-Child-Happy-Gum-Drops.jpg","type":"image\/jpeg"}],"twitter_card":"summary_large_image","twitter_misc":{"Verf\u00fcgbarkeit":"Auf Lager"},"schema":{"@context":"https:\/\/schema.org","@graph":[{"@type":"WebPage","@id":"https:\/\/dutchhealthstore.com\/de\/product\/wild-child-happy-gum-drops\/","url":"https:\/\/dutchhealthstore.com\/de\/product\/wild-child-happy-gum-drops\/","name":"Wild Child Happy Gum Drops | Living Libations","isPartOf":{"@id":"https:\/\/dutchhealthstore.com\/de\/#website"},"primaryImageOfPage":{"@id":"https:\/\/dutchhealthstore.com\/de\/product\/wild-child-happy-gum-drops\/#primaryimage"},"image":{"@id":"https:\/\/dutchhealthstore.com\/de\/product\/wild-child-happy-gum-drops\/#primaryimage"},"thumbnailUrl":"https:\/\/dutchhealthstore.com\/wp-content\/uploads\/2018\/02\/Living-Libations-Wild-Child-Happy-Gum-Drops.jpg","datePublished":"2018-02-10T19:26:24+00:00","dateModified":"2026-03-20T15:50:46+00:00","description":"Diese mildere Form der Happy Gum Drops reinigt sanft und geht in die Zahnzwischenr\u00e4ume. Erstellt f\u00fcr Kinder unter 9 Jahren.","breadcrumb":{"@id":"https:\/\/dutchhealthstore.com\/de\/product\/wild-child-happy-gum-drops\/#breadcrumb"},"inLanguage":"de","potentialAction":[{"@type":"ReadAction","target":["https:\/\/dutchhealthstore.com\/de\/product\/wild-child-happy-gum-drops\/"]}]},{"@type":"ImageObject","inLanguage":"de","@id":"https:\/\/dutchhealthstore.com\/de\/product\/wild-child-happy-gum-drops\/#primaryimage","url":"https:\/\/dutchhealthstore.com\/wp-content\/uploads\/2018\/02\/Living-Libations-Wild-Child-Happy-Gum-Drops.jpg","contentUrl":"https:\/\/dutchhealthstore.com\/wp-content\/uploads\/2018\/02\/Living-Libations-Wild-Child-Happy-Gum-Drops.jpg","width":1000,"height":1000,"caption":"Wild Child Happy Gum Drops"},{"@type":"BreadcrumbList","@id":"https:\/\/dutchhealthstore.com\/de\/product\/wild-child-happy-gum-drops\/#breadcrumb","itemListElement":[{"@type":"ListItem","position":1,"name":"Home","item":"https:\/\/dutchhealthstore.com\/de\/"},{"@type":"ListItem","position":2,"name":"Shop","item":"https:\/\/dutchhealthstore.com\/de\/shop-2\/"},{"@type":"ListItem","position":3,"name":"Wild Child Happy Gum Drops"}]},{"@type":"WebSite","@id":"https:\/\/dutchhealthstore.com\/de\/#website","url":"https:\/\/dutchhealthstore.com\/de\/","name":"Dutch Health Store","description":"Enhance Your Beauty with Organic &amp; Natural Skincare","publisher":{"@id":"https:\/\/dutchhealthstore.com\/de\/#organization"},"potentialAction":[{"@type":"SearchAction","target":{"@type":"EntryPoint","urlTemplate":"https:\/\/dutchhealthstore.com\/de\/?s={search_term_string}"},"query-input":{"@type":"PropertyValueSpecification","valueRequired":true,"valueName":"search_term_string"}}],"inLanguage":"de"},{"@type":"Organization","@id":"https:\/\/dutchhealthstore.com\/de\/#organization","name":"Dutch Health Store","url":"https:\/\/dutchhealthstore.com\/de\/","logo":{"@type":"ImageObject","inLanguage":"de","@id":"https:\/\/dutchhealthstore.com\/de\/#\/schema\/logo\/image\/","url":"https:\/\/dutchhealthstore.com\/wp-content\/uploads\/2020\/08\/logo-dutchhealthstore-jpg-e1599484957574.jpg","contentUrl":"https:\/\/dutchhealthstore.com\/wp-content\/uploads\/2020\/08\/logo-dutchhealthstore-jpg-e1599484957574.jpg","width":400,"height":62,"caption":"Dutch Health Store"},"image":{"@id":"https:\/\/dutchhealthstore.com\/de\/#\/schema\/logo\/image\/"},"sameAs":["https:\/\/www.instagram.com\/dutchhealthstore\/","https:\/\/www.facebook.com\/dutchhealthstore"]}]},"product_brand":"Living Libations","og_availability":"instock","product_availability":"instock","product_condition":"new"},"_links":{"self":[{"href":"https:\/\/dutchhealthstore.com\/de\/wp-json\/wp\/v2\/product\/103785","targetHints":{"allow":["GET"]}}],"collection":[{"href":"https:\/\/dutchhealthstore.com\/de\/wp-json\/wp\/v2\/product"}],"about":[{"href":"https:\/\/dutchhealthstore.com\/de\/wp-json\/wp\/v2\/types\/product"}],"replies":[{"embeddable":true,"href":"https:\/\/dutchhealthstore.com\/de\/wp-json\/wp\/v2\/comments?post=103785"}],"wp:featuredmedia":[{"embeddable":true,"href":"https:\/\/dutchhealthstore.com\/de\/wp-json\/wp\/v2\/media\/50155"}],"wp:attachment":[{"href":"https:\/\/dutchhealthstore.com\/de\/wp-json\/wp\/v2\/media?parent=103785"}],"wp:term":[{"taxonomy":"product_brand","embeddable":true,"href":"https:\/\/dutchhealthstore.com\/de\/wp-json\/wp\/v2\/product_brand?post=103785"},{"taxonomy":"product_cat","embeddable":true,"href":"https:\/\/dutchhealthstore.com\/de\/wp-json\/wp\/v2\/product_cat?post=103785"},{"taxonomy":"product_tag","embeddable":true,"href":"https:\/\/dutchhealthstore.com\/de\/wp-json\/wp\/v2\/product_tag?post=103785"}],"curies":[{"name":"wp","href":"https:\/\/api.w.org\/{rel}","templated":true}]}}