{"id":103661,"date":"2018-11-24T15:19:14","date_gmt":"2018-11-24T15:19:14","guid":{"rendered":"https:\/\/dutchhealthstore.com\/product\/petal-perfume-jasmine-julep\/"},"modified":"2026-02-17T10:13:06","modified_gmt":"2026-02-17T09:13:06","slug":"petal-perfume-jasmine-julep","status":"publish","type":"product","link":"https:\/\/dutchhealthstore.com\/de\/product\/petal-perfume-jasmine-julep\/","title":{"rendered":"Petal Perfume &#8211; Jasmine Julep"},"content":{"rendered":"<h3><img decoding=\"async\" class=\"size-full wp-image-37041 alignright\" src=\"https:\/\/dutchhealthstore.com\/wp-content\/uploads\/2018\/04\/Living_Libations-1.png\" alt=\"Organic &amp; Natural Beautyproducts - Living Libations\" width=\"175\" height=\"82\"><\/h3>\n<h3>Das Dufterlebnis<\/h3>\n<p>Jasmine Julep ist ein sinnlicher, blumiger Duft, in dem sich die duftenden Kelchbl\u00e4tter von Jasmine Sambac mit der euphorischen Fr\u00f6hlichkeit von Ylang vereinen, w\u00e4hrend Blutorange und Bergamotte die fr\u00f6hlichen Zitrusnoten der Sonne harmonisieren. Der trockene Flaum zieht in seinen Bann, w\u00e4hrend er die honigblumige Glut der freudigen Verf\u00fchrung des Jasmins in sich tr\u00e4gt.<\/p>\n<h3>Instruktion<\/h3>\n<p>F\u00fcr eine \u00fcppige, blumige Fantasie spr\u00fchen Sie es auf Brust, Nacken, Haare oder Pulspunkte. Spr\u00fchen Sie es ein, um Euphorie und Begeisterung f\u00fcr einen gl\u00fccklichen Tag einzuatmen.<\/p>\n<h3 class=\"yikes-custom-woo-tab-title yikes-custom-woo-tab-title-natural-organic-ingredients\">Nat\u00fcrliche\/Organische Inhaltsstoffe<\/h3>\n<p><strong>Jasmine Sambac <\/strong><em>(Jasminum sambac)<\/em> &#8211; Juicy Jasmine wird in Indien aus den duftenden Tiefen der nachtbl\u00fchenden Jasmine Sambac-Bl\u00fcten gewonnen. Im Gegensatz zum Jasmin grandiflorum, der seine Bl\u00fctenbl\u00e4tter der Morgend\u00e4mmerung \u00f6ffnet, verbindet sich Jasmin Sambac mit dem Geheimnis des Mondes und der Sterne und f\u00e4ngt die duftende Essenz endloser warmer N\u00e4chte ein.<\/p>\n<p><strong>Bergamotte<\/strong><em> (Citrus bergamia)<\/em> &#8211; Benevolent Bergamotte wird aus der zarten, fast reifen Schale von Zitrusfr\u00fcchten destilliert, die unter der winterlichen Sonne Italiens wachsen. Das Bergamotte-\u00d6l, das alle Vorteile von Zitronen und Orangen in sich vereint, wird wegen seiner hautversch\u00f6nernden Eigenschaften und seines frisch-foug\u00e8re, sonnig-zitrischen, fast blumigen, freesienartigen Duftes angebaut.<\/p>\n<p><strong>Blutorange <\/strong><em>(Citrus sinensis) &#8211; <\/em>Der sonnige Zitrusgeschmack der Blutorange harmonisiert aufgew\u00fchlte Gef\u00fchle und w\u00e4scht Sorgen weg. Atme Frohsinn ein und Dankbarkeit aus.<\/p>\n<p class=\"page-title product-title\"><strong><span class=\"base\" data-ui-id=\"page-title-wrapper\">Ylang<\/span><\/strong><span class=\"base\" data-ui-id=\"page-title-wrapper\"><em> (Cananga odorata genuina)<\/em><\/span><span class=\"base\" data-ui-id=\"page-title-wrapper\"> &#8211; Unser hochwertiges Ylang-Destillat eignet sich hervorragend f\u00fcr die Hautpflege, da es reich an Estern ist und die Haut, die sich gestresst f\u00fchlt, wieder in Sch\u00f6nheit erstrahlen l\u00e4sst. Es ist auch ein erhabener, s\u00fc\u00dfer Liebestrank und ein entspannendes Tonikum, das Gef\u00fchle von Sorgen und Stress lindern kann. Das berauschende, s\u00fc\u00dfe Aroma ist langanhaltend und inspirierend und zaubert einen Hauch von skurriler, sinnlicher Pracht. Ylang bes\u00e4nftigt die Sinne und hilft Ihnen zu erkennen, was f\u00fcr Sie im Moment wahr ist.<\/span><strong><span class=\"base\" data-ui-id=\"page-title-wrapper\"><br \/>\n<\/span><\/strong><\/p>\n<p><strong>Biologischer, biodynamischer Alkohol<\/strong> &#8211; Biologischer, biodynamischer Alkohol dient als perfekter Tr\u00e4ger, der es jedem pflanzlichen Wirkstoff erm\u00f6glicht, m\u00fchelos in die H\u00e4nde zu gelangen und Haut und Oberfl\u00e4chen perfekt zu reinigen. Dieser biologische, biodynamische Alkohol ist von h\u00f6chster Qualit\u00e4t und wird dreifach gefiltert, um seine Reinheit zu gew\u00e4hrleisten. Er wird aus zertifizierten biologischen Trauben hergestellt und unabh\u00e4ngig getestet, um sicherzustellen, dass er den Standards der United States Pharmacopeia (USP) f\u00fcr reinen, biologischen Alkohol pharmazeutischer Qualit\u00e4t entspricht.<\/p>\n<p style=\"text-align: center;\"><em>&#8222;Meanwhile, spring came, and with it the outpourings of Nature. <\/em><br \/>\n<em>The hills were soon splashed with wild flowers; the grass became an altogether new and richer shade of green; <\/em><br \/>\n<em>and the air became scented with fresh and surprising smells &#8212; of jasmine, honeysuckle, and lavender.&#8220;<\/em><br \/>\n\u223c Dalai Lama<\/p>\n<p><img fetchpriority=\"high\" decoding=\"async\" class=\"aligncenter size-full wp-image-31577\" src=\"https:\/\/dutchhealthstore.com\/wp-content\/uploads\/2018\/03\/organic_big.png\" alt=\"Organic and Natural - Living Libations\" width=\"623\" height=\"103\" srcset=\"https:\/\/dutchhealthstore.com\/wp-content\/uploads\/2018\/03\/organic_big.png 623w, https:\/\/dutchhealthstore.com\/wp-content\/uploads\/2018\/03\/organic_big-510x84.png 510w, https:\/\/dutchhealthstore.com\/wp-content\/uploads\/2018\/03\/organic_big-600x99.png 600w, https:\/\/dutchhealthstore.com\/wp-content\/uploads\/2018\/03\/organic_big-350x58.png 350w\" sizes=\"(max-width: 623px) 100vw, 623px\" \/><\/p>\n","protected":false},"excerpt":{"rendered":"<p>F\u00fchlen Sie sich jubelnd, wenn Sie die fr\u00f6hliche Blumenfantasie von Jasmine Julep einatmen. Bringen Sie Fr\u00fchlingsgef\u00fchle und Euphorie in Ihr gl\u00fcckliches Herz mit diesem beschwingten Bouquet aus Jasmin Sambac, Ylang, Blutorange und Bergamotte. Bespr\u00fchen Sie Ihre Handgelenke, schm\u00fccken Sie Ihr Haar und salben Sie Ihre Pulspunkte mit diesem Ambrosia.<\/p>\n<p>&nbsp;<\/p>\n","protected":false},"featured_media":47646,"comment_status":"open","ping_status":"closed","template":"","meta":[],"product_brand":[],"product_cat":[6700,1032,1493,1210,6819,511],"product_tag":[6740],"class_list":{"0":"post-103661","1":"product","2":"type-product","3":"status-publish","4":"has-post-thumbnail","6":"product_cat-fragrances-de","7":"product_cat-kategorien","8":"product_cat-living-libations-deutschland","9":"product_cat-marken","10":"product_cat-perfumes-de","11":"product_cat-produkte","12":"product_tag-perfume-de","13":"pa_brand-livinglibations-de","14":"pa_fragrances-product-type-for-her-de-2","15":"pa_fragrances-product-type-perfumes-de","16":"pa_size-5-ml-de","17":"pa_size-30-ml-de","19":"first","20":"instock","21":"taxable","22":"shipping-taxable","23":"purchasable","24":"product-type-variable"},"bundled_by":[],"bundle_stock_status":"instock","bundle_stock_quantity":null,"bundle_virtual":false,"bundle_layout":"","bundle_add_to_cart_form_location":"","bundle_editable_in_cart":false,"bundle_sold_individually_context":"","bundle_item_grouping":"","bundle_min_size":"","bundle_max_size":"","bundle_price":[],"bundled_items":[],"bundle_sell_ids":[283879],"atum_controlled":true,"out_stock_date":null,"out_stock_threshold":null,"inheritable":true,"stock_on_hold":1,"sold_today":1,"sales_last_days":1,"out_stock_days":0,"lost_sales":0,"update_date":"2026-04-07T13:50:18","atum_locations":[],"atum_stock_status":"instock","restock_status":false,"low_stock_amount":"","sales_update_date":"2026-04-07T13:50:18","calc_backorders":null,"group_of_quantity":0,"min_quantity":0,"max_quantity":"","exclude_order_quantity_value_rules":"no","exclude_category_quantity_rules":"no","combine_variations":"no","yoast_head":"<!-- This site is optimized with the Yoast SEO Premium plugin v26.5 (Yoast SEO v26.5) - https:\/\/yoast.com\/wordpress\/plugins\/seo\/ -->\n<title>Petal Perfume Jasmine Julep | Living Libations<\/title>\n<meta name=\"description\" content=\"Jasmine Julep ist ein sinnlicher, blumiger Duft, in dem sich die schw\u00fcl duftenden Kelchbl\u00e4tter des Jasmine Sambac mit der euphorischen Fr\u00f6hlichkeit von Ylang vereinen.\" \/>\n<meta name=\"robots\" content=\"index, follow, max-snippet:-1, max-image-preview:large, max-video-preview:-1\" \/>\n<link rel=\"canonical\" href=\"https:\/\/dutchhealthstore.com\/de\/product\/petal-perfume-jasmine-julep\/\" \/>\n<meta property=\"og:locale\" content=\"de_DE\" \/>\n<meta property=\"og:type\" content=\"article\" \/>\n<meta property=\"og:title\" content=\"Petal Perfume - Jasmine Julep - Dutch Health Store\" \/>\n<meta property=\"og:description\" content=\"Jasmine Julep ist ein sinnlicher, blumiger Duft, in dem sich die schw\u00fcl duftenden Kelchbl\u00e4tter des Jasmine Sambac mit der euphorischen Fr\u00f6hlichkeit von Ylang vereinen.\" \/>\n<meta property=\"og:url\" content=\"https:\/\/dutchhealthstore.com\/de\/product\/petal-perfume-jasmine-julep\/\" \/>\n<meta property=\"og:site_name\" content=\"Dutch Health Store\" \/>\n<meta property=\"article:publisher\" content=\"https:\/\/www.instagram.com\/dutchhealthstore\/\" \/>\n<meta property=\"article:modified_time\" content=\"2026-02-17T09:13:06+00:00\" \/>\n<meta property=\"og:image\" content=\"https:\/\/dutchhealthstore.com\/wp-content\/uploads\/2018\/11\/Living-Libations-Petal-Perfume-Jasmine-Julep-002.jpg\" \/>\n\t<meta property=\"og:image:width\" content=\"1000\" \/>\n\t<meta property=\"og:image:height\" content=\"1000\" \/>\n\t<meta property=\"og:image:type\" content=\"image\/jpeg\" \/>\n<meta name=\"twitter:card\" content=\"summary_large_image\" \/>\n<meta name=\"twitter:label1\" content=\"Verf\u00fcgbarkeit\" \/>\n\t<meta name=\"twitter:data1\" content=\"Auf Lager\" \/>\n<script type=\"application\/ld+json\" class=\"yoast-schema-graph\">{\"@context\":\"https:\/\/schema.org\",\"@graph\":[{\"@type\":\"WebPage\",\"@id\":\"https:\/\/dutchhealthstore.com\/de\/product\/petal-perfume-jasmine-julep\/\",\"url\":\"https:\/\/dutchhealthstore.com\/de\/product\/petal-perfume-jasmine-julep\/\",\"name\":\"Petal Perfume Jasmine Julep | Living Libations\",\"isPartOf\":{\"@id\":\"https:\/\/dutchhealthstore.com\/de\/#website\"},\"primaryImageOfPage\":{\"@id\":\"https:\/\/dutchhealthstore.com\/de\/product\/petal-perfume-jasmine-julep\/#primaryimage\"},\"image\":{\"@id\":\"https:\/\/dutchhealthstore.com\/de\/product\/petal-perfume-jasmine-julep\/#primaryimage\"},\"thumbnailUrl\":\"https:\/\/dutchhealthstore.com\/wp-content\/uploads\/2018\/11\/Living-Libations-Petal-Perfume-Jasmine-Julep-002.jpg\",\"datePublished\":\"2018-11-24T15:19:14+00:00\",\"dateModified\":\"2026-02-17T09:13:06+00:00\",\"description\":\"Jasmine Julep ist ein sinnlicher, blumiger Duft, in dem sich die schw\u00fcl duftenden Kelchbl\u00e4tter des Jasmine Sambac mit der euphorischen Fr\u00f6hlichkeit von Ylang vereinen.\",\"breadcrumb\":{\"@id\":\"https:\/\/dutchhealthstore.com\/de\/product\/petal-perfume-jasmine-julep\/#breadcrumb\"},\"inLanguage\":\"de\",\"potentialAction\":[{\"@type\":\"ReadAction\",\"target\":[\"https:\/\/dutchhealthstore.com\/de\/product\/petal-perfume-jasmine-julep\/\"]}]},{\"@type\":\"ImageObject\",\"inLanguage\":\"de\",\"@id\":\"https:\/\/dutchhealthstore.com\/de\/product\/petal-perfume-jasmine-julep\/#primaryimage\",\"url\":\"https:\/\/dutchhealthstore.com\/wp-content\/uploads\/2018\/11\/Living-Libations-Petal-Perfume-Jasmine-Julep-002.jpg\",\"contentUrl\":\"https:\/\/dutchhealthstore.com\/wp-content\/uploads\/2018\/11\/Living-Libations-Petal-Perfume-Jasmine-Julep-002.jpg\",\"width\":1000,\"height\":1000,\"caption\":\"Living Libations - Petal Perfume Jasmine Julep\"},{\"@type\":\"BreadcrumbList\",\"@id\":\"https:\/\/dutchhealthstore.com\/de\/product\/petal-perfume-jasmine-julep\/#breadcrumb\",\"itemListElement\":[{\"@type\":\"ListItem\",\"position\":1,\"name\":\"Home\",\"item\":\"https:\/\/dutchhealthstore.com\/de\/\"},{\"@type\":\"ListItem\",\"position\":2,\"name\":\"Shop\",\"item\":\"https:\/\/dutchhealthstore.com\/de\/shop-2\/\"},{\"@type\":\"ListItem\",\"position\":3,\"name\":\"Petal Perfume &#8211; Jasmine Julep\"}]},{\"@type\":\"WebSite\",\"@id\":\"https:\/\/dutchhealthstore.com\/de\/#website\",\"url\":\"https:\/\/dutchhealthstore.com\/de\/\",\"name\":\"Dutch Health Store\",\"description\":\"Enhance Your Beauty with Organic &amp; Natural Skincare\",\"publisher\":{\"@id\":\"https:\/\/dutchhealthstore.com\/de\/#organization\"},\"potentialAction\":[{\"@type\":\"SearchAction\",\"target\":{\"@type\":\"EntryPoint\",\"urlTemplate\":\"https:\/\/dutchhealthstore.com\/de\/?s={search_term_string}\"},\"query-input\":{\"@type\":\"PropertyValueSpecification\",\"valueRequired\":true,\"valueName\":\"search_term_string\"}}],\"inLanguage\":\"de\"},{\"@type\":\"Organization\",\"@id\":\"https:\/\/dutchhealthstore.com\/de\/#organization\",\"name\":\"Dutch Health Store\",\"url\":\"https:\/\/dutchhealthstore.com\/de\/\",\"logo\":{\"@type\":\"ImageObject\",\"inLanguage\":\"de\",\"@id\":\"https:\/\/dutchhealthstore.com\/de\/#\/schema\/logo\/image\/\",\"url\":\"https:\/\/dutchhealthstore.com\/wp-content\/uploads\/2020\/08\/logo-dutchhealthstore-jpg-e1599484957574.jpg\",\"contentUrl\":\"https:\/\/dutchhealthstore.com\/wp-content\/uploads\/2020\/08\/logo-dutchhealthstore-jpg-e1599484957574.jpg\",\"width\":400,\"height\":62,\"caption\":\"Dutch Health Store\"},\"image\":{\"@id\":\"https:\/\/dutchhealthstore.com\/de\/#\/schema\/logo\/image\/\"},\"sameAs\":[\"https:\/\/www.instagram.com\/dutchhealthstore\/\",\"https:\/\/www.facebook.com\/dutchhealthstore\"]}]}<\/script>\n<meta property=\"product:brand\" content=\"Living Libations\" \/>\n<meta property=\"og:availability\" content=\"instock\" \/>\n<meta property=\"product:availability\" content=\"instock\" \/>\n<meta property=\"product:condition\" content=\"new\" \/>\n<!-- \/ Yoast SEO Premium plugin. -->","yoast_head_json":{"title":"Petal Perfume Jasmine Julep | Living Libations","description":"Jasmine Julep ist ein sinnlicher, blumiger Duft, in dem sich die schw\u00fcl duftenden Kelchbl\u00e4tter des Jasmine Sambac mit der euphorischen Fr\u00f6hlichkeit von Ylang vereinen.","robots":{"index":"index","follow":"follow","max-snippet":"max-snippet:-1","max-image-preview":"max-image-preview:large","max-video-preview":"max-video-preview:-1"},"canonical":"https:\/\/dutchhealthstore.com\/de\/product\/petal-perfume-jasmine-julep\/","og_locale":"de_DE","og_type":"article","og_title":"Petal Perfume - Jasmine Julep - Dutch Health Store","og_description":"Jasmine Julep ist ein sinnlicher, blumiger Duft, in dem sich die schw\u00fcl duftenden Kelchbl\u00e4tter des Jasmine Sambac mit der euphorischen Fr\u00f6hlichkeit von Ylang vereinen.","og_url":"https:\/\/dutchhealthstore.com\/de\/product\/petal-perfume-jasmine-julep\/","og_site_name":"Dutch Health Store","article_publisher":"https:\/\/www.instagram.com\/dutchhealthstore\/","article_modified_time":"2026-02-17T09:13:06+00:00","og_image":[{"width":1000,"height":1000,"url":"https:\/\/dutchhealthstore.com\/wp-content\/uploads\/2018\/11\/Living-Libations-Petal-Perfume-Jasmine-Julep-002.jpg","type":"image\/jpeg"}],"twitter_card":"summary_large_image","twitter_misc":{"Verf\u00fcgbarkeit":"Auf Lager"},"schema":{"@context":"https:\/\/schema.org","@graph":[{"@type":"WebPage","@id":"https:\/\/dutchhealthstore.com\/de\/product\/petal-perfume-jasmine-julep\/","url":"https:\/\/dutchhealthstore.com\/de\/product\/petal-perfume-jasmine-julep\/","name":"Petal Perfume Jasmine Julep | Living Libations","isPartOf":{"@id":"https:\/\/dutchhealthstore.com\/de\/#website"},"primaryImageOfPage":{"@id":"https:\/\/dutchhealthstore.com\/de\/product\/petal-perfume-jasmine-julep\/#primaryimage"},"image":{"@id":"https:\/\/dutchhealthstore.com\/de\/product\/petal-perfume-jasmine-julep\/#primaryimage"},"thumbnailUrl":"https:\/\/dutchhealthstore.com\/wp-content\/uploads\/2018\/11\/Living-Libations-Petal-Perfume-Jasmine-Julep-002.jpg","datePublished":"2018-11-24T15:19:14+00:00","dateModified":"2026-02-17T09:13:06+00:00","description":"Jasmine Julep ist ein sinnlicher, blumiger Duft, in dem sich die schw\u00fcl duftenden Kelchbl\u00e4tter des Jasmine Sambac mit der euphorischen Fr\u00f6hlichkeit von Ylang vereinen.","breadcrumb":{"@id":"https:\/\/dutchhealthstore.com\/de\/product\/petal-perfume-jasmine-julep\/#breadcrumb"},"inLanguage":"de","potentialAction":[{"@type":"ReadAction","target":["https:\/\/dutchhealthstore.com\/de\/product\/petal-perfume-jasmine-julep\/"]}]},{"@type":"ImageObject","inLanguage":"de","@id":"https:\/\/dutchhealthstore.com\/de\/product\/petal-perfume-jasmine-julep\/#primaryimage","url":"https:\/\/dutchhealthstore.com\/wp-content\/uploads\/2018\/11\/Living-Libations-Petal-Perfume-Jasmine-Julep-002.jpg","contentUrl":"https:\/\/dutchhealthstore.com\/wp-content\/uploads\/2018\/11\/Living-Libations-Petal-Perfume-Jasmine-Julep-002.jpg","width":1000,"height":1000,"caption":"Living Libations - Petal Perfume Jasmine Julep"},{"@type":"BreadcrumbList","@id":"https:\/\/dutchhealthstore.com\/de\/product\/petal-perfume-jasmine-julep\/#breadcrumb","itemListElement":[{"@type":"ListItem","position":1,"name":"Home","item":"https:\/\/dutchhealthstore.com\/de\/"},{"@type":"ListItem","position":2,"name":"Shop","item":"https:\/\/dutchhealthstore.com\/de\/shop-2\/"},{"@type":"ListItem","position":3,"name":"Petal Perfume &#8211; Jasmine Julep"}]},{"@type":"WebSite","@id":"https:\/\/dutchhealthstore.com\/de\/#website","url":"https:\/\/dutchhealthstore.com\/de\/","name":"Dutch Health Store","description":"Enhance Your Beauty with Organic &amp; Natural Skincare","publisher":{"@id":"https:\/\/dutchhealthstore.com\/de\/#organization"},"potentialAction":[{"@type":"SearchAction","target":{"@type":"EntryPoint","urlTemplate":"https:\/\/dutchhealthstore.com\/de\/?s={search_term_string}"},"query-input":{"@type":"PropertyValueSpecification","valueRequired":true,"valueName":"search_term_string"}}],"inLanguage":"de"},{"@type":"Organization","@id":"https:\/\/dutchhealthstore.com\/de\/#organization","name":"Dutch Health Store","url":"https:\/\/dutchhealthstore.com\/de\/","logo":{"@type":"ImageObject","inLanguage":"de","@id":"https:\/\/dutchhealthstore.com\/de\/#\/schema\/logo\/image\/","url":"https:\/\/dutchhealthstore.com\/wp-content\/uploads\/2020\/08\/logo-dutchhealthstore-jpg-e1599484957574.jpg","contentUrl":"https:\/\/dutchhealthstore.com\/wp-content\/uploads\/2020\/08\/logo-dutchhealthstore-jpg-e1599484957574.jpg","width":400,"height":62,"caption":"Dutch Health Store"},"image":{"@id":"https:\/\/dutchhealthstore.com\/de\/#\/schema\/logo\/image\/"},"sameAs":["https:\/\/www.instagram.com\/dutchhealthstore\/","https:\/\/www.facebook.com\/dutchhealthstore"]}]},"product_brand":"Living Libations","og_availability":"instock","product_availability":"instock","product_condition":"new"},"_links":{"self":[{"href":"https:\/\/dutchhealthstore.com\/de\/wp-json\/wp\/v2\/product\/103661","targetHints":{"allow":["GET"]}}],"collection":[{"href":"https:\/\/dutchhealthstore.com\/de\/wp-json\/wp\/v2\/product"}],"about":[{"href":"https:\/\/dutchhealthstore.com\/de\/wp-json\/wp\/v2\/types\/product"}],"replies":[{"embeddable":true,"href":"https:\/\/dutchhealthstore.com\/de\/wp-json\/wp\/v2\/comments?post=103661"}],"wp:featuredmedia":[{"embeddable":true,"href":"https:\/\/dutchhealthstore.com\/de\/wp-json\/wp\/v2\/media\/47646"}],"wp:attachment":[{"href":"https:\/\/dutchhealthstore.com\/de\/wp-json\/wp\/v2\/media?parent=103661"}],"wp:term":[{"taxonomy":"product_brand","embeddable":true,"href":"https:\/\/dutchhealthstore.com\/de\/wp-json\/wp\/v2\/product_brand?post=103661"},{"taxonomy":"product_cat","embeddable":true,"href":"https:\/\/dutchhealthstore.com\/de\/wp-json\/wp\/v2\/product_cat?post=103661"},{"taxonomy":"product_tag","embeddable":true,"href":"https:\/\/dutchhealthstore.com\/de\/wp-json\/wp\/v2\/product_tag?post=103661"}],"curies":[{"name":"wp","href":"https:\/\/api.w.org\/{rel}","templated":true}]}}