{"id":103609,"date":"2020-05-28T09:37:59","date_gmt":"2020-05-28T09:37:59","guid":{"rendered":"https:\/\/dutchhealthstore.com\/product\/petal-perfume-fire-lily\/"},"modified":"2025-10-05T12:04:21","modified_gmt":"2025-10-05T10:04:21","slug":"petal-perfume-fire-lily","status":"publish","type":"product","link":"https:\/\/dutchhealthstore.com\/de\/product\/petal-perfume-fire-lily\/","title":{"rendered":"Petal Perfume &#8211; Fire Lily"},"content":{"rendered":"<p><img decoding=\"async\" class=\"size-full wp-image-69549 alignright\" src=\"https:\/\/dutchhealthstore.com\/wp-content\/uploads\/2019\/08\/NEW-Living-Libations-Logo.jpg\" alt=\"NEW - Living Libations - Logo\" width=\"175\" height=\"82\">Nerolibl\u00fcten erbl\u00fchen in diesem sonnenverw\u00f6hnten Bl\u00fctenparf\u00fcm. Feuer und Erde tanzen in einer Bergamotte-Trance, w\u00e4hrend s\u00fc\u00dfe Essenzen von Vanille und Kap-Kamille unter einem weiten Sommerhimmel wirbeln. Mandarinen-Petitgrain vervollst\u00e4ndigt das Bouquet und erfrischt mit seiner reichen W\u00fcrze den feurigen Tag.<\/p>\n<h3>Duft-Essenz<\/h3>\n<p>Wenn Musik die Nahrung der Liebe ist, spiel weiter. Wenn Fire Lily Petal Perfume sein duftendes Lied erklingen l\u00e4sst, soll jede Note lang sein, denn dieses Parf\u00fcm bl\u00fcht in der Symphonie des sanften Sommersonnenlichts.<\/p>\n<p>Beim Einatmen umh\u00fcllen Sie Neroli-Bl\u00fcten mit einer spritzigen Umarmung, die Sie zusammen mit der schw\u00fcl-s\u00fc\u00dfen Vanille in der Basis und der sonnigen Bergamotte Benevolent in eine gl\u00fcckliche Welt entf\u00fchrt. Leicht und frei, lebendig und fr\u00f6hlich entfacht Fire Lily Ihre innere Heldin mit einer k\u00f6stlich-schillernden Besetzung von duftenden Stars: Tunesisches Neroli, italienische Bergamotte, korsisches Mandarinen-Petitgrain, Kap-Kamille von den sonnenverw\u00f6hnten Feldern S\u00fcdafrikas und Vanille von den Weinst\u00f6cken Madagaskars<\/p>\n<p>Frisch, rein und geheimnisvoll zur\u00fcckhaltend erhebt sich jede Bl\u00fcte zu einem perfekten Duftschema. Hohe blumige Noten wie Vanille und Orangenbl\u00fcte absolut vereinen die Melodie. Die Fire Lily schmiegt sich an die Vanille, die Honigbl\u00fcten verweilen, w\u00e4hrend die frische Bergamotte ein gl\u00fcckseliges Lied singt.<\/p>\n<p>Fire Lily schmiegt sich an Ihre Haut wie eine schelmische Fee und versetzt Sie in einen duftenden freien Fall. Nach all dem Fliegen haben Sie sich eine Ruhepause in einem Blumenbett mit sanfter Sommersonne verdient.<\/p>\n<h3>Instruktion<\/h3>\n<p>Das beste und sonnigste Ergebnis erzielen Sie, wenn Sie es auf die Haare, den Nacken, die Kleidung oder die Pulspunkte spr\u00fchen. Genie\u00dfen Sie es in der D\u00e4mmerung oder bei Tageslicht.<\/p>\n<p style=\"text-align: center;\"><em>&#8222;Dieser feine Duft von Nadine Artemis, Fire Lily, erinnert an die Weite des Raumes, an einen frischen, sauberen Duft, der den Fr\u00fchling einl\u00e4utet, und doch ist er wie ein k\u00f6nigliches Gewand, das reich mit feinen F\u00e4den gen\u00e4ht ist; es ist die Verbindung zweier Elemente, Erde und Feuer. Pocahontas trifft Anais Nin. Nadine Artemis ist wirklich die moderne Coco Chanel, eine au\u00dfergew\u00f6hnliche Parf\u00fcmeurin.<\/em><br \/>\n~ Lindsay Willcocks<\/p>\n<p><strong>Gr\u00f6\u00dfe: 5 ml und 30 ml<\/strong><\/p>\n<h3 class=\"yikes-custom-woo-tab-title yikes-custom-woo-tab-title-natural-organic-ingredients\">Nat\u00fcrliche\/Organische Inhaltsstoffe<\/h3>\n<p><strong>Biologischer biodynamischer Alkohol<\/strong> &#8211; Biologischer biodynamischer Alkohol dient als Tr\u00e4ger f\u00fcr unsere petal perfumes und forest colognes, so dass jede Pflanze m\u00fchelos aromatische Wunder auf der Haut vollbringen kann. Dieser biologische, biodynamische Alkohol ist von h\u00f6chster Qualit\u00e4t und wird dreifach gefiltert, um seine Reinheit zu gew\u00e4hrleisten. Er wird aus zertifizierten Bioweinen aus der ganzen Welt hergestellt und hat einen Alkoholgehalt zwischen 190 und 200 Proof. Er wird von unabh\u00e4ngiger Seite getestet, um sicherzustellen, dass er den Standards der United States Pharmacopeia (USP) f\u00fcr reinen, organischen Alkohol pharmazeutischer Qualit\u00e4t entspricht.<\/p>\n<p><strong>Neroli Blossoms<\/strong><em> (Citrus aurantium)<\/em> &#8211; Anmutige Orangenbaumhaine bl\u00fchen mit den Bl\u00fcten dieses ambrosischen Duftes. Das destillierte \u00e4therische \u00d6l, Neroli, ist leicht und lieblich und die absolute Destillation ist ein luxuri\u00f6ser aromatischer Traum aus berauschenden Blumen und nuancierten Gr\u00fcnt\u00f6nen. Um diese exquisite Essenz herzustellen, werden 880 Pfund Bl\u00fcten geerntet, um ein Pfund \u00d6l zu gewinnen. Wenn es perfekt destilliert ist, bietet das Absolue eine viel reichere, geheimnisvollere Erfahrung als dampfdestilliertes Neroli f\u00fcr wissende Nasen. Dieser honigartige, schw\u00fcle Duft wird seit Jahrhunderten von Naturparf\u00fcmeuren und Blumenliebhabern liebevoll angewendet. Sie ist unverbl\u00fcmt, exotisch und wirklich sexy.<\/p>\n<p><strong>Vanilleschote<\/strong> <em>(Vanilla planifolia)<\/em> &#8211; Warme, reichhaltige Vanille h\u00fcllt die Sinne in eine s\u00fc\u00dfe, sinnliche Umarmung. Samtige Vanille l\u00e4sst Spannungen schmelzen und weckt den Wunsch zu spielen, spielen, spielen<\/p>\n<p><strong>Kapkamillenbl\u00fcten<\/strong><em> (Eriocephalus punctulatus)<\/em> &#8211; Der Genuss dieser sch\u00f6nen Bl\u00fcte ist ein herrliches Erlebnis. Living Libations Cape Chamomile verstr\u00f6mt Molek\u00fcle von hypnotisierendem Komfort und Pflege. Flauschige Blumen ist ein dampfdestilliertes \u00d6l von Blumenfeldern, die in S\u00fcdafrika angebaut werden und ein einzigartiges, liebliches, beerenartiges, \u00e4therisches Blumenaroma einfangen.<\/p>\n<p><strong>Mandarin Petitgrain<\/strong> <em>(Citrus deliciosa)<\/em> &#8211; Fr\u00f6hliches Mandarin Petitgrain ist ein frischer, fruchtiger Duft mit dem s\u00fc\u00dfen, aufregenden Geschmack von Orangenbl\u00fcten und einem Hauch von Pflaume. Das aus den Bl\u00e4ttern und den jungen, winzigen Fr\u00fcchten des Mandarinenbaums dampfdestillierte \u00d6l ist ebenso entspannend und beruhigend wie das \u00e4therische Mandarinen\u00f6l, enth\u00e4lt jedoch einen hohen Anteil an beruhigenden Estern.<\/p>\n<p><strong>Bergamotte<\/strong> <em>(Citrus bergamia)<\/em> &#8211; Die wohltuende Bergamotte wird aus den zarten Schalen der fast reifen Fr\u00fcchte hergestellt, die unter der winterlichen Sonne Italiens wachsen. Das Bergamotte-\u00d6l, das alle Vorteile von Zitronen und Orangen in sich vereint, wird wegen seiner hautversch\u00f6nernden Eigenschaften und seines frisch-foug\u00e8re, sonnig-zitrischen, fast blumigen, freesienartigen Duftes angebaut.<\/p>\n<p><img fetchpriority=\"high\" decoding=\"async\" class=\"size-medium wp-image-68103 aligncenter\" src=\"https:\/\/dutchhealthstore.com\/wp-content\/uploads\/2018\/02\/Living-Libations-Organic-Logo-800x89.png\" alt=\"Living Libations - Organic Logo\" width=\"800\" height=\"89\" srcset=\"https:\/\/dutchhealthstore.com\/wp-content\/uploads\/2018\/02\/Living-Libations-Organic-Logo-800x89.png 800w, https:\/\/dutchhealthstore.com\/wp-content\/uploads\/2018\/02\/Living-Libations-Organic-Logo-510x57.png 510w, https:\/\/dutchhealthstore.com\/wp-content\/uploads\/2018\/02\/Living-Libations-Organic-Logo-768x85.png 768w, https:\/\/dutchhealthstore.com\/wp-content\/uploads\/2018\/02\/Living-Libations-Organic-Logo.png 1400w\" sizes=\"(max-width: 800px) 100vw, 800px\" \/><\/p>\n","protected":false},"excerpt":{"rendered":"<p>Neroli-Bl\u00fcten erbl\u00fchen in diesem schw\u00fclen, sonnenverw\u00f6hnten Parf\u00fcm. In <strong>Fire Lily Petal Perfume<\/strong> tanzen Sonne und Blumen in einer Bergamotte-Trance, w\u00e4hrend opulente Vanille die Wirbel der Kap-Kamille unter einem Sommerhimmel verst\u00e4rkt. Mandarine-Petitgrain durchzieht das Bouquet und erfrischt mit seiner reichen W\u00fcrze die begehrten Noten im Spiel.<\/p>\n<p>&nbsp;<\/p>\n","protected":false},"featured_media":103698,"comment_status":"open","ping_status":"closed","template":"","meta":[],"product_brand":[],"product_cat":[6700,1032,1493,1210,6819,511],"product_tag":[6740],"class_list":{"0":"post-103609","1":"product","2":"type-product","3":"status-publish","4":"has-post-thumbnail","6":"product_cat-fragrances-de","7":"product_cat-kategorien","8":"product_cat-living-libations-deutschland","9":"product_cat-marken","10":"product_cat-perfumes-de","11":"product_cat-produkte","12":"product_tag-perfume-de","13":"pa_brand-livinglibations-de","14":"pa_fragrances-product-type-for-her-de-2","15":"pa_fragrances-product-type-perfumes-de","16":"pa_gtin-7439657370311-de","17":"pa_size-5-ml-de","18":"pa_size-30-ml-de","20":"first","21":"instock","22":"taxable","23":"shipping-taxable","24":"purchasable","25":"product-type-variable"},"bundled_by":[],"bundle_stock_status":"instock","bundle_stock_quantity":null,"bundle_virtual":false,"bundle_layout":"","bundle_add_to_cart_form_location":"","bundle_editable_in_cart":false,"bundle_sold_individually_context":"","bundle_item_grouping":"","bundle_min_size":"","bundle_max_size":"","bundle_price":[],"bundled_items":[],"bundle_sell_ids":[],"atum_controlled":true,"out_stock_date":null,"out_stock_threshold":null,"inheritable":true,"stock_on_hold":1,"sold_today":0,"sales_last_days":0,"out_stock_days":0,"lost_sales":0,"update_date":"2026-04-07T13:50:18","atum_locations":[],"atum_stock_status":"instock","restock_status":false,"low_stock_amount":"","sales_update_date":"2026-04-07T13:50:18","calc_backorders":null,"group_of_quantity":0,"min_quantity":0,"max_quantity":"","exclude_order_quantity_value_rules":"no","exclude_category_quantity_rules":"no","combine_variations":"no","yoast_head":"<!-- This site is optimized with the Yoast SEO Premium plugin v26.5 (Yoast SEO v26.5) - https:\/\/yoast.com\/wordpress\/plugins\/seo\/ -->\n<title>Petal Perfume - Fire Lily | Living Libations<\/title>\n<meta name=\"description\" content=\"In Fire Lily Petal Perfume tanzen Sonne und Blumen in einer Bergamotte-Trance, w\u00e4hrend opulente Vanille die Wirbel der Kap-Kamille unter einem Sommerhimmel verst\u00e4rkt.\" \/>\n<meta name=\"robots\" content=\"index, follow, max-snippet:-1, max-image-preview:large, max-video-preview:-1\" \/>\n<link rel=\"canonical\" href=\"https:\/\/dutchhealthstore.com\/de\/product\/petal-perfume-fire-lily\/\" \/>\n<meta property=\"og:locale\" content=\"de_DE\" \/>\n<meta property=\"og:type\" content=\"article\" \/>\n<meta property=\"og:title\" content=\"Petal Perfume - Fire Lily - Dutch Health Store\" \/>\n<meta property=\"og:description\" content=\"In Fire Lily Petal Perfume tanzen Sonne und Blumen in einer Bergamotte-Trance, w\u00e4hrend opulente Vanille die Wirbel der Kap-Kamille unter einem Sommerhimmel verst\u00e4rkt.\" \/>\n<meta property=\"og:url\" content=\"https:\/\/dutchhealthstore.com\/de\/product\/petal-perfume-fire-lily\/\" \/>\n<meta property=\"og:site_name\" content=\"Dutch Health Store\" \/>\n<meta property=\"article:publisher\" content=\"https:\/\/www.instagram.com\/dutchhealthstore\/\" \/>\n<meta property=\"article:modified_time\" content=\"2025-10-05T10:04:21+00:00\" \/>\n<meta property=\"og:image\" content=\"https:\/\/dutchhealthstore.com\/wp-content\/uploads\/2020\/05\/Living-libations-Petal-Perfume-Fire-Lily-30-ml-1.jpg\" \/>\n\t<meta property=\"og:image:width\" content=\"500\" \/>\n\t<meta property=\"og:image:height\" content=\"500\" \/>\n\t<meta property=\"og:image:type\" content=\"image\/jpeg\" \/>\n<meta name=\"twitter:card\" content=\"summary_large_image\" \/>\n<meta name=\"twitter:label1\" content=\"Verf\u00fcgbarkeit\" \/>\n\t<meta name=\"twitter:data1\" content=\"Auf Lager\" \/>\n<script type=\"application\/ld+json\" class=\"yoast-schema-graph\">{\"@context\":\"https:\/\/schema.org\",\"@graph\":[{\"@type\":\"WebPage\",\"@id\":\"https:\/\/dutchhealthstore.com\/de\/product\/petal-perfume-fire-lily\/\",\"url\":\"https:\/\/dutchhealthstore.com\/de\/product\/petal-perfume-fire-lily\/\",\"name\":\"Petal Perfume - Fire Lily | Living Libations\",\"isPartOf\":{\"@id\":\"https:\/\/dutchhealthstore.com\/de\/#website\"},\"primaryImageOfPage\":{\"@id\":\"https:\/\/dutchhealthstore.com\/de\/product\/petal-perfume-fire-lily\/#primaryimage\"},\"image\":{\"@id\":\"https:\/\/dutchhealthstore.com\/de\/product\/petal-perfume-fire-lily\/#primaryimage\"},\"thumbnailUrl\":\"https:\/\/dutchhealthstore.com\/wp-content\/uploads\/2020\/05\/Living-libations-Petal-Perfume-Fire-Lily-30-ml-1.jpg\",\"datePublished\":\"2020-05-28T09:37:59+00:00\",\"dateModified\":\"2025-10-05T10:04:21+00:00\",\"description\":\"In Fire Lily Petal Perfume tanzen Sonne und Blumen in einer Bergamotte-Trance, w\u00e4hrend opulente Vanille die Wirbel der Kap-Kamille unter einem Sommerhimmel verst\u00e4rkt.\",\"breadcrumb\":{\"@id\":\"https:\/\/dutchhealthstore.com\/de\/product\/petal-perfume-fire-lily\/#breadcrumb\"},\"inLanguage\":\"de\",\"potentialAction\":[{\"@type\":\"ReadAction\",\"target\":[\"https:\/\/dutchhealthstore.com\/de\/product\/petal-perfume-fire-lily\/\"]}]},{\"@type\":\"ImageObject\",\"inLanguage\":\"de\",\"@id\":\"https:\/\/dutchhealthstore.com\/de\/product\/petal-perfume-fire-lily\/#primaryimage\",\"url\":\"https:\/\/dutchhealthstore.com\/wp-content\/uploads\/2020\/05\/Living-libations-Petal-Perfume-Fire-Lily-30-ml-1.jpg\",\"contentUrl\":\"https:\/\/dutchhealthstore.com\/wp-content\/uploads\/2020\/05\/Living-libations-Petal-Perfume-Fire-Lily-30-ml-1.jpg\",\"width\":500,\"height\":500,\"caption\":\"Living libations - Petal Perfume - Fire Lily 30 ml\"},{\"@type\":\"BreadcrumbList\",\"@id\":\"https:\/\/dutchhealthstore.com\/de\/product\/petal-perfume-fire-lily\/#breadcrumb\",\"itemListElement\":[{\"@type\":\"ListItem\",\"position\":1,\"name\":\"Home\",\"item\":\"https:\/\/dutchhealthstore.com\/de\/\"},{\"@type\":\"ListItem\",\"position\":2,\"name\":\"Shop\",\"item\":\"https:\/\/dutchhealthstore.com\/de\/shop-2\/\"},{\"@type\":\"ListItem\",\"position\":3,\"name\":\"Petal Perfume &#8211; Fire Lily\"}]},{\"@type\":\"WebSite\",\"@id\":\"https:\/\/dutchhealthstore.com\/de\/#website\",\"url\":\"https:\/\/dutchhealthstore.com\/de\/\",\"name\":\"Dutch Health Store\",\"description\":\"Enhance Your Beauty with Organic &amp; Natural Skincare\",\"publisher\":{\"@id\":\"https:\/\/dutchhealthstore.com\/de\/#organization\"},\"potentialAction\":[{\"@type\":\"SearchAction\",\"target\":{\"@type\":\"EntryPoint\",\"urlTemplate\":\"https:\/\/dutchhealthstore.com\/de\/?s={search_term_string}\"},\"query-input\":{\"@type\":\"PropertyValueSpecification\",\"valueRequired\":true,\"valueName\":\"search_term_string\"}}],\"inLanguage\":\"de\"},{\"@type\":\"Organization\",\"@id\":\"https:\/\/dutchhealthstore.com\/de\/#organization\",\"name\":\"Dutch Health Store\",\"url\":\"https:\/\/dutchhealthstore.com\/de\/\",\"logo\":{\"@type\":\"ImageObject\",\"inLanguage\":\"de\",\"@id\":\"https:\/\/dutchhealthstore.com\/de\/#\/schema\/logo\/image\/\",\"url\":\"https:\/\/dutchhealthstore.com\/wp-content\/uploads\/2020\/08\/logo-dutchhealthstore-jpg-e1599484957574.jpg\",\"contentUrl\":\"https:\/\/dutchhealthstore.com\/wp-content\/uploads\/2020\/08\/logo-dutchhealthstore-jpg-e1599484957574.jpg\",\"width\":400,\"height\":62,\"caption\":\"Dutch Health Store\"},\"image\":{\"@id\":\"https:\/\/dutchhealthstore.com\/de\/#\/schema\/logo\/image\/\"},\"sameAs\":[\"https:\/\/www.instagram.com\/dutchhealthstore\/\",\"https:\/\/www.facebook.com\/dutchhealthstore\"]}]}<\/script>\n<meta property=\"product:brand\" content=\"Living Libations\" \/>\n<meta property=\"og:availability\" content=\"instock\" \/>\n<meta property=\"product:availability\" content=\"instock\" \/>\n<meta property=\"product:condition\" content=\"new\" \/>\n<!-- \/ Yoast SEO Premium plugin. -->","yoast_head_json":{"title":"Petal Perfume - Fire Lily | Living Libations","description":"In Fire Lily Petal Perfume tanzen Sonne und Blumen in einer Bergamotte-Trance, w\u00e4hrend opulente Vanille die Wirbel der Kap-Kamille unter einem Sommerhimmel verst\u00e4rkt.","robots":{"index":"index","follow":"follow","max-snippet":"max-snippet:-1","max-image-preview":"max-image-preview:large","max-video-preview":"max-video-preview:-1"},"canonical":"https:\/\/dutchhealthstore.com\/de\/product\/petal-perfume-fire-lily\/","og_locale":"de_DE","og_type":"article","og_title":"Petal Perfume - Fire Lily - Dutch Health Store","og_description":"In Fire Lily Petal Perfume tanzen Sonne und Blumen in einer Bergamotte-Trance, w\u00e4hrend opulente Vanille die Wirbel der Kap-Kamille unter einem Sommerhimmel verst\u00e4rkt.","og_url":"https:\/\/dutchhealthstore.com\/de\/product\/petal-perfume-fire-lily\/","og_site_name":"Dutch Health Store","article_publisher":"https:\/\/www.instagram.com\/dutchhealthstore\/","article_modified_time":"2025-10-05T10:04:21+00:00","og_image":[{"width":500,"height":500,"url":"https:\/\/dutchhealthstore.com\/wp-content\/uploads\/2020\/05\/Living-libations-Petal-Perfume-Fire-Lily-30-ml-1.jpg","type":"image\/jpeg"}],"twitter_card":"summary_large_image","twitter_misc":{"Verf\u00fcgbarkeit":"Auf Lager"},"schema":{"@context":"https:\/\/schema.org","@graph":[{"@type":"WebPage","@id":"https:\/\/dutchhealthstore.com\/de\/product\/petal-perfume-fire-lily\/","url":"https:\/\/dutchhealthstore.com\/de\/product\/petal-perfume-fire-lily\/","name":"Petal Perfume - Fire Lily | Living Libations","isPartOf":{"@id":"https:\/\/dutchhealthstore.com\/de\/#website"},"primaryImageOfPage":{"@id":"https:\/\/dutchhealthstore.com\/de\/product\/petal-perfume-fire-lily\/#primaryimage"},"image":{"@id":"https:\/\/dutchhealthstore.com\/de\/product\/petal-perfume-fire-lily\/#primaryimage"},"thumbnailUrl":"https:\/\/dutchhealthstore.com\/wp-content\/uploads\/2020\/05\/Living-libations-Petal-Perfume-Fire-Lily-30-ml-1.jpg","datePublished":"2020-05-28T09:37:59+00:00","dateModified":"2025-10-05T10:04:21+00:00","description":"In Fire Lily Petal Perfume tanzen Sonne und Blumen in einer Bergamotte-Trance, w\u00e4hrend opulente Vanille die Wirbel der Kap-Kamille unter einem Sommerhimmel verst\u00e4rkt.","breadcrumb":{"@id":"https:\/\/dutchhealthstore.com\/de\/product\/petal-perfume-fire-lily\/#breadcrumb"},"inLanguage":"de","potentialAction":[{"@type":"ReadAction","target":["https:\/\/dutchhealthstore.com\/de\/product\/petal-perfume-fire-lily\/"]}]},{"@type":"ImageObject","inLanguage":"de","@id":"https:\/\/dutchhealthstore.com\/de\/product\/petal-perfume-fire-lily\/#primaryimage","url":"https:\/\/dutchhealthstore.com\/wp-content\/uploads\/2020\/05\/Living-libations-Petal-Perfume-Fire-Lily-30-ml-1.jpg","contentUrl":"https:\/\/dutchhealthstore.com\/wp-content\/uploads\/2020\/05\/Living-libations-Petal-Perfume-Fire-Lily-30-ml-1.jpg","width":500,"height":500,"caption":"Living libations - Petal Perfume - Fire Lily 30 ml"},{"@type":"BreadcrumbList","@id":"https:\/\/dutchhealthstore.com\/de\/product\/petal-perfume-fire-lily\/#breadcrumb","itemListElement":[{"@type":"ListItem","position":1,"name":"Home","item":"https:\/\/dutchhealthstore.com\/de\/"},{"@type":"ListItem","position":2,"name":"Shop","item":"https:\/\/dutchhealthstore.com\/de\/shop-2\/"},{"@type":"ListItem","position":3,"name":"Petal Perfume &#8211; Fire Lily"}]},{"@type":"WebSite","@id":"https:\/\/dutchhealthstore.com\/de\/#website","url":"https:\/\/dutchhealthstore.com\/de\/","name":"Dutch Health Store","description":"Enhance Your Beauty with Organic &amp; Natural Skincare","publisher":{"@id":"https:\/\/dutchhealthstore.com\/de\/#organization"},"potentialAction":[{"@type":"SearchAction","target":{"@type":"EntryPoint","urlTemplate":"https:\/\/dutchhealthstore.com\/de\/?s={search_term_string}"},"query-input":{"@type":"PropertyValueSpecification","valueRequired":true,"valueName":"search_term_string"}}],"inLanguage":"de"},{"@type":"Organization","@id":"https:\/\/dutchhealthstore.com\/de\/#organization","name":"Dutch Health Store","url":"https:\/\/dutchhealthstore.com\/de\/","logo":{"@type":"ImageObject","inLanguage":"de","@id":"https:\/\/dutchhealthstore.com\/de\/#\/schema\/logo\/image\/","url":"https:\/\/dutchhealthstore.com\/wp-content\/uploads\/2020\/08\/logo-dutchhealthstore-jpg-e1599484957574.jpg","contentUrl":"https:\/\/dutchhealthstore.com\/wp-content\/uploads\/2020\/08\/logo-dutchhealthstore-jpg-e1599484957574.jpg","width":400,"height":62,"caption":"Dutch Health Store"},"image":{"@id":"https:\/\/dutchhealthstore.com\/de\/#\/schema\/logo\/image\/"},"sameAs":["https:\/\/www.instagram.com\/dutchhealthstore\/","https:\/\/www.facebook.com\/dutchhealthstore"]}]},"product_brand":"Living Libations","og_availability":"instock","product_availability":"instock","product_condition":"new"},"_links":{"self":[{"href":"https:\/\/dutchhealthstore.com\/de\/wp-json\/wp\/v2\/product\/103609","targetHints":{"allow":["GET"]}}],"collection":[{"href":"https:\/\/dutchhealthstore.com\/de\/wp-json\/wp\/v2\/product"}],"about":[{"href":"https:\/\/dutchhealthstore.com\/de\/wp-json\/wp\/v2\/types\/product"}],"replies":[{"embeddable":true,"href":"https:\/\/dutchhealthstore.com\/de\/wp-json\/wp\/v2\/comments?post=103609"}],"wp:featuredmedia":[{"embeddable":true,"href":"https:\/\/dutchhealthstore.com\/de\/wp-json\/wp\/v2\/media\/103698"}],"wp:attachment":[{"href":"https:\/\/dutchhealthstore.com\/de\/wp-json\/wp\/v2\/media?parent=103609"}],"wp:term":[{"taxonomy":"product_brand","embeddable":true,"href":"https:\/\/dutchhealthstore.com\/de\/wp-json\/wp\/v2\/product_brand?post=103609"},{"taxonomy":"product_cat","embeddable":true,"href":"https:\/\/dutchhealthstore.com\/de\/wp-json\/wp\/v2\/product_cat?post=103609"},{"taxonomy":"product_tag","embeddable":true,"href":"https:\/\/dutchhealthstore.com\/de\/wp-json\/wp\/v2\/product_tag?post=103609"}],"curies":[{"name":"wp","href":"https:\/\/api.w.org\/{rel}","templated":true}]}}