{"id":103587,"date":"2020-05-26T08:51:53","date_gmt":"2020-05-26T08:51:53","guid":{"rendered":"https:\/\/dutchhealthstore.com\/product\/petal-perfume-lavish-abundance\/"},"modified":"2026-02-24T20:47:23","modified_gmt":"2026-02-24T19:47:23","slug":"petal-perfume-lavish-abundance","status":"publish","type":"product","link":"https:\/\/dutchhealthstore.com\/de\/product\/petal-perfume-lavish-abundance\/","title":{"rendered":"Petal Perfume &#8211; Lavish Abundance"},"content":{"rendered":"<p><img decoding=\"async\" class=\"size-full wp-image-69549 alignright\" src=\"https:\/\/dutchhealthstore.com\/wp-content\/uploads\/2019\/08\/NEW-Living-Libations-Logo.jpg\" alt=\"NEW - Living Libations - Logo\" width=\"175\" height=\"82\">Dieses Parf\u00fcm wurde geboren, um zu inspirieren.<\/p>\n<p>Atmen Sie durch, lassen Sie sich fallen und genie\u00dfen Sie den Glanz des Duftes, den die G\u00f6ttin Isis selbst trug. Lavendel liegt an Jasmins Bett, w\u00e4hrend die k\u00f6stliche Vanille ihr den Weg zur Reinheit ebnet. Exquisite Zitrusfr\u00fcchte erleuchten den H\u00f6rer in einer s\u00fc\u00df duftenden Geschichte endloser erogener Tiefen&#8230; und gipfeln in einem \u00fcppigen Bouquet, das Sie begleitet wie eine warme Brise an einem Fr\u00fchlingstag, w\u00e4hrend Ihr Herz in reichlicher Anerkennung klopft.<\/p>\n<p>Tauchen Sie ein in Leichtigkeit und Lachen, w\u00e4hrend Sie Ihren \u00fcppigen Reichtum feiern<\/p>\n<h3>Instruktion<\/h3>\n<p>F\u00fcr ein besonders aromatisches Ergebnis spr\u00fchen Sie es auf Brust, Hals oder Pulspunkte. Die \u00fcppige und aufmunternde Wirkung dieses Duftes ist perfekt, um Ihren Raum zu einem Ort zu machen, an dem Sie sich von Ihrer besten Seite zeigen k\u00f6nnen, oder um sich nach einem langen Tag zu beruhigen und zu entspannen.<\/p>\n<p><strong>Gr\u00f6\u00dfe: 5 ml und 30 ml<\/strong><\/p>\n<h3 class=\"yikes-custom-woo-tab-title yikes-custom-woo-tab-title-natural-organic-ingredients\">Nat\u00fcrliche\/Organische Inhaltsstoffe<\/h3>\n<p><strong>Vanille<\/strong> <em>(Vanilla planifolia)<\/em> &#8211; Die samtige Vanille ist ein ber\u00fcchtigter Lustbringer. Seine s\u00fc\u00dfe Umarmung aus honigartiger W\u00e4rme l\u00e4sst Spannungen schmelzen und entspannt beim Spielen.<\/p>\n<p><strong>Jasmine Sambac<\/strong> <em>(Jasminium sambac)<\/em> &#8211; Juicy Jasmine wird in Indien aus den duftenden Tiefen der nachtbl\u00fchenden Jasmin-Sambac-Bl\u00fcten gewonnen. Im Gegensatz zum Jasmin grandiflorum, der seine Bl\u00fctenbl\u00e4tter der Morgend\u00e4mmerung \u00f6ffnet, verbindet sich Jasmin Sambac mit dem Geheimnis des Mondes und der Sterne und f\u00e4ngt die duftende Essenz endloser warmer N\u00e4chte ein.<\/p>\n<p><strong>Lavendel <\/strong><em><strong>(<\/strong>Lavendula angustifolia)<\/em> &#8211; Lieblicher Lavendel erhellt den Flieder in diesem Parf\u00fcm mit einer blumigen Verschmelzung von Amethystnoten, die ein friedliches Paradies verspr\u00fchen.<\/p>\n<p><strong>Zitrone<\/strong><em> (Citrus limon)<\/em> &#8211; Die lebendige Zitronenessenz verleiht diesem Parf\u00fcm seine Bl\u00fcte und bietet unendlich viele Vorteile f\u00fcr Geist, K\u00f6rper und Seele. Es ist ein fr\u00f6hlicher, belebender Duft, der die besten Eigenschaften von Gardenie und Jasmin zur Geltung bringt. Zitrone verleiht einer Welt des verschwenderischen \u00dcberflusses eine gewisse Leichtigkeit.<\/p>\n<p><strong>Biologischer, biodynamischer Alkohol<\/strong> &#8211; Unser biologisch-dynamisch angebauter, biologischer, neutraler 190-prozentiger Traubenalkohol wird in drei Stufen gefiltert, um den h\u00f6chsten Reinheitsgrad zu gew\u00e4hrleisten. Dar\u00fcber hinaus wird er von einem unabh\u00e4ngigen Labor getestet, um sicherzustellen, dass diese organische Spirituose pharmazeutische Qualit\u00e4t besitzt und den Standards der United States Pharmacopeia entspricht.<\/p>\n<p><img fetchpriority=\"high\" decoding=\"async\" class=\"size-medium wp-image-68103 aligncenter\" src=\"https:\/\/dutchhealthstore.com\/wp-content\/uploads\/2018\/02\/Living-Libations-Organic-Logo-800x89.png\" alt=\"Living Libations - Organic Logo\" width=\"800\" height=\"89\" srcset=\"https:\/\/dutchhealthstore.com\/wp-content\/uploads\/2018\/02\/Living-Libations-Organic-Logo-800x89.png 800w, https:\/\/dutchhealthstore.com\/wp-content\/uploads\/2018\/02\/Living-Libations-Organic-Logo-510x57.png 510w, https:\/\/dutchhealthstore.com\/wp-content\/uploads\/2018\/02\/Living-Libations-Organic-Logo-768x85.png 768w, https:\/\/dutchhealthstore.com\/wp-content\/uploads\/2018\/02\/Living-Libations-Organic-Logo.png 1400w\" sizes=\"(max-width: 800px) 100vw, 800px\" \/><\/p>\n","protected":false},"excerpt":{"rendered":"<p><strong>Lavish <\/strong><strong>Abundance<\/strong> Levity Petal Perfume ist ein erhabenes L\u00e4cheln, dessen \u00fcppiger Duft seine erhebende Wirkung nicht verr\u00e4t. Vanille, wilder Jasmin, Lavendel und Zitrone vereinen sich zu einer exquisiten Mischung, die als &#8222;<em>ein poetisches Meisterwerk in einer Flasche<\/em>&#8220; bezeichnet wurde.<\/p>\n<p>&nbsp;<\/p>\n","protected":false},"featured_media":284313,"comment_status":"open","ping_status":"closed","template":"","meta":[],"product_brand":[],"product_cat":[6700,1032,1493,1210,6819,511],"product_tag":[21667,21809,21819,6740],"class_list":{"0":"post-103587","1":"product","2":"type-product","3":"status-publish","4":"has-post-thumbnail","6":"product_cat-fragrances-de","7":"product_cat-kategorien","8":"product_cat-living-libations-deutschland","9":"product_cat-marken","10":"product_cat-perfumes-de","11":"product_cat-produkte","12":"product_tag-aroma-de","13":"product_tag-natural-de","14":"product_tag-parfum","15":"product_tag-perfume-de","16":"pa_brand-livinglibations-de","17":"pa_fragrances-product-type-for-her-de-2","18":"pa_fragrances-product-type-perfumes-de","19":"pa_gtin-7439657369346-de","20":"pa_size-30-ml-de","21":"pa_size-5-ml-de","23":"first","24":"instock","25":"taxable","26":"shipping-taxable","27":"purchasable","28":"product-type-variable"},"bundled_by":[],"bundle_stock_status":"instock","bundle_stock_quantity":null,"bundle_virtual":false,"bundle_layout":"","bundle_add_to_cart_form_location":"","bundle_editable_in_cart":false,"bundle_sold_individually_context":"","bundle_item_grouping":"","bundle_min_size":"","bundle_max_size":"","bundle_price":[],"bundled_items":[],"bundle_sell_ids":[],"atum_controlled":true,"out_stock_date":null,"out_stock_threshold":null,"inheritable":true,"stock_on_hold":2,"sold_today":0,"sales_last_days":0,"out_stock_days":0,"lost_sales":0,"update_date":"2026-04-14T10:20:11","atum_locations":[],"atum_stock_status":"instock","restock_status":false,"low_stock_amount":"","sales_update_date":"2026-04-14T10:20:11","calc_backorders":null,"group_of_quantity":0,"min_quantity":0,"max_quantity":"","exclude_order_quantity_value_rules":"no","exclude_category_quantity_rules":"no","combine_variations":"no","yoast_head":"<!-- This site is optimized with the Yoast SEO Premium plugin v26.5 (Yoast SEO v26.5) - https:\/\/yoast.com\/wordpress\/plugins\/seo\/ -->\n<title>Petal Perfume - Lavish Abundance | Living Libations<\/title>\n<meta name=\"description\" content=\"Lavish Abundance Levity Petal Perfume ist ein erhabenes L\u00e4cheln, dessen \u00fcppiger Duft seine erhebende Wirkung nicht verr\u00e4t.\" \/>\n<meta name=\"robots\" content=\"index, follow, max-snippet:-1, max-image-preview:large, max-video-preview:-1\" \/>\n<link rel=\"canonical\" href=\"https:\/\/dutchhealthstore.com\/de\/product\/petal-perfume-lavish-abundance\/\" \/>\n<meta property=\"og:locale\" content=\"de_DE\" \/>\n<meta property=\"og:type\" content=\"article\" \/>\n<meta property=\"og:title\" content=\"Petal Perfume - Lavish Abundance - Dutch Health Store\" \/>\n<meta property=\"og:description\" content=\"Lavish Abundance Levity Petal Perfume ist ein erhabenes L\u00e4cheln, dessen \u00fcppiger Duft seine erhebende Wirkung nicht verr\u00e4t.\" \/>\n<meta property=\"og:url\" content=\"https:\/\/dutchhealthstore.com\/de\/product\/petal-perfume-lavish-abundance\/\" \/>\n<meta property=\"og:site_name\" content=\"Dutch Health Store\" \/>\n<meta property=\"article:publisher\" content=\"https:\/\/www.instagram.com\/dutchhealthstore\/\" \/>\n<meta property=\"article:modified_time\" content=\"2026-02-24T19:47:23+00:00\" \/>\n<meta property=\"og:image\" content=\"https:\/\/dutchhealthstore.com\/wp-content\/uploads\/2020\/05\/ll-petal-perfume-lavish-30ml.jpg\" \/>\n\t<meta property=\"og:image:width\" content=\"526\" \/>\n\t<meta property=\"og:image:height\" content=\"526\" \/>\n\t<meta property=\"og:image:type\" content=\"image\/jpeg\" \/>\n<meta name=\"twitter:card\" content=\"summary_large_image\" \/>\n<meta name=\"twitter:label1\" content=\"Verf\u00fcgbarkeit\" \/>\n\t<meta name=\"twitter:data1\" content=\"Auf Lager\" \/>\n<script type=\"application\/ld+json\" class=\"yoast-schema-graph\">{\"@context\":\"https:\/\/schema.org\",\"@graph\":[{\"@type\":\"WebPage\",\"@id\":\"https:\/\/dutchhealthstore.com\/de\/product\/petal-perfume-lavish-abundance\/\",\"url\":\"https:\/\/dutchhealthstore.com\/de\/product\/petal-perfume-lavish-abundance\/\",\"name\":\"Petal Perfume - Lavish Abundance | Living Libations\",\"isPartOf\":{\"@id\":\"https:\/\/dutchhealthstore.com\/de\/#website\"},\"primaryImageOfPage\":{\"@id\":\"https:\/\/dutchhealthstore.com\/de\/product\/petal-perfume-lavish-abundance\/#primaryimage\"},\"image\":{\"@id\":\"https:\/\/dutchhealthstore.com\/de\/product\/petal-perfume-lavish-abundance\/#primaryimage\"},\"thumbnailUrl\":\"https:\/\/dutchhealthstore.com\/wp-content\/uploads\/2020\/05\/ll-petal-perfume-lavish-30ml.jpg\",\"datePublished\":\"2020-05-26T08:51:53+00:00\",\"dateModified\":\"2026-02-24T19:47:23+00:00\",\"description\":\"Lavish Abundance Levity Petal Perfume ist ein erhabenes L\u00e4cheln, dessen \u00fcppiger Duft seine erhebende Wirkung nicht verr\u00e4t.\",\"breadcrumb\":{\"@id\":\"https:\/\/dutchhealthstore.com\/de\/product\/petal-perfume-lavish-abundance\/#breadcrumb\"},\"inLanguage\":\"de\",\"potentialAction\":[{\"@type\":\"ReadAction\",\"target\":[\"https:\/\/dutchhealthstore.com\/de\/product\/petal-perfume-lavish-abundance\/\"]}]},{\"@type\":\"ImageObject\",\"inLanguage\":\"de\",\"@id\":\"https:\/\/dutchhealthstore.com\/de\/product\/petal-perfume-lavish-abundance\/#primaryimage\",\"url\":\"https:\/\/dutchhealthstore.com\/wp-content\/uploads\/2020\/05\/ll-petal-perfume-lavish-30ml.jpg\",\"contentUrl\":\"https:\/\/dutchhealthstore.com\/wp-content\/uploads\/2020\/05\/ll-petal-perfume-lavish-30ml.jpg\",\"width\":526,\"height\":526,\"caption\":\"ll-petal-perfume-lavish-30ml\"},{\"@type\":\"BreadcrumbList\",\"@id\":\"https:\/\/dutchhealthstore.com\/de\/product\/petal-perfume-lavish-abundance\/#breadcrumb\",\"itemListElement\":[{\"@type\":\"ListItem\",\"position\":1,\"name\":\"Home\",\"item\":\"https:\/\/dutchhealthstore.com\/de\/\"},{\"@type\":\"ListItem\",\"position\":2,\"name\":\"Shop\",\"item\":\"https:\/\/dutchhealthstore.com\/de\/shop-2\/\"},{\"@type\":\"ListItem\",\"position\":3,\"name\":\"Petal Perfume &#8211; Lavish Abundance\"}]},{\"@type\":\"WebSite\",\"@id\":\"https:\/\/dutchhealthstore.com\/de\/#website\",\"url\":\"https:\/\/dutchhealthstore.com\/de\/\",\"name\":\"Dutch Health Store\",\"description\":\"Enhance Your Beauty with Organic &amp; Natural Skincare\",\"publisher\":{\"@id\":\"https:\/\/dutchhealthstore.com\/de\/#organization\"},\"potentialAction\":[{\"@type\":\"SearchAction\",\"target\":{\"@type\":\"EntryPoint\",\"urlTemplate\":\"https:\/\/dutchhealthstore.com\/de\/?s={search_term_string}\"},\"query-input\":{\"@type\":\"PropertyValueSpecification\",\"valueRequired\":true,\"valueName\":\"search_term_string\"}}],\"inLanguage\":\"de\"},{\"@type\":\"Organization\",\"@id\":\"https:\/\/dutchhealthstore.com\/de\/#organization\",\"name\":\"Dutch Health Store\",\"url\":\"https:\/\/dutchhealthstore.com\/de\/\",\"logo\":{\"@type\":\"ImageObject\",\"inLanguage\":\"de\",\"@id\":\"https:\/\/dutchhealthstore.com\/de\/#\/schema\/logo\/image\/\",\"url\":\"https:\/\/dutchhealthstore.com\/wp-content\/uploads\/2020\/08\/logo-dutchhealthstore-jpg-e1599484957574.jpg\",\"contentUrl\":\"https:\/\/dutchhealthstore.com\/wp-content\/uploads\/2020\/08\/logo-dutchhealthstore-jpg-e1599484957574.jpg\",\"width\":400,\"height\":62,\"caption\":\"Dutch Health Store\"},\"image\":{\"@id\":\"https:\/\/dutchhealthstore.com\/de\/#\/schema\/logo\/image\/\"},\"sameAs\":[\"https:\/\/www.instagram.com\/dutchhealthstore\/\",\"https:\/\/www.facebook.com\/dutchhealthstore\"]}]}<\/script>\n<meta property=\"product:brand\" content=\"Living Libations\" \/>\n<meta property=\"og:availability\" content=\"instock\" \/>\n<meta property=\"product:availability\" content=\"instock\" \/>\n<meta property=\"product:condition\" content=\"new\" \/>\n<!-- \/ Yoast SEO Premium plugin. -->","yoast_head_json":{"title":"Petal Perfume - Lavish Abundance | Living Libations","description":"Lavish Abundance Levity Petal Perfume ist ein erhabenes L\u00e4cheln, dessen \u00fcppiger Duft seine erhebende Wirkung nicht verr\u00e4t.","robots":{"index":"index","follow":"follow","max-snippet":"max-snippet:-1","max-image-preview":"max-image-preview:large","max-video-preview":"max-video-preview:-1"},"canonical":"https:\/\/dutchhealthstore.com\/de\/product\/petal-perfume-lavish-abundance\/","og_locale":"de_DE","og_type":"article","og_title":"Petal Perfume - Lavish Abundance - Dutch Health Store","og_description":"Lavish Abundance Levity Petal Perfume ist ein erhabenes L\u00e4cheln, dessen \u00fcppiger Duft seine erhebende Wirkung nicht verr\u00e4t.","og_url":"https:\/\/dutchhealthstore.com\/de\/product\/petal-perfume-lavish-abundance\/","og_site_name":"Dutch Health Store","article_publisher":"https:\/\/www.instagram.com\/dutchhealthstore\/","article_modified_time":"2026-02-24T19:47:23+00:00","og_image":[{"width":526,"height":526,"url":"https:\/\/dutchhealthstore.com\/wp-content\/uploads\/2020\/05\/ll-petal-perfume-lavish-30ml.jpg","type":"image\/jpeg"}],"twitter_card":"summary_large_image","twitter_misc":{"Verf\u00fcgbarkeit":"Auf Lager"},"schema":{"@context":"https:\/\/schema.org","@graph":[{"@type":"WebPage","@id":"https:\/\/dutchhealthstore.com\/de\/product\/petal-perfume-lavish-abundance\/","url":"https:\/\/dutchhealthstore.com\/de\/product\/petal-perfume-lavish-abundance\/","name":"Petal Perfume - Lavish Abundance | Living Libations","isPartOf":{"@id":"https:\/\/dutchhealthstore.com\/de\/#website"},"primaryImageOfPage":{"@id":"https:\/\/dutchhealthstore.com\/de\/product\/petal-perfume-lavish-abundance\/#primaryimage"},"image":{"@id":"https:\/\/dutchhealthstore.com\/de\/product\/petal-perfume-lavish-abundance\/#primaryimage"},"thumbnailUrl":"https:\/\/dutchhealthstore.com\/wp-content\/uploads\/2020\/05\/ll-petal-perfume-lavish-30ml.jpg","datePublished":"2020-05-26T08:51:53+00:00","dateModified":"2026-02-24T19:47:23+00:00","description":"Lavish Abundance Levity Petal Perfume ist ein erhabenes L\u00e4cheln, dessen \u00fcppiger Duft seine erhebende Wirkung nicht verr\u00e4t.","breadcrumb":{"@id":"https:\/\/dutchhealthstore.com\/de\/product\/petal-perfume-lavish-abundance\/#breadcrumb"},"inLanguage":"de","potentialAction":[{"@type":"ReadAction","target":["https:\/\/dutchhealthstore.com\/de\/product\/petal-perfume-lavish-abundance\/"]}]},{"@type":"ImageObject","inLanguage":"de","@id":"https:\/\/dutchhealthstore.com\/de\/product\/petal-perfume-lavish-abundance\/#primaryimage","url":"https:\/\/dutchhealthstore.com\/wp-content\/uploads\/2020\/05\/ll-petal-perfume-lavish-30ml.jpg","contentUrl":"https:\/\/dutchhealthstore.com\/wp-content\/uploads\/2020\/05\/ll-petal-perfume-lavish-30ml.jpg","width":526,"height":526,"caption":"ll-petal-perfume-lavish-30ml"},{"@type":"BreadcrumbList","@id":"https:\/\/dutchhealthstore.com\/de\/product\/petal-perfume-lavish-abundance\/#breadcrumb","itemListElement":[{"@type":"ListItem","position":1,"name":"Home","item":"https:\/\/dutchhealthstore.com\/de\/"},{"@type":"ListItem","position":2,"name":"Shop","item":"https:\/\/dutchhealthstore.com\/de\/shop-2\/"},{"@type":"ListItem","position":3,"name":"Petal Perfume &#8211; Lavish Abundance"}]},{"@type":"WebSite","@id":"https:\/\/dutchhealthstore.com\/de\/#website","url":"https:\/\/dutchhealthstore.com\/de\/","name":"Dutch Health Store","description":"Enhance Your Beauty with Organic &amp; Natural Skincare","publisher":{"@id":"https:\/\/dutchhealthstore.com\/de\/#organization"},"potentialAction":[{"@type":"SearchAction","target":{"@type":"EntryPoint","urlTemplate":"https:\/\/dutchhealthstore.com\/de\/?s={search_term_string}"},"query-input":{"@type":"PropertyValueSpecification","valueRequired":true,"valueName":"search_term_string"}}],"inLanguage":"de"},{"@type":"Organization","@id":"https:\/\/dutchhealthstore.com\/de\/#organization","name":"Dutch Health Store","url":"https:\/\/dutchhealthstore.com\/de\/","logo":{"@type":"ImageObject","inLanguage":"de","@id":"https:\/\/dutchhealthstore.com\/de\/#\/schema\/logo\/image\/","url":"https:\/\/dutchhealthstore.com\/wp-content\/uploads\/2020\/08\/logo-dutchhealthstore-jpg-e1599484957574.jpg","contentUrl":"https:\/\/dutchhealthstore.com\/wp-content\/uploads\/2020\/08\/logo-dutchhealthstore-jpg-e1599484957574.jpg","width":400,"height":62,"caption":"Dutch Health Store"},"image":{"@id":"https:\/\/dutchhealthstore.com\/de\/#\/schema\/logo\/image\/"},"sameAs":["https:\/\/www.instagram.com\/dutchhealthstore\/","https:\/\/www.facebook.com\/dutchhealthstore"]}]},"product_brand":"Living Libations","og_availability":"instock","product_availability":"instock","product_condition":"new"},"_links":{"self":[{"href":"https:\/\/dutchhealthstore.com\/de\/wp-json\/wp\/v2\/product\/103587","targetHints":{"allow":["GET"]}}],"collection":[{"href":"https:\/\/dutchhealthstore.com\/de\/wp-json\/wp\/v2\/product"}],"about":[{"href":"https:\/\/dutchhealthstore.com\/de\/wp-json\/wp\/v2\/types\/product"}],"replies":[{"embeddable":true,"href":"https:\/\/dutchhealthstore.com\/de\/wp-json\/wp\/v2\/comments?post=103587"}],"wp:featuredmedia":[{"embeddable":true,"href":"https:\/\/dutchhealthstore.com\/de\/wp-json\/wp\/v2\/media\/284313"}],"wp:attachment":[{"href":"https:\/\/dutchhealthstore.com\/de\/wp-json\/wp\/v2\/media?parent=103587"}],"wp:term":[{"taxonomy":"product_brand","embeddable":true,"href":"https:\/\/dutchhealthstore.com\/de\/wp-json\/wp\/v2\/product_brand?post=103587"},{"taxonomy":"product_cat","embeddable":true,"href":"https:\/\/dutchhealthstore.com\/de\/wp-json\/wp\/v2\/product_cat?post=103587"},{"taxonomy":"product_tag","embeddable":true,"href":"https:\/\/dutchhealthstore.com\/de\/wp-json\/wp\/v2\/product_tag?post=103587"}],"curies":[{"name":"wp","href":"https:\/\/api.w.org\/{rel}","templated":true}]}}