{"id":103548,"date":"2020-05-26T11:41:45","date_gmt":"2020-05-26T11:41:45","guid":{"rendered":"https:\/\/dutchhealthstore.com\/product\/petal-perfume-being-free-is-lots-of-fun\/"},"modified":"2026-03-24T09:35:02","modified_gmt":"2026-03-24T08:35:02","slug":"petal-perfume-being-free-is-lots-of-fun","status":"publish","type":"product","link":"https:\/\/dutchhealthstore.com\/de\/product\/petal-perfume-being-free-is-lots-of-fun\/","title":{"rendered":"Petal Perfume &#8211; Being Free is Lots of Fun"},"content":{"rendered":"<p><img decoding=\"async\" class=\"size-full wp-image-69549 alignright\" src=\"https:\/\/dutchhealthstore.com\/wp-content\/uploads\/2019\/08\/NEW-Living-Libations-Logo.jpg\" alt=\"NEW - Living Libations - Logo\" width=\"175\" height=\"82\"><\/p>\n<p>Lasst die Freiheit regieren! Entfesseln Sie den inneren Sonnenschein mit jeder Inhalation dieser bl\u00fchenden botanischen Sch\u00f6nheit. Frisch und blumig, mit sonnigen Zitrust\u00f6nen, weckt das Living Libations <strong>Being Free is Lots of Fun<\/strong> petal perfume in jedem eine lebendige Freude!<\/p>\n<p>Ein belebter Wandteppich aus Fr\u00fcchten und Blumen bebt unter den winkenden Strahlen der Sonne und fl\u00fcstert die gl\u00fcckliche Wahrheit: <strong>Frei sein macht Spa\u00df<\/strong>! Duftender Jasmin bietet seine euphorische Essenz an, w\u00e4hrend Zitrusfr\u00fcchte und entspannende Iriswurzeln die Stimmung heben. Vanille und Ylang stecken unter einer Decke, und Zitrone dr\u00fcckt funkelnde Tropfen fr\u00f6hlichen Taus aus, die von sprudelndem Sonnenlicht durchdrungen sind.<\/p>\n<p>Wirbeln und tanzen Sie unter der Sommersonne und danken Sie f\u00fcr die gl\u00fcckliche Freiheit des Vergn\u00fcgens!<\/p>\n<h3>Instruktion<\/h3>\n<p>F\u00fcr ein besonders aromatisches Ergebnis spr\u00fchen Sie es auf Gesicht, Hals und Pulspunkte. Ein Spr\u00fchsto\u00df dieses Dufts auf die Kleidung oder in den Raum kann gew\u00f6hnliche Tage zu strahlender Freiheit und Spiel machen!<\/p>\n<p><strong>Gr\u00f6\u00dfe: 5 ml und 30 ml<\/strong><\/p>\n<h3 class=\"yikes-custom-woo-tab-title yikes-custom-woo-tab-title-natural-organic-ingredients\">Nat\u00fcrliche\/Organische Inhaltsstoffe<\/h3>\n<p><strong>Lindenbl\u00fcten<\/strong> <em>(tilia vulgaris)<\/em> &#8211; Sch\u00f6ne Lindenbl\u00fcten s\u00fc\u00dfer blumiger, leicht gr\u00fcner Heuduft erinnert an einen idyllischen Junitag. In emotionaler Hinsicht f\u00f6rdert die Linde das Einf\u00fchlungsverm\u00f6gen, vertieft das Verst\u00e4ndnis zwischen Liebenden und befreit den egoistischen Geist, so dass eine gr\u00f6\u00dfere Klarheit entsteht.<\/p>\n<p><strong>Jasmin Sambac<\/strong><em> (Jasminum sambac)<\/em> &#8211; Saftiger Jasmine wird in Indien aus den duftenden Tiefen der nachtbl\u00fchenden Jasmin-Sambac-Bl\u00fcten gewonnen. Im Gegensatz zum Jasmin grandiflorum, der seine Bl\u00fctenbl\u00e4tter der Morgend\u00e4mmerung \u00f6ffnet, verbindet sich Jasmin Sambac mit dem Geheimnis des Mondes und der Sterne und f\u00e4ngt die duftende Essenz endloser warmer N\u00e4chte ein.<\/p>\n<p><strong>Ylang<\/strong> <em>(Cananga odorata)<\/em> &#8211; Euphorischer Ylang ist eine amour\u00f6se Essenz, deren Name \u00fcbersetzt &#8222;Blume der Blumen&#8220; bedeutet. W\u00e4hrend andere schlafen, verstr\u00f6men diese bezaubernden Bl\u00fcten ihren exotischen Duft in einer tropischen Brise. Das s\u00fc\u00dfe und schw\u00fcle Ylang inspiriert die Sinne, indem es mit seinen Bl\u00fctenbl\u00e4ttern der duftenden Positivit\u00e4t Negativit\u00e4t vertreibt.<\/p>\n<p><strong>Zitrone<\/strong> <em>(Citrus limon)<\/em> &#8211; Die lebendige Zitronenessenz verleiht diesem Parf\u00fcm seine Bl\u00fcte und bietet unendlich viele Vorteile f\u00fcr Geist, K\u00f6rper und Seele. Es ist ein fr\u00f6hlicher, belebender Duft, der die besten Eigenschaften von Gardenie und Jasmin zur Geltung bringt.<\/p>\n<p><strong>Grapefruit<\/strong><em> (Citrus paradisi)<\/em> &#8211; Die spritzige Grapefruit belebt die Sinne mit sonnigen Zitrusnoten, die f\u00fcr heitere Klarheit sorgen und den Geist beleben, um Dinge in Gang zu bringen.<\/p>\n<p><strong>Orris Root<\/strong><em> (Iris germanica florentina)<\/em> &#8211; Dieses \u00fcppige Wurzel\u00f6l der Iris-Pflanze ist eine dicke und cremige superkritische Extraktion, die ein Aroma von \u00fcppigen, wurzeligen Karamellnoten einf\u00e4ngt, die mit violetten Ankl\u00e4ngen akzentuiert sind. Orris\u00f6l vereint die uralte Verehrung der k\u00f6niglichen Blume mit dem dekadenten Bouquet ihrer tiefsten und reichhaltigsten Wurzeln.<\/p>\n<p><strong>Vanille<\/strong> <em>(Vanilla planifolia)<\/em> &#8211; Die samtige Vanille ist ein ber\u00fcchtigter Lustbringer. Seine s\u00fc\u00dfe Umarmung aus honigartiger W\u00e4rme l\u00e4sst Spannungen schmelzen und entspannt beim Spielen.<\/p>\n<p><strong>Biologischer biodynamischer Alkohol<\/strong> &#8211; Biologischer biodynamischer Alkohol dient als Tr\u00e4ger f\u00fcr unsere Bl\u00fctenparf\u00fcms und Waldparf\u00fcms, so dass jede Pflanze m\u00fchelos aromatische Wunder auf der Haut vollbringen kann. Dieser biologische, biodynamische Alkohol ist von h\u00f6chster Qualit\u00e4t und wird dreifach gefiltert, um seine Reinheit zu gew\u00e4hrleisten. Er wird aus zertifizierten biologischen Trauben hergestellt und unabh\u00e4ngig getestet, um sicherzustellen, dass er den Standards der United States Pharmacopeia (USP) f\u00fcr reinen, biologischen Alkohol pharmazeutischer Qualit\u00e4t entspricht.<\/p>\n<p><img fetchpriority=\"high\" decoding=\"async\" class=\"size-medium wp-image-68103 aligncenter\" src=\"https:\/\/dutchhealthstore.com\/wp-content\/uploads\/2018\/02\/Living-Libations-Organic-Logo-800x89.png\" alt=\"Living Libations - Organic Logo\" width=\"800\" height=\"89\" srcset=\"https:\/\/dutchhealthstore.com\/wp-content\/uploads\/2018\/02\/Living-Libations-Organic-Logo-800x89.png 800w, https:\/\/dutchhealthstore.com\/wp-content\/uploads\/2018\/02\/Living-Libations-Organic-Logo-510x57.png 510w, https:\/\/dutchhealthstore.com\/wp-content\/uploads\/2018\/02\/Living-Libations-Organic-Logo-768x85.png 768w, https:\/\/dutchhealthstore.com\/wp-content\/uploads\/2018\/02\/Living-Libations-Organic-Logo.png 1400w\" sizes=\"(max-width: 800px) 100vw, 800px\" \/><\/p>\n","protected":false},"excerpt":{"rendered":"<p>Lasst die Freiheit regieren! Entfesseln Sie den inneren Sonnenschein mit jeder Inhalation dieser bl\u00fchenden botanischen Sch\u00f6nheit.<br \/>\nFrisch und blumig mit sonnigen Zitrust\u00f6nen, <b>Being<\/b><b> <\/b><b>Free <\/b><b>is <\/b><b>Lots<\/b><b> of <\/b><b>Fun<\/b> petal perfume weckt in jedem Menschen eine lebhafte Freude!<\/p>\n<p>Ein belebter Wandteppich aus Fr\u00fcchten und Blumen bebt unter den winkenden Sonnenstrahlen und fl\u00fcstert die gl\u00fcckliche Wahrheit: Being Free is Lots of Fun!<\/p>\n<p>&nbsp;<\/p>\n","protected":false},"featured_media":284400,"comment_status":"open","ping_status":"closed","template":"","meta":[],"product_brand":[],"product_cat":[6700,1032,1493,1210,6819,511],"product_tag":[6740],"class_list":{"0":"post-103548","1":"product","2":"type-product","3":"status-publish","4":"has-post-thumbnail","6":"product_cat-fragrances-de","7":"product_cat-kategorien","8":"product_cat-living-libations-deutschland","9":"product_cat-marken","10":"product_cat-perfumes-de","11":"product_cat-produkte","12":"product_tag-perfume-de","13":"pa_brand-livinglibations-de","14":"pa_fragrances-product-type-for-her-de-2","15":"pa_fragrances-product-type-perfumes-de","16":"pa_gtin-7439657369360-de","17":"pa_size-30-ml-de","18":"pa_size-5-ml-de","20":"first","21":"instock","22":"taxable","23":"shipping-taxable","24":"purchasable","25":"product-type-variable"},"bundled_by":[],"bundle_stock_status":"instock","bundle_stock_quantity":null,"bundle_virtual":false,"bundle_layout":"","bundle_add_to_cart_form_location":"","bundle_editable_in_cart":false,"bundle_sold_individually_context":"","bundle_item_grouping":"","bundle_min_size":"","bundle_max_size":"","bundle_price":[],"bundled_items":[],"bundle_sell_ids":[],"atum_controlled":true,"out_stock_date":null,"out_stock_threshold":null,"inheritable":true,"stock_on_hold":1,"sold_today":0,"sales_last_days":0,"out_stock_days":0,"lost_sales":0,"update_date":"2026-04-14T10:20:11","atum_locations":[],"atum_stock_status":"instock","restock_status":false,"low_stock_amount":"","sales_update_date":"2026-04-14T10:20:11","calc_backorders":null,"group_of_quantity":0,"min_quantity":0,"max_quantity":"","exclude_order_quantity_value_rules":"no","exclude_category_quantity_rules":"no","combine_variations":"no","yoast_head":"<!-- This site is optimized with the Yoast SEO Premium plugin v26.5 (Yoast SEO v26.5) - https:\/\/yoast.com\/wordpress\/plugins\/seo\/ -->\n<title>Petal Perfume - Being Free is Lots of Fun | Living libations<\/title>\n<meta name=\"description\" content=\"Frisch und blumig mit sonnigen Zitrust\u00f6nen, Being Free is Lots of Fun Petal Parf\u00fcm ruft in jedem eine lebendige Freude hervor!\" \/>\n<meta name=\"robots\" content=\"index, follow, max-snippet:-1, max-image-preview:large, max-video-preview:-1\" \/>\n<link rel=\"canonical\" href=\"https:\/\/dutchhealthstore.com\/de\/product\/petal-perfume-being-free-is-lots-of-fun\/\" \/>\n<meta property=\"og:locale\" content=\"de_DE\" \/>\n<meta property=\"og:type\" content=\"article\" \/>\n<meta property=\"og:title\" content=\"Petal Perfume - Being Free is Lots of Fun - Dutch Health Store\" \/>\n<meta property=\"og:description\" content=\"Frisch und blumig mit sonnigen Zitrust\u00f6nen, Being Free is Lots of Fun Petal Parf\u00fcm ruft in jedem eine lebendige Freude hervor!\" \/>\n<meta property=\"og:url\" content=\"https:\/\/dutchhealthstore.com\/de\/product\/petal-perfume-being-free-is-lots-of-fun\/\" \/>\n<meta property=\"og:site_name\" content=\"Dutch Health Store\" \/>\n<meta property=\"article:publisher\" content=\"https:\/\/www.instagram.com\/dutchhealthstore\/\" \/>\n<meta property=\"article:modified_time\" content=\"2026-03-24T08:35:02+00:00\" \/>\n<meta property=\"og:image\" content=\"https:\/\/dutchhealthstore.com\/wp-content\/uploads\/2020\/05\/ll-petal-perfume-being-free-30ml.jpg\" \/>\n\t<meta property=\"og:image:width\" content=\"526\" \/>\n\t<meta property=\"og:image:height\" content=\"526\" \/>\n\t<meta property=\"og:image:type\" content=\"image\/jpeg\" \/>\n<meta name=\"twitter:card\" content=\"summary_large_image\" \/>\n<meta name=\"twitter:label1\" content=\"Verf\u00fcgbarkeit\" \/>\n\t<meta name=\"twitter:data1\" content=\"Auf Lager\" \/>\n<script type=\"application\/ld+json\" class=\"yoast-schema-graph\">{\"@context\":\"https:\/\/schema.org\",\"@graph\":[{\"@type\":\"WebPage\",\"@id\":\"https:\/\/dutchhealthstore.com\/de\/product\/petal-perfume-being-free-is-lots-of-fun\/\",\"url\":\"https:\/\/dutchhealthstore.com\/de\/product\/petal-perfume-being-free-is-lots-of-fun\/\",\"name\":\"Petal Perfume - Being Free is Lots of Fun | Living libations\",\"isPartOf\":{\"@id\":\"https:\/\/dutchhealthstore.com\/de\/#website\"},\"primaryImageOfPage\":{\"@id\":\"https:\/\/dutchhealthstore.com\/de\/product\/petal-perfume-being-free-is-lots-of-fun\/#primaryimage\"},\"image\":{\"@id\":\"https:\/\/dutchhealthstore.com\/de\/product\/petal-perfume-being-free-is-lots-of-fun\/#primaryimage\"},\"thumbnailUrl\":\"https:\/\/dutchhealthstore.com\/wp-content\/uploads\/2020\/05\/ll-petal-perfume-being-free-30ml.jpg\",\"datePublished\":\"2020-05-26T11:41:45+00:00\",\"dateModified\":\"2026-03-24T08:35:02+00:00\",\"description\":\"Frisch und blumig mit sonnigen Zitrust\u00f6nen, Being Free is Lots of Fun Petal Parf\u00fcm ruft in jedem eine lebendige Freude hervor!\",\"breadcrumb\":{\"@id\":\"https:\/\/dutchhealthstore.com\/de\/product\/petal-perfume-being-free-is-lots-of-fun\/#breadcrumb\"},\"inLanguage\":\"de\",\"potentialAction\":[{\"@type\":\"ReadAction\",\"target\":[\"https:\/\/dutchhealthstore.com\/de\/product\/petal-perfume-being-free-is-lots-of-fun\/\"]}]},{\"@type\":\"ImageObject\",\"inLanguage\":\"de\",\"@id\":\"https:\/\/dutchhealthstore.com\/de\/product\/petal-perfume-being-free-is-lots-of-fun\/#primaryimage\",\"url\":\"https:\/\/dutchhealthstore.com\/wp-content\/uploads\/2020\/05\/ll-petal-perfume-being-free-30ml.jpg\",\"contentUrl\":\"https:\/\/dutchhealthstore.com\/wp-content\/uploads\/2020\/05\/ll-petal-perfume-being-free-30ml.jpg\",\"width\":526,\"height\":526,\"caption\":\"ll-petal-perfume-being-free-30ml\"},{\"@type\":\"BreadcrumbList\",\"@id\":\"https:\/\/dutchhealthstore.com\/de\/product\/petal-perfume-being-free-is-lots-of-fun\/#breadcrumb\",\"itemListElement\":[{\"@type\":\"ListItem\",\"position\":1,\"name\":\"Home\",\"item\":\"https:\/\/dutchhealthstore.com\/de\/\"},{\"@type\":\"ListItem\",\"position\":2,\"name\":\"Shop\",\"item\":\"https:\/\/dutchhealthstore.com\/de\/shop-2\/\"},{\"@type\":\"ListItem\",\"position\":3,\"name\":\"Petal Perfume &#8211; Being Free is Lots of Fun\"}]},{\"@type\":\"WebSite\",\"@id\":\"https:\/\/dutchhealthstore.com\/de\/#website\",\"url\":\"https:\/\/dutchhealthstore.com\/de\/\",\"name\":\"Dutch Health Store\",\"description\":\"Enhance Your Beauty with Organic &amp; Natural Skincare\",\"publisher\":{\"@id\":\"https:\/\/dutchhealthstore.com\/de\/#organization\"},\"potentialAction\":[{\"@type\":\"SearchAction\",\"target\":{\"@type\":\"EntryPoint\",\"urlTemplate\":\"https:\/\/dutchhealthstore.com\/de\/?s={search_term_string}\"},\"query-input\":{\"@type\":\"PropertyValueSpecification\",\"valueRequired\":true,\"valueName\":\"search_term_string\"}}],\"inLanguage\":\"de\"},{\"@type\":\"Organization\",\"@id\":\"https:\/\/dutchhealthstore.com\/de\/#organization\",\"name\":\"Dutch Health Store\",\"url\":\"https:\/\/dutchhealthstore.com\/de\/\",\"logo\":{\"@type\":\"ImageObject\",\"inLanguage\":\"de\",\"@id\":\"https:\/\/dutchhealthstore.com\/de\/#\/schema\/logo\/image\/\",\"url\":\"https:\/\/dutchhealthstore.com\/wp-content\/uploads\/2020\/08\/logo-dutchhealthstore-jpg-e1599484957574.jpg\",\"contentUrl\":\"https:\/\/dutchhealthstore.com\/wp-content\/uploads\/2020\/08\/logo-dutchhealthstore-jpg-e1599484957574.jpg\",\"width\":400,\"height\":62,\"caption\":\"Dutch Health Store\"},\"image\":{\"@id\":\"https:\/\/dutchhealthstore.com\/de\/#\/schema\/logo\/image\/\"},\"sameAs\":[\"https:\/\/www.instagram.com\/dutchhealthstore\/\",\"https:\/\/www.facebook.com\/dutchhealthstore\"]}]}<\/script>\n<meta property=\"product:brand\" content=\"Living Libations\" \/>\n<meta property=\"og:availability\" content=\"instock\" \/>\n<meta property=\"product:availability\" content=\"instock\" \/>\n<meta property=\"product:condition\" content=\"new\" \/>\n<!-- \/ Yoast SEO Premium plugin. -->","yoast_head_json":{"title":"Petal Perfume - Being Free is Lots of Fun | Living libations","description":"Frisch und blumig mit sonnigen Zitrust\u00f6nen, Being Free is Lots of Fun Petal Parf\u00fcm ruft in jedem eine lebendige Freude hervor!","robots":{"index":"index","follow":"follow","max-snippet":"max-snippet:-1","max-image-preview":"max-image-preview:large","max-video-preview":"max-video-preview:-1"},"canonical":"https:\/\/dutchhealthstore.com\/de\/product\/petal-perfume-being-free-is-lots-of-fun\/","og_locale":"de_DE","og_type":"article","og_title":"Petal Perfume - Being Free is Lots of Fun - Dutch Health Store","og_description":"Frisch und blumig mit sonnigen Zitrust\u00f6nen, Being Free is Lots of Fun Petal Parf\u00fcm ruft in jedem eine lebendige Freude hervor!","og_url":"https:\/\/dutchhealthstore.com\/de\/product\/petal-perfume-being-free-is-lots-of-fun\/","og_site_name":"Dutch Health Store","article_publisher":"https:\/\/www.instagram.com\/dutchhealthstore\/","article_modified_time":"2026-03-24T08:35:02+00:00","og_image":[{"width":526,"height":526,"url":"https:\/\/dutchhealthstore.com\/wp-content\/uploads\/2020\/05\/ll-petal-perfume-being-free-30ml.jpg","type":"image\/jpeg"}],"twitter_card":"summary_large_image","twitter_misc":{"Verf\u00fcgbarkeit":"Auf Lager"},"schema":{"@context":"https:\/\/schema.org","@graph":[{"@type":"WebPage","@id":"https:\/\/dutchhealthstore.com\/de\/product\/petal-perfume-being-free-is-lots-of-fun\/","url":"https:\/\/dutchhealthstore.com\/de\/product\/petal-perfume-being-free-is-lots-of-fun\/","name":"Petal Perfume - Being Free is Lots of Fun | Living libations","isPartOf":{"@id":"https:\/\/dutchhealthstore.com\/de\/#website"},"primaryImageOfPage":{"@id":"https:\/\/dutchhealthstore.com\/de\/product\/petal-perfume-being-free-is-lots-of-fun\/#primaryimage"},"image":{"@id":"https:\/\/dutchhealthstore.com\/de\/product\/petal-perfume-being-free-is-lots-of-fun\/#primaryimage"},"thumbnailUrl":"https:\/\/dutchhealthstore.com\/wp-content\/uploads\/2020\/05\/ll-petal-perfume-being-free-30ml.jpg","datePublished":"2020-05-26T11:41:45+00:00","dateModified":"2026-03-24T08:35:02+00:00","description":"Frisch und blumig mit sonnigen Zitrust\u00f6nen, Being Free is Lots of Fun Petal Parf\u00fcm ruft in jedem eine lebendige Freude hervor!","breadcrumb":{"@id":"https:\/\/dutchhealthstore.com\/de\/product\/petal-perfume-being-free-is-lots-of-fun\/#breadcrumb"},"inLanguage":"de","potentialAction":[{"@type":"ReadAction","target":["https:\/\/dutchhealthstore.com\/de\/product\/petal-perfume-being-free-is-lots-of-fun\/"]}]},{"@type":"ImageObject","inLanguage":"de","@id":"https:\/\/dutchhealthstore.com\/de\/product\/petal-perfume-being-free-is-lots-of-fun\/#primaryimage","url":"https:\/\/dutchhealthstore.com\/wp-content\/uploads\/2020\/05\/ll-petal-perfume-being-free-30ml.jpg","contentUrl":"https:\/\/dutchhealthstore.com\/wp-content\/uploads\/2020\/05\/ll-petal-perfume-being-free-30ml.jpg","width":526,"height":526,"caption":"ll-petal-perfume-being-free-30ml"},{"@type":"BreadcrumbList","@id":"https:\/\/dutchhealthstore.com\/de\/product\/petal-perfume-being-free-is-lots-of-fun\/#breadcrumb","itemListElement":[{"@type":"ListItem","position":1,"name":"Home","item":"https:\/\/dutchhealthstore.com\/de\/"},{"@type":"ListItem","position":2,"name":"Shop","item":"https:\/\/dutchhealthstore.com\/de\/shop-2\/"},{"@type":"ListItem","position":3,"name":"Petal Perfume &#8211; Being Free is Lots of Fun"}]},{"@type":"WebSite","@id":"https:\/\/dutchhealthstore.com\/de\/#website","url":"https:\/\/dutchhealthstore.com\/de\/","name":"Dutch Health Store","description":"Enhance Your Beauty with Organic &amp; Natural Skincare","publisher":{"@id":"https:\/\/dutchhealthstore.com\/de\/#organization"},"potentialAction":[{"@type":"SearchAction","target":{"@type":"EntryPoint","urlTemplate":"https:\/\/dutchhealthstore.com\/de\/?s={search_term_string}"},"query-input":{"@type":"PropertyValueSpecification","valueRequired":true,"valueName":"search_term_string"}}],"inLanguage":"de"},{"@type":"Organization","@id":"https:\/\/dutchhealthstore.com\/de\/#organization","name":"Dutch Health Store","url":"https:\/\/dutchhealthstore.com\/de\/","logo":{"@type":"ImageObject","inLanguage":"de","@id":"https:\/\/dutchhealthstore.com\/de\/#\/schema\/logo\/image\/","url":"https:\/\/dutchhealthstore.com\/wp-content\/uploads\/2020\/08\/logo-dutchhealthstore-jpg-e1599484957574.jpg","contentUrl":"https:\/\/dutchhealthstore.com\/wp-content\/uploads\/2020\/08\/logo-dutchhealthstore-jpg-e1599484957574.jpg","width":400,"height":62,"caption":"Dutch Health Store"},"image":{"@id":"https:\/\/dutchhealthstore.com\/de\/#\/schema\/logo\/image\/"},"sameAs":["https:\/\/www.instagram.com\/dutchhealthstore\/","https:\/\/www.facebook.com\/dutchhealthstore"]}]},"product_brand":"Living Libations","og_availability":"instock","product_availability":"instock","product_condition":"new"},"_links":{"self":[{"href":"https:\/\/dutchhealthstore.com\/de\/wp-json\/wp\/v2\/product\/103548","targetHints":{"allow":["GET"]}}],"collection":[{"href":"https:\/\/dutchhealthstore.com\/de\/wp-json\/wp\/v2\/product"}],"about":[{"href":"https:\/\/dutchhealthstore.com\/de\/wp-json\/wp\/v2\/types\/product"}],"replies":[{"embeddable":true,"href":"https:\/\/dutchhealthstore.com\/de\/wp-json\/wp\/v2\/comments?post=103548"}],"wp:featuredmedia":[{"embeddable":true,"href":"https:\/\/dutchhealthstore.com\/de\/wp-json\/wp\/v2\/media\/284400"}],"wp:attachment":[{"href":"https:\/\/dutchhealthstore.com\/de\/wp-json\/wp\/v2\/media?parent=103548"}],"wp:term":[{"taxonomy":"product_brand","embeddable":true,"href":"https:\/\/dutchhealthstore.com\/de\/wp-json\/wp\/v2\/product_brand?post=103548"},{"taxonomy":"product_cat","embeddable":true,"href":"https:\/\/dutchhealthstore.com\/de\/wp-json\/wp\/v2\/product_cat?post=103548"},{"taxonomy":"product_tag","embeddable":true,"href":"https:\/\/dutchhealthstore.com\/de\/wp-json\/wp\/v2\/product_tag?post=103548"}],"curies":[{"name":"wp","href":"https:\/\/api.w.org\/{rel}","templated":true}]}}