{"id":103505,"date":"2020-05-26T12:58:31","date_gmt":"2020-05-26T12:58:31","guid":{"rendered":"https:\/\/dutchhealthstore.com\/product\/petal-perfume-fawn-lily\/"},"modified":"2025-11-23T13:09:52","modified_gmt":"2025-11-23T12:09:52","slug":"petal-perfume-fawn-lily","status":"publish","type":"product","link":"https:\/\/dutchhealthstore.com\/de\/product\/petal-perfume-fawn-lily\/","title":{"rendered":"Petal Perfume &#8211; Fawn Lily"},"content":{"rendered":"<p><img decoding=\"async\" class=\"size-full wp-image-69549 alignright\" src=\"https:\/\/dutchhealthstore.com\/wp-content\/uploads\/2019\/08\/NEW-Living-Libations-Logo.jpg\" alt=\"NEW - Living Libations - Logo\" width=\"175\" height=\"82\"><\/p>\n<p>Mit dem \u00e4therischen Blumenbouquet aus Tuberosebl\u00fcten, Lindenbl\u00fcten, Kapkamilleknospen, Nerolibl\u00fcten, Ylangbl\u00fcten und Holunderbl\u00fcten salben Sie die Landschaft Ihres Seins mit  <strong>Fawn Lily Petal Perfume.<\/strong>  Dieser engelsgleiche Blumenstrau\u00df wird von einem Klecks lebendiger Vanilleschoten umh\u00fcllt und ist mit vereinzelten Ausbr\u00fcchen von Blutorange gesprenkelt. Der Eindruck ist ein lieblicher Duft, der den K\u00f6rper wie eine duftende Girlande aus reinen Blumenbl\u00fcten umh\u00fcllt. Himmlische Sph\u00e4ren von unendlicher Sch\u00f6nheit erf\u00fcllen Ihre Sinne, wenn dieses Parf\u00fcm auf Ihrem K\u00f6rper erbl\u00fcht und Sie mit jedem Hauch beschenkt.<\/p>\n<p>Der Duft von <strong>Fawn Lily Petal Parfum<\/strong> versetzt Sie zur\u00fcck in die ersten Strahlen der Morgend\u00e4mmerung, wenn sie vom Himmel fallen und jedes kostbare Bl\u00fctenblatt und jeden Grashalm in ein zartes Kleid aus durchscheinendem Licht h\u00fcllen. Zitrushaine erwachen zum herrlichen Duft von Neroli, w\u00e4hrend sich der Duft des graublauen Sonnenaufgangs spiralf\u00f6rmig immer weiter ausbreitet und jeder Strahl tief in den Nektar einer Bl\u00fcte nach der anderen eindringt. Holunderbeeren atmen ein nebliges mittelalterliches M\u00e4rchen, w\u00e4hrend Tuberose die Flammen des Herzens anfacht. W\u00e4hrend Blutorange den Garten dieses eleganten Parfums verzaubert, tanzen die Neroli-D\u00e4mpfe im Wind.<\/p>\n<h3>Instruktion<\/h3>\n<p>Tragen Sie tags\u00fcber oder nachts einen Spritzer auf Ihre Kleidung, Ihren Nacken, Ihr Haar oder Ihre Druckstellen auf. Dieser raffinierte Duft ist eine wunderbare M\u00f6glichkeit, R\u00e4ume zu beduften und kann \u00fcberallhin mitgenommen werden, um die Stimmung zu heben!<\/p>\n<p><strong>Gr\u00f6\u00dfe: 5 ml, 30 ml und 50 ml<\/strong><\/p>\n<h3 class=\"yikes-custom-woo-tab-title yikes-custom-woo-tab-title-natural-organic-ingredients\">Nat\u00fcrliche\/Organische Inhaltsstoffe<\/h3>\n<p><strong>Tuberose Bl\u00fctenbl\u00e4tter<\/strong> <em>(Polianthes tuberosa)<\/em> &#8211; Verlockende Tuberose ist eine der seltensten, begehrtesten Essenzen in der Welt f\u00fcr seine berauschende Honig-Blumen-Honig-Aroma, das auch einen frischen Hauch von Balsamico-Chypre verstr\u00f6mt. Benannt nach der r\u00f6hrenf\u00f6rmigen Form der Wurzeln der Tuberose-Pflanze, ist Tuberose Absolute in der ostindischen Legende als &#8222;Herrin der Nacht&#8220; wegen seiner starken Liebestrank-Eigenschaften bekannt. Dieses \u00d6l erzeugt einen schw\u00fclen, euphorischen Blumenduft, der in einigen der erlesensten Parf\u00fcms der Welt verwendet wird. Die Hawaiianer verwenden Tuberose nach wie vor, um duftende Blumen zu traditionellen hawaiianischen Blumenkr\u00e4nzen hinzuzuf\u00fcgen.<\/p>\n<p><strong>Lindenbl\u00fcten<\/strong><em> (Tilia vulgaris)<\/em> &#8211; Sch\u00f6ne Lindenbl\u00fcten s\u00fc\u00dfer blumiger, leicht gr\u00fcner Duft von Heu erinnert an einen idyllischen Junitag.<\/p>\n<p><strong>Kapkamillenbl\u00fcten<\/strong> <em>(Eriocephalus punctulatus)<\/em> &#8211; Der Genuss dieser sch\u00f6nen Bl\u00fcte ist ein herrliches Erlebnis. Living Libations Cape Chamomile verstr\u00f6mt Molek\u00fcle von hypnotisierendem Komfort und Pflege. Flauschige Blumen ist ein dampfdestilliertes \u00d6l von Blumenfeldern, die in S\u00fcdafrika angebaut werden und ein einzigartiges, liebliches, beerenartiges, \u00e4therisches Blumenaroma einfangen.<\/p>\n<p><strong>Neroli Blossoms<\/strong> <em>(Citrus aurantium)<\/em> &#8211; Anmutige Orangenbaumhaine bl\u00fchen mit den Bl\u00fcten dieses ambrosischen Duftes. Das destillierte \u00e4therische \u00d6l, Neroli, ist leicht und lieblich und die absolute Destillation ist ein luxuri\u00f6ser aromatischer Traum aus berauschenden Blumen und nuancierten Gr\u00fcnt\u00f6nen. Um diese exquisite Essenz herzustellen, werden 880 Pfund Bl\u00fcten geerntet, um ein Pfund \u00d6l zu gewinnen. Wenn es perfekt destilliert ist, bietet das Absolue eine viel reichere, geheimnisvollere Erfahrung als dampfdestilliertes Neroli f\u00fcr wissende Nasen. Dieser honigartige, schw\u00fcle Duft wird seit Jahrhunderten von Naturparf\u00fcmeuren und Blumenliebhabern liebevoll angewendet. Es ist unversch\u00e4mt, exotisch und wirklich sexy<\/p>\n<p><strong>Ylang<\/strong> <em>(Cananga odorata)<\/em> &#8211; Euphorischer Ylang ist eine amour\u00f6se Essenz, deren Name \u00fcbersetzt &#8222;Blume der Blumen&#8220; bedeutet. W\u00e4hrend andere schlafen, verstr\u00f6men diese bezaubernden Bl\u00fcten ihren exotischen Duft in einer tropischen Brise. Das s\u00fc\u00dfe und schw\u00fcle Ylang inspiriert die Sinne, indem es mit seinen Bl\u00fctenbl\u00e4ttern der duftenden Positivit\u00e4t Negativit\u00e4t vertreibt.<\/p>\n<p><strong>Holunderbl\u00fcte<\/strong><em> (Sambucus nigra)<\/em> &#8211; Die elegante Holunderbl\u00fcte segnet dieses Parf\u00fcm mit herb-gr\u00fcn-kirschigen Noten, die von dem seidigen Duft dunkler Schokolade durchtr\u00e4nkt werden.<\/p>\n<p><strong>Blutorange<\/strong> <em>(Citrus sinensis)<\/em> &#8211; Der sonnige Zitrusgeschmack der Blutorange harmonisiert aufgew\u00fchlte Gef\u00fchle und w\u00e4scht Sorgen weg. Atme Frohsinn ein und Dankbarkeit aus.<\/p>\n<p><strong>Vanilleschote<\/strong> <em>(Vanilla planifolia)<\/em> &#8211; Warme, reichhaltige Vanille h\u00fcllt die Sinne in eine s\u00fc\u00dfe, sinnliche Umarmung. Samtige Vanille l\u00e4sst Spannungen schmelzen und weckt den Wunsch zu spielen, spielen, spielen<\/p>\n<p><strong>Biologischer biodynamischer Alkohol<\/strong> &#8211; Biologischer biodynamischer Alkohol dient als Tr\u00e4ger f\u00fcr unsere petal perfumes und forest colognes, so dass jede Pflanze m\u00fchelos aromatische Wunder auf der Haut vollbringen kann. Dieser biologische, biodynamische Alkohol ist von h\u00f6chster Qualit\u00e4t und wird dreifach gefiltert, um seine Reinheit zu gew\u00e4hrleisten. Er wird aus zertifizierten biologischen Trauben hergestellt und unabh\u00e4ngig getestet, um sicherzustellen, dass er den Standards der United States Pharmacopeia (USP) f\u00fcr reinen, biologischen Alkohol pharmazeutischer Qualit\u00e4t entspricht.<\/p>\n<p><img fetchpriority=\"high\" decoding=\"async\" class=\"size-medium wp-image-68103 aligncenter\" src=\"https:\/\/dutchhealthstore.com\/wp-content\/uploads\/2018\/02\/Living-Libations-Organic-Logo-800x89.png\" alt=\"Living Libations - Organic Logo\" width=\"800\" height=\"89\" srcset=\"https:\/\/dutchhealthstore.com\/wp-content\/uploads\/2018\/02\/Living-Libations-Organic-Logo-800x89.png 800w, https:\/\/dutchhealthstore.com\/wp-content\/uploads\/2018\/02\/Living-Libations-Organic-Logo-510x57.png 510w, https:\/\/dutchhealthstore.com\/wp-content\/uploads\/2018\/02\/Living-Libations-Organic-Logo-768x85.png 768w, https:\/\/dutchhealthstore.com\/wp-content\/uploads\/2018\/02\/Living-Libations-Organic-Logo.png 1400w\" sizes=\"(max-width: 800px) 100vw, 800px\" \/><\/p>\n<p>&nbsp;<\/p>\n","protected":false},"excerpt":{"rendered":"<p>Salben Sie die Landschaft Ihres K\u00f6rpers mit dem Living Libations Fawn Lily petal perfume, einer blumigen Mischung aus Tuberosenbl\u00fcten, Lindenbl\u00fcten, Kap-Kamille-Knospen, Nerolibl\u00fcten, Ylang-Bl\u00fcten und Holunderbl\u00fcten.<\/p>\n<p>Das engelsgleiche Bukett wird von vereinzelten Ausbr\u00fcchen von Blutorange durchzogen und von einem Hauch lebendiger Vanilleschoten umh\u00fcllt.<\/p>\n","protected":false},"featured_media":284267,"comment_status":"open","ping_status":"closed","template":"","meta":[],"product_brand":[],"product_cat":[6700,1032,1493,1210,6819,511],"product_tag":[6740],"class_list":{"0":"post-103505","1":"product","2":"type-product","3":"status-publish","4":"has-post-thumbnail","6":"product_cat-fragrances-de","7":"product_cat-kategorien","8":"product_cat-living-libations-deutschland","9":"product_cat-marken","10":"product_cat-perfumes-de","11":"product_cat-produkte","12":"product_tag-perfume-de","13":"pa_brand-livinglibations-de","14":"pa_fragrances-product-type-for-her-de-2","15":"pa_fragrances-product-type-perfumes-de","16":"pa_gtin-7439657369377-de","17":"pa_size-5-ml-de","18":"pa_size-30-ml-de","19":"pa_size-50-ml-de","21":"first","22":"instock","23":"taxable","24":"shipping-taxable","25":"purchasable","26":"product-type-variable"},"bundled_by":[],"bundle_stock_status":"instock","bundle_stock_quantity":null,"bundle_virtual":false,"bundle_layout":"","bundle_add_to_cart_form_location":"","bundle_editable_in_cart":false,"bundle_sold_individually_context":"","bundle_item_grouping":"","bundle_min_size":"","bundle_max_size":"","bundle_price":[],"bundled_items":[],"bundle_sell_ids":[],"atum_controlled":true,"out_stock_date":null,"out_stock_threshold":null,"inheritable":true,"stock_on_hold":0,"sold_today":0,"sales_last_days":0,"out_stock_days":0,"lost_sales":0,"update_date":"2026-04-13T00:04:03","atum_locations":[],"atum_stock_status":"instock","restock_status":false,"low_stock_amount":"","sales_update_date":"2026-04-13T00:04:03","calc_backorders":null,"group_of_quantity":0,"min_quantity":0,"max_quantity":"","exclude_order_quantity_value_rules":"no","exclude_category_quantity_rules":"no","combine_variations":"no","yoast_head":"<!-- This site is optimized with the Yoast SEO Premium plugin v26.5 (Yoast SEO v26.5) - https:\/\/yoast.com\/wordpress\/plugins\/seo\/ -->\n<title>Petal Perfume - Fawn Lily | Living Libations<\/title>\n<meta name=\"description\" content=\"Das engelsgleiche Bukett wird von vereinzelten Ausbr\u00fcchen von Blutorange durchzogen und von einem Hauch lebendiger Vanilleschoten umh\u00fcllt.\" \/>\n<meta name=\"robots\" content=\"index, follow, max-snippet:-1, max-image-preview:large, max-video-preview:-1\" \/>\n<link rel=\"canonical\" href=\"https:\/\/dutchhealthstore.com\/de\/product\/petal-perfume-fawn-lily\/\" \/>\n<meta property=\"og:locale\" content=\"de_DE\" \/>\n<meta property=\"og:type\" content=\"article\" \/>\n<meta property=\"og:title\" content=\"Petal Perfume - Fawn Lily - Dutch Health Store\" \/>\n<meta property=\"og:description\" content=\"Das engelsgleiche Bukett wird von vereinzelten Ausbr\u00fcchen von Blutorange durchzogen und von einem Hauch lebendiger Vanilleschoten umh\u00fcllt.\" \/>\n<meta property=\"og:url\" content=\"https:\/\/dutchhealthstore.com\/de\/product\/petal-perfume-fawn-lily\/\" \/>\n<meta property=\"og:site_name\" content=\"Dutch Health Store\" \/>\n<meta property=\"article:publisher\" content=\"https:\/\/www.instagram.com\/dutchhealthstore\/\" \/>\n<meta property=\"article:modified_time\" content=\"2025-11-23T12:09:52+00:00\" \/>\n<meta property=\"og:image\" content=\"https:\/\/dutchhealthstore.com\/wp-content\/uploads\/2020\/05\/ll-fawn-lily-new.jpg\" \/>\n\t<meta property=\"og:image:width\" content=\"526\" \/>\n\t<meta property=\"og:image:height\" content=\"526\" \/>\n\t<meta property=\"og:image:type\" content=\"image\/jpeg\" \/>\n<meta name=\"twitter:card\" content=\"summary_large_image\" \/>\n<meta name=\"twitter:label1\" content=\"Verf\u00fcgbarkeit\" \/>\n\t<meta name=\"twitter:data1\" content=\"Auf Lager\" \/>\n<script type=\"application\/ld+json\" class=\"yoast-schema-graph\">{\"@context\":\"https:\/\/schema.org\",\"@graph\":[{\"@type\":\"WebPage\",\"@id\":\"https:\/\/dutchhealthstore.com\/de\/product\/petal-perfume-fawn-lily\/\",\"url\":\"https:\/\/dutchhealthstore.com\/de\/product\/petal-perfume-fawn-lily\/\",\"name\":\"Petal Perfume - Fawn Lily | Living Libations\",\"isPartOf\":{\"@id\":\"https:\/\/dutchhealthstore.com\/de\/#website\"},\"primaryImageOfPage\":{\"@id\":\"https:\/\/dutchhealthstore.com\/de\/product\/petal-perfume-fawn-lily\/#primaryimage\"},\"image\":{\"@id\":\"https:\/\/dutchhealthstore.com\/de\/product\/petal-perfume-fawn-lily\/#primaryimage\"},\"thumbnailUrl\":\"https:\/\/dutchhealthstore.com\/wp-content\/uploads\/2020\/05\/ll-fawn-lily-new.jpg\",\"datePublished\":\"2020-05-26T12:58:31+00:00\",\"dateModified\":\"2025-11-23T12:09:52+00:00\",\"description\":\"Das engelsgleiche Bukett wird von vereinzelten Ausbr\u00fcchen von Blutorange durchzogen und von einem Hauch lebendiger Vanilleschoten umh\u00fcllt.\",\"breadcrumb\":{\"@id\":\"https:\/\/dutchhealthstore.com\/de\/product\/petal-perfume-fawn-lily\/#breadcrumb\"},\"inLanguage\":\"de\",\"potentialAction\":[{\"@type\":\"ReadAction\",\"target\":[\"https:\/\/dutchhealthstore.com\/de\/product\/petal-perfume-fawn-lily\/\"]}]},{\"@type\":\"ImageObject\",\"inLanguage\":\"de\",\"@id\":\"https:\/\/dutchhealthstore.com\/de\/product\/petal-perfume-fawn-lily\/#primaryimage\",\"url\":\"https:\/\/dutchhealthstore.com\/wp-content\/uploads\/2020\/05\/ll-fawn-lily-new.jpg\",\"contentUrl\":\"https:\/\/dutchhealthstore.com\/wp-content\/uploads\/2020\/05\/ll-fawn-lily-new.jpg\",\"width\":526,\"height\":526,\"caption\":\"ll-fawn-lily-new\"},{\"@type\":\"BreadcrumbList\",\"@id\":\"https:\/\/dutchhealthstore.com\/de\/product\/petal-perfume-fawn-lily\/#breadcrumb\",\"itemListElement\":[{\"@type\":\"ListItem\",\"position\":1,\"name\":\"Home\",\"item\":\"https:\/\/dutchhealthstore.com\/de\/\"},{\"@type\":\"ListItem\",\"position\":2,\"name\":\"Shop\",\"item\":\"https:\/\/dutchhealthstore.com\/de\/shop-2\/\"},{\"@type\":\"ListItem\",\"position\":3,\"name\":\"Petal Perfume &#8211; Fawn Lily\"}]},{\"@type\":\"WebSite\",\"@id\":\"https:\/\/dutchhealthstore.com\/de\/#website\",\"url\":\"https:\/\/dutchhealthstore.com\/de\/\",\"name\":\"Dutch Health Store\",\"description\":\"Enhance Your Beauty with Organic &amp; Natural Skincare\",\"publisher\":{\"@id\":\"https:\/\/dutchhealthstore.com\/de\/#organization\"},\"potentialAction\":[{\"@type\":\"SearchAction\",\"target\":{\"@type\":\"EntryPoint\",\"urlTemplate\":\"https:\/\/dutchhealthstore.com\/de\/?s={search_term_string}\"},\"query-input\":{\"@type\":\"PropertyValueSpecification\",\"valueRequired\":true,\"valueName\":\"search_term_string\"}}],\"inLanguage\":\"de\"},{\"@type\":\"Organization\",\"@id\":\"https:\/\/dutchhealthstore.com\/de\/#organization\",\"name\":\"Dutch Health Store\",\"url\":\"https:\/\/dutchhealthstore.com\/de\/\",\"logo\":{\"@type\":\"ImageObject\",\"inLanguage\":\"de\",\"@id\":\"https:\/\/dutchhealthstore.com\/de\/#\/schema\/logo\/image\/\",\"url\":\"https:\/\/dutchhealthstore.com\/wp-content\/uploads\/2020\/08\/logo-dutchhealthstore-jpg-e1599484957574.jpg\",\"contentUrl\":\"https:\/\/dutchhealthstore.com\/wp-content\/uploads\/2020\/08\/logo-dutchhealthstore-jpg-e1599484957574.jpg\",\"width\":400,\"height\":62,\"caption\":\"Dutch Health Store\"},\"image\":{\"@id\":\"https:\/\/dutchhealthstore.com\/de\/#\/schema\/logo\/image\/\"},\"sameAs\":[\"https:\/\/www.instagram.com\/dutchhealthstore\/\",\"https:\/\/www.facebook.com\/dutchhealthstore\"]}]}<\/script>\n<meta property=\"product:brand\" content=\"Living Libations\" \/>\n<meta property=\"og:availability\" content=\"instock\" \/>\n<meta property=\"product:availability\" content=\"instock\" \/>\n<meta property=\"product:condition\" content=\"new\" \/>\n<!-- \/ Yoast SEO Premium plugin. -->","yoast_head_json":{"title":"Petal Perfume - Fawn Lily | Living Libations","description":"Das engelsgleiche Bukett wird von vereinzelten Ausbr\u00fcchen von Blutorange durchzogen und von einem Hauch lebendiger Vanilleschoten umh\u00fcllt.","robots":{"index":"index","follow":"follow","max-snippet":"max-snippet:-1","max-image-preview":"max-image-preview:large","max-video-preview":"max-video-preview:-1"},"canonical":"https:\/\/dutchhealthstore.com\/de\/product\/petal-perfume-fawn-lily\/","og_locale":"de_DE","og_type":"article","og_title":"Petal Perfume - Fawn Lily - Dutch Health Store","og_description":"Das engelsgleiche Bukett wird von vereinzelten Ausbr\u00fcchen von Blutorange durchzogen und von einem Hauch lebendiger Vanilleschoten umh\u00fcllt.","og_url":"https:\/\/dutchhealthstore.com\/de\/product\/petal-perfume-fawn-lily\/","og_site_name":"Dutch Health Store","article_publisher":"https:\/\/www.instagram.com\/dutchhealthstore\/","article_modified_time":"2025-11-23T12:09:52+00:00","og_image":[{"width":526,"height":526,"url":"https:\/\/dutchhealthstore.com\/wp-content\/uploads\/2020\/05\/ll-fawn-lily-new.jpg","type":"image\/jpeg"}],"twitter_card":"summary_large_image","twitter_misc":{"Verf\u00fcgbarkeit":"Auf Lager"},"schema":{"@context":"https:\/\/schema.org","@graph":[{"@type":"WebPage","@id":"https:\/\/dutchhealthstore.com\/de\/product\/petal-perfume-fawn-lily\/","url":"https:\/\/dutchhealthstore.com\/de\/product\/petal-perfume-fawn-lily\/","name":"Petal Perfume - Fawn Lily | Living Libations","isPartOf":{"@id":"https:\/\/dutchhealthstore.com\/de\/#website"},"primaryImageOfPage":{"@id":"https:\/\/dutchhealthstore.com\/de\/product\/petal-perfume-fawn-lily\/#primaryimage"},"image":{"@id":"https:\/\/dutchhealthstore.com\/de\/product\/petal-perfume-fawn-lily\/#primaryimage"},"thumbnailUrl":"https:\/\/dutchhealthstore.com\/wp-content\/uploads\/2020\/05\/ll-fawn-lily-new.jpg","datePublished":"2020-05-26T12:58:31+00:00","dateModified":"2025-11-23T12:09:52+00:00","description":"Das engelsgleiche Bukett wird von vereinzelten Ausbr\u00fcchen von Blutorange durchzogen und von einem Hauch lebendiger Vanilleschoten umh\u00fcllt.","breadcrumb":{"@id":"https:\/\/dutchhealthstore.com\/de\/product\/petal-perfume-fawn-lily\/#breadcrumb"},"inLanguage":"de","potentialAction":[{"@type":"ReadAction","target":["https:\/\/dutchhealthstore.com\/de\/product\/petal-perfume-fawn-lily\/"]}]},{"@type":"ImageObject","inLanguage":"de","@id":"https:\/\/dutchhealthstore.com\/de\/product\/petal-perfume-fawn-lily\/#primaryimage","url":"https:\/\/dutchhealthstore.com\/wp-content\/uploads\/2020\/05\/ll-fawn-lily-new.jpg","contentUrl":"https:\/\/dutchhealthstore.com\/wp-content\/uploads\/2020\/05\/ll-fawn-lily-new.jpg","width":526,"height":526,"caption":"ll-fawn-lily-new"},{"@type":"BreadcrumbList","@id":"https:\/\/dutchhealthstore.com\/de\/product\/petal-perfume-fawn-lily\/#breadcrumb","itemListElement":[{"@type":"ListItem","position":1,"name":"Home","item":"https:\/\/dutchhealthstore.com\/de\/"},{"@type":"ListItem","position":2,"name":"Shop","item":"https:\/\/dutchhealthstore.com\/de\/shop-2\/"},{"@type":"ListItem","position":3,"name":"Petal Perfume &#8211; Fawn Lily"}]},{"@type":"WebSite","@id":"https:\/\/dutchhealthstore.com\/de\/#website","url":"https:\/\/dutchhealthstore.com\/de\/","name":"Dutch Health Store","description":"Enhance Your Beauty with Organic &amp; Natural Skincare","publisher":{"@id":"https:\/\/dutchhealthstore.com\/de\/#organization"},"potentialAction":[{"@type":"SearchAction","target":{"@type":"EntryPoint","urlTemplate":"https:\/\/dutchhealthstore.com\/de\/?s={search_term_string}"},"query-input":{"@type":"PropertyValueSpecification","valueRequired":true,"valueName":"search_term_string"}}],"inLanguage":"de"},{"@type":"Organization","@id":"https:\/\/dutchhealthstore.com\/de\/#organization","name":"Dutch Health Store","url":"https:\/\/dutchhealthstore.com\/de\/","logo":{"@type":"ImageObject","inLanguage":"de","@id":"https:\/\/dutchhealthstore.com\/de\/#\/schema\/logo\/image\/","url":"https:\/\/dutchhealthstore.com\/wp-content\/uploads\/2020\/08\/logo-dutchhealthstore-jpg-e1599484957574.jpg","contentUrl":"https:\/\/dutchhealthstore.com\/wp-content\/uploads\/2020\/08\/logo-dutchhealthstore-jpg-e1599484957574.jpg","width":400,"height":62,"caption":"Dutch Health Store"},"image":{"@id":"https:\/\/dutchhealthstore.com\/de\/#\/schema\/logo\/image\/"},"sameAs":["https:\/\/www.instagram.com\/dutchhealthstore\/","https:\/\/www.facebook.com\/dutchhealthstore"]}]},"product_brand":"Living Libations","og_availability":"instock","product_availability":"instock","product_condition":"new"},"_links":{"self":[{"href":"https:\/\/dutchhealthstore.com\/de\/wp-json\/wp\/v2\/product\/103505","targetHints":{"allow":["GET"]}}],"collection":[{"href":"https:\/\/dutchhealthstore.com\/de\/wp-json\/wp\/v2\/product"}],"about":[{"href":"https:\/\/dutchhealthstore.com\/de\/wp-json\/wp\/v2\/types\/product"}],"replies":[{"embeddable":true,"href":"https:\/\/dutchhealthstore.com\/de\/wp-json\/wp\/v2\/comments?post=103505"}],"wp:featuredmedia":[{"embeddable":true,"href":"https:\/\/dutchhealthstore.com\/de\/wp-json\/wp\/v2\/media\/284267"}],"wp:attachment":[{"href":"https:\/\/dutchhealthstore.com\/de\/wp-json\/wp\/v2\/media?parent=103505"}],"wp:term":[{"taxonomy":"product_brand","embeddable":true,"href":"https:\/\/dutchhealthstore.com\/de\/wp-json\/wp\/v2\/product_brand?post=103505"},{"taxonomy":"product_cat","embeddable":true,"href":"https:\/\/dutchhealthstore.com\/de\/wp-json\/wp\/v2\/product_cat?post=103505"},{"taxonomy":"product_tag","embeddable":true,"href":"https:\/\/dutchhealthstore.com\/de\/wp-json\/wp\/v2\/product_tag?post=103505"}],"curies":[{"name":"wp","href":"https:\/\/api.w.org\/{rel}","templated":true}]}}