{"id":103298,"date":"2020-05-25T09:30:54","date_gmt":"2020-05-25T09:30:54","guid":{"rendered":"https:\/\/dutchhealthstore.com\/product\/petal-perfume-moccasin-flower\/"},"modified":"2026-03-23T14:00:41","modified_gmt":"2026-03-23T13:00:41","slug":"petal-perfume-moccasin-flower","status":"publish","type":"product","link":"https:\/\/dutchhealthstore.com\/de\/product\/petal-perfume-moccasin-flower\/","title":{"rendered":"Petal Perfume &#8211; Moccasin Flower"},"content":{"rendered":"<h3><img decoding=\"async\" class=\"size-full wp-image-69549 alignright\" src=\"https:\/\/dutchhealthstore.com\/wp-content\/uploads\/2019\/08\/NEW-Living-Libations-Logo.jpg\" alt=\"NEW - Living Libations - Logo\" width=\"175\" height=\"82\">Beschreibung des Duftes<\/h3>\n<p>Dieses Bl\u00fctenparf\u00fcm ist ein Strahl der Morgend\u00e4mmerung mit balsamischen Zistrosen-Noten, die auf das Aroma des holzigen Waldbodens von Vetiver treffen. Diese frischen, moosigen Bernsteinnoten durchtr\u00e4nken die hier und da eingestreuten Ylang- und Jasminbl\u00fcten und verspr\u00fchen eine Sinnlichkeit, die an harzige, warme Winde erinnert.<\/p>\n<p>Das Vergn\u00fcgen an diesem entz\u00fcckenden Parf\u00fcmjuwel ist die authentische Art und Weise, wie es die lieblichen Qualit\u00e4ten von Ylang in Verbindung mit wild bl\u00fchendem Jasmin offenbart, der zun\u00e4chst leise, dann aber bei Hautkontakt ganz ungeniert Lust darauf macht, sich umzudrehen und das zu tun, was man gerade getan hat, und zwar noch einmal&#8230;<\/p>\n<p>Entfesseln Sie Ihre innere Freude und lassen Sie Ihren Mokassins freien Lauf, w\u00e4hrend Sie mit Freude Abenteuer erleben!<\/p>\n<h3>Use<\/h3>\n<p>Auf die Brust, den Hals oder die Pulspunkte spr\u00fchen. Dieser Duft sorgt f\u00fcr einen frischen Blick auf den Tag und weckt Ihren inneren Abenteurer. Versorgen Sie Ihren Raum mit einer warmen Brise, die den ganzen Tag \u00fcber duftet.<\/p>\n<p><strong>Gr\u00f6\u00dfe: 5 ml, 30 ml und 50 ml<\/strong><\/p>\n<h3 class=\"yikes-custom-woo-tab-title yikes-custom-woo-tab-title-natural-organic-ingredients\">Nat\u00fcrliche\/Organische Inhaltsstoffe<\/h3>\n<p><strong>Zistrose<\/strong> <em>(Cistus ladaniferus)<\/em> &#8211; Auffrischung Die Zistrose ist weder ein Stein noch eine Rose, sondern eine mediterrane Wildblume, die Wildrosen \u00e4hnelt. Die harzigen Ambernoten der Zistrose wecken die Sinne in einem krautigen und strahlend warmen Angebot. Beruhigend und erhebend, steigert die Zistrose die Emotionen und macht jeden Anblick, jeden Geruch, jedes Ger\u00e4usch und jede Ber\u00fchrung zu einer Einladung, tiefer in den gegenw\u00e4rtigen Moment einzutauchen.<\/p>\n<p><strong>Ylang<\/strong><em> (Cananga odorata)<\/em> &#8211; Euphorischer Ylang ist eine amour\u00f6se Essenz, deren Name \u00fcbersetzt &#8222;Blume der Blumen&#8220; bedeutet. W\u00e4hrend andere schlafen, verstr\u00f6men diese bezaubernden Bl\u00fcten ihren exotischen Duft in einer tropischen Brise. Das s\u00fc\u00dfe und schw\u00fcle Ylang inspiriert die Sinne, indem es mit seinen Bl\u00fctenbl\u00e4ttern der duftenden Positivit\u00e4t Negativit\u00e4t vertreibt.<\/p>\n<p><strong>Vetiver<\/strong> <em>( Vetiveria zizanioides)<\/em> &#8211; Gr\u00fcner Vetiver ist ein vollmundiger, erdiger Duftstoff, der f\u00fcr seine verwurzelten Kr\u00e4fte der Erneuerung bekannt ist. Der vollmundige Duft von Vetiver bindet Energie und umh\u00fcllt den K\u00f6rper mit erdiger Leidenschaft.<\/p>\n<p><strong>Silbertanne<\/strong><em> (Abies alba)<\/em> &#8211; Die Silbertanne verleiht der Mokassinbl\u00fcte holzige Noten von funkelndem Immergr\u00fcn. Die scharfe und verspielte Wei\u00dftanne hebt den Geist und st\u00e4rkt den Verstand. Diese Essenz bietet ein Gef\u00fchl von Sicherheit, Motivation und Inspiration.<\/p>\n<p><strong>Jasmin Sambac<\/strong> <em>(Jasminum sambac)<\/em> &#8211; Saftiger Jasmine wird in Indien aus den duftenden Tiefen der nachtbl\u00fchenden Jasmin-Sambac-Bl\u00fcten gewonnen. Im Gegensatz zum Jasmin grandiflorum, der seine Bl\u00fctenbl\u00e4tter der Morgend\u00e4mmerung \u00f6ffnet, verbindet sich Jasmin Sambac mit dem Geheimnis des Mondes und der Sterne und f\u00e4ngt die duftende Essenz endloser warmer N\u00e4chte ein.<\/p>\n<p><strong>Blutorange<\/strong><em> ( Citrus sinensis)<\/em> &#8211; Der sonnige Zitrusgeschmack der Blutorange harmonisiert aufgew\u00fchlte Gef\u00fchle und w\u00e4scht Sorgen weg. Atme Frohsinn ein und Dankbarkeit aus.<\/p>\n<p><strong>Biologischer biodynamischer Alkohol<\/strong> &#8211; Biologischer biodynamischer Alkohol dient als Tr\u00e4ger f\u00fcr unsere petal perfumes und forest colognes, so dass jede Pflanze m\u00fchelos aromatische Wunder auf der Haut vollbringen kann. Dieser biologische, biodynamische Alkohol ist von h\u00f6chster Qualit\u00e4t und wird dreifach gefiltert, um seine Reinheit zu gew\u00e4hrleisten. Er wird aus zertifizierten biologischen Trauben hergestellt und unabh\u00e4ngig getestet, um sicherzustellen, dass er den Standards der United States Pharmacopeia (USP) f\u00fcr reinen, biologischen Alkohol pharmazeutischer Qualit\u00e4t entspricht.<\/p>\n<p style=\"text-align: center;\">&#8222;Heute Morgen in die Sonne hinausgehen<\/p>\n<p style=\"text-align: center;\">Reite auf den diamantenen Wellen, kleiner Liebling<\/p>\n<p style=\"text-align: center;\">Warmer Wind streichelt sie<\/p>\n<p style=\"text-align: center;\">Ihr Liebhaber, wie es scheint&#8220;<\/p>\n<p style=\"text-align: center;\">~ Heart, <strong>Dreamboat Annie<\/strong><\/p>\n<p><img fetchpriority=\"high\" decoding=\"async\" class=\"size-medium wp-image-68103 aligncenter\" src=\"https:\/\/dutchhealthstore.com\/wp-content\/uploads\/2018\/02\/Living-Libations-Organic-Logo-800x89.png\" alt=\"Living Libations - Organic Logo\" width=\"800\" height=\"89\" srcset=\"https:\/\/dutchhealthstore.com\/wp-content\/uploads\/2018\/02\/Living-Libations-Organic-Logo-800x89.png 800w, https:\/\/dutchhealthstore.com\/wp-content\/uploads\/2018\/02\/Living-Libations-Organic-Logo-510x57.png 510w, https:\/\/dutchhealthstore.com\/wp-content\/uploads\/2018\/02\/Living-Libations-Organic-Logo-768x85.png 768w, https:\/\/dutchhealthstore.com\/wp-content\/uploads\/2018\/02\/Living-Libations-Organic-Logo.png 1400w\" sizes=\"(max-width: 800px) 100vw, 800px\" \/><\/p>\n<p>&nbsp;<\/p>\n","protected":false},"excerpt":{"rendered":"<p><strong>Moccasin Flower<\/strong> ist ein Parf\u00fcm von Skippy Wood Nymph, das einen Strau\u00df voller Abenteuer f\u00fcr Ihren K\u00f6cher erbl\u00fchen l\u00e4sst.<br \/>\nTauchen Sie ein in Bernsteinnoten von frischer, duftender Erde, w\u00e4hrend Sie \u00fcber den gr\u00fcnen Reichtum der Natur nachdenken, w\u00e4hrend s\u00fc\u00dfe, sinnliche Bl\u00fcten mit Nektarnoten funkeln, die Sie wie der warme Wind umschmeicheln.<\/p>\n<p>Dieser reichhaltige Duft aus Zistrose, Ylang, Vetiver, Wei\u00dftanne, Jasmin und einem Hauch von Orange bringt den Fr\u00fchling in Ihren Schritt und Freude in Ihre Reise.<\/p>\n","protected":false},"featured_media":284318,"comment_status":"open","ping_status":"closed","template":"","meta":[],"product_brand":[],"product_cat":[6700,1032,1493,1210,6819,511],"product_tag":[21667,21809,21819,6740],"class_list":{"0":"post-103298","1":"product","2":"type-product","3":"status-publish","4":"has-post-thumbnail","6":"product_cat-fragrances-de","7":"product_cat-kategorien","8":"product_cat-living-libations-deutschland","9":"product_cat-marken","10":"product_cat-perfumes-de","11":"product_cat-produkte","12":"product_tag-aroma-de","13":"product_tag-natural-de","14":"product_tag-parfum","15":"product_tag-perfume-de","16":"pa_brand-livinglibations-de","17":"pa_fragrances-product-type-for-her-de-2","18":"pa_fragrances-product-type-perfumes-de","19":"pa_gtin-7439657368394-de","20":"pa_size-5-ml-de","21":"pa_size-30-ml-de","22":"pa_size-50-ml-de","24":"first","25":"instock","26":"taxable","27":"shipping-taxable","28":"purchasable","29":"product-type-variable"},"bundled_by":[],"bundle_stock_status":"instock","bundle_stock_quantity":null,"bundle_virtual":false,"bundle_layout":"","bundle_add_to_cart_form_location":"","bundle_editable_in_cart":false,"bundle_sold_individually_context":"","bundle_item_grouping":"","bundle_min_size":"","bundle_max_size":"","bundle_price":[],"bundled_items":[],"bundle_sell_ids":[],"atum_controlled":true,"out_stock_date":null,"out_stock_threshold":null,"inheritable":true,"stock_on_hold":1,"sold_today":0,"sales_last_days":1,"out_stock_days":0,"lost_sales":0,"update_date":"2026-04-07T13:50:18","atum_locations":[],"atum_stock_status":"instock","restock_status":false,"low_stock_amount":"","sales_update_date":"2026-04-07T13:50:18","calc_backorders":null,"group_of_quantity":0,"min_quantity":0,"max_quantity":"","exclude_order_quantity_value_rules":"no","exclude_category_quantity_rules":"no","combine_variations":"no","yoast_head":"<!-- This site is optimized with the Yoast SEO Premium plugin v26.5 (Yoast SEO v26.5) - https:\/\/yoast.com\/wordpress\/plugins\/seo\/ -->\n<title>Petal Perfume - Moccasin Flower | Living Libations<\/title>\n<meta name=\"description\" content=\"Living Libations Moccasin Flower ist ein spritziger Waldnymphen-Duft, der einen Strau\u00df voller Abenteuer f\u00fcr Ihren K\u00f6cher erbl\u00fchen l\u00e4sst.\" \/>\n<meta name=\"robots\" content=\"index, follow, max-snippet:-1, max-image-preview:large, max-video-preview:-1\" \/>\n<link rel=\"canonical\" href=\"https:\/\/dutchhealthstore.com\/de\/product\/petal-perfume-moccasin-flower\/\" \/>\n<meta property=\"og:locale\" content=\"de_DE\" \/>\n<meta property=\"og:type\" content=\"article\" \/>\n<meta property=\"og:title\" content=\"Petal Perfume - Moccasin Flower - Dutch Health Store\" \/>\n<meta property=\"og:description\" content=\"Living Libations Moccasin Flower ist ein spritziger Waldnymphen-Duft, der einen Strau\u00df voller Abenteuer f\u00fcr Ihren K\u00f6cher erbl\u00fchen l\u00e4sst.\" \/>\n<meta property=\"og:url\" content=\"https:\/\/dutchhealthstore.com\/de\/product\/petal-perfume-moccasin-flower\/\" \/>\n<meta property=\"og:site_name\" content=\"Dutch Health Store\" \/>\n<meta property=\"article:publisher\" content=\"https:\/\/www.instagram.com\/dutchhealthstore\/\" \/>\n<meta property=\"article:modified_time\" content=\"2026-03-23T13:00:41+00:00\" \/>\n<meta property=\"og:image\" content=\"https:\/\/dutchhealthstore.com\/wp-content\/uploads\/2020\/05\/ll-petal-perfume-moccasin-30ml.jpg\" \/>\n\t<meta property=\"og:image:width\" content=\"526\" \/>\n\t<meta property=\"og:image:height\" content=\"526\" \/>\n\t<meta property=\"og:image:type\" content=\"image\/jpeg\" \/>\n<meta name=\"twitter:card\" content=\"summary_large_image\" \/>\n<meta name=\"twitter:label1\" content=\"Verf\u00fcgbarkeit\" \/>\n\t<meta name=\"twitter:data1\" content=\"Auf Lager\" \/>\n<script type=\"application\/ld+json\" class=\"yoast-schema-graph\">{\"@context\":\"https:\/\/schema.org\",\"@graph\":[{\"@type\":\"WebPage\",\"@id\":\"https:\/\/dutchhealthstore.com\/de\/product\/petal-perfume-moccasin-flower\/\",\"url\":\"https:\/\/dutchhealthstore.com\/de\/product\/petal-perfume-moccasin-flower\/\",\"name\":\"Petal Perfume - Moccasin Flower | Living Libations\",\"isPartOf\":{\"@id\":\"https:\/\/dutchhealthstore.com\/de\/#website\"},\"primaryImageOfPage\":{\"@id\":\"https:\/\/dutchhealthstore.com\/de\/product\/petal-perfume-moccasin-flower\/#primaryimage\"},\"image\":{\"@id\":\"https:\/\/dutchhealthstore.com\/de\/product\/petal-perfume-moccasin-flower\/#primaryimage\"},\"thumbnailUrl\":\"https:\/\/dutchhealthstore.com\/wp-content\/uploads\/2020\/05\/ll-petal-perfume-moccasin-30ml.jpg\",\"datePublished\":\"2020-05-25T09:30:54+00:00\",\"dateModified\":\"2026-03-23T13:00:41+00:00\",\"description\":\"Living Libations Moccasin Flower ist ein spritziger Waldnymphen-Duft, der einen Strau\u00df voller Abenteuer f\u00fcr Ihren K\u00f6cher erbl\u00fchen l\u00e4sst.\",\"breadcrumb\":{\"@id\":\"https:\/\/dutchhealthstore.com\/de\/product\/petal-perfume-moccasin-flower\/#breadcrumb\"},\"inLanguage\":\"de\",\"potentialAction\":[{\"@type\":\"ReadAction\",\"target\":[\"https:\/\/dutchhealthstore.com\/de\/product\/petal-perfume-moccasin-flower\/\"]}]},{\"@type\":\"ImageObject\",\"inLanguage\":\"de\",\"@id\":\"https:\/\/dutchhealthstore.com\/de\/product\/petal-perfume-moccasin-flower\/#primaryimage\",\"url\":\"https:\/\/dutchhealthstore.com\/wp-content\/uploads\/2020\/05\/ll-petal-perfume-moccasin-30ml.jpg\",\"contentUrl\":\"https:\/\/dutchhealthstore.com\/wp-content\/uploads\/2020\/05\/ll-petal-perfume-moccasin-30ml.jpg\",\"width\":526,\"height\":526,\"caption\":\"ll-petal-perfume-moccasin-30ml\"},{\"@type\":\"BreadcrumbList\",\"@id\":\"https:\/\/dutchhealthstore.com\/de\/product\/petal-perfume-moccasin-flower\/#breadcrumb\",\"itemListElement\":[{\"@type\":\"ListItem\",\"position\":1,\"name\":\"Home\",\"item\":\"https:\/\/dutchhealthstore.com\/de\/\"},{\"@type\":\"ListItem\",\"position\":2,\"name\":\"Shop\",\"item\":\"https:\/\/dutchhealthstore.com\/de\/shop-2\/\"},{\"@type\":\"ListItem\",\"position\":3,\"name\":\"Petal Perfume &#8211; Moccasin Flower\"}]},{\"@type\":\"WebSite\",\"@id\":\"https:\/\/dutchhealthstore.com\/de\/#website\",\"url\":\"https:\/\/dutchhealthstore.com\/de\/\",\"name\":\"Dutch Health Store\",\"description\":\"Enhance Your Beauty with Organic &amp; Natural Skincare\",\"publisher\":{\"@id\":\"https:\/\/dutchhealthstore.com\/de\/#organization\"},\"potentialAction\":[{\"@type\":\"SearchAction\",\"target\":{\"@type\":\"EntryPoint\",\"urlTemplate\":\"https:\/\/dutchhealthstore.com\/de\/?s={search_term_string}\"},\"query-input\":{\"@type\":\"PropertyValueSpecification\",\"valueRequired\":true,\"valueName\":\"search_term_string\"}}],\"inLanguage\":\"de\"},{\"@type\":\"Organization\",\"@id\":\"https:\/\/dutchhealthstore.com\/de\/#organization\",\"name\":\"Dutch Health Store\",\"url\":\"https:\/\/dutchhealthstore.com\/de\/\",\"logo\":{\"@type\":\"ImageObject\",\"inLanguage\":\"de\",\"@id\":\"https:\/\/dutchhealthstore.com\/de\/#\/schema\/logo\/image\/\",\"url\":\"https:\/\/dutchhealthstore.com\/wp-content\/uploads\/2020\/08\/logo-dutchhealthstore-jpg-e1599484957574.jpg\",\"contentUrl\":\"https:\/\/dutchhealthstore.com\/wp-content\/uploads\/2020\/08\/logo-dutchhealthstore-jpg-e1599484957574.jpg\",\"width\":400,\"height\":62,\"caption\":\"Dutch Health Store\"},\"image\":{\"@id\":\"https:\/\/dutchhealthstore.com\/de\/#\/schema\/logo\/image\/\"},\"sameAs\":[\"https:\/\/www.instagram.com\/dutchhealthstore\/\",\"https:\/\/www.facebook.com\/dutchhealthstore\"]}]}<\/script>\n<meta property=\"product:brand\" content=\"Living Libations\" \/>\n<meta property=\"og:availability\" content=\"instock\" \/>\n<meta property=\"product:availability\" content=\"instock\" \/>\n<meta property=\"product:condition\" content=\"new\" \/>\n<!-- \/ Yoast SEO Premium plugin. -->","yoast_head_json":{"title":"Petal Perfume - Moccasin Flower | Living Libations","description":"Living Libations Moccasin Flower ist ein spritziger Waldnymphen-Duft, der einen Strau\u00df voller Abenteuer f\u00fcr Ihren K\u00f6cher erbl\u00fchen l\u00e4sst.","robots":{"index":"index","follow":"follow","max-snippet":"max-snippet:-1","max-image-preview":"max-image-preview:large","max-video-preview":"max-video-preview:-1"},"canonical":"https:\/\/dutchhealthstore.com\/de\/product\/petal-perfume-moccasin-flower\/","og_locale":"de_DE","og_type":"article","og_title":"Petal Perfume - Moccasin Flower - Dutch Health Store","og_description":"Living Libations Moccasin Flower ist ein spritziger Waldnymphen-Duft, der einen Strau\u00df voller Abenteuer f\u00fcr Ihren K\u00f6cher erbl\u00fchen l\u00e4sst.","og_url":"https:\/\/dutchhealthstore.com\/de\/product\/petal-perfume-moccasin-flower\/","og_site_name":"Dutch Health Store","article_publisher":"https:\/\/www.instagram.com\/dutchhealthstore\/","article_modified_time":"2026-03-23T13:00:41+00:00","og_image":[{"width":526,"height":526,"url":"https:\/\/dutchhealthstore.com\/wp-content\/uploads\/2020\/05\/ll-petal-perfume-moccasin-30ml.jpg","type":"image\/jpeg"}],"twitter_card":"summary_large_image","twitter_misc":{"Verf\u00fcgbarkeit":"Auf Lager"},"schema":{"@context":"https:\/\/schema.org","@graph":[{"@type":"WebPage","@id":"https:\/\/dutchhealthstore.com\/de\/product\/petal-perfume-moccasin-flower\/","url":"https:\/\/dutchhealthstore.com\/de\/product\/petal-perfume-moccasin-flower\/","name":"Petal Perfume - Moccasin Flower | Living Libations","isPartOf":{"@id":"https:\/\/dutchhealthstore.com\/de\/#website"},"primaryImageOfPage":{"@id":"https:\/\/dutchhealthstore.com\/de\/product\/petal-perfume-moccasin-flower\/#primaryimage"},"image":{"@id":"https:\/\/dutchhealthstore.com\/de\/product\/petal-perfume-moccasin-flower\/#primaryimage"},"thumbnailUrl":"https:\/\/dutchhealthstore.com\/wp-content\/uploads\/2020\/05\/ll-petal-perfume-moccasin-30ml.jpg","datePublished":"2020-05-25T09:30:54+00:00","dateModified":"2026-03-23T13:00:41+00:00","description":"Living Libations Moccasin Flower ist ein spritziger Waldnymphen-Duft, der einen Strau\u00df voller Abenteuer f\u00fcr Ihren K\u00f6cher erbl\u00fchen l\u00e4sst.","breadcrumb":{"@id":"https:\/\/dutchhealthstore.com\/de\/product\/petal-perfume-moccasin-flower\/#breadcrumb"},"inLanguage":"de","potentialAction":[{"@type":"ReadAction","target":["https:\/\/dutchhealthstore.com\/de\/product\/petal-perfume-moccasin-flower\/"]}]},{"@type":"ImageObject","inLanguage":"de","@id":"https:\/\/dutchhealthstore.com\/de\/product\/petal-perfume-moccasin-flower\/#primaryimage","url":"https:\/\/dutchhealthstore.com\/wp-content\/uploads\/2020\/05\/ll-petal-perfume-moccasin-30ml.jpg","contentUrl":"https:\/\/dutchhealthstore.com\/wp-content\/uploads\/2020\/05\/ll-petal-perfume-moccasin-30ml.jpg","width":526,"height":526,"caption":"ll-petal-perfume-moccasin-30ml"},{"@type":"BreadcrumbList","@id":"https:\/\/dutchhealthstore.com\/de\/product\/petal-perfume-moccasin-flower\/#breadcrumb","itemListElement":[{"@type":"ListItem","position":1,"name":"Home","item":"https:\/\/dutchhealthstore.com\/de\/"},{"@type":"ListItem","position":2,"name":"Shop","item":"https:\/\/dutchhealthstore.com\/de\/shop-2\/"},{"@type":"ListItem","position":3,"name":"Petal Perfume &#8211; Moccasin Flower"}]},{"@type":"WebSite","@id":"https:\/\/dutchhealthstore.com\/de\/#website","url":"https:\/\/dutchhealthstore.com\/de\/","name":"Dutch Health Store","description":"Enhance Your Beauty with Organic &amp; Natural Skincare","publisher":{"@id":"https:\/\/dutchhealthstore.com\/de\/#organization"},"potentialAction":[{"@type":"SearchAction","target":{"@type":"EntryPoint","urlTemplate":"https:\/\/dutchhealthstore.com\/de\/?s={search_term_string}"},"query-input":{"@type":"PropertyValueSpecification","valueRequired":true,"valueName":"search_term_string"}}],"inLanguage":"de"},{"@type":"Organization","@id":"https:\/\/dutchhealthstore.com\/de\/#organization","name":"Dutch Health Store","url":"https:\/\/dutchhealthstore.com\/de\/","logo":{"@type":"ImageObject","inLanguage":"de","@id":"https:\/\/dutchhealthstore.com\/de\/#\/schema\/logo\/image\/","url":"https:\/\/dutchhealthstore.com\/wp-content\/uploads\/2020\/08\/logo-dutchhealthstore-jpg-e1599484957574.jpg","contentUrl":"https:\/\/dutchhealthstore.com\/wp-content\/uploads\/2020\/08\/logo-dutchhealthstore-jpg-e1599484957574.jpg","width":400,"height":62,"caption":"Dutch Health Store"},"image":{"@id":"https:\/\/dutchhealthstore.com\/de\/#\/schema\/logo\/image\/"},"sameAs":["https:\/\/www.instagram.com\/dutchhealthstore\/","https:\/\/www.facebook.com\/dutchhealthstore"]}]},"product_brand":"Living Libations","og_availability":"instock","product_availability":"instock","product_condition":"new"},"_links":{"self":[{"href":"https:\/\/dutchhealthstore.com\/de\/wp-json\/wp\/v2\/product\/103298","targetHints":{"allow":["GET"]}}],"collection":[{"href":"https:\/\/dutchhealthstore.com\/de\/wp-json\/wp\/v2\/product"}],"about":[{"href":"https:\/\/dutchhealthstore.com\/de\/wp-json\/wp\/v2\/types\/product"}],"replies":[{"embeddable":true,"href":"https:\/\/dutchhealthstore.com\/de\/wp-json\/wp\/v2\/comments?post=103298"}],"wp:featuredmedia":[{"embeddable":true,"href":"https:\/\/dutchhealthstore.com\/de\/wp-json\/wp\/v2\/media\/284318"}],"wp:attachment":[{"href":"https:\/\/dutchhealthstore.com\/de\/wp-json\/wp\/v2\/media?parent=103298"}],"wp:term":[{"taxonomy":"product_brand","embeddable":true,"href":"https:\/\/dutchhealthstore.com\/de\/wp-json\/wp\/v2\/product_brand?post=103298"},{"taxonomy":"product_cat","embeddable":true,"href":"https:\/\/dutchhealthstore.com\/de\/wp-json\/wp\/v2\/product_cat?post=103298"},{"taxonomy":"product_tag","embeddable":true,"href":"https:\/\/dutchhealthstore.com\/de\/wp-json\/wp\/v2\/product_tag?post=103298"}],"curies":[{"name":"wp","href":"https:\/\/api.w.org\/{rel}","templated":true}]}}