{"id":103280,"date":"2020-05-25T07:11:35","date_gmt":"2020-05-25T05:11:35","guid":{"rendered":"https:\/\/dutchhealthstore.com\/product\/lemon-petitgrain-essential-oil\/"},"modified":"2025-12-23T09:30:24","modified_gmt":"2025-12-23T08:30:24","slug":"lemon-petitgrain-essential-oil","status":"publish","type":"product","link":"https:\/\/dutchhealthstore.com\/de\/product\/lemon-petitgrain-essential-oil\/","title":{"rendered":"Petitgrain, Lemon Essential Oil"},"content":{"rendered":"<p style=\"text-align: left;\"><img decoding=\"async\" class=\"size-full wp-image-69549 alignright\" src=\"https:\/\/dutchhealthstore.com\/wp-content\/uploads\/2019\/08\/NEW-Living-Libations-Logo.jpg\" alt=\"NEW - Living Libations - Logo\" width=\"175\" height=\"82\"><\/p>\n<p><strong>Botanischer Name:<\/strong> Citrus liomon petitgrain<br \/>\n<strong>Extraktionsverfahren:<\/strong> Dampfdestilliert<br \/>\n<strong>Destillierter Teil der Pflanze:<\/strong> Bl\u00e4tter und kleine Fr\u00fcchte<br \/>\n<strong>Herkunftsland:<\/strong> Italien<br \/>\n<strong>Anbaumethode:<\/strong> Bio<br \/>\n<strong>Konsistenz:<\/strong> D\u00fcnn<\/p>\n<h3>Beschreibung des Duftes<\/h3>\n<p>S\u00fc\u00dfe, saftige Zitrone mit frischen Noten von Blattgr\u00fcn.<\/p>\n<h3>Vertr\u00e4gt sich gut mit<\/h3>\n<p>Bergamotte, Lavendel, Ylang, Geranie, Weihrauch, Palmarosa, Rosenholz, Sandelholz, Neroli, Orangenbl\u00fcte absolut, Jasmin, Osterglocke, Rose, Oregano und Majoran.<\/p>\n<a href=\"https:\/\/dutchhealthstore.com\/wp-content\/uploads\/2020\/01\/ESSENTIAL-OIL-ANALYSIS-Lemon-Petitgrain-Essential-Oil-Living-Libations.pdf\" class=\"button primary is-primary is-small\"  >\n\t\t<span>Wesentliche \u00d6L-ANALYSE &gt;<\/span>\n\t<\/a>\n\n<h3>Verwendet<\/h3>\n<p>Das heitere Gem\u00fct dieser herrlichen Destillation ist eine Wohltat f\u00fcr jedes Bad, jede K\u00f6rperpflege oder Aromamischung. Perfekte Parfums mit den fr\u00f6hlichen Federn der Petitgrain, akzentuierte K\u00f6lnischwasser mit dem Stakkato der herben Zitrusnoten der Petitgrain. In Hautpflegeseren gegen Akne, Narben und Dehnungsstreifen mischen. Zerst\u00e4uben Sie den Duft, um Ihr Zuhause mit Gl\u00fcck zu erf\u00fcllen, und inhalieren Sie aus unserer Salzpfeife, um einen Hauch von Wunder zu erleben.<\/p>\n<p style=\"text-align: left;\"><strong>Lemon Petitgrain<\/strong> Essential Oil ist ein sonniger, blattgr\u00fcner Zitronentraum voller spritziger Pflanzenkraft! Diese seltene Petitgrain-Essenz wird aus den Bl\u00e4ttern und Zweigen des italienischen Zitronenbaums dampfdestilliert und ist ein starkes botanisch-biotisches Mittel. Das s\u00fc\u00dfe und saftige \u00d6l mit duftenden gr\u00fcnen Noten wird &#8211; wie alle Petitgrain-\u00d6le &#8211; aus den Bl\u00e4ttern und Zweigen der Pflanze gewonnen. Sie wachsen zwar getrennt von der Frucht, aber das Laub beh\u00e4lt die Essenz und die medizinischen Vorteile von frischen Zitrusfr\u00fcchten. Lemon Petitgrain verleiht nat\u00fcrlichen Parf\u00fcms s\u00fc\u00dfe, zitrus-gr\u00fcne Noten. Auf emotionaler Ebene wird es verwendet, um Traurigkeit und Kummer zu verarbeiten und enge Beziehungen zu st\u00e4rken.<\/p>\n<p>Der Neroli-Gehalt von Lemon Petitgrain ist sehr hoch (fast so viel Nerol wie im \u00e4therischen Neroli\u00f6l), was es zum sch\u00f6nsten Aroma aller Petitgrain-Destillationen macht. Diese aromatische Delikatesse bringt emotionale und geistige Leichtigkeit. Es ist ein optimales Aroma f\u00fcr die Heilung tief sitzender Emotionen, die ans Tageslicht gebracht werden wollen.<\/p>\n<p><strong>Gr\u00f6\u00dfe: 5 ml<\/strong><\/p>\n<h3>Bio-Zutaten<\/h3>\n<p>\u00c4therisches \u00d6l aus 100% Zitronen-Petitgrain (Citrus liomon petitgrain).<\/p>\n<p style=\"text-align: center;\"><em>&#8222;Der Geist der Petitgrain verk\u00f6rpert eine sanfte St\u00e4rke, die in schwierigen Zeiten zu positiven Entschl\u00fcssen und Ergebnissen ermutigt. Er erm\u00f6glicht es uns, nach vorne zu schauen und eine Verbindung zu unserer inneren Wahrheit herzustellen. Er hilft uns zu verstehen, dass in unserer pers\u00f6nlichen Wahrheit St\u00e4rke liegt.&#8220;<\/em><br \/>\n~ Valerie Ann Worwood, <strong>Aromatherapy for the Soul<\/strong><\/p>\n<p><img fetchpriority=\"high\" decoding=\"async\" class=\"size-medium wp-image-68103 aligncenter\" src=\"https:\/\/dutchhealthstore.com\/wp-content\/uploads\/2018\/02\/Living-Libations-Organic-Logo-800x89.png\" alt=\"Living Libations - Organic Logo\" width=\"800\" height=\"89\" srcset=\"https:\/\/dutchhealthstore.com\/wp-content\/uploads\/2018\/02\/Living-Libations-Organic-Logo-800x89.png 800w, https:\/\/dutchhealthstore.com\/wp-content\/uploads\/2018\/02\/Living-Libations-Organic-Logo-510x57.png 510w, https:\/\/dutchhealthstore.com\/wp-content\/uploads\/2018\/02\/Living-Libations-Organic-Logo-768x85.png 768w, https:\/\/dutchhealthstore.com\/wp-content\/uploads\/2018\/02\/Living-Libations-Organic-Logo.png 1400w\" sizes=\"(max-width: 800px) 100vw, 800px\" \/><\/p>\n","protected":false},"excerpt":{"rendered":"<p><strong>Lemon Petitgrain oil<\/strong> ist ein fester Bestandteil der Hautpflege und Sch\u00f6nheitspflege. Es kann zur Straffung und Reinigung der Haut, zum Ausgleich der Bakterien, die Ausbr\u00fcche verursachen, und als starkes Adstringens verwendet werden.<br \/>\nDas s\u00fc\u00dfe gr\u00fcn-zitrusartige Aroma der Lemon Petitgrain macht sie zu einer perfekten Erg\u00e4nzung f\u00fcr nat\u00fcrliche Parfums, Seren, Reinigungsmittel und K\u00f6rperpeelings.<\/p>\n","protected":false},"featured_media":102924,"comment_status":"open","ping_status":"closed","template":"","meta":[],"product_brand":[],"product_cat":[1508,1546,6737,1493,1210,6736],"product_tag":[1547],"class_list":{"0":"post-103280","1":"product","2":"type-product","3":"status-publish","4":"has-post-thumbnail","6":"product_cat-aetherische-oele-living-libations","7":"product_cat-essential-oils-living-libations-de","8":"product_cat-essential-oils-de-2","9":"product_cat-living-libations-deutschland","10":"product_cat-marken","11":"product_cat-wellness-de","12":"product_tag-essential-oil-de","13":"pa_brand-livinglibations-de","14":"pa_essential-oils-product-type-essential-oils-de","15":"pa_size-5-ml-de","17":"first","18":"instock","19":"taxable","20":"shipping-taxable","21":"purchasable","22":"product-type-simple"},"bundled_by":[],"bundle_stock_status":"instock","bundle_stock_quantity":2,"bundle_virtual":false,"bundle_layout":"","bundle_add_to_cart_form_location":"","bundle_editable_in_cart":false,"bundle_sold_individually_context":"","bundle_item_grouping":"","bundle_min_size":"","bundle_max_size":"","bundle_price":[],"bundled_items":[],"bundle_sell_ids":[],"atum_controlled":true,"out_stock_date":null,"out_stock_threshold":null,"inheritable":false,"stock_on_hold":0,"sold_today":0,"sales_last_days":0,"out_stock_days":0,"lost_sales":0,"update_date":"2026-04-30T07:03:23","atum_locations":[],"atum_stock_status":"instock","restock_status":false,"low_stock_amount":"","sales_update_date":"2026-04-30T07:03:23","calc_backorders":null,"group_of_quantity":0,"min_quantity":0,"max_quantity":"","exclude_order_quantity_value_rules":"no","exclude_category_quantity_rules":"no","combine_variations":"no","yoast_head":"<!-- This site is optimized with the Yoast SEO Premium plugin v26.5 (Yoast SEO v26.5) - https:\/\/yoast.com\/wordpress\/plugins\/seo\/ -->\n<title>Lemon Petitgrain Essential Oil | Living Libations<\/title>\n<meta name=\"description\" content=\"Das heitere Gem\u00fct dieser herrlichen Destillation ist eine Wohltat f\u00fcr jedes Bad, jede K\u00f6rperpflege oder Aromamischung.\" \/>\n<meta name=\"robots\" content=\"index, follow, max-snippet:-1, max-image-preview:large, max-video-preview:-1\" \/>\n<link rel=\"canonical\" href=\"https:\/\/dutchhealthstore.com\/de\/product\/lemon-petitgrain-essential-oil\/\" \/>\n<meta property=\"og:locale\" content=\"de_DE\" \/>\n<meta property=\"og:type\" content=\"article\" \/>\n<meta property=\"og:title\" content=\"Petitgrain, Lemon Essential Oil - Dutch Health Store\" \/>\n<meta property=\"og:description\" content=\"Das heitere Gem\u00fct dieser herrlichen Destillation ist eine Wohltat f\u00fcr jedes Bad, jede K\u00f6rperpflege oder Aromamischung.\" \/>\n<meta property=\"og:url\" content=\"https:\/\/dutchhealthstore.com\/de\/product\/lemon-petitgrain-essential-oil\/\" \/>\n<meta property=\"og:site_name\" content=\"Dutch Health Store\" \/>\n<meta property=\"article:publisher\" content=\"https:\/\/www.instagram.com\/dutchhealthstore\/\" \/>\n<meta property=\"article:modified_time\" content=\"2025-12-23T08:30:24+00:00\" \/>\n<meta property=\"og:image\" content=\"https:\/\/dutchhealthstore.com\/wp-content\/uploads\/2020\/05\/living-Libations-Lemon-Petitgrain-Essential-Oil.jpg\" \/>\n\t<meta property=\"og:image:width\" content=\"500\" \/>\n\t<meta property=\"og:image:height\" content=\"500\" \/>\n\t<meta property=\"og:image:type\" content=\"image\/jpeg\" \/>\n<meta name=\"twitter:card\" content=\"summary_large_image\" \/>\n<meta name=\"twitter:label1\" content=\"Preis\" \/>\n\t<meta name=\"twitter:data1\" content=\"&euro;25,00\" \/>\n\t<meta name=\"twitter:label2\" content=\"Verf\u00fcgbarkeit\" \/>\n\t<meta name=\"twitter:data2\" content=\"Auf Lager\" \/>\n<script type=\"application\/ld+json\" class=\"yoast-schema-graph\">{\"@context\":\"https:\/\/schema.org\",\"@graph\":[{\"@type\":\"WebPage\",\"@id\":\"https:\/\/dutchhealthstore.com\/de\/product\/lemon-petitgrain-essential-oil\/\",\"url\":\"https:\/\/dutchhealthstore.com\/de\/product\/lemon-petitgrain-essential-oil\/\",\"name\":\"Lemon Petitgrain Essential Oil | Living Libations\",\"isPartOf\":{\"@id\":\"https:\/\/dutchhealthstore.com\/de\/#website\"},\"primaryImageOfPage\":{\"@id\":\"https:\/\/dutchhealthstore.com\/de\/product\/lemon-petitgrain-essential-oil\/#primaryimage\"},\"image\":{\"@id\":\"https:\/\/dutchhealthstore.com\/de\/product\/lemon-petitgrain-essential-oil\/#primaryimage\"},\"thumbnailUrl\":\"https:\/\/dutchhealthstore.com\/wp-content\/uploads\/2020\/05\/living-Libations-Lemon-Petitgrain-Essential-Oil.jpg\",\"datePublished\":\"2020-05-25T05:11:35+00:00\",\"dateModified\":\"2025-12-23T08:30:24+00:00\",\"description\":\"Das heitere Gem\u00fct dieser herrlichen Destillation ist eine Wohltat f\u00fcr jedes Bad, jede K\u00f6rperpflege oder Aromamischung.\",\"breadcrumb\":{\"@id\":\"https:\/\/dutchhealthstore.com\/de\/product\/lemon-petitgrain-essential-oil\/#breadcrumb\"},\"inLanguage\":\"de\",\"potentialAction\":[{\"@type\":\"ReadAction\",\"target\":[\"https:\/\/dutchhealthstore.com\/de\/product\/lemon-petitgrain-essential-oil\/\"]}]},{\"@type\":\"ImageObject\",\"inLanguage\":\"de\",\"@id\":\"https:\/\/dutchhealthstore.com\/de\/product\/lemon-petitgrain-essential-oil\/#primaryimage\",\"url\":\"https:\/\/dutchhealthstore.com\/wp-content\/uploads\/2020\/05\/living-Libations-Lemon-Petitgrain-Essential-Oil.jpg\",\"contentUrl\":\"https:\/\/dutchhealthstore.com\/wp-content\/uploads\/2020\/05\/living-Libations-Lemon-Petitgrain-Essential-Oil.jpg\",\"width\":500,\"height\":500},{\"@type\":\"BreadcrumbList\",\"@id\":\"https:\/\/dutchhealthstore.com\/de\/product\/lemon-petitgrain-essential-oil\/#breadcrumb\",\"itemListElement\":[{\"@type\":\"ListItem\",\"position\":1,\"name\":\"Home\",\"item\":\"https:\/\/dutchhealthstore.com\/de\/\"},{\"@type\":\"ListItem\",\"position\":2,\"name\":\"Shop\",\"item\":\"https:\/\/dutchhealthstore.com\/de\/shop-2\/\"},{\"@type\":\"ListItem\",\"position\":3,\"name\":\"Petitgrain, Lemon Essential Oil\"}]},{\"@type\":\"WebSite\",\"@id\":\"https:\/\/dutchhealthstore.com\/de\/#website\",\"url\":\"https:\/\/dutchhealthstore.com\/de\/\",\"name\":\"Dutch Health Store\",\"description\":\"Enhance Your Beauty with Organic &amp; Natural Skincare\",\"publisher\":{\"@id\":\"https:\/\/dutchhealthstore.com\/de\/#organization\"},\"potentialAction\":[{\"@type\":\"SearchAction\",\"target\":{\"@type\":\"EntryPoint\",\"urlTemplate\":\"https:\/\/dutchhealthstore.com\/de\/?s={search_term_string}\"},\"query-input\":{\"@type\":\"PropertyValueSpecification\",\"valueRequired\":true,\"valueName\":\"search_term_string\"}}],\"inLanguage\":\"de\"},{\"@type\":\"Organization\",\"@id\":\"https:\/\/dutchhealthstore.com\/de\/#organization\",\"name\":\"Dutch Health Store\",\"url\":\"https:\/\/dutchhealthstore.com\/de\/\",\"logo\":{\"@type\":\"ImageObject\",\"inLanguage\":\"de\",\"@id\":\"https:\/\/dutchhealthstore.com\/de\/#\/schema\/logo\/image\/\",\"url\":\"https:\/\/dutchhealthstore.com\/wp-content\/uploads\/2020\/08\/logo-dutchhealthstore-jpg-e1599484957574.jpg\",\"contentUrl\":\"https:\/\/dutchhealthstore.com\/wp-content\/uploads\/2020\/08\/logo-dutchhealthstore-jpg-e1599484957574.jpg\",\"width\":400,\"height\":62,\"caption\":\"Dutch Health Store\"},\"image\":{\"@id\":\"https:\/\/dutchhealthstore.com\/de\/#\/schema\/logo\/image\/\"},\"sameAs\":[\"https:\/\/www.instagram.com\/dutchhealthstore\/\",\"https:\/\/www.facebook.com\/dutchhealthstore\"]}]}<\/script>\n<meta property=\"product:brand\" content=\"Living Libations\" \/>\n<meta property=\"product:price:amount\" content=\"25.00\" \/>\n<meta property=\"product:price:currency\" content=\"EUR\" \/>\n<meta property=\"og:availability\" content=\"instock\" \/>\n<meta property=\"product:availability\" content=\"instock\" \/>\n<meta property=\"product:condition\" content=\"new\" \/>\n<!-- \/ Yoast SEO Premium plugin. -->","yoast_head_json":{"title":"Lemon Petitgrain Essential Oil | Living Libations","description":"Das heitere Gem\u00fct dieser herrlichen Destillation ist eine Wohltat f\u00fcr jedes Bad, jede K\u00f6rperpflege oder Aromamischung.","robots":{"index":"index","follow":"follow","max-snippet":"max-snippet:-1","max-image-preview":"max-image-preview:large","max-video-preview":"max-video-preview:-1"},"canonical":"https:\/\/dutchhealthstore.com\/de\/product\/lemon-petitgrain-essential-oil\/","og_locale":"de_DE","og_type":"article","og_title":"Petitgrain, Lemon Essential Oil - Dutch Health Store","og_description":"Das heitere Gem\u00fct dieser herrlichen Destillation ist eine Wohltat f\u00fcr jedes Bad, jede K\u00f6rperpflege oder Aromamischung.","og_url":"https:\/\/dutchhealthstore.com\/de\/product\/lemon-petitgrain-essential-oil\/","og_site_name":"Dutch Health Store","article_publisher":"https:\/\/www.instagram.com\/dutchhealthstore\/","article_modified_time":"2025-12-23T08:30:24+00:00","og_image":[{"width":500,"height":500,"url":"https:\/\/dutchhealthstore.com\/wp-content\/uploads\/2020\/05\/living-Libations-Lemon-Petitgrain-Essential-Oil.jpg","type":"image\/jpeg"}],"twitter_card":"summary_large_image","twitter_misc":{"Preis":"&euro;25,00","Verf\u00fcgbarkeit":"Auf Lager"},"schema":{"@context":"https:\/\/schema.org","@graph":[{"@type":"WebPage","@id":"https:\/\/dutchhealthstore.com\/de\/product\/lemon-petitgrain-essential-oil\/","url":"https:\/\/dutchhealthstore.com\/de\/product\/lemon-petitgrain-essential-oil\/","name":"Lemon Petitgrain Essential Oil | Living Libations","isPartOf":{"@id":"https:\/\/dutchhealthstore.com\/de\/#website"},"primaryImageOfPage":{"@id":"https:\/\/dutchhealthstore.com\/de\/product\/lemon-petitgrain-essential-oil\/#primaryimage"},"image":{"@id":"https:\/\/dutchhealthstore.com\/de\/product\/lemon-petitgrain-essential-oil\/#primaryimage"},"thumbnailUrl":"https:\/\/dutchhealthstore.com\/wp-content\/uploads\/2020\/05\/living-Libations-Lemon-Petitgrain-Essential-Oil.jpg","datePublished":"2020-05-25T05:11:35+00:00","dateModified":"2025-12-23T08:30:24+00:00","description":"Das heitere Gem\u00fct dieser herrlichen Destillation ist eine Wohltat f\u00fcr jedes Bad, jede K\u00f6rperpflege oder Aromamischung.","breadcrumb":{"@id":"https:\/\/dutchhealthstore.com\/de\/product\/lemon-petitgrain-essential-oil\/#breadcrumb"},"inLanguage":"de","potentialAction":[{"@type":"ReadAction","target":["https:\/\/dutchhealthstore.com\/de\/product\/lemon-petitgrain-essential-oil\/"]}]},{"@type":"ImageObject","inLanguage":"de","@id":"https:\/\/dutchhealthstore.com\/de\/product\/lemon-petitgrain-essential-oil\/#primaryimage","url":"https:\/\/dutchhealthstore.com\/wp-content\/uploads\/2020\/05\/living-Libations-Lemon-Petitgrain-Essential-Oil.jpg","contentUrl":"https:\/\/dutchhealthstore.com\/wp-content\/uploads\/2020\/05\/living-Libations-Lemon-Petitgrain-Essential-Oil.jpg","width":500,"height":500},{"@type":"BreadcrumbList","@id":"https:\/\/dutchhealthstore.com\/de\/product\/lemon-petitgrain-essential-oil\/#breadcrumb","itemListElement":[{"@type":"ListItem","position":1,"name":"Home","item":"https:\/\/dutchhealthstore.com\/de\/"},{"@type":"ListItem","position":2,"name":"Shop","item":"https:\/\/dutchhealthstore.com\/de\/shop-2\/"},{"@type":"ListItem","position":3,"name":"Petitgrain, Lemon Essential Oil"}]},{"@type":"WebSite","@id":"https:\/\/dutchhealthstore.com\/de\/#website","url":"https:\/\/dutchhealthstore.com\/de\/","name":"Dutch Health Store","description":"Enhance Your Beauty with Organic &amp; Natural Skincare","publisher":{"@id":"https:\/\/dutchhealthstore.com\/de\/#organization"},"potentialAction":[{"@type":"SearchAction","target":{"@type":"EntryPoint","urlTemplate":"https:\/\/dutchhealthstore.com\/de\/?s={search_term_string}"},"query-input":{"@type":"PropertyValueSpecification","valueRequired":true,"valueName":"search_term_string"}}],"inLanguage":"de"},{"@type":"Organization","@id":"https:\/\/dutchhealthstore.com\/de\/#organization","name":"Dutch Health Store","url":"https:\/\/dutchhealthstore.com\/de\/","logo":{"@type":"ImageObject","inLanguage":"de","@id":"https:\/\/dutchhealthstore.com\/de\/#\/schema\/logo\/image\/","url":"https:\/\/dutchhealthstore.com\/wp-content\/uploads\/2020\/08\/logo-dutchhealthstore-jpg-e1599484957574.jpg","contentUrl":"https:\/\/dutchhealthstore.com\/wp-content\/uploads\/2020\/08\/logo-dutchhealthstore-jpg-e1599484957574.jpg","width":400,"height":62,"caption":"Dutch Health Store"},"image":{"@id":"https:\/\/dutchhealthstore.com\/de\/#\/schema\/logo\/image\/"},"sameAs":["https:\/\/www.instagram.com\/dutchhealthstore\/","https:\/\/www.facebook.com\/dutchhealthstore"]}]},"product_brand":"Living Libations","product_price_amount":"25.00","product_price_currency":"EUR","og_availability":"instock","product_availability":"instock","product_condition":"new"},"_links":{"self":[{"href":"https:\/\/dutchhealthstore.com\/de\/wp-json\/wp\/v2\/product\/103280","targetHints":{"allow":["GET"]}}],"collection":[{"href":"https:\/\/dutchhealthstore.com\/de\/wp-json\/wp\/v2\/product"}],"about":[{"href":"https:\/\/dutchhealthstore.com\/de\/wp-json\/wp\/v2\/types\/product"}],"replies":[{"embeddable":true,"href":"https:\/\/dutchhealthstore.com\/de\/wp-json\/wp\/v2\/comments?post=103280"}],"wp:featuredmedia":[{"embeddable":true,"href":"https:\/\/dutchhealthstore.com\/de\/wp-json\/wp\/v2\/media\/102924"}],"wp:attachment":[{"href":"https:\/\/dutchhealthstore.com\/de\/wp-json\/wp\/v2\/media?parent=103280"}],"wp:term":[{"taxonomy":"product_brand","embeddable":true,"href":"https:\/\/dutchhealthstore.com\/de\/wp-json\/wp\/v2\/product_brand?post=103280"},{"taxonomy":"product_cat","embeddable":true,"href":"https:\/\/dutchhealthstore.com\/de\/wp-json\/wp\/v2\/product_cat?post=103280"},{"taxonomy":"product_tag","embeddable":true,"href":"https:\/\/dutchhealthstore.com\/de\/wp-json\/wp\/v2\/product_tag?post=103280"}],"curies":[{"name":"wp","href":"https:\/\/api.w.org\/{rel}","templated":true}]}}