{"id":103248,"date":"2020-05-19T08:37:39","date_gmt":"2020-05-19T08:37:39","guid":{"rendered":"https:\/\/dutchhealthstore.com\/product\/yogi-tooth-serum\/"},"modified":"2026-03-20T16:51:19","modified_gmt":"2026-03-20T15:51:19","slug":"yogi-tooth-serum","status":"publish","type":"product","link":"https:\/\/dutchhealthstore.com\/de\/product\/yogi-tooth-serum\/","title":{"rendered":"Yogi Tooth Serum"},"content":{"rendered":"<p><img decoding=\"async\" class=\"alignright size-full wp-image-69549\" src=\"https:\/\/dutchhealthstore.com\/wp-content\/uploads\/2019\/08\/NEW-Living-Libations-Logo.jpg\" alt=\"NEW - Living Libations - Logo\" width=\"175\" height=\"82\"><\/p>\n<p>Living Libations Yogi Tooth Serum ist eine wirksame Kombination aus pflanzlichen Kraftpaketen, die Ihren Mund extrem frisch und sauber halten. Diese uralten vedischen Pflanzenstoffe sind die Geheimagenten der Yogis f\u00fcr die Mundpflege.<\/p>\n<p>Neem, die zentrale Essenz im Yogi-Zahnserum, ist im Sanskrit &#8222;arista&#8220;, ein Wort, das bedeutet: vollkommen, vollst\u00e4ndig und unverg\u00e4nglich. Neem, ein echtes Bitterkraut, wird in Indien und anderen s\u00fcdostasiatischen L\u00e4ndern seit Tausenden von Jahren in der Landwirtschaft, der Nahrungsmittellagerung sowie der Mund- und K\u00f6rperpflege verwendet. Neem alkalisiert den Mund und vertreibt Bakterien f\u00fcr schlechten Atem.<\/p>\n<p>\u00c4therische \u00d6le und superkritische Extrakte sind der Schl\u00fcssel zu unseren Living Libations-Rezepturen. Sie sind hochkonzentriert, und bei einigen unserer pflanzlichen Stoffe wird eine ganze Pflanze ben\u00f6tigt, um nur einen Tropfen \u00d6l zu erzeugen. Elemente wie der Mastix im Yogi-Zahnserum helfen, Zahnfleisch und Zunge zu beruhigen. Nelken und Zimt haben beeindruckende Eigenschaften zur Beseitigung von Bakterien, die schlechten Atem verursachen.<\/p>\n<h3>Use<\/h3>\n<p>W\u00e4hrend der Schwangerschaft zu vermeiden. Einen Tropfen in die Zahnb\u00fcrste, Zahnpasta oder Mundsp\u00fclung geben. Dieses Serum kann auch in das Zahnfleisch einmassiert werden, oder man gibt einfach einen Tropfen auf die Zahnseide, um die kleinen Zahnzwischenr\u00e4ume zu reinigen. Yogi Tooth Serum eignet sich hervorragend zur Verwendung mit unserem Neem Enamelizer und Truth Tooth Polish. F\u00fchren Sie die \u00fcbrigen Schritte der erfolgreichen Mundpflege durch.<\/p>\n<h3 class=\"yikes-custom-woo-tab-title yikes-custom-woo-tab-title-natural-organic-ingredients\">Nat\u00fcrliche\/Organische Inhaltsstoffe<\/h3>\n<p><strong>Neem-\u00d6l<\/strong> <em>(Asadirachta indica)<\/em> &#8211; In Sanskrit hei\u00dft das Wort f\u00fcr Neem &#8222;arista&#8220;, was \u00fcbersetzt &#8222;vollkommen, vollst\u00e4ndig und unverg\u00e4nglich&#8220; bedeutet und seit Tausenden von Jahren in der ayurvedischen Praxis verwendet wird. Neem und Ihre Zahnb\u00fcrste haben die Kr\u00e4fte eines Wunderzwillings f\u00fcr Ihren Mund. Dieses pflanzliche, wachsartige Wundermittel beseitigt Plaque und Zahnstein, poliert die Z\u00e4hne und l\u00e4sst Ihr L\u00e4cheln hell, sauber und wei\u00df erscheinen.<\/p>\n<p><b>Mastix <\/b><em>(Pistachia Ientiscus)<\/em> &#8211; Mastix ist eine dem Weihrauch \u00e4hnliche Harzart, die aus dem inneren Saft des Mastixbaums gewonnen wird und zur Beruhigung von Zahnfleisch, Zunge und Haut im Mund hilfreich ist. Es wird schon seit der griechischen Antike f\u00fcr die Mundpflege verwendet und hilft zusammen mit dem Z\u00e4hneputzen, Zahnbelag zu entfernen. Mastix enth\u00e4lt Pinen, Verbenon, Terpineol, Linalool, Myrcen, Pinen, Limonen und Caryophyllen. Wie alle \u00e4therischen \u00d6le beruht die Wirksamkeit des Mastix\u00f6ls auf der synergetischen Wirkung aller seiner Bestandteile.<\/p>\n<p><b>Kardamom <\/b><em>(Elettaria cardamomum) &#8211; <\/em>Der charismatische Kardamom l\u00e4sst den Atem stocken, strafft die Haut und ist ein optimales \u00d6l f\u00fcr die Mundpflege.<\/p>\n<p><strong>Zimtrinde<\/strong> <em>(Cinnamonum ceylanicum)<\/em> &#8211; Unser echtes Zimtrinden\u00f6l aus Madagaskar ist ein wirksamer Plaquereiniger und Atemerfrischer. Es ist ein klassisches Gew\u00fcrz, das auch noch gut schmeckt!<\/p>\n<p><strong>Cayenne<\/strong> <em>(Capsicum frutescens)<\/em> &#8211; Eine Prise des \u00fcberzeugenden Cayenne vertreibt schlechten Atem. Dieser superscharfe superkritische Extrakt reinigt Plaque mit seiner pikanten Potenz.<\/p>\n<p><strong>Nelken<\/strong><strong>knospe<\/strong> <em>(Eugenia carophyllata)<\/em> &#8211; Nelken\u00f6l erfrischt den Atem und ist seit der Antike eine optimale Wahl f\u00fcr die Mundpflege. Seine pflanzlichen Bestandteile Eugenol, Ester und Sesquiterpene bilden ein Kraftpaket f\u00fcr einen sauberen, frischen Mund.<\/p>\n<p><strong>Jojoba\u00f6l<\/strong> <em>(Simmondsia chinensis)<\/em> &#8211; Jojoba ist f\u00fcr seine unglaublichen Vorteile f\u00fcr die Haut bekannt, und es ist auch ein wichtiger Bestandteil der nat\u00fcrlichen Mundpflege. Die pflegenden Lipide von Jojoba beruhigen das Gewebe der Mundh\u00f6hle leicht.<\/p>\n<p><img fetchpriority=\"high\" decoding=\"async\" class=\"size-medium wp-image-68103 aligncenter\" src=\"https:\/\/dutchhealthstore.com\/wp-content\/uploads\/2018\/02\/Living-Libations-Organic-Logo-800x89.png\" alt=\"Living Libations - Organic Logo\" width=\"800\" height=\"89\" srcset=\"https:\/\/dutchhealthstore.com\/wp-content\/uploads\/2018\/02\/Living-Libations-Organic-Logo-800x89.png 800w, https:\/\/dutchhealthstore.com\/wp-content\/uploads\/2018\/02\/Living-Libations-Organic-Logo-510x57.png 510w, https:\/\/dutchhealthstore.com\/wp-content\/uploads\/2018\/02\/Living-Libations-Organic-Logo-768x85.png 768w, https:\/\/dutchhealthstore.com\/wp-content\/uploads\/2018\/02\/Living-Libations-Organic-Logo.png 1400w\" sizes=\"(max-width: 800px) 100vw, 800px\" \/><\/p>\n","protected":false},"excerpt":{"rendered":"<p>Neem, die zentrale Essenz im <strong>Yogi-Zahnserum<\/strong>, ist im Sanskrit &#8222;arista&#8220;, ein Wort, das bedeutet: vollkommen, vollst\u00e4ndig und unverg\u00e4nglich. Neem, ein echtes Bitterkraut, wird in Indien und anderen s\u00fcdostasiatischen L\u00e4ndern seit Tausenden von Jahren in der Landwirtschaft, der Nahrungsmittellagerung sowie der Mund- und K\u00f6rperpflege verwendet. Neem alkalisiert den Mund und vertreibt Bakterien f\u00fcr schlechten Atem.<\/p>\n","protected":false},"featured_media":101887,"comment_status":"open","ping_status":"closed","template":"","meta":[],"product_brand":[],"product_cat":[1032,1493,1210,511,1993,1992,1038],"product_tag":[4368,21810,21809,6037,21806],"class_list":{"0":"post-103248","1":"product","2":"type-product","3":"status-publish","4":"has-post-thumbnail","6":"product_cat-kategorien","7":"product_cat-living-libations-deutschland","8":"product_cat-marken","9":"product_cat-produkte","10":"product_cat-tooth-serums","11":"product_cat-dental-care-de","12":"product_cat-zahnpflege","13":"product_tag-dental-care-de","14":"product_tag-erfrischend","15":"product_tag-natural-de","16":"product_tag-serum-de","17":"product_tag-zahnfleisch","18":"pa_bestsellers-goed-de","19":"pa_brand-livinglibations-de","20":"pa_dental-care-product-type-gum-care-de","21":"pa_dental-care-product-type-tooth-serum-de","22":"pa_gtin-7439657368325-de","23":"pa_size-15-ml-de-2","24":"pa_size-30-ml-de","25":"pa_size-5-ml-de","27":"first","28":"instock","29":"taxable","30":"shipping-taxable","31":"purchasable","32":"product-type-variable","33":"has-default-attributes"},"bundled_by":[],"bundle_stock_status":"instock","bundle_stock_quantity":null,"bundle_virtual":false,"bundle_layout":"","bundle_add_to_cart_form_location":"","bundle_editable_in_cart":false,"bundle_sold_individually_context":"","bundle_item_grouping":"","bundle_min_size":"","bundle_max_size":"","bundle_price":[],"bundled_items":[],"bundle_sell_ids":[179401],"atum_controlled":true,"out_stock_date":null,"out_stock_threshold":null,"inheritable":true,"stock_on_hold":3,"sold_today":0,"sales_last_days":0,"out_stock_days":0,"lost_sales":0,"update_date":"2026-04-28T00:13:40","atum_locations":[],"atum_stock_status":"instock","restock_status":false,"low_stock_amount":"","sales_update_date":"2026-04-28T00:13:40","calc_backorders":null,"group_of_quantity":0,"min_quantity":0,"max_quantity":"","exclude_order_quantity_value_rules":"no","exclude_category_quantity_rules":"no","combine_variations":"no","yoast_head":"<!-- This site is optimized with the Yoast SEO Premium plugin v26.5 (Yoast SEO v26.5) - https:\/\/yoast.com\/wordpress\/plugins\/seo\/ -->\n<title>Yogi Tooth Serum | Living Libations<\/title>\n<meta name=\"description\" content=\"Living Libations Yogi Tooth Serum ist eine wirksame Kombination aus pflanzlichen Kraftpaketen, die Ihren Mund extrem frisch und sauber halten.\" \/>\n<meta name=\"robots\" content=\"index, follow, max-snippet:-1, max-image-preview:large, max-video-preview:-1\" \/>\n<link rel=\"canonical\" href=\"https:\/\/dutchhealthstore.com\/de\/product\/yogi-tooth-serum\/\" \/>\n<meta property=\"og:locale\" content=\"de_DE\" \/>\n<meta property=\"og:type\" content=\"article\" \/>\n<meta property=\"og:title\" content=\"Yogi Tooth Serum - Dutch Health Store\" \/>\n<meta property=\"og:description\" content=\"Living Libations Yogi Tooth Serum ist eine wirksame Kombination aus pflanzlichen Kraftpaketen, die Ihren Mund extrem frisch und sauber halten.\" \/>\n<meta property=\"og:url\" content=\"https:\/\/dutchhealthstore.com\/de\/product\/yogi-tooth-serum\/\" \/>\n<meta property=\"og:site_name\" content=\"Dutch Health Store\" \/>\n<meta property=\"article:publisher\" content=\"https:\/\/www.instagram.com\/dutchhealthstore\/\" \/>\n<meta property=\"article:modified_time\" content=\"2026-03-20T15:51:19+00:00\" \/>\n<meta property=\"og:image\" content=\"https:\/\/dutchhealthstore.com\/wp-content\/uploads\/2020\/05\/Living-Libatios-Yogi-Tooth-Serum-1.jpg\" \/>\n\t<meta property=\"og:image:width\" content=\"700\" \/>\n\t<meta property=\"og:image:height\" content=\"700\" \/>\n\t<meta property=\"og:image:type\" content=\"image\/jpeg\" \/>\n<meta name=\"twitter:card\" content=\"summary_large_image\" \/>\n<meta name=\"twitter:label1\" content=\"Verf\u00fcgbarkeit\" \/>\n\t<meta name=\"twitter:data1\" content=\"Auf Lager\" \/>\n<script type=\"application\/ld+json\" class=\"yoast-schema-graph\">{\"@context\":\"https:\/\/schema.org\",\"@graph\":[{\"@type\":\"WebPage\",\"@id\":\"https:\/\/dutchhealthstore.com\/de\/product\/yogi-tooth-serum\/\",\"url\":\"https:\/\/dutchhealthstore.com\/de\/product\/yogi-tooth-serum\/\",\"name\":\"Yogi Tooth Serum | Living Libations\",\"isPartOf\":{\"@id\":\"https:\/\/dutchhealthstore.com\/de\/#website\"},\"primaryImageOfPage\":{\"@id\":\"https:\/\/dutchhealthstore.com\/de\/product\/yogi-tooth-serum\/#primaryimage\"},\"image\":{\"@id\":\"https:\/\/dutchhealthstore.com\/de\/product\/yogi-tooth-serum\/#primaryimage\"},\"thumbnailUrl\":\"https:\/\/dutchhealthstore.com\/wp-content\/uploads\/2020\/05\/Living-Libatios-Yogi-Tooth-Serum-1.jpg\",\"datePublished\":\"2020-05-19T08:37:39+00:00\",\"dateModified\":\"2026-03-20T15:51:19+00:00\",\"description\":\"Living Libations Yogi Tooth Serum ist eine wirksame Kombination aus pflanzlichen Kraftpaketen, die Ihren Mund extrem frisch und sauber halten.\",\"breadcrumb\":{\"@id\":\"https:\/\/dutchhealthstore.com\/de\/product\/yogi-tooth-serum\/#breadcrumb\"},\"inLanguage\":\"de\",\"potentialAction\":[{\"@type\":\"ReadAction\",\"target\":[\"https:\/\/dutchhealthstore.com\/de\/product\/yogi-tooth-serum\/\"]}]},{\"@type\":\"ImageObject\",\"inLanguage\":\"de\",\"@id\":\"https:\/\/dutchhealthstore.com\/de\/product\/yogi-tooth-serum\/#primaryimage\",\"url\":\"https:\/\/dutchhealthstore.com\/wp-content\/uploads\/2020\/05\/Living-Libatios-Yogi-Tooth-Serum-1.jpg\",\"contentUrl\":\"https:\/\/dutchhealthstore.com\/wp-content\/uploads\/2020\/05\/Living-Libatios-Yogi-Tooth-Serum-1.jpg\",\"width\":700,\"height\":700,\"caption\":\"Living Libatios - Yogi Tooth Serum 1\"},{\"@type\":\"BreadcrumbList\",\"@id\":\"https:\/\/dutchhealthstore.com\/de\/product\/yogi-tooth-serum\/#breadcrumb\",\"itemListElement\":[{\"@type\":\"ListItem\",\"position\":1,\"name\":\"Home\",\"item\":\"https:\/\/dutchhealthstore.com\/de\/\"},{\"@type\":\"ListItem\",\"position\":2,\"name\":\"Shop\",\"item\":\"https:\/\/dutchhealthstore.com\/de\/shop-2\/\"},{\"@type\":\"ListItem\",\"position\":3,\"name\":\"Yogi Tooth Serum\"}]},{\"@type\":\"WebSite\",\"@id\":\"https:\/\/dutchhealthstore.com\/de\/#website\",\"url\":\"https:\/\/dutchhealthstore.com\/de\/\",\"name\":\"Dutch Health Store\",\"description\":\"Enhance Your Beauty with Organic &amp; Natural Skincare\",\"publisher\":{\"@id\":\"https:\/\/dutchhealthstore.com\/de\/#organization\"},\"potentialAction\":[{\"@type\":\"SearchAction\",\"target\":{\"@type\":\"EntryPoint\",\"urlTemplate\":\"https:\/\/dutchhealthstore.com\/de\/?s={search_term_string}\"},\"query-input\":{\"@type\":\"PropertyValueSpecification\",\"valueRequired\":true,\"valueName\":\"search_term_string\"}}],\"inLanguage\":\"de\"},{\"@type\":\"Organization\",\"@id\":\"https:\/\/dutchhealthstore.com\/de\/#organization\",\"name\":\"Dutch Health Store\",\"url\":\"https:\/\/dutchhealthstore.com\/de\/\",\"logo\":{\"@type\":\"ImageObject\",\"inLanguage\":\"de\",\"@id\":\"https:\/\/dutchhealthstore.com\/de\/#\/schema\/logo\/image\/\",\"url\":\"https:\/\/dutchhealthstore.com\/wp-content\/uploads\/2020\/08\/logo-dutchhealthstore-jpg-e1599484957574.jpg\",\"contentUrl\":\"https:\/\/dutchhealthstore.com\/wp-content\/uploads\/2020\/08\/logo-dutchhealthstore-jpg-e1599484957574.jpg\",\"width\":400,\"height\":62,\"caption\":\"Dutch Health Store\"},\"image\":{\"@id\":\"https:\/\/dutchhealthstore.com\/de\/#\/schema\/logo\/image\/\"},\"sameAs\":[\"https:\/\/www.instagram.com\/dutchhealthstore\/\",\"https:\/\/www.facebook.com\/dutchhealthstore\"]}]}<\/script>\n<meta property=\"product:brand\" content=\"Living Libations\" \/>\n<meta property=\"og:availability\" content=\"instock\" \/>\n<meta property=\"product:availability\" content=\"instock\" \/>\n<meta property=\"product:condition\" content=\"new\" \/>\n<!-- \/ Yoast SEO Premium plugin. -->","yoast_head_json":{"title":"Yogi Tooth Serum | Living Libations","description":"Living Libations Yogi Tooth Serum ist eine wirksame Kombination aus pflanzlichen Kraftpaketen, die Ihren Mund extrem frisch und sauber halten.","robots":{"index":"index","follow":"follow","max-snippet":"max-snippet:-1","max-image-preview":"max-image-preview:large","max-video-preview":"max-video-preview:-1"},"canonical":"https:\/\/dutchhealthstore.com\/de\/product\/yogi-tooth-serum\/","og_locale":"de_DE","og_type":"article","og_title":"Yogi Tooth Serum - Dutch Health Store","og_description":"Living Libations Yogi Tooth Serum ist eine wirksame Kombination aus pflanzlichen Kraftpaketen, die Ihren Mund extrem frisch und sauber halten.","og_url":"https:\/\/dutchhealthstore.com\/de\/product\/yogi-tooth-serum\/","og_site_name":"Dutch Health Store","article_publisher":"https:\/\/www.instagram.com\/dutchhealthstore\/","article_modified_time":"2026-03-20T15:51:19+00:00","og_image":[{"width":700,"height":700,"url":"https:\/\/dutchhealthstore.com\/wp-content\/uploads\/2020\/05\/Living-Libatios-Yogi-Tooth-Serum-1.jpg","type":"image\/jpeg"}],"twitter_card":"summary_large_image","twitter_misc":{"Verf\u00fcgbarkeit":"Auf Lager"},"schema":{"@context":"https:\/\/schema.org","@graph":[{"@type":"WebPage","@id":"https:\/\/dutchhealthstore.com\/de\/product\/yogi-tooth-serum\/","url":"https:\/\/dutchhealthstore.com\/de\/product\/yogi-tooth-serum\/","name":"Yogi Tooth Serum | Living Libations","isPartOf":{"@id":"https:\/\/dutchhealthstore.com\/de\/#website"},"primaryImageOfPage":{"@id":"https:\/\/dutchhealthstore.com\/de\/product\/yogi-tooth-serum\/#primaryimage"},"image":{"@id":"https:\/\/dutchhealthstore.com\/de\/product\/yogi-tooth-serum\/#primaryimage"},"thumbnailUrl":"https:\/\/dutchhealthstore.com\/wp-content\/uploads\/2020\/05\/Living-Libatios-Yogi-Tooth-Serum-1.jpg","datePublished":"2020-05-19T08:37:39+00:00","dateModified":"2026-03-20T15:51:19+00:00","description":"Living Libations Yogi Tooth Serum ist eine wirksame Kombination aus pflanzlichen Kraftpaketen, die Ihren Mund extrem frisch und sauber halten.","breadcrumb":{"@id":"https:\/\/dutchhealthstore.com\/de\/product\/yogi-tooth-serum\/#breadcrumb"},"inLanguage":"de","potentialAction":[{"@type":"ReadAction","target":["https:\/\/dutchhealthstore.com\/de\/product\/yogi-tooth-serum\/"]}]},{"@type":"ImageObject","inLanguage":"de","@id":"https:\/\/dutchhealthstore.com\/de\/product\/yogi-tooth-serum\/#primaryimage","url":"https:\/\/dutchhealthstore.com\/wp-content\/uploads\/2020\/05\/Living-Libatios-Yogi-Tooth-Serum-1.jpg","contentUrl":"https:\/\/dutchhealthstore.com\/wp-content\/uploads\/2020\/05\/Living-Libatios-Yogi-Tooth-Serum-1.jpg","width":700,"height":700,"caption":"Living Libatios - Yogi Tooth Serum 1"},{"@type":"BreadcrumbList","@id":"https:\/\/dutchhealthstore.com\/de\/product\/yogi-tooth-serum\/#breadcrumb","itemListElement":[{"@type":"ListItem","position":1,"name":"Home","item":"https:\/\/dutchhealthstore.com\/de\/"},{"@type":"ListItem","position":2,"name":"Shop","item":"https:\/\/dutchhealthstore.com\/de\/shop-2\/"},{"@type":"ListItem","position":3,"name":"Yogi Tooth Serum"}]},{"@type":"WebSite","@id":"https:\/\/dutchhealthstore.com\/de\/#website","url":"https:\/\/dutchhealthstore.com\/de\/","name":"Dutch Health Store","description":"Enhance Your Beauty with Organic &amp; Natural Skincare","publisher":{"@id":"https:\/\/dutchhealthstore.com\/de\/#organization"},"potentialAction":[{"@type":"SearchAction","target":{"@type":"EntryPoint","urlTemplate":"https:\/\/dutchhealthstore.com\/de\/?s={search_term_string}"},"query-input":{"@type":"PropertyValueSpecification","valueRequired":true,"valueName":"search_term_string"}}],"inLanguage":"de"},{"@type":"Organization","@id":"https:\/\/dutchhealthstore.com\/de\/#organization","name":"Dutch Health Store","url":"https:\/\/dutchhealthstore.com\/de\/","logo":{"@type":"ImageObject","inLanguage":"de","@id":"https:\/\/dutchhealthstore.com\/de\/#\/schema\/logo\/image\/","url":"https:\/\/dutchhealthstore.com\/wp-content\/uploads\/2020\/08\/logo-dutchhealthstore-jpg-e1599484957574.jpg","contentUrl":"https:\/\/dutchhealthstore.com\/wp-content\/uploads\/2020\/08\/logo-dutchhealthstore-jpg-e1599484957574.jpg","width":400,"height":62,"caption":"Dutch Health Store"},"image":{"@id":"https:\/\/dutchhealthstore.com\/de\/#\/schema\/logo\/image\/"},"sameAs":["https:\/\/www.instagram.com\/dutchhealthstore\/","https:\/\/www.facebook.com\/dutchhealthstore"]}]},"product_brand":"Living Libations","og_availability":"instock","product_availability":"instock","product_condition":"new"},"_links":{"self":[{"href":"https:\/\/dutchhealthstore.com\/de\/wp-json\/wp\/v2\/product\/103248","targetHints":{"allow":["GET"]}}],"collection":[{"href":"https:\/\/dutchhealthstore.com\/de\/wp-json\/wp\/v2\/product"}],"about":[{"href":"https:\/\/dutchhealthstore.com\/de\/wp-json\/wp\/v2\/types\/product"}],"replies":[{"embeddable":true,"href":"https:\/\/dutchhealthstore.com\/de\/wp-json\/wp\/v2\/comments?post=103248"}],"wp:featuredmedia":[{"embeddable":true,"href":"https:\/\/dutchhealthstore.com\/de\/wp-json\/wp\/v2\/media\/101887"}],"wp:attachment":[{"href":"https:\/\/dutchhealthstore.com\/de\/wp-json\/wp\/v2\/media?parent=103248"}],"wp:term":[{"taxonomy":"product_brand","embeddable":true,"href":"https:\/\/dutchhealthstore.com\/de\/wp-json\/wp\/v2\/product_brand?post=103248"},{"taxonomy":"product_cat","embeddable":true,"href":"https:\/\/dutchhealthstore.com\/de\/wp-json\/wp\/v2\/product_cat?post=103248"},{"taxonomy":"product_tag","embeddable":true,"href":"https:\/\/dutchhealthstore.com\/de\/wp-json\/wp\/v2\/product_tag?post=103248"}],"curies":[{"name":"wp","href":"https:\/\/api.w.org\/{rel}","templated":true}]}}