{"id":103205,"date":"2020-05-19T11:57:12","date_gmt":"2020-05-19T09:57:12","guid":{"rendered":"https:\/\/dutchhealthstore.com\/product\/moon-swoon-lip-shimmer\/"},"modified":"2026-01-25T16:07:03","modified_gmt":"2026-01-25T15:07:03","slug":"moon-swoon-lip-shimmer","status":"publish","type":"product","link":"https:\/\/dutchhealthstore.com\/de\/product\/moon-swoon-lip-shimmer\/","title":{"rendered":"Moon Swoon Shimmer"},"content":{"rendered":"<p><img decoding=\"async\" class=\"size-full wp-image-69549 alignright\" src=\"https:\/\/dutchhealthstore.com\/wp-content\/uploads\/2019\/08\/NEW-Living-Libations-Logo.jpg\" alt=\"NEW - Living Libations - Logo\" width=\"175\" height=\"82\">Living Libations <strong>Moon Swoon<\/strong> <strong>Shimmer<\/strong> ist ein schwereloser, schillernder Highlight-Balsam f\u00fcr \u00fcppige Lippen, strahlende Wangen und sch\u00f6ne Brauen. Treten Sie stilvoll in das funkelnde Mondlicht ein, indem Sie Ihren Schmollmund in reinem Sechziger-Jahre-Wei\u00df gemischt mit majest\u00e4tischem Mondlicht bemalen.<\/p>\n<p>Zerkleinerte Edelsteine aus pr\u00e4chtigem Glimmer, erfrischende pflanzliche Wirkstoffe und saftiges Jojoba beleben trockene Lippen und bringen die Haut zum Strahlen. Der schimmernde Moon Swoon Shimmer h\u00fcllt Lippen und Wangen in eine atmungsaktive Umarmung, die Ihre gesunde Haut zum Vorschein bringt.<\/p>\n<p><strong>Gr\u00f6\u00dfe: 6 ml<\/strong><\/p>\n<h3 class=\"yikes-custom-woo-tab-title yikes-custom-woo-tab-title-natural-organic-ingredients\">Nat\u00fcrliche\/Organische Inhaltsstoffe<\/h3>\n<p><strong>Jojoba<\/strong><em> (Simmondsia chinensis)<\/em> &#8211; Jojoba versorgt die Lippen mit einer doppelten Dosis an Feuchtigkeit. Diese Bio-Essenz enth\u00e4lt alle Formen von Vitamin E, dem wirksamsten Emollient der Natur. Dar\u00fcber hinaus ist Jojoba in seiner Zusammensetzung nahezu identisch mit dem nat\u00fcrlichen Talg der Haut, was zu einer leichten Aufnahme und Speicherung der Feuchtigkeit f\u00fchrt.<\/p>\n<p><strong>Bienenwachs<\/strong><em> (Cera alba)<\/em> &#8211; Bienenwachs legt sich als por\u00f6se Schutzschicht auf die Haut und hilft den Lippen, Feuchtigkeit zu bewahren.<\/p>\n<p><strong>Jasmine Grandiforum<\/strong> <em>(Jasminum grandiflorum)<\/em> &#8211; Saftiger Jasmin spendet den Lippen Feuchtigkeit und weckt gleichzeitig Gef\u00fchle der Liebe und Zuneigung. Dieses ber\u00fcchtigte Aphrodisiakum ist ein himmlisch duftender Gewinn f\u00fcr ausgetrocknete Lippen und durstige Haut.<\/p>\n<p><strong>Vanille<\/strong> <em>(planifolia)<\/em> &#8211; Dieser superkritische Extrakt wird aus dem Inneren der Orchideen der Vanillepflanze auf Madagaskar gewonnen und ist reich an Antioxidantien und n\u00e4hrenden Verbindungen. Der s\u00fc\u00dfe Duft der Vanille gilt als Hommage von Mutter Natur an die Muttermilch; ein beruhigendes, zuckers\u00fc\u00dfes Wiegenlied, das alle beruhigt, die ins Mondlicht treten.<\/p>\n<p><strong>Lavendel<\/strong> <em>(Lavandula augustifoila)<\/em> &#8211; Der k\u00f6stliche Lavendel wirkt intensiv wohltuend und beruhigend, sowohl auf die Haut als auch auf den Geist. Seine heilende Wirkung macht es zu einer beliebten Wahl f\u00fcr die Behandlung von Schnittwunden, Verbrennungen und Haut, die eine intensive Pflege ben\u00f6tigt.<\/p>\n<p><strong>Zitrone<\/strong><em> ( Citrus limon)<\/em> &#8211; Unser kaltgepresstes \u00e4therisches Zitronen\u00f6l revitalisiert und entgiftet die Haut und hebt die Stimmung in die H\u00f6he. Zitronen\u00f6l erfrischt die Haut, f\u00f6rdert das Wohlbefinden und zaubert ein wissendes L\u00e4cheln auf Ihre Moon Swoon Lippen.<\/p>\n<p><strong>Glimmer<\/strong> <em>(Phyllosilikat-Mineralien)<\/em> &#8211; Der pr\u00e4chtige Glimmer ist das Glanzst\u00fcck dieses atemberaubenden Balsams! Glimmer besteht aus Schichten von zerkleinerten Edelsteinen, die reich an nat\u00fcrlich schillernden Farben sind. In Kombination mit pflanzlichen Stoffen tanzt Glimmer mit dem Sonnen- und Mondlicht und spiegelt Ihr inneres Leuchten in der Au\u00dfenwelt wider. Kristallisierter Glimmer reflektiert alle Arten von nat\u00fcrlichem und Innenraumlicht und sorgt daf\u00fcr, dass Lippen, Wangen und Augenbrauen aufregend schimmern. *Glimmer wird nicht aus lebender Materie gewonnen und ist daher eine anorganische Verbindung, die nicht in den Geltungsbereich der \u00f6kologischen Zertifizierung f\u00e4llt.<\/p>\n<p style=\"text-align: center;\"><em> &#8222;Der Mond lebt in der Haut.&#8220;<\/em><br \/>\n<strong>~ Pablo Neruda<\/strong><\/p>\n<p><img fetchpriority=\"high\" decoding=\"async\" class=\"size-medium wp-image-68103 aligncenter\" src=\"https:\/\/dutchhealthstore.com\/wp-content\/uploads\/2018\/02\/Living-Libations-Organic-Logo-800x89.png\" alt=\"Living Libations - Organic Logo\" width=\"800\" height=\"89\" srcset=\"https:\/\/dutchhealthstore.com\/wp-content\/uploads\/2018\/02\/Living-Libations-Organic-Logo-800x89.png 800w, https:\/\/dutchhealthstore.com\/wp-content\/uploads\/2018\/02\/Living-Libations-Organic-Logo-510x57.png 510w, https:\/\/dutchhealthstore.com\/wp-content\/uploads\/2018\/02\/Living-Libations-Organic-Logo-768x85.png 768w, https:\/\/dutchhealthstore.com\/wp-content\/uploads\/2018\/02\/Living-Libations-Organic-Logo.png 1400w\" sizes=\"(max-width: 800px) 100vw, 800px\" \/><\/p>\n","protected":false},"excerpt":{"rendered":"<p>Salben Sie Augenbrauen, Lippen und Wangen mit dem schillernden Glanz des schimmernden Mondlichts. Unser <strong>Moon <\/strong><strong>Swoon <\/strong><strong>Shimmer<\/strong> entz\u00fcndet die Nacht in reinem Sechziger-Jahre-Wei\u00df und inspiriert Ihr Gesicht mit Perlen von leuchtender Anmut.<\/p>\n<p>Verleihen Sie Ihrem G\u00f6ttinnen-Schmollmund ein Strahlen mit einem nat\u00fcrlichen, biologischen Balsam, der aus den funkelndsten Mondschein-Essenzen von Mutter Natur gewebt wurde, darunter Bio-Jojoba, gl\u00fcckliches Bienenwachs, Jasmin, Vanille, Lavendel, Zitrone und mineralische Infusionen mit schimmerndem Glimmer.<\/p>\n","protected":false},"featured_media":102061,"comment_status":"open","ping_status":"closed","template":"","meta":[],"product_brand":[],"product_cat":[14735,5898,1958,1032,5980,5901,4025,1493,1041,4027,1210,511],"product_tag":[6317,21276,6250,21809],"class_list":{"0":"post-103205","1":"product","2":"type-product","3":"status-publish","4":"has-post-thumbnail","6":"product_cat-hautpflege","7":"product_cat-eye-lip-care","8":"product_cat-gesicht","9":"product_cat-kategorien","10":"product_cat-lips-de-3","11":"product_cat-lip-care-de-3","12":"product_cat-lippenpflege","13":"product_cat-living-libations-deutschland","14":"product_cat-make-up-de","15":"product_cat-make-up-de-2","16":"product_cat-marken","17":"product_cat-produkte","18":"product_tag-glow-de","19":"product_tag-lip-care","20":"product_tag-make-up-de","21":"product_tag-natural-de","22":"pa_brand-livinglibations-de","23":"pa_gtin-7439657368332-de","24":"pa_make-up-productype-eyes-de","25":"pa_make-up-productype-lips-de","26":"pa_make-up-productype-cheeks-de","27":"pa_size-6-ml-de","28":"pa_skincare-type-lips-eye-care-de","30":"first","31":"instock","32":"taxable","33":"shipping-taxable","34":"purchasable","35":"product-type-simple"},"bundled_by":[],"bundle_stock_status":"instock","bundle_stock_quantity":10,"bundle_virtual":false,"bundle_layout":"","bundle_add_to_cart_form_location":"","bundle_editable_in_cart":false,"bundle_sold_individually_context":"","bundle_item_grouping":"","bundle_min_size":"","bundle_max_size":"","bundle_price":[],"bundled_items":[],"bundle_sell_ids":[107823],"atum_controlled":true,"out_stock_date":null,"out_stock_threshold":null,"inheritable":false,"stock_on_hold":0,"sold_today":0,"sales_last_days":0,"out_stock_days":0,"lost_sales":0,"update_date":"2026-04-08T01:47:38","atum_locations":[],"atum_stock_status":"instock","restock_status":false,"low_stock_amount":"","sales_update_date":"2026-04-08T01:47:38","calc_backorders":null,"group_of_quantity":0,"min_quantity":0,"max_quantity":"","exclude_order_quantity_value_rules":"no","exclude_category_quantity_rules":"no","combine_variations":"no","yoast_head":"<!-- This site is optimized with the Yoast SEO Premium plugin v26.5 (Yoast SEO v26.5) - https:\/\/yoast.com\/wordpress\/plugins\/seo\/ -->\n<title>Moon Swoon Lip Shimmer | Living Libations<\/title>\n<meta name=\"description\" content=\"Salben Sie Augenbrauen, Lippen und Wangen mit dem schillernden Glanz des schimmernden Mondlichts. Unser Moon Swoon Shimmer entz\u00fcndet die Nacht in reinem Sechziger-Jahre-Wei\u00df und inspiriert Ihr Gesicht mit Perlen von leuchtender Anmut.\" \/>\n<meta name=\"robots\" content=\"index, follow, max-snippet:-1, max-image-preview:large, max-video-preview:-1\" \/>\n<link rel=\"canonical\" href=\"https:\/\/dutchhealthstore.com\/de\/product\/moon-swoon-lip-shimmer\/\" \/>\n<meta property=\"og:locale\" content=\"de_DE\" \/>\n<meta property=\"og:type\" content=\"article\" \/>\n<meta property=\"og:title\" content=\"Moon Swoon Shimmer - Dutch Health Store\" \/>\n<meta property=\"og:description\" content=\"Salben Sie Augenbrauen, Lippen und Wangen mit dem schillernden Glanz des schimmernden Mondlichts. Unser Moon Swoon Shimmer entz\u00fcndet die Nacht in reinem Sechziger-Jahre-Wei\u00df und inspiriert Ihr Gesicht mit Perlen von leuchtender Anmut.\" \/>\n<meta property=\"og:url\" content=\"https:\/\/dutchhealthstore.com\/de\/product\/moon-swoon-lip-shimmer\/\" \/>\n<meta property=\"og:site_name\" content=\"Dutch Health Store\" \/>\n<meta property=\"article:publisher\" content=\"https:\/\/www.instagram.com\/dutchhealthstore\/\" \/>\n<meta property=\"article:modified_time\" content=\"2026-01-25T15:07:03+00:00\" \/>\n<meta property=\"og:image\" content=\"https:\/\/dutchhealthstore.com\/wp-content\/uploads\/2020\/05\/living-Libations-Moon-Swoon-Lip-Shimmer.jpg\" \/>\n\t<meta property=\"og:image:width\" content=\"637\" \/>\n\t<meta property=\"og:image:height\" content=\"637\" \/>\n\t<meta property=\"og:image:type\" content=\"image\/jpeg\" \/>\n<meta name=\"twitter:card\" content=\"summary_large_image\" \/>\n<meta name=\"twitter:label1\" content=\"Preis\" \/>\n\t<meta name=\"twitter:data1\" content=\"&euro;33,00\" \/>\n\t<meta name=\"twitter:label2\" content=\"Verf\u00fcgbarkeit\" \/>\n\t<meta name=\"twitter:data2\" content=\"Auf Lager\" \/>\n<script type=\"application\/ld+json\" class=\"yoast-schema-graph\">{\"@context\":\"https:\/\/schema.org\",\"@graph\":[{\"@type\":\"WebPage\",\"@id\":\"https:\/\/dutchhealthstore.com\/de\/product\/moon-swoon-lip-shimmer\/\",\"url\":\"https:\/\/dutchhealthstore.com\/de\/product\/moon-swoon-lip-shimmer\/\",\"name\":\"Moon Swoon Lip Shimmer | Living Libations\",\"isPartOf\":{\"@id\":\"https:\/\/dutchhealthstore.com\/de\/#website\"},\"primaryImageOfPage\":{\"@id\":\"https:\/\/dutchhealthstore.com\/de\/product\/moon-swoon-lip-shimmer\/#primaryimage\"},\"image\":{\"@id\":\"https:\/\/dutchhealthstore.com\/de\/product\/moon-swoon-lip-shimmer\/#primaryimage\"},\"thumbnailUrl\":\"https:\/\/dutchhealthstore.com\/wp-content\/uploads\/2020\/05\/living-Libations-Moon-Swoon-Lip-Shimmer.jpg\",\"datePublished\":\"2020-05-19T09:57:12+00:00\",\"dateModified\":\"2026-01-25T15:07:03+00:00\",\"description\":\"Salben Sie Augenbrauen, Lippen und Wangen mit dem schillernden Glanz des schimmernden Mondlichts. Unser Moon Swoon Shimmer entz\u00fcndet die Nacht in reinem Sechziger-Jahre-Wei\u00df und inspiriert Ihr Gesicht mit Perlen von leuchtender Anmut.\",\"breadcrumb\":{\"@id\":\"https:\/\/dutchhealthstore.com\/de\/product\/moon-swoon-lip-shimmer\/#breadcrumb\"},\"inLanguage\":\"de\",\"potentialAction\":[{\"@type\":\"ReadAction\",\"target\":[\"https:\/\/dutchhealthstore.com\/de\/product\/moon-swoon-lip-shimmer\/\"]}]},{\"@type\":\"ImageObject\",\"inLanguage\":\"de\",\"@id\":\"https:\/\/dutchhealthstore.com\/de\/product\/moon-swoon-lip-shimmer\/#primaryimage\",\"url\":\"https:\/\/dutchhealthstore.com\/wp-content\/uploads\/2020\/05\/living-Libations-Moon-Swoon-Lip-Shimmer.jpg\",\"contentUrl\":\"https:\/\/dutchhealthstore.com\/wp-content\/uploads\/2020\/05\/living-Libations-Moon-Swoon-Lip-Shimmer.jpg\",\"width\":637,\"height\":637},{\"@type\":\"BreadcrumbList\",\"@id\":\"https:\/\/dutchhealthstore.com\/de\/product\/moon-swoon-lip-shimmer\/#breadcrumb\",\"itemListElement\":[{\"@type\":\"ListItem\",\"position\":1,\"name\":\"Home\",\"item\":\"https:\/\/dutchhealthstore.com\/de\/\"},{\"@type\":\"ListItem\",\"position\":2,\"name\":\"Shop\",\"item\":\"https:\/\/dutchhealthstore.com\/de\/shop-2\/\"},{\"@type\":\"ListItem\",\"position\":3,\"name\":\"Moon Swoon Shimmer\"}]},{\"@type\":\"WebSite\",\"@id\":\"https:\/\/dutchhealthstore.com\/de\/#website\",\"url\":\"https:\/\/dutchhealthstore.com\/de\/\",\"name\":\"Dutch Health Store\",\"description\":\"Enhance Your Beauty with Organic &amp; Natural Skincare\",\"publisher\":{\"@id\":\"https:\/\/dutchhealthstore.com\/de\/#organization\"},\"potentialAction\":[{\"@type\":\"SearchAction\",\"target\":{\"@type\":\"EntryPoint\",\"urlTemplate\":\"https:\/\/dutchhealthstore.com\/de\/?s={search_term_string}\"},\"query-input\":{\"@type\":\"PropertyValueSpecification\",\"valueRequired\":true,\"valueName\":\"search_term_string\"}}],\"inLanguage\":\"de\"},{\"@type\":\"Organization\",\"@id\":\"https:\/\/dutchhealthstore.com\/de\/#organization\",\"name\":\"Dutch Health Store\",\"url\":\"https:\/\/dutchhealthstore.com\/de\/\",\"logo\":{\"@type\":\"ImageObject\",\"inLanguage\":\"de\",\"@id\":\"https:\/\/dutchhealthstore.com\/de\/#\/schema\/logo\/image\/\",\"url\":\"https:\/\/dutchhealthstore.com\/wp-content\/uploads\/2020\/08\/logo-dutchhealthstore-jpg-e1599484957574.jpg\",\"contentUrl\":\"https:\/\/dutchhealthstore.com\/wp-content\/uploads\/2020\/08\/logo-dutchhealthstore-jpg-e1599484957574.jpg\",\"width\":400,\"height\":62,\"caption\":\"Dutch Health Store\"},\"image\":{\"@id\":\"https:\/\/dutchhealthstore.com\/de\/#\/schema\/logo\/image\/\"},\"sameAs\":[\"https:\/\/www.instagram.com\/dutchhealthstore\/\",\"https:\/\/www.facebook.com\/dutchhealthstore\"]}]}<\/script>\n<meta property=\"product:brand\" content=\"Living Libations\" \/>\n<meta property=\"product:price:amount\" content=\"33.00\" \/>\n<meta property=\"product:price:currency\" content=\"EUR\" \/>\n<meta property=\"og:availability\" content=\"instock\" \/>\n<meta property=\"product:availability\" content=\"instock\" \/>\n<meta property=\"product:condition\" content=\"new\" \/>\n<!-- \/ Yoast SEO Premium plugin. -->","yoast_head_json":{"title":"Moon Swoon Lip Shimmer | Living Libations","description":"Salben Sie Augenbrauen, Lippen und Wangen mit dem schillernden Glanz des schimmernden Mondlichts. Unser Moon Swoon Shimmer entz\u00fcndet die Nacht in reinem Sechziger-Jahre-Wei\u00df und inspiriert Ihr Gesicht mit Perlen von leuchtender Anmut.","robots":{"index":"index","follow":"follow","max-snippet":"max-snippet:-1","max-image-preview":"max-image-preview:large","max-video-preview":"max-video-preview:-1"},"canonical":"https:\/\/dutchhealthstore.com\/de\/product\/moon-swoon-lip-shimmer\/","og_locale":"de_DE","og_type":"article","og_title":"Moon Swoon Shimmer - Dutch Health Store","og_description":"Salben Sie Augenbrauen, Lippen und Wangen mit dem schillernden Glanz des schimmernden Mondlichts. Unser Moon Swoon Shimmer entz\u00fcndet die Nacht in reinem Sechziger-Jahre-Wei\u00df und inspiriert Ihr Gesicht mit Perlen von leuchtender Anmut.","og_url":"https:\/\/dutchhealthstore.com\/de\/product\/moon-swoon-lip-shimmer\/","og_site_name":"Dutch Health Store","article_publisher":"https:\/\/www.instagram.com\/dutchhealthstore\/","article_modified_time":"2026-01-25T15:07:03+00:00","og_image":[{"width":637,"height":637,"url":"https:\/\/dutchhealthstore.com\/wp-content\/uploads\/2020\/05\/living-Libations-Moon-Swoon-Lip-Shimmer.jpg","type":"image\/jpeg"}],"twitter_card":"summary_large_image","twitter_misc":{"Preis":"&euro;33,00","Verf\u00fcgbarkeit":"Auf Lager"},"schema":{"@context":"https:\/\/schema.org","@graph":[{"@type":"WebPage","@id":"https:\/\/dutchhealthstore.com\/de\/product\/moon-swoon-lip-shimmer\/","url":"https:\/\/dutchhealthstore.com\/de\/product\/moon-swoon-lip-shimmer\/","name":"Moon Swoon Lip Shimmer | Living Libations","isPartOf":{"@id":"https:\/\/dutchhealthstore.com\/de\/#website"},"primaryImageOfPage":{"@id":"https:\/\/dutchhealthstore.com\/de\/product\/moon-swoon-lip-shimmer\/#primaryimage"},"image":{"@id":"https:\/\/dutchhealthstore.com\/de\/product\/moon-swoon-lip-shimmer\/#primaryimage"},"thumbnailUrl":"https:\/\/dutchhealthstore.com\/wp-content\/uploads\/2020\/05\/living-Libations-Moon-Swoon-Lip-Shimmer.jpg","datePublished":"2020-05-19T09:57:12+00:00","dateModified":"2026-01-25T15:07:03+00:00","description":"Salben Sie Augenbrauen, Lippen und Wangen mit dem schillernden Glanz des schimmernden Mondlichts. Unser Moon Swoon Shimmer entz\u00fcndet die Nacht in reinem Sechziger-Jahre-Wei\u00df und inspiriert Ihr Gesicht mit Perlen von leuchtender Anmut.","breadcrumb":{"@id":"https:\/\/dutchhealthstore.com\/de\/product\/moon-swoon-lip-shimmer\/#breadcrumb"},"inLanguage":"de","potentialAction":[{"@type":"ReadAction","target":["https:\/\/dutchhealthstore.com\/de\/product\/moon-swoon-lip-shimmer\/"]}]},{"@type":"ImageObject","inLanguage":"de","@id":"https:\/\/dutchhealthstore.com\/de\/product\/moon-swoon-lip-shimmer\/#primaryimage","url":"https:\/\/dutchhealthstore.com\/wp-content\/uploads\/2020\/05\/living-Libations-Moon-Swoon-Lip-Shimmer.jpg","contentUrl":"https:\/\/dutchhealthstore.com\/wp-content\/uploads\/2020\/05\/living-Libations-Moon-Swoon-Lip-Shimmer.jpg","width":637,"height":637},{"@type":"BreadcrumbList","@id":"https:\/\/dutchhealthstore.com\/de\/product\/moon-swoon-lip-shimmer\/#breadcrumb","itemListElement":[{"@type":"ListItem","position":1,"name":"Home","item":"https:\/\/dutchhealthstore.com\/de\/"},{"@type":"ListItem","position":2,"name":"Shop","item":"https:\/\/dutchhealthstore.com\/de\/shop-2\/"},{"@type":"ListItem","position":3,"name":"Moon Swoon Shimmer"}]},{"@type":"WebSite","@id":"https:\/\/dutchhealthstore.com\/de\/#website","url":"https:\/\/dutchhealthstore.com\/de\/","name":"Dutch Health Store","description":"Enhance Your Beauty with Organic &amp; Natural Skincare","publisher":{"@id":"https:\/\/dutchhealthstore.com\/de\/#organization"},"potentialAction":[{"@type":"SearchAction","target":{"@type":"EntryPoint","urlTemplate":"https:\/\/dutchhealthstore.com\/de\/?s={search_term_string}"},"query-input":{"@type":"PropertyValueSpecification","valueRequired":true,"valueName":"search_term_string"}}],"inLanguage":"de"},{"@type":"Organization","@id":"https:\/\/dutchhealthstore.com\/de\/#organization","name":"Dutch Health Store","url":"https:\/\/dutchhealthstore.com\/de\/","logo":{"@type":"ImageObject","inLanguage":"de","@id":"https:\/\/dutchhealthstore.com\/de\/#\/schema\/logo\/image\/","url":"https:\/\/dutchhealthstore.com\/wp-content\/uploads\/2020\/08\/logo-dutchhealthstore-jpg-e1599484957574.jpg","contentUrl":"https:\/\/dutchhealthstore.com\/wp-content\/uploads\/2020\/08\/logo-dutchhealthstore-jpg-e1599484957574.jpg","width":400,"height":62,"caption":"Dutch Health Store"},"image":{"@id":"https:\/\/dutchhealthstore.com\/de\/#\/schema\/logo\/image\/"},"sameAs":["https:\/\/www.instagram.com\/dutchhealthstore\/","https:\/\/www.facebook.com\/dutchhealthstore"]}]},"product_brand":"Living Libations","product_price_amount":"33.00","product_price_currency":"EUR","og_availability":"instock","product_availability":"instock","product_condition":"new"},"_links":{"self":[{"href":"https:\/\/dutchhealthstore.com\/de\/wp-json\/wp\/v2\/product\/103205","targetHints":{"allow":["GET"]}}],"collection":[{"href":"https:\/\/dutchhealthstore.com\/de\/wp-json\/wp\/v2\/product"}],"about":[{"href":"https:\/\/dutchhealthstore.com\/de\/wp-json\/wp\/v2\/types\/product"}],"replies":[{"embeddable":true,"href":"https:\/\/dutchhealthstore.com\/de\/wp-json\/wp\/v2\/comments?post=103205"}],"wp:featuredmedia":[{"embeddable":true,"href":"https:\/\/dutchhealthstore.com\/de\/wp-json\/wp\/v2\/media\/102061"}],"wp:attachment":[{"href":"https:\/\/dutchhealthstore.com\/de\/wp-json\/wp\/v2\/media?parent=103205"}],"wp:term":[{"taxonomy":"product_brand","embeddable":true,"href":"https:\/\/dutchhealthstore.com\/de\/wp-json\/wp\/v2\/product_brand?post=103205"},{"taxonomy":"product_cat","embeddable":true,"href":"https:\/\/dutchhealthstore.com\/de\/wp-json\/wp\/v2\/product_cat?post=103205"},{"taxonomy":"product_tag","embeddable":true,"href":"https:\/\/dutchhealthstore.com\/de\/wp-json\/wp\/v2\/product_tag?post=103205"}],"curies":[{"name":"wp","href":"https:\/\/api.w.org\/{rel}","templated":true}]}}