{"id":103195,"date":"2020-05-19T13:40:55","date_gmt":"2020-05-19T13:40:55","guid":{"rendered":"https:\/\/dutchhealthstore.com\/product\/night-nectar-beauty-balm\/"},"modified":"2026-01-29T14:07:27","modified_gmt":"2026-01-29T13:07:27","slug":"night-nectar-beauty-balm","status":"publish","type":"product","link":"https:\/\/dutchhealthstore.com\/de\/product\/night-nectar-beauty-balm\/","title":{"rendered":"Night Nectar Beauty Balm"},"content":{"rendered":"<p style=\"text-align: center;\"><img decoding=\"async\" class=\"alignright size-full wp-image-69549\" src=\"https:\/\/dutchhealthstore.com\/wp-content\/uploads\/2019\/08\/NEW-Living-Libations-Logo.jpg\" alt=\"NEW - Living Libations - Logo\" width=\"175\" height=\"82\">W\u00e4hrend Sie die Tr\u00e4ume des Mondes genie\u00dfen, h\u00fcllen Sie Ihren Teint in den Genuss des Living Libations opulent <strong>Night Nectar Beauty Balm.<\/strong><\/p>\n<p>Dieses n\u00e4hrende Nachtserum versorgt jede Pore mit wertvollen pflanzlichen Wirkstoffen, die die Haut s\u00e4ttigen, und umschmeichelt den Teint mit \u00fcppigen Lipiden.<\/p>\n<p>Da der Mond in unserer Haut lebt, haben wir einen Nachtnektar entwickelt, der repariert und verj\u00fcngt, w\u00e4hrend Sie sich entspannen. Schlafen Sie in diesem reichhaltigen Nachtnektar, der trockene Haut tief verw\u00f6hnt, feine F\u00e4ltchen aufpolstert und den Hauttonus auffrischt, damit Ihre Haut beim Aufwachen wie neugeboren ist.<\/p>\n<p style=\"text-align: center;\"><em>&#8222;Der Mond wohnt in deiner Haut&#8220;<\/em><br \/>\n~Pablo <strong>Nureda<\/strong><\/p>\n<p>Da der Mond in unserer Haut lebt, haben wir einen Nachtnektar entwickelt, der repariert und verj\u00fcngt, w\u00e4hrend Sie sich entspannen. Schlafen Sie in diesem reichhaltigen Nachtnektar, der trockene Haut tief verw\u00f6hnt, feine F\u00e4ltchen aufpolstert und den Hauttonus auffrischt, damit Ihre Haut beim Aufwachen wie neugeboren ist.<\/p>\n<h3>Instruktion<\/h3>\n<p><b><\/b>Schlafen Sie nach der Reinigung mit Best Skin Ever in einer Haut, die mit diesem Sch\u00f6nheitsbalsam seidenweich gemacht wurde.<br \/>\nDie Creme eignet sich sowohl f\u00fcr sich allein als auch in Kombination mit dem Open Sky Serum oder der All Seeing Eye Cr\u00e8me. Verwenden Sie Ihre Handfl\u00e4che als Palette, um die beiden Produkte zu mischen. Hervorragend geeignet f\u00fcr die S\u00e4ttigung super trockener Stellen und Bereiche, die \u00fcppige Schmierung ben\u00f6tigen.<\/p>\n<h3 class=\"yikes-custom-woo-tab-title yikes-custom-woo-tab-title-natural-organic-ingredients\">Nat\u00fcrliche\/Organische Inhaltsstoffe<\/h3>\n<p><strong>Sheabutter<\/strong> <em>(Butyrospermum parkii)<\/em> &#8211; Seidige Sheabutter wird aus dem afrikanischen Sheanussbaum gewonnen und wird seit Jahrhunderten verwendet, um die Haut zu schmieren und zu n\u00e4hren. Shea gl\u00e4ttet die Haut und versorgt sie gleichzeitig mit Feuchtigkeit, die dem Hautton zugef\u00fchrt wird. Dieser luxuri\u00f6se Inhaltsstoff sorgt f\u00fcr einen strahlenden Teint, erh\u00f6ht die Elastizit\u00e4t und polstert die Haut auf.<\/p>\n<p><strong>Kakaobutter<\/strong> <em>(Theobroma cacao)<\/em> &#8211; Diese wohltuende Butter aus rohen Kakaobohnen macht diese Zutat so wohltuend wie k\u00f6stlich. Diese aromatische Butter versorgt den Teint mit lang anhaltender, seidiger Feuchtigkeit<\/p>\n<p><strong>Sanddornbeere<\/strong><em> (Hippophae rhamnoides)<\/em> &#8211; Sanddorn schickt seine Lipide in die Haut, um Ungleichgewichte von innen heraus abzubauen. Dieser superkritische Extrakt ist reich an den Omega-Fetts\u00e4uren 3, 6, 7 und 9, Antioxidantien, Vitaminen, Palmitoleins\u00e4uren, Carotinoiden und Phytosterolen. Ein einziger Tropfen dieses Superhelden f\u00fcr die Haut enth\u00e4lt 190 verschiedene bioaktive Verbindungen. Aus den leuchtend orangefarbenen Beeren der herzhaften Pflanze wird ein opulentes \u00d6l gewonnen, das den Teint hinrei\u00dfend auff\u00fcllt und reinigt.<\/p>\n<p><span style=\"font-size: 14.4px;\"><b>Brokkoli<\/b><\/span><strong> Samen<\/strong> <em>(Brassica oleracea)<\/em> &#8211; Der sch\u00f6ne Brokkolisamen ist ein Kraftpaket mit \u00fcppigen Fetten (Eicosens\u00e4ure und Palmitins\u00e4ure), lebenswichtigen Vitaminen (A, C, K und B) und essenziellen Fetts\u00e4uren (zwei Arten von seltenem Omega 9 und Omega 3). Dieser au\u00dfergew\u00f6hnliche Regenerator ist liebevoll leicht und sorgt f\u00fcr seidig glatte Haut.<\/p>\n<p><strong>Lorbeerwachs<\/strong> <em>(Myrica pubescens)<\/em> &#8211; Der sch\u00f6ne Lorbeer schmiegt sich poetisch an Ihre Wangen und bildet eine por\u00f6se, liebevolle Schicht auf Ihrer Haut. Dieses feine Fruchtwachs ist ein Segen aus der Beere eines immergr\u00fcnen Strauches, der in den H\u00f6henlagen der Anden w\u00e4chst<\/p>\n<p><strong>Kap<\/strong><strong>-Kamille<\/strong> <em>(Eriocephalus punctulatus)<\/em> &#8211; Die bezaubernde Kap-Kamille verstr\u00f6mt einen sch\u00f6nen, feinen fruchtig-blumigen Duft, der zu unseren Lieblingsaromen geh\u00f6rt. Die Kapkamille hat einen hohen Gehalt an seltenen Ester- und Azulenverbindungen, die ihr einen blauen Farbton verleihen, der alle Arten von Hautunreinheiten lindert. Diese verj\u00fcngende Essenz wirkt ausgleichend auf den Talg und mildert das Erscheinungsbild von Narben und Flecken.<\/p>\n<p><strong>Immortelle<\/strong> <em>(Helichrysum italicum)<\/em> &#8211; Die immerw\u00e4hrende Immortelle ist hervorragend und eignet sich hervorragend f\u00fcr alle Arten der Hautpflege. Dieses duftende, blumige \u00d6l wird auf der Insel Korsika wild geerntet, wo die Blumen unter der Meeresbrise und der Sonne gedeihen. Die Blumen wachsen in einer H\u00f6he von 4.000 Fu\u00df auf den felsigen Klippen der Landschaft. Die Immortelle hilft, das Erscheinungsbild von Narben, Flecken, Melasma, R\u00f6tungen und feinen Linien zu mildern. Dieses facettenreiche \u00d6l ist auch emotional sehr anregend.<\/p>\n<p><strong>Carrot Seed<\/strong> <em>(Daucus carota)<\/em> \u2013 Queen Anne\u2019s lace anoints your face with queenly grace. Karotten\u00f6l gleicht die \u00d6lproduktion in einem perfekten Verh\u00e4ltnis aus, unabh\u00e4ngig vom aktuellen Zustand der Haut. Fettige, trockene und Mischhaut k\u00f6nnen alle von dem feuchtigkeitsspendenden Manna der Karottensamen profitieren.<\/p>\n<p><strong>S\u00fc\u00dfer Thymian<\/strong> <em>(Thymus linalool)<\/em> &#8211; S\u00fc\u00dfer Thymian ist ebenso stark wie sanft! Es enth\u00e4lt alle st\u00e4rkenden und tonisierenden Eigenschaften der anderen Thymian\u00f6le, ohne dabei die Poren zu reizen, da es sie reinigt. Es ist daf\u00fcr bekannt, dass es K\u00f6rper und Geist stimuliert und anregt und dabei so mild ist, dass es auch bei kleinen Kindern und \u00e4lteren Menschen angewendet werden kann. S\u00fc\u00dfer Thymian enth\u00e4lt reichlich Linalool und ist ein gesch\u00e4tzter Bestandteil unserer sanften Hautpflegeseren<\/p>\n<p><strong>Ingwer<\/strong> <em>(Zingiber officinale)<\/em> &#8211; Ein Held in unserem Aromatherapie-Arsenal, da er eine krautige Wirkung hat! Warm und spritzig, belebt den m\u00fcden Tonus und hilft, das Erscheinungsbild von Elastizit\u00e4t und Festigkeit zu verbessern<\/p>\n<p><strong>Majoran<\/strong> <em>(Origanum marjorana)<\/em> &#8211; Der krautige Majoran wird seit biblischen Zeiten zur Reinigung von K\u00f6rper, Geist und Seele verwendet. Dampfdestilliert, um die botanischen Segnungen dieses duftenden Krauts einzufangen, ist das warme und durchdringende Aroma unseres Majorans eine heitere Angelegenheit. Sein einschl\u00e4fernder Duft wurde von den alten Griechen und R\u00f6mern verehrt, weil er Frieden und Gl\u00fcck beschw\u00f6ren sollte.<\/p>\n<p><strong>Lavendel<\/strong> <em>(Lavandula angustifolia)<\/em> &#8211; Lovely Lavender ist ein sanftes und doch kraftvolles Hauttonikum, das erholsam und beruhigend wirkt. Es lindert R\u00f6tungen und k\u00fchlt erhitzte Haut. Lavendel kann verwendet werden, um das Erscheinungsbild von Narben zu verbessern, den Hautton auszugleichen, Akne zu lindern und den Talgspiegel der Haut auszugleichen.<\/p>\n<p><strong>Weihrauch<\/strong> <em>(Boswellia carterii)<\/em> &#8211; Dies ist eine heilige, essentielle Essenz zur Kultivierung der Ehrfurcht der Haut. Weihrauch ist eine fl\u00fcssige Perle vom Baum des Lebens und wird aus dem harzigen Saft des Baumes destilliert. Dieses feine, duftende \u00d6l, das seit Tausenden von Jahren in spirituellen Zeremonien gesalbt und inhaliert wird, erh\u00f6ht die Widerstandsf\u00e4higkeit der Haut. Weihrauch, der die Weisheit der Jahrhunderte in sich tr\u00e4gt, ist hervorragend geeignet, um Narben zu lindern, Hautunebenheiten zu gl\u00e4tten und das Auftreten von Melasma und Narben zu minimieren. Dieses \u00d6l ist ein hervorragendes St\u00e4rkungsmittel, das seit Jahrhunderten ein beliebter pflanzlicher Wirkstoff f\u00fcr die K\u00f6rperpflege ist.<\/p>\n<p><strong>Jojoba<\/strong> <em>(Simmondsia chinensis)<\/em> &#8211; Das pr\u00e4chtige, goldene Jojoba n\u00e4hrt und pflegt durstige Haut. Jojoba hat die unvergleichliche F\u00e4higkeit, die Haut mit Feuchtigkeit zu versorgen, die \u00d6lproduktion auszugleichen, die Poren gr\u00fcndlich zu reinigen und eine lang anhaltende Pflegewirkung zu erzielen, die die Haut so weich wie perfekte Seide macht. Es ist reich an Peptiden und Lipiden und enth\u00e4lt den h\u00f6chsten Gehalt an phenolischen Verbindungen, die in der Natur vorkommen, sowie Antioxidantien und alle l\u00f6slichen Formen von Vitamin E.<\/p>\n<p><img fetchpriority=\"high\" decoding=\"async\" class=\"size-medium wp-image-68103 aligncenter\" src=\"https:\/\/dutchhealthstore.com\/wp-content\/uploads\/2018\/02\/Living-Libations-Organic-Logo-800x89.png\" alt=\"Living Libations - Organic Logo\" width=\"800\" height=\"89\" srcset=\"https:\/\/dutchhealthstore.com\/wp-content\/uploads\/2018\/02\/Living-Libations-Organic-Logo-800x89.png 800w, https:\/\/dutchhealthstore.com\/wp-content\/uploads\/2018\/02\/Living-Libations-Organic-Logo-510x57.png 510w, https:\/\/dutchhealthstore.com\/wp-content\/uploads\/2018\/02\/Living-Libations-Organic-Logo-768x85.png 768w, https:\/\/dutchhealthstore.com\/wp-content\/uploads\/2018\/02\/Living-Libations-Organic-Logo.png 1400w\" sizes=\"(max-width: 800px) 100vw, 800px\" \/><\/p>\n","protected":false},"excerpt":{"rendered":"<p>W\u00e4hrend Sie die Tr\u00e4ume des Mondes genie\u00dfen, umh\u00fcllen Sie Ihren Teint mit dem Genuss des opulenten Living Libations <b><strong>N<\/strong><\/b><b><strong>i<\/strong><\/b><b><strong>ght <\/strong><\/b><b><strong>Nektar <\/strong><\/b><b><strong>Beauty<\/strong><\/b><b><strong>Balm<\/strong><\/b>.<\/p>\n<p>Dieses n\u00e4hrende Nachtserum versorgt jede Pore mit wertvollen pflanzlichen Wirkstoffen, die die Haut s\u00e4ttigen, und umschmeichelt den Teint mit \u00fcppigen Lipiden.<\/p>\n","protected":false},"featured_media":30665,"comment_status":"open","ping_status":"closed","template":"","meta":[],"product_brand":[],"product_cat":[1227,5650,5647,5652,5653,5651,1958,14735,1032,1493,1210,5649,5636,5101,511,2009,5648,5634],"product_tag":[6236,21361,9604,4831],"class_list":{"0":"post-103195","1":"product","2":"type-product","3":"status-publish","4":"has-post-thumbnail","6":"product_cat-sensitive-skin-redness-de","7":"product_cat-sensitive-skin-redness-de-3","8":"product_cat-moisturizers-de-de","9":"product_cat-moisturizers-dde","10":"product_cat-moisturizers-de-de-4","11":"product_cat-moisturizers-de-de-2","12":"product_cat-gesicht","13":"product_cat-hautpflege","14":"product_cat-kategorien","15":"product_cat-living-libations-deutschland","16":"product_cat-marken","17":"product_cat-normal-or-combination-skin-de-3","18":"product_cat-normal-or-combination-skin-de-2","19":"product_cat-by-skin-type-de-4","20":"product_cat-produkte","21":"product_cat-serums-moisturizers","22":"product_cat-dry-mature-ageing-skin-de-3","23":"product_cat-dry-mature-ageing-skin-de-2","24":"product_tag-balm-de","25":"product_tag-face-care-de","26":"product_tag-hydrating-de","27":"product_tag-skin-de","28":"pa_brand-livinglibations-de","29":"pa_gtin-7439657368349-de","30":"pa_size-15-ml-de-2","31":"pa_size-5-ml-de","32":"pa_skincare-type-moisturizers-de","33":"pa_skintype-normal-combination-skin-de","34":"pa_skintype-sensitive-skin-redness-de","35":"pa_skintype-dry-mature-ageing-skin-de","37":"first","38":"outofstock","39":"taxable","40":"shipping-taxable","41":"purchasable","42":"product-type-variable"},"bundled_by":[],"bundle_stock_status":"outofstock","bundle_stock_quantity":null,"bundle_virtual":false,"bundle_layout":"","bundle_add_to_cart_form_location":"","bundle_editable_in_cart":false,"bundle_sold_individually_context":"","bundle_item_grouping":"","bundle_min_size":"","bundle_max_size":"","bundle_price":[],"bundled_items":[],"bundle_sell_ids":[241211],"atum_controlled":true,"out_stock_date":null,"out_stock_threshold":null,"inheritable":true,"stock_on_hold":0,"sold_today":0,"sales_last_days":0,"out_stock_days":0,"lost_sales":0,"update_date":"2026-04-14T08:38:43","atum_locations":[],"atum_stock_status":"outofstock","restock_status":false,"low_stock_amount":"","sales_update_date":"2026-04-14T08:38:43","calc_backorders":null,"group_of_quantity":0,"min_quantity":0,"max_quantity":"","exclude_order_quantity_value_rules":"no","exclude_category_quantity_rules":"no","combine_variations":"no","yoast_head":"<!-- This site is optimized with the Yoast SEO Premium plugin v26.5 (Yoast SEO v26.5) - https:\/\/yoast.com\/wordpress\/plugins\/seo\/ -->\n<title>Night Nectar Beauty Balm | Living Libations<\/title>\n<meta name=\"description\" content=\"W\u00e4hrend Sie die Tr\u00e4ume des Mondes genie\u00dfen, h\u00fcllen Sie Ihren Teint in den Genuss des Living Libations opulent Night Nectar Beauty Balm.\" \/>\n<meta name=\"robots\" content=\"index, follow, max-snippet:-1, max-image-preview:large, max-video-preview:-1\" \/>\n<link rel=\"canonical\" href=\"https:\/\/dutchhealthstore.com\/de\/product\/night-nectar-beauty-balm\/\" \/>\n<meta property=\"og:locale\" content=\"de_DE\" \/>\n<meta property=\"og:type\" content=\"article\" \/>\n<meta property=\"og:title\" content=\"Night Nectar Beauty Balm - Dutch Health Store\" \/>\n<meta property=\"og:description\" content=\"W\u00e4hrend Sie die Tr\u00e4ume des Mondes genie\u00dfen, h\u00fcllen Sie Ihren Teint in den Genuss des Living Libations opulent Night Nectar Beauty Balm.\" \/>\n<meta property=\"og:url\" content=\"https:\/\/dutchhealthstore.com\/de\/product\/night-nectar-beauty-balm\/\" \/>\n<meta property=\"og:site_name\" content=\"Dutch Health Store\" \/>\n<meta property=\"article:publisher\" content=\"https:\/\/www.instagram.com\/dutchhealthstore\/\" \/>\n<meta property=\"article:modified_time\" content=\"2026-01-29T13:07:27+00:00\" \/>\n<meta property=\"og:image\" content=\"https:\/\/dutchhealthstore.com\/wp-content\/uploads\/2018\/02\/Night_Nectar_Beauty-Balm_Living_Libations.jpg\" \/>\n\t<meta property=\"og:image:width\" content=\"500\" \/>\n\t<meta property=\"og:image:height\" content=\"500\" \/>\n\t<meta property=\"og:image:type\" content=\"image\/jpeg\" \/>\n<meta name=\"twitter:card\" content=\"summary_large_image\" \/>\n<meta name=\"twitter:label1\" content=\"Verf\u00fcgbarkeit\" \/>\n\t<meta name=\"twitter:data1\" content=\"ausverkauft\" \/>\n<script type=\"application\/ld+json\" class=\"yoast-schema-graph\">{\"@context\":\"https:\/\/schema.org\",\"@graph\":[{\"@type\":\"WebPage\",\"@id\":\"https:\/\/dutchhealthstore.com\/de\/product\/night-nectar-beauty-balm\/\",\"url\":\"https:\/\/dutchhealthstore.com\/de\/product\/night-nectar-beauty-balm\/\",\"name\":\"Night Nectar Beauty Balm | Living Libations\",\"isPartOf\":{\"@id\":\"https:\/\/dutchhealthstore.com\/de\/#website\"},\"primaryImageOfPage\":{\"@id\":\"https:\/\/dutchhealthstore.com\/de\/product\/night-nectar-beauty-balm\/#primaryimage\"},\"image\":{\"@id\":\"https:\/\/dutchhealthstore.com\/de\/product\/night-nectar-beauty-balm\/#primaryimage\"},\"thumbnailUrl\":\"https:\/\/dutchhealthstore.com\/wp-content\/uploads\/2018\/02\/Night_Nectar_Beauty-Balm_Living_Libations.jpg\",\"datePublished\":\"2020-05-19T13:40:55+00:00\",\"dateModified\":\"2026-01-29T13:07:27+00:00\",\"description\":\"W\u00e4hrend Sie die Tr\u00e4ume des Mondes genie\u00dfen, h\u00fcllen Sie Ihren Teint in den Genuss des Living Libations opulent Night Nectar Beauty Balm.\",\"breadcrumb\":{\"@id\":\"https:\/\/dutchhealthstore.com\/de\/product\/night-nectar-beauty-balm\/#breadcrumb\"},\"inLanguage\":\"de\",\"potentialAction\":[{\"@type\":\"ReadAction\",\"target\":[\"https:\/\/dutchhealthstore.com\/de\/product\/night-nectar-beauty-balm\/\"]}]},{\"@type\":\"ImageObject\",\"inLanguage\":\"de\",\"@id\":\"https:\/\/dutchhealthstore.com\/de\/product\/night-nectar-beauty-balm\/#primaryimage\",\"url\":\"https:\/\/dutchhealthstore.com\/wp-content\/uploads\/2018\/02\/Night_Nectar_Beauty-Balm_Living_Libations.jpg\",\"contentUrl\":\"https:\/\/dutchhealthstore.com\/wp-content\/uploads\/2018\/02\/Night_Nectar_Beauty-Balm_Living_Libations.jpg\",\"width\":500,\"height\":500},{\"@type\":\"BreadcrumbList\",\"@id\":\"https:\/\/dutchhealthstore.com\/de\/product\/night-nectar-beauty-balm\/#breadcrumb\",\"itemListElement\":[{\"@type\":\"ListItem\",\"position\":1,\"name\":\"Home\",\"item\":\"https:\/\/dutchhealthstore.com\/de\/\"},{\"@type\":\"ListItem\",\"position\":2,\"name\":\"Shop\",\"item\":\"https:\/\/dutchhealthstore.com\/de\/shop-2\/\"},{\"@type\":\"ListItem\",\"position\":3,\"name\":\"Night Nectar Beauty Balm\"}]},{\"@type\":\"WebSite\",\"@id\":\"https:\/\/dutchhealthstore.com\/de\/#website\",\"url\":\"https:\/\/dutchhealthstore.com\/de\/\",\"name\":\"Dutch Health Store\",\"description\":\"Enhance Your Beauty with Organic &amp; Natural Skincare\",\"publisher\":{\"@id\":\"https:\/\/dutchhealthstore.com\/de\/#organization\"},\"potentialAction\":[{\"@type\":\"SearchAction\",\"target\":{\"@type\":\"EntryPoint\",\"urlTemplate\":\"https:\/\/dutchhealthstore.com\/de\/?s={search_term_string}\"},\"query-input\":{\"@type\":\"PropertyValueSpecification\",\"valueRequired\":true,\"valueName\":\"search_term_string\"}}],\"inLanguage\":\"de\"},{\"@type\":\"Organization\",\"@id\":\"https:\/\/dutchhealthstore.com\/de\/#organization\",\"name\":\"Dutch Health Store\",\"url\":\"https:\/\/dutchhealthstore.com\/de\/\",\"logo\":{\"@type\":\"ImageObject\",\"inLanguage\":\"de\",\"@id\":\"https:\/\/dutchhealthstore.com\/de\/#\/schema\/logo\/image\/\",\"url\":\"https:\/\/dutchhealthstore.com\/wp-content\/uploads\/2020\/08\/logo-dutchhealthstore-jpg-e1599484957574.jpg\",\"contentUrl\":\"https:\/\/dutchhealthstore.com\/wp-content\/uploads\/2020\/08\/logo-dutchhealthstore-jpg-e1599484957574.jpg\",\"width\":400,\"height\":62,\"caption\":\"Dutch Health Store\"},\"image\":{\"@id\":\"https:\/\/dutchhealthstore.com\/de\/#\/schema\/logo\/image\/\"},\"sameAs\":[\"https:\/\/www.instagram.com\/dutchhealthstore\/\",\"https:\/\/www.facebook.com\/dutchhealthstore\"]}]}<\/script>\n<meta property=\"product:brand\" content=\"Living Libations\" \/>\n<meta property=\"og:availability\" content=\"out of stock\" \/>\n<meta property=\"product:availability\" content=\"out of stock\" \/>\n<meta property=\"product:condition\" content=\"new\" \/>\n<!-- \/ Yoast SEO Premium plugin. -->","yoast_head_json":{"title":"Night Nectar Beauty Balm | Living Libations","description":"W\u00e4hrend Sie die Tr\u00e4ume des Mondes genie\u00dfen, h\u00fcllen Sie Ihren Teint in den Genuss des Living Libations opulent Night Nectar Beauty Balm.","robots":{"index":"index","follow":"follow","max-snippet":"max-snippet:-1","max-image-preview":"max-image-preview:large","max-video-preview":"max-video-preview:-1"},"canonical":"https:\/\/dutchhealthstore.com\/de\/product\/night-nectar-beauty-balm\/","og_locale":"de_DE","og_type":"article","og_title":"Night Nectar Beauty Balm - Dutch Health Store","og_description":"W\u00e4hrend Sie die Tr\u00e4ume des Mondes genie\u00dfen, h\u00fcllen Sie Ihren Teint in den Genuss des Living Libations opulent Night Nectar Beauty Balm.","og_url":"https:\/\/dutchhealthstore.com\/de\/product\/night-nectar-beauty-balm\/","og_site_name":"Dutch Health Store","article_publisher":"https:\/\/www.instagram.com\/dutchhealthstore\/","article_modified_time":"2026-01-29T13:07:27+00:00","og_image":[{"width":500,"height":500,"url":"https:\/\/dutchhealthstore.com\/wp-content\/uploads\/2018\/02\/Night_Nectar_Beauty-Balm_Living_Libations.jpg","type":"image\/jpeg"}],"twitter_card":"summary_large_image","twitter_misc":{"Verf\u00fcgbarkeit":"ausverkauft"},"schema":{"@context":"https:\/\/schema.org","@graph":[{"@type":"WebPage","@id":"https:\/\/dutchhealthstore.com\/de\/product\/night-nectar-beauty-balm\/","url":"https:\/\/dutchhealthstore.com\/de\/product\/night-nectar-beauty-balm\/","name":"Night Nectar Beauty Balm | Living Libations","isPartOf":{"@id":"https:\/\/dutchhealthstore.com\/de\/#website"},"primaryImageOfPage":{"@id":"https:\/\/dutchhealthstore.com\/de\/product\/night-nectar-beauty-balm\/#primaryimage"},"image":{"@id":"https:\/\/dutchhealthstore.com\/de\/product\/night-nectar-beauty-balm\/#primaryimage"},"thumbnailUrl":"https:\/\/dutchhealthstore.com\/wp-content\/uploads\/2018\/02\/Night_Nectar_Beauty-Balm_Living_Libations.jpg","datePublished":"2020-05-19T13:40:55+00:00","dateModified":"2026-01-29T13:07:27+00:00","description":"W\u00e4hrend Sie die Tr\u00e4ume des Mondes genie\u00dfen, h\u00fcllen Sie Ihren Teint in den Genuss des Living Libations opulent Night Nectar Beauty Balm.","breadcrumb":{"@id":"https:\/\/dutchhealthstore.com\/de\/product\/night-nectar-beauty-balm\/#breadcrumb"},"inLanguage":"de","potentialAction":[{"@type":"ReadAction","target":["https:\/\/dutchhealthstore.com\/de\/product\/night-nectar-beauty-balm\/"]}]},{"@type":"ImageObject","inLanguage":"de","@id":"https:\/\/dutchhealthstore.com\/de\/product\/night-nectar-beauty-balm\/#primaryimage","url":"https:\/\/dutchhealthstore.com\/wp-content\/uploads\/2018\/02\/Night_Nectar_Beauty-Balm_Living_Libations.jpg","contentUrl":"https:\/\/dutchhealthstore.com\/wp-content\/uploads\/2018\/02\/Night_Nectar_Beauty-Balm_Living_Libations.jpg","width":500,"height":500},{"@type":"BreadcrumbList","@id":"https:\/\/dutchhealthstore.com\/de\/product\/night-nectar-beauty-balm\/#breadcrumb","itemListElement":[{"@type":"ListItem","position":1,"name":"Home","item":"https:\/\/dutchhealthstore.com\/de\/"},{"@type":"ListItem","position":2,"name":"Shop","item":"https:\/\/dutchhealthstore.com\/de\/shop-2\/"},{"@type":"ListItem","position":3,"name":"Night Nectar Beauty Balm"}]},{"@type":"WebSite","@id":"https:\/\/dutchhealthstore.com\/de\/#website","url":"https:\/\/dutchhealthstore.com\/de\/","name":"Dutch Health Store","description":"Enhance Your Beauty with Organic &amp; Natural Skincare","publisher":{"@id":"https:\/\/dutchhealthstore.com\/de\/#organization"},"potentialAction":[{"@type":"SearchAction","target":{"@type":"EntryPoint","urlTemplate":"https:\/\/dutchhealthstore.com\/de\/?s={search_term_string}"},"query-input":{"@type":"PropertyValueSpecification","valueRequired":true,"valueName":"search_term_string"}}],"inLanguage":"de"},{"@type":"Organization","@id":"https:\/\/dutchhealthstore.com\/de\/#organization","name":"Dutch Health Store","url":"https:\/\/dutchhealthstore.com\/de\/","logo":{"@type":"ImageObject","inLanguage":"de","@id":"https:\/\/dutchhealthstore.com\/de\/#\/schema\/logo\/image\/","url":"https:\/\/dutchhealthstore.com\/wp-content\/uploads\/2020\/08\/logo-dutchhealthstore-jpg-e1599484957574.jpg","contentUrl":"https:\/\/dutchhealthstore.com\/wp-content\/uploads\/2020\/08\/logo-dutchhealthstore-jpg-e1599484957574.jpg","width":400,"height":62,"caption":"Dutch Health Store"},"image":{"@id":"https:\/\/dutchhealthstore.com\/de\/#\/schema\/logo\/image\/"},"sameAs":["https:\/\/www.instagram.com\/dutchhealthstore\/","https:\/\/www.facebook.com\/dutchhealthstore"]}]},"product_brand":"Living Libations","og_availability":"out of stock","product_availability":"out of stock","product_condition":"new"},"_links":{"self":[{"href":"https:\/\/dutchhealthstore.com\/de\/wp-json\/wp\/v2\/product\/103195","targetHints":{"allow":["GET"]}}],"collection":[{"href":"https:\/\/dutchhealthstore.com\/de\/wp-json\/wp\/v2\/product"}],"about":[{"href":"https:\/\/dutchhealthstore.com\/de\/wp-json\/wp\/v2\/types\/product"}],"replies":[{"embeddable":true,"href":"https:\/\/dutchhealthstore.com\/de\/wp-json\/wp\/v2\/comments?post=103195"}],"wp:featuredmedia":[{"embeddable":true,"href":"https:\/\/dutchhealthstore.com\/de\/wp-json\/wp\/v2\/media\/30665"}],"wp:attachment":[{"href":"https:\/\/dutchhealthstore.com\/de\/wp-json\/wp\/v2\/media?parent=103195"}],"wp:term":[{"taxonomy":"product_brand","embeddable":true,"href":"https:\/\/dutchhealthstore.com\/de\/wp-json\/wp\/v2\/product_brand?post=103195"},{"taxonomy":"product_cat","embeddable":true,"href":"https:\/\/dutchhealthstore.com\/de\/wp-json\/wp\/v2\/product_cat?post=103195"},{"taxonomy":"product_tag","embeddable":true,"href":"https:\/\/dutchhealthstore.com\/de\/wp-json\/wp\/v2\/product_tag?post=103195"}],"curies":[{"name":"wp","href":"https:\/\/api.w.org\/{rel}","templated":true}]}}