{"id":69993,"date":"2019-09-02T08:53:10","date_gmt":"2019-09-02T08:53:10","guid":{"rendered":"https:\/\/dutchhealthstore.com\/?page_id=69993"},"modified":"2020-08-31T12:40:22","modified_gmt":"2020-08-31T12:40:22","slug":"versandinformationen","status":"publish","type":"page","link":"https:\/\/dutchhealthstore.com\/de\/versandinformationen\/","title":{"rendered":"Versandinformationen"},"content":{"rendered":"\n\n\t<section class=\"section\" id=\"section_1429833910\">\n\t\t<div class=\"section-bg fill\" >\n\t\t\t\t\t\t\t\t\t\n\t\t\t\n\n\t\t<\/div>\n\n\t\t\n\n\t\t<div class=\"section-content relative\">\n\t\t\t\n\n\n  <div class=\"banner has-hover\" id=\"banner-1882877841\">\n          <div class=\"banner-inner fill\">\n        <div class=\"banner-bg fill\" >\n            <img fetchpriority=\"high\" decoding=\"async\" width=\"1020\" height=\"226\" src=\"https:\/\/dutchhealthstore.com\/wp-content\/uploads\/2019\/08\/Shipping-Information-Dutch-Health-Store-Organic-and-Natural.jpg\" class=\"bg attachment-large size-large\" alt=\"Shipping Information - Dutch Health Store - Organic and Natural\" \/>                                    \n                    <\/div>\n\t\t\n        <div class=\"banner-layers container\">\n            <a class=\"fill\" href=\"https:\/\/dutchhealthstore.com\/\" ><div class=\"fill banner-link\"><\/div><\/a>            \n\n   <div id=\"text-box-1369781995\" class=\"text-box banner-layer x50 md-x50 lg-x50 y50 md-y50 lg-y50 res-text\">\n                                <div class=\"text-box-content text dark\">\n              \n              <div class=\"text-inner text-center\">\n                  \n\n\n              <\/div>\n           <\/div>\n                            \n<style>\n#text-box-1369781995 {\n  width: 60%;\n}\n#text-box-1369781995 .text-box-content {\n  font-size: 100%;\n}\n@media (min-width:550px) {\n  #text-box-1369781995 {\n    width: 60%;\n  }\n}\n<\/style>\n    <\/div>\n \n\n        <\/div>\n      <\/div>\n\n            \n<style>\n#banner-1882877841 {\n  padding-top: 300px;\n}\n<\/style>\n  <\/div>\n\n\n<div class=\"row\"  id=\"row-899181770\">\n\n\n\t<div id=\"col-409241574\" class=\"col small-12 large-12\"  >\n\t\t\t\t<div class=\"col-inner text-center\"  >\n\t\t\t\n\t\t\t\n\n<h1 style=\"text-align: center;\">&nbsp;<\/h1>\n<h1 style=\"text-align: center;\"><span style=\"color: #282828; font-family: sangbleuisun; font-size: 120%;\"><span style=\"font-family: Georgia, Palatino;\">VERSANDINFORMATIONEN<\/span><\/span><\/h1>\n<p><img decoding=\"async\" class=\"wp-image-66131 aligncenter\" src=\"https:\/\/dutchhealthstore.com\/wp-content\/uploads\/2019\/08\/Translate-Duits-Automatische-Vertaling.png\" alt=\"\" width=\"200\" height=\"20\"><\/p>\n<a href=\"https:\/\/dutchhealthstore.com\/\" class=\"button primary is-shade is-small lowercase\"  >\n\t\t<span>Home<\/span>\n\t<i class=\"icon-angle-right\" aria-hidden=\"true\" ><\/i><\/a>\n\n\n<a href=\"https:\/\/dutchhealthstore.com\/client-care-order-information\/\" class=\"button primary is-shade is-small lowercase\"  >\n\t\t<span>Urspr\u00fcngliche Seite<\/span>\n\t<i class=\"icon-angle-right\" aria-hidden=\"true\" ><\/i><\/a>\n\n\n<p>Bestellungen werden innerhalb von 3 (drei) Werktagen nach Auftragserteilung versandt. <br>Alle Artikel werden mit viel Liebe und unter Verwendung hochwertigster Prozesse und Zutaten hergestellt.<\/p>\n\n\t\t<\/div>\n\t\t\t\t\t<\/div>\n\n\t\n\n<\/div>\n\n\t\t<\/div>\n\n\t\t\n<style>\n#section_1429833910 {\n  padding-top: 0px;\n  padding-bottom: 0px;\n}\n<\/style>\n\t<\/section>\n\t\n\n\t<section class=\"section\" id=\"section_521531445\">\n\t\t<div class=\"section-bg fill\" >\n\t\t\t\t\t\t\t\t\t\n\t\t\t\n\n\t\t<\/div>\n\n\t\t\n\n\t\t<div class=\"section-content relative\">\n\t\t\t\n\n<div class=\"row\"  id=\"row-214121239\">\n\n\n\t<div id=\"col-231022301\" class=\"col medium-4 small-12 large-4\"  >\n\t\t\t\t<div class=\"col-inner\"  >\n\t\t\t\n\t\t\t\n\n<h3 style=\"text-align: left;\">DHL EXPRESS<\/h3>\n<ul style=\"text-align: left;\">\n<li>On-Demand-Bereitstellung (<a href=\"https:\/\/youtu.be\/1ZYIseY6ai8\" target=\"_blank\" rel=\"noopener noreferrer\">Video &gt;&gt;<\/a>)<\/li>\n<li>Schnellste Lieferung<\/li>\n<\/ul>\n<p style=\"text-align: left;\"><strong>\u20ac 18.00 | 1 Tag<\/strong><\/p>\n<ul>\n<li style=\"text-align: left;\">Voraussichtliche Lieferzeit nach dem Versand<\/li>\n<li style=\"text-align: left;\">In Werktagen<\/li>\n<\/ul>\n\n\t\t<\/div>\n\t\t\t\t\t<\/div>\n\n\t\n\n\t<div id=\"col-150267295\" class=\"col medium-4 small-12 large-4\"  >\n\t\t\t\t<div class=\"col-inner\"  >\n\t\t\t\n\t\t\t\n\n<h3 style=\"text-align: left;\">DHL EXPRESS<\/h3>\n<ul style=\"text-align: left;\">\n<li>On-Demand-Bereitstellung (<a href=\"https:\/\/youtu.be\/1ZYIseY6ai8\" target=\"_blank\" rel=\"noopener noreferrer\">Video &gt;&gt;<\/a>)<\/li>\n<li>Express<\/li>\n<\/ul>\n<p style=\"text-align: left;\"><strong>\u20ac 10.00 | 2-3 Tagen<\/strong><\/p>\n<ul>\n<li style=\"text-align: left;\">Voraussichtliche Lieferzeit nach dem Versand<\/li>\n<li>In Werktagen<\/li>\n<\/ul>\n\n\t\t<\/div>\n\t\t\t\t\t<\/div>\n\n\t\n\n\t<div id=\"col-311186671\" class=\"col medium-4 small-12 large-4\"  >\n\t\t\t\t<div class=\"col-inner\"  >\n\t\t\t\n\t\t\t\n\n<h3 style=\"text-align: left;\">DPD<\/h3>\n<p style=\"text-align: left;\"><strong>\u20ac 7.50<\/strong><strong>&nbsp;| 2-4 Tagen<\/strong><\/p>\n<ul>\n<li style=\"text-align: left;\">Voraussichtliche Lieferzeit nach dem Versand<\/li>\n<li>In Werktagen<\/li>\n<\/ul>\n\n\t\t<\/div>\n\t\t\t\t\t<\/div>\n\n\t\n\n<\/div>\n\n\t\t<\/div>\n\n\t\t\n<style>\n#section_521531445 {\n  padding-top: 30px;\n  padding-bottom: 30px;\n  background-color: rgb(248, 243, 239);\n}\n<\/style>\n\t<\/section>\n\t\n\n\t<section class=\"section\" id=\"section_283013021\">\n\t\t<div class=\"section-bg fill\" >\n\t\t\t\t\t\t\t\t\t\n\t\t\t\n\n\t\t<\/div>\n\n\t\t\n\n\t\t<div class=\"section-content relative\">\n\t\t\t\n\n<div class=\"row\"  id=\"row-1417418393\">\n\n\n\t<div id=\"col-2003746562\" class=\"col medium-6 small-12 large-6\"  >\n\t\t\t\t<div class=\"col-inner\"  >\n\t\t\t\n\t\t\t\n\n<h2 style=\"text-align: left;\"><span style=\"font-family: Georgia, Palatino;\">SPEDITIONSLIEFERUNG<\/span><\/h2>\n<p><strong>Mit DHL Express oder DPD<\/strong><br>Sie erhalten vom Zustellkurier eine Track- und Trace-Nummer.<\/p>\n<p><strong>Was ist der voraussichtliche Liefertermin?<\/strong><br>Dies ist das Datum, an dem der Kurier erwartet, dass Ihr Paket zum Zeitpunkt der Buchung zugestellt wird. <br>Es ist nur ein gesch\u00e4tztes Datum und garantiert nicht, dass Ihr Paket an diesem Tag zugestellt wird.<\/p>\n\n\t\t<\/div>\n\t\t\t\t\t<\/div>\n\n\t\n\n\t<div id=\"col-1871028051\" class=\"col medium-6 small-12 large-6\"  >\n\t\t\t\t<div class=\"col-inner\"  >\n\t\t\t\n\t\t\t\n\n<h2 style=\"text-align: left;\"><span style=\"font-family: Georgia, Palatino;\">DHL EXPRESS ON DEMAND LIEFERUNG<\/span><\/h2>\n<p><strong>W\u00e4hlen Sie, wohin und wann DHL Express Ihr Paket liefert!<\/strong> <br>DHL On Demand Delivery (ODD) bietet dem Empf\u00e4nger viele flexible Zustelloptionen.<\/p>\n<div class=\"video video-fit mb\" style=\"padding-top:56.25%;\"><iframe title=\"DHL EXPRESS ON DEMAND DELIVERY | Dutch Health Store\" width=\"1020\" height=\"574\" src=\"https:\/\/www.youtube.com\/embed\/1ZYIseY6ai8?feature=oembed\" frameborder=\"0\" allow=\"accelerometer; autoplay; encrypted-media; gyroscope; picture-in-picture\" allowfullscreen><\/iframe><\/div>\n\n\n\t\t<\/div>\n\t\t\t\t\t<\/div>\n\n\t\n\n<\/div>\n\n\t\t<\/div>\n\n\t\t\n<style>\n#section_283013021 {\n  padding-top: 30px;\n  padding-bottom: 30px;\n}\n<\/style>\n\t<\/section>\n\t\n\n\t<section class=\"section\" id=\"section_1893811734\">\n\t\t<div class=\"section-bg fill\" >\n\t\t\t\t\t\t\t\t\t\n\t\t\t\n\n\t\t<\/div>\n\n\t\t\n\n\t\t<div class=\"section-content relative\">\n\t\t\t\n\n<div class=\"row\"  id=\"row-572331019\">\n\n\n\t<div id=\"col-596273596\" class=\"col medium-7 small-12 large-7\"  >\n\t\t\t\t<div class=\"col-inner text-left\"  >\n\t\t\t\n\t\t\t\n\n<h2><span style=\"font-family: Georgia, Palatino;\">KUNDENBETREUUNG<\/span><\/h2>\n<p><strong>Es freut uns, Sie als Kunden begr\u00fc\u00dfen zu d\u00fcrfen.<\/strong><br>Haben Sie Fragen? Z\u00f6gern Sie nicht, mich zu kontaktieren!<br>Ich bin hier, um alle Ihre Fragen zu beantworten und Sie zu beraten. <br>Es ist mir ein Vergn\u00fcgen, Ihnen zu helfen.<br>Viel Spa\u00df beim Einkaufen bei uns!<\/p>\n<p>Herzliche Gr\u00fc\u00dfe,<br>\u223c <a href=\"\/?p=16711\">Wilma<\/a><\/p>\n<p>Tel: +31 &nbsp;65 19 32 905<br>E-mail: <a href=\"mailto:info@dutchhealthstore.com\">info@dutchhealthstore.com<\/a><\/p>\n<p>Eekstraat 12<br>8375 HN Oldemarkt<br>Die Niederlande<\/p>\n<a href=\"mailto:info@dutchhealthstore.com\" class=\"button alert is-small lowercase\"  style=\"border-radius:10px;\">\n\t\t<span>Contact Us<\/span>\n\t<i class=\"icon-angle-right\" aria-hidden=\"true\" ><\/i><\/a>\n\n\n\n\t\t<\/div>\n\t\t\t\t\t<\/div>\n\n\t\n\n\t<div id=\"col-1499076179\" class=\"col medium-5 small-12 large-5\"  >\n\t\t\t\t<div class=\"col-inner\"  >\n\t\t\t\n\t\t\t\n\n<h1><span style=\"font-family: Georgia, Palatino;\">SERVICIO CLIENTE FRANCIA<\/span><\/h1>\n<p><strong>N&#8217;h\u00e9sitez pas \u00e0 prendre contact avec moi!<\/strong><br>Je suis l\u00e0 pour r\u00e9pondre \u00e0 toutes vos questions et vous donner du conseil. Souhaitez-vous savoir plus sur un produit ou est-ce que vous ne savez pas du tout quel produit choisir? Vous attendez le colis et vous voulez avoir les d\u00e9tails de la livraison? Je suis \u00e0 votre disposition pour toute aide!<\/p>\n<p>\u223c <a href=\"\/?p=65737\">Joerien<\/a><\/p>\n<p>Contactez-moi par e-mail:<br>E-mail : <a href=\"mailto:francais@dutchhealthstore.com\">francais@dutchhealthstore.com<\/a><br>Je vous r\u00e9ponds au plus vite.<\/p>\n<p>Contactez-moi par t\u00e9l\u00e9phone:<br>T\u00e9l : +31 61 88 74 41 5<br>Je suis disponible par t\u00e9l\u00e9phone le vendredi entre 08:30 et 16:00.<\/p>\n<a href=\"mailto:francais@dutchhealthstore.com\" class=\"button alert is-small lowercase\"  style=\"border-radius:10px;\">\n\t\t<span>E-mail<\/span>\n\t<i class=\"icon-angle-right\" aria-hidden=\"true\" ><\/i><\/a>\n\n\n\n\t\t<\/div>\n\t\t\t\t\t<\/div>\n\n\t\n\n<\/div>\n\n\t\t<\/div>\n\n\t\t\n<style>\n#section_1893811734 {\n  padding-top: 30px;\n  padding-bottom: 30px;\n  background-color: rgb(248, 243, 239);\n}\n<\/style>\n\t<\/section>\n\t\n\n\t<section class=\"section\" id=\"section_456288094\">\n\t\t<div class=\"section-bg fill\" >\n\t\t\t\t\t\t\t\t\t\n\t\t\t\n\n\t\t<\/div>\n\n\t\t\n\n\t\t<div class=\"section-content relative\">\n\t\t\t\n\n<p><\/p>\n\n\t\t<\/div>\n\n\t\t\n<style>\n#section_456288094 {\n  padding-top: 30px;\n  padding-bottom: 30px;\n}\n<\/style>\n\t<\/section>\n\t\n","protected":false},"excerpt":{"rendered":"","protected":false},"author":2,"featured_media":67417,"parent":0,"menu_order":0,"comment_status":"closed","ping_status":"closed","template":"page-blank.php","meta":{"footnotes":""},"class_list":["post-69993","page","type-page","status-publish","has-post-thumbnail","hentry"],"yoast_head":"<!-- This site is optimized with the Yoast SEO Premium plugin v26.5 (Yoast SEO v26.5) - https:\/\/yoast.com\/wordpress\/plugins\/seo\/ -->\n<title>Versandinformationen | Dutch Health Store Deutschland<\/title>\n<meta name=\"description\" content=\"Bestellungen werden innerhalb von 3 (drei) Werktagen nach Auftragserteilung versandt. Alle Artikel werden mit viel Liebe und unter Verwendung hochwertigster Prozesse und Zutaten hergestellt.\" \/>\n<meta name=\"robots\" content=\"index, follow, max-snippet:-1, max-image-preview:large, max-video-preview:-1\" \/>\n<link rel=\"canonical\" href=\"https:\/\/dutchhealthstore.com\/de\/versandinformationen\/\" \/>\n<meta property=\"og:locale\" content=\"de_DE\" \/>\n<meta property=\"og:type\" content=\"article\" \/>\n<meta property=\"og:title\" content=\"Versandinformationen\" \/>\n<meta property=\"og:description\" content=\"Bestellungen werden innerhalb von 3 (drei) Werktagen nach Auftragserteilung versandt. Alle Artikel werden mit viel Liebe und unter Verwendung hochwertigster Prozesse und Zutaten hergestellt.\" \/>\n<meta property=\"og:url\" content=\"https:\/\/dutchhealthstore.com\/de\/versandinformationen\/\" \/>\n<meta property=\"og:site_name\" content=\"Dutch Health Store\" \/>\n<meta property=\"article:publisher\" content=\"https:\/\/www.instagram.com\/dutchhealthstore\/\" \/>\n<meta property=\"article:modified_time\" content=\"2020-08-31T12:40:22+00:00\" \/>\n<meta property=\"og:image\" content=\"https:\/\/dutchhealthstore.com\/wp-content\/uploads\/2019\/08\/Shipping-Information-Dutch-Health-Store-Organic-and-Natural.jpg\" \/>\n\t<meta property=\"og:image:width\" content=\"1200\" \/>\n\t<meta property=\"og:image:height\" content=\"266\" \/>\n\t<meta property=\"og:image:type\" content=\"image\/jpeg\" \/>\n<meta name=\"twitter:card\" content=\"summary_large_image\" \/>\n<meta name=\"twitter:label1\" content=\"Gesch\u00e4tzte Lesezeit\" \/>\n\t<meta name=\"twitter:data1\" content=\"2\u00a0Minuten\" \/>\n<script type=\"application\/ld+json\" class=\"yoast-schema-graph\">{\"@context\":\"https:\/\/schema.org\",\"@graph\":[{\"@type\":\"WebPage\",\"@id\":\"https:\/\/dutchhealthstore.com\/de\/versandinformationen\/\",\"url\":\"https:\/\/dutchhealthstore.com\/de\/versandinformationen\/\",\"name\":\"Versandinformationen | Dutch Health Store Deutschland\",\"isPartOf\":{\"@id\":\"https:\/\/dutchhealthstore.com\/de\/#website\"},\"primaryImageOfPage\":{\"@id\":\"https:\/\/dutchhealthstore.com\/de\/versandinformationen\/#primaryimage\"},\"image\":{\"@id\":\"https:\/\/dutchhealthstore.com\/de\/versandinformationen\/#primaryimage\"},\"thumbnailUrl\":\"https:\/\/dutchhealthstore.com\/wp-content\/uploads\/2019\/08\/Shipping-Information-Dutch-Health-Store-Organic-and-Natural.jpg\",\"datePublished\":\"2019-09-02T08:53:10+00:00\",\"dateModified\":\"2020-08-31T12:40:22+00:00\",\"description\":\"Bestellungen werden innerhalb von 3 (drei) Werktagen nach Auftragserteilung versandt. Alle Artikel werden mit viel Liebe und unter Verwendung hochwertigster Prozesse und Zutaten hergestellt.\",\"breadcrumb\":{\"@id\":\"https:\/\/dutchhealthstore.com\/de\/versandinformationen\/#breadcrumb\"},\"inLanguage\":\"de\",\"potentialAction\":[{\"@type\":\"ReadAction\",\"target\":[\"https:\/\/dutchhealthstore.com\/de\/versandinformationen\/\"]}]},{\"@type\":\"ImageObject\",\"inLanguage\":\"de\",\"@id\":\"https:\/\/dutchhealthstore.com\/de\/versandinformationen\/#primaryimage\",\"url\":\"https:\/\/dutchhealthstore.com\/wp-content\/uploads\/2019\/08\/Shipping-Information-Dutch-Health-Store-Organic-and-Natural.jpg\",\"contentUrl\":\"https:\/\/dutchhealthstore.com\/wp-content\/uploads\/2019\/08\/Shipping-Information-Dutch-Health-Store-Organic-and-Natural.jpg\",\"width\":1200,\"height\":266,\"caption\":\"Shipping Information - Dutch Health Store - Organic and Natural\"},{\"@type\":\"BreadcrumbList\",\"@id\":\"https:\/\/dutchhealthstore.com\/de\/versandinformationen\/#breadcrumb\",\"itemListElement\":[{\"@type\":\"ListItem\",\"position\":1,\"name\":\"Home\",\"item\":\"https:\/\/dutchhealthstore.com\/de\/\"},{\"@type\":\"ListItem\",\"position\":2,\"name\":\"Versandinformationen\"}]},{\"@type\":\"WebSite\",\"@id\":\"https:\/\/dutchhealthstore.com\/de\/#website\",\"url\":\"https:\/\/dutchhealthstore.com\/de\/\",\"name\":\"Dutch Health Store\",\"description\":\"Enhance Your Beauty with Organic &amp; Natural Skincare\",\"publisher\":{\"@id\":\"https:\/\/dutchhealthstore.com\/de\/#organization\"},\"potentialAction\":[{\"@type\":\"SearchAction\",\"target\":{\"@type\":\"EntryPoint\",\"urlTemplate\":\"https:\/\/dutchhealthstore.com\/de\/?s={search_term_string}\"},\"query-input\":{\"@type\":\"PropertyValueSpecification\",\"valueRequired\":true,\"valueName\":\"search_term_string\"}}],\"inLanguage\":\"de\"},{\"@type\":\"Organization\",\"@id\":\"https:\/\/dutchhealthstore.com\/de\/#organization\",\"name\":\"Dutch Health Store\",\"url\":\"https:\/\/dutchhealthstore.com\/de\/\",\"logo\":{\"@type\":\"ImageObject\",\"inLanguage\":\"de\",\"@id\":\"https:\/\/dutchhealthstore.com\/de\/#\/schema\/logo\/image\/\",\"url\":\"https:\/\/dutchhealthstore.com\/wp-content\/uploads\/2020\/08\/logo-dutchhealthstore-jpg-e1599484957574.jpg\",\"contentUrl\":\"https:\/\/dutchhealthstore.com\/wp-content\/uploads\/2020\/08\/logo-dutchhealthstore-jpg-e1599484957574.jpg\",\"width\":400,\"height\":62,\"caption\":\"Dutch Health Store\"},\"image\":{\"@id\":\"https:\/\/dutchhealthstore.com\/de\/#\/schema\/logo\/image\/\"},\"sameAs\":[\"https:\/\/www.instagram.com\/dutchhealthstore\/\",\"https:\/\/www.facebook.com\/dutchhealthstore\"]}]}<\/script>\n<!-- \/ Yoast SEO Premium plugin. -->","yoast_head_json":{"title":"Versandinformationen | Dutch Health Store Deutschland","description":"Bestellungen werden innerhalb von 3 (drei) Werktagen nach Auftragserteilung versandt. Alle Artikel werden mit viel Liebe und unter Verwendung hochwertigster Prozesse und Zutaten hergestellt.","robots":{"index":"index","follow":"follow","max-snippet":"max-snippet:-1","max-image-preview":"max-image-preview:large","max-video-preview":"max-video-preview:-1"},"canonical":"https:\/\/dutchhealthstore.com\/de\/versandinformationen\/","og_locale":"de_DE","og_type":"article","og_title":"Versandinformationen","og_description":"Bestellungen werden innerhalb von 3 (drei) Werktagen nach Auftragserteilung versandt. Alle Artikel werden mit viel Liebe und unter Verwendung hochwertigster Prozesse und Zutaten hergestellt.","og_url":"https:\/\/dutchhealthstore.com\/de\/versandinformationen\/","og_site_name":"Dutch Health Store","article_publisher":"https:\/\/www.instagram.com\/dutchhealthstore\/","article_modified_time":"2020-08-31T12:40:22+00:00","og_image":[{"width":1200,"height":266,"url":"https:\/\/dutchhealthstore.com\/wp-content\/uploads\/2019\/08\/Shipping-Information-Dutch-Health-Store-Organic-and-Natural.jpg","type":"image\/jpeg"}],"twitter_card":"summary_large_image","twitter_misc":{"Gesch\u00e4tzte Lesezeit":"2\u00a0Minuten"},"schema":{"@context":"https:\/\/schema.org","@graph":[{"@type":"WebPage","@id":"https:\/\/dutchhealthstore.com\/de\/versandinformationen\/","url":"https:\/\/dutchhealthstore.com\/de\/versandinformationen\/","name":"Versandinformationen | Dutch Health Store Deutschland","isPartOf":{"@id":"https:\/\/dutchhealthstore.com\/de\/#website"},"primaryImageOfPage":{"@id":"https:\/\/dutchhealthstore.com\/de\/versandinformationen\/#primaryimage"},"image":{"@id":"https:\/\/dutchhealthstore.com\/de\/versandinformationen\/#primaryimage"},"thumbnailUrl":"https:\/\/dutchhealthstore.com\/wp-content\/uploads\/2019\/08\/Shipping-Information-Dutch-Health-Store-Organic-and-Natural.jpg","datePublished":"2019-09-02T08:53:10+00:00","dateModified":"2020-08-31T12:40:22+00:00","description":"Bestellungen werden innerhalb von 3 (drei) Werktagen nach Auftragserteilung versandt. Alle Artikel werden mit viel Liebe und unter Verwendung hochwertigster Prozesse und Zutaten hergestellt.","breadcrumb":{"@id":"https:\/\/dutchhealthstore.com\/de\/versandinformationen\/#breadcrumb"},"inLanguage":"de","potentialAction":[{"@type":"ReadAction","target":["https:\/\/dutchhealthstore.com\/de\/versandinformationen\/"]}]},{"@type":"ImageObject","inLanguage":"de","@id":"https:\/\/dutchhealthstore.com\/de\/versandinformationen\/#primaryimage","url":"https:\/\/dutchhealthstore.com\/wp-content\/uploads\/2019\/08\/Shipping-Information-Dutch-Health-Store-Organic-and-Natural.jpg","contentUrl":"https:\/\/dutchhealthstore.com\/wp-content\/uploads\/2019\/08\/Shipping-Information-Dutch-Health-Store-Organic-and-Natural.jpg","width":1200,"height":266,"caption":"Shipping Information - Dutch Health Store - Organic and Natural"},{"@type":"BreadcrumbList","@id":"https:\/\/dutchhealthstore.com\/de\/versandinformationen\/#breadcrumb","itemListElement":[{"@type":"ListItem","position":1,"name":"Home","item":"https:\/\/dutchhealthstore.com\/de\/"},{"@type":"ListItem","position":2,"name":"Versandinformationen"}]},{"@type":"WebSite","@id":"https:\/\/dutchhealthstore.com\/de\/#website","url":"https:\/\/dutchhealthstore.com\/de\/","name":"Dutch Health Store","description":"Enhance Your Beauty with Organic &amp; Natural Skincare","publisher":{"@id":"https:\/\/dutchhealthstore.com\/de\/#organization"},"potentialAction":[{"@type":"SearchAction","target":{"@type":"EntryPoint","urlTemplate":"https:\/\/dutchhealthstore.com\/de\/?s={search_term_string}"},"query-input":{"@type":"PropertyValueSpecification","valueRequired":true,"valueName":"search_term_string"}}],"inLanguage":"de"},{"@type":"Organization","@id":"https:\/\/dutchhealthstore.com\/de\/#organization","name":"Dutch Health Store","url":"https:\/\/dutchhealthstore.com\/de\/","logo":{"@type":"ImageObject","inLanguage":"de","@id":"https:\/\/dutchhealthstore.com\/de\/#\/schema\/logo\/image\/","url":"https:\/\/dutchhealthstore.com\/wp-content\/uploads\/2020\/08\/logo-dutchhealthstore-jpg-e1599484957574.jpg","contentUrl":"https:\/\/dutchhealthstore.com\/wp-content\/uploads\/2020\/08\/logo-dutchhealthstore-jpg-e1599484957574.jpg","width":400,"height":62,"caption":"Dutch Health Store"},"image":{"@id":"https:\/\/dutchhealthstore.com\/de\/#\/schema\/logo\/image\/"},"sameAs":["https:\/\/www.instagram.com\/dutchhealthstore\/","https:\/\/www.facebook.com\/dutchhealthstore"]}]}},"_links":{"self":[{"href":"https:\/\/dutchhealthstore.com\/de\/wp-json\/wp\/v2\/pages\/69993","targetHints":{"allow":["GET"]}}],"collection":[{"href":"https:\/\/dutchhealthstore.com\/de\/wp-json\/wp\/v2\/pages"}],"about":[{"href":"https:\/\/dutchhealthstore.com\/de\/wp-json\/wp\/v2\/types\/page"}],"author":[{"embeddable":true,"href":"https:\/\/dutchhealthstore.com\/de\/wp-json\/wp\/v2\/users\/2"}],"replies":[{"embeddable":true,"href":"https:\/\/dutchhealthstore.com\/de\/wp-json\/wp\/v2\/comments?post=69993"}],"version-history":[{"count":0,"href":"https:\/\/dutchhealthstore.com\/de\/wp-json\/wp\/v2\/pages\/69993\/revisions"}],"wp:featuredmedia":[{"embeddable":true,"href":"https:\/\/dutchhealthstore.com\/de\/wp-json\/wp\/v2\/media\/67417"}],"wp:attachment":[{"href":"https:\/\/dutchhealthstore.com\/de\/wp-json\/wp\/v2\/media?parent=69993"}],"curies":[{"name":"wp","href":"https:\/\/api.w.org\/{rel}","templated":true}]}}